{"id":18812,"date":"2024-04-01T04:43:36","date_gmt":"2024-04-01T04:43:36","guid":{"rendered":"https:\/\/babyvk.com\/?post_type=product&#038;p=18812"},"modified":"2025-09-08T17:04:15","modified_gmt":"2025-09-08T17:04:15","slug":"baby-potty-training-toilet-seat","status":"publish","type":"product","link":"https:\/\/babyvk.com\/es\/product\/baby-potty-training-toilet-seat\/","title":{"rendered":"Asiento orinal para ni\u00f1os"},"content":{"rendered":"<div data-elementor-type=\"product-post\" data-elementor-id=\"18812\" class=\"elementor elementor-18812\" data-elementor-post-type=\"product\">\n\t\t\t\t\t\t<section class=\"wd-negative-gap elementor-section elementor-top-section elementor-element elementor-element-50a32d3 elementor-section-boxed elementor-section-height-default elementor-section-height-default\" data-id=\"50a32d3\" data-element_type=\"section\">\n\t\t\t\t\t\t<div class=\"elementor-container elementor-column-gap-default\">\n\t\t\t\t\t<div class=\"elementor-column elementor-col-100 elementor-top-column elementor-element elementor-element-d225230\" data-id=\"d225230\" data-element_type=\"column\">\n\t\t\t<div class=\"elementor-widget-wrap elementor-element-populated\">\n\t\t\t\t\t\t<div class=\"elementor-element elementor-element-7a826b9 elementor-widget elementor-widget-wd_image_or_svg\" data-id=\"7a826b9\" data-element_type=\"widget\" data-widget_type=\"wd_image_or_svg.default\">\n\t\t\t\t<div class=\"elementor-widget-container\">\n\t\t\t\t\t\n\t\t<div class=\"wd-image text-left\">\n\t\t\t\t\t\t\t\t<img fetchpriority=\"high\" decoding=\"async\" width=\"970\" height=\"600\" src=\"https:\/\/babyvk.com\/wp-content\/uploads\/2024\/04\/Potty-Training-Seat-for-Kids-1.webp\" class=\"attachment-full size-full wvs-archive-product-image\" alt=\"Asiento orinal para ni\u00f1os\" srcset=\"https:\/\/babyvk.com\/wp-content\/uploads\/2024\/04\/Potty-Training-Seat-for-Kids-1.webp 970w, https:\/\/babyvk.com\/wp-content\/uploads\/2024\/04\/Potty-Training-Seat-for-Kids-1-30x19.webp 30w, https:\/\/babyvk.com\/wp-content\/uploads\/2024\/04\/Potty-Training-Seat-for-Kids-1-400x247.webp 400w, https:\/\/babyvk.com\/wp-content\/uploads\/2024\/04\/Potty-Training-Seat-for-Kids-1-768x475.webp 768w, https:\/\/babyvk.com\/wp-content\/uploads\/2024\/04\/Potty-Training-Seat-for-Kids-1-860x532.webp 860w, https:\/\/babyvk.com\/wp-content\/uploads\/2024\/04\/Potty-Training-Seat-for-Kids-1-500x309.webp 500w, https:\/\/babyvk.com\/wp-content\/uploads\/2024\/04\/Potty-Training-Seat-for-Kids-1-430x266.webp 430w, https:\/\/babyvk.com\/wp-content\/uploads\/2024\/04\/Potty-Training-Seat-for-Kids-1-700x433.webp 700w\" sizes=\"(max-width: 970px) 100vw, 970px\" title=\"\">\t\t\t\t\t<\/div>\n\n\t\t\t\t\t\t<\/div>\n\t\t\t\t<\/div>\n\t\t\t\t<div class=\"elementor-element elementor-element-8bd5746 elementor-widget elementor-widget-wd_text_block\" data-id=\"8bd5746\" data-element_type=\"widget\" data-widget_type=\"wd_text_block.default\">\n\t\t\t\t<div class=\"elementor-widget-container\">\n\t\t\t\t\t\t\t<div class=\"wd-text-block reset-last-child text-left\">\n\t\t\t\n\t\t\t<h2>Caracter\u00edsticas:<\/h2><ol><li>Este asiento orinal est\u00e1 dise\u00f1ado con un coj\u00edn blando desmontable.<\/li><li>El respaldo y la protecci\u00f3n contra salpicaduras est\u00e1n elevados para proporcionar el m\u00e1ximo confort y evitar eficazmente los derrames, manteni\u00e9ndola limpia y ordenada.<\/li><li>El asiento del inodoro de entrenamiento est\u00e1 fabricado con material PP de alta calidad y respetuoso con el medio ambiente, con una superficie duradera y lisa, f\u00e1cil de limpiar y sin BPA.<\/li><li>Hay dos plataformas giratorias ajustables bajo el anillo del asiento, que se adaptan a casi todos los inodoros est\u00e1ndar (excepto los inodoros cuadrados e inteligentes). La instalaci\u00f3n solo lleva unos segundos.<\/li><li>Este asiento orinal es adecuado para beb\u00e9s de 1 a 8 a\u00f1os, y sirve tanto para ni\u00f1os como para ni\u00f1as.<\/li><\/ol>\n\t\t\t\t\t<\/div>\n\t\t\t\t\t\t<\/div>\n\t\t\t\t<\/div>\n\t\t\t\t<div class=\"elementor-element elementor-element-24b9299 elementor-widget elementor-widget-wd_text_block\" data-id=\"24b9299\" data-element_type=\"widget\" data-widget_type=\"wd_text_block.default\">\n\t\t\t\t<div class=\"elementor-widget-container\">\n\t\t\t\t\t\t\t<div class=\"wd-text-block reset-last-child text-left\">\n\t\t\t\n\t\t\t<h2>Especificaciones:<\/h2><ul><li>Color: rosa, verde, azul<\/li><li>Material: Polipropileno (PP)<\/li><li>Forma: Oval<\/li><li>Tama\u00f1o: 4 \"L x 3 \"W<\/li><li>Edad adecuada: de 1 a 8 a\u00f1os<\/li><\/ul>\n\t\t\t\t\t<\/div>\n\t\t\t\t\t\t<\/div>\n\t\t\t\t<\/div>\n\t\t\t\t<div class=\"elementor-element elementor-element-ba1763d elementor-widget elementor-widget-wd_image_or_svg\" data-id=\"ba1763d\" data-element_type=\"widget\" data-widget_type=\"wd_image_or_svg.default\">\n\t\t\t\t<div class=\"elementor-widget-container\">\n\t\t\t\t\t\n\t\t<div class=\"wd-image text-left\">\n\t\t\t\t\t\t\t\t<img decoding=\"async\" width=\"970\" height=\"600\" src=\"https:\/\/babyvk.com\/wp-content\/uploads\/2024\/04\/Toddler-Toilet-Seat-for-Boys-Girls.webp\" class=\"attachment-full size-full wvs-archive-product-image\" alt=\"Toddler Toilet Seat for Boys Girls\" srcset=\"https:\/\/babyvk.com\/wp-content\/uploads\/2024\/04\/Toddler-Toilet-Seat-for-Boys-Girls.webp 970w, https:\/\/babyvk.com\/wp-content\/uploads\/2024\/04\/Toddler-Toilet-Seat-for-Boys-Girls-30x19.webp 30w, https:\/\/babyvk.com\/wp-content\/uploads\/2024\/04\/Toddler-Toilet-Seat-for-Boys-Girls-400x247.webp 400w, https:\/\/babyvk.com\/wp-content\/uploads\/2024\/04\/Toddler-Toilet-Seat-for-Boys-Girls-768x475.webp 768w, https:\/\/babyvk.com\/wp-content\/uploads\/2024\/04\/Toddler-Toilet-Seat-for-Boys-Girls-860x532.webp 860w, https:\/\/babyvk.com\/wp-content\/uploads\/2024\/04\/Toddler-Toilet-Seat-for-Boys-Girls-500x309.webp 500w, https:\/\/babyvk.com\/wp-content\/uploads\/2024\/04\/Toddler-Toilet-Seat-for-Boys-Girls-430x266.webp 430w, https:\/\/babyvk.com\/wp-content\/uploads\/2024\/04\/Toddler-Toilet-Seat-for-Boys-Girls-700x433.webp 700w\" sizes=\"(max-width: 970px) 100vw, 970px\" title=\"\">\t\t\t\t\t<\/div>\n\n\t\t\t\t\t\t<\/div>\n\t\t\t\t<\/div>\n\t\t\t\t\t<\/div>\n\t\t<\/div>\n\t\t\t\t\t<\/div>\n\t\t<\/section>\n\t\t\t\t<\/div>","protected":false},"excerpt":{"rendered":"<p>&#8220;<strong>\u00bfBuscas una forma m\u00e1s f\u00e1cil de ense\u00f1ar a tu beb\u00e9 a ir al ba\u00f1o?<\/strong> Pruebe nuestro orinal para ni\u00f1os Desp\u00eddete de los accidentes y da la bienvenida a un entrenamiento sin estr\u00e9s. Compre ahora con env\u00edo gratuito y obtenga 30% de descuento\".<\/p>","protected":false},"featured_media":18837,"comment_status":"open","ping_status":"closed","template":"","meta":{"_acf_changed":false},"product_brand":[],"product_cat":[29],"product_tag":[796,738,795,794,793],"class_list":{"0":"post-18812","1":"product","2":"type-product","3":"status-publish","4":"has-post-thumbnail","6":"product_cat-best-baby-care","7":"product_tag-baby-toilet-seat","8":"product_tag-potty-training-seat","9":"product_tag-potty-training-seat-for-kids","10":"product_tag-potty-training-toilet-seat","11":"product_tag-toilet-training-seat-for-toddlers","13":"first","14":"instock","15":"sale","16":"taxable","17":"shipping-taxable","18":"purchasable","19":"product-type-variable","20":"wvs-archive-product-wrapper"},"acf":[],"_links":{"self":[{"href":"https:\/\/babyvk.com\/es\/wp-json\/wp\/v2\/product\/18812","targetHints":{"allow":["GET"]}}],"collection":[{"href":"https:\/\/babyvk.com\/es\/wp-json\/wp\/v2\/product"}],"about":[{"href":"https:\/\/babyvk.com\/es\/wp-json\/wp\/v2\/types\/product"}],"replies":[{"embeddable":true,"href":"https:\/\/babyvk.com\/es\/wp-json\/wp\/v2\/comments?post=18812"}],"version-history":[{"count":0,"href":"https:\/\/babyvk.com\/es\/wp-json\/wp\/v2\/product\/18812\/revisions"}],"wp:featuredmedia":[{"embeddable":true,"href":"https:\/\/babyvk.com\/es\/wp-json\/wp\/v2\/media\/18837"}],"wp:attachment":[{"href":"https:\/\/babyvk.com\/es\/wp-json\/wp\/v2\/media?parent=18812"}],"wp:term":[{"taxonomy":"product_brand","embeddable":true,"href":"https:\/\/babyvk.com\/es\/wp-json\/wp\/v2\/product_brand?post=18812"},{"taxonomy":"product_cat","embeddable":true,"href":"https:\/\/babyvk.com\/es\/wp-json\/wp\/v2\/product_cat?post=18812"},{"taxonomy":"product_tag","embeddable":true,"href":"https:\/\/babyvk.com\/es\/wp-json\/wp\/v2\/product_tag?post=18812"}],"curies":[{"name":"wp","href":"https:\/\/api.w.org\/{rel}","templated":true}]}}