{"id":16550,"date":"2023-11-30T18:50:09","date_gmt":"2023-11-30T18:50:09","guid":{"rendered":"https:\/\/babyvk.com\/?post_type=product&#038;p=16550"},"modified":"2026-04-16T15:19:20","modified_gmt":"2026-04-16T15:19:20","slug":"potty-training-seat-with-steps-stool","status":"publish","type":"product","link":"https:\/\/babyvk.com\/es\/product\/potty-training-seat-with-steps-stool\/","title":{"rendered":"Asiento orinal con taburete Steps"},"content":{"rendered":"<div data-elementor-type=\"product-post\" data-elementor-id=\"16550\" class=\"elementor elementor-16550\" data-elementor-post-type=\"product\">\n\t\t\t\t\t\t<section class=\"elementor-section elementor-top-section elementor-element elementor-element-2b82f04 elementor-section-boxed elementor-section-height-default elementor-section-height-default\" data-id=\"2b82f04\" data-element_type=\"section\">\n\t\t\t\t\t\t<div class=\"elementor-container elementor-column-gap-default\">\n\t\t\t\t\t<div class=\"elementor-column elementor-col-100 elementor-top-column elementor-element elementor-element-9d0bcff\" data-id=\"9d0bcff\" data-element_type=\"column\">\n\t\t\t<div class=\"elementor-widget-wrap elementor-element-populated\">\n\t\t\t\t\t\t<div class=\"elementor-element elementor-element-47d823f elementor-widget elementor-widget-wd_text_block\" data-id=\"47d823f\" data-element_type=\"widget\" data-widget_type=\"wd_text_block.default\">\n\t\t\t\t<div class=\"elementor-widget-container\">\n\t\t\t\t\t\t\t<div class=\"wd-text-block reset-last-child text-left\">\n\t\t\t\n\t\t\t<h2>Caracter\u00edsticas:<\/h2><ol><li data-spm-anchor-id=\"a2g0o.detail.1000023.i0.530bSLkQSLkQmc\"><strong>Antideslizante y sin sacudidas:<\/strong> El dise\u00f1o de la almohadilla de goma antideslizante TPE en la parte posterior e inferior de la escalera se ajusta firmemente al inodoro. El dise\u00f1o antideslizante de gran superficie es m\u00e1s fiable para los padres. La escalera antideslizante ensanchada facilita el giro de los beb\u00e9s.<\/li><li data-spm-anchor-id=\"a2g0o.detail.1000023.i0.530bSLkQSLkQmc\"><strong>Ajuste de \u00e1ngulo y altura:<\/strong> El asiento orinal de 5 niveles con escalera puede ajustarse flexiblemente en altura seg\u00fan el crecimiento del beb\u00e9. El dise\u00f1o de \u00e1ngulo inferior ajustable garantiza que sea adecuado para inodoros de tama\u00f1o normal de 15'' a 19,3''.<\/li><li data-spm-anchor-id=\"a2g0o.detail.1000023.i0.530bSLkQSLkQmc\"><strong>Coj\u00edn de PU de primera calidad:<\/strong> En comparaci\u00f3n con el coj\u00edn de PVC, el coj\u00edn de PU integrado es m\u00e1s f\u00e1cil de limpiar. Hecho de material PP, el asiento del orinal con escalera se mantiene fuerte incluso despu\u00e9s de un uso repetido.<\/li><li data-spm-anchor-id=\"a2g0o.detail.1000023.i0.530bSLkQSLkQmc\"><strong>Dise\u00f1o de detalles \u00edntimos:<\/strong> El asiento orinal est\u00e1 equipado con reposabrazos suaves, que se adaptan a la curvatura de la mano del beb\u00e9. El recogedor de pip\u00ed est\u00e1 dise\u00f1ado para ni\u00f1os y ni\u00f1as de 1 a 7 a\u00f1os para evitar eficazmente las salpicaduras de orina. El respaldo de dise\u00f1o ergon\u00f3mico protege la columna vertebral del beb\u00e9.<\/li><li data-spm-anchor-id=\"a2g0o.detail.1000023.i0.530bSLkQSLkQmc\"><strong>Kids Potty Training Helper:<\/strong> Este orinal trainning asiento de inodoro de dise\u00f1o con escalera taburete que es f\u00e1cil para los ni\u00f1os peque\u00f1os subir y bajar, ayudar a formar un h\u00e1bito de independencia inodoro. 5-engranaje de altura para ajustar de acuerdo a los ni\u00f1os y el cambio de altura del inodoro.<\/li><li data-spm-anchor-id=\"a2g0o.detail.1000023.i0.530bSLkQSLkQmc\"><strong>Protecci\u00f3n de seguridad adicional a\u00f1adida:<\/strong> 1) El dise\u00f1o antideslizante del pedal en lugar de la almohadilla del suelo, a\u00f1ade m\u00e1s agarre a la parte inferior para que el asiento se mantenga m\u00e1s estable y seguro. 2) Antideslizante de silicona impermeable estera de dise\u00f1o en el pedal de paso permiten a los ni\u00f1os se dan la vuelta de seguridad.<\/li><li data-spm-anchor-id=\"a2g0o.detail.1000023.i0.530bSLkQSLkQmc\"><strong>M\u00e1s seguro y estable:<\/strong> Equipado con respaldo ergon\u00f3mico para proteger la espina dorsal del ni\u00f1o, el reposabrazos doble proporciona al ni\u00f1o un agarre m\u00e1s fiable, protegiendo al beb\u00e9 contra ca\u00eddas accidentales.<\/li><li data-spm-anchor-id=\"a2g0o.detail.1000023.i0.530bSLkQSLkQmc\"><strong>Duradero y c\u00f3modo:<\/strong> Fabricado principalmente con PP de primera calidad que soporta f\u00e1cilmente hasta 75 kg. El coj\u00edn acolchado PU desmontable suave ofrece una gran comodidad incluso en invierno fr\u00edo, aslo la superficie smoth hacer que se limpie sin problemas.<\/li><li data-spm-anchor-id=\"a2g0o.detail.1000023.i0.530bSLkQSLkQmc\"><strong>Pliegue para guardar:<\/strong> Este orinal para ni\u00f1os peque\u00f1os es f\u00e1cil de montar siguiendo las instrucciones del usuario. Despu\u00e9s de su uso, el asiento se puede plegar de forma compacta detr\u00e1s de la puerta\/pared para ahorrar espacio.<\/li><\/ol>\n\t\t\t\t\t<\/div>\n\t\t\t\t\t\t<\/div>\n\t\t\t\t<\/div>\n\t\t\t\t\t<\/div>\n\t\t<\/div>\n\t\t\t\t\t<\/div>\n\t\t<\/section>\n\t\t\t\t<section class=\"wd-negative-gap elementor-section elementor-top-section elementor-element elementor-element-8624a0c elementor-section-boxed elementor-section-height-default elementor-section-height-default\" data-id=\"8624a0c\" data-element_type=\"section\">\n\t\t\t\t\t\t<div class=\"elementor-container elementor-column-gap-default\">\n\t\t\t\t\t<div class=\"elementor-column elementor-col-100 elementor-top-column elementor-element elementor-element-6838323\" data-id=\"6838323\" data-element_type=\"column\">\n\t\t\t<div class=\"elementor-widget-wrap elementor-element-populated\">\n\t\t\t\t\t\t<div class=\"elementor-element elementor-element-f7cb203 wd-width-100 elementor-widget elementor-widget-wd_title\" data-id=\"f7cb203\" data-element_type=\"widget\" data-widget_type=\"wd_title.default\">\n\t\t\t\t<div class=\"elementor-widget-container\">\n\t\t\t\t\t\t\t<div class=\"title-wrapper wd-set-mb reset-last-child wd-title-color-default wd-title-style-default wd-title-size-default text-center\">\n\n\t\t\t\t\t\t\t\t\t\t\t<div class=\"title-subtitle subtitle-color-default subtitle-style-default wd-fontsize-xs\">\n\t\t\t\t\tVEA NUESTRO VERDADERO ESPECT\u00c1CULO\t\t\t\t<\/div>\n\t\t\t\n\t\t\t<div class=\"liner-continer\">\n\t\t\t\t<h4 class=\"woodmart-title-container title wd-fontsize-l\">Nuestro breve v\u00eddeo<\/h4> \n\t\t\t\t\t\t\t<\/div>\n\n\t\t\t\t\t\t\t<div class=\"title-after_title reset-last-child wd-fontsize-xs\">\n\t\t\t\t\t<p>Muestra la escena de uso del producto, te permite conocer m\u00e1s detalles.<\/p>\t\t\t\t<\/div>\n\t\t\t\t\t<\/div>\n\t\t\t\t\t\t<\/div>\n\t\t\t\t<\/div>\n\t\t\t\t<div class=\"elementor-element elementor-element-9c1c840 elementor-widget elementor-widget-wd_testimonials\" data-id=\"9c1c840\" data-element_type=\"widget\" data-widget_type=\"wd_testimonials.default\">\n\t\t\t\t<div class=\"elementor-widget-container\">\n\t\t\t\t\t\t\t<div class=\"testimonials testimon-style-standard  color-scheme- testimon-align-center wd-carousel-container\" id=\"carousel-5498\">\n\t\t\t\t\t\t\t<div class=\"wd-carousel-inner\">\n\t\t\t\n\t\t\t<div class=\"wd-carousel wd-grid\" data-scroll_per_page=\"yes\" style=\"--wd-col-lg:2;--wd-col-md:2;--wd-col-sm:1;--wd-gap-lg:30px;--wd-gap-sm:10px;\">\n\t\t\t\t\t\t\t\t\t<div class=\"wd-carousel-wrap\">\n\t\t\t\t\n\t\t\t\t\t\t\t\t\t\n<div class=\"testimonial wd-carousel-item\">\n\t<div class=\"testimonial-inner\">\n\t\t\n\t\t<div class=\"testimonial-content\">\n\t\t\t<div class=\"testimonial-rating\">\n\t\t\t\t<span class=\"star-rating\">\n\t\t\t\t\t<span style=\"width:100%\"><\/span>\n\t\t\t\t<\/span>\n\t\t\t<\/div>\n\n\t\t\t<p><iframe  id=\"_ytid_56986\"  width=\"800\" height=\"450\"  data-origwidth=\"800\" data-origheight=\"450\"  data-relstop=\"1\" src=\"https:\/\/www.youtube.com\/embed\/pURYQg4VmaU?enablejsapi=1&autoplay=0&cc_load_policy=1&cc_lang_pref=&iv_load_policy=3&loop=0&rel=0&fs=1&playsinline=0&autohide=2&theme=dark&color=red&controls=1&disablekb=0&\" class=\"__youtube_prefs__  no-lazyload\" title=\"Reproductor de YouTube\"  allow=\"fullscreen; accelerometer; autoplay; clipboard-write; encrypted-media; gyroscope; picture-in-picture; web-share\" referrerpolicy=\"strict-origin-when-cross-origin\" allowfullscreen data-no-lazy=\"1\" data-skipgform_ajax_framebjll=\"\"><\/iframe><\/p>\n\t\t\t<footer>\n\t\t\t\t\n\t\t\t\t\t\t\t<\/footer>\n\t\t<\/div>\n\t<\/div>\n<\/div>\t\t\t\t\t\t\t\t\t\n<div class=\"testimonial wd-carousel-item\">\n\t<div class=\"testimonial-inner\">\n\t\t\n\t\t<div class=\"testimonial-content\">\n\t\t\t<div class=\"testimonial-rating\">\n\t\t\t\t<span class=\"star-rating\">\n\t\t\t\t\t<span style=\"width:100%\"><\/span>\n\t\t\t\t<\/span>\n\t\t\t<\/div>\n\n\t\t\t<p><iframe  id=\"_ytid_99595\"  width=\"800\" height=\"450\"  data-origwidth=\"800\" data-origheight=\"450\"  data-relstop=\"1\" src=\"https:\/\/www.youtube.com\/embed\/kknTQjxmvo0?enablejsapi=1&autoplay=0&cc_load_policy=1&cc_lang_pref=&iv_load_policy=3&loop=0&rel=0&fs=1&playsinline=0&autohide=2&theme=dark&color=red&controls=1&disablekb=0&\" class=\"__youtube_prefs__  no-lazyload\" title=\"Reproductor de YouTube\"  allow=\"fullscreen; accelerometer; autoplay; clipboard-write; encrypted-media; gyroscope; picture-in-picture; web-share\" referrerpolicy=\"strict-origin-when-cross-origin\" allowfullscreen data-no-lazy=\"1\" data-skipgform_ajax_framebjll=\"\"><\/iframe><\/p>\n\t\t\t<footer>\n\t\t\t\t\n\t\t\t\t\t\t\t<\/footer>\n\t\t<\/div>\n\t<\/div>\n<\/div>\t\t\t\t\t\t\t\t\t\n<div class=\"testimonial wd-carousel-item\">\n\t<div class=\"testimonial-inner\">\n\t\t\n\t\t<div class=\"testimonial-content\">\n\t\t\t<div class=\"testimonial-rating\">\n\t\t\t\t<span class=\"star-rating\">\n\t\t\t\t\t<span style=\"width:100%\"><\/span>\n\t\t\t\t<\/span>\n\t\t\t<\/div>\n\n\t\t\t<p><iframe  id=\"_ytid_46814\"  width=\"800\" height=\"450\"  data-origwidth=\"800\" data-origheight=\"450\"  data-relstop=\"1\" src=\"https:\/\/www.youtube.com\/embed\/Djzz1lIOSH4?enablejsapi=1&autoplay=0&cc_load_policy=1&cc_lang_pref=&iv_load_policy=3&loop=0&rel=0&fs=1&playsinline=0&autohide=2&theme=dark&color=red&controls=1&disablekb=0&\" class=\"__youtube_prefs__  no-lazyload\" title=\"Reproductor de YouTube\"  allow=\"fullscreen; accelerometer; autoplay; clipboard-write; encrypted-media; gyroscope; picture-in-picture; web-share\" referrerpolicy=\"strict-origin-when-cross-origin\" allowfullscreen data-no-lazy=\"1\" data-skipgform_ajax_framebjll=\"\"><\/iframe><\/p>\n\t\t\t<footer>\n\t\t\t\t\n\t\t\t\t\t\t\t<\/footer>\n\t\t<\/div>\n\t<\/div>\n<\/div>\t\t\t\t\t\t\t\t\t\n<div class=\"testimonial wd-carousel-item\">\n\t<div class=\"testimonial-inner\">\n\t\t\n\t\t<div class=\"testimonial-content\">\n\t\t\t<div class=\"testimonial-rating\">\n\t\t\t\t<span class=\"star-rating\">\n\t\t\t\t\t<span style=\"width:100%\"><\/span>\n\t\t\t\t<\/span>\n\t\t\t<\/div>\n\n\t\t\t<p><iframe  id=\"_ytid_16237\"  width=\"800\" height=\"450\"  data-origwidth=\"800\" data-origheight=\"450\"  data-relstop=\"1\" src=\"https:\/\/www.youtube.com\/embed\/EVNzByXWjh4?enablejsapi=1&autoplay=0&cc_load_policy=1&cc_lang_pref=&iv_load_policy=3&loop=0&rel=0&fs=1&playsinline=0&autohide=2&theme=dark&color=red&controls=1&disablekb=0&\" class=\"__youtube_prefs__  no-lazyload\" title=\"Reproductor de YouTube\"  allow=\"fullscreen; accelerometer; autoplay; clipboard-write; encrypted-media; gyroscope; picture-in-picture; web-share\" referrerpolicy=\"strict-origin-when-cross-origin\" allowfullscreen data-no-lazy=\"1\" data-skipgform_ajax_framebjll=\"\"><\/iframe><\/p>\n\t\t\t<footer>\n\t\t\t\t\n\t\t\t\t\t\t\t<\/footer>\n\t\t<\/div>\n\t<\/div>\n<\/div>\t\t\t\t\t\t\t\t\t\n<div class=\"testimonial wd-carousel-item\">\n\t<div class=\"testimonial-inner\">\n\t\t\n\t\t<div class=\"testimonial-content\">\n\t\t\t<div class=\"testimonial-rating\">\n\t\t\t\t<span class=\"star-rating\">\n\t\t\t\t\t<span style=\"width:100%\"><\/span>\n\t\t\t\t<\/span>\n\t\t\t<\/div>\n\n\t\t\t<p><iframe  id=\"_ytid_18217\"  width=\"800\" height=\"450\"  data-origwidth=\"800\" data-origheight=\"450\"  data-relstop=\"1\" src=\"https:\/\/www.youtube.com\/embed\/NxPaz_NPM5U?enablejsapi=1&autoplay=0&cc_load_policy=1&cc_lang_pref=&iv_load_policy=3&loop=0&rel=0&fs=1&playsinline=0&autohide=2&theme=dark&color=red&controls=1&disablekb=0&\" class=\"__youtube_prefs__  no-lazyload\" title=\"Reproductor de YouTube\"  allow=\"fullscreen; accelerometer; autoplay; clipboard-write; encrypted-media; gyroscope; picture-in-picture; web-share\" referrerpolicy=\"strict-origin-when-cross-origin\" allowfullscreen data-no-lazy=\"1\" data-skipgform_ajax_framebjll=\"\"><\/iframe><\/p>\n\t\t\t<footer>\n\t\t\t\t\n\t\t\t\t\t\t\t<\/footer>\n\t\t<\/div>\n\t<\/div>\n<\/div>\t\t\t\t\n\t\t\t\t\t\t\t\t\t<\/div>\n\t\t\t\t\t\t\t<\/div>\n\t\t\t\t\t\t\t\t\t\t\t\t\t\t<div class=\"wd-nav-arrows wd-pos-sep wd-hover-1 wd-icon-1\">\n\t\t\t<div class=\"wd-btn-arrow wd-prev wd-disabled\">\n\t\t\t\t<div class=\"wd-arrow-inner\"><\/div>\n\t\t\t<\/div>\n\t\t\t<div class=\"wd-btn-arrow wd-next\">\n\t\t\t\t<div class=\"wd-arrow-inner\"><\/div>\n\t\t\t<\/div>\n\t\t<\/div>\n\t\t\t\t\t\t\n\t\t\t\t<\/div>\n\n\t\t\t\t\t\t<div class=\"wd-nav-pagin-wrap text-center wd-style-shape wd-hide-md-sm wd-hide-sm\">\n\t\t\t<ul class=\"wd-nav-pagin\"><\/ul>\n\t\t<\/div>\n\t\t\t\t\t\t\t\t\t\t\t<\/div>\n\t\t\t\t\t\t<\/div>\n\t\t\t\t<\/div>\n\t\t\t\t\t<\/div>\n\t\t<\/div>\n\t\t\t\t\t<\/div>\n\t\t<\/section>\n\t\t\t\t<\/div>","protected":false},"excerpt":{"rendered":"<p>&#8220;<strong>\u00bfTe cuesta aprender a ir al ba\u00f1o?<\/strong> \u00a1Descubra nuestro Asiento orinal con taburete Steps! Resuelve f\u00e1cilmente los retos del aprendizaje para ir al ba\u00f1o de los ni\u00f1os peque\u00f1os. Compre ahora con env\u00edo gratuito y obtenga 30% DE DESCUENTO\".<\/p>","protected":false},"featured_media":16547,"comment_status":"open","ping_status":"closed","template":"","meta":{"_acf_changed":false},"product_brand":[],"product_cat":[29],"product_tag":[740,741,738,737,739],"class_list":{"0":"post-16550","1":"product","2":"type-product","3":"status-publish","4":"has-post-thumbnail","6":"product_cat-best-baby-care","7":"product_tag-baby-toilet-step","8":"product_tag-kids-toilet-steps","9":"product_tag-potty-training-seat","10":"product_tag-potty-training-step","11":"product_tag-toilet-training-seat-with-steps","13":"first","14":"instock","15":"sale","16":"taxable","17":"shipping-taxable","18":"purchasable","19":"product-type-variable","20":"wvs-archive-product-wrapper"},"acf":[],"_links":{"self":[{"href":"https:\/\/babyvk.com\/es\/wp-json\/wp\/v2\/product\/16550","targetHints":{"allow":["GET"]}}],"collection":[{"href":"https:\/\/babyvk.com\/es\/wp-json\/wp\/v2\/product"}],"about":[{"href":"https:\/\/babyvk.com\/es\/wp-json\/wp\/v2\/types\/product"}],"replies":[{"embeddable":true,"href":"https:\/\/babyvk.com\/es\/wp-json\/wp\/v2\/comments?post=16550"}],"version-history":[{"count":2,"href":"https:\/\/babyvk.com\/es\/wp-json\/wp\/v2\/product\/16550\/revisions"}],"predecessor-version":[{"id":25681,"href":"https:\/\/babyvk.com\/es\/wp-json\/wp\/v2\/product\/16550\/revisions\/25681"}],"wp:featuredmedia":[{"embeddable":true,"href":"https:\/\/babyvk.com\/es\/wp-json\/wp\/v2\/media\/16547"}],"wp:attachment":[{"href":"https:\/\/babyvk.com\/es\/wp-json\/wp\/v2\/media?parent=16550"}],"wp:term":[{"taxonomy":"product_brand","embeddable":true,"href":"https:\/\/babyvk.com\/es\/wp-json\/wp\/v2\/product_brand?post=16550"},{"taxonomy":"product_cat","embeddable":true,"href":"https:\/\/babyvk.com\/es\/wp-json\/wp\/v2\/product_cat?post=16550"},{"taxonomy":"product_tag","embeddable":true,"href":"https:\/\/babyvk.com\/es\/wp-json\/wp\/v2\/product_tag?post=16550"}],"curies":[{"name":"wp","href":"https:\/\/api.w.org\/{rel}","templated":true}]}}