{"id":16504,"date":"2023-11-29T16:55:07","date_gmt":"2023-11-29T16:55:07","guid":{"rendered":"https:\/\/babyvk.com\/?post_type=product&#038;p=16504"},"modified":"2025-03-10T20:03:31","modified_gmt":"2025-03-10T20:03:31","slug":"baby-medicine-dispenser-syringe","status":"publish","type":"product","link":"https:\/\/babyvk.com\/es\/product\/baby-medicine-dispenser-syringe\/","title":{"rendered":"Jeringa dispensadora de medicamentos para beb\u00e9s"},"content":{"rendered":"<div data-elementor-type=\"product-post\" data-elementor-id=\"16504\" class=\"elementor elementor-16504\" data-elementor-post-type=\"product\">\n\t\t\t\t\t\t<section class=\"elementor-section elementor-top-section elementor-element elementor-element-3ecc431 elementor-section-boxed elementor-section-height-default elementor-section-height-default\" data-id=\"3ecc431\" data-element_type=\"section\">\n\t\t\t\t\t\t<div class=\"elementor-container elementor-column-gap-default\">\n\t\t\t\t\t<div class=\"elementor-column elementor-col-100 elementor-top-column elementor-element elementor-element-756f26d\" data-id=\"756f26d\" data-element_type=\"column\">\n\t\t\t<div class=\"elementor-widget-wrap elementor-element-populated\">\n\t\t\t\t\t\t<div class=\"elementor-element elementor-element-f209006 elementor-widget elementor-widget-wd_text_block\" data-id=\"f209006\" data-element_type=\"widget\" data-widget_type=\"wd_text_block.default\">\n\t\t\t\t<div class=\"elementor-widget-container\">\n\t\t\t\t\t\t\t<div class=\"wd-text-block reset-last-child text-left\">\n\t\t\t\n\t\t\t<h2>Descripci\u00f3n:<\/h2><p>Simplifique el momento de la medicaci\u00f3n con nuestra jeringa dosificadora para beb\u00e9s. Se acabaron los derrames y las luchas, s\u00f3lo hay que dosificar con precisi\u00f3n. \u00a1Facilite la medicaci\u00f3n de su peque\u00f1o!<\/p>\n\t\t\t\t\t<\/div>\n\t\t\t\t\t\t<\/div>\n\t\t\t\t<\/div>\n\t\t\t\t<div class=\"elementor-element elementor-element-a88be35 elementor-widget elementor-widget-wd_text_block\" data-id=\"a88be35\" data-element_type=\"widget\" data-widget_type=\"wd_text_block.default\">\n\t\t\t\t<div class=\"elementor-widget-container\">\n\t\t\t\t\t\t\t<div class=\"wd-text-block reset-last-child text-left\">\n\t\t\t\n\t\t\t<h2>Caracter\u00edsticas:<\/h2><ol><li>Dosificaci\u00f3n precisa: Garantiza una administraci\u00f3n precisa gracias a las marcas calibradas de la jeringa.<\/li><li>Administraci\u00f3n segura: La punta de doble \u00e1ngulo dispersa la medicaci\u00f3n en las mejillas del ni\u00f1o, no en la parte posterior de la garganta, lo que reduce el riesgo de posibles atragantamientos.<\/li><li>F\u00e1cil de limpiar: Se desmonta y limpia sin esfuerzo, garantizando la higiene en cada uso.<\/li><li>Materiales seguros: Fabricado con materiales no t\u00f3xicos libres de Bisfenol A, garantizando la seguridad del beb\u00e9.<\/li><li>Uso vers\u00e1til: Adecuado para medicamentos orales, vitaminas e incluso formulaciones l\u00edquidas como jarabes.<\/li><\/ol>\n\t\t\t\t\t<\/div>\n\t\t\t\t\t\t<\/div>\n\t\t\t\t<\/div>\n\t\t\t\t<div class=\"elementor-element elementor-element-cf86358 elementor-widget elementor-widget-wd_text_block\" data-id=\"cf86358\" data-element_type=\"widget\" data-widget_type=\"wd_text_block.default\">\n\t\t\t\t<div class=\"elementor-widget-container\">\n\t\t\t\t\t\t\t<div class=\"wd-text-block reset-last-child text-left\">\n\t\t\t\n\t\t\t<h2>Especificaci\u00f3n:<\/h2><ul><li>Material: Silicona + PP<\/li><li>Talla: Longitud: 13cm\/5.12in<\/li><li>Anchura: 4,5 cm\/1,77 pulg.<\/li><li>Color: azul, rosa, blanco<\/li><li>Cantidad: 1 Pack Dispensador de medicamentos para beb\u00e9s<\/li><\/ul>\n\t\t\t\t\t<\/div>\n\t\t\t\t\t\t<\/div>\n\t\t\t\t<\/div>\n\t\t\t\t<div class=\"elementor-element elementor-element-533ad84 elementor-widget elementor-widget-wd_text_block\" data-id=\"533ad84\" data-element_type=\"widget\" data-widget_type=\"wd_text_block.default\">\n\t\t\t\t<div class=\"elementor-widget-container\">\n\t\t\t\t\t\t\t<div class=\"wd-text-block reset-last-child text-left\">\n\t\t\t\n\t\t\t<h2>Paquete:\u00a0<\/h2><ul><li>1 Jeringa dispensadora de medicamentos para beb\u00e9s<\/li><\/ul>\n\t\t\t\t\t<\/div>\n\t\t\t\t\t\t<\/div>\n\t\t\t\t<\/div>\n\t\t\t\t\t<\/div>\n\t\t<\/div>\n\t\t\t\t\t<\/div>\n\t\t<\/section>\n\t\t\t\t<\/div>","protected":false},"excerpt":{"rendered":"<p>&#8220;<strong>\u00bfBusca una forma sencilla de administrar los medicamentos del beb\u00e9?<\/strong> \u00a1Nuestra jeringa dispensadora de medicamentos para beb\u00e9s es la soluci\u00f3n! Administre medicamentos a su peque\u00f1o de forma segura y precisa. Comprar ahora para el env\u00edo libre y obtener 30% OFF!\"<\/p>","protected":false},"featured_media":16513,"comment_status":"open","ping_status":"closed","template":"","meta":{"_acf_changed":false},"product_brand":[],"product_cat":[29],"product_tag":[733,735,734,736],"class_list":{"0":"post-16504","1":"product","2":"type-product","3":"status-publish","4":"has-post-thumbnail","6":"product_cat-best-baby-care","7":"product_tag-baby-medicine-dispenser","8":"product_tag-baby-medicine-dropper","9":"product_tag-baby-medicine-syringe","10":"product_tag-infant-medicine-pacifier-dispenser","12":"first","13":"instock","14":"sale","15":"taxable","16":"shipping-taxable","17":"purchasable","18":"product-type-variable","19":"wvs-archive-product-wrapper"},"acf":[],"_links":{"self":[{"href":"https:\/\/babyvk.com\/es\/wp-json\/wp\/v2\/product\/16504","targetHints":{"allow":["GET"]}}],"collection":[{"href":"https:\/\/babyvk.com\/es\/wp-json\/wp\/v2\/product"}],"about":[{"href":"https:\/\/babyvk.com\/es\/wp-json\/wp\/v2\/types\/product"}],"replies":[{"embeddable":true,"href":"https:\/\/babyvk.com\/es\/wp-json\/wp\/v2\/comments?post=16504"}],"version-history":[{"count":0,"href":"https:\/\/babyvk.com\/es\/wp-json\/wp\/v2\/product\/16504\/revisions"}],"wp:featuredmedia":[{"embeddable":true,"href":"https:\/\/babyvk.com\/es\/wp-json\/wp\/v2\/media\/16513"}],"wp:attachment":[{"href":"https:\/\/babyvk.com\/es\/wp-json\/wp\/v2\/media?parent=16504"}],"wp:term":[{"taxonomy":"product_brand","embeddable":true,"href":"https:\/\/babyvk.com\/es\/wp-json\/wp\/v2\/product_brand?post=16504"},{"taxonomy":"product_cat","embeddable":true,"href":"https:\/\/babyvk.com\/es\/wp-json\/wp\/v2\/product_cat?post=16504"},{"taxonomy":"product_tag","embeddable":true,"href":"https:\/\/babyvk.com\/es\/wp-json\/wp\/v2\/product_tag?post=16504"}],"curies":[{"name":"wp","href":"https:\/\/api.w.org\/{rel}","templated":true}]}}