{"id":16205,"date":"2023-09-24T18:59:34","date_gmt":"2023-09-24T18:59:34","guid":{"rendered":"https:\/\/babyvk.com\/?post_type=product&#038;p=16205"},"modified":"2024-05-17T07:56:07","modified_gmt":"2024-05-17T07:56:07","slug":"plush-warm-baby-sock-shoes","status":"publish","type":"product","link":"https:\/\/babyvk.com\/es\/product\/plush-warm-baby-sock-shoes\/","title":{"rendered":"Calcetines de felpa para beb\u00e9"},"content":{"rendered":"<div data-elementor-type=\"product-post\" data-elementor-id=\"16205\" class=\"elementor elementor-16205\" data-elementor-post-type=\"product\">\n\t\t\t\t\t\t<section class=\"wd-negative-gap elementor-section elementor-top-section elementor-element elementor-element-83badd3 elementor-section-boxed elementor-section-height-default elementor-section-height-default\" data-id=\"83badd3\" data-element_type=\"section\">\n\t\t\t\t\t\t<div class=\"elementor-container elementor-column-gap-default\">\n\t\t\t\t\t<div class=\"elementor-column elementor-col-100 elementor-top-column elementor-element elementor-element-e03a348\" data-id=\"e03a348\" data-element_type=\"column\">\n\t\t\t<div class=\"elementor-widget-wrap elementor-element-populated\">\n\t\t\t\t\t\t<div class=\"elementor-element elementor-element-ef63482 elementor-widget elementor-widget-wd_text_block\" data-id=\"ef63482\" data-element_type=\"widget\" data-widget_type=\"wd_text_block.default\">\n\t\t\t\t<div class=\"elementor-widget-container\">\n\t\t\t\t\t\t\t<div class=\"wd-text-block reset-last-child text-left\">\n\t\t\t\n\t\t\t<div class=\"liner-continer\"><h4 class=\"woodmart-title-container title wd-fontsize-l\">Caracter\u00edsticas:<\/h4><\/div><div class=\"title-after_title set-cont-mb-s reset-last-child wd-fontsize-xs\"><p>Material: Hecho de material de alta calidad que es c\u00f3modo y transpirable, durable enought para su uso diario. Y es muy suave, c\u00f3modo, el\u00e1stico, ligero y se adapta a tu piel.<\/p><p>Estilo de dise\u00f1o: Zapatos de felpa para ni\u00f1os, ni\u00f1as y adolescentes.<\/p><p>Selecci\u00f3n de tallas: Por favor, mida la longitud de su pie y elija su talla seg\u00fan la tabla de tallas. Los pies anchos pueden necesitar pedir +1 talla.<\/p><p>Ideal para casual, diario, fiesta o sesi\u00f3n de fotos, tambi\u00e9n una gran idea para un beb\u00e9 regalos.<\/p><p>Servicio: Si tiene alguna pregunta, no dude en enviarnos un correo electr\u00f3nico. Responderemos sinceramente a sus preguntas y le deseamos una feliz compra.<\/p><\/div>\n\t\t\t\t\t<\/div>\n\t\t\t\t\t\t<\/div>\n\t\t\t\t<\/div>\n\t\t\t\t<div class=\"elementor-element elementor-element-f8c1832 elementor-widget elementor-widget-wd_text_block\" data-id=\"f8c1832\" data-element_type=\"widget\" data-widget_type=\"wd_text_block.default\">\n\t\t\t\t<div class=\"elementor-widget-container\">\n\t\t\t\t\t\t\t<div class=\"wd-text-block reset-last-child text-left\">\n\t\t\t\n\t\t\t<div class=\"liner-continer\"><h4 class=\"woodmart-title-container title wd-fontsize-l\">Especificaciones<\/h4><\/div><ul><li class=\"title-after_title set-cont-mb-s reset-last-child wd-fontsize-xs\">G\u00e9nero: Unisex Beb\u00e9<\/li><li class=\"title-after_title set-cont-mb-s reset-last-child wd-fontsize-xs\">Material de la pala del zapato: Algod\u00f3n<\/li><li class=\"title-after_title set-cont-mb-s reset-last-child wd-fontsize-xs\">Tipo de cierre: Deslizante<\/li><li class=\"title-after_title set-cont-mb-s reset-last-child wd-fontsize-xs\">Estilo: Casual,Moda,Fiesta<\/li><li class=\"title-after_title set-cont-mb-s reset-last-child wd-fontsize-xs\">Lo que obtienes: 1 par de zapatos<\/li><\/ul>\n\t\t\t\t\t<\/div>\n\t\t\t\t\t\t<\/div>\n\t\t\t\t<\/div>\n\t\t\t\t\t<\/div>\n\t\t<\/div>\n\t\t\t\t\t<\/div>\n\t\t<\/section>\n\t\t\t\t<\/div>","protected":false},"excerpt":{"rendered":"<p>&#8220;<strong>\u00bfBuscas el calor perfecto para los pies de tu peque\u00f1o?<\/strong> Presentamos 'Plush Warm Baby Sock Shoes'-la soluci\u00f3n ideal para que los deditos de los pies est\u00e9n calentitos haga el tiempo que haga. Compre ahora con env\u00edo gratuito y obtenga 30% DE DESCUENTO\".<\/p>","protected":false},"featured_media":16206,"comment_status":"open","ping_status":"closed","template":"","meta":{"_acf_changed":false},"product_brand":[],"product_cat":[32],"product_tag":[683,680,679,681,682],"class_list":{"0":"post-16205","1":"product","2":"type-product","3":"status-publish","4":"has-post-thumbnail","6":"product_cat-best-baby-clothing","7":"product_tag-baby-crawler-shoes","8":"product_tag-baby-shoes-for-newborn","9":"product_tag-baby-sock-shoes","10":"product_tag-baby-socks-with-shoes","11":"product_tag-newborn-baby-socks","13":"first","14":"instock","15":"sale","16":"taxable","17":"shipping-taxable","18":"purchasable","19":"product-type-variable","20":"wvs-archive-product-wrapper"},"acf":[],"_links":{"self":[{"href":"https:\/\/babyvk.com\/es\/wp-json\/wp\/v2\/product\/16205","targetHints":{"allow":["GET"]}}],"collection":[{"href":"https:\/\/babyvk.com\/es\/wp-json\/wp\/v2\/product"}],"about":[{"href":"https:\/\/babyvk.com\/es\/wp-json\/wp\/v2\/types\/product"}],"replies":[{"embeddable":true,"href":"https:\/\/babyvk.com\/es\/wp-json\/wp\/v2\/comments?post=16205"}],"version-history":[{"count":0,"href":"https:\/\/babyvk.com\/es\/wp-json\/wp\/v2\/product\/16205\/revisions"}],"wp:featuredmedia":[{"embeddable":true,"href":"https:\/\/babyvk.com\/es\/wp-json\/wp\/v2\/media\/16206"}],"wp:attachment":[{"href":"https:\/\/babyvk.com\/es\/wp-json\/wp\/v2\/media?parent=16205"}],"wp:term":[{"taxonomy":"product_brand","embeddable":true,"href":"https:\/\/babyvk.com\/es\/wp-json\/wp\/v2\/product_brand?post=16205"},{"taxonomy":"product_cat","embeddable":true,"href":"https:\/\/babyvk.com\/es\/wp-json\/wp\/v2\/product_cat?post=16205"},{"taxonomy":"product_tag","embeddable":true,"href":"https:\/\/babyvk.com\/es\/wp-json\/wp\/v2\/product_tag?post=16205"}],"curies":[{"name":"wp","href":"https:\/\/api.w.org\/{rel}","templated":true}]}}