{"id":15942,"date":"2023-07-24T17:12:45","date_gmt":"2023-07-24T17:12:45","guid":{"rendered":"https:\/\/babyvk.com\/?post_type=product&#038;p=15942"},"modified":"2025-03-10T20:03:33","modified_gmt":"2025-03-10T20:03:33","slug":"baby-panama-hat-sun-protection","status":"publish","type":"product","link":"https:\/\/babyvk.com\/es\/product\/baby-panama-hat-sun-protection\/","title":{"rendered":"Sombrero de Panam\u00e1 para beb\u00e9 Protecci\u00f3n solar"},"content":{"rendered":"<div data-elementor-type=\"product-post\" data-elementor-id=\"15942\" class=\"elementor elementor-15942\" data-elementor-post-type=\"product\">\n\t\t\t\t\t\t<section class=\"elementor-section elementor-top-section elementor-element elementor-element-19c208b elementor-section-boxed elementor-section-height-default elementor-section-height-default\" data-id=\"19c208b\" data-element_type=\"section\">\n\t\t\t\t\t\t<div class=\"elementor-container elementor-column-gap-default\">\n\t\t\t\t\t<div class=\"elementor-column elementor-col-100 elementor-top-column elementor-element elementor-element-6b967c0\" data-id=\"6b967c0\" data-element_type=\"column\">\n\t\t\t<div class=\"elementor-widget-wrap elementor-element-populated\">\n\t\t\t\t\t\t<div class=\"elementor-element elementor-element-2cf04dc elementor-widget elementor-widget-wd_text_block\" data-id=\"2cf04dc\" data-element_type=\"widget\" data-widget_type=\"wd_text_block.default\">\n\t\t\t\t<div class=\"elementor-widget-container\">\n\t\t\t\t\t\t\t<div class=\"wd-text-block reset-last-child text-left\">\n\t\t\t\n\t\t\t<p><strong>Descripci\u00f3n: <\/strong><\/p><p>Protege a tu peque\u00f1o de los rayos nocivos del sol con nuestra gorra Baby Panama Sun Hat. Su dise\u00f1o garantiza la m\u00e1xima comodidad y estilo, convirti\u00e9ndolo en el accesorio perfecto para los d\u00edas soleados. \u00a1Mant\u00e9n a tu beb\u00e9 seguro y adorable all\u00e1 donde vaya! \u2600\ufe0f\ud83d\udc76\ud83d\udc52<\/p>\n\t\t\t\t\t<\/div>\n\t\t\t\t\t\t<\/div>\n\t\t\t\t<\/div>\n\t\t\t\t<div class=\"elementor-element elementor-element-827d0fa elementor-widget elementor-widget-wd_text_block\" data-id=\"827d0fa\" data-element_type=\"widget\" data-widget_type=\"wd_text_block.default\">\n\t\t\t\t<div class=\"elementor-widget-container\">\n\t\t\t\t\t\t\t<div class=\"wd-text-block reset-last-child text-left\">\n\t\t\t\n\t\t\t<p><strong>Caracter\u00edsticas:<\/strong><\/p><ol><li>Protecci\u00f3n solar: Nuestros gorros para el sol ofrecen una protecci\u00f3n UV superior, salvaguardando la delicada piel de tu beb\u00e9.<\/li><li>Material transpirable: Fabricado con tejido ligero y transpirable, que garantiza un uso c\u00f3modo durante todo el d\u00eda.<\/li><li>Correa ajustable para la barbilla: Asegura que el gorro se mantenga en su sitio durante las aventuras al aire libre.<\/li><li>Dise\u00f1o elegante: Sombreros de Panam\u00e1 de moda vienen en varios colores para complementar cualquier atuendo.<\/li><li>C\u00f3modo de llevar y empaquetar: Dise\u00f1o plegable para un f\u00e1cil almacenamiento en bolsas de pa\u00f1ales o cochecitos.<\/li><\/ol>\n\t\t\t\t\t<\/div>\n\t\t\t\t\t\t<\/div>\n\t\t\t\t<\/div>\n\t\t\t\t<div class=\"elementor-element elementor-element-4c91f64 elementor-widget elementor-widget-wd_text_block\" data-id=\"4c91f64\" data-element_type=\"widget\" data-widget_type=\"wd_text_block.default\">\n\t\t\t\t<div class=\"elementor-widget-container\">\n\t\t\t\t\t\t\t<div class=\"wd-text-block reset-last-child text-left\">\n\t\t\t\n\t\t\t<p><strong>Especificaciones:<\/strong><\/p><ul><li>Nombre: Baby Panam\u00e1 sombrero de protecci\u00f3n solar<\/li><li>Material: Mezcla de algod\u00f3n y poli\u00e9ster<\/li><li>Tallas: 3-12 meses<\/li><li>Colores: Azul, Gris, Naranja, Rosa, Rojo, Blanco<\/li><\/ul><p><strong>Paquete:<\/strong><\/p><ul><li>1 Sombrero de Panam\u00e1 para beb\u00e9<\/li><\/ul>\n\t\t\t\t\t<\/div>\n\t\t\t\t\t\t<\/div>\n\t\t\t\t<\/div>\n\t\t\t\t<div class=\"elementor-element elementor-element-0942974 elementor-widget elementor-widget-wd_text_block\" data-id=\"0942974\" data-element_type=\"widget\" data-widget_type=\"wd_text_block.default\">\n\t\t\t\t<div class=\"elementor-widget-container\">\n\t\t\t\t\t\t\t<div class=\"wd-text-block reset-last-child text-left\">\n\t\t\t\n\t\t\t<p><strong>Precauciones:<\/strong><\/p><ol><li>Por favor, permita 1-3cm desviaci\u00f3n de medici\u00f3n debido a la medici\u00f3n manual.<\/li><li>Debido a los diferentes efectos de la luz y el monitor, el color real del art\u00edculo puede ser ligeramente diferente del color mostrado en las im\u00e1genes.<\/li><\/ol>\n\t\t\t\t\t<\/div>\n\t\t\t\t\t\t<\/div>\n\t\t\t\t<\/div>\n\t\t\t\t\t<\/div>\n\t\t<\/div>\n\t\t\t\t\t<\/div>\n\t\t<\/section>\n\t\t\t\t<\/div>","protected":false},"excerpt":{"rendered":"<p>&#8220;<strong>\u00bfBusca la protecci\u00f3n solar perfecta para su peque\u00f1o?<\/strong> Descubre nuestro Sombrero de Panam\u00e1 con Protecci\u00f3n Solar para Beb\u00e9s, la soluci\u00f3n ideal para proteger a tu beb\u00e9 de los da\u00f1inos rayos UV. Compre ahora con env\u00edo gratuito y \u00a1obtenga 30% DE DESCUENTO!\"<\/p>","protected":false},"featured_media":15939,"comment_status":"open","ping_status":"closed","template":"","meta":{"_acf_changed":false},"product_brand":[],"product_cat":[32],"product_tag":[648,652,650,653,649,647,651],"class_list":{"0":"post-15942","1":"product","2":"type-product","3":"status-publish","4":"has-post-thumbnail","6":"product_cat-best-baby-clothing","7":"product_tag-baby-beach-hat","8":"product_tag-baby-bucket-hat","9":"product_tag-baby-panama-cap","10":"product_tag-baby-panama-hat","11":"product_tag-baby-sun-hat","12":"product_tag-infant-sun-cap","13":"product_tag-infant-sun-hat","15":"first","16":"instock","17":"sale","18":"taxable","19":"shipping-taxable","20":"purchasable","21":"product-type-variable","22":"wvs-archive-product-wrapper"},"acf":[],"_links":{"self":[{"href":"https:\/\/babyvk.com\/es\/wp-json\/wp\/v2\/product\/15942","targetHints":{"allow":["GET"]}}],"collection":[{"href":"https:\/\/babyvk.com\/es\/wp-json\/wp\/v2\/product"}],"about":[{"href":"https:\/\/babyvk.com\/es\/wp-json\/wp\/v2\/types\/product"}],"replies":[{"embeddable":true,"href":"https:\/\/babyvk.com\/es\/wp-json\/wp\/v2\/comments?post=15942"}],"version-history":[{"count":0,"href":"https:\/\/babyvk.com\/es\/wp-json\/wp\/v2\/product\/15942\/revisions"}],"wp:featuredmedia":[{"embeddable":true,"href":"https:\/\/babyvk.com\/es\/wp-json\/wp\/v2\/media\/15939"}],"wp:attachment":[{"href":"https:\/\/babyvk.com\/es\/wp-json\/wp\/v2\/media?parent=15942"}],"wp:term":[{"taxonomy":"product_brand","embeddable":true,"href":"https:\/\/babyvk.com\/es\/wp-json\/wp\/v2\/product_brand?post=15942"},{"taxonomy":"product_cat","embeddable":true,"href":"https:\/\/babyvk.com\/es\/wp-json\/wp\/v2\/product_cat?post=15942"},{"taxonomy":"product_tag","embeddable":true,"href":"https:\/\/babyvk.com\/es\/wp-json\/wp\/v2\/product_tag?post=15942"}],"curies":[{"name":"wp","href":"https:\/\/api.w.org\/{rel}","templated":true}]}}