{"id":15742,"date":"2023-07-13T18:23:07","date_gmt":"2023-07-13T18:23:07","guid":{"rendered":"https:\/\/babyvk.com\/?post_type=product&#038;p=15742"},"modified":"2025-11-04T07:43:04","modified_gmt":"2025-11-04T07:43:04","slug":"rechargeable-portable-clip-on-stroller-fan","status":"publish","type":"product","link":"https:\/\/babyvk.com\/es\/product\/rechargeable-portable-clip-on-stroller-fan\/","title":{"rendered":"Ventilador port\u00e1til recargable con clip para cochecito"},"content":{"rendered":"<div data-elementor-type=\"product-post\" data-elementor-id=\"15742\" class=\"elementor elementor-15742\" data-elementor-post-type=\"product\">\n\t\t\t\t\t\t<section class=\"elementor-section elementor-top-section elementor-element elementor-element-3cceb9db elementor-section-boxed elementor-section-height-default elementor-section-height-default\" data-id=\"3cceb9db\" data-element_type=\"section\">\n\t\t\t\t\t\t<div class=\"elementor-container elementor-column-gap-default\">\n\t\t\t\t\t<div class=\"elementor-column elementor-col-100 elementor-top-column elementor-element elementor-element-78b58347\" data-id=\"78b58347\" data-element_type=\"column\">\n\t\t\t<div class=\"elementor-widget-wrap elementor-element-populated\">\n\t\t\t\t\t\t<div class=\"elementor-element elementor-element-17a91981 color-scheme-inherit text-left elementor-widget elementor-widget-text-editor\" data-id=\"17a91981\" data-element_type=\"widget\" data-widget_type=\"text-editor.default\">\n\t\t\t\t<div class=\"elementor-widget-container\">\n\t\t\t\t\t\t\t\t\t<h2>\u00bfCansado de las salidas calurosas y sofocantes con su peque\u00f1o?<\/h2><p>\u00a1Nuestro ventilador port\u00e1til recargable con clip para cochecito est\u00e1 aqu\u00ed para salvarle el d\u00eda! \ud83c\udf2c\ufe0f\ud83d\ude0aComo mam\u00e1 primeriza, a menudo te preocupas por la comodidad de tu beb\u00e9, especialmente durante los paseos de verano o las aventuras al aire libre. Nuestro innovador ventilador con clip para cochecito es la soluci\u00f3n definitiva para mantener a su beb\u00e9 fresco y feliz. \u00a1No m\u00e1s momentos sudorosos y quisquillosos! \ud83d\ude45\u200d\u2640\ufe0f\ud83d\udca6<\/p><h2>Caracter\u00edsticas:<\/h2><ol><li>Multifuncional: Util\u00edzalo como ventilador de pie, ventilador de mano, ventilador con clip o ventilador envolvente para una m\u00e1xima flexibilidad.<\/li><li>Rotaci\u00f3n autom\u00e1tica de 130\u00b0: Disfrute de una brisa refrescante desde todos los \u00e1ngulos, cubriendo una amplia zona.<\/li><li>Bater\u00eda recargable: Con una potente bater\u00eda de 3600mAh, proporciona de 2 a 12 horas de funcionamiento inal\u00e1mbrico, garantizando un frescor duradero.<\/li><li>Velocidad de viento ajustable: Personaliza el flujo de aire con cuatro velocidades de ventilador ajustables para adaptarlo a tus necesidades.<\/li><li>Cubierta de malla de seguridad: Dise\u00f1ado con una cubierta de malla protectora para mantener a salvo los dedos peque\u00f1os.<\/li><\/ol><p><img fetchpriority=\"high\" decoding=\"async\" src=\"https:\/\/babyvk.com\/wp-content\/uploads\/2023\/07\/best-stroller-fan.webp\" sizes=\"(max-width: 800px) 100vw, 800px\" srcset=\"https:\/\/i0.wp.com\/babyvk.com\/wp-content\/uploads\/2023\/07\/best-stroller-fan.webp?w=800&amp;ssl=1 800w, https:\/\/i0.wp.com\/babyvk.com\/wp-content\/uploads\/2023\/07\/best-stroller-fan.webp?resize=300%2C300&amp;ssl=1 300w, https:\/\/i0.wp.com\/babyvk.com\/wp-content\/uploads\/2023\/07\/best-stroller-fan.webp?resize=150%2C150&amp;ssl=1 150w, https:\/\/i0.wp.com\/babyvk.com\/wp-content\/uploads\/2023\/07\/best-stroller-fan.webp?resize=768%2C768&amp;ssl=1 768w, https:\/\/i0.wp.com\/babyvk.com\/wp-content\/uploads\/2023\/07\/best-stroller-fan.webp?resize=430%2C430&amp;ssl=1 430w, https:\/\/i0.wp.com\/babyvk.com\/wp-content\/uploads\/2023\/07\/best-stroller-fan.webp?resize=700%2C700&amp;ssl=1 700w, https:\/\/i0.wp.com\/babyvk.com\/wp-content\/uploads\/2023\/07\/best-stroller-fan.webp?resize=60%2C60&amp;ssl=1 60w\" alt=\"mejor ventilador para cochecito\" width=\"800\" height=\"800\" title=\"\"><\/p><h2>Especificaciones:<\/h2><ul><li>Versi\u00f3n de bater\u00eda: 3600mAh<\/li><li>Materiales: ABS\/PC\/Silicona\/Componentes electr\u00f3nicos<\/li><li>Tama\u00f1o del producto: 110x<em>110x<\/em>263 mm<\/li><li>Peso: 401 g (neto), 506 g (bruto)<\/li><li>Caracter\u00edstica adicional: Funci\u00f3n de oscilaci\u00f3n de 130\u00b0 (se activa con una pulsaci\u00f3n larga)<\/li><li>Tiempo de carga: aproximadamente 3,5 horas para una carga completa<\/li><\/ul><h2>El paquete incluye:<\/h2><ul><li>1 x Ventilador para cochecito<\/li><li>1 x Cable USB<\/li><li>1 x Manual de usuario<\/li><\/ul><p><strong>Con nuestro ventilador port\u00e1til recargable con clip para cochecito, su beb\u00e9 estar\u00e1 fresco y c\u00f3modo dondequiera que vaya. Desp\u00eddete del sobrecalentamiento y da la bienvenida a agradables paseos juntos. \ud83c\udf2c\ufe0f\u2764\ufe0f<\/strong><\/p>\t\t\t\t\t\t\t\t<\/div>\n\t\t\t\t<\/div>\n\t\t\t\t\t<\/div>\n\t\t<\/div>\n\t\t\t\t\t<\/div>\n\t\t<\/section>\n\t\t\t\t<section class=\"wd-negative-gap elementor-section elementor-top-section elementor-element elementor-element-ba15d4a elementor-section-boxed elementor-section-height-default elementor-section-height-default\" data-id=\"ba15d4a\" data-element_type=\"section\">\n\t\t\t\t\t\t<div class=\"elementor-container elementor-column-gap-default\">\n\t\t\t\t\t<div class=\"elementor-column elementor-col-100 elementor-top-column elementor-element elementor-element-02ecf96\" data-id=\"02ecf96\" data-element_type=\"column\">\n\t\t\t<div class=\"elementor-widget-wrap elementor-element-populated\">\n\t\t\t\t\t\t<div class=\"elementor-element elementor-element-7720cd9 wd-width-100 elementor-widget elementor-widget-wd_title\" data-id=\"7720cd9\" data-element_type=\"widget\" data-widget_type=\"wd_title.default\">\n\t\t\t\t<div class=\"elementor-widget-container\">\n\t\t\t\t\t\t\t<div class=\"title-wrapper wd-set-mb reset-last-child wd-title-color-default wd-title-style-default wd-title-size-default text-center\">\n\n\t\t\t\t\t\t\t\t\t\t\t<div class=\"title-subtitle subtitle-color-default subtitle-style-default wd-fontsize-xs\">\n\t\t\t\t\tVEA NUESTRO VERDADERO ESPECT\u00c1CULO\t\t\t\t<\/div>\n\t\t\t\n\t\t\t<div class=\"liner-continer\">\n\t\t\t\t<h4 class=\"woodmart-title-container title wd-fontsize-l\">Nuestro breve v\u00eddeo<\/h4> \n\t\t\t\t\t\t\t<\/div>\n\n\t\t\t\t\t\t\t<div class=\"title-after_title reset-last-child wd-fontsize-xs\">\n\t\t\t\t\t<p>Muestra la escena de uso del producto, te permite conocer m\u00e1s detalles.<\/p>\t\t\t\t<\/div>\n\t\t\t\t\t<\/div>\n\t\t\t\t\t\t<\/div>\n\t\t\t\t<\/div>\n\t\t\t\t<div class=\"elementor-element elementor-element-45ed0a6 elementor-widget elementor-widget-wd_testimonials\" data-id=\"45ed0a6\" data-element_type=\"widget\" data-widget_type=\"wd_testimonials.default\">\n\t\t\t\t<div class=\"elementor-widget-container\">\n\t\t\t\t\t\t\t<div class=\"testimonials testimon-style-standard  color-scheme- testimon-align-center wd-carousel-container\" id=\"carousel-1910\">\n\t\t\t\t\t\t\t<div class=\"wd-carousel-inner\">\n\t\t\t\n\t\t\t<div class=\"wd-carousel wd-grid\" data-scroll_per_page=\"yes\" style=\"--wd-col-lg:2;--wd-col-md:2;--wd-col-sm:1;--wd-gap-lg:30px;--wd-gap-sm:10px;\">\n\t\t\t\t\t\t\t\t\t<div class=\"wd-carousel-wrap\">\n\t\t\t\t\n\t\t\t\t\t\t\t\t\t\n<div class=\"testimonial wd-carousel-item\">\n\t<div class=\"testimonial-inner\">\n\t\t\n\t\t<div class=\"testimonial-content\">\n\t\t\t<div class=\"testimonial-rating\">\n\t\t\t\t<span class=\"star-rating\">\n\t\t\t\t\t<span style=\"width:100%\"><\/span>\n\t\t\t\t<\/span>\n\t\t\t<\/div>\n\n\t\t\t<p><iframe  id=\"_ytid_18013\"  width=\"800\" height=\"450\"  data-origwidth=\"800\" data-origheight=\"450\"  data-relstop=\"1\" src=\"https:\/\/www.youtube.com\/embed\/t0QJSq7MTxc?enablejsapi=1&autoplay=0&cc_load_policy=1&cc_lang_pref=&iv_load_policy=3&loop=0&rel=0&fs=1&playsinline=0&autohide=2&theme=dark&color=red&controls=1&disablekb=0&\" class=\"__youtube_prefs__  no-lazyload\" title=\"Reproductor de YouTube\"  allow=\"fullscreen; accelerometer; autoplay; clipboard-write; encrypted-media; gyroscope; picture-in-picture; web-share\" referrerpolicy=\"strict-origin-when-cross-origin\" allowfullscreen data-no-lazy=\"1\" data-skipgform_ajax_framebjll=\"\"><\/iframe><\/p>\n\t\t\t<footer>\n\t\t\t\t\n\t\t\t\t\t\t\t<\/footer>\n\t\t<\/div>\n\t<\/div>\n<\/div>\t\t\t\t\t\t\t\t\t\n<div class=\"testimonial wd-carousel-item\">\n\t<div class=\"testimonial-inner\">\n\t\t\n\t\t<div class=\"testimonial-content\">\n\t\t\t<div class=\"testimonial-rating\">\n\t\t\t\t<span class=\"star-rating\">\n\t\t\t\t\t<span style=\"width:100%\"><\/span>\n\t\t\t\t<\/span>\n\t\t\t<\/div>\n\n\t\t\t<p><iframe  id=\"_ytid_96390\"  width=\"800\" height=\"450\"  data-origwidth=\"800\" data-origheight=\"450\"  data-relstop=\"1\" src=\"https:\/\/www.youtube.com\/embed\/qX3fuQX43aU?enablejsapi=1&autoplay=0&cc_load_policy=1&cc_lang_pref=&iv_load_policy=3&loop=0&rel=0&fs=1&playsinline=0&autohide=2&theme=dark&color=red&controls=1&disablekb=0&\" class=\"__youtube_prefs__  no-lazyload\" title=\"Reproductor de YouTube\"  allow=\"fullscreen; accelerometer; autoplay; clipboard-write; encrypted-media; gyroscope; picture-in-picture; web-share\" referrerpolicy=\"strict-origin-when-cross-origin\" allowfullscreen data-no-lazy=\"1\" data-skipgform_ajax_framebjll=\"\"><\/iframe><\/p>\n\t\t\t<footer>\n\t\t\t\t\n\t\t\t\t\t\t\t<\/footer>\n\t\t<\/div>\n\t<\/div>\n<\/div>\t\t\t\t\t\t\t\t\t\n<div class=\"testimonial wd-carousel-item\">\n\t<div class=\"testimonial-inner\">\n\t\t\n\t\t<div class=\"testimonial-content\">\n\t\t\t<div class=\"testimonial-rating\">\n\t\t\t\t<span class=\"star-rating\">\n\t\t\t\t\t<span style=\"width:100%\"><\/span>\n\t\t\t\t<\/span>\n\t\t\t<\/div>\n\n\t\t\t<p><iframe  id=\"_ytid_40220\"  width=\"800\" height=\"450\"  data-origwidth=\"800\" data-origheight=\"450\"  data-relstop=\"1\" src=\"https:\/\/www.youtube.com\/embed\/9kzjdEIL25w?enablejsapi=1&autoplay=0&cc_load_policy=1&cc_lang_pref=&iv_load_policy=3&loop=0&rel=0&fs=1&playsinline=0&autohide=2&theme=dark&color=red&controls=1&disablekb=0&\" class=\"__youtube_prefs__  no-lazyload\" title=\"Reproductor de YouTube\"  allow=\"fullscreen; accelerometer; autoplay; clipboard-write; encrypted-media; gyroscope; picture-in-picture; web-share\" referrerpolicy=\"strict-origin-when-cross-origin\" allowfullscreen data-no-lazy=\"1\" data-skipgform_ajax_framebjll=\"\"><\/iframe><\/p>\n\t\t\t<footer>\n\t\t\t\t\n\t\t\t\t\t\t\t<\/footer>\n\t\t<\/div>\n\t<\/div>\n<\/div>\t\t\t\t\t\t\t\t\t\n<div class=\"testimonial wd-carousel-item\">\n\t<div class=\"testimonial-inner\">\n\t\t\n\t\t<div class=\"testimonial-content\">\n\t\t\t<div class=\"testimonial-rating\">\n\t\t\t\t<span class=\"star-rating\">\n\t\t\t\t\t<span style=\"width:100%\"><\/span>\n\t\t\t\t<\/span>\n\t\t\t<\/div>\n\n\t\t\t<p><iframe  id=\"_ytid_38766\"  width=\"800\" height=\"450\"  data-origwidth=\"800\" data-origheight=\"450\"  data-relstop=\"1\" src=\"https:\/\/www.youtube.com\/embed\/jyZ3I6sy2Og?enablejsapi=1&autoplay=0&cc_load_policy=1&cc_lang_pref=&iv_load_policy=3&loop=0&rel=0&fs=1&playsinline=0&autohide=2&theme=dark&color=red&controls=1&disablekb=0&\" class=\"__youtube_prefs__  no-lazyload\" title=\"Reproductor de YouTube\"  allow=\"fullscreen; accelerometer; autoplay; clipboard-write; encrypted-media; gyroscope; picture-in-picture; web-share\" referrerpolicy=\"strict-origin-when-cross-origin\" allowfullscreen data-no-lazy=\"1\" data-skipgform_ajax_framebjll=\"\"><\/iframe><\/p>\n\t\t\t<footer>\n\t\t\t\t\n\t\t\t\t\t\t\t<\/footer>\n\t\t<\/div>\n\t<\/div>\n<\/div>\t\t\t\t\n\t\t\t\t\t\t\t\t\t<\/div>\n\t\t\t\t\t\t\t<\/div>\n\t\t\t\t\t\t\t\t\t\t\t\t\t\t<div class=\"wd-nav-arrows wd-pos-sep wd-hover-1 wd-icon-1\">\n\t\t\t<div class=\"wd-btn-arrow wd-prev wd-disabled\">\n\t\t\t\t<div class=\"wd-arrow-inner\"><\/div>\n\t\t\t<\/div>\n\t\t\t<div class=\"wd-btn-arrow wd-next\">\n\t\t\t\t<div class=\"wd-arrow-inner\"><\/div>\n\t\t\t<\/div>\n\t\t<\/div>\n\t\t\t\t\t\t\n\t\t\t\t<\/div>\n\n\t\t\t\t\t\t<div class=\"wd-nav-pagin-wrap text-center wd-style-shape wd-hide-md-sm wd-hide-sm\">\n\t\t\t<ul class=\"wd-nav-pagin\"><\/ul>\n\t\t<\/div>\n\t\t\t\t\t\t\t\t\t\t\t<\/div>\n\t\t\t\t\t\t<\/div>\n\t\t\t\t<\/div>\n\t\t\t\t\t<\/div>\n\t\t<\/div>\n\t\t\t\t\t<\/div>\n\t\t<\/section>\n\t\t\t\t<\/div>","protected":false},"excerpt":{"rendered":"<p>&#8220;<strong>\u00bfNecesitas un poco de aire?<\/strong> \u00a1Descubra el ventilador port\u00e1til recargable con clip para cochecito! \u00bfTe preguntas c\u00f3mo mantener fresco a tu peque\u00f1o durante las salidas? Nuestro ventilador es la soluci\u00f3n perfecta. Compre ahora con env\u00edo gratuito y \u00a1obtenga 30% DE DESCUENTO!\"<\/p>","protected":false},"featured_media":15751,"comment_status":"open","ping_status":"closed","template":"","meta":{"_acf_changed":false},"product_brand":[],"product_cat":[509],"product_tag":[623,625,626,622,624,620,621],"class_list":{"0":"post-15742","1":"product","2":"type-product","3":"status-publish","4":"has-post-thumbnail","6":"product_cat-best-baby-toys","7":"product_tag-buggy-fan","8":"product_tag-clip-on-stroller-fan","9":"product_tag-portable-fan-for-stroller","10":"product_tag-pram-fan","11":"product_tag-pushchair-fan","12":"product_tag-rechargeable-pram-fan","13":"product_tag-stroller-fan","15":"first","16":"outofstock","17":"sale","18":"taxable","19":"shipping-taxable","20":"purchasable","21":"product-type-variable","22":"wvs-archive-product-wrapper"},"acf":[],"_links":{"self":[{"href":"https:\/\/babyvk.com\/es\/wp-json\/wp\/v2\/product\/15742","targetHints":{"allow":["GET"]}}],"collection":[{"href":"https:\/\/babyvk.com\/es\/wp-json\/wp\/v2\/product"}],"about":[{"href":"https:\/\/babyvk.com\/es\/wp-json\/wp\/v2\/types\/product"}],"replies":[{"embeddable":true,"href":"https:\/\/babyvk.com\/es\/wp-json\/wp\/v2\/comments?post=15742"}],"version-history":[{"count":0,"href":"https:\/\/babyvk.com\/es\/wp-json\/wp\/v2\/product\/15742\/revisions"}],"wp:featuredmedia":[{"embeddable":true,"href":"https:\/\/babyvk.com\/es\/wp-json\/wp\/v2\/media\/15751"}],"wp:attachment":[{"href":"https:\/\/babyvk.com\/es\/wp-json\/wp\/v2\/media?parent=15742"}],"wp:term":[{"taxonomy":"product_brand","embeddable":true,"href":"https:\/\/babyvk.com\/es\/wp-json\/wp\/v2\/product_brand?post=15742"},{"taxonomy":"product_cat","embeddable":true,"href":"https:\/\/babyvk.com\/es\/wp-json\/wp\/v2\/product_cat?post=15742"},{"taxonomy":"product_tag","embeddable":true,"href":"https:\/\/babyvk.com\/es\/wp-json\/wp\/v2\/product_tag?post=15742"}],"curies":[{"name":"wp","href":"https:\/\/api.w.org\/{rel}","templated":true}]}}