{"id":14793,"date":"2023-06-18T08:22:06","date_gmt":"2023-06-18T08:22:06","guid":{"rendered":"https:\/\/babyvk.com\/?post_type=product&#038;p=14793"},"modified":"2025-12-03T18:00:22","modified_gmt":"2025-12-03T18:00:22","slug":"magnetic-drawing-board","status":"publish","type":"product","link":"https:\/\/babyvk.com\/es\/product\/magnetic-drawing-board\/","title":{"rendered":"Tablero de dibujo magn\u00e9tico"},"content":{"rendered":"<div data-elementor-type=\"product-post\" data-elementor-id=\"14793\" class=\"elementor elementor-14793\" data-elementor-post-type=\"product\">\n\t\t\t\t\t\t<section class=\"elementor-section elementor-top-section elementor-element elementor-element-ea6f95b elementor-section-boxed elementor-section-height-default elementor-section-height-default\" data-id=\"ea6f95b\" data-element_type=\"section\">\n\t\t\t\t\t\t<div class=\"elementor-container elementor-column-gap-default\">\n\t\t\t\t\t<div class=\"elementor-column elementor-col-100 elementor-top-column elementor-element elementor-element-40cf2d9\" data-id=\"40cf2d9\" data-element_type=\"column\">\n\t\t\t<div class=\"elementor-widget-wrap elementor-element-populated\">\n\t\t\t\t\t\t<div class=\"elementor-element elementor-element-238c056 elementor-widget elementor-widget-wd_text_block\" data-id=\"238c056\" data-element_type=\"widget\" data-widget_type=\"wd_text_block.default\">\n\t\t\t\t<div class=\"elementor-widget-container\">\n\t\t\t\t\t\t\t<div class=\"wd-text-block reset-last-child text-left\">\n\t\t\t\n\t\t\t<h2>Descripci\u00f3n:<\/h2><p>Olv\u00eddate de los l\u00e1pices de colores y de gastar papel. Nuestro tablero de dibujo magn\u00e9tico ofrece creatividad sin l\u00edmites y sin ensuciar. Perfecto para los ni\u00f1os, ofrece diversi\u00f3n sin fin en cualquier momento y en cualquier lugar.<\/p>\n\t\t\t\t\t<\/div>\n\t\t\t\t\t\t<\/div>\n\t\t\t\t<\/div>\n\t\t\t\t<div class=\"elementor-element elementor-element-bc7ce94 elementor-widget elementor-widget-wd_text_block\" data-id=\"bc7ce94\" data-element_type=\"widget\" data-widget_type=\"wd_text_block.default\">\n\t\t\t\t<div class=\"elementor-widget-container\">\n\t\t\t\t\t\t\t<div class=\"wd-text-block reset-last-child text-left\">\n\t\t\t\n\t\t\t<h2>Funciones:<\/h2><ol><li>Respetuoso con el medio ambiente: se acabaron los l\u00edos con l\u00e1pices de colores o papel, \u00a1dibuja, borra y repite sin parar!<\/li><li>Pintura colorida: La vibrante superficie de dibujo del arco iris inspira la imaginaci\u00f3n y la creatividad de los ni\u00f1os.<\/li><li>Superficie magn\u00e9tica: Rotuladores y sellos magn\u00e9ticos f\u00e1ciles de usar, sin necesidad de tinta, para que pintar sea coser y cantar.<\/li><li>F\u00e1cil de borrar: Basta con deslizar el interruptor de borrado para borrar el tablero y empezar de nuevo.<\/li><li>Dise\u00f1o adecuado para ni\u00f1os: Nuestro tablero de dibujo cuenta con un marco resistente y bordes redondeados, seguro y duradero, adecuado para que lo usen ni\u00f1os de todas las edades.<\/li><\/ol>\n\t\t\t\t\t<\/div>\n\t\t\t\t\t\t<\/div>\n\t\t\t\t<\/div>\n\t\t\t\t<div class=\"elementor-element elementor-element-ee82338 elementor-widget elementor-widget-wd_text_block\" data-id=\"ee82338\" data-element_type=\"widget\" data-widget_type=\"wd_text_block.default\">\n\t\t\t\t<div class=\"elementor-widget-container\">\n\t\t\t\t\t\t\t<div class=\"wd-text-block reset-last-child text-left\">\n\t\t\t\n\t\t\t<h2>Especificaciones:<\/h2><ul><li>Tama\u00f1o del marco: Peque\u00f1o: 30.5\u00d723CM \/ Grande: 47.5X37.5CM<\/li><li>Material: Pl\u00e1stico ABS no t\u00f3xico<\/li><li>Origen: China continental<\/li><li>Funci\u00f3n: Tablero de dibujo magn\u00e9tico<\/li><li>Recomendaci\u00f3n de edad: Adecuado para ni\u00f1os a partir de 3 a\u00f1os<\/li><\/ul>\n\t\t\t\t\t<\/div>\n\t\t\t\t\t\t<\/div>\n\t\t\t\t<\/div>\n\t\t\t\t<div class=\"elementor-element elementor-element-d5ce465 elementor-widget elementor-widget-wd_text_block\" data-id=\"d5ce465\" data-element_type=\"widget\" data-widget_type=\"wd_text_block.default\">\n\t\t\t\t<div class=\"elementor-widget-container\">\n\t\t\t\t\t\t\t<div class=\"wd-text-block reset-last-child text-left\">\n\t\t\t\n\t\t\t<h2>Paquete:\u00a0<\/h2><ul><li>1 tablero de dibujo magn\u00e9tico, 15 tarjetas de molde, 2 pinceles, 4 sellos, 1 \u00e1lbum de fotos, 1 herramienta<\/li><\/ul>\n\t\t\t\t\t<\/div>\n\t\t\t\t\t\t<\/div>\n\t\t\t\t<\/div>\n\t\t\t\t\t<\/div>\n\t\t<\/div>\n\t\t\t\t\t<\/div>\n\t\t<\/section>\n\t\t\t\t<section class=\"elementor-section elementor-top-section elementor-element elementor-element-2cfc9d3 elementor-section-boxed elementor-section-height-default elementor-section-height-default\" data-id=\"2cfc9d3\" data-element_type=\"section\">\n\t\t\t\t\t\t<div class=\"elementor-container elementor-column-gap-default\">\n\t\t\t\t\t<div class=\"elementor-column elementor-col-100 elementor-top-column elementor-element elementor-element-27faf21\" data-id=\"27faf21\" data-element_type=\"column\">\n\t\t\t<div class=\"elementor-widget-wrap elementor-element-populated\">\n\t\t\t\t\t\t<div class=\"elementor-element elementor-element-23836e4 wd-width-100 elementor-widget elementor-widget-wd_title\" data-id=\"23836e4\" data-element_type=\"widget\" data-widget_type=\"wd_title.default\">\n\t\t\t\t<div class=\"elementor-widget-container\">\n\t\t\t\t\t\t\t<div class=\"title-wrapper wd-set-mb reset-last-child wd-title-color-default wd-title-style-default wd-title-size-default text-center\">\n\n\t\t\t\n\t\t\t<div class=\"liner-continer\">\n\t\t\t\t<h4 class=\"woodmart-title-container title wd-fontsize-l\">Selecci\u00f3n de tallas y colores<\/h4> \n\t\t\t\t\t\t\t<\/div>\n\n\t\t\t\t\t<\/div>\n\t\t\t\t\t\t<\/div>\n\t\t\t\t<\/div>\n\t\t\t\t\t<\/div>\n\t\t<\/div>\n\t\t\t\t\t<\/div>\n\t\t<\/section>\n\t\t\t\t<section class=\"elementor-section elementor-top-section elementor-element elementor-element-1f776a2 elementor-section-boxed elementor-section-height-default elementor-section-height-default\" data-id=\"1f776a2\" data-element_type=\"section\">\n\t\t\t\t\t\t<div class=\"elementor-container elementor-column-gap-default\">\n\t\t\t\t\t<div class=\"elementor-column elementor-col-100 elementor-top-column elementor-element elementor-element-ab166d9\" data-id=\"ab166d9\" data-element_type=\"column\" data-settings=\"{&quot;background_background&quot;:&quot;classic&quot;}\">\n\t\t\t<div class=\"elementor-widget-wrap elementor-element-populated\">\n\t\t\t\t\t\t<div class=\"elementor-element elementor-element-c5daaae wd-width-100 elementor-widget elementor-widget-wd_title\" data-id=\"c5daaae\" data-element_type=\"widget\" data-widget_type=\"wd_title.default\">\n\t\t\t\t<div class=\"elementor-widget-container\">\n\t\t\t\t\t\t\t<div class=\"title-wrapper wd-set-mb reset-last-child wd-title-color-default wd-title-style-default wd-title-size-default text-left\">\n\n\t\t\t\n\t\t\t<div class=\"liner-continer\">\n\t\t\t\t<h4 class=\"woodmart-title-container title wd-fontsize-l\">Peque\u00f1o<\/h4> \n\t\t\t\t\t\t\t<\/div>\n\n\t\t\t\t\t\t\t<div class=\"title-after_title reset-last-child wd-fontsize-xs\">\n\t\t\t\t\t<p>Tama\u00f1o del marco: 30.5X23CM, A\u00f1adir patas de la mesa: 30.5\u00d723X14.5CM, \u00c1rea de pintura: 19X10.5CM<\/p>\t\t\t\t<\/div>\n\t\t\t\t\t<\/div>\n\t\t\t\t\t\t<\/div>\n\t\t\t\t<\/div>\n\t\t\t\t<section class=\"wd-negative-gap elementor-section elementor-inner-section elementor-element elementor-element-6ab09c1 elementor-section-boxed elementor-section-height-default elementor-section-height-default\" data-id=\"6ab09c1\" data-element_type=\"section\">\n\t\t\t\t\t\t<div class=\"elementor-container elementor-column-gap-default\">\n\t\t\t\t\t<div class=\"elementor-column elementor-col-50 elementor-inner-column elementor-element elementor-element-9e271d0\" data-id=\"9e271d0\" data-element_type=\"column\">\n\t\t\t<div class=\"elementor-widget-wrap elementor-element-populated\">\n\t\t\t\t\t\t<div class=\"elementor-element elementor-element-6ef8baf elementor-widget elementor-widget-wd_image_or_svg\" data-id=\"6ef8baf\" data-element_type=\"widget\" data-widget_type=\"wd_image_or_svg.default\">\n\t\t\t\t<div class=\"elementor-widget-container\">\n\t\t\t\t\t\n\t\t<div class=\"wd-image text-left\">\n\t\t\t\t\t\t\t\t<img fetchpriority=\"high\" decoding=\"async\" width=\"640\" height=\"640\" src=\"https:\/\/babyvk.com\/wp-content\/uploads\/2023\/06\/magnetic-doodle.webp\" class=\"attachment-full size-full wvs-archive-product-image\" alt=\"dibujo magn\u00e9tico\" srcset=\"https:\/\/babyvk.com\/wp-content\/uploads\/2023\/06\/magnetic-doodle.webp 640w, https:\/\/babyvk.com\/wp-content\/uploads\/2023\/06\/magnetic-doodle-30x30.webp 30w, https:\/\/babyvk.com\/wp-content\/uploads\/2023\/06\/magnetic-doodle-50x50.webp 50w, https:\/\/babyvk.com\/wp-content\/uploads\/2023\/06\/magnetic-doodle-100x100.webp 100w, https:\/\/babyvk.com\/wp-content\/uploads\/2023\/06\/magnetic-doodle-150x150.webp 150w, https:\/\/babyvk.com\/wp-content\/uploads\/2023\/06\/magnetic-doodle-300x300.webp 300w, https:\/\/babyvk.com\/wp-content\/uploads\/2023\/06\/magnetic-doodle-500x500.webp 500w, https:\/\/babyvk.com\/wp-content\/uploads\/2023\/06\/magnetic-doodle-430x430.webp 430w\" sizes=\"(max-width: 640px) 100vw, 640px\" title=\"\">\t\t\t\t\t<\/div>\n\n\t\t\t\t\t\t<\/div>\n\t\t\t\t<\/div>\n\t\t\t\t\t<\/div>\n\t\t<\/div>\n\t\t\t\t<div class=\"elementor-column elementor-col-50 elementor-inner-column elementor-element elementor-element-08a856e\" data-id=\"08a856e\" data-element_type=\"column\">\n\t\t\t<div class=\"elementor-widget-wrap elementor-element-populated\">\n\t\t\t\t\t\t<div class=\"elementor-element elementor-element-9c13595 elementor-widget elementor-widget-wd_image_or_svg\" data-id=\"9c13595\" data-element_type=\"widget\" data-widget_type=\"wd_image_or_svg.default\">\n\t\t\t\t<div class=\"elementor-widget-container\">\n\t\t\t\t\t\n\t\t<div class=\"wd-image text-left\">\n\t\t\t\t\t\t\t\t<img decoding=\"async\" width=\"640\" height=\"640\" src=\"https:\/\/babyvk.com\/wp-content\/uploads\/2023\/06\/magnetic-sketch-pad.webp\" class=\"attachment-full size-full wvs-archive-product-image\" alt=\"pizarra magn\u00e9tica de dibujo\" srcset=\"https:\/\/babyvk.com\/wp-content\/uploads\/2023\/06\/magnetic-sketch-pad.webp 640w, https:\/\/babyvk.com\/wp-content\/uploads\/2023\/06\/magnetic-sketch-pad-30x30.webp 30w, https:\/\/babyvk.com\/wp-content\/uploads\/2023\/06\/magnetic-sketch-pad-50x50.webp 50w, https:\/\/babyvk.com\/wp-content\/uploads\/2023\/06\/magnetic-sketch-pad-100x100.webp 100w, https:\/\/babyvk.com\/wp-content\/uploads\/2023\/06\/magnetic-sketch-pad-150x150.webp 150w, https:\/\/babyvk.com\/wp-content\/uploads\/2023\/06\/magnetic-sketch-pad-300x300.webp 300w, https:\/\/babyvk.com\/wp-content\/uploads\/2023\/06\/magnetic-sketch-pad-500x500.webp 500w, https:\/\/babyvk.com\/wp-content\/uploads\/2023\/06\/magnetic-sketch-pad-430x430.webp 430w\" sizes=\"(max-width: 640px) 100vw, 640px\" title=\"\">\t\t\t\t\t<\/div>\n\n\t\t\t\t\t\t<\/div>\n\t\t\t\t<\/div>\n\t\t\t\t\t<\/div>\n\t\t<\/div>\n\t\t\t\t\t<\/div>\n\t\t<\/section>\n\t\t\t\t\t<\/div>\n\t\t<\/div>\n\t\t\t\t\t<\/div>\n\t\t<\/section>\n\t\t\t\t<section class=\"elementor-section elementor-top-section elementor-element elementor-element-5181366 elementor-section-boxed elementor-section-height-default elementor-section-height-default\" data-id=\"5181366\" data-element_type=\"section\">\n\t\t\t\t\t\t<div class=\"elementor-container elementor-column-gap-default\">\n\t\t\t\t\t<div class=\"elementor-column elementor-col-100 elementor-top-column elementor-element elementor-element-7e27777\" data-id=\"7e27777\" data-element_type=\"column\" data-settings=\"{&quot;background_background&quot;:&quot;classic&quot;}\">\n\t\t\t<div class=\"elementor-widget-wrap elementor-element-populated\">\n\t\t\t\t\t\t<div class=\"elementor-element elementor-element-45c6118 wd-width-100 elementor-widget elementor-widget-wd_title\" data-id=\"45c6118\" data-element_type=\"widget\" data-widget_type=\"wd_title.default\">\n\t\t\t\t<div class=\"elementor-widget-container\">\n\t\t\t\t\t\t\t<div class=\"title-wrapper wd-set-mb reset-last-child wd-title-color-default wd-title-style-default wd-title-size-default text-left\">\n\n\t\t\t\n\t\t\t<div class=\"liner-continer\">\n\t\t\t\t<h4 class=\"woodmart-title-container title wd-fontsize-l\">Gran<\/h4> \n\t\t\t\t\t\t\t<\/div>\n\n\t\t\t\t\t\t\t<div class=\"title-after_title reset-last-child wd-fontsize-xs\">\n\t\t\t\t\t<p>Tama\u00f1o del marco: 47.5X37.5CM, A\u00f1adir patas a la mesa: 47.5X37.5X21CM, \u00c1rea de pintura: 30.5\u00d722CM<\/p>\t\t\t\t<\/div>\n\t\t\t\t\t<\/div>\n\t\t\t\t\t\t<\/div>\n\t\t\t\t<\/div>\n\t\t\t\t<section class=\"wd-negative-gap elementor-section elementor-inner-section elementor-element elementor-element-bb192d0 elementor-section-boxed elementor-section-height-default elementor-section-height-default\" data-id=\"bb192d0\" data-element_type=\"section\">\n\t\t\t\t\t\t<div class=\"elementor-container elementor-column-gap-default\">\n\t\t\t\t\t<div class=\"elementor-column elementor-col-50 elementor-inner-column elementor-element elementor-element-4ac3796\" data-id=\"4ac3796\" data-element_type=\"column\">\n\t\t\t<div class=\"elementor-widget-wrap elementor-element-populated\">\n\t\t\t\t\t\t<div class=\"elementor-element elementor-element-be360a9 elementor-widget elementor-widget-wd_image_or_svg\" data-id=\"be360a9\" data-element_type=\"widget\" data-widget_type=\"wd_image_or_svg.default\">\n\t\t\t\t<div class=\"elementor-widget-container\">\n\t\t\t\t\t\n\t\t<div class=\"wd-image text-left\">\n\t\t\t\t\t\t\t\t<img decoding=\"async\" width=\"640\" height=\"640\" src=\"https:\/\/babyvk.com\/wp-content\/uploads\/2023\/06\/magnetic-drawing-pad.webp\" class=\"attachment-full size-full wvs-archive-product-image\" alt=\"magna doodle\" srcset=\"https:\/\/babyvk.com\/wp-content\/uploads\/2023\/06\/magnetic-drawing-pad.webp 640w, https:\/\/babyvk.com\/wp-content\/uploads\/2023\/06\/magnetic-drawing-pad-30x30.webp 30w, https:\/\/babyvk.com\/wp-content\/uploads\/2023\/06\/magnetic-drawing-pad-50x50.webp 50w, https:\/\/babyvk.com\/wp-content\/uploads\/2023\/06\/magnetic-drawing-pad-100x100.webp 100w, https:\/\/babyvk.com\/wp-content\/uploads\/2023\/06\/magnetic-drawing-pad-150x150.webp 150w, https:\/\/babyvk.com\/wp-content\/uploads\/2023\/06\/magnetic-drawing-pad-300x300.webp 300w, https:\/\/babyvk.com\/wp-content\/uploads\/2023\/06\/magnetic-drawing-pad-500x500.webp 500w, https:\/\/babyvk.com\/wp-content\/uploads\/2023\/06\/magnetic-drawing-pad-430x430.webp 430w\" sizes=\"(max-width: 640px) 100vw, 640px\" title=\"\">\t\t\t\t\t<\/div>\n\n\t\t\t\t\t\t<\/div>\n\t\t\t\t<\/div>\n\t\t\t\t\t<\/div>\n\t\t<\/div>\n\t\t\t\t<div class=\"elementor-column elementor-col-50 elementor-inner-column elementor-element elementor-element-80637ce\" data-id=\"80637ce\" data-element_type=\"column\">\n\t\t\t<div class=\"elementor-widget-wrap elementor-element-populated\">\n\t\t\t\t\t\t<div class=\"elementor-element elementor-element-64cacab elementor-widget elementor-widget-wd_image_or_svg\" data-id=\"64cacab\" data-element_type=\"widget\" data-widget_type=\"wd_image_or_svg.default\">\n\t\t\t\t<div class=\"elementor-widget-container\">\n\t\t\t\t\t\n\t\t<div class=\"wd-image text-left\">\n\t\t\t\t\t\t\t\t<img loading=\"lazy\" decoding=\"async\" width=\"640\" height=\"640\" src=\"https:\/\/babyvk.com\/wp-content\/uploads\/2023\/06\/magnetic-sketch-board.webp\" class=\"attachment-full size-full wvs-archive-product-image\" alt=\"bloc de dibujo magn\u00e9tico\" srcset=\"https:\/\/babyvk.com\/wp-content\/uploads\/2023\/06\/magnetic-sketch-board.webp 640w, https:\/\/babyvk.com\/wp-content\/uploads\/2023\/06\/magnetic-sketch-board-30x30.webp 30w, https:\/\/babyvk.com\/wp-content\/uploads\/2023\/06\/magnetic-sketch-board-50x50.webp 50w, https:\/\/babyvk.com\/wp-content\/uploads\/2023\/06\/magnetic-sketch-board-100x100.webp 100w, https:\/\/babyvk.com\/wp-content\/uploads\/2023\/06\/magnetic-sketch-board-150x150.webp 150w, https:\/\/babyvk.com\/wp-content\/uploads\/2023\/06\/magnetic-sketch-board-300x300.webp 300w, https:\/\/babyvk.com\/wp-content\/uploads\/2023\/06\/magnetic-sketch-board-500x500.webp 500w, https:\/\/babyvk.com\/wp-content\/uploads\/2023\/06\/magnetic-sketch-board-430x430.webp 430w\" sizes=\"(max-width: 640px) 100vw, 640px\" title=\"\">\t\t\t\t\t<\/div>\n\n\t\t\t\t\t\t<\/div>\n\t\t\t\t<\/div>\n\t\t\t\t\t<\/div>\n\t\t<\/div>\n\t\t\t\t\t<\/div>\n\t\t<\/section>\n\t\t\t\t\t<\/div>\n\t\t<\/div>\n\t\t\t\t\t<\/div>\n\t\t<\/section>\n\t\t\t\t<section class=\"wd-negative-gap elementor-section elementor-top-section elementor-element elementor-element-e4dbdc1 elementor-section-boxed elementor-section-height-default elementor-section-height-default\" data-id=\"e4dbdc1\" data-element_type=\"section\">\n\t\t\t\t\t\t<div class=\"elementor-container elementor-column-gap-default\">\n\t\t\t\t\t<div class=\"elementor-column elementor-col-100 elementor-top-column elementor-element elementor-element-334e720\" data-id=\"334e720\" data-element_type=\"column\">\n\t\t\t<div class=\"elementor-widget-wrap elementor-element-populated\">\n\t\t\t\t\t\t<div class=\"elementor-element elementor-element-3d7d7bd wd-width-100 elementor-widget elementor-widget-wd_title\" data-id=\"3d7d7bd\" data-element_type=\"widget\" data-widget_type=\"wd_title.default\">\n\t\t\t\t<div class=\"elementor-widget-container\">\n\t\t\t\t\t\t\t<div class=\"title-wrapper wd-set-mb reset-last-child wd-title-color-default wd-title-style-default wd-title-size-default text-center\">\n\n\t\t\t\t\t\t\t\t\t\t\t<div class=\"title-subtitle subtitle-color-default subtitle-style-default wd-fontsize-xs\">\n\t\t\t\t\tVEA NUESTRO VERDADERO ESPECT\u00c1CULO\t\t\t\t<\/div>\n\t\t\t\n\t\t\t<div class=\"liner-continer\">\n\t\t\t\t<h4 class=\"woodmart-title-container title wd-fontsize-l\">Nuestro breve v\u00eddeo<\/h4> \n\t\t\t\t\t\t\t<\/div>\n\n\t\t\t\t\t\t\t<div class=\"title-after_title reset-last-child wd-fontsize-xs\">\n\t\t\t\t\t<p>Muestra la escena de uso del producto, te permite conocer m\u00e1s detalles.<\/p>\t\t\t\t<\/div>\n\t\t\t\t\t<\/div>\n\t\t\t\t\t\t<\/div>\n\t\t\t\t<\/div>\n\t\t\t\t<div class=\"elementor-element elementor-element-d58011b elementor-widget elementor-widget-wd_testimonials\" data-id=\"d58011b\" data-element_type=\"widget\" data-widget_type=\"wd_testimonials.default\">\n\t\t\t\t<div class=\"elementor-widget-container\">\n\t\t\t\t\t\t\t<div class=\"testimonials testimon-style-standard  color-scheme- testimon-align-center wd-carousel-container\" id=\"carousel-3139\">\n\t\t\t\t\t\t\t<div class=\"wd-carousel-inner\">\n\t\t\t\n\t\t\t<div class=\"wd-carousel wd-grid\" data-scroll_per_page=\"yes\" style=\"--wd-col-lg:2;--wd-col-md:2;--wd-col-sm:1;--wd-gap-lg:30px;--wd-gap-sm:10px;\">\n\t\t\t\t\t\t\t\t\t<div class=\"wd-carousel-wrap\">\n\t\t\t\t\n\t\t\t\t\t\t\t\t\t\n<div class=\"testimonial wd-carousel-item\">\n\t<div class=\"testimonial-inner\">\n\t\t\n\t\t<div class=\"testimonial-content\">\n\t\t\t<div class=\"testimonial-rating\">\n\t\t\t\t<span class=\"star-rating\">\n\t\t\t\t\t<span style=\"width:100%\"><\/span>\n\t\t\t\t<\/span>\n\t\t\t<\/div>\n\n\t\t\t<p><iframe  id=\"_ytid_28519\"  width=\"800\" height=\"450\"  data-origwidth=\"800\" data-origheight=\"450\"  data-relstop=\"1\" src=\"https:\/\/www.youtube.com\/embed\/GZ80fotFo4I?enablejsapi=1&autoplay=0&cc_load_policy=1&cc_lang_pref=&iv_load_policy=3&loop=0&rel=0&fs=1&playsinline=0&autohide=2&theme=dark&color=red&controls=1&disablekb=0&\" class=\"__youtube_prefs__  no-lazyload\" title=\"Reproductor de YouTube\"  allow=\"fullscreen; accelerometer; autoplay; clipboard-write; encrypted-media; gyroscope; picture-in-picture; web-share\" referrerpolicy=\"strict-origin-when-cross-origin\" allowfullscreen data-no-lazy=\"1\" data-skipgform_ajax_framebjll=\"\"><\/iframe><\/p>\n\t\t\t<footer>\n\t\t\t\t\n\t\t\t\t\t\t\t<\/footer>\n\t\t<\/div>\n\t<\/div>\n<\/div>\t\t\t\t\t\t\t\t\t\n<div class=\"testimonial wd-carousel-item\">\n\t<div class=\"testimonial-inner\">\n\t\t\n\t\t<div class=\"testimonial-content\">\n\t\t\t<div class=\"testimonial-rating\">\n\t\t\t\t<span class=\"star-rating\">\n\t\t\t\t\t<span style=\"width:100%\"><\/span>\n\t\t\t\t<\/span>\n\t\t\t<\/div>\n\n\t\t\t<p><iframe  id=\"_ytid_13415\"  width=\"800\" height=\"450\"  data-origwidth=\"800\" data-origheight=\"450\"  data-relstop=\"1\" src=\"https:\/\/www.youtube.com\/embed\/dXH25ZypgKU?enablejsapi=1&autoplay=0&cc_load_policy=1&cc_lang_pref=&iv_load_policy=3&loop=0&rel=0&fs=1&playsinline=0&autohide=2&theme=dark&color=red&controls=1&disablekb=0&\" class=\"__youtube_prefs__  no-lazyload\" title=\"Reproductor de YouTube\"  allow=\"fullscreen; accelerometer; autoplay; clipboard-write; encrypted-media; gyroscope; picture-in-picture; web-share\" referrerpolicy=\"strict-origin-when-cross-origin\" allowfullscreen data-no-lazy=\"1\" data-skipgform_ajax_framebjll=\"\"><\/iframe><\/p>\n\t\t\t<footer>\n\t\t\t\t\n\t\t\t\t\t\t\t<\/footer>\n\t\t<\/div>\n\t<\/div>\n<\/div>\t\t\t\t\t\t\t\t\t\n<div class=\"testimonial wd-carousel-item\">\n\t<div class=\"testimonial-inner\">\n\t\t\n\t\t<div class=\"testimonial-content\">\n\t\t\t<div class=\"testimonial-rating\">\n\t\t\t\t<span class=\"star-rating\">\n\t\t\t\t\t<span style=\"width:100%\"><\/span>\n\t\t\t\t<\/span>\n\t\t\t<\/div>\n\n\t\t\t<p><iframe  id=\"_ytid_28464\"  width=\"800\" height=\"450\"  data-origwidth=\"800\" data-origheight=\"450\"  data-relstop=\"1\" src=\"https:\/\/www.youtube.com\/embed\/0kVZHqUFiwM?enablejsapi=1&autoplay=0&cc_load_policy=1&cc_lang_pref=&iv_load_policy=3&loop=0&rel=0&fs=1&playsinline=0&autohide=2&theme=dark&color=red&controls=1&disablekb=0&\" class=\"__youtube_prefs__  no-lazyload\" title=\"Reproductor de YouTube\"  allow=\"fullscreen; accelerometer; autoplay; clipboard-write; encrypted-media; gyroscope; picture-in-picture; web-share\" referrerpolicy=\"strict-origin-when-cross-origin\" allowfullscreen data-no-lazy=\"1\" data-skipgform_ajax_framebjll=\"\"><\/iframe><\/p>\n\t\t\t<footer>\n\t\t\t\t\n\t\t\t\t\t\t\t<\/footer>\n\t\t<\/div>\n\t<\/div>\n<\/div>\t\t\t\t\n\t\t\t\t\t\t\t\t\t<\/div>\n\t\t\t\t\t\t\t<\/div>\n\t\t\t\t\t\t\t\t\t\t\t\t\t\t<div class=\"wd-nav-arrows wd-pos-sep wd-hover-1 wd-icon-1\">\n\t\t\t<div class=\"wd-btn-arrow wd-prev wd-disabled\">\n\t\t\t\t<div class=\"wd-arrow-inner\"><\/div>\n\t\t\t<\/div>\n\t\t\t<div class=\"wd-btn-arrow wd-next\">\n\t\t\t\t<div class=\"wd-arrow-inner\"><\/div>\n\t\t\t<\/div>\n\t\t<\/div>\n\t\t\t\t\t\t\n\t\t\t\t<\/div>\n\n\t\t\t\t\t\t<div class=\"wd-nav-pagin-wrap text-center wd-style-shape wd-hide-md-sm wd-hide-sm\">\n\t\t\t<ul class=\"wd-nav-pagin\"><\/ul>\n\t\t<\/div>\n\t\t\t\t\t\t\t\t\t\t\t<\/div>\n\t\t\t\t\t\t<\/div>\n\t\t\t\t<\/div>\n\t\t\t\t\t<\/div>\n\t\t<\/div>\n\t\t\t\t\t<\/div>\n\t\t<\/section>\n\t\t\t\t<\/div>","protected":false},"excerpt":{"rendered":"<p>&#8220;<strong>\u00bfBusca creatividad sin l\u00edmites?<\/strong> Descubra nuestro tablero de dibujo magn\u00e9tico: la soluci\u00f3n definitiva para inspirar la expresi\u00f3n art\u00edstica de los ni\u00f1os. Desbloquea la imaginaci\u00f3n, la diversi\u00f3n sin l\u00edos y la limpieza f\u00e1cil. Compre ahora y obtenga 30% DE DESCUENTO\".<\/p>","protected":false},"featured_media":14783,"comment_status":"open","ping_status":"closed","template":"","meta":{"_acf_changed":false},"product_brand":[],"product_cat":[509],"product_tag":[537,539,541,540,538,542],"class_list":{"0":"post-14793","1":"product","2":"type-product","3":"status-publish","4":"has-post-thumbnail","6":"product_cat-best-baby-toys","7":"product_tag-magna-doodle","8":"product_tag-magna-doodle-board","9":"product_tag-magnet-drawing-toy","10":"product_tag-magnetic-doodle-board","11":"product_tag-magnetic-drawing-board","12":"product_tag-magnetic-drawing-pad","14":"first","15":"outofstock","16":"sale","17":"taxable","18":"shipping-taxable","19":"purchasable","20":"product-type-variable","21":"wvs-archive-product-wrapper"},"acf":[],"_links":{"self":[{"href":"https:\/\/babyvk.com\/es\/wp-json\/wp\/v2\/product\/14793","targetHints":{"allow":["GET"]}}],"collection":[{"href":"https:\/\/babyvk.com\/es\/wp-json\/wp\/v2\/product"}],"about":[{"href":"https:\/\/babyvk.com\/es\/wp-json\/wp\/v2\/types\/product"}],"replies":[{"embeddable":true,"href":"https:\/\/babyvk.com\/es\/wp-json\/wp\/v2\/comments?post=14793"}],"version-history":[{"count":0,"href":"https:\/\/babyvk.com\/es\/wp-json\/wp\/v2\/product\/14793\/revisions"}],"wp:featuredmedia":[{"embeddable":true,"href":"https:\/\/babyvk.com\/es\/wp-json\/wp\/v2\/media\/14783"}],"wp:attachment":[{"href":"https:\/\/babyvk.com\/es\/wp-json\/wp\/v2\/media?parent=14793"}],"wp:term":[{"taxonomy":"product_brand","embeddable":true,"href":"https:\/\/babyvk.com\/es\/wp-json\/wp\/v2\/product_brand?post=14793"},{"taxonomy":"product_cat","embeddable":true,"href":"https:\/\/babyvk.com\/es\/wp-json\/wp\/v2\/product_cat?post=14793"},{"taxonomy":"product_tag","embeddable":true,"href":"https:\/\/babyvk.com\/es\/wp-json\/wp\/v2\/product_tag?post=14793"}],"curies":[{"name":"wp","href":"https:\/\/api.w.org\/{rel}","templated":true}]}}