{"id":14295,"date":"2023-05-26T13:28:38","date_gmt":"2023-05-26T13:28:38","guid":{"rendered":"https:\/\/babyvk.com\/?post_type=product&#038;p=14295"},"modified":"2025-03-10T20:03:36","modified_gmt":"2025-03-10T20:03:36","slug":"baby-fruit-feeder-pacifier","status":"publish","type":"product","link":"https:\/\/babyvk.com\/es\/product\/baby-fruit-feeder-pacifier\/","title":{"rendered":"Comedero de frutas para beb\u00e9s Chupete"},"content":{"rendered":"<div data-elementor-type=\"product-post\" data-elementor-id=\"14295\" class=\"elementor elementor-14295\" data-elementor-post-type=\"product\">\n\t\t\t\t\t\t<section class=\"elementor-section elementor-top-section elementor-element elementor-element-7a7317b elementor-section-boxed elementor-section-height-default elementor-section-height-default\" data-id=\"7a7317b\" data-element_type=\"section\">\n\t\t\t\t\t\t<div class=\"elementor-container elementor-column-gap-default\">\n\t\t\t\t\t<div class=\"elementor-column elementor-col-100 elementor-top-column elementor-element elementor-element-9f17075\" data-id=\"9f17075\" data-element_type=\"column\">\n\t\t\t<div class=\"elementor-widget-wrap elementor-element-populated\">\n\t\t\t\t\t\t<div class=\"elementor-element elementor-element-8fecd91 wd-width-100 elementor-widget elementor-widget-wd_title\" data-id=\"8fecd91\" data-element_type=\"widget\" data-widget_type=\"wd_title.default\">\n\t\t\t\t<div class=\"elementor-widget-container\">\n\t\t\t\t\t\t\t<div class=\"title-wrapper wd-set-mb reset-last-child wd-title-color-default wd-title-style-default wd-title-size-default text-left\">\n\n\t\t\t\n\t\t\t<div class=\"liner-continer\">\n\t\t\t\t<h4 class=\"woodmart-title-container title wd-fontsize-l\">Descripci\u00f3n del producto:<\/h4> \n\t\t\t\t\t\t\t<\/div>\n\n\t\t\t\t\t\t\t<div class=\"title-after_title reset-last-child wd-fontsize-xs\">\n\t\t\t\t\t<p>El chupete Baby Fruit Feeder es una herramienta de alimentaci\u00f3n segura y fiable para los beb\u00e9s. Est\u00e1 fabricado con silicona alimentaria 100%, lo que garantiza que no contiene BPA, PVC, caucho, metales, ftalatos, toxinas ni \u00f3xido. Este chupete alimentador combina la funcionalidad de un chupete y un juguete para la dentici\u00f3n, eliminando la necesidad de triturar la comida. La espaciosa bolsa de almacenamiento de alimentos puede contener frutas, verduras, leche materna o pur\u00e9s, lo que permite al beb\u00e9 masticar alimentos s\u00f3lidos antes de que le salgan los dientes. Tambi\u00e9n viene con una tapa protectora para mantener la tetina de silicona limpia e higi\u00e9nica, evitando que la comida se manche las manos. La superficie texturizada de la tetina estimula las enc\u00edas, ayudando al crecimiento de los dientes anteriores, intermedios y posteriores. La limpieza es muy sencilla, ya que s\u00f3lo requiere un suave frotamiento con agua tibia y jab\u00f3n para eliminar los restos de comida. El chupete Baby Fruit Feeder es adecuado para su uso durante la etapa de desarrollo oral de su beb\u00e9.<\/p>\t\t\t\t<\/div>\n\t\t\t\t\t<\/div>\n\t\t\t\t\t\t<\/div>\n\t\t\t\t<\/div>\n\t\t\t\t\t<\/div>\n\t\t<\/div>\n\t\t\t\t\t<\/div>\n\t\t<\/section>\n\t\t\t\t<section class=\"elementor-section elementor-top-section elementor-element elementor-element-40b7233 elementor-section-boxed elementor-section-height-default elementor-section-height-default\" data-id=\"40b7233\" data-element_type=\"section\">\n\t\t\t\t\t\t<div class=\"elementor-container elementor-column-gap-default\">\n\t\t\t\t\t<div class=\"elementor-column elementor-col-100 elementor-top-column elementor-element elementor-element-d33c743\" data-id=\"d33c743\" data-element_type=\"column\">\n\t\t\t<div class=\"elementor-widget-wrap elementor-element-populated\">\n\t\t\t\t\t\t<div class=\"elementor-element elementor-element-ece2bab elementor-widget elementor-widget-wd_text_block\" data-id=\"ece2bab\" data-element_type=\"widget\" data-widget_type=\"wd_text_block.default\">\n\t\t\t\t<div class=\"elementor-widget-container\">\n\t\t\t\t\t\t\t<div class=\"wd-text-block reset-last-child text-left\">\n\t\t\t\n\t\t\t<p><strong><span style=\"color: #000000;\">Caracter\u00edsticas:<\/span><\/strong><\/p><ol><li><p><b>Dise\u00f1o multifuncional:<\/b> El chupete Baby Fruit Feeder combina las funciones de un chupete y un juguete para la dentici\u00f3n, eliminando la necesidad de triturar la comida. La generosa bolsa de almacenamiento de alimentos puede contener frutas, verduras, leche materna o pur\u00e9s, asegurando que su beb\u00e9 no muerda grandes trozos de comida.<\/p><\/li><li><p><b>Seguridad y fiabilidad:<\/b> Fabricado con silicona certificada de calidad alimentaria 100%, el chupete alimentador no contiene BPA, PVC, caucho, metales, ftalatos, toxinas ni \u00f3xido, lo que garantiza que cumple las normas m\u00e1s estrictas de salud y seguridad para su beb\u00e9.<\/p><\/li><li><p><b>Dise\u00f1o de tapa protectora:<\/b> Equipado con una tapa protectora, el chupete alimentador mantiene la tetina de silicona limpia e higi\u00e9nica, al tiempo que evita que la comida se manche las manos. Basta con cerrar el asa despu\u00e9s de llenar el dep\u00f3sito de comida, y ya est\u00e1 listo para que lo use tu beb\u00e9.<\/p><\/li><li><p><b>Estimulaci\u00f3n de las enc\u00edas: <\/b>La superficie texturizada de la tetina de fruta masajea y estimula las enc\u00edas del beb\u00e9, favoreciendo la erupci\u00f3n de los dientes anteriores, intermedios y posteriores. Es adecuado para su uso durante las etapas de desarrollo de su beb\u00e9.<\/p><\/li><li><p><b>F\u00e1cil limpieza y almacenamiento:<\/b> El comedero de silicona es incre\u00edblemente f\u00e1cil de limpiar. Basta con frotar suavemente con agua tibia y jab\u00f3n para eliminar los restos de comida. Tambi\u00e9n es c\u00f3modo de guardar, ya que ocupa un espacio m\u00ednimo.<\/p><\/li><\/ol>\n\t\t\t\t\t<\/div>\n\t\t\t\t\t\t<\/div>\n\t\t\t\t<\/div>\n\t\t\t\t\t<\/div>\n\t\t<\/div>\n\t\t\t\t\t<\/div>\n\t\t<\/section>\n\t\t\t\t<section class=\"elementor-section elementor-top-section elementor-element elementor-element-580d9e5 elementor-section-boxed elementor-section-height-default elementor-section-height-default\" data-id=\"580d9e5\" data-element_type=\"section\">\n\t\t\t\t\t\t<div class=\"elementor-container elementor-column-gap-default\">\n\t\t\t\t\t<div class=\"elementor-column elementor-col-100 elementor-top-column elementor-element elementor-element-5c2c3b7\" data-id=\"5c2c3b7\" data-element_type=\"column\">\n\t\t\t<div class=\"elementor-widget-wrap elementor-element-populated\">\n\t\t\t\t\t\t<div class=\"elementor-element elementor-element-349c27f elementor-widget elementor-widget-wd_text_block\" data-id=\"349c27f\" data-element_type=\"widget\" data-widget_type=\"wd_text_block.default\">\n\t\t\t\t<div class=\"elementor-widget-container\">\n\t\t\t\t\t\t\t<div class=\"wd-text-block reset-last-child text-left\">\n\t\t\t\n\t\t\t<p><strong><span style=\"color: #000000;\">Especificaciones del producto:<\/span><\/strong><\/p><ul><li><b>Nombre del producto: <\/b>Comedero de frutas para beb\u00e9s Chupete<\/li><li><b>Material:<\/b> 100% silicona alimentaria<\/li><li><b>Libre de:<\/b> BPA, PVC, caucho, metales, ftalatos, toxinas y \u00f3xido<\/li><li><b>Dise\u00f1o multifuncional:<\/b> Combinaci\u00f3n de chupete y mordedor<\/li><li><b>Capacidad de la bolsa de almacenamiento de alimentos: <\/b>Apto para frutas, verduras, leche materna o pur\u00e9s<\/li><li><b>Tapa protectora:<\/b> Mantiene la tetina limpia e higi\u00e9nica<\/li><li><b>Estimulaci\u00f3n de las enc\u00edas: <\/b>Superficie texturizada para masajear y estimular las enc\u00edas<\/li><li><b>M\u00e9todo de limpieza:<\/b> Frotar suavemente con agua tibia y jab\u00f3n<\/li><li><b>Adecuaci\u00f3n a la edad: <\/b>Adecuado para beb\u00e9s durante su etapa de desarrollo oral<\/li><\/ul>\n\t\t\t\t\t<\/div>\n\t\t\t\t\t\t<\/div>\n\t\t\t\t<\/div>\n\t\t\t\t<div class=\"elementor-element elementor-element-3a159c1 elementor-widget elementor-widget-wd_image_or_svg\" data-id=\"3a159c1\" data-element_type=\"widget\" data-widget_type=\"wd_image_or_svg.default\">\n\t\t\t\t<div class=\"elementor-widget-container\">\n\t\t\t\t\t\n\t\t<div class=\"wd-image text-left\">\n\t\t\t\t\t\t\t\t<img fetchpriority=\"high\" decoding=\"async\" width=\"800\" height=\"800\" src=\"https:\/\/babyvk.com\/wp-content\/uploads\/2023\/05\/pacifier-you-can-put-fruit-in.webp\" class=\"attachment-full size-full wvs-archive-product-image\" alt=\"Comedero de frutas Chupete\" srcset=\"https:\/\/babyvk.com\/wp-content\/uploads\/2023\/05\/pacifier-you-can-put-fruit-in.webp 800w, https:\/\/babyvk.com\/wp-content\/uploads\/2023\/05\/pacifier-you-can-put-fruit-in-30x30.webp 30w, https:\/\/babyvk.com\/wp-content\/uploads\/2023\/05\/pacifier-you-can-put-fruit-in-50x50.webp 50w, https:\/\/babyvk.com\/wp-content\/uploads\/2023\/05\/pacifier-you-can-put-fruit-in-100x100.webp 100w, https:\/\/babyvk.com\/wp-content\/uploads\/2023\/05\/pacifier-you-can-put-fruit-in-150x150.webp 150w, https:\/\/babyvk.com\/wp-content\/uploads\/2023\/05\/pacifier-you-can-put-fruit-in-300x300.webp 300w, https:\/\/babyvk.com\/wp-content\/uploads\/2023\/05\/pacifier-you-can-put-fruit-in-768x768.webp 768w, https:\/\/babyvk.com\/wp-content\/uploads\/2023\/05\/pacifier-you-can-put-fruit-in-500x500.webp 500w, https:\/\/babyvk.com\/wp-content\/uploads\/2023\/05\/pacifier-you-can-put-fruit-in-430x430.webp 430w, https:\/\/babyvk.com\/wp-content\/uploads\/2023\/05\/pacifier-you-can-put-fruit-in-700x700.webp 700w\" sizes=\"(max-width: 800px) 100vw, 800px\" title=\"\">\t\t\t\t\t<\/div>\n\n\t\t\t\t\t\t<\/div>\n\t\t\t\t<\/div>\n\t\t\t\t\t<\/div>\n\t\t<\/div>\n\t\t\t\t\t<\/div>\n\t\t<\/section>\n\t\t\t\t<section class=\"elementor-section elementor-top-section elementor-element elementor-element-4296e4b elementor-section-boxed elementor-section-height-default elementor-section-height-default\" data-id=\"4296e4b\" data-element_type=\"section\">\n\t\t\t\t\t\t<div class=\"elementor-container elementor-column-gap-default\">\n\t\t\t\t\t<div class=\"elementor-column elementor-col-100 elementor-top-column elementor-element elementor-element-63f513c\" data-id=\"63f513c\" data-element_type=\"column\">\n\t\t\t<div class=\"elementor-widget-wrap elementor-element-populated\">\n\t\t\t\t\t\t<div class=\"elementor-element elementor-element-eb6792d elementor-widget elementor-widget-wd_text_block\" data-id=\"eb6792d\" data-element_type=\"widget\" data-widget_type=\"wd_text_block.default\">\n\t\t\t\t<div class=\"elementor-widget-container\">\n\t\t\t\t\t\t\t<div class=\"wd-text-block reset-last-child text-left\">\n\t\t\t\n\t\t\t<p>Tanto si se utiliza como una herramienta de alimentaci\u00f3n para la introducci\u00f3n de s\u00f3lidos o como un juguete calmante para aliviar las molestias de la dentici\u00f3n, el chupete alimentador de frutas para beb\u00e9s es una opci\u00f3n segura, pr\u00e1ctica y f\u00e1cil de limpiar. Confiamos en la calidad de nuestro producto y ofrecemos una garant\u00eda de reembolso incondicional para asegurar su satisfacci\u00f3n.<\/p>\n\t\t\t\t\t<\/div>\n\t\t\t\t\t\t<\/div>\n\t\t\t\t<\/div>\n\t\t\t\t\t<\/div>\n\t\t<\/div>\n\t\t\t\t\t<\/div>\n\t\t<\/section>\n\t\t\t\t<section class=\"wd-negative-gap elementor-section elementor-top-section elementor-element elementor-element-c0a251a elementor-section-boxed elementor-section-height-default elementor-section-height-default\" data-id=\"c0a251a\" data-element_type=\"section\">\n\t\t\t\t\t\t<div class=\"elementor-container elementor-column-gap-default\">\n\t\t\t\t\t<div class=\"elementor-column elementor-col-100 elementor-top-column elementor-element elementor-element-2938f65\" data-id=\"2938f65\" data-element_type=\"column\">\n\t\t\t<div class=\"elementor-widget-wrap elementor-element-populated\">\n\t\t\t\t\t\t<div class=\"elementor-element elementor-element-a98f768 wd-width-100 elementor-widget elementor-widget-wd_title\" data-id=\"a98f768\" data-element_type=\"widget\" data-widget_type=\"wd_title.default\">\n\t\t\t\t<div class=\"elementor-widget-container\">\n\t\t\t\t\t\t\t<div class=\"title-wrapper wd-set-mb reset-last-child wd-title-color-default wd-title-style-default wd-title-size-default text-center\">\n\n\t\t\t\t\t\t\t\t\t\t\t<div class=\"title-subtitle subtitle-color-default subtitle-style-default wd-fontsize-xs\">\n\t\t\t\t\tVEA NUESTRO VERDADERO ESPECT\u00c1CULO\t\t\t\t<\/div>\n\t\t\t\n\t\t\t<div class=\"liner-continer\">\n\t\t\t\t<h4 class=\"woodmart-title-container title wd-fontsize-l\">Nuestro breve v\u00eddeo<\/h4> \n\t\t\t\t\t\t\t<\/div>\n\n\t\t\t\t\t\t\t<div class=\"title-after_title reset-last-child wd-fontsize-xs\">\n\t\t\t\t\t<p>Muestra la escena de uso del producto, te permite conocer m\u00e1s detalles.<\/p>\t\t\t\t<\/div>\n\t\t\t\t\t<\/div>\n\t\t\t\t\t\t<\/div>\n\t\t\t\t<\/div>\n\t\t\t\t<div class=\"elementor-element elementor-element-c983a29 elementor-widget elementor-widget-wd_testimonials\" data-id=\"c983a29\" data-element_type=\"widget\" data-widget_type=\"wd_testimonials.default\">\n\t\t\t\t<div class=\"elementor-widget-container\">\n\t\t\t\t\t\t\t<div class=\"testimonials testimon-style-standard  color-scheme- testimon-align-center wd-carousel-container\" id=\"carousel-4252\">\n\t\t\t\t\t\t\t<div class=\"wd-carousel-inner\">\n\t\t\t\n\t\t\t<div class=\"wd-carousel wd-grid\" data-scroll_per_page=\"yes\" style=\"--wd-col-lg:2;--wd-col-md:2;--wd-col-sm:1;--wd-gap-lg:30px;--wd-gap-sm:10px;\">\n\t\t\t\t\t\t\t\t\t<div class=\"wd-carousel-wrap\">\n\t\t\t\t\n\t\t\t\t\t\t\t\t\t\n<div class=\"testimonial wd-carousel-item\">\n\t<div class=\"testimonial-inner\">\n\t\t\n\t\t<div class=\"testimonial-content\">\n\t\t\t<div class=\"testimonial-rating\">\n\t\t\t\t<span class=\"star-rating\">\n\t\t\t\t\t<span style=\"width:100%\"><\/span>\n\t\t\t\t<\/span>\n\t\t\t<\/div>\n\n\t\t\t<p><iframe  id=\"_ytid_12120\"  width=\"800\" height=\"450\"  data-origwidth=\"800\" data-origheight=\"450\"  data-relstop=\"1\" src=\"https:\/\/www.youtube.com\/embed\/GTuSklCtIEY?enablejsapi=1&autoplay=0&cc_load_policy=1&cc_lang_pref=&iv_load_policy=3&loop=0&rel=0&fs=1&playsinline=0&autohide=2&theme=dark&color=red&controls=1&disablekb=0&\" class=\"__youtube_prefs__  no-lazyload\" title=\"Reproductor de YouTube\"  allow=\"fullscreen; accelerometer; autoplay; clipboard-write; encrypted-media; gyroscope; picture-in-picture; web-share\" referrerpolicy=\"strict-origin-when-cross-origin\" allowfullscreen data-no-lazy=\"1\" data-skipgform_ajax_framebjll=\"\"><\/iframe><\/p>\n\t\t\t<footer>\n\t\t\t\t\n\t\t\t\t\t\t\t<\/footer>\n\t\t<\/div>\n\t<\/div>\n<\/div>\t\t\t\t\t\t\t\t\t\n<div class=\"testimonial wd-carousel-item\">\n\t<div class=\"testimonial-inner\">\n\t\t\n\t\t<div class=\"testimonial-content\">\n\t\t\t<div class=\"testimonial-rating\">\n\t\t\t\t<span class=\"star-rating\">\n\t\t\t\t\t<span style=\"width:100%\"><\/span>\n\t\t\t\t<\/span>\n\t\t\t<\/div>\n\n\t\t\t<p><iframe  id=\"_ytid_53091\"  width=\"800\" height=\"450\"  data-origwidth=\"800\" data-origheight=\"450\"  data-relstop=\"1\" src=\"https:\/\/www.youtube.com\/embed\/pcF7I9DNWh4?enablejsapi=1&autoplay=0&cc_load_policy=1&cc_lang_pref=&iv_load_policy=3&loop=0&rel=0&fs=1&playsinline=0&autohide=2&theme=dark&color=red&controls=1&disablekb=0&\" class=\"__youtube_prefs__  no-lazyload\" title=\"Reproductor de YouTube\"  allow=\"fullscreen; accelerometer; autoplay; clipboard-write; encrypted-media; gyroscope; picture-in-picture; web-share\" referrerpolicy=\"strict-origin-when-cross-origin\" allowfullscreen data-no-lazy=\"1\" data-skipgform_ajax_framebjll=\"\"><\/iframe><\/p>\n\t\t\t<footer>\n\t\t\t\t\n\t\t\t\t\t\t\t<\/footer>\n\t\t<\/div>\n\t<\/div>\n<\/div>\t\t\t\t\t\t\t\t\t\n<div class=\"testimonial wd-carousel-item\">\n\t<div class=\"testimonial-inner\">\n\t\t\n\t\t<div class=\"testimonial-content\">\n\t\t\t<div class=\"testimonial-rating\">\n\t\t\t\t<span class=\"star-rating\">\n\t\t\t\t\t<span style=\"width:100%\"><\/span>\n\t\t\t\t<\/span>\n\t\t\t<\/div>\n\n\t\t\t<p><iframe  id=\"_ytid_48250\"  width=\"800\" height=\"450\"  data-origwidth=\"800\" data-origheight=\"450\"  data-relstop=\"1\" src=\"https:\/\/www.youtube.com\/embed\/J7e-Kk5uL10?enablejsapi=1&autoplay=0&cc_load_policy=1&cc_lang_pref=&iv_load_policy=3&loop=0&rel=0&fs=1&playsinline=0&autohide=2&theme=dark&color=red&controls=1&disablekb=0&\" class=\"__youtube_prefs__  no-lazyload\" title=\"Reproductor de YouTube\"  allow=\"fullscreen; accelerometer; autoplay; clipboard-write; encrypted-media; gyroscope; picture-in-picture; web-share\" referrerpolicy=\"strict-origin-when-cross-origin\" allowfullscreen data-no-lazy=\"1\" data-skipgform_ajax_framebjll=\"\"><\/iframe><\/p>\n\t\t\t<footer>\n\t\t\t\t\n\t\t\t\t\t\t\t<\/footer>\n\t\t<\/div>\n\t<\/div>\n<\/div>\t\t\t\t\t\t\t\t\t\n<div class=\"testimonial wd-carousel-item\">\n\t<div class=\"testimonial-inner\">\n\t\t\n\t\t<div class=\"testimonial-content\">\n\t\t\t<div class=\"testimonial-rating\">\n\t\t\t\t<span class=\"star-rating\">\n\t\t\t\t\t<span style=\"width:100%\"><\/span>\n\t\t\t\t<\/span>\n\t\t\t<\/div>\n\n\t\t\t<p><iframe  id=\"_ytid_12594\"  width=\"800\" height=\"450\"  data-origwidth=\"800\" data-origheight=\"450\"  data-relstop=\"1\" src=\"https:\/\/www.youtube.com\/embed\/CyAsDEWkNHY?enablejsapi=1&autoplay=0&cc_load_policy=1&cc_lang_pref=&iv_load_policy=3&loop=0&rel=0&fs=1&playsinline=0&autohide=2&theme=dark&color=red&controls=1&disablekb=0&\" class=\"__youtube_prefs__  no-lazyload\" title=\"Reproductor de YouTube\"  allow=\"fullscreen; accelerometer; autoplay; clipboard-write; encrypted-media; gyroscope; picture-in-picture; web-share\" referrerpolicy=\"strict-origin-when-cross-origin\" allowfullscreen data-no-lazy=\"1\" data-skipgform_ajax_framebjll=\"\"><\/iframe><\/p>\n\t\t\t<footer>\n\t\t\t\t\n\t\t\t\t\t\t\t<\/footer>\n\t\t<\/div>\n\t<\/div>\n<\/div>\t\t\t\t\t\t\t\t\t\n<div class=\"testimonial wd-carousel-item\">\n\t<div class=\"testimonial-inner\">\n\t\t\n\t\t<div class=\"testimonial-content\">\n\t\t\t<div class=\"testimonial-rating\">\n\t\t\t\t<span class=\"star-rating\">\n\t\t\t\t\t<span style=\"width:100%\"><\/span>\n\t\t\t\t<\/span>\n\t\t\t<\/div>\n\n\t\t\t<p><iframe  id=\"_ytid_72450\"  width=\"800\" height=\"450\"  data-origwidth=\"800\" data-origheight=\"450\"  data-relstop=\"1\" src=\"https:\/\/www.youtube.com\/embed\/x5CythGRBzI?enablejsapi=1&autoplay=0&cc_load_policy=1&cc_lang_pref=&iv_load_policy=3&loop=0&rel=0&fs=1&playsinline=0&autohide=2&theme=dark&color=red&controls=1&disablekb=0&\" class=\"__youtube_prefs__  no-lazyload\" title=\"Reproductor de YouTube\"  allow=\"fullscreen; accelerometer; autoplay; clipboard-write; encrypted-media; gyroscope; picture-in-picture; web-share\" referrerpolicy=\"strict-origin-when-cross-origin\" allowfullscreen data-no-lazy=\"1\" data-skipgform_ajax_framebjll=\"\"><\/iframe><\/p>\n\t\t\t<footer>\n\t\t\t\t\n\t\t\t\t\t\t\t<\/footer>\n\t\t<\/div>\n\t<\/div>\n<\/div>\t\t\t\t\n\t\t\t\t\t\t\t\t\t<\/div>\n\t\t\t\t\t\t\t<\/div>\n\t\t\t\t\t\t\t\t\t\t\t\t\t\t<div class=\"wd-nav-arrows wd-pos-sep wd-hover-1 wd-icon-1\">\n\t\t\t<div class=\"wd-btn-arrow wd-prev wd-disabled\">\n\t\t\t\t<div class=\"wd-arrow-inner\"><\/div>\n\t\t\t<\/div>\n\t\t\t<div class=\"wd-btn-arrow wd-next\">\n\t\t\t\t<div class=\"wd-arrow-inner\"><\/div>\n\t\t\t<\/div>\n\t\t<\/div>\n\t\t\t\t\t\t\n\t\t\t\t<\/div>\n\n\t\t\t\t\t\t<div class=\"wd-nav-pagin-wrap text-center wd-style-shape wd-hide-md-sm wd-hide-sm\">\n\t\t\t<ul class=\"wd-nav-pagin\"><\/ul>\n\t\t<\/div>\n\t\t\t\t\t\t\t\t\t\t\t<\/div>\n\t\t\t\t\t\t<\/div>\n\t\t\t\t<\/div>\n\t\t\t\t\t<\/div>\n\t\t<\/div>\n\t\t\t\t\t<\/div>\n\t\t<\/section>\n\t\t\t\t<\/div>","protected":false},"excerpt":{"rendered":"<p>&#8220;<strong>\u00bfBusca una forma segura de introducir s\u00f3lidos a su beb\u00e9?<\/strong> \u00a1Pruebe nuestro chupete alimentador de frutas para beb\u00e9s! Dise\u00f1ado para facilitar la transici\u00f3n a los alimentos s\u00f3lidos y aliviar las molestias de la dentici\u00f3n. Compre ahora para el env\u00edo gratis y obtener 30% OFF!\"<\/p>","protected":false},"featured_media":14287,"comment_status":"open","ping_status":"closed","template":"","meta":{"_acf_changed":false},"product_brand":[],"product_cat":[508],"product_tag":[525,526,527,523,524],"class_list":{"0":"post-14295","1":"product","2":"type-product","3":"status-publish","4":"has-post-thumbnail","6":"product_cat-best-baby-feeding","7":"product_tag-feeder-pacifier","8":"product_tag-food-feeder-pacifier","9":"product_tag-fruit-feeding-nipple","10":"product_tag-fruit-pacifier","11":"product_tag-mesh-fruit-teether","13":"first","14":"instock","15":"sale","16":"taxable","17":"shipping-taxable","18":"purchasable","19":"product-type-variable","20":"wvs-archive-product-wrapper"},"acf":[],"_links":{"self":[{"href":"https:\/\/babyvk.com\/es\/wp-json\/wp\/v2\/product\/14295","targetHints":{"allow":["GET"]}}],"collection":[{"href":"https:\/\/babyvk.com\/es\/wp-json\/wp\/v2\/product"}],"about":[{"href":"https:\/\/babyvk.com\/es\/wp-json\/wp\/v2\/types\/product"}],"replies":[{"embeddable":true,"href":"https:\/\/babyvk.com\/es\/wp-json\/wp\/v2\/comments?post=14295"}],"version-history":[{"count":0,"href":"https:\/\/babyvk.com\/es\/wp-json\/wp\/v2\/product\/14295\/revisions"}],"wp:featuredmedia":[{"embeddable":true,"href":"https:\/\/babyvk.com\/es\/wp-json\/wp\/v2\/media\/14287"}],"wp:attachment":[{"href":"https:\/\/babyvk.com\/es\/wp-json\/wp\/v2\/media?parent=14295"}],"wp:term":[{"taxonomy":"product_brand","embeddable":true,"href":"https:\/\/babyvk.com\/es\/wp-json\/wp\/v2\/product_brand?post=14295"},{"taxonomy":"product_cat","embeddable":true,"href":"https:\/\/babyvk.com\/es\/wp-json\/wp\/v2\/product_cat?post=14295"},{"taxonomy":"product_tag","embeddable":true,"href":"https:\/\/babyvk.com\/es\/wp-json\/wp\/v2\/product_tag?post=14295"}],"curies":[{"name":"wp","href":"https:\/\/api.w.org\/{rel}","templated":true}]}}