{"id":14144,"date":"2023-05-21T09:04:36","date_gmt":"2023-05-21T09:04:36","guid":{"rendered":"https:\/\/babyvk.com\/?post_type=product&#038;p=14144"},"modified":"2025-03-10T20:03:36","modified_gmt":"2025-03-10T20:03:36","slug":"bunny-stuffed-plush-toy-for-kids","status":"publish","type":"product","link":"https:\/\/babyvk.com\/es\/product\/bunny-stuffed-plush-toy-for-kids\/","title":{"rendered":"Simp\u00e1tico conejito de peluche"},"content":{"rendered":"<div data-elementor-type=\"product-post\" data-elementor-id=\"14144\" class=\"elementor elementor-14144\" data-elementor-post-type=\"product\">\n\t\t\t\t\t\t<section class=\"elementor-section elementor-top-section elementor-element elementor-element-17a9aa7 elementor-section-boxed elementor-section-height-default elementor-section-height-default\" data-id=\"17a9aa7\" data-element_type=\"section\">\n\t\t\t\t\t\t<div class=\"elementor-container elementor-column-gap-default\">\n\t\t\t\t\t<div class=\"elementor-column elementor-col-100 elementor-top-column elementor-element elementor-element-f460264\" data-id=\"f460264\" data-element_type=\"column\">\n\t\t\t<div class=\"elementor-widget-wrap elementor-element-populated\">\n\t\t\t\t\t\t<div class=\"elementor-element elementor-element-3bf778c wd-width-100 elementor-widget elementor-widget-wd_title\" data-id=\"3bf778c\" data-element_type=\"widget\" data-widget_type=\"wd_title.default\">\n\t\t\t\t<div class=\"elementor-widget-container\">\n\t\t\t\t\t\t\t<div class=\"title-wrapper wd-set-mb reset-last-child wd-title-color-default wd-title-style-default wd-title-size-default text-left\">\n\n\t\t\t\n\t\t\t<div class=\"liner-continer\">\n\t\t\t\t<h4 class=\"woodmart-title-container title wd-fontsize-l\">Descripci\u00f3n:<\/h4> \n\t\t\t\t\t\t\t<\/div>\n\n\t\t\t\t\t\t\t<div class=\"title-after_title reset-last-child wd-fontsize-xs\">\n\t\t\t\t\t<p>Presentamos el peluche Bunny Hide and Seek, una creaci\u00f3n encantadora y mimosa. Abre la cremallera de la fresa para descubrir un encantador conejito blanco, perfecto para un sinf\u00edn de mimos. Fabricado con felpa corta supersuave de alta calidad y relleno de algod\u00f3n PP, nuestro juguete de peluche Conejito ofrece un tacto acogedor que gusta tanto a ni\u00f1os como a adultos.<\/p><p>Elige entre el dise\u00f1o de conejo zanahoria o el de conejo fresa, para encontrar el peluche de conejo perfecto que se adapte a tus preferencias. No solo es ideal para jugar, sino que tambi\u00e9n es un regalo dulce y encantador para los amigos, y sirve como decoraci\u00f3n y recuerdo de fiestas.<\/p><p>Cada detalle de nuestro dise\u00f1o demuestra nuestro compromiso con la excelencia. Desde el suave tejido de felpa corta hasta el relleno de algod\u00f3n, cada elemento se elige cuidadosamente para ofrecer una comodidad \u00f3ptima y una larga durabilidad. Nuestro conejito de peluche es resistente a la pelusa y a la deformaci\u00f3n, lo que garantiza que seguir\u00e1 siendo un preciado complemento para su hogar.<\/p><p>Los ni\u00f1os de todas las edades adorar\u00e1n nuestro peluche de conejito. Puede usarse para jugar, como almohada grande para leer, ver la televisi\u00f3n, estudiar o disfrutar de una siesta acogedora. Ya sea como coj\u00edn decorativo o como compa\u00f1ero de peluche, su simp\u00e1tico estilo aportar\u00e1 alegr\u00eda a cualquier entorno.<\/p>\t\t\t\t<\/div>\n\t\t\t\t\t<\/div>\n\t\t\t\t\t\t<\/div>\n\t\t\t\t<\/div>\n\t\t\t\t<div class=\"elementor-element elementor-element-ba3c9ac elementor-widget elementor-widget-wd_text_block\" data-id=\"ba3c9ac\" data-element_type=\"widget\" data-widget_type=\"wd_text_block.default\">\n\t\t\t\t<div class=\"elementor-widget-container\">\n\t\t\t\t\t\t\t<div class=\"wd-text-block reset-last-child text-left\">\n\t\t\t\n\t\t\t<p><span style=\"font-size: 14pt;\"><strong>Caracter\u00edsticas:<\/strong><\/span><\/p><ul><li><strong>Peluche conejito reversible:<\/strong> Este vers\u00e1til conejito de peluche est\u00e1 fabricado con un tejido ultrasuave que no irrita la piel y relleno de algod\u00f3n PP. Sirve como coj\u00edn de fresa o zanahoria, perfecto para Pascua y para alegrar tus celebraciones.<\/li><li><strong>Vers\u00e1til y adorable:<\/strong> Nuestro conejito de peluche de fresa no s\u00f3lo es bonito, sino tambi\u00e9n pr\u00e1ctico. Puede exhibirse como decoraci\u00f3n, utilizarse como coj\u00edn o almohada para la siesta. Al abrir la cremallera de la zanahoria o la fresa aparece un conejito blanco que te arrancar\u00e1 una sonrisa.<\/li><li><strong>Suave y duradero:<\/strong> Fabricado con suave tejido y duradero relleno de algod\u00f3n PP, nuestro peluche Conejo de Pascua mantiene su forma. Puede utilizarse como almohada para el hogar o coj\u00edn para la cintura. A los ni\u00f1os y ni\u00f1as les encantar\u00e1 su simp\u00e1tico dise\u00f1o de conejito y su envoltorio de zanahoria\/fresa.<\/li><li><strong>Comodidad y f\u00e1cil cuidado:<\/strong> Este conejito de peluche proporciona una comodidad perfecta como almohada y coj\u00edn para la cintura. Su larga pelusa no irrita la piel y permite acurrucarlo c\u00f3modamente. La limpieza es f\u00e1cil: lavar suavemente en agua fr\u00eda y colgar para secar. Es un gran regalo para los ni\u00f1os y un maravilloso complemento para su tiempo de juego.<\/li><li><strong>Adorable peluche de conejo:<\/strong> Haz que cada ocasi\u00f3n sea especial con este simp\u00e1tico peluche de conejito. Simboliza los nuevos comienzos y aporta alegr\u00eda a cualquier hogar. Tanto si es un cumplea\u00f1os, Navidad o un detalle para una fiesta, este peluche encantar\u00e1 a ni\u00f1os y mayores.<\/li><\/ul>\n\t\t\t\t\t<\/div>\n\t\t\t\t\t\t<\/div>\n\t\t\t\t<\/div>\n\t\t\t\t\t<\/div>\n\t\t<\/div>\n\t\t\t\t\t<\/div>\n\t\t<\/section>\n\t\t\t\t<section class=\"elementor-section elementor-top-section elementor-element elementor-element-b25a5d4 elementor-section-boxed elementor-section-height-default elementor-section-height-default\" data-id=\"b25a5d4\" data-element_type=\"section\">\n\t\t\t\t\t\t<div class=\"elementor-container elementor-column-gap-default\">\n\t\t\t\t\t<div class=\"elementor-column elementor-col-100 elementor-top-column elementor-element elementor-element-6d98dd1\" data-id=\"6d98dd1\" data-element_type=\"column\">\n\t\t\t<div class=\"elementor-widget-wrap elementor-element-populated\">\n\t\t\t\t\t\t<div class=\"elementor-element elementor-element-ba9db19 color-scheme-inherit text-left elementor-widget elementor-widget-text-editor\" data-id=\"ba9db19\" data-element_type=\"widget\" data-widget_type=\"text-editor.default\">\n\t\t\t\t<div class=\"elementor-widget-container\">\n\t\t\t\t\t\t\t\t\t<p><strong>Especificaciones:<\/strong><\/p><ul><li>100% mu\u00f1eco de peluche nuevo y de alta calidad<\/li><li>Material: felpa suave<\/li><li>Interior: pp algod\u00f3n<\/li><li>Color: Naranja \/ Rosa<\/li><li>Tama\u00f1o: unos 18\/25\/35 cm<\/li><li>Embalaje: bolsa opp + embalaje exterior de bolsa de pl\u00e1stico ordinaria<\/li><\/ul>\t\t\t\t\t\t\t\t<\/div>\n\t\t\t\t<\/div>\n\t\t\t\t\t<\/div>\n\t\t<\/div>\n\t\t\t\t\t<\/div>\n\t\t<\/section>\n\t\t\t\t<section class=\"elementor-section elementor-top-section elementor-element elementor-element-9813a9e elementor-section-boxed elementor-section-height-default elementor-section-height-default\" data-id=\"9813a9e\" data-element_type=\"section\">\n\t\t\t\t\t\t<div class=\"elementor-container elementor-column-gap-default\">\n\t\t\t\t\t<div class=\"elementor-column elementor-col-33 elementor-top-column elementor-element elementor-element-488ce7d\" data-id=\"488ce7d\" data-element_type=\"column\">\n\t\t\t<div class=\"elementor-widget-wrap elementor-element-populated\">\n\t\t\t\t\t\t<div class=\"elementor-element elementor-element-56d0dda wd-width-100 elementor-widget elementor-widget-wd_title\" data-id=\"56d0dda\" data-element_type=\"widget\" data-widget_type=\"wd_title.default\">\n\t\t\t\t<div class=\"elementor-widget-container\">\n\t\t\t\t\t\t\t<div class=\"title-wrapper wd-set-mb reset-last-child wd-title-color-default wd-title-style-default wd-title-size-default text-left\">\n\n\t\t\t\n\t\t\t<div class=\"liner-continer\">\n\t\t\t\t<h4 class=\"woodmart-title-container title wd-fontsize-l\">Varias opciones<\/h4> \n\t\t\t\t\t\t\t<\/div>\n\n\t\t\t\t\t<\/div>\n\t\t\t\t\t\t<\/div>\n\t\t\t\t<\/div>\n\t\t\t\t<div class=\"elementor-element elementor-element-09c1e7e elementor-widget elementor-widget-wd_text_block\" data-id=\"09c1e7e\" data-element_type=\"widget\" data-widget_type=\"wd_text_block.default\">\n\t\t\t\t<div class=\"elementor-widget-container\">\n\t\t\t\t\t\t\t<div class=\"wd-text-block reset-last-child text-left\">\n\t\t\t\n\t\t\t<p><strong>Selecci\u00f3n de tallas:<\/strong> <span style=\"color: #ff0000;\">S: 18 cm, M: 25 cm, L: 35 cm<\/span><\/p>\n\t\t\t\t\t<\/div>\n\t\t\t\t\t\t<\/div>\n\t\t\t\t<\/div>\n\t\t\t\t<div class=\"elementor-element elementor-element-485339e elementor-widget elementor-widget-wd_image_or_svg\" data-id=\"485339e\" data-element_type=\"widget\" data-widget_type=\"wd_image_or_svg.default\">\n\t\t\t\t<div class=\"elementor-widget-container\">\n\t\t\t\t\t\n\t\t<div class=\"wd-image text-left\">\n\t\t\t\t\t\t\t\t<img fetchpriority=\"high\" decoding=\"async\" width=\"867\" height=\"867\" src=\"https:\/\/babyvk.com\/wp-content\/uploads\/2023\/05\/soft-toy-bunny.webp\" class=\"attachment-full size-full wvs-archive-product-image\" alt=\"conejito de peluche\" srcset=\"https:\/\/babyvk.com\/wp-content\/uploads\/2023\/05\/soft-toy-bunny.webp 867w, https:\/\/babyvk.com\/wp-content\/uploads\/2023\/05\/soft-toy-bunny-30x30.webp 30w, https:\/\/babyvk.com\/wp-content\/uploads\/2023\/05\/soft-toy-bunny-50x50.webp 50w, https:\/\/babyvk.com\/wp-content\/uploads\/2023\/05\/soft-toy-bunny-100x100.webp 100w, https:\/\/babyvk.com\/wp-content\/uploads\/2023\/05\/soft-toy-bunny-150x150.webp 150w, https:\/\/babyvk.com\/wp-content\/uploads\/2023\/05\/soft-toy-bunny-300x300.webp 300w, https:\/\/babyvk.com\/wp-content\/uploads\/2023\/05\/soft-toy-bunny-768x768.webp 768w, https:\/\/babyvk.com\/wp-content\/uploads\/2023\/05\/soft-toy-bunny-800x800.webp 800w, https:\/\/babyvk.com\/wp-content\/uploads\/2023\/05\/soft-toy-bunny-860x860.webp 860w, https:\/\/babyvk.com\/wp-content\/uploads\/2023\/05\/soft-toy-bunny-500x500.webp 500w, https:\/\/babyvk.com\/wp-content\/uploads\/2023\/05\/soft-toy-bunny-430x430.webp 430w, https:\/\/babyvk.com\/wp-content\/uploads\/2023\/05\/soft-toy-bunny-700x700.webp 700w\" sizes=\"(max-width: 867px) 100vw, 867px\" title=\"\">\t\t\t\t\t<\/div>\n\n\t\t\t\t\t\t<\/div>\n\t\t\t\t<\/div>\n\t\t\t\t\t<\/div>\n\t\t<\/div>\n\t\t\t\t<div class=\"elementor-column elementor-col-33 elementor-top-column elementor-element elementor-element-4c00a9b\" data-id=\"4c00a9b\" data-element_type=\"column\">\n\t\t\t<div class=\"elementor-widget-wrap elementor-element-populated\">\n\t\t\t\t\t\t<div class=\"elementor-element elementor-element-9ed76aa wd-width-100 elementor-widget elementor-widget-wd_title\" data-id=\"9ed76aa\" data-element_type=\"widget\" data-widget_type=\"wd_title.default\">\n\t\t\t\t<div class=\"elementor-widget-container\">\n\t\t\t\t\t\t\t<div class=\"title-wrapper wd-set-mb reset-last-child wd-title-color-default wd-title-style-default wd-title-size-default text-center\">\n\n\t\t\t\n\t\t\t<div class=\"liner-continer\">\n\t\t\t\t<h4 class=\"woodmart-title-container title wd-fontsize-l\">Zanahoria naranja<\/h4> \n\t\t\t\t\t\t\t<\/div>\n\n\t\t\t\t\t<\/div>\n\t\t\t\t\t\t<\/div>\n\t\t\t\t<\/div>\n\t\t\t\t<div class=\"elementor-element elementor-element-1f6d3d8 elementor-widget elementor-widget-wd_image_or_svg\" data-id=\"1f6d3d8\" data-element_type=\"widget\" data-widget_type=\"wd_image_or_svg.default\">\n\t\t\t\t<div class=\"elementor-widget-container\">\n\t\t\t\t\t\n\t\t<div class=\"wd-image text-left\">\n\t\t\t\t\t\t\t\t<img decoding=\"async\" width=\"640\" height=\"640\" src=\"https:\/\/babyvk.com\/wp-content\/uploads\/2023\/05\/rabbits-soft-toys.webp\" class=\"attachment-full size-full wvs-archive-product-image\" alt=\"Conejito de peluche\" srcset=\"https:\/\/babyvk.com\/wp-content\/uploads\/2023\/05\/rabbits-soft-toys.webp 640w, https:\/\/babyvk.com\/wp-content\/uploads\/2023\/05\/rabbits-soft-toys-30x30.webp 30w, https:\/\/babyvk.com\/wp-content\/uploads\/2023\/05\/rabbits-soft-toys-50x50.webp 50w, https:\/\/babyvk.com\/wp-content\/uploads\/2023\/05\/rabbits-soft-toys-100x100.webp 100w, https:\/\/babyvk.com\/wp-content\/uploads\/2023\/05\/rabbits-soft-toys-150x150.webp 150w, https:\/\/babyvk.com\/wp-content\/uploads\/2023\/05\/rabbits-soft-toys-300x300.webp 300w, https:\/\/babyvk.com\/wp-content\/uploads\/2023\/05\/rabbits-soft-toys-500x500.webp 500w, https:\/\/babyvk.com\/wp-content\/uploads\/2023\/05\/rabbits-soft-toys-430x430.webp 430w\" sizes=\"(max-width: 640px) 100vw, 640px\" title=\"\">\t\t\t\t\t<\/div>\n\n\t\t\t\t\t\t<\/div>\n\t\t\t\t<\/div>\n\t\t\t\t\t<\/div>\n\t\t<\/div>\n\t\t\t\t<div class=\"elementor-column elementor-col-33 elementor-top-column elementor-element elementor-element-9ae7251\" data-id=\"9ae7251\" data-element_type=\"column\">\n\t\t\t<div class=\"elementor-widget-wrap elementor-element-populated\">\n\t\t\t\t\t\t<div class=\"elementor-element elementor-element-e3d6b4b wd-width-100 elementor-widget elementor-widget-wd_title\" data-id=\"e3d6b4b\" data-element_type=\"widget\" data-widget_type=\"wd_title.default\">\n\t\t\t\t<div class=\"elementor-widget-container\">\n\t\t\t\t\t\t\t<div class=\"title-wrapper wd-set-mb reset-last-child wd-title-color-default wd-title-style-default wd-title-size-default text-center\">\n\n\t\t\t\n\t\t\t<div class=\"liner-continer\">\n\t\t\t\t<h4 class=\"woodmart-title-container title wd-fontsize-l\">Fresa rosa<\/h4> \n\t\t\t\t\t\t\t<\/div>\n\n\t\t\t\t\t<\/div>\n\t\t\t\t\t\t<\/div>\n\t\t\t\t<\/div>\n\t\t\t\t<div class=\"elementor-element elementor-element-68ea44c elementor-widget elementor-widget-wd_image_or_svg\" data-id=\"68ea44c\" data-element_type=\"widget\" data-widget_type=\"wd_image_or_svg.default\">\n\t\t\t\t<div class=\"elementor-widget-container\">\n\t\t\t\t\t\n\t\t<div class=\"wd-image text-left\">\n\t\t\t\t\t\t\t\t<img decoding=\"async\" width=\"640\" height=\"640\" src=\"https:\/\/babyvk.com\/wp-content\/uploads\/2023\/05\/rabbit-plush.webp\" class=\"attachment-full size-full wvs-archive-product-image\" alt=\"lindo conejito de peluche\" srcset=\"https:\/\/babyvk.com\/wp-content\/uploads\/2023\/05\/rabbit-plush.webp 640w, https:\/\/babyvk.com\/wp-content\/uploads\/2023\/05\/rabbit-plush-30x30.webp 30w, https:\/\/babyvk.com\/wp-content\/uploads\/2023\/05\/rabbit-plush-50x50.webp 50w, https:\/\/babyvk.com\/wp-content\/uploads\/2023\/05\/rabbit-plush-100x100.webp 100w, https:\/\/babyvk.com\/wp-content\/uploads\/2023\/05\/rabbit-plush-150x150.webp 150w, https:\/\/babyvk.com\/wp-content\/uploads\/2023\/05\/rabbit-plush-300x300.webp 300w, https:\/\/babyvk.com\/wp-content\/uploads\/2023\/05\/rabbit-plush-500x500.webp 500w, https:\/\/babyvk.com\/wp-content\/uploads\/2023\/05\/rabbit-plush-430x430.webp 430w\" sizes=\"(max-width: 640px) 100vw, 640px\" title=\"\">\t\t\t\t\t<\/div>\n\n\t\t\t\t\t\t<\/div>\n\t\t\t\t<\/div>\n\t\t\t\t\t<\/div>\n\t\t<\/div>\n\t\t\t\t\t<\/div>\n\t\t<\/section>\n\t\t\t\t<section class=\"wd-negative-gap elementor-section elementor-top-section elementor-element elementor-element-f2fe4e7 elementor-section-boxed elementor-section-height-default elementor-section-height-default\" data-id=\"f2fe4e7\" data-element_type=\"section\">\n\t\t\t\t\t\t<div class=\"elementor-container elementor-column-gap-default\">\n\t\t\t\t\t<div class=\"elementor-column elementor-col-100 elementor-top-column elementor-element elementor-element-2a2f855\" data-id=\"2a2f855\" data-element_type=\"column\">\n\t\t\t<div class=\"elementor-widget-wrap elementor-element-populated\">\n\t\t\t\t\t\t<div class=\"elementor-element elementor-element-659ae77 wd-width-100 elementor-widget elementor-widget-wd_title\" data-id=\"659ae77\" data-element_type=\"widget\" data-widget_type=\"wd_title.default\">\n\t\t\t\t<div class=\"elementor-widget-container\">\n\t\t\t\t\t\t\t<div class=\"title-wrapper wd-set-mb reset-last-child wd-title-color-default wd-title-style-default wd-title-size-default text-center\">\n\n\t\t\t\t\t\t\t\t\t\t\t<div class=\"title-subtitle subtitle-color-default subtitle-style-default wd-fontsize-xs\">\n\t\t\t\t\tVEA NUESTRO VERDADERO ESPECT\u00c1CULO\t\t\t\t<\/div>\n\t\t\t\n\t\t\t<div class=\"liner-continer\">\n\t\t\t\t<h4 class=\"woodmart-title-container title wd-fontsize-l\">Nuestro breve v\u00eddeo<\/h4> \n\t\t\t\t\t\t\t<\/div>\n\n\t\t\t\t\t\t\t<div class=\"title-after_title reset-last-child wd-fontsize-xs\">\n\t\t\t\t\t<p>Muestra la escena de uso del producto, te permite conocer m\u00e1s detalles.<\/p>\t\t\t\t<\/div>\n\t\t\t\t\t<\/div>\n\t\t\t\t\t\t<\/div>\n\t\t\t\t<\/div>\n\t\t\t\t<div class=\"elementor-element elementor-element-8f707d8 elementor-widget elementor-widget-wd_testimonials\" data-id=\"8f707d8\" data-element_type=\"widget\" data-widget_type=\"wd_testimonials.default\">\n\t\t\t\t<div class=\"elementor-widget-container\">\n\t\t\t\t\t\t\t<div class=\"testimonials testimon-style-standard  color-scheme- testimon-align-center wd-carousel-container\" id=\"carousel-5078\">\n\t\t\t\t\t\t\t<div class=\"wd-carousel-inner\">\n\t\t\t\n\t\t\t<div class=\"wd-carousel wd-grid\" data-scroll_per_page=\"yes\" style=\"--wd-col-lg:2;--wd-col-md:2;--wd-col-sm:1;--wd-gap-lg:30px;--wd-gap-sm:10px;\">\n\t\t\t\t\t\t\t\t\t<div class=\"wd-carousel-wrap\">\n\t\t\t\t\n\t\t\t\t\t\t\t\t\t\n<div class=\"testimonial wd-carousel-item\">\n\t<div class=\"testimonial-inner\">\n\t\t\n\t\t<div class=\"testimonial-content\">\n\t\t\t<div class=\"testimonial-rating\">\n\t\t\t\t<span class=\"star-rating\">\n\t\t\t\t\t<span style=\"width:100%\"><\/span>\n\t\t\t\t<\/span>\n\t\t\t<\/div>\n\n\t\t\t<p><iframe  id=\"_ytid_85947\"  width=\"800\" height=\"450\"  data-origwidth=\"800\" data-origheight=\"450\"  data-relstop=\"1\" src=\"https:\/\/www.youtube.com\/embed\/CvtFJl1jPf0?enablejsapi=1&autoplay=0&cc_load_policy=1&cc_lang_pref=&iv_load_policy=3&loop=0&rel=0&fs=1&playsinline=0&autohide=2&theme=dark&color=red&controls=1&disablekb=0&\" class=\"__youtube_prefs__  no-lazyload\" title=\"Reproductor de YouTube\"  allow=\"fullscreen; accelerometer; autoplay; clipboard-write; encrypted-media; gyroscope; picture-in-picture; web-share\" referrerpolicy=\"strict-origin-when-cross-origin\" allowfullscreen data-no-lazy=\"1\" data-skipgform_ajax_framebjll=\"\"><\/iframe><\/p>\n\t\t\t<footer>\n\t\t\t\t\n\t\t\t\t\t\t\t<\/footer>\n\t\t<\/div>\n\t<\/div>\n<\/div>\t\t\t\t\t\t\t\t\t\n<div class=\"testimonial wd-carousel-item\">\n\t<div class=\"testimonial-inner\">\n\t\t\n\t\t<div class=\"testimonial-content\">\n\t\t\t<div class=\"testimonial-rating\">\n\t\t\t\t<span class=\"star-rating\">\n\t\t\t\t\t<span style=\"width:100%\"><\/span>\n\t\t\t\t<\/span>\n\t\t\t<\/div>\n\n\t\t\t<p><iframe  id=\"_ytid_80015\"  width=\"800\" height=\"450\"  data-origwidth=\"800\" data-origheight=\"450\"  data-relstop=\"1\" src=\"https:\/\/www.youtube.com\/embed\/xCqWSbBzLqw?enablejsapi=1&autoplay=0&cc_load_policy=1&cc_lang_pref=&iv_load_policy=3&loop=0&rel=0&fs=1&playsinline=0&autohide=2&theme=dark&color=red&controls=1&disablekb=0&\" class=\"__youtube_prefs__  no-lazyload\" title=\"Reproductor de YouTube\"  allow=\"fullscreen; accelerometer; autoplay; clipboard-write; encrypted-media; gyroscope; picture-in-picture; web-share\" referrerpolicy=\"strict-origin-when-cross-origin\" allowfullscreen data-no-lazy=\"1\" data-skipgform_ajax_framebjll=\"\"><\/iframe><\/p>\n\t\t\t<footer>\n\t\t\t\t\n\t\t\t\t\t\t\t<\/footer>\n\t\t<\/div>\n\t<\/div>\n<\/div>\t\t\t\t\t\t\t\t\t\n<div class=\"testimonial wd-carousel-item\">\n\t<div class=\"testimonial-inner\">\n\t\t\n\t\t<div class=\"testimonial-content\">\n\t\t\t<div class=\"testimonial-rating\">\n\t\t\t\t<span class=\"star-rating\">\n\t\t\t\t\t<span style=\"width:100%\"><\/span>\n\t\t\t\t<\/span>\n\t\t\t<\/div>\n\n\t\t\t<p><iframe  id=\"_ytid_98653\"  width=\"800\" height=\"450\"  data-origwidth=\"800\" data-origheight=\"450\"  data-relstop=\"1\" src=\"https:\/\/www.youtube.com\/embed\/ezbHhSvLS7s?enablejsapi=1&autoplay=0&cc_load_policy=1&cc_lang_pref=&iv_load_policy=3&loop=0&rel=0&fs=1&playsinline=0&autohide=2&theme=dark&color=red&controls=1&disablekb=0&\" class=\"__youtube_prefs__  no-lazyload\" title=\"Reproductor de YouTube\"  allow=\"fullscreen; accelerometer; autoplay; clipboard-write; encrypted-media; gyroscope; picture-in-picture; web-share\" referrerpolicy=\"strict-origin-when-cross-origin\" allowfullscreen data-no-lazy=\"1\" data-skipgform_ajax_framebjll=\"\"><\/iframe><\/p>\n\t\t\t<footer>\n\t\t\t\t\n\t\t\t\t\t\t\t<\/footer>\n\t\t<\/div>\n\t<\/div>\n<\/div>\t\t\t\t\t\t\t\t\t\n<div class=\"testimonial wd-carousel-item\">\n\t<div class=\"testimonial-inner\">\n\t\t\n\t\t<div class=\"testimonial-content\">\n\t\t\t<div class=\"testimonial-rating\">\n\t\t\t\t<span class=\"star-rating\">\n\t\t\t\t\t<span style=\"width:100%\"><\/span>\n\t\t\t\t<\/span>\n\t\t\t<\/div>\n\n\t\t\t<p><iframe  id=\"_ytid_44531\"  width=\"800\" height=\"450\"  data-origwidth=\"800\" data-origheight=\"450\"  data-relstop=\"1\" src=\"https:\/\/www.youtube.com\/embed\/HWW4RVUAHN8?enablejsapi=1&autoplay=0&cc_load_policy=1&cc_lang_pref=&iv_load_policy=3&loop=0&rel=0&fs=1&playsinline=0&autohide=2&theme=dark&color=red&controls=1&disablekb=0&\" class=\"__youtube_prefs__  no-lazyload\" title=\"Reproductor de YouTube\"  allow=\"fullscreen; accelerometer; autoplay; clipboard-write; encrypted-media; gyroscope; picture-in-picture; web-share\" referrerpolicy=\"strict-origin-when-cross-origin\" allowfullscreen data-no-lazy=\"1\" data-skipgform_ajax_framebjll=\"\"><\/iframe><\/p>\n\t\t\t<footer>\n\t\t\t\t\n\t\t\t\t\t\t\t<\/footer>\n\t\t<\/div>\n\t<\/div>\n<\/div>\t\t\t\t\t\t\t\t\t\n<div class=\"testimonial wd-carousel-item\">\n\t<div class=\"testimonial-inner\">\n\t\t\n\t\t<div class=\"testimonial-content\">\n\t\t\t<div class=\"testimonial-rating\">\n\t\t\t\t<span class=\"star-rating\">\n\t\t\t\t\t<span style=\"width:100%\"><\/span>\n\t\t\t\t<\/span>\n\t\t\t<\/div>\n\n\t\t\t<p><iframe  id=\"_ytid_53002\"  width=\"800\" height=\"450\"  data-origwidth=\"800\" data-origheight=\"450\"  data-relstop=\"1\" src=\"https:\/\/www.youtube.com\/embed\/-jwnHcjSzZ0?enablejsapi=1&autoplay=0&cc_load_policy=1&cc_lang_pref=&iv_load_policy=3&loop=0&rel=0&fs=1&playsinline=0&autohide=2&theme=dark&color=red&controls=1&disablekb=0&\" class=\"__youtube_prefs__  no-lazyload\" title=\"Reproductor de YouTube\"  allow=\"fullscreen; accelerometer; autoplay; clipboard-write; encrypted-media; gyroscope; picture-in-picture; web-share\" referrerpolicy=\"strict-origin-when-cross-origin\" allowfullscreen data-no-lazy=\"1\" data-skipgform_ajax_framebjll=\"\"><\/iframe><\/p>\n\t\t\t<footer>\n\t\t\t\t\n\t\t\t\t\t\t\t<\/footer>\n\t\t<\/div>\n\t<\/div>\n<\/div>\t\t\t\t\n\t\t\t\t\t\t\t\t\t<\/div>\n\t\t\t\t\t\t\t<\/div>\n\t\t\t\t\t\t\t\t\t\t\t\t\t\t<div class=\"wd-nav-arrows wd-pos-sep wd-hover-1 wd-icon-1\">\n\t\t\t<div class=\"wd-btn-arrow wd-prev wd-disabled\">\n\t\t\t\t<div class=\"wd-arrow-inner\"><\/div>\n\t\t\t<\/div>\n\t\t\t<div class=\"wd-btn-arrow wd-next\">\n\t\t\t\t<div class=\"wd-arrow-inner\"><\/div>\n\t\t\t<\/div>\n\t\t<\/div>\n\t\t\t\t\t\t\n\t\t\t\t<\/div>\n\n\t\t\t\t\t\t<div class=\"wd-nav-pagin-wrap text-center wd-style-shape wd-hide-md-sm wd-hide-sm\">\n\t\t\t<ul class=\"wd-nav-pagin\"><\/ul>\n\t\t<\/div>\n\t\t\t\t\t\t\t\t\t\t\t<\/div>\n\t\t\t\t\t\t<\/div>\n\t\t\t\t<\/div>\n\t\t\t\t\t<\/div>\n\t\t<\/div>\n\t\t\t\t\t<\/div>\n\t\t<\/section>\n\t\t\t\t<\/div>","protected":false},"excerpt":{"rendered":"<p>&#8220;<strong>\u00bfBusca el compa\u00f1ero de peluche perfecto?<\/strong> Descubre el juguete de peluche Cute Bunny, la soluci\u00f3n ideal para a\u00f1adir calidez y alegr\u00eda a cualquier momento. Aumenta tu comodidad y disfruta de la ternura hoy mismo. Compre ahora con env\u00edo gratuito y obtenga 30% DE DESCUENTO\".<\/p>","protected":false},"featured_media":14637,"comment_status":"open","ping_status":"closed","template":"","meta":{"_acf_changed":false},"product_brand":[],"product_cat":[509],"product_tag":[517,519,518,516],"class_list":{"0":"post-14144","1":"product","2":"type-product","3":"status-publish","4":"has-post-thumbnail","6":"product_cat-best-baby-toys","7":"product_tag-bunny-stuffed-plush-toy","8":"product_tag-bunny-toys-for-kids","9":"product_tag-easter-bunny-stuffed-animal","10":"product_tag-plush-doll-gift-for-kids","12":"first","13":"instock","14":"taxable","15":"shipping-taxable","16":"purchasable","17":"product-type-variable","18":"wvs-archive-product-wrapper"},"acf":[],"_links":{"self":[{"href":"https:\/\/babyvk.com\/es\/wp-json\/wp\/v2\/product\/14144","targetHints":{"allow":["GET"]}}],"collection":[{"href":"https:\/\/babyvk.com\/es\/wp-json\/wp\/v2\/product"}],"about":[{"href":"https:\/\/babyvk.com\/es\/wp-json\/wp\/v2\/types\/product"}],"replies":[{"embeddable":true,"href":"https:\/\/babyvk.com\/es\/wp-json\/wp\/v2\/comments?post=14144"}],"version-history":[{"count":0,"href":"https:\/\/babyvk.com\/es\/wp-json\/wp\/v2\/product\/14144\/revisions"}],"wp:featuredmedia":[{"embeddable":true,"href":"https:\/\/babyvk.com\/es\/wp-json\/wp\/v2\/media\/14637"}],"wp:attachment":[{"href":"https:\/\/babyvk.com\/es\/wp-json\/wp\/v2\/media?parent=14144"}],"wp:term":[{"taxonomy":"product_brand","embeddable":true,"href":"https:\/\/babyvk.com\/es\/wp-json\/wp\/v2\/product_brand?post=14144"},{"taxonomy":"product_cat","embeddable":true,"href":"https:\/\/babyvk.com\/es\/wp-json\/wp\/v2\/product_cat?post=14144"},{"taxonomy":"product_tag","embeddable":true,"href":"https:\/\/babyvk.com\/es\/wp-json\/wp\/v2\/product_tag?post=14144"}],"curies":[{"name":"wp","href":"https:\/\/api.w.org\/{rel}","templated":true}]}}