{"id":13943,"date":"2023-05-13T18:50:07","date_gmt":"2023-05-13T18:50:07","guid":{"rendered":"https:\/\/babyvk.com\/?post_type=product&#038;p=13943"},"modified":"2025-09-08T17:04:41","modified_gmt":"2025-09-08T17:04:41","slug":"potty-training-urinal-for-boys","status":"publish","type":"product","link":"https:\/\/babyvk.com\/es\/product\/potty-training-urinal-for-boys\/","title":{"rendered":"Orinal de pie para ni\u00f1os"},"content":{"rendered":"<div data-elementor-type=\"product-post\" data-elementor-id=\"13943\" class=\"elementor elementor-13943\" data-elementor-post-type=\"product\">\n\t\t\t\t\t\t<section class=\"elementor-section elementor-top-section elementor-element elementor-element-ba39e7e elementor-section-boxed elementor-section-height-default elementor-section-height-default\" data-id=\"ba39e7e\" data-element_type=\"section\">\n\t\t\t\t\t\t<div class=\"elementor-container elementor-column-gap-default\">\n\t\t\t\t\t<div class=\"elementor-column elementor-col-100 elementor-top-column elementor-element elementor-element-f25df86\" data-id=\"f25df86\" data-element_type=\"column\">\n\t\t\t<div class=\"elementor-widget-wrap elementor-element-populated\">\n\t\t\t\t\t\t<div class=\"elementor-element elementor-element-6167aa0 elementor-widget elementor-widget-wd_text_block\" data-id=\"6167aa0\" data-element_type=\"widget\" data-widget_type=\"wd_text_block.default\">\n\t\t\t\t<div class=\"elementor-widget-container\">\n\t\t\t\t\t\t\t<div class=\"wd-text-block reset-last-child text-left\">\n\t\t\t\n\t\t\t<p><span style=\"color: #000000; font-size: 14pt;\"><strong>Descripci\u00f3n del producto:<\/strong><\/span><\/p><p>Presentamos nuestro incre\u00edble orinal de aprendizaje para beb\u00e9s, \u00a1imprescindible para todos los padres que quieren que el aprendizaje para ir al ba\u00f1o sea coser y cantar! Hemos dise\u00f1ado este producto con sumo cuidado y atenci\u00f3n al detalle, asegur\u00e1ndonos de que ofrece una experiencia excepcional tanto para usted como para su precioso peque\u00f1o.<\/p><ol><li><b>Respetuoso con el medio ambiente y seguro: <\/b><br \/>Fabricado con materiales de primera calidad y respetuosos con el medio ambiente, nuestro orinal para beb\u00e9s no es t\u00f3xico ni desprende olores desagradables. Puede estar tranquilo sabiendo que proteger\u00e1 la salud y el bienestar de su beb\u00e9 durante todo el proceso de aprendizaje.<\/li><li><b>Limpieza sin esfuerzo:<br \/><\/b>Gracias a su innovador dise\u00f1o de separaci\u00f3n de los surcos para la orina y a su superficie lisa, limpiar despu\u00e9s del orinal de su beb\u00e9 nunca ha sido tan f\u00e1cil. Simplemente limpie la superficie y diga adi\u00f3s a cualquier preocupaci\u00f3n sobre suciedad persistente. Nuestro orinal de aprendizaje para beb\u00e9s est\u00e1 dise\u00f1ado para simplificarle la vida al tiempo que mantiene la higiene como m\u00e1xima prioridad.<\/li><li><b>Dise\u00f1o de ranas cautivadoras:<br \/><\/b>Desp\u00eddase de las dificultades para convencer a su beb\u00e9 de que use el orinal. Nuestro orinal para beb\u00e9s tiene una adorable forma de rana y un encantador molinillo giratorio. Estas encantadoras adiciones cautivar\u00e1n la atenci\u00f3n de su beb\u00e9, convirtiendo la hora del orinal en una experiencia emocionante y agradable. Se acabaron las resistencias y las reticencias: \u00a1su beb\u00e9 estar\u00e1 deseando usar a su peque\u00f1a amiga la ranita!<\/li><li><b>Seguro y ajustable:<br \/><\/b>El orinal Baby Potty Training viene equipado con una resistente base de ventosa que garantiza la estabilidad y evita cualquier deslizamiento no deseado. Ajuste la altura del orinal seg\u00fan las necesidades de su beb\u00e9, proporcion\u00e1ndole una comodidad \u00f3ptima durante sus sesiones de orinal. Puede confiar en que nuestro producto se mantendr\u00e1 en su sitio, permitiendo a su peque\u00f1o centrarse en su progreso en el entrenamiento para ir al ba\u00f1o.<\/li><li><b>Capacidad generosa:<br \/><\/b>Comprendemos la importancia de un orinal fiable que pueda soportar incluso los d\u00edas m\u00e1s ajetreados. Por eso nuestro orinal de aprendizaje para beb\u00e9s tiene una gran capacidad, lo que garantiza que la orina no se desborde y cause desorden innecesario. Tenga la seguridad de que nuestro producto est\u00e1 dise\u00f1ado para satisfacer las demandas de su hijo en crecimiento.<\/li><\/ol>\n\t\t\t\t\t<\/div>\n\t\t\t\t\t\t<\/div>\n\t\t\t\t<\/div>\n\t\t\t\t<div class=\"elementor-element elementor-element-1218843 elementor-widget elementor-widget-wd_text_block\" data-id=\"1218843\" data-element_type=\"widget\" data-widget_type=\"wd_text_block.default\">\n\t\t\t\t<div class=\"elementor-widget-container\">\n\t\t\t\t\t\t\t<div class=\"wd-text-block reset-last-child text-left\">\n\t\t\t\n\t\t\t<p><span style=\"color: #000000; font-size: 14pt;\"><strong>Especificaci\u00f3n:<\/strong><\/span><\/p><ul><li><b>Materiales: <\/b>Pl\u00e1stico<br \/><b><\/b><\/li><li><b>Tema: <\/b>Urinario rana<br \/><b><\/b><\/li><li><b>Color: <\/b>Caf\u00e9\/Azul\/Naranja\/Verde<br \/><b><\/b><\/li><li><b>Adecuado:<\/b> Para ni\u00f1os de 8 meses a 6 a\u00f1os<br \/><b><\/b><\/li><li><b>Peso del paquete: <\/b>0,352 kg<br \/><b><\/b><\/li><li><b>Tama\u00f1o del paquete: <\/b>8 x 6 x 11 pulgadas<br \/><b><\/b><\/li><li><b>Contenido del paquete: <\/b>1 x Orinal para beb\u00e9s<\/li><\/ul>\n\t\t\t\t\t<\/div>\n\t\t\t\t\t\t<\/div>\n\t\t\t\t<\/div>\n\t\t\t\t\t<\/div>\n\t\t<\/div>\n\t\t\t\t\t<\/div>\n\t\t<\/section>\n\t\t\t\t<section class=\"elementor-section elementor-top-section elementor-element elementor-element-caf69e6 elementor-section-boxed elementor-section-height-default elementor-section-height-default\" data-id=\"caf69e6\" data-element_type=\"section\">\n\t\t\t\t\t\t<div class=\"elementor-container elementor-column-gap-default\">\n\t\t\t\t\t<div class=\"elementor-column elementor-col-50 elementor-top-column elementor-element elementor-element-6bc3c5e\" data-id=\"6bc3c5e\" data-element_type=\"column\">\n\t\t\t<div class=\"elementor-widget-wrap elementor-element-populated\">\n\t\t\t\t\t\t<div class=\"elementor-element elementor-element-d4de3eb elementor-widget elementor-widget-wd_image_or_svg\" data-id=\"d4de3eb\" data-element_type=\"widget\" data-widget_type=\"wd_image_or_svg.default\">\n\t\t\t\t<div class=\"elementor-widget-container\">\n\t\t\t\t\t\n\t\t<div class=\"wd-image text-left\">\n\t\t\t\t\t\t\t\t<img fetchpriority=\"high\" decoding=\"async\" width=\"1000\" height=\"1000\" src=\"https:\/\/babyvk.com\/wp-content\/uploads\/2023\/05\/potty-training-boys.webp\" class=\"attachment-full size-full wvs-archive-product-image\" alt=\"Orinal de aprendizaje\" srcset=\"https:\/\/babyvk.com\/wp-content\/uploads\/2023\/05\/potty-training-boys.webp 1000w, https:\/\/babyvk.com\/wp-content\/uploads\/2023\/05\/potty-training-boys-30x30.webp 30w, https:\/\/babyvk.com\/wp-content\/uploads\/2023\/05\/potty-training-boys-50x50.webp 50w, https:\/\/babyvk.com\/wp-content\/uploads\/2023\/05\/potty-training-boys-100x100.webp 100w, https:\/\/babyvk.com\/wp-content\/uploads\/2023\/05\/potty-training-boys-150x150.webp 150w, https:\/\/babyvk.com\/wp-content\/uploads\/2023\/05\/potty-training-boys-300x300.webp 300w, https:\/\/babyvk.com\/wp-content\/uploads\/2023\/05\/potty-training-boys-768x768.webp 768w, https:\/\/babyvk.com\/wp-content\/uploads\/2023\/05\/potty-training-boys-800x800.webp 800w, https:\/\/babyvk.com\/wp-content\/uploads\/2023\/05\/potty-training-boys-860x860.webp 860w, https:\/\/babyvk.com\/wp-content\/uploads\/2023\/05\/potty-training-boys-500x500.webp 500w, https:\/\/babyvk.com\/wp-content\/uploads\/2023\/05\/potty-training-boys-430x430.webp 430w, https:\/\/babyvk.com\/wp-content\/uploads\/2023\/05\/potty-training-boys-700x700.webp 700w\" sizes=\"(max-width: 1000px) 100vw, 1000px\" title=\"\">\t\t\t\t\t<\/div>\n\n\t\t\t\t\t\t<\/div>\n\t\t\t\t<\/div>\n\t\t\t\t\t<\/div>\n\t\t<\/div>\n\t\t\t\t<div class=\"elementor-column elementor-col-50 elementor-top-column elementor-element elementor-element-5c53899\" data-id=\"5c53899\" data-element_type=\"column\">\n\t\t\t<div class=\"elementor-widget-wrap elementor-element-populated\">\n\t\t\t\t\t\t<div class=\"elementor-element elementor-element-77dcd90 elementor-widget elementor-widget-wd_image_or_svg\" data-id=\"77dcd90\" data-element_type=\"widget\" data-widget_type=\"wd_image_or_svg.default\">\n\t\t\t\t<div class=\"elementor-widget-container\">\n\t\t\t\t\t\n\t\t<div class=\"wd-image text-left\">\n\t\t\t\t\t\t\t\t<img decoding=\"async\" width=\"1000\" height=\"1000\" src=\"https:\/\/babyvk.com\/wp-content\/uploads\/2023\/05\/boys-peeing.webp\" class=\"attachment-full size-full wvs-archive-product-image\" alt=\"el mejor orinal para ni\u00f1os\" srcset=\"https:\/\/babyvk.com\/wp-content\/uploads\/2023\/05\/boys-peeing.webp 1000w, https:\/\/babyvk.com\/wp-content\/uploads\/2023\/05\/boys-peeing-30x30.webp 30w, https:\/\/babyvk.com\/wp-content\/uploads\/2023\/05\/boys-peeing-50x50.webp 50w, https:\/\/babyvk.com\/wp-content\/uploads\/2023\/05\/boys-peeing-100x100.webp 100w, https:\/\/babyvk.com\/wp-content\/uploads\/2023\/05\/boys-peeing-150x150.webp 150w, https:\/\/babyvk.com\/wp-content\/uploads\/2023\/05\/boys-peeing-300x300.webp 300w, https:\/\/babyvk.com\/wp-content\/uploads\/2023\/05\/boys-peeing-768x768.webp 768w, https:\/\/babyvk.com\/wp-content\/uploads\/2023\/05\/boys-peeing-800x800.webp 800w, https:\/\/babyvk.com\/wp-content\/uploads\/2023\/05\/boys-peeing-860x860.webp 860w, https:\/\/babyvk.com\/wp-content\/uploads\/2023\/05\/boys-peeing-500x500.webp 500w, https:\/\/babyvk.com\/wp-content\/uploads\/2023\/05\/boys-peeing-430x430.webp 430w, https:\/\/babyvk.com\/wp-content\/uploads\/2023\/05\/boys-peeing-700x700.webp 700w\" sizes=\"(max-width: 1000px) 100vw, 1000px\" title=\"\">\t\t\t\t\t<\/div>\n\n\t\t\t\t\t\t<\/div>\n\t\t\t\t<\/div>\n\t\t\t\t\t<\/div>\n\t\t<\/div>\n\t\t\t\t\t<\/div>\n\t\t<\/section>\n\t\t\t\t<section class=\"elementor-section elementor-top-section elementor-element elementor-element-c73a545 elementor-section-boxed elementor-section-height-default elementor-section-height-default\" data-id=\"c73a545\" data-element_type=\"section\">\n\t\t\t\t\t\t<div class=\"elementor-container elementor-column-gap-default\">\n\t\t\t\t\t<div class=\"elementor-column elementor-col-100 elementor-top-column elementor-element elementor-element-1549f51\" data-id=\"1549f51\" data-element_type=\"column\">\n\t\t\t<div class=\"elementor-widget-wrap elementor-element-populated\">\n\t\t\t\t\t\t<div class=\"elementor-element elementor-element-2b16c09 color-scheme-inherit text-left elementor-widget elementor-widget-text-editor\" data-id=\"2b16c09\" data-element_type=\"widget\" data-widget_type=\"text-editor.default\">\n\t\t\t\t<div class=\"elementor-widget-container\">\n\t\t\t\t\t\t\t\t\t<p>Convierta el aprendizaje para ir al ba\u00f1o en una experiencia agradable y satisfactoria tanto para usted como para su beb\u00e9 con nuestro excepcional orinal de aprendizaje para beb\u00e9s. Invierta en este producto innovador y fiable, y vea c\u00f3mo su peque\u00f1o hace con confianza la transici\u00f3n al uso independiente del orinal. Diga adi\u00f3s al estr\u00e9s y hola al \u00e9xito.<\/p>\t\t\t\t\t\t\t\t<\/div>\n\t\t\t\t<\/div>\n\t\t\t\t\t<\/div>\n\t\t<\/div>\n\t\t\t\t\t<\/div>\n\t\t<\/section>\n\t\t\t\t<section class=\"wd-negative-gap elementor-section elementor-top-section elementor-element elementor-element-ac2c6e4 elementor-section-boxed elementor-section-height-default elementor-section-height-default\" data-id=\"ac2c6e4\" data-element_type=\"section\">\n\t\t\t\t\t\t<div class=\"elementor-container elementor-column-gap-default\">\n\t\t\t\t\t<div class=\"elementor-column elementor-col-100 elementor-top-column elementor-element elementor-element-305c1c6\" data-id=\"305c1c6\" data-element_type=\"column\">\n\t\t\t<div class=\"elementor-widget-wrap elementor-element-populated\">\n\t\t\t\t\t\t<div class=\"elementor-element elementor-element-58c1418 wd-width-100 elementor-widget elementor-widget-wd_title\" data-id=\"58c1418\" data-element_type=\"widget\" data-widget_type=\"wd_title.default\">\n\t\t\t\t<div class=\"elementor-widget-container\">\n\t\t\t\t\t\t\t<div class=\"title-wrapper wd-set-mb reset-last-child wd-title-color-default wd-title-style-default wd-title-size-default text-center\">\n\n\t\t\t\t\t\t\t\t\t\t\t<div class=\"title-subtitle subtitle-color-default subtitle-style-default wd-fontsize-xs\">\n\t\t\t\t\tVEA NUESTRO VERDADERO ESPECT\u00c1CULO\t\t\t\t<\/div>\n\t\t\t\n\t\t\t<div class=\"liner-continer\">\n\t\t\t\t<h4 class=\"woodmart-title-container title wd-fontsize-l\">Nuestro breve v\u00eddeo<\/h4> \n\t\t\t\t\t\t\t<\/div>\n\n\t\t\t\t\t\t\t<div class=\"title-after_title reset-last-child wd-fontsize-xs\">\n\t\t\t\t\t<p>Muestra la escena de uso del producto, te permite conocer m\u00e1s detalles.<\/p>\t\t\t\t<\/div>\n\t\t\t\t\t<\/div>\n\t\t\t\t\t\t<\/div>\n\t\t\t\t<\/div>\n\t\t\t\t<div class=\"elementor-element elementor-element-8b12d1c elementor-widget elementor-widget-wd_testimonials\" data-id=\"8b12d1c\" data-element_type=\"widget\" data-widget_type=\"wd_testimonials.default\">\n\t\t\t\t<div class=\"elementor-widget-container\">\n\t\t\t\t\t\t\t<div class=\"testimonials testimon-style-standard  color-scheme- testimon-align-center wd-carousel-container\" id=\"carousel-2838\">\n\t\t\t\t\t\t\t<div class=\"wd-carousel-inner\">\n\t\t\t\n\t\t\t<div class=\"wd-carousel wd-grid\" data-scroll_per_page=\"yes\" style=\"--wd-col-lg:2;--wd-col-md:2;--wd-col-sm:1;--wd-gap-lg:30px;--wd-gap-sm:10px;\">\n\t\t\t\t\t\t\t\t\t<div class=\"wd-carousel-wrap\">\n\t\t\t\t\n\t\t\t\t\t\t\t\t\t\n<div class=\"testimonial wd-carousel-item\">\n\t<div class=\"testimonial-inner\">\n\t\t\n\t\t<div class=\"testimonial-content\">\n\t\t\t<div class=\"testimonial-rating\">\n\t\t\t\t<span class=\"star-rating\">\n\t\t\t\t\t<span style=\"width:100%\"><\/span>\n\t\t\t\t<\/span>\n\t\t\t<\/div>\n\n\t\t\t<p><iframe  id=\"_ytid_96365\"  width=\"800\" height=\"450\"  data-origwidth=\"800\" data-origheight=\"450\"  data-relstop=\"1\" src=\"https:\/\/www.youtube.com\/embed\/6ue7rca2U38?enablejsapi=1&autoplay=0&cc_load_policy=1&cc_lang_pref=&iv_load_policy=3&loop=0&rel=0&fs=1&playsinline=0&autohide=2&theme=dark&color=red&controls=1&disablekb=0&\" class=\"__youtube_prefs__  no-lazyload\" title=\"Reproductor de YouTube\"  allow=\"fullscreen; accelerometer; autoplay; clipboard-write; encrypted-media; gyroscope; picture-in-picture; web-share\" referrerpolicy=\"strict-origin-when-cross-origin\" allowfullscreen data-no-lazy=\"1\" data-skipgform_ajax_framebjll=\"\"><\/iframe><\/p>\n\t\t\t<footer>\n\t\t\t\t\n\t\t\t\t\t\t\t<\/footer>\n\t\t<\/div>\n\t<\/div>\n<\/div>\t\t\t\t\t\t\t\t\t\n<div class=\"testimonial wd-carousel-item\">\n\t<div class=\"testimonial-inner\">\n\t\t\n\t\t<div class=\"testimonial-content\">\n\t\t\t<div class=\"testimonial-rating\">\n\t\t\t\t<span class=\"star-rating\">\n\t\t\t\t\t<span style=\"width:100%\"><\/span>\n\t\t\t\t<\/span>\n\t\t\t<\/div>\n\n\t\t\t<p><iframe  id=\"_ytid_61741\"  width=\"800\" height=\"450\"  data-origwidth=\"800\" data-origheight=\"450\"  data-relstop=\"1\" src=\"https:\/\/www.youtube.com\/embed\/Sud-V5cVW3g?enablejsapi=1&autoplay=0&cc_load_policy=1&cc_lang_pref=&iv_load_policy=3&loop=0&rel=0&fs=1&playsinline=0&autohide=2&theme=dark&color=red&controls=1&disablekb=0&\" class=\"__youtube_prefs__  no-lazyload\" title=\"Reproductor de YouTube\"  allow=\"fullscreen; accelerometer; autoplay; clipboard-write; encrypted-media; gyroscope; picture-in-picture; web-share\" referrerpolicy=\"strict-origin-when-cross-origin\" allowfullscreen data-no-lazy=\"1\" data-skipgform_ajax_framebjll=\"\"><\/iframe><\/p>\n\t\t\t<footer>\n\t\t\t\t\n\t\t\t\t\t\t\t<\/footer>\n\t\t<\/div>\n\t<\/div>\n<\/div>\t\t\t\t\t\t\t\t\t\n<div class=\"testimonial wd-carousel-item\">\n\t<div class=\"testimonial-inner\">\n\t\t\n\t\t<div class=\"testimonial-content\">\n\t\t\t<div class=\"testimonial-rating\">\n\t\t\t\t<span class=\"star-rating\">\n\t\t\t\t\t<span style=\"width:100%\"><\/span>\n\t\t\t\t<\/span>\n\t\t\t<\/div>\n\n\t\t\t<p><iframe  id=\"_ytid_32493\"  width=\"800\" height=\"450\"  data-origwidth=\"800\" data-origheight=\"450\"  data-relstop=\"1\" src=\"https:\/\/www.youtube.com\/embed\/-LXM-3GtSBQ?enablejsapi=1&autoplay=0&cc_load_policy=1&cc_lang_pref=&iv_load_policy=3&loop=0&rel=0&fs=1&playsinline=0&autohide=2&theme=dark&color=red&controls=1&disablekb=0&\" class=\"__youtube_prefs__  no-lazyload\" title=\"Reproductor de YouTube\"  allow=\"fullscreen; accelerometer; autoplay; clipboard-write; encrypted-media; gyroscope; picture-in-picture; web-share\" referrerpolicy=\"strict-origin-when-cross-origin\" allowfullscreen data-no-lazy=\"1\" data-skipgform_ajax_framebjll=\"\"><\/iframe><\/p>\n\t\t\t<footer>\n\t\t\t\t\n\t\t\t\t\t\t\t<\/footer>\n\t\t<\/div>\n\t<\/div>\n<\/div>\t\t\t\t\t\t\t\t\t\n<div class=\"testimonial wd-carousel-item\">\n\t<div class=\"testimonial-inner\">\n\t\t\n\t\t<div class=\"testimonial-content\">\n\t\t\t<div class=\"testimonial-rating\">\n\t\t\t\t<span class=\"star-rating\">\n\t\t\t\t\t<span style=\"width:100%\"><\/span>\n\t\t\t\t<\/span>\n\t\t\t<\/div>\n\n\t\t\t<p><iframe  id=\"_ytid_36611\"  width=\"800\" height=\"450\"  data-origwidth=\"800\" data-origheight=\"450\"  data-relstop=\"1\" src=\"https:\/\/www.youtube.com\/embed\/lZrmI1cXa_c?enablejsapi=1&autoplay=0&cc_load_policy=1&cc_lang_pref=&iv_load_policy=3&loop=0&rel=0&fs=1&playsinline=0&autohide=2&theme=dark&color=red&controls=1&disablekb=0&\" class=\"__youtube_prefs__  no-lazyload\" title=\"Reproductor de YouTube\"  allow=\"fullscreen; accelerometer; autoplay; clipboard-write; encrypted-media; gyroscope; picture-in-picture; web-share\" referrerpolicy=\"strict-origin-when-cross-origin\" allowfullscreen data-no-lazy=\"1\" data-skipgform_ajax_framebjll=\"\"><\/iframe><\/p>\n\t\t\t<footer>\n\t\t\t\t\n\t\t\t\t\t\t\t<\/footer>\n\t\t<\/div>\n\t<\/div>\n<\/div>\t\t\t\t\t\t\t\t\t\n<div class=\"testimonial wd-carousel-item\">\n\t<div class=\"testimonial-inner\">\n\t\t\n\t\t<div class=\"testimonial-content\">\n\t\t\t<div class=\"testimonial-rating\">\n\t\t\t\t<span class=\"star-rating\">\n\t\t\t\t\t<span style=\"width:100%\"><\/span>\n\t\t\t\t<\/span>\n\t\t\t<\/div>\n\n\t\t\t<p><iframe  id=\"_ytid_90512\"  width=\"800\" height=\"450\"  data-origwidth=\"800\" data-origheight=\"450\"  data-relstop=\"1\" src=\"https:\/\/www.youtube.com\/embed\/GMJ-TgYV5qs?enablejsapi=1&autoplay=0&cc_load_policy=1&cc_lang_pref=&iv_load_policy=3&loop=0&rel=0&fs=1&playsinline=0&autohide=2&theme=dark&color=red&controls=1&disablekb=0&\" class=\"__youtube_prefs__  no-lazyload\" title=\"Reproductor de YouTube\"  allow=\"fullscreen; accelerometer; autoplay; clipboard-write; encrypted-media; gyroscope; picture-in-picture; web-share\" referrerpolicy=\"strict-origin-when-cross-origin\" allowfullscreen data-no-lazy=\"1\" data-skipgform_ajax_framebjll=\"\"><\/iframe><\/p>\n\t\t\t<footer>\n\t\t\t\t\n\t\t\t\t\t\t\t<\/footer>\n\t\t<\/div>\n\t<\/div>\n<\/div>\t\t\t\t\n\t\t\t\t\t\t\t\t\t<\/div>\n\t\t\t\t\t\t\t<\/div>\n\t\t\t\t\t\t\t\t\t\t\t\t\t\t<div class=\"wd-nav-arrows wd-pos-sep wd-hover-1 wd-icon-1\">\n\t\t\t<div class=\"wd-btn-arrow wd-prev wd-disabled\">\n\t\t\t\t<div class=\"wd-arrow-inner\"><\/div>\n\t\t\t<\/div>\n\t\t\t<div class=\"wd-btn-arrow wd-next\">\n\t\t\t\t<div class=\"wd-arrow-inner\"><\/div>\n\t\t\t<\/div>\n\t\t<\/div>\n\t\t\t\t\t\t\n\t\t\t\t<\/div>\n\n\t\t\t\t\t\t<div class=\"wd-nav-pagin-wrap text-center wd-style-shape wd-hide-md-sm wd-hide-sm\">\n\t\t\t<ul class=\"wd-nav-pagin\"><\/ul>\n\t\t<\/div>\n\t\t\t\t\t\t\t\t\t\t\t<\/div>\n\t\t\t\t\t\t<\/div>\n\t\t\t\t<\/div>\n\t\t\t\t\t<\/div>\n\t\t<\/div>\n\t\t\t\t\t<\/div>\n\t\t<\/section>\n\t\t\t\t<\/div>","protected":false},"excerpt":{"rendered":"<p>&#8220;<strong>\u00bfBuscas una soluci\u00f3n eficaz para ense\u00f1ar a tus hijos a ir al ba\u00f1o?<\/strong> Presentamos nuestro orinal de pie para ni\u00f1os. Diga adi\u00f3s al desorden y a las molestias - nuestro producto hace que el entrenamiento sea divertido y f\u00e1cil. Compre ahora para el env\u00edo libre y consiga 30% OFF!\"<\/p>","protected":false},"featured_media":13941,"comment_status":"open","ping_status":"closed","template":"","meta":{"_acf_changed":false},"product_brand":[],"product_cat":[29],"product_tag":[258,259,256,257,254,255],"class_list":{"0":"post-13943","1":"product","2":"type-product","3":"status-publish","4":"has-post-thumbnail","6":"product_cat-best-baby-care","7":"product_tag-boys-potty","8":"product_tag-potties-for-boys","9":"product_tag-potty-training-boys","10":"product_tag-potty-training-for-boys","11":"product_tag-potty-training-urinal","12":"product_tag-toddler-urinal","14":"first","15":"instock","16":"sale","17":"taxable","18":"shipping-taxable","19":"purchasable","20":"product-type-variable","21":"wvs-archive-product-wrapper"},"acf":[],"_links":{"self":[{"href":"https:\/\/babyvk.com\/es\/wp-json\/wp\/v2\/product\/13943","targetHints":{"allow":["GET"]}}],"collection":[{"href":"https:\/\/babyvk.com\/es\/wp-json\/wp\/v2\/product"}],"about":[{"href":"https:\/\/babyvk.com\/es\/wp-json\/wp\/v2\/types\/product"}],"replies":[{"embeddable":true,"href":"https:\/\/babyvk.com\/es\/wp-json\/wp\/v2\/comments?post=13943"}],"version-history":[{"count":0,"href":"https:\/\/babyvk.com\/es\/wp-json\/wp\/v2\/product\/13943\/revisions"}],"wp:featuredmedia":[{"embeddable":true,"href":"https:\/\/babyvk.com\/es\/wp-json\/wp\/v2\/media\/13941"}],"wp:attachment":[{"href":"https:\/\/babyvk.com\/es\/wp-json\/wp\/v2\/media?parent=13943"}],"wp:term":[{"taxonomy":"product_brand","embeddable":true,"href":"https:\/\/babyvk.com\/es\/wp-json\/wp\/v2\/product_brand?post=13943"},{"taxonomy":"product_cat","embeddable":true,"href":"https:\/\/babyvk.com\/es\/wp-json\/wp\/v2\/product_cat?post=13943"},{"taxonomy":"product_tag","embeddable":true,"href":"https:\/\/babyvk.com\/es\/wp-json\/wp\/v2\/product_tag?post=13943"}],"curies":[{"name":"wp","href":"https:\/\/api.w.org\/{rel}","templated":true}]}}