{"id":13698,"date":"2023-05-09T17:36:42","date_gmt":"2023-05-09T17:36:42","guid":{"rendered":"https:\/\/babyvk.com\/?post_type=product&#038;p=13698"},"modified":"2025-03-10T20:03:37","modified_gmt":"2025-03-10T20:03:37","slug":"motherly-baby-diaper-bag","status":"publish","type":"product","link":"https:\/\/babyvk.com\/es\/product\/motherly-baby-diaper-bag\/","title":{"rendered":"Bolsa maternal para pa\u00f1ales"},"content":{"rendered":"<div data-elementor-type=\"product-post\" data-elementor-id=\"13698\" class=\"elementor elementor-13698\" data-elementor-post-type=\"product\">\n\t\t\t\t\t\t<section class=\"wd-negative-gap elementor-section elementor-top-section elementor-element elementor-element-eeaa63a elementor-section-boxed elementor-section-height-default elementor-section-height-default\" data-id=\"eeaa63a\" data-element_type=\"section\">\n\t\t\t\t\t\t<div class=\"elementor-container elementor-column-gap-default\">\n\t\t\t\t\t<div class=\"elementor-column elementor-col-100 elementor-top-column elementor-element elementor-element-1a0c12f\" data-id=\"1a0c12f\" data-element_type=\"column\">\n\t\t\t<div class=\"elementor-widget-wrap elementor-element-populated\">\n\t\t\t\t\t\t<div class=\"elementor-element elementor-element-990efb1 elementor-widget elementor-widget-wd_text_block\" data-id=\"990efb1\" data-element_type=\"widget\" data-widget_type=\"wd_text_block.default\">\n\t\t\t\t<div class=\"elementor-widget-container\">\n\t\t\t\t\t\t\t<div class=\"wd-text-block reset-last-child text-left\">\n\t\t\t\n\t\t\t<p><strong>Descripci\u00f3n del producto:<\/strong><\/p><p>Desp\u00eddete de las bolsas de pa\u00f1ales voluminosas y desordenadas. Nuestra compacta bolsa de pa\u00f1ales Motherly Baby es la soluci\u00f3n definitiva para las mam\u00e1s ocupadas, ya que ofrece un amplio espacio de almacenamiento, compartimentos organizados y un dise\u00f1o elegante. \u00a1Simplifica tus salidas con nuestra bolsa de pa\u00f1ales y disfruta de una crianza sin estr\u00e9s! \ud83c\udf92\ud83d\udc76\ud83c\udf7c<\/p>\n\t\t\t\t\t<\/div>\n\t\t\t\t\t\t<\/div>\n\t\t\t\t<\/div>\n\t\t\t\t\t<\/div>\n\t\t<\/div>\n\t\t\t\t\t<\/div>\n\t\t<\/section>\n\t\t\t\t<section class=\"wd-negative-gap elementor-section elementor-top-section elementor-element elementor-element-8a5fe29 elementor-section-boxed elementor-section-height-default elementor-section-height-default\" data-id=\"8a5fe29\" data-element_type=\"section\">\n\t\t\t\t\t\t<div class=\"elementor-container elementor-column-gap-default\">\n\t\t\t\t\t<div class=\"elementor-column elementor-col-100 elementor-top-column elementor-element elementor-element-404fa1c\" data-id=\"404fa1c\" data-element_type=\"column\">\n\t\t\t<div class=\"elementor-widget-wrap elementor-element-populated\">\n\t\t\t\t\t\t<div class=\"elementor-element elementor-element-bc233ef elementor-widget elementor-widget-wd_text_block\" data-id=\"bc233ef\" data-element_type=\"widget\" data-widget_type=\"wd_text_block.default\">\n\t\t\t\t<div class=\"elementor-widget-container\">\n\t\t\t\t\t\t\t<div class=\"wd-text-block reset-last-child text-left\">\n\t\t\t\n\t\t\t<p><strong>Caracter\u00edsticas:<\/strong><\/p><ul><li><b>Tama\u00f1o compacto:<\/b> Esta bolsa para pa\u00f1ales Motherly Baby es perfecta para las mam\u00e1s que necesitan llevar todo lo esencial para su beb\u00e9 pero no quieren que les pese una bolsa voluminosa.<\/li><li><b>Espacio suficiente:<\/b> Con 2 bolsillos de malla adicionales, esta bolsa de pa\u00f1ales ofrece mucho espacio para los pa\u00f1ales, las toallitas, los biberones y otras necesidades de tu beb\u00e9.<\/li><li><b>Elegante y vers\u00e1til: <\/b>Con una gran variedad de colores para elegir, esta bolsa de pa\u00f1ales Motherly no s\u00f3lo es funcional, sino que tambi\u00e9n est\u00e1 a la moda, lo que le permite combinarla con cualquier conjunto o cochecito.<\/li><li><b>Duradero y ligero:<\/b> Fabricada con materiales de alta calidad, esta bolsa para pa\u00f1ales es resistente y ligera a la vez, lo que facilita su transporte durante todo el d\u00eda.<\/li><li><b>C\u00f3modo y ergon\u00f3mico: <\/b>La correa ajustable para el hombro hace que esta bolsa de pa\u00f1ales para mujer sea c\u00f3moda de llevar incluso durante periodos prolongados, mientras que las resistentes asas ofrecen opciones de transporte adicionales.<\/li><li><b>Polivalencia y relaci\u00f3n calidad-precio: <\/b>Esta vers\u00e1til bolsa para pa\u00f1ales tambi\u00e9n puede utilizarse como bolsa de viaje, bolsa de deporte o incluso como bolso normal, lo que la convierte en una gran inversi\u00f3n para cualquier mam\u00e1 que busque un accesorio funcional y con estilo.<\/li><\/ul>\n\t\t\t\t\t<\/div>\n\t\t\t\t\t\t<\/div>\n\t\t\t\t<\/div>\n\t\t\t\t<div class=\"elementor-element elementor-element-b739489 elementor-widget elementor-widget-wd_text_block\" data-id=\"b739489\" data-element_type=\"widget\" data-widget_type=\"wd_text_block.default\">\n\t\t\t\t<div class=\"elementor-widget-container\">\n\t\t\t\t\t\t\t<div class=\"wd-text-block reset-last-child text-left\">\n\t\t\t\n\t\t\t<p><strong>Especificaciones:<\/strong><\/p><ul><li>Nombre del producto: Bolsa maternal para pa\u00f1ales de beb\u00e9<\/li><li>Material: Tejido impermeable<\/li><li>Dimensiones: 24 x 13 x 19 cm<\/li><li>Opciones de color: Beige\uff0cNegro\uff0cAmarillo\uff0cRosa\uff0cP\u00farpura\uff0cRojo<\/li><\/ul><p><strong>Paquete:<\/strong><\/p><ul><li>1 * Bolsa maternal para pa\u00f1ales de beb\u00e9<\/li><\/ul>\n\t\t\t\t\t<\/div>\n\t\t\t\t\t\t<\/div>\n\t\t\t\t<\/div>\n\t\t\t\t<div class=\"elementor-element elementor-element-08f780a elementor-widget elementor-widget-wd_image_or_svg\" data-id=\"08f780a\" data-element_type=\"widget\" data-widget_type=\"wd_image_or_svg.default\">\n\t\t\t\t<div class=\"elementor-widget-container\">\n\t\t\t\t\t\n\t\t<div class=\"wd-image text-left\">\n\t\t\t\t\t\t\t\t<img fetchpriority=\"high\" decoding=\"async\" width=\"800\" height=\"800\" src=\"https:\/\/babyvk.com\/wp-content\/uploads\/2023\/05\/diaper-bags-for-mom.webp\" class=\"attachment-full size-full wvs-archive-product-image\" alt=\"Bolsa maternal para pa\u00f1ales\" srcset=\"https:\/\/babyvk.com\/wp-content\/uploads\/2023\/05\/diaper-bags-for-mom.webp 800w, https:\/\/babyvk.com\/wp-content\/uploads\/2023\/05\/diaper-bags-for-mom-30x30.webp 30w, https:\/\/babyvk.com\/wp-content\/uploads\/2023\/05\/diaper-bags-for-mom-50x50.webp 50w, https:\/\/babyvk.com\/wp-content\/uploads\/2023\/05\/diaper-bags-for-mom-100x100.webp 100w, https:\/\/babyvk.com\/wp-content\/uploads\/2023\/05\/diaper-bags-for-mom-150x150.webp 150w, https:\/\/babyvk.com\/wp-content\/uploads\/2023\/05\/diaper-bags-for-mom-300x300.webp 300w, https:\/\/babyvk.com\/wp-content\/uploads\/2023\/05\/diaper-bags-for-mom-768x768.webp 768w, https:\/\/babyvk.com\/wp-content\/uploads\/2023\/05\/diaper-bags-for-mom-500x500.webp 500w, https:\/\/babyvk.com\/wp-content\/uploads\/2023\/05\/diaper-bags-for-mom-430x430.webp 430w, https:\/\/babyvk.com\/wp-content\/uploads\/2023\/05\/diaper-bags-for-mom-700x700.webp 700w\" sizes=\"(max-width: 800px) 100vw, 800px\" title=\"\">\t\t\t\t\t<\/div>\n\n\t\t\t\t\t\t<\/div>\n\t\t\t\t<\/div>\n\t\t\t\t<div class=\"elementor-element elementor-element-6ff0ba9 elementor-widget elementor-widget-wd_text_block\" data-id=\"6ff0ba9\" data-element_type=\"widget\" data-widget_type=\"wd_text_block.default\">\n\t\t\t\t<div class=\"elementor-widget-container\">\n\t\t\t\t\t\t\t<div class=\"wd-text-block reset-last-child text-left\">\n\t\t\t\n\t\t\t<p><strong style=\"font-size: 16px; color: var(--wd-text-color);\">Notas:<\/strong><span style=\"font-size: 16px; color: var(--wd-text-color);\"> Tenga en cuenta que los colores pueden aparecer ligeramente diferentes debido a la configuraci\u00f3n del monitor. <\/span><\/p>\n\t\t\t\t\t<\/div>\n\t\t\t\t\t\t<\/div>\n\t\t\t\t<\/div>\n\t\t\t\t\t<\/div>\n\t\t<\/div>\n\t\t\t\t\t<\/div>\n\t\t<\/section>\n\t\t\t\t<\/div>","protected":false},"excerpt":{"rendered":"<p>&#8220;<strong>\u00bfBusca una bolsa de pa\u00f1ales elegante y compacta?<\/strong> Prueba \u00e9sta. Tiene un mont\u00f3n de espacio de almacenamiento y pr\u00e1cticos compartimentos, as\u00ed que no tendr\u00e1s que preocuparte de buscar cosas mientras est\u00e1s fuera de casa. Compre ahora con env\u00edo gratuito y obtenga 30% de descuento\".<\/p>","protected":false},"featured_media":13701,"comment_status":"open","ping_status":"closed","template":"","meta":{"_acf_changed":false},"product_brand":[],"product_cat":[42],"product_tag":[520,241,242,239,240],"class_list":{"0":"post-13698","1":"product","2":"type-product","3":"status-publish","4":"has-post-thumbnail","6":"product_cat-best-travel-gear","7":"product_tag-bento-insulated-bag","8":"product_tag-diaper-bags-for-mom","9":"product_tag-motherly-diaper-bag","10":"product_tag-small-diaper-bag","11":"product_tag-womens-diaper-bag","13":"first","14":"instock","15":"sale","16":"taxable","17":"shipping-taxable","18":"purchasable","19":"product-type-variable","20":"wvs-archive-product-wrapper"},"acf":[],"_links":{"self":[{"href":"https:\/\/babyvk.com\/es\/wp-json\/wp\/v2\/product\/13698","targetHints":{"allow":["GET"]}}],"collection":[{"href":"https:\/\/babyvk.com\/es\/wp-json\/wp\/v2\/product"}],"about":[{"href":"https:\/\/babyvk.com\/es\/wp-json\/wp\/v2\/types\/product"}],"replies":[{"embeddable":true,"href":"https:\/\/babyvk.com\/es\/wp-json\/wp\/v2\/comments?post=13698"}],"version-history":[{"count":0,"href":"https:\/\/babyvk.com\/es\/wp-json\/wp\/v2\/product\/13698\/revisions"}],"wp:featuredmedia":[{"embeddable":true,"href":"https:\/\/babyvk.com\/es\/wp-json\/wp\/v2\/media\/13701"}],"wp:attachment":[{"href":"https:\/\/babyvk.com\/es\/wp-json\/wp\/v2\/media?parent=13698"}],"wp:term":[{"taxonomy":"product_brand","embeddable":true,"href":"https:\/\/babyvk.com\/es\/wp-json\/wp\/v2\/product_brand?post=13698"},{"taxonomy":"product_cat","embeddable":true,"href":"https:\/\/babyvk.com\/es\/wp-json\/wp\/v2\/product_cat?post=13698"},{"taxonomy":"product_tag","embeddable":true,"href":"https:\/\/babyvk.com\/es\/wp-json\/wp\/v2\/product_tag?post=13698"}],"curies":[{"name":"wp","href":"https:\/\/api.w.org\/{rel}","templated":true}]}}