{"id":13677,"date":"2023-05-09T03:09:52","date_gmt":"2023-05-09T03:09:52","guid":{"rendered":"https:\/\/babyvk.com\/?post_type=product&#038;p=13677"},"modified":"2025-03-10T20:03:37","modified_gmt":"2025-03-10T20:03:37","slug":"childrens-puzzle-stress-relief-toy","status":"publish","type":"product","link":"https:\/\/babyvk.com\/es\/product\/childrens-puzzle-stress-relief-toy\/","title":{"rendered":"Puzzle infantil para aliviar el estr\u00e9s"},"content":{"rendered":"<div data-elementor-type=\"product-post\" data-elementor-id=\"13677\" class=\"elementor elementor-13677\" data-elementor-post-type=\"product\">\n\t\t\t\t\t\t<section class=\"wd-negative-gap elementor-section elementor-top-section elementor-element elementor-element-f6476cc elementor-section-boxed elementor-section-height-default elementor-section-height-default\" data-id=\"f6476cc\" data-element_type=\"section\">\n\t\t\t\t\t\t<div class=\"elementor-container elementor-column-gap-default\">\n\t\t\t\t\t<div class=\"elementor-column elementor-col-100 elementor-top-column elementor-element elementor-element-74c89df\" data-id=\"74c89df\" data-element_type=\"column\">\n\t\t\t<div class=\"elementor-widget-wrap elementor-element-populated\">\n\t\t\t\t\t\t<div class=\"elementor-element elementor-element-85883b9 elementor-widget elementor-widget-wd_text_block\" data-id=\"85883b9\" data-element_type=\"widget\" data-widget_type=\"wd_text_block.default\">\n\t\t\t\t<div class=\"elementor-widget-container\">\n\t\t\t\t\t\t\t<div class=\"wd-text-block reset-last-child text-left\">\n\t\t\t\n\t\t\t<h2><strong>Caracter\u00edsticas:<\/strong><\/h2><ul><li>\u3010Premium Material\u3011El juguete Magic Beans est\u00e1 hecho de material ABS de alta calidad con una superficie lisa, proporcionando un tacto c\u00f3modo y una experiencia resistente a los ara\u00f1azos. No tiene ning\u00fan olor peculiar y se puede utilizar varias veces, lo que garantiza un tiempo de juego duradero y agradable con total confianza.<\/li><li>\u3010Portable Design\u3011Dise\u00f1ado para encajar perfectamente en sus manos, el juguete Magic Beans es ligero y f\u00e1cil de llevar, por lo que es un gran alivio del estr\u00e9s sobre la marcha. Puedes ponerlo en tu bolsillo sin sentir ninguna carga.<\/li><li>\u3010Patience Building\u3011Este juguete sensorial es excelente para mejorar la flexibilidad de los dedos, la coordinaci\u00f3n mano-ojo, la concentraci\u00f3n, la paciencia y las habilidades de resoluci\u00f3n de problemas. Adecuado para adolescentes para ampliar su c\u00edrculo social y para adultos para liberar el estr\u00e9s.<\/li><li>\u3010Flexible Gameplay\u3011El juguete para aliviar el estr\u00e9s ofrece un juego flexible; puede restaurar cada frijol ranurado al mismo color o cruzar dos colores de frijoles, dos frijoles se cruzan entre s\u00ed, y as\u00ed sucesivamente, proporcionando entretenimiento sin fin.<\/li><li>Regalo perfecto\u3011Los juguetes Magic Beans son el regalo perfecto para cumplea\u00f1os, Pascua, Navidad o cualquier ocasi\u00f3n especial. Cada juguete de la peonza del rompecabezas de la bola del arco iris viene empaquetado en una caja hermosa del color, haci\u00e9ndole un regalo ideal para la familia, los amigos, y los colegas.<\/li><\/ul>\n\t\t\t\t\t<\/div>\n\t\t\t\t\t\t<\/div>\n\t\t\t\t<\/div>\n\t\t\t\t\t<\/div>\n\t\t<\/div>\n\t\t\t\t\t<\/div>\n\t\t<\/section>\n\t\t\t\t<section class=\"wd-negative-gap elementor-section elementor-top-section elementor-element elementor-element-2c9b68c elementor-section-boxed elementor-section-height-default elementor-section-height-default\" data-id=\"2c9b68c\" data-element_type=\"section\">\n\t\t\t\t\t\t<div class=\"elementor-container elementor-column-gap-default\">\n\t\t\t\t\t<div class=\"elementor-column elementor-col-100 elementor-top-column elementor-element elementor-element-f9d20ea\" data-id=\"f9d20ea\" data-element_type=\"column\">\n\t\t\t<div class=\"elementor-widget-wrap elementor-element-populated\">\n\t\t\t\t\t\t<div class=\"elementor-element elementor-element-1a75f1b elementor-widget elementor-widget-wd_text_block\" data-id=\"1a75f1b\" data-element_type=\"widget\" data-widget_type=\"wd_text_block.default\">\n\t\t\t\t<div class=\"elementor-widget-container\">\n\t\t\t\t\t\t\t<div class=\"wd-text-block reset-last-child text-left\">\n\t\t\t\n\t\t\t<h2><strong>Descripci\u00f3n:<\/strong><\/h2><p>El cubo Magic Bean es un juguete beneficioso que puede mejorar la concentraci\u00f3n, la paciencia, el pensamiento estrat\u00e9gico y la capacidad de resoluci\u00f3n de problemas en los ni\u00f1os. Tambi\u00e9n ayuda a los adultos a aliviar el estr\u00e9s y a prevenir el Alzheimer en las personas mayores, por lo que es un juguete divertido del que puede disfrutar toda la familia.<\/p><p>Fabricado con material ABS de primera calidad, el juguete Magic Beans es duradero y proporciona una experiencia de juego alegre y relajada. Viene con un cord\u00f3n para facilitar su transporte, por lo que es perfecto para el entretenimiento sobre la marcha.<\/p><p>Este exquisito juguete es una excelente herramienta educativa y para aliviar el estr\u00e9s que puede regalarse a ni\u00f1os, amigos y familiares. Ayuda a construir relaciones s\u00f3lidas entre las personas.<\/p>\n\t\t\t\t\t<\/div>\n\t\t\t\t\t\t<\/div>\n\t\t\t\t<\/div>\n\t\t\t\t\t<\/div>\n\t\t<\/div>\n\t\t\t\t\t<\/div>\n\t\t<\/section>\n\t\t\t\t<section class=\"wd-negative-gap elementor-section elementor-top-section elementor-element elementor-element-e0e91da elementor-section-boxed elementor-section-height-default elementor-section-height-default\" data-id=\"e0e91da\" data-element_type=\"section\">\n\t\t\t\t\t\t<div class=\"elementor-container elementor-column-gap-default\">\n\t\t\t\t\t<div class=\"elementor-column elementor-col-100 elementor-top-column elementor-element elementor-element-2c9cfe3\" data-id=\"2c9cfe3\" data-element_type=\"column\">\n\t\t\t<div class=\"elementor-widget-wrap elementor-element-populated\">\n\t\t\t\t\t\t<div class=\"elementor-element elementor-element-3c3dc6e elementor-widget elementor-widget-wd_text_block\" data-id=\"3c3dc6e\" data-element_type=\"widget\" data-widget_type=\"wd_text_block.default\">\n\t\t\t\t<div class=\"elementor-widget-container\">\n\t\t\t\t\t\t\t<div class=\"wd-text-block reset-last-child text-left\">\n\t\t\t\n\t\t\t<h2><strong>Especificaci\u00f3n:<\/strong><\/h2><p>Nombre del producto: Lata Magic Bean<br \/>Material del producto: ABS<br \/>Embalaje del producto: exquisita caja de color<br \/>Tama\u00f1o real: 5,6*5,6*6,8 cm\/2,2*2,2*2,67 pulg.<br \/>Tama\u00f1o del envase del producto: 6*6*7cm\/2.36*2.36*2.76in<\/p><h2><strong>El paquete incluye:<\/strong><\/h2><p>1x Bote de jud\u00edas m\u00e1gicas<br \/>1x Cord\u00f3n<br \/>1x caja de color<\/p>\n\t\t\t\t\t<\/div>\n\t\t\t\t\t\t<\/div>\n\t\t\t\t<\/div>\n\t\t\t\t\t<\/div>\n\t\t<\/div>\n\t\t\t\t\t<\/div>\n\t\t<\/section>\n\t\t\t\t<\/div>","protected":false},"excerpt":{"rendered":"<p>&#8220;<strong>\u00bfLe cuesta mantener a sus hijos ocupados y sin estr\u00e9s?<\/strong> Presentamos el \"Juguete antiestr\u00e9s rompecabezas para ni\u00f1os\": la soluci\u00f3n definitiva para divertirse y relajarse jugando. \u00a1Compre ahora con env\u00edo gratuito y obtenga 30% DE DESCUENTO! \ud83e\udde9\u2728\"<\/p>","protected":false},"featured_media":13689,"comment_status":"open","ping_status":"closed","template":"","meta":{"_acf_changed":false},"product_brand":[],"product_cat":[509],"product_tag":[234,232,235,236,233],"class_list":{"0":"post-13677","1":"product","2":"type-product","3":"status-publish","4":"has-post-thumbnail","6":"product_cat-best-baby-toys","7":"product_tag-baby-fidgeting-toy","8":"product_tag-decompression-toys","9":"product_tag-educational-toy","10":"product_tag-puzzle-stress-relief-toy","11":"product_tag-rotating-magic-bean","13":"first","14":"instock","15":"sale","16":"taxable","17":"shipping-taxable","18":"purchasable","19":"product-type-variable","20":"wvs-archive-product-wrapper"},"acf":[],"_links":{"self":[{"href":"https:\/\/babyvk.com\/es\/wp-json\/wp\/v2\/product\/13677","targetHints":{"allow":["GET"]}}],"collection":[{"href":"https:\/\/babyvk.com\/es\/wp-json\/wp\/v2\/product"}],"about":[{"href":"https:\/\/babyvk.com\/es\/wp-json\/wp\/v2\/types\/product"}],"replies":[{"embeddable":true,"href":"https:\/\/babyvk.com\/es\/wp-json\/wp\/v2\/comments?post=13677"}],"version-history":[{"count":0,"href":"https:\/\/babyvk.com\/es\/wp-json\/wp\/v2\/product\/13677\/revisions"}],"wp:featuredmedia":[{"embeddable":true,"href":"https:\/\/babyvk.com\/es\/wp-json\/wp\/v2\/media\/13689"}],"wp:attachment":[{"href":"https:\/\/babyvk.com\/es\/wp-json\/wp\/v2\/media?parent=13677"}],"wp:term":[{"taxonomy":"product_brand","embeddable":true,"href":"https:\/\/babyvk.com\/es\/wp-json\/wp\/v2\/product_brand?post=13677"},{"taxonomy":"product_cat","embeddable":true,"href":"https:\/\/babyvk.com\/es\/wp-json\/wp\/v2\/product_cat?post=13677"},{"taxonomy":"product_tag","embeddable":true,"href":"https:\/\/babyvk.com\/es\/wp-json\/wp\/v2\/product_tag?post=13677"}],"curies":[{"name":"wp","href":"https:\/\/api.w.org\/{rel}","templated":true}]}}