{"id":13291,"date":"2023-03-13T05:08:49","date_gmt":"2023-03-13T05:08:49","guid":{"rendered":"http:\/\/babyvk.com\/?post_type=product&#038;p=13291"},"modified":"2025-09-08T17:08:10","modified_gmt":"2025-09-08T17:08:10","slug":"wearable-double-hands-free-breast-pump","status":"publish","type":"product","link":"https:\/\/babyvk.com\/es\/product\/wearable-double-hands-free-breast-pump\/","title":{"rendered":"Sacaleches port\u00e1til doble manos libres"},"content":{"rendered":"<div data-elementor-type=\"product-post\" data-elementor-id=\"13291\" class=\"elementor elementor-13291\" data-elementor-post-type=\"product\">\n\t\t\t\t\t\t<section class=\"wd-negative-gap elementor-section elementor-top-section elementor-element elementor-element-ca10819 elementor-section-boxed elementor-section-height-default elementor-section-height-default\" data-id=\"ca10819\" data-element_type=\"section\">\n\t\t\t\t\t\t<div class=\"elementor-container elementor-column-gap-default\">\n\t\t\t\t\t<div class=\"elementor-column elementor-col-100 elementor-top-column elementor-element elementor-element-037d893\" data-id=\"037d893\" data-element_type=\"column\">\n\t\t\t<div class=\"elementor-widget-wrap elementor-element-populated\">\n\t\t\t\t\t\t<div class=\"elementor-element elementor-element-498ac7d elementor-widget elementor-widget-wd_text_block\" data-id=\"498ac7d\" data-element_type=\"widget\" data-widget_type=\"wd_text_block.default\">\n\t\t\t\t<div class=\"elementor-widget-container\">\n\t\t\t\t\t\t\t<div class=\"wd-text-block reset-last-child text-left\">\n\t\t\t\n\t\t\t<p><span style=\"color: #000000;\"><strong>Descripci\u00f3n del producto:<\/strong><\/span><\/p><p>Presentamos el Sacaleches Doble Manos Libres Wearable, \u00a1un cambio radical para las mam\u00e1s modernas como usted! Nuestro revolucionario extractor de leche combina comodidad, confort y eficiencia, permiti\u00e9ndole alimentar a su beb\u00e9 mientras se mantiene activa y productiva.<\/p><p>Con su dise\u00f1o manos libres, este extractor de leche doble manos libres libera sus manos para que pueda realizar otras tareas mientras se extrae leche. Ya no tendr\u00e1 que renunciar a su rutina diaria ni sentirse atada a un extractor de leche tradicional. Experimente la verdadera libertad y flexibilidad.<\/p><p>Dise\u00f1ado pensando en la m\u00e1xima portabilidad, nuestro Sacaleches Doble Manos Libres es compacto y ligero. M\u00e9talo en el bolso o ll\u00e9velo discretamente bajo la ropa. Tanto si est\u00e1 en el trabajo, haciendo recados o disfrutando de un d\u00eda fuera con su peque\u00f1o, extraerse leche nunca ha sido tan f\u00e1cil y c\u00f3modo.<\/p><p>Somos conscientes de la importancia de una extracci\u00f3n de leche silenciosa y tranquila. Por eso nuestro extractor de leche funciona de forma silenciosa, con un ruido m\u00ednimo para evitar interrupciones. Si\u00e9ntase segura extray\u00e9ndose leche discretamente est\u00e9 donde est\u00e9.<\/p><p>Tenga la seguridad de que cada gota de leche recogida es segura y pura. Nuestro Sacaleches Doble Manos Libres cuenta con un completo sistema de separaci\u00f3n, que mantiene los gases y la leche separados durante todo el proceso. Esta innovadora tecnolog\u00eda garantiza los m\u00e1s altos est\u00e1ndares de higiene y calidad para su precioso beb\u00e9.<\/p><p>Damos prioridad a su comodidad. Nuestro extractor de leche el\u00e9ctrico port\u00e1til incorpora una suave funci\u00f3n de masaje que imita el movimiento natural de succi\u00f3n del beb\u00e9. El movimiento de circulaci\u00f3n del pist\u00f3n de vibraci\u00f3n de alta frecuencia ayuda a estimular el flujo de leche, garantizando una sesi\u00f3n de extracci\u00f3n c\u00f3moda y eficaz. Experimente un masaje relajante seguido de una succi\u00f3n eficaz, que le permitir\u00e1 extraer leche sin esfuerzo.<\/p><p>Con el Sacaleches Doble Manos Libres Wearable, disfrute de la maternidad sin renunciar a un estilo de vida activo. Es hora de recuperar su libertad y disfrutar de cada precioso momento con su peque\u00f1o. \u00a1P\u00eddalo ahora y experimente la m\u00e1xima comodidad y confort de la extracci\u00f3n sin manos! \ud83c\udf38\ud83e\udd31\ud83c\udffb\ud83d\udc96<\/p>\n\t\t\t\t\t<\/div>\n\t\t\t\t\t\t<\/div>\n\t\t\t\t<\/div>\n\t\t\t\t\t<\/div>\n\t\t<\/div>\n\t\t\t\t\t<\/div>\n\t\t<\/section>\n\t\t\t\t<section class=\"wd-negative-gap elementor-section elementor-top-section elementor-element elementor-element-d144e1a elementor-section-boxed elementor-section-height-default elementor-section-height-default\" data-id=\"d144e1a\" data-element_type=\"section\">\n\t\t\t\t\t\t<div class=\"elementor-container elementor-column-gap-default\">\n\t\t\t\t\t<div class=\"elementor-column elementor-col-100 elementor-top-column elementor-element elementor-element-324591a\" data-id=\"324591a\" data-element_type=\"column\">\n\t\t\t<div class=\"elementor-widget-wrap elementor-element-populated\">\n\t\t\t\t\t\t<div class=\"elementor-element elementor-element-ff03385 elementor-widget elementor-widget-video\" data-id=\"ff03385\" data-element_type=\"widget\" data-settings=\"{&quot;youtube_url&quot;:&quot;https:\\\/\\\/youtu.be\\\/o0uPuNg47ss&quot;,&quot;video_type&quot;:&quot;youtube&quot;,&quot;controls&quot;:&quot;yes&quot;}\" data-widget_type=\"video.default\">\n\t\t\t\t<div class=\"elementor-widget-container\">\n\t\t\t\t\t\t\t<div class=\"elementor-wrapper elementor-open-inline\">\n\t\t\t<div class=\"elementor-video\"><\/div>\t\t<\/div>\n\t\t\t\t\t\t<\/div>\n\t\t\t\t<\/div>\n\t\t\t\t\t<\/div>\n\t\t<\/div>\n\t\t\t\t\t<\/div>\n\t\t<\/section>\n\t\t\t\t<section class=\"wd-negative-gap elementor-section elementor-top-section elementor-element elementor-element-f22daae elementor-section-boxed elementor-section-height-default elementor-section-height-default\" data-id=\"f22daae\" data-element_type=\"section\">\n\t\t\t\t\t\t<div class=\"elementor-container elementor-column-gap-default\">\n\t\t\t\t\t<div class=\"elementor-column elementor-col-100 elementor-top-column elementor-element elementor-element-b42aa8a\" data-id=\"b42aa8a\" data-element_type=\"column\">\n\t\t\t<div class=\"elementor-widget-wrap elementor-element-populated\">\n\t\t\t\t\t\t<div class=\"elementor-element elementor-element-52a7e6f elementor-widget elementor-widget-wd_text_block\" data-id=\"52a7e6f\" data-element_type=\"widget\" data-widget_type=\"wd_text_block.default\">\n\t\t\t\t<div class=\"elementor-widget-container\">\n\t\t\t\t\t\t\t<div class=\"wd-text-block reset-last-child text-left\">\n\t\t\t\n\t\t\t<p><span style=\"color: #000000;\"><strong>Caracter\u00edsticas del producto:<\/strong><\/span><\/p><ol><li>Manos libres: Experimente la libertad de realizar m\u00faltiples tareas mientras se extrae leche con nuestro innovador dise\u00f1o port\u00e1til. El Extractor de Leche Doble Manos Libres Wearable le permite extraer leche sin esfuerzo, dejando sus manos libres para ocuparse de otras tareas.<\/li><li>Compacto y pr\u00e1ctico: Dise\u00f1ado pensando en las mam\u00e1s modernas, este Extractor de Leche Doble Manos Libres es compacto y ligero, por lo que es f\u00e1cil de transportar y utilizar sobre la marcha. Cabe discretamente bajo la ropa, lo que le permite extraerse leche en cualquier momento y lugar.<\/li><li>Funcionamiento silencioso: Disfrute de una experiencia de extracci\u00f3n tranquila sin molestar a los dem\u00e1s. Nuestro extractor de leche manos libres doble cuenta con una avanzada tecnolog\u00eda de reducci\u00f3n de ruido, lo que garantiza un ruido m\u00ednimo durante el funcionamiento y le permite extraerse leche discretamente.<\/li><li>Separaci\u00f3n completa: El Sacaleches El\u00e9ctrico Wearable est\u00e1 dise\u00f1ado con un sistema \u00fanico de separaci\u00f3n de gases y leche. Esto asegura que la leche se recoge higi\u00e9nicamente sin ning\u00fan tipo de contaminaci\u00f3n, garantizando la m\u00e1s alta calidad para su peque\u00f1o.<\/li><li>Masaje suave y succi\u00f3n eficaz: Priorizando su comodidad, nuestro extractor de leche port\u00e1til incorpora un movimiento de circulaci\u00f3n del pist\u00f3n de vibraci\u00f3n de alta frecuencia. Comienza con un masaje relajante para estimular el flujo de leche y luego pasa a una succi\u00f3n eficiente para una extracci\u00f3n eficaz.<\/li><\/ol>\n\t\t\t\t\t<\/div>\n\t\t\t\t\t\t<\/div>\n\t\t\t\t<\/div>\n\t\t\t\t\t<\/div>\n\t\t<\/div>\n\t\t\t\t\t<\/div>\n\t\t<\/section>\n\t\t\t\t<section class=\"wd-negative-gap elementor-section elementor-top-section elementor-element elementor-element-8e8b8d3 elementor-section-boxed elementor-section-height-default elementor-section-height-default\" data-id=\"8e8b8d3\" data-element_type=\"section\">\n\t\t\t\t\t\t<div class=\"elementor-container elementor-column-gap-default\">\n\t\t\t\t\t<div class=\"elementor-column elementor-col-100 elementor-top-column elementor-element elementor-element-57113f5\" data-id=\"57113f5\" data-element_type=\"column\">\n\t\t\t<div class=\"elementor-widget-wrap elementor-element-populated\">\n\t\t\t\t\t\t<div class=\"elementor-element elementor-element-dde682d color-scheme-inherit text-left elementor-widget elementor-widget-text-editor\" data-id=\"dde682d\" data-element_type=\"widget\" data-widget_type=\"text-editor.default\">\n\t\t\t\t<div class=\"elementor-widget-container\">\n\t\t\t\t\t\t\t\t\t<h2 class=\"detail-desc-decorate-title\">El paquete incluye:<\/h2><p class=\"detail-desc-decorate-content\" data-spm-anchor-id=\"a2g0o.detail.1000023.i2.13203a4cIMGZjy\">1 hebilla de ajuste del sujetador<br \/>1 cable USB<br \/>1 x Diafragma de silicona<br \/>1 x Host<br \/>1 x Bocina de silicona<br \/>1 x V\u00e1lvulas de boca de pato<br \/>1 x 3 V\u00edas<br \/><span style=\"font-size: 14px; background-color: var(--bgcolor-white); color: var(--wd-text-color);\">1 x Colector de leche<\/span><\/p>\t\t\t\t\t\t\t\t<\/div>\n\t\t\t\t<\/div>\n\t\t\t\t<div class=\"elementor-element elementor-element-4fe6a0c elementor-widget elementor-widget-wd_image_or_svg\" data-id=\"4fe6a0c\" data-element_type=\"widget\" data-widget_type=\"wd_image_or_svg.default\">\n\t\t\t\t<div class=\"elementor-widget-container\">\n\t\t\t\t\t\n\t\t<div class=\"wd-image text-left\">\n\t\t\t\t\t\t\t\t<img fetchpriority=\"high\" decoding=\"async\" width=\"1000\" height=\"1000\" src=\"https:\/\/babyvk.com\/wp-content\/uploads\/2023\/04\/1630487959-1.png\" class=\"attachment-full size-full wvs-archive-product-image\" alt=\"Sacaleches port\u00e1til doble manos libres\" srcset=\"https:\/\/babyvk.com\/wp-content\/uploads\/2023\/04\/1630487959-1.png 1000w, https:\/\/babyvk.com\/wp-content\/uploads\/2023\/04\/1630487959-1-30x30.png 30w, https:\/\/babyvk.com\/wp-content\/uploads\/2023\/04\/1630487959-1-50x50.png 50w, https:\/\/babyvk.com\/wp-content\/uploads\/2023\/04\/1630487959-1-100x100.png 100w, https:\/\/babyvk.com\/wp-content\/uploads\/2023\/04\/1630487959-1-150x150.png 150w, https:\/\/babyvk.com\/wp-content\/uploads\/2023\/04\/1630487959-1-300x300.png 300w, https:\/\/babyvk.com\/wp-content\/uploads\/2023\/04\/1630487959-1-768x768.png 768w, https:\/\/babyvk.com\/wp-content\/uploads\/2023\/04\/1630487959-1-800x800.png 800w, https:\/\/babyvk.com\/wp-content\/uploads\/2023\/04\/1630487959-1-860x860.png 860w, https:\/\/babyvk.com\/wp-content\/uploads\/2023\/04\/1630487959-1-500x500.png 500w, https:\/\/babyvk.com\/wp-content\/uploads\/2023\/04\/1630487959-1-430x430.png 430w, https:\/\/babyvk.com\/wp-content\/uploads\/2023\/04\/1630487959-1-700x700.png 700w\" sizes=\"(max-width: 1000px) 100vw, 1000px\" title=\"\">\t\t\t\t\t<\/div>\n\n\t\t\t\t\t\t<\/div>\n\t\t\t\t<\/div>\n\t\t\t\t<div class=\"elementor-element elementor-element-120c39b color-scheme-inherit text-left elementor-widget elementor-widget-text-editor\" data-id=\"120c39b\" data-element_type=\"widget\" data-widget_type=\"text-editor.default\">\n\t\t\t\t<div class=\"elementor-widget-container\">\n\t\t\t\t\t\t\t\t\t<h2 class=\"detail-desc-decorate-title\" data-spm-anchor-id=\"a2g0o.detail.1000023.i0.13203a4cIMGZjy\">Asuntos que requieren atenci\u00f3n<\/h2><ol><li class=\"detail-desc-decorate-content\" data-spm-anchor-id=\"a2g0o.detail.1000023.i1.13203a4cIMGZjy\">L\u00e1vese las manos antes de utilizar el Extractor Doble para orde\u00f1ar o tratar la leche materna.<\/li><li class=\"detail-desc-decorate-content\" data-spm-anchor-id=\"a2g0o.detail.1000023.i1.13203a4cIMGZjy\">El sacaleches se calienta con una toalla caliente antes del orde\u00f1o. El masaje estimula la areola para que el pecho est\u00e9 completamente despejado.<\/li><li class=\"detail-desc-decorate-content\" data-spm-anchor-id=\"a2g0o.detail.1000023.i1.13203a4cIMGZjy\">Orde\u00f1ar a su propia presi\u00f3n. Los pechos o pezones deben dejar de orde\u00f1arse cuando sientan dolor.<\/li><li class=\"detail-desc-decorate-content\" data-spm-anchor-id=\"a2g0o.detail.1000023.i1.13203a4cIMGZjy\">S\u00f3lo hay que exprimir la cantidad de ocho puntos para el orde\u00f1o (no m\u00e1s de 20 minutos)<\/li><li class=\"detail-desc-decorate-content\" data-spm-anchor-id=\"a2g0o.detail.1000023.i1.13203a4cIMGZjy\">Utiliza un recipiente con tapa para guardar la leche materna<\/li><li class=\"detail-desc-decorate-content\" data-spm-anchor-id=\"a2g0o.detail.1000023.i1.13203a4cIMGZjy\">Retire la leche materna que haya estado refrigerada m\u00e1s de 72 horas (3 d\u00edas)<\/li><li class=\"detail-desc-decorate-content\" data-spm-anchor-id=\"a2g0o.detail.1000023.i1.13203a4cIMGZjy\">No juntes leche materna refrigerada con leche materna fresca.<\/li><li class=\"detail-desc-decorate-content\" data-spm-anchor-id=\"a2g0o.detail.1000023.i1.13203a4cIMGZjy\">Descongelar la leche materna refrigerada o unir el recipiente a la leche caliente para la alimentaci\u00f3n en caliente.<\/li><li class=\"detail-desc-decorate-content\" data-spm-anchor-id=\"a2g0o.detail.1000023.i1.13203a4cIMGZjy\">Una vez descongelada la leche materna, si el beb\u00e9 no puede terminar de tomarla al cabo de 24 horas, no repita la toma de leche materna refrigerada. Deseche la sobrante y desinfecte el recipiente.<\/li><\/ol>\t\t\t\t\t\t\t\t<\/div>\n\t\t\t\t<\/div>\n\t\t\t\t\t<\/div>\n\t\t<\/div>\n\t\t\t\t\t<\/div>\n\t\t<\/section>\n\t\t\t\t<\/div>","protected":false},"excerpt":{"rendered":"<p>&#8220;<strong>\u00bfBusca una c\u00f3moda soluci\u00f3n de extracci\u00f3n de leche manos libres?<\/strong> Presentamos nuestro Sacaleches Port\u00e1til Doble Manos Libres - la respuesta a la extracci\u00f3n de leche sin complicaciones sobre la marcha. Compre ahora con env\u00edo gratuito y obtenga 30% DE DESCUENTO\".<\/p>","protected":false},"featured_media":13508,"comment_status":"open","ping_status":"closed","template":"","meta":{"_acf_changed":false},"product_brand":[],"product_cat":[20],"product_tag":[205,275,202,204,206],"class_list":{"0":"post-13291","1":"product","2":"type-product","3":"status-publish","4":"has-post-thumbnail","6":"product_cat-new-mom","7":"product_tag-breast-pump-machine","8":"product_tag-double-hands-free-breast-pump","9":"product_tag-double-pumping","10":"product_tag-hands-free-breast-pump","11":"product_tag-wearable-electric-breast-pumps","13":"first","14":"instock","15":"sale","16":"taxable","17":"shipping-taxable","18":"purchasable","19":"product-type-variable","20":"wvs-archive-product-wrapper"},"acf":[],"_links":{"self":[{"href":"https:\/\/babyvk.com\/es\/wp-json\/wp\/v2\/product\/13291","targetHints":{"allow":["GET"]}}],"collection":[{"href":"https:\/\/babyvk.com\/es\/wp-json\/wp\/v2\/product"}],"about":[{"href":"https:\/\/babyvk.com\/es\/wp-json\/wp\/v2\/types\/product"}],"replies":[{"embeddable":true,"href":"https:\/\/babyvk.com\/es\/wp-json\/wp\/v2\/comments?post=13291"}],"version-history":[{"count":0,"href":"https:\/\/babyvk.com\/es\/wp-json\/wp\/v2\/product\/13291\/revisions"}],"wp:featuredmedia":[{"embeddable":true,"href":"https:\/\/babyvk.com\/es\/wp-json\/wp\/v2\/media\/13508"}],"wp:attachment":[{"href":"https:\/\/babyvk.com\/es\/wp-json\/wp\/v2\/media?parent=13291"}],"wp:term":[{"taxonomy":"product_brand","embeddable":true,"href":"https:\/\/babyvk.com\/es\/wp-json\/wp\/v2\/product_brand?post=13291"},{"taxonomy":"product_cat","embeddable":true,"href":"https:\/\/babyvk.com\/es\/wp-json\/wp\/v2\/product_cat?post=13291"},{"taxonomy":"product_tag","embeddable":true,"href":"https:\/\/babyvk.com\/es\/wp-json\/wp\/v2\/product_tag?post=13291"}],"curies":[{"name":"wp","href":"https:\/\/api.w.org\/{rel}","templated":true}]}}