{"id":25155,"date":"2026-01-23T17:28:34","date_gmt":"2026-01-23T17:28:34","guid":{"rendered":"https:\/\/babyvk.com\/?post_type=product&#038;p=25155"},"modified":"2026-01-23T17:53:09","modified_gmt":"2026-01-23T17:53:09","slug":"kids-water-bottle-with-straw-820ml","status":"publish","type":"product","link":"https:\/\/babyvk.com\/de\/product\/kids-water-bottle-with-straw-820ml\/","title":{"rendered":"Kinder-Wasserflasche mit Strohhalm - 820ml"},"content":{"rendered":"<div data-elementor-type=\"product-post\" data-elementor-id=\"25155\" class=\"elementor elementor-25155\" data-elementor-post-type=\"product\">\n\t\t\t\t\t\t<section class=\"wd-negative-gap elementor-section elementor-top-section elementor-element elementor-element-262f339 elementor-section-boxed elementor-section-height-default elementor-section-height-default\" data-id=\"262f339\" data-element_type=\"section\">\n\t\t\t\t\t\t<div class=\"elementor-container elementor-column-gap-default\">\n\t\t\t\t\t<div class=\"elementor-column elementor-col-100 elementor-top-column elementor-element elementor-element-dba8260\" data-id=\"dba8260\" data-element_type=\"column\">\n\t\t\t<div class=\"elementor-widget-wrap elementor-element-populated\">\n\t\t\t\t\t\t<div class=\"elementor-element elementor-element-0dab96c color-scheme-inherit text-left elementor-widget elementor-widget-text-editor\" data-id=\"0dab96c\" data-element_type=\"widget\" data-widget_type=\"text-editor.default\">\n\t\t\t\t<div class=\"elementor-widget-container\">\n\t\t\t\t\t\t\t\t\t<h2 data-start=\"1211\" data-end=\"1229\">BESCHREIBUNG<\/h2><p data-start=\"1231\" data-end=\"1585\">Die <strong data-start=\"1235\" data-end=\"1267\">Kinder-Wasserflasche mit Strohhalm<\/strong> wurde entwickelt, um die t\u00e4gliche Fl\u00fcssigkeitszufuhr einfach, sicher und unterhaltsam zu gestalten. Mit einem <strong data-start=\"1332\" data-end=\"1356\">gro\u00dfes Fassungsverm\u00f6gen von 820 ml<\/strong>lebensmittelgeeignete Materialien und ein <strong data-start=\"1386\" data-end=\"1409\">360\u00b0 dichte Abdichtung<\/strong>Er ist perfekt f\u00fcr die Schule, Outdoor-Aktivit\u00e4ten und Reisen. Das Cartoon-Design, der eingebaute Strohhalm und der Tragegriff machen ihn zu einem Favoriten f\u00fcr Kinder und zu einer sorgenfreien Wahl f\u00fcr Eltern.<\/p>\t\t\t\t\t\t\t\t<\/div>\n\t\t\t\t<\/div>\n\t\t\t\t<div class=\"elementor-element elementor-element-2ca6a9a color-scheme-inherit text-left elementor-widget elementor-widget-text-editor\" data-id=\"2ca6a9a\" data-element_type=\"widget\" data-widget_type=\"text-editor.default\">\n\t\t\t\t<div class=\"elementor-widget-container\">\n\t\t\t\t\t\t\t\t\t<h2 data-start=\"1592\" data-end=\"1615\">FEATURES<\/h2>\n<ul data-start=\"1617\" data-end=\"1879\">\n \t<li data-start=\"1617\" data-end=\"1665\">\n<p data-start=\"1619\" data-end=\"1665\">\u2705 Lebensmittelgeeignetes PC-Material, sicher und ungiftig<\/p>\n<\/li>\n \t<li data-start=\"1666\" data-end=\"1707\">\n<p data-start=\"1668\" data-end=\"1707\">\u2705 360\u00b0 auslaufsichere Dichtung verhindert Versch\u00fctten<\/p>\n<\/li>\n \t<li data-start=\"1708\" data-end=\"1749\">\n<p data-start=\"1710\" data-end=\"1749\">\u2705 Eingebauter Strohhalm mit Silikonabdichtung<\/p>\n<\/li>\n \t<li data-start=\"1750\" data-end=\"1798\">\n<p data-start=\"1752\" data-end=\"1798\">\u2705 Gro\u00dfes Fassungsverm\u00f6gen von 820 ml f\u00fcr ganzt\u00e4gige Fl\u00fcssigkeitszufuhr<\/p>\n<\/li>\n \t<li data-start=\"1799\" data-end=\"1829\">\n<p data-start=\"1801\" data-end=\"1829\">\u2705 Cartoon-Design, das Kinder lieben<\/p>\n<\/li>\n \t<li data-start=\"1830\" data-end=\"1879\">\n<p data-start=\"1832\" data-end=\"1879\">\u2705 Tragbarer Griff und Riemen f\u00fcr einfaches Tragen<\/p>\n<\/li>\n<\/ul>\t\t\t\t\t\t\t\t<\/div>\n\t\t\t\t<\/div>\n\t\t\t\t<div class=\"elementor-element elementor-element-9317eea color-scheme-inherit text-left elementor-widget elementor-widget-text-editor\" data-id=\"9317eea\" data-element_type=\"widget\" data-widget_type=\"text-editor.default\">\n\t\t\t\t<div class=\"elementor-widget-container\">\n\t\t\t\t\t\t\t\t\t<h2 data-start=\"1886\" data-end=\"1907\">SPEZIFIKATIONEN<\/h2>\n<ul data-start=\"1909\" data-end=\"2249\">\n \t<li data-start=\"1909\" data-end=\"1951\">\n<p data-start=\"1911\" data-end=\"1951\"><strong data-start=\"1911\" data-end=\"1928\">Produktname:<\/strong> Kinder-Wasser-Trinkbecher<\/p>\n<\/li>\n \t<li data-start=\"1952\" data-end=\"1975\">\n<p data-start=\"1954\" data-end=\"1975\"><strong data-start=\"1954\" data-end=\"1967\">Kapazit\u00e4t:<\/strong> 820ml<\/p>\n<\/li>\n \t<li data-start=\"1976\" data-end=\"2023\">\n<p data-start=\"1978\" data-end=\"2023\"><strong data-start=\"1978\" data-end=\"1991\">Material:<\/strong> Lebensmittelgeeignetes PC + Silikondichtung<\/p>\n<\/li>\n \t<li data-start=\"2024\" data-end=\"2079\">\n<p data-start=\"2026\" data-end=\"2079\"><strong data-start=\"2026\" data-end=\"2037\">Entwurf:<\/strong> Strohhalmdeckel, Henkel, transparenter Becherk\u00f6rper<\/p>\n<\/li>\n \t<li data-start=\"2080\" data-end=\"2120\">\n<p data-start=\"2082\" data-end=\"2120\"><strong data-start=\"2082\" data-end=\"2091\">Gr\u00f6\u00dfe:<\/strong> H\u00f6he 17cm\/Durchmesser 9cm<\/p>\n<\/li>\n \t<li data-start=\"2121\" data-end=\"2187\">\n<p data-start=\"2123\" data-end=\"2187\"><strong data-start=\"2123\" data-end=\"2144\">Das Paket enth\u00e4lt:<\/strong> 1 x Wasserflasche (Aufkleber nicht enthalten)<\/p>\n<\/li>\n \t<li data-start=\"2188\" data-end=\"2249\">\n<p data-start=\"2190\" data-end=\"2249\"><strong data-start=\"2190\" data-end=\"2207\">Geeignet f\u00fcr:<\/strong> Kinder, Studenten, Schule, Au\u00dfeneinsatz<\/p>\n<\/li>\n<\/ul>\t\t\t\t\t\t\t\t<\/div>\n\t\t\t\t<\/div>\n\t\t\t\t\t<\/div>\n\t\t<\/div>\n\t\t\t\t\t<\/div>\n\t\t<\/section>\n\t\t\t\t<section class=\"wd-negative-gap elementor-section elementor-top-section elementor-element elementor-element-79a6b55 elementor-section-boxed elementor-section-height-default elementor-section-height-default\" data-id=\"79a6b55\" data-element_type=\"section\">\n\t\t\t\t\t\t<div class=\"elementor-container elementor-column-gap-default\">\n\t\t\t\t\t<div class=\"elementor-column elementor-col-100 elementor-top-column elementor-element elementor-element-caa0bef\" data-id=\"caa0bef\" data-element_type=\"column\">\n\t\t\t<div class=\"elementor-widget-wrap elementor-element-populated\">\n\t\t\t\t\t\t<div class=\"elementor-element elementor-element-7abd068 elementor-widget elementor-widget-image\" data-id=\"7abd068\" data-element_type=\"widget\" data-widget_type=\"image.default\">\n\t\t\t\t<div class=\"elementor-widget-container\">\n\t\t\t\t\t\t\t\t\t\t\t\t\t\t\t<img fetchpriority=\"high\" decoding=\"async\" width=\"800\" height=\"800\" src=\"https:\/\/babyvk.com\/wp-content\/themes\/woodmart\/images\/lazy.svg\" data-src=\"https:\/\/babyvk.com\/wp-content\/uploads\/2026\/01\/kids-water-bottle-with-straw-800x800.jpg\" class=\"wd-lazy-blur attachment-large size-large wp-image-25146 wvs-archive-product-image\" alt=\"Kinderflasche mit Silikonstrohhalm\" srcset=\"\" data-srcset=\"https:\/\/babyvk.com\/wp-content\/uploads\/2026\/01\/kids-water-bottle-with-straw-800x800.jpg 800w, https:\/\/babyvk.com\/wp-content\/uploads\/2026\/01\/kids-water-bottle-with-straw-300x300.jpg 300w, https:\/\/babyvk.com\/wp-content\/uploads\/2026\/01\/kids-water-bottle-with-straw-150x150.jpg 150w, https:\/\/babyvk.com\/wp-content\/uploads\/2026\/01\/kids-water-bottle-with-straw-768x768.jpg 768w, https:\/\/babyvk.com\/wp-content\/uploads\/2026\/01\/kids-water-bottle-with-straw-12x12.jpg 12w, https:\/\/babyvk.com\/wp-content\/uploads\/2026\/01\/kids-water-bottle-with-straw-1000x1000.jpg 1000w, https:\/\/babyvk.com\/wp-content\/uploads\/2026\/01\/kids-water-bottle-with-straw-100x100.jpg 100w, https:\/\/babyvk.com\/wp-content\/uploads\/2026\/01\/kids-water-bottle-with-straw-50x50.jpg 50w, https:\/\/babyvk.com\/wp-content\/uploads\/2026\/01\/kids-water-bottle-with-straw.jpg 1300w\" sizes=\"(max-width: 800px) 100vw, 800px\" title=\"\">\t\t\t\t\t\t\t\t\t\t\t\t\t\t\t<\/div>\n\t\t\t\t<\/div>\n\t\t\t\t\t<\/div>\n\t\t<\/div>\n\t\t\t\t\t<\/div>\n\t\t<\/section>\n\t\t\t\t<\/div>","protected":false},"excerpt":{"rendered":"<p><strong data-start=\"1061\" data-end=\"1111\">Sie brauchen eine sichere und stilvolle Flasche f\u00fcr Ihr Kind?<\/strong> Die Kinder-Trinkflasche mit Strohhalm verf\u00fcgt \u00fcber eine 360\u00b0-Dichtung, ein gro\u00dfes Fassungsverm\u00f6gen von 820 ml und sicheres, lebensmittelechtes Material.<\/p>","protected":false},"featured_media":25152,"comment_status":"open","ping_status":"closed","template":"","meta":{"_acf_changed":false},"product_brand":[],"product_cat":[508],"product_tag":[1181,1182,1184,1179,1180,1183],"class_list":{"0":"post-25155","1":"product","2":"type-product","3":"status-publish","4":"has-post-thumbnail","6":"product_cat-best-baby-feeding","7":"product_tag-children-water-bottle","8":"product_tag-cute-kids-water-bottle","9":"product_tag-kids-water-bottle-with-strap","10":"product_tag-kids-water-bottle-with-straw","11":"product_tag-portable-kids-water-bottle","12":"product_tag-toddler-straw-water-bottle","14":"first","15":"instock","16":"sale","17":"taxable","18":"shipping-taxable","19":"purchasable","20":"product-type-variable","21":"wvs-archive-product-wrapper"},"acf":[],"_links":{"self":[{"href":"https:\/\/babyvk.com\/de\/wp-json\/wp\/v2\/product\/25155","targetHints":{"allow":["GET"]}}],"collection":[{"href":"https:\/\/babyvk.com\/de\/wp-json\/wp\/v2\/product"}],"about":[{"href":"https:\/\/babyvk.com\/de\/wp-json\/wp\/v2\/types\/product"}],"replies":[{"embeddable":true,"href":"https:\/\/babyvk.com\/de\/wp-json\/wp\/v2\/comments?post=25155"}],"version-history":[{"count":5,"href":"https:\/\/babyvk.com\/de\/wp-json\/wp\/v2\/product\/25155\/revisions"}],"predecessor-version":[{"id":25165,"href":"https:\/\/babyvk.com\/de\/wp-json\/wp\/v2\/product\/25155\/revisions\/25165"}],"wp:featuredmedia":[{"embeddable":true,"href":"https:\/\/babyvk.com\/de\/wp-json\/wp\/v2\/media\/25152"}],"wp:attachment":[{"href":"https:\/\/babyvk.com\/de\/wp-json\/wp\/v2\/media?parent=25155"}],"wp:term":[{"taxonomy":"product_brand","embeddable":true,"href":"https:\/\/babyvk.com\/de\/wp-json\/wp\/v2\/product_brand?post=25155"},{"taxonomy":"product_cat","embeddable":true,"href":"https:\/\/babyvk.com\/de\/wp-json\/wp\/v2\/product_cat?post=25155"},{"taxonomy":"product_tag","embeddable":true,"href":"https:\/\/babyvk.com\/de\/wp-json\/wp\/v2\/product_tag?post=25155"}],"curies":[{"name":"wp","href":"https:\/\/api.w.org\/{rel}","templated":true}]}}