{"id":25092,"date":"2026-01-21T16:48:31","date_gmt":"2026-01-21T16:48:31","guid":{"rendered":"https:\/\/babyvk.com\/?post_type=product&#038;p=25092"},"modified":"2026-04-10T16:24:10","modified_gmt":"2026-04-10T16:24:10","slug":"2-in-1-toddler-potty-seat-with-steps","status":"publish","type":"product","link":"https:\/\/babyvk.com\/de\/product\/2-in-1-toddler-potty-seat-with-steps\/","title":{"rendered":"2 in 1 Kleinkind-T\u00f6pfchensitz mit Stufen"},"content":{"rendered":"<div data-elementor-type=\"product-post\" data-elementor-id=\"25092\" class=\"elementor elementor-25092\" data-elementor-post-type=\"product\">\n\t\t\t\t\t\t<section class=\"wd-negative-gap elementor-section elementor-top-section elementor-element elementor-element-4fc6fcb elementor-section-boxed elementor-section-height-default elementor-section-height-default\" data-id=\"4fc6fcb\" data-element_type=\"section\">\n\t\t\t\t\t\t<div class=\"elementor-container elementor-column-gap-default\">\n\t\t\t\t\t<div class=\"elementor-column elementor-col-100 elementor-top-column elementor-element elementor-element-df1ba9f\" data-id=\"df1ba9f\" data-element_type=\"column\">\n\t\t\t<div class=\"elementor-widget-wrap elementor-element-populated\">\n\t\t\t\t\t\t<div class=\"elementor-element elementor-element-68f3c4f color-scheme-inherit text-left elementor-widget elementor-widget-text-editor\" data-id=\"68f3c4f\" data-element_type=\"widget\" data-widget_type=\"text-editor.default\">\n\t\t\t\t<div class=\"elementor-widget-container\">\n\t\t\t\t\t\t\t\t\t<h2 data-start=\"1231\" data-end=\"1255\">BESCHREIBUNG<\/h2>\n<p data-start=\"1257\" data-end=\"1555\">Erleichtern Sie das T\u00f6pfchentraining und machen Sie es sicherer mit dem <strong data-start=\"1303\" data-end=\"1351\">Verstellbarer 2-in-1-Toilettensitz f\u00fcr das T\u00f6pfchentraining<\/strong>. Dieser faltbare T\u00f6pfchensitz, der f\u00fcr die meisten Toilettenformen geeignet ist, kombiniert einen weichen, gepolsterten Sitz mit einer stabilen Stufenleiter und hilft Kleinkindern, Selbstvertrauen und Unabh\u00e4ngigkeit zu gewinnen, w\u00e4hrend die Eltern sich keine Sorgen machen m\u00fcssen.<\/p>\t\t\t\t\t\t\t\t<\/div>\n\t\t\t\t<\/div>\n\t\t\t\t<div class=\"elementor-element elementor-element-b85a2d3 color-scheme-inherit text-left elementor-widget elementor-widget-text-editor\" data-id=\"b85a2d3\" data-element_type=\"widget\" data-widget_type=\"text-editor.default\">\n\t\t\t\t<div class=\"elementor-widget-container\">\n\t\t\t\t\t\t\t\t\t<h2 data-start=\"1562\" data-end=\"1585\">FEATURES<\/h2>\n<ul data-start=\"1587\" data-end=\"1868\">\n \t<li data-start=\"1587\" data-end=\"1638\">\n<p data-start=\"1589\" data-end=\"1638\">\u2705 2-in-1-Design: T\u00f6pfchensitz + Tritthocker-Leiter<\/p>\n<\/li>\n \t<li data-start=\"1639\" data-end=\"1691\">\n<p data-start=\"1641\" data-end=\"1691\">\u2705 Passt auf die meisten Toilettenformen (V, U, O - nicht quadratisch)<\/p>\n<\/li>\n \t<li data-start=\"1692\" data-end=\"1739\">\n<p data-start=\"1694\" data-end=\"1739\">\u2705 Anti-Rutsch-Stufen und -Pads f\u00fcr zus\u00e4tzliche Sicherheit<\/p>\n<\/li>\n \t<li data-start=\"1740\" data-end=\"1781\">\n<p data-start=\"1742\" data-end=\"1781\">\u2705 Weiches, abnehmbares Kissen f\u00fcr mehr Komfort<\/p>\n<\/li>\n \t<li data-start=\"1782\" data-end=\"1820\">\n<p data-start=\"1784\" data-end=\"1820\">\u2705 Zusammenklappbares und platzsparendes Design<\/p>\n<\/li>\n \t<li data-start=\"1821\" data-end=\"1868\">\n<p data-start=\"1823\" data-end=\"1868\">\u2705 Spritzwassergesch\u00fctzter Pipi-Auffangbeh\u00e4lter f\u00fcr einfache Reinigung<\/p>\n<\/li>\n<\/ul>\t\t\t\t\t\t\t\t<\/div>\n\t\t\t\t<\/div>\n\t\t\t\t<div class=\"elementor-element elementor-element-fd81fd5 color-scheme-inherit text-left elementor-widget elementor-widget-text-editor\" data-id=\"fd81fd5\" data-element_type=\"widget\" data-widget_type=\"text-editor.default\">\n\t\t\t\t<div class=\"elementor-widget-container\">\n\t\t\t\t\t\t\t\t\t<h2 data-start=\"1875\" data-end=\"1896\">SPEZIFIKATIONEN<\/h2>\n<ul data-start=\"1898\" data-end=\"2204\">\n \t<li data-start=\"1898\" data-end=\"1954\">\n<p data-start=\"1900\" data-end=\"1954\"><strong data-start=\"1900\" data-end=\"1917\">Produkttyp:<\/strong> Kleinkind T\u00f6pfchentraining Toilettensitz<\/p>\n<\/li>\n \t<li data-start=\"1955\" data-end=\"2008\">\n<p data-start=\"1957\" data-end=\"2008\"><strong data-start=\"1957\" data-end=\"1970\">Funktion:<\/strong> T\u00f6pfchensitz &amp; Toilettenleiter (2 in 1)<\/p>\n<\/li>\n \t<li data-start=\"2009\" data-end=\"2044\">\n<p data-start=\"2011\" data-end=\"2044\"><strong data-start=\"2011\" data-end=\"2024\">Material:<\/strong> PP + Weichpolsterung<\/p>\n<\/li>\n \t<li data-start=\"2045\" data-end=\"2088\">\n<p data-start=\"2047\" data-end=\"2088\"><strong data-start=\"2047\" data-end=\"2067\">Gewichtskapazit\u00e4t:<\/strong> Bis zu 75kg \/ 165lb<\/p>\n<\/li>\n \t<li data-start=\"2089\" data-end=\"2125\">\n<p data-start=\"2091\" data-end=\"2125\"><strong data-start=\"2091\" data-end=\"2108\">Geeignet f\u00fcr:<\/strong> Jungen und M\u00e4dchen<\/p>\n<\/li>\n \t<li data-start=\"2126\" data-end=\"2177\">\n<p data-start=\"2128\" data-end=\"2177\"><strong data-start=\"2128\" data-end=\"2145\">Einbau:<\/strong> Schnelle Montage (5-10 Minuten)<\/p>\n<\/li>\n \t<li data-start=\"2178\" data-end=\"2204\">\n<p data-start=\"2180\" data-end=\"2204\"><strong data-start=\"2180\" data-end=\"2191\">Farben:<\/strong> Grau<\/p>\n<\/li>\n<\/ul>\t\t\t\t\t\t\t\t<\/div>\n\t\t\t\t<\/div>\n\t\t\t\t<div class=\"elementor-element elementor-element-73be7aa color-scheme-inherit text-left elementor-widget elementor-widget-text-editor\" data-id=\"73be7aa\" data-element_type=\"widget\" data-widget_type=\"text-editor.default\">\n\t\t\t\t<div class=\"elementor-widget-container\">\n\t\t\t\t\t\t\t\t\t<h2 data-start=\"2211\" data-end=\"2237\">WARUM ELTERN ES LIEBEN?<\/h2>\n<p data-start=\"2239\" data-end=\"2536\">Eltern lieben dies <strong data-start=\"2257\" data-end=\"2295\">Kleinkind T\u00f6pfchentraining Toilettensitz<\/strong> weil es Kindern hilft, die Toilette selbst\u00e4ndig zu benutzen und dabei sicher und bequem zu bleiben. Die robuste Konstruktion, das rutschfeste Design und die faltbare Struktur machen das T\u00f6pfchentraining weniger stressig, sauberer und bequemer f\u00fcr den Familienalltag.<\/p>\t\t\t\t\t\t\t\t<\/div>\n\t\t\t\t<\/div>\n\t\t\t\t\t<\/div>\n\t\t<\/div>\n\t\t\t\t\t<\/div>\n\t\t<\/section>\n\t\t\t\t<\/div>","protected":false},"excerpt":{"rendered":"<p><strong data-start=\"447\" data-end=\"490\">Schwierigkeiten beim T\u00f6pfchentraining mit Kleinkindern?<\/strong> Der T\u00f6pfchentraining-Toilettensitz f\u00fcr Kleinkinder mit Leiter hilft Kindern, sicher zu klettern, bequem zu sitzen und schneller Unabh\u00e4ngigkeit zu erlernen.<\/p>","protected":false},"featured_media":25087,"comment_status":"open","ping_status":"closed","template":"","meta":{"_acf_changed":false},"product_brand":[],"product_cat":[29],"product_tag":[1169,1171,1172,1170,1168,1167],"class_list":{"0":"post-25092","1":"product","2":"type-product","3":"status-publish","4":"has-post-thumbnail","6":"product_cat-best-baby-care","7":"product_tag-2-in-1-potty-chair-for-toddlers","8":"product_tag-adjustable-potty-training-seat","9":"product_tag-foldable-toddler-potty-seat","10":"product_tag-kids-toilet-training-seat","11":"product_tag-potty-training-seat-with-ladder","12":"product_tag-toddler-potty-training-toilet-seat","14":"first","15":"outofstock","16":"sale","17":"taxable","18":"shipping-taxable","19":"purchasable","20":"product-type-variable","21":"wvs-archive-product-wrapper"},"acf":[],"_links":{"self":[{"href":"https:\/\/babyvk.com\/de\/wp-json\/wp\/v2\/product\/25092","targetHints":{"allow":["GET"]}}],"collection":[{"href":"https:\/\/babyvk.com\/de\/wp-json\/wp\/v2\/product"}],"about":[{"href":"https:\/\/babyvk.com\/de\/wp-json\/wp\/v2\/types\/product"}],"replies":[{"embeddable":true,"href":"https:\/\/babyvk.com\/de\/wp-json\/wp\/v2\/comments?post=25092"}],"version-history":[{"count":6,"href":"https:\/\/babyvk.com\/de\/wp-json\/wp\/v2\/product\/25092\/revisions"}],"predecessor-version":[{"id":25638,"href":"https:\/\/babyvk.com\/de\/wp-json\/wp\/v2\/product\/25092\/revisions\/25638"}],"wp:featuredmedia":[{"embeddable":true,"href":"https:\/\/babyvk.com\/de\/wp-json\/wp\/v2\/media\/25087"}],"wp:attachment":[{"href":"https:\/\/babyvk.com\/de\/wp-json\/wp\/v2\/media?parent=25092"}],"wp:term":[{"taxonomy":"product_brand","embeddable":true,"href":"https:\/\/babyvk.com\/de\/wp-json\/wp\/v2\/product_brand?post=25092"},{"taxonomy":"product_cat","embeddable":true,"href":"https:\/\/babyvk.com\/de\/wp-json\/wp\/v2\/product_cat?post=25092"},{"taxonomy":"product_tag","embeddable":true,"href":"https:\/\/babyvk.com\/de\/wp-json\/wp\/v2\/product_tag?post=25092"}],"curies":[{"name":"wp","href":"https:\/\/api.w.org\/{rel}","templated":true}]}}