{"id":24876,"date":"2026-01-01T15:39:16","date_gmt":"2026-01-01T15:39:16","guid":{"rendered":"https:\/\/babyvk.com\/?post_type=product&#038;p=24876"},"modified":"2026-01-01T17:24:59","modified_gmt":"2026-01-01T17:24:59","slug":"foldable-baby-bath-stand","status":"publish","type":"product","link":"https:\/\/babyvk.com\/de\/product\/foldable-baby-bath-stand\/","title":{"rendered":"Zusammenklappbarer Baby-Badest\u00e4nder"},"content":{"rendered":"<div data-elementor-type=\"product-post\" data-elementor-id=\"24876\" class=\"elementor elementor-24876\" data-elementor-post-type=\"product\">\n\t\t\t\t\t\t<section class=\"wd-negative-gap elementor-section elementor-top-section elementor-element elementor-element-7a7060c elementor-section-boxed elementor-section-height-default elementor-section-height-default\" data-id=\"7a7060c\" data-element_type=\"section\">\n\t\t\t\t\t\t<div class=\"elementor-container elementor-column-gap-default\">\n\t\t\t\t\t<div class=\"elementor-column elementor-col-100 elementor-top-column elementor-element elementor-element-20129eb\" data-id=\"20129eb\" data-element_type=\"column\">\n\t\t\t<div class=\"elementor-widget-wrap elementor-element-populated\">\n\t\t\t\t\t\t<div class=\"elementor-element elementor-element-df46238 color-scheme-inherit text-left elementor-widget elementor-widget-text-editor\" data-id=\"df46238\" data-element_type=\"widget\" data-widget_type=\"text-editor.default\">\n\t\t\t\t<div class=\"elementor-widget-container\">\n\t\t\t\t\t\t\t\t\t<p>Sorgen Sie f\u00fcr ein sicheres und stressfreies Baden mit dem <strong data-start=\"1255\" data-end=\"1293\">Faltbarer Badewannenst\u00e4nder f\u00fcr Babys und Kleinkinder<\/strong>. Das ergonomische Design mit einstellbarer H\u00f6he und R\u00fcckenlehne, rutschfesten Polstern und einer stabilen dreieckigen Basis sorgt daf\u00fcr, dass Ihr Baby beim Baden bequem und sicher liegt. Dieser St\u00e4nder l\u00e4sst sich leicht zusammenbauen, falten und reinigen und ist ideal f\u00fcr S\u00e4uglinge und Kleinkinder im Alter von 8 bis 36 Monaten.<\/p>\t\t\t\t\t\t\t\t<\/div>\n\t\t\t\t<\/div>\n\t\t\t\t<div class=\"elementor-element elementor-element-cd8546d color-scheme-inherit text-left elementor-widget elementor-widget-text-editor\" data-id=\"cd8546d\" data-element_type=\"widget\" data-widget_type=\"text-editor.default\">\n\t\t\t\t<div class=\"elementor-widget-container\">\n\t\t\t\t\t\t\t\t\t<h2>Eigenschaften<\/h2><ul data-start=\"1543\" data-end=\"2261\"><li data-start=\"1543\" data-end=\"1658\"><p data-start=\"1545\" data-end=\"1658\"><strong data-start=\"1547\" data-end=\"1580\">Ergonomisches und einstellbares Design<\/strong> - Unterst\u00fctzt Babys zwischen 8 und 36 Monaten mit verstellbarer R\u00fcckenlehne f\u00fcr eine gesunde K\u00f6rperhaltung.<\/p><\/li><li data-start=\"1659\" data-end=\"1780\"><p data-start=\"1661\" data-end=\"1780\"><strong data-start=\"1663\" data-end=\"1691\">Stabile und rutschfeste Sicherheit<\/strong> - Die dreieckige Struktur mit Anti-Rutsch-Pads und Wasserabflussl\u00f6chern verhindert ein Ausrutschen.<\/p><\/li><li data-start=\"1781\" data-end=\"1885\"><p data-start=\"1783\" data-end=\"1885\"><strong data-start=\"1785\" data-end=\"1813\">Einfache Montage und Reinigung<\/strong> - Die dreistufige Struktur l\u00e4sst sich mit einem Klick einrasten und f\u00fcr die Lagerung schnell zusammenlegen.<\/p><\/li><li data-start=\"1886\" data-end=\"2023\"><p data-start=\"1888\" data-end=\"2023\"><strong data-start=\"1890\" data-end=\"1920\">Vielseitiges Multi-Use-Design<\/strong> - Kann auch als Badesitz mit verstellbaren Armlehnen zum Baden, Wickeln oder Eincremen verwendet werden.<\/p><\/li><li data-start=\"2024\" data-end=\"2111\"><p data-start=\"2026\" data-end=\"2111\"><strong data-start=\"2028\" data-end=\"2054\">Eingebaute Duschhalterung<\/strong> - Freih\u00e4ndige Bedienung f\u00fcr Eltern w\u00e4hrend des Badens.<\/p><\/li><li data-start=\"2112\" data-end=\"2261\"><p data-start=\"2114\" data-end=\"2261\"><strong data-start=\"2116\" data-end=\"2154\">H\u00f6henverstellbar &amp; starke Unterst\u00fctzung<\/strong> - H\u00f6he 18,5-22,83 Zoll, ausgewogenes Trittbrett, starke breite St\u00fctze, leicht zu \u00f6ffnender Griff, Wasserdurchflussstruktur.<\/p><\/li><\/ul>\t\t\t\t\t\t\t\t<\/div>\n\t\t\t\t<\/div>\n\t\t\t\t<div class=\"elementor-element elementor-element-9fd496a color-scheme-inherit text-left elementor-widget elementor-widget-text-editor\" data-id=\"9fd496a\" data-element_type=\"widget\" data-widget_type=\"text-editor.default\">\n\t\t\t\t<div class=\"elementor-widget-container\">\n\t\t\t\t\t\t\t\t\t<h2 data-start=\"2268\" data-end=\"2291\">Spezifikationen<\/h2><ul data-start=\"2292\" data-end=\"2630\"><li data-start=\"2292\" data-end=\"2348\"><p data-start=\"2294\" data-end=\"2348\"><strong data-start=\"2294\" data-end=\"2311\">Produktname:<\/strong> Zusammenklappbarer Baby-Badest\u00e4nder<\/p><\/li><li data-start=\"2349\" data-end=\"2378\"><p data-start=\"2351\" data-end=\"2378\"><strong data-start=\"2351\" data-end=\"2364\">Material:<\/strong> ABS-Kunststoff<\/p><\/li><li data-start=\"2379\" data-end=\"2409\"><p data-start=\"2381\" data-end=\"2409\"><strong data-start=\"2381\" data-end=\"2395\">Altersgruppe:<\/strong> 8-36 Monate<\/p><\/li><li data-start=\"2410\" data-end=\"2454\"><p data-start=\"2412\" data-end=\"2454\"><strong data-start=\"2412\" data-end=\"2434\">H\u00f6henverstellbar:<\/strong> 18,5-22,83 Zoll<\/p><\/li><li data-start=\"2576\" data-end=\"2630\"><p data-start=\"2578\" data-end=\"2630\"><strong data-start=\"2578\" data-end=\"2599\">Das Paket enth\u00e4lt:<\/strong> 1 x Zusammenklappbarer Baby-Badest\u00e4nder<\/p><\/li><\/ul>\t\t\t\t\t\t\t\t<\/div>\n\t\t\t\t<\/div>\n\t\t\t\t<div class=\"elementor-element elementor-element-047a22a color-scheme-inherit text-left elementor-widget elementor-widget-text-editor\" data-id=\"047a22a\" data-element_type=\"widget\" data-widget_type=\"text-editor.default\">\n\t\t\t\t<div class=\"elementor-widget-container\">\n\t\t\t\t\t\t\t\t\t<h2>Warum Eltern es lieben\uff1f<\/h2><p data-start=\"2666\" data-end=\"3001\">Eltern lieben dies <strong data-start=\"2684\" data-end=\"2712\">Zusammenklappbarer Baby-Badest\u00e4nder<\/strong> weil es <strong data-start=\"2724\" data-end=\"2774\">macht das Baden sicherer, einfacher und stressfrei<\/strong>. Die ergonomische St\u00fctze, die rutschfeste Basis, die verstellbare H\u00f6he und die integrierte Duschhalterung sorgen f\u00fcr ein sicheres Gef\u00fchl. Das faltbare Design spart Platz, w\u00e4hrend die vielseitige Funktionalit\u00e4t zum Baden, Wickeln oder Eincremen genutzt werden kann.<\/p>\t\t\t\t\t\t\t\t<\/div>\n\t\t\t\t<\/div>\n\t\t\t\t\t<\/div>\n\t\t<\/div>\n\t\t\t\t\t<\/div>\n\t\t<\/section>\n\t\t\t\t<\/div>","protected":false},"excerpt":{"rendered":"<p><strong data-start=\"420\" data-end=\"474\">Haben Sie es satt, Ihr zappeliges Kleinkind zu baden?<\/strong> Der faltbare Baby-Badest\u00e4nder bietet Ihrem Baby Sicherheit durch Anti-Rutsch-Pads, ergonomische Unterst\u00fctzung und einstellbare H\u00f6he.<\/p>","protected":false},"featured_media":24873,"comment_status":"open","ping_status":"closed","template":"","meta":{"_acf_changed":false},"product_brand":[],"product_cat":[29],"product_tag":[1166,1123,1162,1164,1163,1165],"class_list":{"0":"post-24876","1":"product","2":"type-product","3":"status-publish","4":"has-post-thumbnail","6":"product_cat-best-baby-care","7":"product_tag-adjustable-height-baby-bath-stand","8":"product_tag-anti-slip-baby-bath-seat","9":"product_tag-foldable-baby-bath-stand","10":"product_tag-standing-baby-bathtub-support","11":"product_tag-toddler-bath-stand","12":"product_tag-toddler-shower-stand","14":"first","15":"instock","16":"sale","17":"taxable","18":"shipping-taxable","19":"purchasable","20":"product-type-variable","21":"wvs-archive-product-wrapper"},"acf":[],"_links":{"self":[{"href":"https:\/\/babyvk.com\/de\/wp-json\/wp\/v2\/product\/24876","targetHints":{"allow":["GET"]}}],"collection":[{"href":"https:\/\/babyvk.com\/de\/wp-json\/wp\/v2\/product"}],"about":[{"href":"https:\/\/babyvk.com\/de\/wp-json\/wp\/v2\/types\/product"}],"replies":[{"embeddable":true,"href":"https:\/\/babyvk.com\/de\/wp-json\/wp\/v2\/comments?post=24876"}],"version-history":[{"count":4,"href":"https:\/\/babyvk.com\/de\/wp-json\/wp\/v2\/product\/24876\/revisions"}],"predecessor-version":[{"id":24882,"href":"https:\/\/babyvk.com\/de\/wp-json\/wp\/v2\/product\/24876\/revisions\/24882"}],"wp:featuredmedia":[{"embeddable":true,"href":"https:\/\/babyvk.com\/de\/wp-json\/wp\/v2\/media\/24873"}],"wp:attachment":[{"href":"https:\/\/babyvk.com\/de\/wp-json\/wp\/v2\/media?parent=24876"}],"wp:term":[{"taxonomy":"product_brand","embeddable":true,"href":"https:\/\/babyvk.com\/de\/wp-json\/wp\/v2\/product_brand?post=24876"},{"taxonomy":"product_cat","embeddable":true,"href":"https:\/\/babyvk.com\/de\/wp-json\/wp\/v2\/product_cat?post=24876"},{"taxonomy":"product_tag","embeddable":true,"href":"https:\/\/babyvk.com\/de\/wp-json\/wp\/v2\/product_tag?post=24876"}],"curies":[{"name":"wp","href":"https:\/\/api.w.org\/{rel}","templated":true}]}}