{"id":24455,"date":"2025-11-19T18:59:20","date_gmt":"2025-11-19T18:59:20","guid":{"rendered":"https:\/\/babyvk.com\/?post_type=product&#038;p=24455"},"modified":"2025-11-22T07:07:23","modified_gmt":"2025-11-22T07:07:23","slug":"mommy-bag-backpack","status":"publish","type":"product","link":"https:\/\/babyvk.com\/de\/product\/mommy-bag-backpack\/","title":{"rendered":"Mommy Bag Rucksack"},"content":{"rendered":"<div data-elementor-type=\"product-post\" data-elementor-id=\"24455\" class=\"elementor elementor-24455\" data-elementor-post-type=\"product\">\n\t\t\t\t\t\t<section class=\"wd-negative-gap elementor-section elementor-top-section elementor-element elementor-element-7d7375b elementor-section-boxed elementor-section-height-default elementor-section-height-default\" data-id=\"7d7375b\" data-element_type=\"section\">\n\t\t\t\t\t\t<div class=\"elementor-container elementor-column-gap-default\">\n\t\t\t\t\t<div class=\"elementor-column elementor-col-100 elementor-top-column elementor-element elementor-element-a6f4807\" data-id=\"a6f4807\" data-element_type=\"column\">\n\t\t\t<div class=\"elementor-widget-wrap elementor-element-populated\">\n\t\t\t\t\t\t<div class=\"elementor-element elementor-element-376f324 color-scheme-inherit text-left elementor-widget elementor-widget-text-editor\" data-id=\"376f324\" data-element_type=\"widget\" data-widget_type=\"text-editor.default\">\n\t\t\t\t<div class=\"elementor-widget-container\">\n\t\t\t\t\t\t\t\t\t<h2 data-start=\"1130\" data-end=\"1153\">Beschreibung<\/h2><p data-start=\"1154\" data-end=\"1499\">Die <strong data-start=\"1158\" data-end=\"1204\">Oxford-Multifunktionstasche Rucksack f\u00fcr M\u00fctter<\/strong> wurde f\u00fcr moderne Eltern entwickelt, die Haltbarkeit, Komfort und gro\u00dfen Stauraum ben\u00f6tigen. Sie ist aus hochwertigem, verschlei\u00dffestem Oxford-Gewebe mit integrierter Isolierung gefertigt und h\u00e4lt die Babyflasche gesch\u00fctzt und temperaturgeregelt, w\u00e4hrend sie gleichzeitig organisierten Platz f\u00fcr Reisen, t\u00e4gliche Ausfl\u00fcge und elterliche Bed\u00fcrfnisse bietet.<\/p>\t\t\t\t\t\t\t\t<\/div>\n\t\t\t\t<\/div>\n\t\t\t\t<div class=\"elementor-element elementor-element-163d47a color-scheme-inherit text-left elementor-widget elementor-widget-text-editor\" data-id=\"163d47a\" data-element_type=\"widget\" data-widget_type=\"text-editor.default\">\n\t\t\t\t<div class=\"elementor-widget-container\">\n\t\t\t\t\t\t\t\t\t<h2 data-start=\"1506\" data-end=\"1528\">Eigenschaften<\/h2><ul data-start=\"1529\" data-end=\"1859\"><li data-start=\"1529\" data-end=\"1583\"><p data-start=\"1531\" data-end=\"1583\">\u2714 Strapazierf\u00e4higes Oxford-Material f\u00fcr den Dauereinsatz<\/p><\/li><li data-start=\"1584\" data-end=\"1648\"><p data-start=\"1586\" data-end=\"1648\">\u2714 Gro\u00dfes Fassungsverm\u00f6gen f\u00fcr Babyartikel, Reiseutensilien und andere wichtige Dinge<\/p><\/li><li data-start=\"1649\" data-end=\"1706\"><p data-start=\"1651\" data-end=\"1706\">\u2714 Eingebaute Isolierung, um Flaschen und Snacks warm zu halten<\/p><\/li><li data-start=\"1707\" data-end=\"1751\"><p data-start=\"1709\" data-end=\"1751\">\u2714 Sicherer Rei\u00dfverschluss f\u00fcr eine sichere Aufbewahrung<\/p><\/li><li data-start=\"1752\" data-end=\"1801\"><p data-start=\"1754\" data-end=\"1801\">\u2714 Bequemer weicher Griff und Schulterriemen<\/p><\/li><li data-start=\"1802\" data-end=\"1859\"><p data-start=\"1804\" data-end=\"1859\">\u2714 Das Acrylfutter sorgt f\u00fcr zus\u00e4tzliche Haltbarkeit und Schutz<\/p><\/li><\/ul>\t\t\t\t\t\t\t\t<\/div>\n\t\t\t\t<\/div>\n\t\t\t\t<div class=\"elementor-element elementor-element-3a56a2a color-scheme-inherit text-left elementor-widget elementor-widget-text-editor\" data-id=\"3a56a2a\" data-element_type=\"widget\" data-widget_type=\"text-editor.default\">\n\t\t\t\t<div class=\"elementor-widget-container\">\n\t\t\t\t\t\t\t\t\t<h1 data-start=\"1866\" data-end=\"1888\">Spezifikationen<\/h1><ul data-start=\"1889\" data-end=\"2101\"><li data-start=\"1889\" data-end=\"1930\"><p data-start=\"1891\" data-end=\"1930\"><strong data-start=\"1891\" data-end=\"1904\">Material:<\/strong> Oxford+Acryl-Futter<\/p><\/li><li data-start=\"1931\" data-end=\"1954\"><p data-start=\"1933\" data-end=\"1954\"><strong data-start=\"1933\" data-end=\"1945\">Schlie\u00dfung:<\/strong> Rei\u00dfverschluss<\/p><\/li><li data-start=\"1955\" data-end=\"1975\"><p data-start=\"1957\" data-end=\"1975\"><strong data-start=\"1957\" data-end=\"1967\">Breite:<\/strong> 24 cm<\/p><\/li><li data-start=\"1976\" data-end=\"2000\"><p data-start=\"1978\" data-end=\"2000\"><strong data-start=\"1978\" data-end=\"1992\">Die Dicke:<\/strong> 17 cm<\/p><\/li><li data-start=\"2001\" data-end=\"2022\"><p data-start=\"2003\" data-end=\"2022\"><strong data-start=\"2003\" data-end=\"2014\">H\u00f6he:<\/strong> 36 cm<\/p><\/li><li data-start=\"2023\" data-end=\"2046\"><p data-start=\"2025\" data-end=\"2046\"><strong data-start=\"2025\" data-end=\"2036\">Gewicht:<\/strong> 0,44 kg<\/p><\/li><li data-start=\"2047\" data-end=\"2101\"><p data-start=\"2049\" data-end=\"2101\"><strong data-start=\"2049\" data-end=\"2057\">Verwendung:<\/strong> Mommy Bag \/ Reiserucksack \/ Daily Carry<\/p><\/li><\/ul>\t\t\t\t\t\t\t\t<\/div>\n\t\t\t\t<\/div>\n\t\t\t\t<div class=\"elementor-element elementor-element-b3ef117 color-scheme-inherit text-left elementor-widget elementor-widget-text-editor\" data-id=\"b3ef117\" data-element_type=\"widget\" data-widget_type=\"text-editor.default\">\n\t\t\t\t<div class=\"elementor-widget-container\">\n\t\t\t\t\t\t\t\t\t<h1 data-start=\"2108\" data-end=\"2135\">Warum Eltern es lieben\uff1f<\/h1><p data-start=\"2136\" data-end=\"2397\">Eltern lieben diesen Mami-Rucksack f\u00fcr sein extragro\u00dfes Fassungsverm\u00f6gen, sein praktisches, multifunktionales Design und sein strapazierf\u00e4higes Oxford-Gewebe. Er ist stylisch, leicht und perfekt f\u00fcr Reisen, t\u00e4gliche Besorgungen und die Organisation von allem, was ein Baby braucht - ohne sich dabei sperrig oder schwer anzuf\u00fchlen.<\/p>\t\t\t\t\t\t\t\t<\/div>\n\t\t\t\t<\/div>\n\t\t\t\t\t<\/div>\n\t\t<\/div>\n\t\t\t\t\t<\/div>\n\t\t<\/section>\n\t\t\t\t<\/div>","protected":false},"excerpt":{"rendered":"<p><strong data-start=\"977\" data-end=\"1032\">Sie suchen einen stylischen, aber praktischen Rucksack f\u00fcr die Mama?<\/strong> Der verschlei\u00dffeste Mommy Backpack bietet Mode, Komfort und vielseitigen Reisekomfort.<\/p>","protected":false},"featured_media":24447,"comment_status":"open","ping_status":"closed","template":"","meta":{"_acf_changed":false},"product_brand":[],"product_cat":[42,20],"product_tag":[1142,1139,1140,1141,1143],"class_list":{"0":"post-24455","1":"product","2":"type-product","3":"status-publish","4":"has-post-thumbnail","6":"product_cat-best-travel-gear","7":"product_cat-new-mom","8":"product_tag-insulated-baby-travel-bag","9":"product_tag-large-capacity-mommy-bag-backpack","10":"product_tag-multifunctional-travel-diaper-bag","11":"product_tag-oxford-waterproof-mommy-backpack","12":"product_tag-wear-resistant-mommy-backpack","14":"first","15":"outofstock","16":"sale","17":"taxable","18":"shipping-taxable","19":"purchasable","20":"product-type-variable","21":"wvs-archive-product-wrapper"},"acf":[],"_links":{"self":[{"href":"https:\/\/babyvk.com\/de\/wp-json\/wp\/v2\/product\/24455","targetHints":{"allow":["GET"]}}],"collection":[{"href":"https:\/\/babyvk.com\/de\/wp-json\/wp\/v2\/product"}],"about":[{"href":"https:\/\/babyvk.com\/de\/wp-json\/wp\/v2\/types\/product"}],"replies":[{"embeddable":true,"href":"https:\/\/babyvk.com\/de\/wp-json\/wp\/v2\/comments?post=24455"}],"version-history":[{"count":0,"href":"https:\/\/babyvk.com\/de\/wp-json\/wp\/v2\/product\/24455\/revisions"}],"wp:featuredmedia":[{"embeddable":true,"href":"https:\/\/babyvk.com\/de\/wp-json\/wp\/v2\/media\/24447"}],"wp:attachment":[{"href":"https:\/\/babyvk.com\/de\/wp-json\/wp\/v2\/media?parent=24455"}],"wp:term":[{"taxonomy":"product_brand","embeddable":true,"href":"https:\/\/babyvk.com\/de\/wp-json\/wp\/v2\/product_brand?post=24455"},{"taxonomy":"product_cat","embeddable":true,"href":"https:\/\/babyvk.com\/de\/wp-json\/wp\/v2\/product_cat?post=24455"},{"taxonomy":"product_tag","embeddable":true,"href":"https:\/\/babyvk.com\/de\/wp-json\/wp\/v2\/product_tag?post=24455"}],"curies":[{"name":"wp","href":"https:\/\/api.w.org\/{rel}","templated":true}]}}