{"id":24367,"date":"2025-11-12T18:55:07","date_gmt":"2025-11-12T18:55:07","guid":{"rendered":"https:\/\/babyvk.com\/?post_type=product&#038;p=24367"},"modified":"2026-01-01T17:35:44","modified_gmt":"2026-01-01T17:35:44","slug":"manual-baby-nasal-aspirator","status":"publish","type":"product","link":"https:\/\/babyvk.com\/de\/product\/manual-baby-nasal-aspirator\/","title":{"rendered":"Manueller Baby-Nasensauger"},"content":{"rendered":"<div data-elementor-type=\"product-post\" data-elementor-id=\"24367\" class=\"elementor elementor-24367\" data-elementor-post-type=\"product\">\n\t\t\t\t\t\t<section class=\"wd-negative-gap elementor-section elementor-top-section elementor-element elementor-element-b1093bc elementor-section-boxed elementor-section-height-default elementor-section-height-default\" data-id=\"b1093bc\" data-element_type=\"section\">\n\t\t\t\t\t\t<div class=\"elementor-container elementor-column-gap-default\">\n\t\t\t\t\t<div class=\"elementor-column elementor-col-100 elementor-top-column elementor-element elementor-element-78100ef\" data-id=\"78100ef\" data-element_type=\"column\">\n\t\t\t<div class=\"elementor-widget-wrap elementor-element-populated\">\n\t\t\t\t\t\t<div class=\"elementor-element elementor-element-f78336b color-scheme-inherit text-left elementor-widget elementor-widget-text-editor\" data-id=\"f78336b\" data-element_type=\"widget\" data-widget_type=\"text-editor.default\">\n\t\t\t\t<div class=\"elementor-widget-container\">\n\t\t\t\t\t\t\t\t\t<h2 data-start=\"161\" data-end=\"230\">\ud83d\udc76 DIE NASE DES BABYS IN SEKUNDENSCHNELLE FREI MACHEN - BEQUEM UND SICHER<\/h2><p data-start=\"292\" data-end=\"568\">Verabschieden Sie sich von der verstopften Nase Ihres Babys mit dem <strong data-start=\"335\" data-end=\"366\">Manueller Baby-Nasensauger<\/strong>mit einem <strong data-start=\"380\" data-end=\"426\">Unterdruck-Sauger mit Zugfunktion<\/strong> die es Ihnen erm\u00f6glicht <strong data-start=\"441\" data-end=\"473\">Saugleistung frei steuern<\/strong>. Entfernt sanft den Schleim, ohne zu tief einzudringen - sicher, effizient und einfach f\u00fcr neue Eltern.<\/p>\t\t\t\t\t\t\t\t<\/div>\n\t\t\t\t<\/div>\n\t\t\t\t<div class=\"elementor-element elementor-element-a54ebb0 color-scheme-inherit text-left elementor-widget elementor-widget-text-editor\" data-id=\"a54ebb0\" data-element_type=\"widget\" data-widget_type=\"text-editor.default\">\n\t\t\t\t<div class=\"elementor-widget-container\">\n\t\t\t\t\t\t\t\t\t<h3 data-start=\"575\" data-end=\"609\">\ud83d\udca8 EINSTELLBARE STARKE ABSAUGUNG<\/h3><ul data-start=\"610\" data-end=\"786\"><li data-start=\"610\" data-end=\"669\"><p data-start=\"612\" data-end=\"669\">Handgezogenes Vakuumsystem f\u00fcr <strong data-start=\"640\" data-end=\"667\">pr\u00e4zise Steuerung der Absaugung<\/strong><\/p><\/li><li data-start=\"670\" data-end=\"734\"><p data-start=\"672\" data-end=\"734\">Befreit schnell von verstopfter Nase bei Erk\u00e4ltungen oder Allergien<\/p><\/li><li data-start=\"735\" data-end=\"786\"><p data-start=\"737\" data-end=\"786\">Verhindert Unwohlsein des Babys und schlaflose N\u00e4chte<\/p><\/li><\/ul>\t\t\t\t\t\t\t\t<\/div>\n\t\t\t\t<\/div>\n\t\t\t\t<div class=\"elementor-element elementor-element-b755735 color-scheme-inherit text-left elementor-widget elementor-widget-text-editor\" data-id=\"b755735\" data-element_type=\"widget\" data-widget_type=\"text-editor.default\">\n\t\t\t\t<div class=\"elementor-widget-container\">\n\t\t\t\t\t\t\t\t\t<h3 data-start=\"793\" data-end=\"824\">\ud83e\uddfc SICHERES UND HYGIENISCHES DESIGN<\/h3><ul data-start=\"825\" data-end=\"1080\"><li data-start=\"825\" data-end=\"895\"><p data-start=\"827\" data-end=\"895\"><strong data-start=\"827\" data-end=\"858\">R\u00fcckflussverhinderer in einer Richtung<\/strong> stellt sicher, dass der Schleim nicht r\u00fcckw\u00e4rts flie\u00dft<\/p><\/li><li data-start=\"896\" data-end=\"957\"><p data-start=\"898\" data-end=\"957\">Hergestellt aus <strong data-start=\"906\" data-end=\"955\">geruchsneutrales, BPA-freies PP und lebensmittelechtes Silikon<\/strong><\/p><\/li><li data-start=\"958\" data-end=\"1009\"><p data-start=\"960\" data-end=\"1009\"><strong data-start=\"960\" data-end=\"991\">Leicht zu demontieren und zu reinigen<\/strong> nach jedem Gebrauch<\/p><\/li><li data-start=\"1010\" data-end=\"1080\"><p data-start=\"1012\" data-end=\"1080\">Glatte, abgerundete Spitze passt sich der Nase des Babys an <strong data-start=\"1048\" data-end=\"1078\">ohne Irritationen oder Sch\u00e4den<\/strong><\/p><\/li><\/ul>\t\t\t\t\t\t\t\t<\/div>\n\t\t\t\t<\/div>\n\t\t\t\t<div class=\"elementor-element elementor-element-9b0788f color-scheme-inherit text-left elementor-widget elementor-widget-text-editor\" data-id=\"9b0788f\" data-element_type=\"widget\" data-widget_type=\"text-editor.default\">\n\t\t\t\t<div class=\"elementor-widget-container\">\n\t\t\t\t\t\t\t\t\t<h3 data-start=\"1087\" data-end=\"1128\">\ud83d\udc9a SANFT F\u00dcR BABYS, EINFACH F\u00dcR M\u00dcTTER<\/h3><p data-start=\"1129\" data-end=\"1334\">Keine Batterien, kein L\u00e4rm - nur eine einfache manuelle Steuerung f\u00fcr eine sanfte, aber effektive Absaugung. Perfekt f\u00fcr Neugeborene, die empfindlich auf elektrische Absaugger\u00e4te reagieren. Kompakt und tragbar f\u00fcr den Einsatz zu Hause oder auf Reisen.<\/p>\t\t\t\t\t\t\t\t<\/div>\n\t\t\t\t<\/div>\n\t\t\t\t<div class=\"elementor-element elementor-element-8a82ec3 color-scheme-inherit text-left elementor-widget elementor-widget-text-editor\" data-id=\"8a82ec3\" data-element_type=\"widget\" data-widget_type=\"text-editor.default\">\n\t\t\t\t<div class=\"elementor-widget-container\">\n\t\t\t\t\t\t\t\t\t<h3 data-start=\"1341\" data-end=\"1368\">\u2728 WARUM ELTERN ES LIEBEN?<\/h3><p data-start=\"1369\" data-end=\"1590\">\u2705 Manuelle Saugsteuerung - sicher und effektiv<br data-start=\"1414\" data-end=\"1417\" \/>\u2705 Einwegventil verhindert R\u00fcckfluss<br data-start=\"1450\" data-end=\"1453\" \/>\u2705 Schonend f\u00fcr die Nasenschleimh\u00e4ute<br data-start=\"1480\" data-end=\"1483\" \/>\u2705 BPA-frei, geruchlos, sichere Materialien<br data-start=\"1519\" data-end=\"1522\" \/>\u2705 Leicht zu reinigen und wieder zusammenzubauen<br data-start=\"1550\" data-end=\"1553\" \/>\u2705 Erschwinglich, langlebig und wiederverwendbar<\/p>\t\t\t\t\t\t\t\t<\/div>\n\t\t\t\t<\/div>\n\t\t\t\t<div class=\"elementor-element elementor-element-e20d870 color-scheme-inherit text-left elementor-widget elementor-widget-text-editor\" data-id=\"e20d870\" data-element_type=\"widget\" data-widget_type=\"text-editor.default\">\n\t\t\t\t<div class=\"elementor-widget-container\">\n\t\t\t\t\t\t\t\t\t<h3 data-start=\"1597\" data-end=\"1620\">\ud83c\udf7c SPEZIFIKATIONEN<\/h3><ul data-start=\"1621\" data-end=\"1874\"><li data-start=\"1621\" data-end=\"1670\"><p data-start=\"1623\" data-end=\"1670\"><strong data-start=\"1623\" data-end=\"1640\">Produktname:<\/strong> Manueller Baby-Nasensauger<\/p><\/li><li data-start=\"1671\" data-end=\"1713\"><p data-start=\"1673\" data-end=\"1713\"><strong data-start=\"1673\" data-end=\"1686\">Material:<\/strong> PP + Silikon (BPA-frei)<\/p><\/li><li data-start=\"1714\" data-end=\"1749\"><p data-start=\"1716\" data-end=\"1749\"><strong data-start=\"1716\" data-end=\"1734\">Farboptionen:<\/strong> Gr\u00fcn \/ Cyan<\/p><\/li><li data-start=\"1750\" data-end=\"1790\"><p data-start=\"1752\" data-end=\"1790\"><strong data-start=\"1752\" data-end=\"1769\">Geeignetes Alter:<\/strong> 0 Monate und mehr<\/p><\/li><\/ul>\t\t\t\t\t\t\t\t<\/div>\n\t\t\t\t<\/div>\n\t\t\t\t<div class=\"elementor-element elementor-element-16f3927 color-scheme-inherit text-left elementor-widget elementor-widget-text-editor\" data-id=\"16f3927\" data-element_type=\"widget\" data-widget_type=\"text-editor.default\">\n\t\t\t\t<div class=\"elementor-widget-container\">\n\t\t\t\t\t\t\t\t\t<h3 data-start=\"1881\" data-end=\"1909\">\ud83d\udcb0 BESTER WERT F\u00dcR M\u00dcTTER<\/h3><p data-start=\"1910\" data-end=\"2081\">Genie\u00dfen Sie professionelle Nasenpflege zu Hause - ohne teure Elektroger\u00e4te.<br data-start=\"1992\" data-end=\"1995\" \/><strong data-start=\"1995\" data-end=\"2044\">Schnelle Erleichterung f\u00fcr das Baby, Seelenfrieden f\u00fcr Sie.<\/strong><\/p>\t\t\t\t\t\t\t\t<\/div>\n\t\t\t\t<\/div>\n\t\t\t\t\t<\/div>\n\t\t<\/div>\n\t\t\t\t\t<\/div>\n\t\t<\/section>\n\t\t\t\t<\/div>","protected":false},"excerpt":{"rendered":"<p>\ud83d\udc76CLEAR BABY\u2019S NOSE IN SECONDS \u2013 COMFORTABLY AND SAFELY Say goodbye to baby\u2019s stuffy nose with the Manual Baby Nasal<\/p>","protected":false},"featured_media":24360,"comment_status":"open","ping_status":"closed","template":"","meta":{"_acf_changed":false},"product_brand":[],"product_cat":[29],"product_tag":[1130,1128,1132,1127,1129,1131],"class_list":{"0":"post-24367","1":"product","2":"type-product","3":"status-publish","4":"has-post-thumbnail","6":"product_cat-best-baby-care","7":"product_tag-baby-nasal-suction-device","8":"product_tag-baby-nose-cleaner","9":"product_tag-hand-operated-nasal-cleaner","10":"product_tag-manual-baby-nasal-aspirator","11":"product_tag-pull-type-nasal-aspirator","12":"product_tag-vacuum-baby-nose-aspirator","14":"first","15":"instock","16":"sale","17":"taxable","18":"shipping-taxable","19":"purchasable","20":"product-type-variable","21":"wvs-archive-product-wrapper"},"acf":[],"_links":{"self":[{"href":"https:\/\/babyvk.com\/de\/wp-json\/wp\/v2\/product\/24367","targetHints":{"allow":["GET"]}}],"collection":[{"href":"https:\/\/babyvk.com\/de\/wp-json\/wp\/v2\/product"}],"about":[{"href":"https:\/\/babyvk.com\/de\/wp-json\/wp\/v2\/types\/product"}],"replies":[{"embeddable":true,"href":"https:\/\/babyvk.com\/de\/wp-json\/wp\/v2\/comments?post=24367"}],"version-history":[{"count":2,"href":"https:\/\/babyvk.com\/de\/wp-json\/wp\/v2\/product\/24367\/revisions"}],"predecessor-version":[{"id":24886,"href":"https:\/\/babyvk.com\/de\/wp-json\/wp\/v2\/product\/24367\/revisions\/24886"}],"wp:featuredmedia":[{"embeddable":true,"href":"https:\/\/babyvk.com\/de\/wp-json\/wp\/v2\/media\/24360"}],"wp:attachment":[{"href":"https:\/\/babyvk.com\/de\/wp-json\/wp\/v2\/media?parent=24367"}],"wp:term":[{"taxonomy":"product_brand","embeddable":true,"href":"https:\/\/babyvk.com\/de\/wp-json\/wp\/v2\/product_brand?post=24367"},{"taxonomy":"product_cat","embeddable":true,"href":"https:\/\/babyvk.com\/de\/wp-json\/wp\/v2\/product_cat?post=24367"},{"taxonomy":"product_tag","embeddable":true,"href":"https:\/\/babyvk.com\/de\/wp-json\/wp\/v2\/product_tag?post=24367"}],"curies":[{"name":"wp","href":"https:\/\/api.w.org\/{rel}","templated":true}]}}