{"id":24344,"date":"2025-11-12T08:52:28","date_gmt":"2025-11-12T08:52:28","guid":{"rendered":"https:\/\/babyvk.com\/?post_type=product&#038;p=24344"},"modified":"2025-11-12T09:00:18","modified_gmt":"2025-11-12T09:00:18","slug":"adjustable-baby-bath-bed","status":"publish","type":"product","link":"https:\/\/babyvk.com\/de\/product\/adjustable-baby-bath-bed\/","title":{"rendered":"Verstellbares Baby-Badebett"},"content":{"rendered":"<div data-elementor-type=\"product-post\" data-elementor-id=\"24344\" class=\"elementor elementor-24344\" data-elementor-post-type=\"product\">\n\t\t\t\t\t\t<section class=\"wd-negative-gap elementor-section elementor-top-section elementor-element elementor-element-efa4dc1 elementor-section-boxed elementor-section-height-default elementor-section-height-default\" data-id=\"efa4dc1\" data-element_type=\"section\">\n\t\t\t\t\t\t<div class=\"elementor-container elementor-column-gap-default\">\n\t\t\t\t\t<div class=\"elementor-column elementor-col-100 elementor-top-column elementor-element elementor-element-fae5fa8\" data-id=\"fae5fa8\" data-element_type=\"column\">\n\t\t\t<div class=\"elementor-widget-wrap elementor-element-populated\">\n\t\t\t\t\t\t<div class=\"elementor-element elementor-element-fc839c4 color-scheme-inherit text-left elementor-widget elementor-widget-text-editor\" data-id=\"fc839c4\" data-element_type=\"widget\" data-widget_type=\"text-editor.default\">\n\t\t\t\t<div class=\"elementor-widget-container\">\n\t\t\t\t\t\t\t\t\t<h2 data-start=\"161\" data-end=\"240\">\ud83d\udec1SMARTES, SICHERES UND BERUHIGENDES BADEVERGN\u00dcGEN F\u00dcR IHR BABY<\/h2><p data-start=\"298\" data-end=\"632\">Machen Sie das Baden einfacher und sicherer mit dem <strong data-start=\"339\" data-end=\"367\">Verstellbares Baby-Badebett<\/strong>, konzipiert f\u00fcr M\u00fctter, die beides wollen <strong data-start=\"401\" data-end=\"424\">Komfort und Kontrolle<\/strong>. Mit <strong data-start=\"436\" data-end=\"479\">intelligente digitale Temperaturerfassung<\/strong>, <strong data-start=\"481\" data-end=\"510\">3-stufige H\u00f6henverstellung<\/strong>und <strong data-start=\"516\" data-end=\"542\">weiche ergonomische Unterst\u00fctzung<\/strong>Mit diesem Badebett wird jeder Waschgang f\u00fcr Baby und Eltern zu einem warmen, sicheren und angenehmen Erlebnis.<\/p>\t\t\t\t\t\t\t\t<\/div>\n\t\t\t\t<\/div>\n\t\t\t\t<div class=\"elementor-element elementor-element-f5e30a4 color-scheme-inherit text-left elementor-widget elementor-widget-text-editor\" data-id=\"f5e30a4\" data-element_type=\"widget\" data-widget_type=\"text-editor.default\">\n\t\t\t\t<div class=\"elementor-widget-container\">\n\t\t\t\t\t\t\t\t\t<h3 data-start=\"639\" data-end=\"673\">\ud83c\udf21 INTELLIGENTE TEMPERATURANZEIGE<\/h3><p data-start=\"674\" data-end=\"836\">Sorgenfrei bleiben mit einem <strong data-start=\"697\" data-end=\"730\">Echtzeit-Temperaturanzeige<\/strong> und <strong data-start=\"735\" data-end=\"767\">dreifarbiges LED-Warnsystem<\/strong> - Sie wissen sofort, ob das Wasser zu kalt, gerade richtig oder zu hei\u00df ist.<\/p><ul data-start=\"837\" data-end=\"955\"><li data-start=\"837\" data-end=\"871\"><p data-start=\"839\" data-end=\"871\"><strong data-start=\"839\" data-end=\"854\">Blaues Licht:<\/strong> Wasser zu k\u00fchl<\/p><\/li><li data-start=\"872\" data-end=\"912\"><p data-start=\"874\" data-end=\"912\"><strong data-start=\"874\" data-end=\"890\">Gr\u00fcnes Licht:<\/strong> Perfekte Temperatur<\/p><\/li><li data-start=\"913\" data-end=\"955\"><p data-start=\"915\" data-end=\"955\"><strong data-start=\"915\" data-end=\"929\">Rotes Licht:<\/strong> Zu hei\u00df - sicher einstellen<\/p><\/li><\/ul>\t\t\t\t\t\t\t\t<\/div>\n\t\t\t\t<\/div>\n\t\t\t\t<div class=\"elementor-element elementor-element-c2cd487 color-scheme-inherit text-left elementor-widget elementor-widget-text-editor\" data-id=\"c2cd487\" data-element_type=\"widget\" data-widget_type=\"text-editor.default\">\n\t\t\t\t<div class=\"elementor-widget-container\">\n\t\t\t\t\t\t\t\t\t<h3 data-start=\"962\" data-end=\"996\">\ud83e\ude9c 3-STUFIG EINSTELLBARE AUSF\u00dcHRUNG<\/h3><p data-start=\"997\" data-end=\"1070\">Ergonomisch geformt f\u00fcr heranwachsende Babys und Eltern jeder Gr\u00f6\u00dfe:<\/p><ul data-start=\"1071\" data-end=\"1253\"><li data-start=\"1071\" data-end=\"1127\"><p data-start=\"1073\" data-end=\"1127\">3 einstellbare Stufen zur Unterst\u00fctzung verschiedener Babystufen<\/p><\/li><li data-start=\"1128\" data-end=\"1189\"><p data-start=\"1130\" data-end=\"1189\">Durch einfaches Dr\u00fccken und Drehen der St\u00fctzbeine kann die H\u00f6he ver\u00e4ndert werden<\/p><\/li><li data-start=\"1190\" data-end=\"1253\"><p data-start=\"1192\" data-end=\"1253\">Die stabile, rutschfeste Unterlage bietet Ihrem Baby Sicherheit und Komfort<\/p><\/li><\/ul>\t\t\t\t\t\t\t\t<\/div>\n\t\t\t\t<\/div>\n\t\t\t\t<div class=\"elementor-element elementor-element-1f124df color-scheme-inherit text-left elementor-widget elementor-widget-text-editor\" data-id=\"1f124df\" data-element_type=\"widget\" data-widget_type=\"text-editor.default\">\n\t\t\t\t<div class=\"elementor-widget-container\">\n\t\t\t\t\t\t\t\t\t<h3 data-start=\"1260\" data-end=\"1304\">\ud83e\uddf8 ULTIMATIVER KOMFORT UND SCHUTZ DER WIRBELS\u00c4ULE<\/h3><p data-start=\"1305\" data-end=\"1453\">Die <strong data-start=\"1309\" data-end=\"1336\">TPE-Soft-Touch-Material<\/strong> ahmt den Komfort des Mutterleibs nach und bietet eine sanfte Unterst\u00fctzung, die sich der nat\u00fcrlichen Kr\u00fcmmung der Wirbels\u00e4ule Ihres Babys anpasst.<\/p><ul data-start=\"1454\" data-end=\"1613\"><li data-start=\"1454\" data-end=\"1493\"><p data-start=\"1456\" data-end=\"1493\">Weich, atmungsaktiv und hautfreundlich<\/p><\/li><li data-start=\"1494\" data-end=\"1545\"><p data-start=\"1496\" data-end=\"1545\">Gleichm\u00e4\u00dfige Druckverteilung zum Schutz der Wirbels\u00e4ule<\/p><\/li><li data-start=\"1546\" data-end=\"1613\"><p data-start=\"1548\" data-end=\"1613\">Anti-Rutsch und Anti-W\u00fcrge Design h\u00e4lt Baby sicher w\u00e4hrend des Bades<\/p><\/li><\/ul>\t\t\t\t\t\t\t\t<\/div>\n\t\t\t\t<\/div>\n\t\t\t\t<div class=\"elementor-element elementor-element-57bc874 color-scheme-inherit text-left elementor-widget elementor-widget-text-editor\" data-id=\"57bc874\" data-element_type=\"widget\" data-widget_type=\"text-editor.default\">\n\t\t\t\t<div class=\"elementor-widget-container\">\n\t\t\t\t\t\t\t\t\t<h3 data-start=\"1620\" data-end=\"1656\">\ud83d\udca1 PRAKTISCH F\u00dcR ALLE ELTERN<\/h3><ul data-start=\"1657\" data-end=\"1957\"><li data-start=\"1657\" data-end=\"1711\"><p data-start=\"1659\" data-end=\"1711\"><strong data-start=\"1659\" data-end=\"1687\">Keine Installation erforderlich<\/strong> - einfach aufklappen und benutzen<\/p><\/li><li data-start=\"1712\" data-end=\"1779\"><p data-start=\"1714\" data-end=\"1779\"><strong data-start=\"1714\" data-end=\"1743\">12cm erh\u00f6hte Frontst\u00fctze<\/strong> verhindert das Abrutschen oder das Ersticken des Wassers<\/p><\/li><li data-start=\"1780\" data-end=\"1836\"><p data-start=\"1782\" data-end=\"1836\"><strong data-start=\"1782\" data-end=\"1801\">Faltbares Design<\/strong> - leicht zu verstauen oder \u00fcberall aufzuh\u00e4ngen<\/p><\/li><li data-start=\"1837\" data-end=\"1890\"><p data-start=\"1839\" data-end=\"1890\"><strong data-start=\"1839\" data-end=\"1856\">Universelle Passform<\/strong> f\u00fcr die meisten Babybadewannen oder Waschbecken<\/p><\/li><li data-start=\"1891\" data-end=\"1957\"><p data-start=\"1893\" data-end=\"1957\"><strong data-start=\"1893\" data-end=\"1923\">Langlebige PP + TPE Materialien<\/strong> - sicher, ungiftig, langlebig<\/p><\/li><\/ul>\t\t\t\t\t\t\t\t<\/div>\n\t\t\t\t<\/div>\n\t\t\t\t<div class=\"elementor-element elementor-element-67444b5 color-scheme-inherit text-left elementor-widget elementor-widget-text-editor\" data-id=\"67444b5\" data-element_type=\"widget\" data-widget_type=\"text-editor.default\">\n\t\t\t\t<div class=\"elementor-widget-container\">\n\t\t\t\t\t\t\t\t\t<h3 data-start=\"1964\" data-end=\"1991\">\u2728 WARUM ELTERN ES LIEBEN<\/h3><p data-start=\"1992\" data-end=\"2317\">\u2705 Intelligente Temperaturerfassung - sichere Badezeit<br data-start=\"2043\" data-end=\"2046\" \/>\u2705 3 verstellbare H\u00f6henstufen - w\u00e4chst mit Ihrem Baby mit<br data-start=\"2097\" data-end=\"2100\" \/>\u2705 Ergonomisches Design - weich, stabil und st\u00fctzend<br data-start=\"2149\" data-end=\"2152\" \/>\u2705 Zusammenklappbar und leicht zu verstauen - spart Platz<br data-start=\"2191\" data-end=\"2194\" \/>\u2705 Hochwertige Sicherheitsmaterialien - BPA-frei und umweltfreundlich<br data-start=\"2246\" data-end=\"2249\" \/>\u2705 Erschwinglicher Luxus - medizinisch hochwertiger Komfort ohne hohen Preis<\/p>\t\t\t\t\t\t\t\t<\/div>\n\t\t\t\t<\/div>\n\t\t\t\t<div class=\"elementor-element elementor-element-b5fe8d2 color-scheme-inherit text-left elementor-widget elementor-widget-text-editor\" data-id=\"b5fe8d2\" data-element_type=\"widget\" data-widget_type=\"text-editor.default\">\n\t\t\t\t<div class=\"elementor-widget-container\">\n\t\t\t\t\t\t\t\t\t<h3 data-start=\"2324\" data-end=\"2347\">\ud83c\udf7c SPEZIFIKATIONEN<\/h3><ul data-start=\"2348\" data-end=\"2607\"><li data-start=\"2348\" data-end=\"2394\"><p data-start=\"2350\" data-end=\"2394\"><strong data-start=\"2350\" data-end=\"2367\">Produktname:<\/strong> Verstellbares Baby-Badebett<\/p><\/li><li data-start=\"2395\" data-end=\"2434\"><p data-start=\"2397\" data-end=\"2434\"><strong data-start=\"2397\" data-end=\"2410\">Material:<\/strong> PP + TPE (lebensmittelecht)<\/p><\/li><li data-start=\"2435\" data-end=\"2471\"><p data-start=\"2437\" data-end=\"2471\"><strong data-start=\"2437\" data-end=\"2455\">Farboptionen:<\/strong> Wei\u00df \/ Gr\u00fcn<\/p><\/li><li data-start=\"2472\" data-end=\"2512\"><p data-start=\"2474\" data-end=\"2512\"><strong data-start=\"2474\" data-end=\"2491\">Geeignetes Alter:<\/strong> 0 Monate und mehr<\/p><\/li><li data-start=\"2513\" data-end=\"2607\"><p data-start=\"2515\" data-end=\"2607\"><strong data-start=\"2515\" data-end=\"2528\">Merkmale:<\/strong> H\u00f6henverstellbar \/ Temperaturanzeige \/ Wirbels\u00e4ulenschutz \/ Zusammenklappbare Ausf\u00fchrung<\/p><\/li><\/ul>\t\t\t\t\t\t\t\t<\/div>\n\t\t\t\t<\/div>\n\t\t\t\t<div class=\"elementor-element elementor-element-7241e74 color-scheme-inherit text-left elementor-widget elementor-widget-text-editor\" data-id=\"7241e74\" data-element_type=\"widget\" data-widget_type=\"text-editor.default\">\n\t\t\t\t<div class=\"elementor-widget-container\">\n\t\t\t\t\t\t\t\t\t<h3 data-start=\"2614\" data-end=\"2642\">\ud83d\udcb0 BESTER WERT F\u00dcR M\u00dcTTER<\/h3><p data-start=\"2643\" data-end=\"2822\">Genie\u00dfen Sie <strong data-start=\"2649\" data-end=\"2694\">Sicherheit auf medizinischem Niveau und ergonomisches Design<\/strong> zu einem familienfreundlichen Preis.<br data-start=\"2722\" data-end=\"2725\" \/>Der Komfort Ihres Babys und Ihre Bequemlichkeit - beides ist gew\u00e4hrleistet!<br data-start=\"2787\" data-end=\"2790\" \/><strong data-start=\"2790\" data-end=\"2822\">Kostenloser Versand f\u00fcr alle Bestellungen.<\/strong><\/p>\t\t\t\t\t\t\t\t<\/div>\n\t\t\t\t<\/div>\n\t\t\t\t\t<\/div>\n\t\t<\/div>\n\t\t\t\t\t<\/div>\n\t\t<\/section>\n\t\t\t\t<\/div>","protected":false},"excerpt":{"rendered":"<p>\ud83d\udec1SMART, SAFE, AND SOOTHING BATH TIME FOR YOUR BABY Make bath time easier and safer with the Adjustable Baby Bath<\/p>","protected":false},"featured_media":24336,"comment_status":"open","ping_status":"closed","template":"","meta":{"_acf_changed":false},"product_brand":[],"product_cat":[29],"product_tag":[1120,1123,1124,1121,1122,1125],"class_list":{"0":"post-24344","1":"product","2":"type-product","3":"status-publish","4":"has-post-thumbnail","6":"product_cat-best-baby-care","7":"product_tag-adjustable-baby-bath-bed","8":"product_tag-anti-slip-baby-bath-seat","9":"product_tag-baby-bath-recliner-for-newborns","10":"product_tag-baby-bath-support-with-thermometer","11":"product_tag-foldable-baby-bath-chair","12":"product_tag-newborn-bathing-helper","14":"first","15":"instock","16":"sale","17":"taxable","18":"shipping-taxable","19":"purchasable","20":"product-type-variable","21":"wvs-archive-product-wrapper"},"acf":[],"_links":{"self":[{"href":"https:\/\/babyvk.com\/de\/wp-json\/wp\/v2\/product\/24344","targetHints":{"allow":["GET"]}}],"collection":[{"href":"https:\/\/babyvk.com\/de\/wp-json\/wp\/v2\/product"}],"about":[{"href":"https:\/\/babyvk.com\/de\/wp-json\/wp\/v2\/types\/product"}],"replies":[{"embeddable":true,"href":"https:\/\/babyvk.com\/de\/wp-json\/wp\/v2\/comments?post=24344"}],"version-history":[{"count":0,"href":"https:\/\/babyvk.com\/de\/wp-json\/wp\/v2\/product\/24344\/revisions"}],"wp:featuredmedia":[{"embeddable":true,"href":"https:\/\/babyvk.com\/de\/wp-json\/wp\/v2\/media\/24336"}],"wp:attachment":[{"href":"https:\/\/babyvk.com\/de\/wp-json\/wp\/v2\/media?parent=24344"}],"wp:term":[{"taxonomy":"product_brand","embeddable":true,"href":"https:\/\/babyvk.com\/de\/wp-json\/wp\/v2\/product_brand?post=24344"},{"taxonomy":"product_cat","embeddable":true,"href":"https:\/\/babyvk.com\/de\/wp-json\/wp\/v2\/product_cat?post=24344"},{"taxonomy":"product_tag","embeddable":true,"href":"https:\/\/babyvk.com\/de\/wp-json\/wp\/v2\/product_tag?post=24344"}],"curies":[{"name":"wp","href":"https:\/\/api.w.org\/{rel}","templated":true}]}}