{"id":24295,"date":"2025-11-10T17:40:41","date_gmt":"2025-11-10T17:40:41","guid":{"rendered":"https:\/\/babyvk.com\/?post_type=product&#038;p=24295"},"modified":"2025-11-10T17:52:32","modified_gmt":"2025-11-10T17:52:32","slug":"silicone-breastfeeding-nipple-shield","status":"publish","type":"product","link":"https:\/\/babyvk.com\/de\/product\/silicone-breastfeeding-nipple-shield\/","title":{"rendered":"Silikon-Stillschutz f\u00fcr Brustwarzen"},"content":{"rendered":"<div data-elementor-type=\"product-post\" data-elementor-id=\"24295\" class=\"elementor elementor-24295\" data-elementor-post-type=\"product\">\n\t\t\t\t\t\t<section class=\"wd-negative-gap elementor-section elementor-top-section elementor-element elementor-element-93482bc elementor-section-boxed elementor-section-height-default elementor-section-height-default\" data-id=\"93482bc\" data-element_type=\"section\">\n\t\t\t\t\t\t<div class=\"elementor-container elementor-column-gap-default\">\n\t\t\t\t\t<div class=\"elementor-column elementor-col-100 elementor-top-column elementor-element elementor-element-1fcf56a\" data-id=\"1fcf56a\" data-element_type=\"column\">\n\t\t\t<div class=\"elementor-widget-wrap elementor-element-populated\">\n\t\t\t\t\t\t<div class=\"elementor-element elementor-element-01352dc color-scheme-inherit text-left elementor-widget elementor-widget-text-editor\" data-id=\"01352dc\" data-element_type=\"widget\" data-widget_type=\"text-editor.default\">\n\t\t\t\t<div class=\"elementor-widget-container\">\n\t\t\t\t\t\t\t\t\t<h2 data-start=\"1885\" data-end=\"1909\">Eigenschaften<\/h2><ul data-start=\"1911\" data-end=\"2969\"><li data-start=\"1911\" data-end=\"2073\"><p data-start=\"1913\" data-end=\"2073\">\u2705 <strong data-start=\"1915\" data-end=\"1949\">100% Sicheres und ungiftiges Silikon<\/strong> - Hergestellt aus lebensmittelechtem, weichem Silikon, frei von BPA und sch\u00e4dlichen Substanzen, sanft zu Babys Mund und Mamas Haut.<\/p><\/li><li data-start=\"2074\" data-end=\"2235\"><p data-start=\"2076\" data-end=\"2235\">\u2705 <strong data-start=\"2078\" data-end=\"2109\">Simulation eines humanisierten Warzenhofs<\/strong> - Die konvexe, punktf\u00f6rmige Struktur rund um die Brustwarze ahmt den nat\u00fcrlichen Brustwarzenhof der Mutter nach und verbessert das Anlegen und den Komfort des Babys.<\/p><\/li><li data-start=\"2236\" data-end=\"2393\"><p data-start=\"2238\" data-end=\"2393\">\u2705 <strong data-start=\"2240\" data-end=\"2280\">Petal Design f\u00fcr Komfort und Stabilit\u00e4t<\/strong> - Die leichte Bl\u00fctenform erm\u00f6glicht es M\u00fcttern, es leicht zu halten, und h\u00e4lt das Schild w\u00e4hrend des F\u00fctterns sicher in Position.<\/p><\/li><li data-start=\"2394\" data-end=\"2536\"><p data-start=\"2396\" data-end=\"2536\">\u2705 <strong data-start=\"2398\" data-end=\"2422\">Haut-zu-Haut-Kontakt<\/strong> - Die offene Bl\u00fctenblattform f\u00f6rdert den maximalen Kontakt zwischen Mutter und Baby f\u00fcr eine nat\u00fcrliche Bindung w\u00e4hrend des Stillens.<\/p><\/li><li data-start=\"2537\" data-end=\"2682\"><p data-start=\"2539\" data-end=\"2682\">\u2705 <strong data-start=\"2541\" data-end=\"2575\">Anti-Kollaps-Spiralstruktur<\/strong> - Die spiralf\u00f6rmige Mechanik der Saugerspitze verhindert ein Einbeulen w\u00e4hrend des F\u00fctterns und sorgt f\u00fcr einen gleichm\u00e4\u00dfigen Milchfluss.<\/p><\/li><li data-start=\"2683\" data-end=\"2837\"><p data-start=\"2685\" data-end=\"2837\">\u2705 <strong data-start=\"2687\" data-end=\"2714\">Anti-Biss &amp; Schmerzlinderung<\/strong> - Der Abstand zwischen der Brustwarze der Mutter und dem Kopf des Schildes verhindert das Bei\u00dfen und vermindert Unbehagen oder Risse.<\/p><\/li><li data-start=\"2838\" data-end=\"2969\"><p data-start=\"2840\" data-end=\"2969\">\u2705 <strong data-start=\"2842\" data-end=\"2872\">Variabler Durchfluss f\u00fcr alle Altersgruppen<\/strong> - Der gekreuzte Milchauslass sorgt f\u00fcr einen reibungslosen Milchfluss, der f\u00fcr Neugeborene und heranwachsende Babys gleicherma\u00dfen geeignet ist.<\/p><\/li><\/ul>\t\t\t\t\t\t\t\t<\/div>\n\t\t\t\t<\/div>\n\t\t\t\t\t<\/div>\n\t\t<\/div>\n\t\t\t\t\t<\/div>\n\t\t<\/section>\n\t\t\t\t<section class=\"wd-negative-gap elementor-section elementor-top-section elementor-element elementor-element-9c9bb49 elementor-section-boxed elementor-section-height-default elementor-section-height-default\" data-id=\"9c9bb49\" data-element_type=\"section\">\n\t\t\t\t\t\t<div class=\"elementor-container elementor-column-gap-default\">\n\t\t\t\t\t<div class=\"elementor-column elementor-col-100 elementor-top-column elementor-element elementor-element-eb026aa\" data-id=\"eb026aa\" data-element_type=\"column\">\n\t\t\t<div class=\"elementor-widget-wrap elementor-element-populated\">\n\t\t\t\t\t\t<div class=\"elementor-element elementor-element-b1c28d5 color-scheme-inherit text-left elementor-widget elementor-widget-text-editor\" data-id=\"b1c28d5\" data-element_type=\"widget\" data-widget_type=\"text-editor.default\">\n\t\t\t\t<div class=\"elementor-widget-container\">\n\t\t\t\t\t\t\t\t\t<h2 data-start=\"1453\" data-end=\"1495\">Spezifikationen<\/h2><ul data-start=\"1496\" data-end=\"1878\"><li data-start=\"1496\" data-end=\"1554\"><p data-start=\"1498\" data-end=\"1554\"><strong data-start=\"1498\" data-end=\"1515\">Produktname:<\/strong> Silikon-Stillschutz f\u00fcr Brustwarzen<\/p><\/li><li data-start=\"1555\" data-end=\"1609\"><p data-start=\"1557\" data-end=\"1609\"><strong data-start=\"1557\" data-end=\"1570\">Material:<\/strong> 100% Lebensmittelgerechtes Silikon<\/p><\/li><li data-start=\"1670\" data-end=\"1750\"><p data-start=\"1672\" data-end=\"1750\"><strong data-start=\"1672\" data-end=\"1685\">Funktion:<\/strong> Anti-Biss, Komfortschutz, schmerzfreie Stillunterst\u00fctzung<\/p><\/li><li data-start=\"1802\" data-end=\"1851\"><p data-start=\"1804\" data-end=\"1851\"><strong data-start=\"1804\" data-end=\"1813\">Gr\u00f6\u00dfe:<\/strong> Universal (f\u00fcr die meisten Brustformen)<\/p><\/li><li data-start=\"1852\" data-end=\"1878\"><p data-start=\"1854\" data-end=\"1878\"><strong data-start=\"1854\" data-end=\"1864\">Farbe:<\/strong> Wei\u00df\/Gelb<\/p><\/li><\/ul>\t\t\t\t\t\t\t\t<\/div>\n\t\t\t\t<\/div>\n\t\t\t\t\t<\/div>\n\t\t<\/div>\n\t\t\t\t\t<\/div>\n\t\t<\/section>\n\t\t\t\t<\/div>","protected":false},"excerpt":{"rendered":"<p>Weicher Silikon-Stillschutz mit Bl\u00fctenblatt-Design. 100% lebensmittelecht, sicher, ungiftig und hautfreundlich. Ahmt den echten Warzenhof f\u00fcr Komfort und Schutz nach.<\/p>","protected":false},"featured_media":24292,"comment_status":"open","ping_status":"closed","template":"","meta":{"_acf_changed":false},"product_brand":[],"product_cat":[20],"product_tag":[1113,1110,1112,1111,1109,1062],"class_list":{"0":"post-24295","1":"product","2":"type-product","3":"status-publish","4":"has-post-thumbnail","6":"product_cat-new-mom","7":"product_tag-anti-bite-silicone-nipple-protector","8":"product_tag-baby-breastfeeding-shield","9":"product_tag-baby-latch-assist-nipple-shield","10":"product_tag-nipple-protector-for-breastfeeding-moms","11":"product_tag-silicone-breastfeeding-nipple-shield","12":"product_tag-soft-silicone-nipple-protector","14":"first","15":"instock","16":"sale","17":"taxable","18":"shipping-taxable","19":"purchasable","20":"product-type-variable","21":"wvs-archive-product-wrapper"},"acf":[],"_links":{"self":[{"href":"https:\/\/babyvk.com\/de\/wp-json\/wp\/v2\/product\/24295","targetHints":{"allow":["GET"]}}],"collection":[{"href":"https:\/\/babyvk.com\/de\/wp-json\/wp\/v2\/product"}],"about":[{"href":"https:\/\/babyvk.com\/de\/wp-json\/wp\/v2\/types\/product"}],"replies":[{"embeddable":true,"href":"https:\/\/babyvk.com\/de\/wp-json\/wp\/v2\/comments?post=24295"}],"version-history":[{"count":0,"href":"https:\/\/babyvk.com\/de\/wp-json\/wp\/v2\/product\/24295\/revisions"}],"wp:featuredmedia":[{"embeddable":true,"href":"https:\/\/babyvk.com\/de\/wp-json\/wp\/v2\/media\/24292"}],"wp:attachment":[{"href":"https:\/\/babyvk.com\/de\/wp-json\/wp\/v2\/media?parent=24295"}],"wp:term":[{"taxonomy":"product_brand","embeddable":true,"href":"https:\/\/babyvk.com\/de\/wp-json\/wp\/v2\/product_brand?post=24295"},{"taxonomy":"product_cat","embeddable":true,"href":"https:\/\/babyvk.com\/de\/wp-json\/wp\/v2\/product_cat?post=24295"},{"taxonomy":"product_tag","embeddable":true,"href":"https:\/\/babyvk.com\/de\/wp-json\/wp\/v2\/product_tag?post=24295"}],"curies":[{"name":"wp","href":"https:\/\/api.w.org\/{rel}","templated":true}]}}