{"id":24188,"date":"2025-11-04T16:23:06","date_gmt":"2025-11-04T16:23:06","guid":{"rendered":"https:\/\/babyvk.com\/?post_type=product&#038;p=24188"},"modified":"2025-11-17T10:03:27","modified_gmt":"2025-11-17T10:03:27","slug":"baby-navel-sticker","status":"publish","type":"product","link":"https:\/\/babyvk.com\/de\/product\/baby-navel-sticker\/","title":{"rendered":"Baby-Nabel-Aufkleber"},"content":{"rendered":"<div data-elementor-type=\"product-post\" data-elementor-id=\"24188\" class=\"elementor elementor-24188\" data-elementor-post-type=\"product\">\n\t\t\t\t\t\t<section class=\"wd-negative-gap elementor-section elementor-top-section elementor-element elementor-element-1b2dcc5 elementor-section-boxed elementor-section-height-default elementor-section-height-default\" data-id=\"1b2dcc5\" data-element_type=\"section\">\n\t\t\t\t\t\t<div class=\"elementor-container elementor-column-gap-default\">\n\t\t\t\t\t<div class=\"elementor-column elementor-col-100 elementor-top-column elementor-element elementor-element-394dcc7\" data-id=\"394dcc7\" data-element_type=\"column\">\n\t\t\t<div class=\"elementor-widget-wrap elementor-element-populated\">\n\t\t\t\t\t\t<div class=\"elementor-element elementor-element-1a49873 color-scheme-inherit text-left elementor-widget elementor-widget-text-editor\" data-id=\"1a49873\" data-element_type=\"widget\" data-widget_type=\"text-editor.default\">\n\t\t\t\t<div class=\"elementor-widget-container\">\n\t\t\t\t\t\t\t\t\t<p><b>Merkmal:<\/b><\/p><ol><li>Bequem, hautfreundlich und leicht zu zerrei\u00dfen, ohne die zarte Haut des Babys zu verletzen.<\/li><li>Bequem, sicher, nicht reizend, nicht allergisch. Sch\u00fctzen Sie effektiv die Gesundheit Ihres Babys.<\/li><li>Hergestellt aus hochelastischer, transparenter und wasserdichter PE-Membran, die eine hervorragende Atmungsaktivit\u00e4t aufweist.<\/li><li>Er kann einem Wasserdruck von 1000 mm standhalten und haftet unver\u00e4ndert, so dass Sie sich keine Sorgen machen m\u00fcssen, dass er herunterf\u00e4llt und sich verschiebt.<\/li><li>F\u00fcr jedes St\u00fcck wird eine eigenst\u00e4ndige, versiegelte Verpackung verwendet, um externe Verschmutzung zu vermeiden.<\/li><\/ol>\t\t\t\t\t\t\t\t<\/div>\n\t\t\t\t<\/div>\n\t\t\t\t<div class=\"elementor-element elementor-element-23150e4 color-scheme-inherit text-left elementor-widget elementor-widget-text-editor\" data-id=\"23150e4\" data-element_type=\"widget\" data-widget_type=\"text-editor.default\">\n\t\t\t\t<div class=\"elementor-widget-container\">\n\t\t\t\t\t\t\t\t\t<p><b>Spezifikation:<\/b><\/p><div><ul><li>Zustand: Brandneu<\/li><li>Artikel Typ: Baby-Nabel-Aufkleber<\/li><li>Menge: 10St\u00fcck \/\u00a0<span style=\"font-family: Lato, Arial, Helvetica, sans-serif; font-size: 16px; font-style: normal; font-variant-ligatures: normal; font-variant-caps: normal; font-weight: 400;\">20St\u00fcck<\/span><\/li><li><span style=\"font-family: Lato, Arial, Helvetica, sans-serif; font-size: 16px; font-style: normal; font-variant-ligatures: normal; font-variant-caps: normal; font-weight: 400;\">Gr\u00f6\u00dfe\uff1a6cm x 7cm<\/span><\/li><li>Haltbarkeitsdauer: 3 Jahre<\/li><li>Materialien: Klebeband, saugf\u00e4higes Papier, Trennpapier, Dialysepapier<br \/>Anwendungen: Baby's Bad und Schwimmen<\/li><li>Verwendung: Externe Verwendung<\/li><li>Ziehen Sie das Klebeband von der Seite ab und kleben Sie es auf den Nabel, dann ziehen Sie eine Lage durchsichtiges Plastikpapier ab.\u00a0<\/li><li>\u00a0<\/li><\/ul><\/div>\t\t\t\t\t\t\t\t<\/div>\n\t\t\t\t<\/div>\n\t\t\t\t<div class=\"elementor-element elementor-element-426dfc6 color-scheme-inherit text-left elementor-widget elementor-widget-text-editor\" data-id=\"426dfc6\" data-element_type=\"widget\" data-widget_type=\"text-editor.default\">\n\t\t\t\t<div class=\"elementor-widget-container\">\n\t\t\t\t\t\t\t\t\t<p><b>Paketliste:<\/b><\/p>\n<ul>\n<li>10 x Baby Nabel Aufkleber \/ 20 x Baby Nabel Aufkleber<\/li>\n<\/ul>\t\t\t\t\t\t\t\t<\/div>\n\t\t\t\t<\/div>\n\t\t\t\t<div class=\"elementor-element elementor-element-3a019bb color-scheme-inherit text-left elementor-widget elementor-widget-text-editor\" data-id=\"3a019bb\" data-element_type=\"widget\" data-widget_type=\"text-editor.default\">\n\t\t\t\t<div class=\"elementor-widget-container\">\n\t\t\t\t\t\t\t\t\t<p><b>Anmerkung:<\/b><\/p><ol><li>Bitte entfernen Sie die Nabelpaste so schnell wie m\u00f6glich nach dem Schwimmen, wenden Sie sie nicht eine Zeit lang an.<\/li><li>Dieses Produkt ist ein Einwegprodukt, bitte verwenden Sie es nicht wieder und benutzen Sie das besch\u00e4digte Produkt nicht.<\/li><li>Bei Allergien oder Unwohlsein sollten Sie die Einnahme unterbrechen oder einen Arzt aufsuchen.<\/li><li>Bitte beachten Sie, dass der neue Typ und der alte Typ dieses Produkts nach dem Zufallsprinzip verschickt werden, und vergewissern Sie sich vor der Bestellung, dass Sie nichts dagegen haben.<\/li><\/ol>\t\t\t\t\t\t\t\t<\/div>\n\t\t\t\t<\/div>\n\t\t\t\t\t<\/div>\n\t\t<\/div>\n\t\t\t\t\t<\/div>\n\t\t<\/section>\n\t\t\t\t<\/div>","protected":false},"excerpt":{"rendered":"<p>Baby-Nabelaufkleber mit wasserdichter und atmungsaktiver PE-Folie. Sanftes, hautfreundliches und nicht reizendes Design zum Schutz der Nabelgegend des Babys beim Baden und Schwimmen. 20 St\u00fcck Packung, sicher und wegwerfbar.<\/p>","protected":false},"featured_media":24185,"comment_status":"open","ping_status":"closed","template":"","meta":{"_acf_changed":false},"product_brand":[],"product_cat":[29],"product_tag":[1102,1101,1099,1103,1100],"class_list":{"0":"post-24188","1":"product","2":"type-product","3":"status-publish","4":"has-post-thumbnail","6":"product_cat-best-baby-care","7":"product_tag-baby-belly-button-sticker","8":"product_tag-baby-navel-protector-for-bath","9":"product_tag-baby-navel-sticker","10":"product_tag-baby-waterproof-belly-button-cover","11":"product_tag-waterproof-baby-umbilical-patch","13":"first","14":"instock","15":"sale","16":"taxable","17":"shipping-taxable","18":"purchasable","19":"product-type-variable","20":"wvs-archive-product-wrapper"},"acf":[],"_links":{"self":[{"href":"https:\/\/babyvk.com\/de\/wp-json\/wp\/v2\/product\/24188","targetHints":{"allow":["GET"]}}],"collection":[{"href":"https:\/\/babyvk.com\/de\/wp-json\/wp\/v2\/product"}],"about":[{"href":"https:\/\/babyvk.com\/de\/wp-json\/wp\/v2\/types\/product"}],"replies":[{"embeddable":true,"href":"https:\/\/babyvk.com\/de\/wp-json\/wp\/v2\/comments?post=24188"}],"version-history":[{"count":0,"href":"https:\/\/babyvk.com\/de\/wp-json\/wp\/v2\/product\/24188\/revisions"}],"wp:featuredmedia":[{"embeddable":true,"href":"https:\/\/babyvk.com\/de\/wp-json\/wp\/v2\/media\/24185"}],"wp:attachment":[{"href":"https:\/\/babyvk.com\/de\/wp-json\/wp\/v2\/media?parent=24188"}],"wp:term":[{"taxonomy":"product_brand","embeddable":true,"href":"https:\/\/babyvk.com\/de\/wp-json\/wp\/v2\/product_brand?post=24188"},{"taxonomy":"product_cat","embeddable":true,"href":"https:\/\/babyvk.com\/de\/wp-json\/wp\/v2\/product_cat?post=24188"},{"taxonomy":"product_tag","embeddable":true,"href":"https:\/\/babyvk.com\/de\/wp-json\/wp\/v2\/product_tag?post=24188"}],"curies":[{"name":"wp","href":"https:\/\/api.w.org\/{rel}","templated":true}]}}