{"id":23343,"date":"2025-07-30T17:27:34","date_gmt":"2025-07-30T17:27:34","guid":{"rendered":"https:\/\/babyvk.com\/?post_type=product&#038;p=23343"},"modified":"2025-09-08T17:05:55","modified_gmt":"2025-09-08T17:05:55","slug":"breastfeeding-nipple-shield","status":"publish","type":"product","link":"https:\/\/babyvk.com\/de\/product\/breastfeeding-nipple-shield\/","title":{"rendered":"Brustwarzenschutz zum Stillen"},"content":{"rendered":"<div data-elementor-type=\"product-post\" data-elementor-id=\"23343\" class=\"elementor elementor-23343\" data-elementor-post-type=\"product\">\n\t\t\t\t\t\t<section class=\"wd-negative-gap elementor-section elementor-top-section elementor-element elementor-element-22277c1 elementor-section-boxed elementor-section-height-default elementor-section-height-default\" data-id=\"22277c1\" data-element_type=\"section\">\n\t\t\t\t\t\t<div class=\"elementor-container elementor-column-gap-default\">\n\t\t\t\t\t<div class=\"elementor-column elementor-col-100 elementor-top-column elementor-element elementor-element-415fd4c\" data-id=\"415fd4c\" data-element_type=\"column\">\n\t\t\t<div class=\"elementor-widget-wrap elementor-element-populated\">\n\t\t\t\t\t\t<div class=\"elementor-element elementor-element-b619c05 elementor-widget__width-initial color-scheme-inherit text-left elementor-widget elementor-widget-text-editor\" data-id=\"b619c05\" data-element_type=\"widget\" data-widget_type=\"text-editor.default\">\n\t\t\t\t<div class=\"elementor-widget-container\">\n\t\t\t\t\t\t\t\t\t<p><strong>Verabschieden Sie sich von Schmerzen an der Brustwarze, Bei\u00dfattacken und Problemen beim Anlegen!<\/strong> Unser verbessertes, doppellagiges Silikon-Stille Shield ahmt echte Haut nach und bietet eine weiche, sichere und babyfreundliche Stillerfahrung. Geeignet f\u00fcr 0+ Monate.<\/p><h2>\ud83c\udf7c Vorteile<\/h2><ul><li><strong>\u2705 Zweischichtiger Schutz:<\/strong> Das Anti-Biss- und Anti-Schmerz-Design sch\u00fctzt empfindliche Brustwarzen vor Unannehmlichkeiten.<\/li><li><strong>\u2705 Haut\u00e4hnliche Textur:<\/strong> Weiches Silikon mit realistischer Haptik und hautfarbenem Farbton erleichtert Babys das Anlegen.<\/li><li><strong>\u2705 Nahtlose Passform:<\/strong> Das Schmetterlingsfl\u00fcgeldesign h\u00e4lt das Schild an seinem Platz - kein Verrutschen, selbst bei aktiver F\u00fctterung.<\/li><li><strong>\u2705 Bessere Absaugung, weniger Luft:<\/strong> Das verbesserte Adsorptionsdesign reduziert die Luftzufuhr und verhindert ein Verschlucken.<\/li><li><strong>\u2705 Leicht zu reinigen:<\/strong> Kochsicheres und sterilisierfreundliches Silikon f\u00fcr die t\u00e4gliche Hygiene.<\/li><\/ul><h2>\ud83d\udce6 Einzelheiten zum Produkt<\/h2><ul><li>Material: BPA-freies Silikon in medizinischer Qualit\u00e4t<\/li><li>Farbe: Nebliges Braun (nat\u00fcrlicher Hautton)<\/li><li>Alter: Neugeborenes und \u00e4lter (0 Monate+)<\/li><li>Enthalten: 1 x Nippel-Schutzschild<\/li><\/ul><h2>\ud83d\udc69\u200d\u2695\ufe0f Wie zu verwenden?<\/h2><ol><li>Waschen und sterilisieren Sie das Schild vor dem ersten Gebrauch.<\/li><li>Richten Sie das Schild an Ihrer Brustwarze aus und dr\u00fccken Sie es vorsichtig an.<\/li><li>Lassen Sie Ihr Baby auf nat\u00fcrliche Weise einhaken - keine zus\u00e4tzlichen Einstellungen erforderlich.<\/li><li>Nach jedem Gebrauch gr\u00fcndlich reinigen.<\/li><\/ol>\t\t\t\t\t\t\t\t<\/div>\n\t\t\t\t<\/div>\n\t\t\t\t\t<\/div>\n\t\t<\/div>\n\t\t\t\t\t<\/div>\n\t\t<\/section>\n\t\t\t\t<section class=\"wd-negative-gap elementor-section elementor-top-section elementor-element elementor-element-e448ebb elementor-section-boxed elementor-section-height-default elementor-section-height-default\" data-id=\"e448ebb\" data-element_type=\"section\">\n\t\t\t\t\t\t<div class=\"elementor-container elementor-column-gap-default\">\n\t\t\t\t\t<div class=\"elementor-column elementor-col-100 elementor-top-column elementor-element elementor-element-9284d7d\" data-id=\"9284d7d\" data-element_type=\"column\">\n\t\t\t<div class=\"elementor-widget-wrap elementor-element-populated\">\n\t\t\t\t\t\t<div class=\"elementor-element elementor-element-be88d7b color-scheme-inherit text-left elementor-widget elementor-widget-text-editor\" data-id=\"be88d7b\" data-element_type=\"widget\" data-widget_type=\"text-editor.default\">\n\t\t\t\t<div class=\"elementor-widget-container\">\n\t\t\t\t\t\t\t\t\t<h2>\u2753FAQ<\/h2><p data-start=\"2010\" data-end=\"2080\"><strong data-start=\"2010\" data-end=\"2041\">F: Ist es f\u00fcr Neugeborene sicher?<\/strong><br data-start=\"2041\" data-end=\"2044\" \/>Ja, geeignet f\u00fcr Babys ab der Geburt.<\/p><p data-start=\"2082\" data-end=\"2196\"><strong data-start=\"2082\" data-end=\"2116\">F: Kann es Schmerzen in der Brustwarze lindern?<\/strong><br data-start=\"2116\" data-end=\"2119\" \/>Ja, das doppellagige Silikon sch\u00fctzt Ihre Brustwarzen vor Biss und Schmerzen.<\/p><p data-start=\"2198\" data-end=\"2277\"><strong data-start=\"2198\" data-end=\"2223\">F: Wie reinige ich es?<\/strong><br data-start=\"2223\" data-end=\"2226\" \/>Mit warmer Seifenlauge abwaschen oder durch Abkochen sterilisieren.<\/p><p data-start=\"2279\" data-end=\"2370\"><strong data-start=\"2279\" data-end=\"2311\">F: Beeintr\u00e4chtigt es den Milchfluss?<\/strong><br data-start=\"2311\" data-end=\"2314\" \/>Nein, so konzipiert, dass die Milch nat\u00fcrlich flie\u00dfen kann, ohne zu ersticken.<\/p>\t\t\t\t\t\t\t\t<\/div>\n\t\t\t\t<\/div>\n\t\t\t\t\t<\/div>\n\t\t<\/div>\n\t\t\t\t\t<\/div>\n\t\t<\/section>\n\t\t\t\t<section class=\"wd-negative-gap elementor-section elementor-top-section elementor-element elementor-element-8b09cd4 elementor-section-boxed elementor-section-height-default elementor-section-height-default\" data-id=\"8b09cd4\" data-element_type=\"section\">\n\t\t\t\t\t\t<div class=\"elementor-container elementor-column-gap-default\">\n\t\t\t\t\t<div class=\"elementor-column elementor-col-100 elementor-top-column elementor-element elementor-element-c0aa9f7\" data-id=\"c0aa9f7\" data-element_type=\"column\">\n\t\t\t<div class=\"elementor-widget-wrap elementor-element-populated\">\n\t\t\t\t\t\t<div class=\"elementor-element elementor-element-768976d color-scheme-inherit text-left elementor-widget elementor-widget-text-editor\" data-id=\"768976d\" data-element_type=\"widget\" data-widget_type=\"text-editor.default\">\n\t\t\t\t<div class=\"elementor-widget-container\">\n\t\t\t\t\t\t\t\t\t<h2 data-start=\"2543\" data-end=\"2562\">\ud83d\udc49Aufruf zum Handeln<\/h2><p data-start=\"2564\" data-end=\"2737\"><strong data-start=\"2564\" data-end=\"2609\">Erleben Sie schmerzfreies Stillen noch heute!<\/strong><br data-start=\"2609\" data-end=\"2612\" \/>Bestellen Sie Ihr <strong data-start=\"2623\" data-end=\"2654\">Brustwarzenschutz zum Stillen<\/strong> jetzt und genie\u00dfen Sie angenehme Momente beim F\u00fcttern.<br \/><br data-start=\"2697\" data-end=\"2700\" \/><span style=\"color: #ff6600; font-size: 14pt;\"><strong data-start=\"2700\" data-end=\"2737\">Kostenloser Versand bei Bestellungen \u00fcber $16.99!<\/strong><\/span><\/p>\t\t\t\t\t\t\t\t<\/div>\n\t\t\t\t<\/div>\n\t\t\t\t\t<\/div>\n\t\t<\/div>\n\t\t\t\t\t<\/div>\n\t\t<\/section>\n\t\t\t\t<\/div>","protected":false},"excerpt":{"rendered":"<p>&#8220;<strong>Schmerzen an der Brustwarze beim Stillen?<\/strong> Der Brustwarzenschutz bietet doppelten Schutz f\u00fcr schmerzfreien, bissfesten und haut\u00e4hnlichen Komfort. Jetzt einkaufen f\u00fcr schnelle Linderung &amp; kostenlosen Versand!\"<\/p>","protected":false},"featured_media":23336,"comment_status":"open","ping_status":"closed","template":"","meta":{"_acf_changed":false},"product_brand":[],"product_cat":[20],"product_tag":[1061,1064,1060,1063,1062],"class_list":{"0":"post-23343","1":"product","2":"type-product","3":"status-publish","4":"has-post-thumbnail","6":"product_cat-new-mom","7":"product_tag-anti-bite-nipple-shield-for-newborns","8":"product_tag-best-nipple-shield","9":"product_tag-breastfeeding-nipple-shield","10":"product_tag-pain-relief-nipple-shield","11":"product_tag-soft-silicone-nipple-protector","13":"first","14":"instock","15":"taxable","16":"shipping-taxable","17":"purchasable","18":"product-type-variable","19":"wvs-archive-product-wrapper"},"acf":[],"_links":{"self":[{"href":"https:\/\/babyvk.com\/de\/wp-json\/wp\/v2\/product\/23343","targetHints":{"allow":["GET"]}}],"collection":[{"href":"https:\/\/babyvk.com\/de\/wp-json\/wp\/v2\/product"}],"about":[{"href":"https:\/\/babyvk.com\/de\/wp-json\/wp\/v2\/types\/product"}],"replies":[{"embeddable":true,"href":"https:\/\/babyvk.com\/de\/wp-json\/wp\/v2\/comments?post=23343"}],"version-history":[{"count":0,"href":"https:\/\/babyvk.com\/de\/wp-json\/wp\/v2\/product\/23343\/revisions"}],"wp:featuredmedia":[{"embeddable":true,"href":"https:\/\/babyvk.com\/de\/wp-json\/wp\/v2\/media\/23336"}],"wp:attachment":[{"href":"https:\/\/babyvk.com\/de\/wp-json\/wp\/v2\/media?parent=23343"}],"wp:term":[{"taxonomy":"product_brand","embeddable":true,"href":"https:\/\/babyvk.com\/de\/wp-json\/wp\/v2\/product_brand?post=23343"},{"taxonomy":"product_cat","embeddable":true,"href":"https:\/\/babyvk.com\/de\/wp-json\/wp\/v2\/product_cat?post=23343"},{"taxonomy":"product_tag","embeddable":true,"href":"https:\/\/babyvk.com\/de\/wp-json\/wp\/v2\/product_tag?post=23343"}],"curies":[{"name":"wp","href":"https:\/\/api.w.org\/{rel}","templated":true}]}}