{"id":23137,"date":"2025-07-03T18:42:50","date_gmt":"2025-07-03T18:42:50","guid":{"rendered":"https:\/\/babyvk.com\/?post_type=product&#038;p=23137"},"modified":"2025-08-01T17:25:13","modified_gmt":"2025-08-01T17:25:13","slug":"baby-silicone-food-bottle","status":"publish","type":"product","link":"https:\/\/babyvk.com\/de\/product\/baby-silicone-food-bottle\/","title":{"rendered":"3-in-1-Baby-Silikon-Nahrungsflasche"},"content":{"rendered":"<div data-elementor-type=\"product-post\" data-elementor-id=\"23137\" class=\"elementor elementor-23137\" data-elementor-post-type=\"product\">\n\t\t\t\t\t\t<section class=\"wd-negative-gap elementor-section elementor-top-section elementor-element elementor-element-7950f12 elementor-section-boxed elementor-section-height-default elementor-section-height-default\" data-id=\"7950f12\" data-element_type=\"section\">\n\t\t\t\t\t\t<div class=\"elementor-container elementor-column-gap-default\">\n\t\t\t\t\t<div class=\"elementor-column elementor-col-100 elementor-top-column elementor-element elementor-element-7ec84dd\" data-id=\"7ec84dd\" data-element_type=\"column\">\n\t\t\t<div class=\"elementor-widget-wrap elementor-element-populated\">\n\t\t\t\t\t\t<div class=\"elementor-element elementor-element-5d616e6 color-scheme-inherit text-left elementor-widget elementor-widget-text-editor\" data-id=\"5d616e6\" data-element_type=\"widget\" data-widget_type=\"text-editor.default\">\n\t\t\t\t<div class=\"elementor-widget-container\">\n\t\t\t\t\t\t\t\t\t<h2 data-start=\"126\" data-end=\"170\">Eine Flasche, drei intelligente F\u00fctterungsmethoden<\/h2><p data-start=\"172\" data-end=\"374\">Erleichtern Sie die Mahlzeiten mit dieser 3-in-1-Multifunktionsflasche f\u00fcr Babynahrung aus Silikon. Ob Milch, P\u00fcree oder weiche feste Nahrung, diese Flasche w\u00e4chst mit der Nahrungsaufnahme Ihres Babys mit - und das alles in einer praktischen, unauff\u00e4lligen L\u00f6sung.<\/p>\t\t\t\t\t\t\t\t<\/div>\n\t\t\t\t<\/div>\n\t\t\t\t<div class=\"elementor-element elementor-element-983e551 color-scheme-inherit text-left elementor-widget elementor-widget-text-editor\" data-id=\"983e551\" data-element_type=\"widget\" data-widget_type=\"text-editor.default\">\n\t\t\t\t<div class=\"elementor-widget-container\">\n\t\t\t\t\t\t\t\t\t<h2 data-start=\"381\" data-end=\"409\">Warum Eltern es lieben:<\/h2><p data-start=\"411\" data-end=\"573\">\u2705 <strong data-start=\"413\" data-end=\"439\">All-in-One F\u00fctterungsset<\/strong><br data-start=\"439\" data-end=\"442\" \/>Im Lieferumfang enthalten sind ein Flaschenk\u00f6rper, ein normaler Sauger, ein Dosierl\u00f6ffel und ein Sauger f\u00fcr Fruchtp\u00fcree - perfekt f\u00fcr den \u00dcbergang von Milch zu fester Nahrung.<\/p><p data-start=\"575\" data-end=\"725\">\u2705 <strong data-start=\"577\" data-end=\"600\">Babysichere Materialien<\/strong><br data-start=\"600\" data-end=\"603\" \/>Hergestellt aus weichem, hochwertigem Silikon, das sanft zum Zahnfleisch ist, geruchsfrei und sicher zum Ausdr\u00fccken. Keine schlechten Ger\u00fcche, keine Sorgen.<\/p><p data-start=\"727\" data-end=\"883\">\u2705 <strong data-start=\"729\" data-end=\"758\">Unkomplizierte Ausgabe von Lebensmitteln<\/strong><br data-start=\"758\" data-end=\"761\" \/>Dr\u00fccken Sie, um Milch, P\u00fcree oder Babynahrung direkt in den Mund Ihres Babys zu geben - weniger Durcheinander, weniger Aufregung und keine zus\u00e4tzlichen Sch\u00fcsseln erforderlich.<\/p><p data-start=\"885\" data-end=\"1011\">\u2705 <strong data-start=\"887\" data-end=\"915\">Leicht zu reinigen und zu montieren<\/strong><br data-start=\"915\" data-end=\"918\" \/>Jedes Teil l\u00e4sst sich f\u00fcr eine schnelle und gr\u00fcndliche Reinigung leicht abnehmen. F\u00fcr zus\u00e4tzlichen Komfort sp\u00fclmaschinenfest.<\/p><p data-start=\"1013\" data-end=\"1155\">\u2705 <strong data-start=\"1015\" data-end=\"1049\">Reisefertig und auslaufsicher<\/strong><br data-start=\"1049\" data-end=\"1052\" \/>Kompakt und leicht. Ideal f\u00fcr die F\u00fctterung zu Hause oder unterwegs.<\/p>\t\t\t\t\t\t\t\t<\/div>\n\t\t\t\t<\/div>\n\t\t\t\t<div class=\"elementor-element elementor-element-b7be08e color-scheme-inherit text-left elementor-widget elementor-widget-text-editor\" data-id=\"b7be08e\" data-element_type=\"widget\" data-widget_type=\"text-editor.default\">\n\t\t\t\t<div class=\"elementor-widget-container\">\n\t\t\t\t\t\t\t\t\t<h2 data-start=\"1162\" data-end=\"1186\">Einzelheiten zum Produkt:<\/h2>\n<ul data-start=\"1188\" data-end=\"1533\">\n \t<li data-start=\"1188\" data-end=\"1208\">\n<p data-start=\"1190\" data-end=\"1208\"><strong data-start=\"1190\" data-end=\"1200\">Farbe:<\/strong> Braun<\/p>\n<\/li>\n \t<li data-start=\"1209\" data-end=\"1279\">\n<p data-start=\"1211\" data-end=\"1279\"><strong data-start=\"1211\" data-end=\"1225\">Materialien:<\/strong> PP (Flaschendeckel), Silikon (Flasche &amp; Nippel)<\/p>\n<\/li>\n \t<li data-start=\"1409\" data-end=\"1457\">\n<p data-start=\"1411\" data-end=\"1457\"><strong data-start=\"1411\" data-end=\"1419\">Verwendung:<\/strong> F\u00fcr fl\u00fcssige, p\u00fcrierte und weiche Lebensmittel<\/p>\n<\/li>\n \t<li data-start=\"1458\" data-end=\"1533\">\n<p data-start=\"1460\" data-end=\"1533\"><strong data-start=\"1460\" data-end=\"1473\">Reinigung:<\/strong> Leicht zu zerlegen; kann von Hand oder im Geschirrsp\u00fcler gereinigt werden<\/p>\n<\/li>\n<\/ul>\n<h2 data-start=\"1282\" data-end=\"1297\">Paket enth\u00e4lt::<\/h2>\n<ul>\n \t<li data-start=\"1302\" data-end=\"1319\">1 x Flaschenk\u00f6rper<\/li>\n \t<li data-start=\"1324\" data-end=\"1344\">1 x Normale Brustwarze<\/li>\n \t<li data-start=\"1349\" data-end=\"1371\">1 x Dosierl\u00f6ffel<\/li>\n \t<li data-start=\"1376\" data-end=\"1408\">1 x Nippel f\u00fcr Fruchtp\u00fcree<\/li>\n<\/ul>\t\t\t\t\t\t\t\t<\/div>\n\t\t\t\t<\/div>\n\t\t\t\t\t<\/div>\n\t\t<\/div>\n\t\t\t\t\t<\/div>\n\t\t<\/section>\n\t\t\t\t<\/div>","protected":false},"excerpt":{"rendered":"<p>&#8220;<strong>Schwierigkeiten bei der Umstellung von Milch auf feste Nahrung?<\/strong> Die 3-in-1-Baby-Silikonflasche erm\u00f6glicht eine nahtlose F\u00fctterung mit L\u00f6ffel- und P\u00fcreeoptionen. Jetzt versandkostenfrei bestellen!\"<\/p>","protected":false},"featured_media":23126,"comment_status":"open","ping_status":"closed","template":"","meta":{"_acf_changed":false},"product_brand":[],"product_cat":[508],"product_tag":[1056,1057,1059,1058,1055],"class_list":{"0":"post-23137","1":"product","2":"type-product","3":"status-publish","4":"has-post-thumbnail","6":"product_cat-best-baby-feeding","7":"product_tag-3in1-silicone-baby-food-dispenser","8":"product_tag-baby-food-bottle-with-spoon-nipple","9":"product_tag-silicone-squeeze-baby-bottle-feeder","10":"product_tag-soft-silicone-spoon-feeder-bottle","11":"product_tag-squeeze-feeder-baby-food-bottle","13":"first","14":"instock","15":"taxable","16":"shipping-taxable","17":"purchasable","18":"product-type-variable","19":"wvs-archive-product-wrapper"},"acf":[],"_links":{"self":[{"href":"https:\/\/babyvk.com\/de\/wp-json\/wp\/v2\/product\/23137","targetHints":{"allow":["GET"]}}],"collection":[{"href":"https:\/\/babyvk.com\/de\/wp-json\/wp\/v2\/product"}],"about":[{"href":"https:\/\/babyvk.com\/de\/wp-json\/wp\/v2\/types\/product"}],"replies":[{"embeddable":true,"href":"https:\/\/babyvk.com\/de\/wp-json\/wp\/v2\/comments?post=23137"}],"version-history":[{"count":0,"href":"https:\/\/babyvk.com\/de\/wp-json\/wp\/v2\/product\/23137\/revisions"}],"wp:featuredmedia":[{"embeddable":true,"href":"https:\/\/babyvk.com\/de\/wp-json\/wp\/v2\/media\/23126"}],"wp:attachment":[{"href":"https:\/\/babyvk.com\/de\/wp-json\/wp\/v2\/media?parent=23137"}],"wp:term":[{"taxonomy":"product_brand","embeddable":true,"href":"https:\/\/babyvk.com\/de\/wp-json\/wp\/v2\/product_brand?post=23137"},{"taxonomy":"product_cat","embeddable":true,"href":"https:\/\/babyvk.com\/de\/wp-json\/wp\/v2\/product_cat?post=23137"},{"taxonomy":"product_tag","embeddable":true,"href":"https:\/\/babyvk.com\/de\/wp-json\/wp\/v2\/product_tag?post=23137"}],"curies":[{"name":"wp","href":"https:\/\/api.w.org\/{rel}","templated":true}]}}