{"id":23101,"date":"2025-07-02T15:13:30","date_gmt":"2025-07-02T15:13:30","guid":{"rendered":"https:\/\/babyvk.com\/?post_type=product&#038;p=23101"},"modified":"2025-07-02T15:43:30","modified_gmt":"2025-07-02T15:43:30","slug":"waterproof-baby-silicone-bibs","status":"publish","type":"product","link":"https:\/\/babyvk.com\/de\/product\/waterproof-baby-silicone-bibs\/","title":{"rendered":"Baby-Silikon-L\u00e4tzchen mit Nahrungsauffangbeh\u00e4lter"},"content":{"rendered":"<div data-elementor-type=\"product-post\" data-elementor-id=\"23101\" class=\"elementor elementor-23101\" data-elementor-post-type=\"product\">\n\t\t\t\t\t\t<section class=\"wd-negative-gap elementor-section elementor-top-section elementor-element elementor-element-e68f406 elementor-section-boxed elementor-section-height-default elementor-section-height-default\" data-id=\"e68f406\" data-element_type=\"section\">\n\t\t\t\t\t\t<div class=\"elementor-container elementor-column-gap-default\">\n\t\t\t\t\t<div class=\"elementor-column elementor-col-100 elementor-top-column elementor-element elementor-element-b5541ad\" data-id=\"b5541ad\" data-element_type=\"column\">\n\t\t\t<div class=\"elementor-widget-wrap elementor-element-populated\">\n\t\t\t\t\t\t<div class=\"elementor-element elementor-element-e1e4456 color-scheme-inherit text-left elementor-widget elementor-widget-text-editor\" data-id=\"e1e4456\" data-element_type=\"widget\" data-widget_type=\"text-editor.default\">\n\t\t\t\t<div class=\"elementor-widget-container\">\n\t\t\t\t\t\t\t\t\t<h2 data-start=\"106\" data-end=\"152\">Chaosfreie Mahlzeiten. Sorgenfreie Elternschaft.<\/h2><p data-start=\"154\" data-end=\"327\">Verabschieden Sie sich von endlosem W\u00e4schewaschen und Einwegl\u00e4tzchen! Unser wasserdichtes Silikonl\u00e4tzchen f\u00fcr Babys ist das perfekte Alltagsutensil f\u00fcr saubere, stressfreie Mahlzeiten - zu Hause oder unterwegs.<\/p>\t\t\t\t\t\t\t\t<\/div>\n\t\t\t\t<\/div>\n\t\t\t\t<div class=\"elementor-element elementor-element-bf4de75 color-scheme-inherit text-left elementor-widget elementor-widget-text-editor\" data-id=\"bf4de75\" data-element_type=\"widget\" data-widget_type=\"text-editor.default\">\n\t\t\t\t<div class=\"elementor-widget-container\">\n\t\t\t\t\t\t\t\t\t<h2 data-start=\"334\" data-end=\"362\">Warum Eltern es lieben:<\/h2><p data-start=\"364\" data-end=\"493\">\u2705 <strong data-start=\"366\" data-end=\"390\">100% Sicher f\u00fcr S\u00e4uglinge<\/strong><br data-start=\"390\" data-end=\"393\" \/>Hergestellt aus reinem Silikon in Lebensmittelqualit\u00e4t, frei von BPA, PVC, Blei, Latex und anderen sch\u00e4dlichen Chemikalien.<\/p><p data-start=\"495\" data-end=\"614\">\u2705 <strong data-start=\"497\" data-end=\"527\">Umweltfreundlich und kostensparend<\/strong><br data-start=\"527\" data-end=\"530\" \/>Wiederverwendbar und langlebig - vermeiden Sie Wegwerfprodukte, reduzieren Sie den Abfall und sparen Sie Geld.<\/p><p data-start=\"616\" data-end=\"747\">\u2705 <strong data-start=\"618\" data-end=\"653\">Weich, leicht und bequem<\/strong><br data-start=\"653\" data-end=\"656\" \/>Ultraleichtes Silikon ist sanft zu empfindlicher Haut und bequemer als Stoff- oder Plastikl\u00e4tzchen.<\/p><p data-start=\"749\" data-end=\"874\">\u2705 <strong data-start=\"751\" data-end=\"774\">Reisegerechtes Design<\/strong><br data-start=\"774\" data-end=\"777\" \/>Zusammengerollt l\u00e4sst er sich leicht verstauen und wird mit einer praktischen Reisetasche geliefert - perfekt f\u00fcr Ausfl\u00fcge und Wickeltaschen.<\/p><p data-start=\"876\" data-end=\"1005\">\u2705 <strong data-start=\"878\" data-end=\"903\">Breite Auffangtasche<\/strong><br data-start=\"903\" data-end=\"906\" \/>Die extra tiefe Tasche bleibt offen und f\u00e4ngt jeden Kr\u00fcmel und jedes versch\u00fcttete Getr\u00e4nk auf. H\u00e4lt die Kleidung sauber und ist schnell zu reinigen.<\/p>\t\t\t\t\t\t\t\t<\/div>\n\t\t\t\t<\/div>\n\t\t\t\t<div class=\"elementor-element elementor-element-d16c89d color-scheme-inherit text-left elementor-widget elementor-widget-text-editor\" data-id=\"d16c89d\" data-element_type=\"widget\" data-widget_type=\"text-editor.default\">\n\t\t\t\t<div class=\"elementor-widget-container\">\n\t\t\t\t\t\t\t\t\t<h2 data-start=\"1012\" data-end=\"1036\">Einzelheiten zum Produkt:<\/h2><ul data-start=\"1038\" data-end=\"1282\"><li data-start=\"1038\" data-end=\"1080\"><p data-start=\"1040\" data-end=\"1080\"><strong data-start=\"1040\" data-end=\"1053\">Material:<\/strong> 100% Lebensmittelgerechtes Silikon<\/p><\/li><li data-start=\"1081\" data-end=\"1119\"><p data-start=\"1083\" data-end=\"1119\"><strong data-start=\"1083\" data-end=\"1097\">Altersgruppe:<\/strong> 3 Monate bis 6 Jahre<\/p><\/li><li data-start=\"1120\" data-end=\"1171\"><p data-start=\"1122\" data-end=\"1171\"><strong data-start=\"1122\" data-end=\"1135\">Hals-Passform:<\/strong> Verstellbarer Gurt f\u00fcr eine individuelle Passform<\/p><\/li><li data-start=\"1172\" data-end=\"1227\"><p data-start=\"1174\" data-end=\"1227\"><strong data-start=\"1174\" data-end=\"1189\">Wasserdicht:<\/strong> Ja - sch\u00fctzt die Kleidung vor Versch\u00fcttungen<\/p><\/li><li data-start=\"1228\" data-end=\"1282\"><p data-start=\"1230\" data-end=\"1282\"><strong data-start=\"1230\" data-end=\"1243\">Reinigung:<\/strong> Abwischbar oder in der Sp\u00fclmaschine zu reinigen<\/p><\/li><\/ul>\t\t\t\t\t\t\t\t<\/div>\n\t\t\t\t<\/div>\n\t\t\t\t\t<\/div>\n\t\t<\/div>\n\t\t\t\t\t<\/div>\n\t\t<\/section>\n\t\t\t\t<\/div>","protected":false},"excerpt":{"rendered":"<p>&#8220;<strong>Haben Sie genug von unordentlichen Mahlzeiten mit Ihrem Baby?<\/strong> Baby-Silikon-L\u00e4tzchen mit Essensf\u00e4nger halten die Kleidung sauber und bieten eine breite Tasche und eine bequeme Passform. Jetzt versandkostenfrei bestellen!\"<\/p>","protected":false},"featured_media":23093,"comment_status":"open","ping_status":"closed","template":"","meta":{"_acf_changed":false},"product_brand":[],"product_cat":[29],"product_tag":[1050,1048,1052,1051,1053,1049],"class_list":{"0":"post-23101","1":"product","2":"type-product","3":"status-publish","4":"has-post-thumbnail","6":"product_cat-best-baby-care","7":"product_tag-adjustable-baby-silicone-bibs","8":"product_tag-baby-silicone-bibs-waterproof","9":"product_tag-bpa-free-silicone-bibs","10":"product_tag-foldable-travel-silicone-bibs","11":"product_tag-lightweight-silicone-bibs-for-infants","12":"product_tag-silicone-bibs-easy-clean","14":"first","15":"instock","16":"taxable","17":"shipping-taxable","18":"purchasable","19":"product-type-variable","20":"wvs-archive-product-wrapper"},"acf":[],"_links":{"self":[{"href":"https:\/\/babyvk.com\/de\/wp-json\/wp\/v2\/product\/23101","targetHints":{"allow":["GET"]}}],"collection":[{"href":"https:\/\/babyvk.com\/de\/wp-json\/wp\/v2\/product"}],"about":[{"href":"https:\/\/babyvk.com\/de\/wp-json\/wp\/v2\/types\/product"}],"replies":[{"embeddable":true,"href":"https:\/\/babyvk.com\/de\/wp-json\/wp\/v2\/comments?post=23101"}],"version-history":[{"count":0,"href":"https:\/\/babyvk.com\/de\/wp-json\/wp\/v2\/product\/23101\/revisions"}],"wp:featuredmedia":[{"embeddable":true,"href":"https:\/\/babyvk.com\/de\/wp-json\/wp\/v2\/media\/23093"}],"wp:attachment":[{"href":"https:\/\/babyvk.com\/de\/wp-json\/wp\/v2\/media?parent=23101"}],"wp:term":[{"taxonomy":"product_brand","embeddable":true,"href":"https:\/\/babyvk.com\/de\/wp-json\/wp\/v2\/product_brand?post=23101"},{"taxonomy":"product_cat","embeddable":true,"href":"https:\/\/babyvk.com\/de\/wp-json\/wp\/v2\/product_cat?post=23101"},{"taxonomy":"product_tag","embeddable":true,"href":"https:\/\/babyvk.com\/de\/wp-json\/wp\/v2\/product_tag?post=23101"}],"curies":[{"name":"wp","href":"https:\/\/api.w.org\/{rel}","templated":true}]}}