{"id":22999,"date":"2025-06-21T17:54:09","date_gmt":"2025-06-21T17:54:09","guid":{"rendered":"https:\/\/babyvk.com\/?post_type=product&#038;p=22999"},"modified":"2025-06-24T03:37:12","modified_gmt":"2025-06-24T03:37:12","slug":"baby-gym-play-mat","status":"publish","type":"product","link":"https:\/\/babyvk.com\/de\/product\/baby-gym-play-mat\/","title":{"rendered":"Baby Gym Spielmatte mit Musik und Lichtern"},"content":{"rendered":"<div data-elementor-type=\"product-post\" data-elementor-id=\"22999\" class=\"elementor elementor-22999\" data-elementor-post-type=\"product\">\n\t\t\t\t\t\t<section class=\"wd-negative-gap elementor-section elementor-top-section elementor-element elementor-element-f921f8c elementor-section-boxed elementor-section-height-default elementor-section-height-default\" data-id=\"f921f8c\" data-element_type=\"section\">\n\t\t\t\t\t\t<div class=\"elementor-container elementor-column-gap-default\">\n\t\t\t\t\t<div class=\"elementor-column elementor-col-100 elementor-top-column elementor-element elementor-element-182de90\" data-id=\"182de90\" data-element_type=\"column\">\n\t\t\t<div class=\"elementor-widget-wrap elementor-element-populated\">\n\t\t\t\t\t\t<div class=\"elementor-element elementor-element-8c08d45 color-scheme-inherit text-left elementor-widget elementor-widget-text-editor\" data-id=\"8c08d45\" data-element_type=\"widget\" data-widget_type=\"text-editor.default\">\n\t\t\t\t<div class=\"elementor-widget-container\">\n\t\t\t\t\t\t\t\t\t<h2 data-start=\"68\" data-end=\"112\">Eigenschaften<\/h2><ol data-start=\"114\" data-end=\"981\"><li data-start=\"114\" data-end=\"319\"><p data-start=\"117\" data-end=\"319\"><strong data-start=\"117\" data-end=\"147\">Multisensorische Entwicklung:<\/strong><br data-start=\"147\" data-end=\"150\" \/>Enth\u00e4lt 5 bunte h\u00e4ngende Rasseln und ein musikalisches Klavier zur F\u00f6rderung der Koordination, der motorischen F\u00e4higkeiten und des sensorischen Bewusstseins beim Spielen im Liegen, auf dem Bauch und im Sitzen.<\/p><\/li><li data-start=\"321\" data-end=\"490\"><p data-start=\"324\" data-end=\"490\"><strong data-start=\"324\" data-end=\"353\">Einstellbares Klavier:<\/strong><br data-start=\"353\" data-end=\"356\" \/>Das Klavier spielt sanfte Melodien, wenn es angeklopft wird, und regt so zur musikalischen Entdeckung an. Der Winkel kann an die Position Ihres Babys angepasst werden.<\/p><\/li><li data-start=\"492\" data-end=\"641\"><p data-start=\"495\" data-end=\"641\"><strong data-start=\"495\" data-end=\"523\">Augenfreundliche LED-Leuchten:<\/strong><br data-start=\"523\" data-end=\"526\" \/>Eingebaute weiche LED-Lichter sch\u00fctzen das Sehverm\u00f6gen Ihres Babys und f\u00f6rdern die visuelle Entwicklung mit lustigen Blinkeffekten.<\/p><\/li><li data-start=\"643\" data-end=\"814\"><p data-start=\"646\" data-end=\"814\"><strong data-start=\"646\" data-end=\"675\">Tragbar und leicht zu reinigen:<\/strong><br data-start=\"675\" data-end=\"678\" \/>Abnehmbare B\u00f6gen und eine faltbare Matte machen sie ideal f\u00fcr unterwegs. Mit glatten Kanten und weichem, detailliertem Stoff, der langlebig und sicher ist.<\/p><\/li><li data-start=\"816\" data-end=\"981\"><p data-start=\"819\" data-end=\"981\"><strong data-start=\"819\" data-end=\"853\">Sichere, babyfreundliche Materialien:<\/strong><br data-start=\"853\" data-end=\"856\" \/>Hergestellt aus atmungsaktivem, weichem Pfirsichhautsamt mit Vlieskern - auch f\u00fcr nackte Haut geeignet. Kein Kunststoff auf der Oberfl\u00e4che der Matte.<\/p><\/li><\/ol>\t\t\t\t\t\t\t\t<\/div>\n\t\t\t\t<\/div>\n\t\t\t\t\t<\/div>\n\t\t<\/div>\n\t\t\t\t\t<\/div>\n\t\t<\/section>\n\t\t\t\t<section class=\"wd-negative-gap elementor-section elementor-top-section elementor-element elementor-element-1f8ecbb elementor-section-boxed elementor-section-height-default elementor-section-height-default\" data-id=\"1f8ecbb\" data-element_type=\"section\">\n\t\t\t\t\t\t<div class=\"elementor-container elementor-column-gap-default\">\n\t\t\t\t\t<div class=\"elementor-column elementor-col-100 elementor-top-column elementor-element elementor-element-6a2224c\" data-id=\"6a2224c\" data-element_type=\"column\">\n\t\t\t<div class=\"elementor-widget-wrap elementor-element-populated\">\n\t\t\t\t\t\t<div class=\"elementor-element elementor-element-1fe64dc color-scheme-inherit text-left elementor-widget elementor-widget-text-editor\" data-id=\"1fe64dc\" data-element_type=\"widget\" data-widget_type=\"text-editor.default\">\n\t\t\t\t<div class=\"elementor-widget-container\">\n\t\t\t\t\t\t\t\t\t<h2 data-start=\"988\" data-end=\"1019\">Spezifikationen<\/h2><ul data-start=\"1021\" data-end=\"1296\"><li data-start=\"1021\" data-end=\"1056\"><p data-start=\"1023\" data-end=\"1056\"><strong data-start=\"1023\" data-end=\"1038\">Abmessungen:<\/strong> 47 x 72 x 40 cm<\/p><\/li><li data-start=\"1057\" data-end=\"1093\"><p data-start=\"1059\" data-end=\"1093\"><strong data-start=\"1059\" data-end=\"1079\">Empfohlenes Alter:<\/strong> 0-36 Monate<\/p><\/li><li data-start=\"1094\" data-end=\"1152\"><p data-start=\"1096\" data-end=\"1152\"><strong data-start=\"1096\" data-end=\"1109\">Eingeschlossen:<\/strong> 5 H\u00e4ngespielzeuge, Klaviertastatur, Spielmatte<\/p><\/li><\/ul>\t\t\t\t\t\t\t\t<\/div>\n\t\t\t\t<\/div>\n\t\t\t\t\t<\/div>\n\t\t<\/div>\n\t\t\t\t\t<\/div>\n\t\t<\/section>\n\t\t\t\t<\/div>","protected":false},"excerpt":{"rendered":"<p>&#8220;<strong>Sie suchen nach einer spielerischen M\u00f6glichkeit, die Entwicklung Ihres Babys zu f\u00f6rdern?<\/strong> Die Baby Gym Spielmatte f\u00f6rdert die Motorik, die Sinne und die Koordination. Jetzt versandkostenfrei bestellen!\"<\/p>","protected":false},"featured_media":22990,"comment_status":"open","ping_status":"closed","template":"","meta":{"_acf_changed":false},"product_brand":[],"product_cat":[509],"product_tag":[1036,1038,1043,1042,1037,1039,1040,1041],"class_list":{"0":"post-22999","1":"product","2":"type-product","3":"status-publish","4":"has-post-thumbnail","6":"product_cat-best-baby-toys","7":"product_tag-baby-activity-gym","8":"product_tag-baby-activity-mat","9":"product_tag-baby-gyms-playmats","10":"product_tag-baby-piano-gym-mat","11":"product_tag-baby-play-gym","12":"product_tag-baby-play-mat-gym","13":"product_tag-play-piano-activity-mat","14":"product_tag-tummy-time-mat","16":"first","17":"instock","18":"taxable","19":"shipping-taxable","20":"purchasable","21":"product-type-variable","22":"wvs-archive-product-wrapper"},"acf":[],"_links":{"self":[{"href":"https:\/\/babyvk.com\/de\/wp-json\/wp\/v2\/product\/22999","targetHints":{"allow":["GET"]}}],"collection":[{"href":"https:\/\/babyvk.com\/de\/wp-json\/wp\/v2\/product"}],"about":[{"href":"https:\/\/babyvk.com\/de\/wp-json\/wp\/v2\/types\/product"}],"replies":[{"embeddable":true,"href":"https:\/\/babyvk.com\/de\/wp-json\/wp\/v2\/comments?post=22999"}],"version-history":[{"count":0,"href":"https:\/\/babyvk.com\/de\/wp-json\/wp\/v2\/product\/22999\/revisions"}],"wp:featuredmedia":[{"embeddable":true,"href":"https:\/\/babyvk.com\/de\/wp-json\/wp\/v2\/media\/22990"}],"wp:attachment":[{"href":"https:\/\/babyvk.com\/de\/wp-json\/wp\/v2\/media?parent=22999"}],"wp:term":[{"taxonomy":"product_brand","embeddable":true,"href":"https:\/\/babyvk.com\/de\/wp-json\/wp\/v2\/product_brand?post=22999"},{"taxonomy":"product_cat","embeddable":true,"href":"https:\/\/babyvk.com\/de\/wp-json\/wp\/v2\/product_cat?post=22999"},{"taxonomy":"product_tag","embeddable":true,"href":"https:\/\/babyvk.com\/de\/wp-json\/wp\/v2\/product_tag?post=22999"}],"curies":[{"name":"wp","href":"https:\/\/api.w.org\/{rel}","templated":true}]}}