{"id":22896,"date":"2025-06-07T18:59:08","date_gmt":"2025-06-07T18:59:08","guid":{"rendered":"https:\/\/babyvk.com\/?post_type=product&#038;p=22896"},"modified":"2025-06-07T19:32:48","modified_gmt":"2025-06-07T19:32:48","slug":"newborn-teething-mittens","status":"publish","type":"product","link":"https:\/\/babyvk.com\/de\/product\/newborn-teething-mittens\/","title":{"rendered":"Bei\u00dff\u00e4ustlinge f\u00fcr Neugeborene"},"content":{"rendered":"<div data-elementor-type=\"product-post\" data-elementor-id=\"22896\" class=\"elementor elementor-22896\" data-elementor-post-type=\"product\">\n\t\t\t\t\t\t<section class=\"wd-negative-gap elementor-section elementor-top-section elementor-element elementor-element-a02af71 elementor-section-boxed elementor-section-height-default elementor-section-height-default\" data-id=\"a02af71\" data-element_type=\"section\">\n\t\t\t\t\t\t<div class=\"elementor-container elementor-column-gap-default\">\n\t\t\t\t\t<div class=\"elementor-column elementor-col-100 elementor-top-column elementor-element elementor-element-a2bd8b6\" data-id=\"a2bd8b6\" data-element_type=\"column\">\n\t\t\t<div class=\"elementor-widget-wrap elementor-element-populated\">\n\t\t\t\t\t\t<div class=\"elementor-element elementor-element-88d1cf0 color-scheme-inherit text-left elementor-widget elementor-widget-text-editor\" data-id=\"88d1cf0\" data-element_type=\"widget\" data-widget_type=\"text-editor.default\">\n\t\t\t\t<div class=\"elementor-widget-container\">\n\t\t\t\t\t\t\t\t\t<h2 data-start=\"74\" data-end=\"86\">Eigenschaften<\/h2><ul data-start=\"88\" data-end=\"983\"><li data-start=\"88\" data-end=\"382\"><p data-start=\"90\" data-end=\"382\"><strong data-start=\"90\" data-end=\"118\">Hochwertiges Material<\/strong><br data-start=\"118\" data-end=\"121\" \/>Die aus lebensmittelechtem Silikon 100% gefertigten Newborn Teething Mittens haben eine weiche, beruhigende Textur, die das geschwollene Zahnfleisch Ihres Babys sanft massiert und die Beschwerden beim Zahnen lindert. Diese lustige, kaubare Textur regt Ihr Baby au\u00dferdem dazu an, zu erforschen und neue Sinneseindr\u00fccke zu entdecken.<\/p><\/li><li data-start=\"384\" data-end=\"567\"><p data-start=\"386\" data-end=\"567\"><strong data-start=\"386\" data-end=\"420\">Sanfte Linderung f\u00fcr geschwollenes Zahnfleisch<\/strong><br data-start=\"420\" data-end=\"423\" \/>Unsere Bei\u00dfringe sind sicher und sanft zu zartem Zahnfleisch und bieten Komfort f\u00fcr Babys, die noch nicht in der Lage sind, traditionelle Bei\u00dfringe zu greifen.<\/p><\/li><li data-start=\"569\" data-end=\"807\"><p data-start=\"571\" data-end=\"807\"><strong data-start=\"571\" data-end=\"603\">Unterhaltsames &amp; sicheres Design<\/strong><br data-start=\"603\" data-end=\"606\" \/>Die F\u00e4ustlinge sind mit einem verstellbaren Klettverschluss ausgestattet, damit sie auch beim aktiven Spielen nicht verrutschen. Au\u00dferdem machen die F\u00e4ustlinge ein einnehmendes \"Knirschger\u00e4usch\", das Ihr Baby fr\u00f6hlich besch\u00e4ftigt.<\/p><\/li><li data-start=\"809\" data-end=\"983\"><p data-start=\"811\" data-end=\"983\"><strong data-start=\"811\" data-end=\"844\">Schutz vor Kratzern<\/strong><br data-start=\"844\" data-end=\"847\" \/>Die F\u00e4ustlinge helfen nicht nur beim Zahnen, sondern verhindern auch, dass sich Babys die empfindliche Haut aufkratzen oder sich versehentlich in die Augen sto\u00dfen.<\/p><\/li><\/ul>\t\t\t\t\t\t\t\t<\/div>\n\t\t\t\t<\/div>\n\t\t\t\t\t<\/div>\n\t\t<\/div>\n\t\t\t\t\t<\/div>\n\t\t<\/section>\n\t\t\t\t<section class=\"wd-negative-gap elementor-section elementor-top-section elementor-element elementor-element-1ffb6c0 elementor-section-boxed elementor-section-height-default elementor-section-height-default\" data-id=\"1ffb6c0\" data-element_type=\"section\">\n\t\t\t\t\t\t<div class=\"elementor-container elementor-column-gap-default\">\n\t\t\t\t\t<div class=\"elementor-column elementor-col-100 elementor-top-column elementor-element elementor-element-774922b\" data-id=\"774922b\" data-element_type=\"column\">\n\t\t\t<div class=\"elementor-widget-wrap elementor-element-populated\">\n\t\t\t\t\t\t<div class=\"elementor-element elementor-element-94bd17f color-scheme-inherit text-left elementor-widget elementor-widget-text-editor\" data-id=\"94bd17f\" data-element_type=\"widget\" data-widget_type=\"text-editor.default\">\n\t\t\t\t<div class=\"elementor-widget-container\">\n\t\t\t\t\t\t\t\t\t<h2 data-start=\"990\" data-end=\"1016\">Spezifikationen<\/h2><ul data-start=\"1018\" data-end=\"1295\"><li data-start=\"1018\" data-end=\"1055\"><p data-start=\"1020\" data-end=\"1055\"><strong data-start=\"1020\" data-end=\"1033\">Material:<\/strong> Lebensmittelgeeignetes Silikon<\/p><\/li><li data-start=\"1056\" data-end=\"1091\"><p data-start=\"1058\" data-end=\"1091\"><strong data-start=\"1058\" data-end=\"1068\">Stil:<\/strong> Babyfreundliches Design<\/p><\/li><li data-start=\"1092\" data-end=\"1136\"><p data-start=\"1094\" data-end=\"1136\"><strong data-start=\"1094\" data-end=\"1111\">Verwendungszweck:<\/strong> Linderung von Zahnungsschmerzen<\/p><\/li><li data-start=\"1137\" data-end=\"1216\"><p data-start=\"1139\" data-end=\"1216\"><strong data-start=\"1139\" data-end=\"1148\">Gr\u00f6\u00dfe:<\/strong> 10cm x 6,5cm (3.94\" x 2.56\"), geeignet f\u00fcr Babys ab 3 Monaten<\/p><\/li><li data-start=\"1217\" data-end=\"1295\"><p data-start=\"1219\" data-end=\"1295\"><strong data-start=\"1219\" data-end=\"1230\">Gewicht:<\/strong> 26 Gramm (das genaue Gewicht entnehmen Sie bitte dem tats\u00e4chlichen Produkt)<\/p><\/li><\/ul>\t\t\t\t\t\t\t\t<\/div>\n\t\t\t\t<\/div>\n\t\t\t\t\t<\/div>\n\t\t<\/div>\n\t\t\t\t\t<\/div>\n\t\t<\/section>\n\t\t\t\t<section class=\"wd-negative-gap elementor-section elementor-top-section elementor-element elementor-element-5dfe83d elementor-section-boxed elementor-section-height-default elementor-section-height-default\" data-id=\"5dfe83d\" data-element_type=\"section\">\n\t\t\t\t\t\t<div class=\"elementor-container elementor-column-gap-default\">\n\t\t\t\t\t<div class=\"elementor-column elementor-col-100 elementor-top-column elementor-element elementor-element-45c78d1\" data-id=\"45c78d1\" data-element_type=\"column\">\n\t\t\t<div class=\"elementor-widget-wrap elementor-element-populated\">\n\t\t\t\t\t\t<div class=\"elementor-element elementor-element-57a460d color-scheme-inherit text-left elementor-widget elementor-widget-text-editor\" data-id=\"57a460d\" data-element_type=\"widget\" data-widget_type=\"text-editor.default\">\n\t\t\t\t<div class=\"elementor-widget-container\">\n\t\t\t\t\t\t\t\t\t<h2 data-start=\"1302\" data-end=\"1322\">Das Paket enth\u00e4lt<\/h2><ul data-start=\"1324\" data-end=\"1357\"><li data-start=\"1324\" data-end=\"1357\"><p data-start=\"1326\" data-end=\"1357\">1 x Neugeborenes Bei\u00dff\u00e4ustlinge<\/p><\/li><\/ul>\t\t\t\t\t\t\t\t<\/div>\n\t\t\t\t<\/div>\n\t\t\t\t<div class=\"elementor-element elementor-element-82d7c53 color-scheme-inherit text-left elementor-widget elementor-widget-text-editor\" data-id=\"82d7c53\" data-element_type=\"widget\" data-widget_type=\"text-editor.default\">\n\t\t\t\t<div class=\"elementor-widget-container\">\n\t\t\t\t\t\t\t\t\t<h3 data-start=\"1364\" data-end=\"1383\">Wichtige Hinweise<\/h3><ul data-start=\"1385\" data-end=\"1576\"><li data-start=\"1385\" data-end=\"1471\"><p data-start=\"1387\" data-end=\"1471\">Bitte erlauben Sie eine Abweichung von 1-5 cm bei den Ma\u00dfen aufgrund der manuellen Messung. Vielen Dank!<\/p><\/li><li data-start=\"1472\" data-end=\"1576\"><p data-start=\"1474\" data-end=\"1576\">Die Farben k\u00f6nnen aufgrund von Unterschieden bei der Aufl\u00f6sung, der Helligkeit und dem Kontrast von Computerbildschirmen leicht variieren.<\/p><\/li><\/ul>\t\t\t\t\t\t\t\t<\/div>\n\t\t\t\t<\/div>\n\t\t\t\t\t<\/div>\n\t\t<\/div>\n\t\t\t\t\t<\/div>\n\t\t<\/section>\n\t\t\t\t<\/div>","protected":false},"excerpt":{"rendered":"<p>&#8220;<strong>Haben Sie Schwierigkeiten, die Zahnungsschmerzen Ihres Neugeborenen zu lindern?<\/strong> Die Newborn Teething Mittens bieten sanfte Linderung f\u00fcr wundes Zahnfleisch. Jetzt versandkostenfrei einkaufen!\"<\/p>","protected":false},"featured_media":22910,"comment_status":"open","ping_status":"closed","template":"","meta":{"_acf_changed":false},"product_brand":[],"product_cat":[29],"product_tag":[1034,1028,1030,1029,1032,1031,1033],"class_list":{"0":"post-22896","1":"product","2":"type-product","3":"status-publish","4":"has-post-thumbnail","6":"product_cat-best-baby-care","7":"product_tag-baby-mittens-0-6-months","8":"product_tag-baby-teethers-0-6-months","9":"product_tag-newborn-teething-mittens","10":"product_tag-newborn-teething-silicone-mittens","11":"product_tag-newborn-teething-silicone-toys","12":"product_tag-newborn-teething-toys","13":"product_tag-teething-mittens-3-6-months","15":"first","16":"instock","17":"taxable","18":"shipping-taxable","19":"purchasable","20":"product-type-variable","21":"wvs-archive-product-wrapper"},"acf":[],"_links":{"self":[{"href":"https:\/\/babyvk.com\/de\/wp-json\/wp\/v2\/product\/22896","targetHints":{"allow":["GET"]}}],"collection":[{"href":"https:\/\/babyvk.com\/de\/wp-json\/wp\/v2\/product"}],"about":[{"href":"https:\/\/babyvk.com\/de\/wp-json\/wp\/v2\/types\/product"}],"replies":[{"embeddable":true,"href":"https:\/\/babyvk.com\/de\/wp-json\/wp\/v2\/comments?post=22896"}],"version-history":[{"count":0,"href":"https:\/\/babyvk.com\/de\/wp-json\/wp\/v2\/product\/22896\/revisions"}],"wp:featuredmedia":[{"embeddable":true,"href":"https:\/\/babyvk.com\/de\/wp-json\/wp\/v2\/media\/22910"}],"wp:attachment":[{"href":"https:\/\/babyvk.com\/de\/wp-json\/wp\/v2\/media?parent=22896"}],"wp:term":[{"taxonomy":"product_brand","embeddable":true,"href":"https:\/\/babyvk.com\/de\/wp-json\/wp\/v2\/product_brand?post=22896"},{"taxonomy":"product_cat","embeddable":true,"href":"https:\/\/babyvk.com\/de\/wp-json\/wp\/v2\/product_cat?post=22896"},{"taxonomy":"product_tag","embeddable":true,"href":"https:\/\/babyvk.com\/de\/wp-json\/wp\/v2\/product_tag?post=22896"}],"curies":[{"name":"wp","href":"https:\/\/api.w.org\/{rel}","templated":true}]}}