{"id":22603,"date":"2025-04-07T19:30:23","date_gmt":"2025-04-07T19:30:23","guid":{"rendered":"https:\/\/babyvk.com\/?post_type=product&#038;p=22603"},"modified":"2025-11-11T19:52:48","modified_gmt":"2025-11-11T19:52:48","slug":"baby-patter-for-sleep","status":"publish","type":"product","link":"https:\/\/babyvk.com\/de\/product\/baby-patter-for-sleep\/","title":{"rendered":"Baby-Pattern f\u00fcr den Schlaf"},"content":{"rendered":"<div data-elementor-type=\"product-post\" data-elementor-id=\"22603\" class=\"elementor elementor-22603\" data-elementor-post-type=\"product\">\n\t\t\t\t\t\t<section class=\"wd-negative-gap elementor-section elementor-top-section elementor-element elementor-element-b8bba76 elementor-section-boxed elementor-section-height-default elementor-section-height-default\" data-id=\"b8bba76\" data-element_type=\"section\">\n\t\t\t\t\t\t<div class=\"elementor-container elementor-column-gap-default\">\n\t\t\t\t\t<div class=\"elementor-column elementor-col-100 elementor-top-column elementor-element elementor-element-eb941bc\" data-id=\"eb941bc\" data-element_type=\"column\">\n\t\t\t<div class=\"elementor-widget-wrap elementor-element-populated\">\n\t\t\t\t\t\t<div class=\"elementor-element elementor-element-648d6c0 color-scheme-inherit text-left elementor-widget elementor-widget-text-editor\" data-id=\"648d6c0\" data-element_type=\"widget\" data-widget_type=\"text-editor.default\">\n\t\t\t\t<div class=\"elementor-widget-container\">\n\t\t\t\t\t\t\t\t\t<h3 class=\"\" data-start=\"184\" data-end=\"209\"><strong data-start=\"188\" data-end=\"209\">Merkmale:<\/strong><\/h3><ol data-start=\"210\" data-end=\"689\"><li class=\"\" data-start=\"210\" data-end=\"319\"><p class=\"\" data-start=\"213\" data-end=\"319\"><strong data-start=\"213\" data-end=\"242\">Beruhigende Ber\u00fchrungssimulation<\/strong> - Ahmt sanft das Streicheln der Eltern nach und hilft so, Ihr Baby zu beruhigen und in den Schlaf zu wiegen.<\/p><\/li><li class=\"\" data-start=\"320\" data-end=\"426\"><p class=\"\" data-start=\"323\" data-end=\"426\"><strong data-start=\"323\" data-end=\"347\">Leicht zu bedienende Steuerelemente<\/strong> - Dank der einfachen Tasten und der Fernbedienung k\u00f6nnen die Eltern das Ger\u00e4t m\u00fchelos bedienen.<\/p><\/li><li class=\"\" data-start=\"427\" data-end=\"504\"><p class=\"\" data-start=\"430\" data-end=\"504\"><strong data-start=\"430\" data-end=\"457\">Weiches und anschmiegsames Material<\/strong> - Gefertigt aus kuscheliger Baumwolle f\u00fcr n\u00e4chtlichen Komfort.<\/p><\/li><li class=\"\" data-start=\"505\" data-end=\"598\"><p class=\"\" data-start=\"508\" data-end=\"598\"><strong data-start=\"508\" data-end=\"527\">Freih\u00e4ndige Hilfe<\/strong> - Das automatische Streicheln erm\u00f6glicht es Ihnen, Ihr Baby zu beruhigen, w\u00e4hrend Sie mehrere Aufgaben gleichzeitig erledigen.<\/p><\/li><li class=\"\" data-start=\"599\" data-end=\"689\"><p class=\"\" data-start=\"602\" data-end=\"689\"><strong data-start=\"602\" data-end=\"624\">Gro\u00dfartig f\u00fcr jeden Ort<\/strong> - Perfekt f\u00fcr den Gebrauch zu Hause, im Auto oder bei Spazierg\u00e4ngen mit dem Kinderwagen.<\/p><\/li><\/ol>\t\t\t\t\t\t\t\t<\/div>\n\t\t\t\t<\/div>\n\t\t\t\t<div class=\"elementor-element elementor-element-16aa196 color-scheme-inherit text-left elementor-widget elementor-widget-text-editor\" data-id=\"16aa196\" data-element_type=\"widget\" data-widget_type=\"text-editor.default\">\n\t\t\t\t<div class=\"elementor-widget-container\">\n\t\t\t\t\t\t\t\t\t<div data-slate-node=\"element\"><h3 class=\"\" data-start=\"696\" data-end=\"727\"><strong>Spezifikationen:<\/strong><\/h3><ul data-start=\"728\" data-end=\"953\"><li class=\"\" data-start=\"728\" data-end=\"772\"><p class=\"\" data-start=\"731\" data-end=\"772\"><strong data-start=\"731\" data-end=\"747\">Produktname<\/strong>: Baby Patter f\u00fcr den Schlaf<\/p><\/li><li class=\"\" data-start=\"773\" data-end=\"803\"><p class=\"\" data-start=\"776\" data-end=\"803\"><strong data-start=\"776\" data-end=\"788\">Material<\/strong>: Weiche Baumwolle<\/p><\/li><li class=\"\" data-start=\"804\" data-end=\"859\"><p class=\"\" data-start=\"807\" data-end=\"859\"><strong data-start=\"807\" data-end=\"821\">Abmessungen<\/strong>: 23,62 x 9,06 Zoll (600 x 230 mm)<\/p><\/li><li class=\"\" data-start=\"860\" data-end=\"922\"><p class=\"\" data-start=\"863\" data-end=\"922\"><strong data-start=\"863\" data-end=\"886\">Im Paket enthalten<\/strong>: 1 Beruhigungsspielzeug, 1 Fernbedienung<\/p><\/li><\/ul><\/div>\t\t\t\t\t\t\t\t<\/div>\n\t\t\t\t<\/div>\n\t\t\t\t\t<\/div>\n\t\t<\/div>\n\t\t\t\t\t<\/div>\n\t\t<\/section>\n\t\t\t\t<\/div>","protected":false},"excerpt":{"rendered":"<p>&#8220;<strong>Haben Sie Probleme, Ihr Baby zum Schlafen zu bringen?<\/strong> Baby Patter for Sleep ahmt sanftes Streicheln nach, um Ihr Kleines zu beruhigen. Jetzt versandkostenfrei bestellen!\"<\/p>","protected":false},"featured_media":22594,"comment_status":"open","ping_status":"closed","template":"","meta":{"_acf_changed":false},"product_brand":[],"product_cat":[29],"product_tag":[1010,1011,1009,1008,1007,990,1006],"class_list":{"0":"post-22603","1":"product","2":"type-product","3":"status-publish","4":"has-post-thumbnail","6":"product_cat-best-baby-care","7":"product_tag-automatic-palm-for-soothing-baby","8":"product_tag-automatic-palm-slapping","9":"product_tag-baby-butt-patter","10":"product_tag-baby-soothing-palm-hand","11":"product_tag-baby-tapping-toy-for-sleep","12":"product_tag-patting-hand-for-baby-sleep","13":"product_tag-patting-soother-pillow-for-baby","15":"first","16":"instock","17":"sale","18":"taxable","19":"shipping-taxable","20":"purchasable","21":"product-type-variable","22":"wvs-archive-product-wrapper"},"acf":[],"_links":{"self":[{"href":"https:\/\/babyvk.com\/de\/wp-json\/wp\/v2\/product\/22603","targetHints":{"allow":["GET"]}}],"collection":[{"href":"https:\/\/babyvk.com\/de\/wp-json\/wp\/v2\/product"}],"about":[{"href":"https:\/\/babyvk.com\/de\/wp-json\/wp\/v2\/types\/product"}],"replies":[{"embeddable":true,"href":"https:\/\/babyvk.com\/de\/wp-json\/wp\/v2\/comments?post=22603"}],"version-history":[{"count":0,"href":"https:\/\/babyvk.com\/de\/wp-json\/wp\/v2\/product\/22603\/revisions"}],"wp:featuredmedia":[{"embeddable":true,"href":"https:\/\/babyvk.com\/de\/wp-json\/wp\/v2\/media\/22594"}],"wp:attachment":[{"href":"https:\/\/babyvk.com\/de\/wp-json\/wp\/v2\/media?parent=22603"}],"wp:term":[{"taxonomy":"product_brand","embeddable":true,"href":"https:\/\/babyvk.com\/de\/wp-json\/wp\/v2\/product_brand?post=22603"},{"taxonomy":"product_cat","embeddable":true,"href":"https:\/\/babyvk.com\/de\/wp-json\/wp\/v2\/product_cat?post=22603"},{"taxonomy":"product_tag","embeddable":true,"href":"https:\/\/babyvk.com\/de\/wp-json\/wp\/v2\/product_tag?post=22603"}],"curies":[{"name":"wp","href":"https:\/\/api.w.org\/{rel}","templated":true}]}}