{"id":22353,"date":"2025-03-25T19:50:23","date_gmt":"2025-03-25T19:50:23","guid":{"rendered":"https:\/\/babyvk.com\/?post_type=product&#038;p=22353"},"modified":"2025-05-11T08:50:47","modified_gmt":"2025-05-11T08:50:47","slug":"water-bottle-that-fits-in-cup-holder","status":"publish","type":"product","link":"https:\/\/babyvk.com\/de\/product\/water-bottle-that-fits-in-cup-holder\/","title":{"rendered":"Becher Tassen"},"content":{"rendered":"<div data-elementor-type=\"product-post\" data-elementor-id=\"22353\" class=\"elementor elementor-22353\" data-elementor-post-type=\"product\">\n\t\t\t\t\t\t<section class=\"wd-negative-gap elementor-section elementor-top-section elementor-element elementor-element-2801206 elementor-section-boxed elementor-section-height-default elementor-section-height-default\" data-id=\"2801206\" data-element_type=\"section\">\n\t\t\t\t\t\t<div class=\"elementor-container elementor-column-gap-default\">\n\t\t\t\t\t<div class=\"elementor-column elementor-col-100 elementor-top-column elementor-element elementor-element-ea67280\" data-id=\"ea67280\" data-element_type=\"column\">\n\t\t\t<div class=\"elementor-widget-wrap elementor-element-populated\">\n\t\t\t\t\t\t<div class=\"elementor-element elementor-element-00283d5 elementor-widget elementor-widget-wd_image_or_svg\" data-id=\"00283d5\" data-element_type=\"widget\" data-widget_type=\"wd_image_or_svg.default\">\n\t\t\t\t<div class=\"elementor-widget-container\">\n\t\t\t\t\t\n\t\t<div class=\"wd-image text-left\">\n\t\t\t\t\t\t\t\t<img fetchpriority=\"high\" decoding=\"async\" width=\"800\" height=\"800\" src=\"https:\/\/babyvk.com\/wp-content\/uploads\/2025\/03\/Cup-Holder-Compatible-for-Travel.jpg\" class=\"attachment-full size-full wvs-archive-product-image\" alt=\"Tumblers Wasserflasche mit Strohhalm\" srcset=\"https:\/\/babyvk.com\/wp-content\/uploads\/2025\/03\/Cup-Holder-Compatible-for-Travel.jpg 800w, https:\/\/babyvk.com\/wp-content\/uploads\/2025\/03\/Cup-Holder-Compatible-for-Travel-300x300.jpg 300w, https:\/\/babyvk.com\/wp-content\/uploads\/2025\/03\/Cup-Holder-Compatible-for-Travel-150x150.jpg 150w, https:\/\/babyvk.com\/wp-content\/uploads\/2025\/03\/Cup-Holder-Compatible-for-Travel-768x768.jpg 768w, https:\/\/babyvk.com\/wp-content\/uploads\/2025\/03\/Cup-Holder-Compatible-for-Travel-430x430.jpg 430w, https:\/\/babyvk.com\/wp-content\/uploads\/2025\/03\/Cup-Holder-Compatible-for-Travel-700x700.jpg 700w, https:\/\/babyvk.com\/wp-content\/uploads\/2025\/03\/Cup-Holder-Compatible-for-Travel-100x100.jpg 100w, https:\/\/babyvk.com\/wp-content\/uploads\/2025\/03\/Cup-Holder-Compatible-for-Travel-50x50.jpg 50w\" sizes=\"(max-width: 800px) 100vw, 800px\" title=\"\">\t\t\t\t\t<\/div>\n\n\t\t\t\t\t\t<\/div>\n\t\t\t\t<\/div>\n\t\t\t\t<div class=\"elementor-element elementor-element-4e330a5 elementor-widget elementor-widget-wd_image_or_svg\" data-id=\"4e330a5\" data-element_type=\"widget\" data-widget_type=\"wd_image_or_svg.default\">\n\t\t\t\t<div class=\"elementor-widget-container\">\n\t\t\t\t\t\n\t\t<div class=\"wd-image text-left\">\n\t\t\t\t\t\t\t\t<img decoding=\"async\" width=\"800\" height=\"800\" src=\"https:\/\/babyvk.com\/wp-content\/uploads\/2025\/03\/water-bottle-with-handle-and-straw.jpg\" class=\"attachment-full size-full wvs-archive-product-image\" alt=\"tumbler with handle\" srcset=\"https:\/\/babyvk.com\/wp-content\/uploads\/2025\/03\/water-bottle-with-handle-and-straw.jpg 800w, https:\/\/babyvk.com\/wp-content\/uploads\/2025\/03\/water-bottle-with-handle-and-straw-300x300.jpg 300w, https:\/\/babyvk.com\/wp-content\/uploads\/2025\/03\/water-bottle-with-handle-and-straw-150x150.jpg 150w, https:\/\/babyvk.com\/wp-content\/uploads\/2025\/03\/water-bottle-with-handle-and-straw-768x768.jpg 768w, https:\/\/babyvk.com\/wp-content\/uploads\/2025\/03\/water-bottle-with-handle-and-straw-430x430.jpg 430w, https:\/\/babyvk.com\/wp-content\/uploads\/2025\/03\/water-bottle-with-handle-and-straw-700x700.jpg 700w, https:\/\/babyvk.com\/wp-content\/uploads\/2025\/03\/water-bottle-with-handle-and-straw-100x100.jpg 100w, https:\/\/babyvk.com\/wp-content\/uploads\/2025\/03\/water-bottle-with-handle-and-straw-50x50.jpg 50w\" sizes=\"(max-width: 800px) 100vw, 800px\" title=\"\">\t\t\t\t\t<\/div>\n\n\t\t\t\t\t\t<\/div>\n\t\t\t\t<\/div>\n\t\t\t\t<div class=\"elementor-element elementor-element-4f61294 elementor-widget elementor-widget-wd_image_or_svg\" data-id=\"4f61294\" data-element_type=\"widget\" data-widget_type=\"wd_image_or_svg.default\">\n\t\t\t\t<div class=\"elementor-widget-container\">\n\t\t\t\t\t\n\t\t<div class=\"wd-image text-left\">\n\t\t\t\t\t\t\t\t<img decoding=\"async\" width=\"800\" height=\"800\" src=\"https:\/\/babyvk.com\/wp-content\/uploads\/2025\/03\/water-bottle-that-fits-in-cup-holder.jpg\" class=\"attachment-full size-full wvs-archive-product-image\" alt=\"water bottle that fits in cup holder\" srcset=\"https:\/\/babyvk.com\/wp-content\/uploads\/2025\/03\/water-bottle-that-fits-in-cup-holder.jpg 800w, https:\/\/babyvk.com\/wp-content\/uploads\/2025\/03\/water-bottle-that-fits-in-cup-holder-300x300.jpg 300w, https:\/\/babyvk.com\/wp-content\/uploads\/2025\/03\/water-bottle-that-fits-in-cup-holder-150x150.jpg 150w, https:\/\/babyvk.com\/wp-content\/uploads\/2025\/03\/water-bottle-that-fits-in-cup-holder-768x768.jpg 768w, https:\/\/babyvk.com\/wp-content\/uploads\/2025\/03\/water-bottle-that-fits-in-cup-holder-430x430.jpg 430w, https:\/\/babyvk.com\/wp-content\/uploads\/2025\/03\/water-bottle-that-fits-in-cup-holder-700x700.jpg 700w, https:\/\/babyvk.com\/wp-content\/uploads\/2025\/03\/water-bottle-that-fits-in-cup-holder-100x100.jpg 100w, https:\/\/babyvk.com\/wp-content\/uploads\/2025\/03\/water-bottle-that-fits-in-cup-holder-50x50.jpg 50w\" sizes=\"(max-width: 800px) 100vw, 800px\" title=\"\">\t\t\t\t\t<\/div>\n\n\t\t\t\t\t\t<\/div>\n\t\t\t\t<\/div>\n\t\t\t\t<div class=\"elementor-element elementor-element-905796d elementor-widget elementor-widget-wd_image_or_svg\" data-id=\"905796d\" data-element_type=\"widget\" data-widget_type=\"wd_image_or_svg.default\">\n\t\t\t\t<div class=\"elementor-widget-container\">\n\t\t\t\t\t\n\t\t<div class=\"wd-image text-left\">\n\t\t\t\t\t\t\t\t<img loading=\"lazy\" decoding=\"async\" width=\"800\" height=\"800\" src=\"https:\/\/babyvk.com\/wp-content\/uploads\/2025\/03\/Tumbler-with-Handle-and-Straw.jpg\" class=\"attachment-full size-full wvs-archive-product-image\" alt=\"Becher mit Henkel und Strohhalm\" srcset=\"https:\/\/babyvk.com\/wp-content\/uploads\/2025\/03\/Tumbler-with-Handle-and-Straw.jpg 800w, https:\/\/babyvk.com\/wp-content\/uploads\/2025\/03\/Tumbler-with-Handle-and-Straw-300x300.jpg 300w, https:\/\/babyvk.com\/wp-content\/uploads\/2025\/03\/Tumbler-with-Handle-and-Straw-150x150.jpg 150w, https:\/\/babyvk.com\/wp-content\/uploads\/2025\/03\/Tumbler-with-Handle-and-Straw-768x768.jpg 768w, https:\/\/babyvk.com\/wp-content\/uploads\/2025\/03\/Tumbler-with-Handle-and-Straw-430x430.jpg 430w, https:\/\/babyvk.com\/wp-content\/uploads\/2025\/03\/Tumbler-with-Handle-and-Straw-700x700.jpg 700w, https:\/\/babyvk.com\/wp-content\/uploads\/2025\/03\/Tumbler-with-Handle-and-Straw-100x100.jpg 100w, https:\/\/babyvk.com\/wp-content\/uploads\/2025\/03\/Tumbler-with-Handle-and-Straw-50x50.jpg 50w\" sizes=\"(max-width: 800px) 100vw, 800px\" title=\"\">\t\t\t\t\t<\/div>\n\n\t\t\t\t\t\t<\/div>\n\t\t\t\t<\/div>\n\t\t\t\t<div class=\"elementor-element elementor-element-ccf5cad elementor-widget elementor-widget-wd_image_or_svg\" data-id=\"ccf5cad\" data-element_type=\"widget\" data-widget_type=\"wd_image_or_svg.default\">\n\t\t\t\t<div class=\"elementor-widget-container\">\n\t\t\t\t\t\n\t\t<div class=\"wd-image text-left\">\n\t\t\t\t\t\t\t\t<img loading=\"lazy\" decoding=\"async\" width=\"800\" height=\"800\" src=\"https:\/\/babyvk.com\/wp-content\/uploads\/2025\/03\/tumbler-with-handle.jpg\" class=\"attachment-full size-full wvs-archive-product-image\" alt=\"water bottle with handle and straw\" srcset=\"https:\/\/babyvk.com\/wp-content\/uploads\/2025\/03\/tumbler-with-handle.jpg 800w, https:\/\/babyvk.com\/wp-content\/uploads\/2025\/03\/tumbler-with-handle-300x300.jpg 300w, https:\/\/babyvk.com\/wp-content\/uploads\/2025\/03\/tumbler-with-handle-150x150.jpg 150w, https:\/\/babyvk.com\/wp-content\/uploads\/2025\/03\/tumbler-with-handle-768x768.jpg 768w, https:\/\/babyvk.com\/wp-content\/uploads\/2025\/03\/tumbler-with-handle-430x430.jpg 430w, https:\/\/babyvk.com\/wp-content\/uploads\/2025\/03\/tumbler-with-handle-700x700.jpg 700w, https:\/\/babyvk.com\/wp-content\/uploads\/2025\/03\/tumbler-with-handle-100x100.jpg 100w, https:\/\/babyvk.com\/wp-content\/uploads\/2025\/03\/tumbler-with-handle-50x50.jpg 50w\" sizes=\"(max-width: 800px) 100vw, 800px\" title=\"\">\t\t\t\t\t<\/div>\n\n\t\t\t\t\t\t<\/div>\n\t\t\t\t<\/div>\n\t\t\t\t<div class=\"elementor-element elementor-element-6b34abf elementor-widget elementor-widget-wd_image_or_svg\" data-id=\"6b34abf\" data-element_type=\"widget\" data-widget_type=\"wd_image_or_svg.default\">\n\t\t\t\t<div class=\"elementor-widget-container\">\n\t\t\t\t\t\n\t\t<div class=\"wd-image text-left\">\n\t\t\t\t\t\t\t\t<img loading=\"lazy\" decoding=\"async\" width=\"790\" height=\"1072\" src=\"https:\/\/babyvk.com\/wp-content\/uploads\/2025\/03\/water-bottle-fits-in-cup-holder.jpg\" class=\"attachment-full size-full wvs-archive-product-image\" alt=\"water bottle fits in car cup holder\" srcset=\"https:\/\/babyvk.com\/wp-content\/uploads\/2025\/03\/water-bottle-fits-in-cup-holder.jpg 790w, https:\/\/babyvk.com\/wp-content\/uploads\/2025\/03\/water-bottle-fits-in-cup-holder-221x300.jpg 221w, https:\/\/babyvk.com\/wp-content\/uploads\/2025\/03\/water-bottle-fits-in-cup-holder-590x800.jpg 590w, https:\/\/babyvk.com\/wp-content\/uploads\/2025\/03\/water-bottle-fits-in-cup-holder-768x1042.jpg 768w, https:\/\/babyvk.com\/wp-content\/uploads\/2025\/03\/water-bottle-fits-in-cup-holder-430x583.jpg 430w, https:\/\/babyvk.com\/wp-content\/uploads\/2025\/03\/water-bottle-fits-in-cup-holder-700x950.jpg 700w, https:\/\/babyvk.com\/wp-content\/uploads\/2025\/03\/water-bottle-fits-in-cup-holder-100x136.jpg 100w\" sizes=\"(max-width: 790px) 100vw, 790px\" title=\"\">\t\t\t\t\t<\/div>\n\n\t\t\t\t\t\t<\/div>\n\t\t\t\t<\/div>\n\t\t\t\t<div class=\"elementor-element elementor-element-b8ad006 elementor-widget elementor-widget-wd_image_or_svg\" data-id=\"b8ad006\" data-element_type=\"widget\" data-widget_type=\"wd_image_or_svg.default\">\n\t\t\t\t<div class=\"elementor-widget-container\">\n\t\t\t\t\t\n\t\t<div class=\"wd-image text-left\">\n\t\t\t\t\t\t\t\t<img loading=\"lazy\" decoding=\"async\" width=\"790\" height=\"868\" src=\"https:\/\/babyvk.com\/wp-content\/uploads\/2025\/03\/water-bottle-with-handle.jpg\" class=\"attachment-full size-full wvs-archive-product-image\" alt=\"pink stanley cup\" srcset=\"https:\/\/babyvk.com\/wp-content\/uploads\/2025\/03\/water-bottle-with-handle.jpg 790w, https:\/\/babyvk.com\/wp-content\/uploads\/2025\/03\/water-bottle-with-handle-273x300.jpg 273w, https:\/\/babyvk.com\/wp-content\/uploads\/2025\/03\/water-bottle-with-handle-728x800.jpg 728w, https:\/\/babyvk.com\/wp-content\/uploads\/2025\/03\/water-bottle-with-handle-768x844.jpg 768w, https:\/\/babyvk.com\/wp-content\/uploads\/2025\/03\/water-bottle-with-handle-430x472.jpg 430w, https:\/\/babyvk.com\/wp-content\/uploads\/2025\/03\/water-bottle-with-handle-700x769.jpg 700w, https:\/\/babyvk.com\/wp-content\/uploads\/2025\/03\/water-bottle-with-handle-100x110.jpg 100w\" sizes=\"(max-width: 790px) 100vw, 790px\" title=\"\">\t\t\t\t\t<\/div>\n\n\t\t\t\t\t\t<\/div>\n\t\t\t\t<\/div>\n\t\t\t\t<div class=\"elementor-element elementor-element-2d62f95 color-scheme-inherit text-left elementor-widget elementor-widget-text-editor\" data-id=\"2d62f95\" data-element_type=\"widget\" data-widget_type=\"text-editor.default\">\n\t\t\t\t<div class=\"elementor-widget-container\">\n\t\t\t\t\t\t\t\t\t<p><strong>SPEZIFIKATION<\/strong><\/p><ul><li>Name: Wasserflasche, die in den Getr\u00e4nkehalter passt<\/li><li>Fassungsverm\u00f6gen: 1280ML<\/li><li>Gr\u00f6\u00dfe: 114*255MM<\/li><li>Farbe: Rosa\/lila\/gelb\/schwarz<\/li><li>Material: PC &amp;\u00a0<span style=\"font-family: Lato, Arial, Helvetica, sans-serif; font-size: 16px; font-style: normal; font-variant-ligatures: normal; font-variant-caps: normal; font-weight: 400;\">PP\u00a0<\/span>&amp;\u00a0<span style=\"font-family: Lato, Arial, Helvetica, sans-serif; font-size: 16px; font-style: normal; font-variant-ligatures: normal; font-variant-caps: normal; font-weight: 400;\">Silikongummi<\/span><\/li><\/ul>\t\t\t\t\t\t\t\t<\/div>\n\t\t\t\t<\/div>\n\t\t\t\t\t<\/div>\n\t\t<\/div>\n\t\t\t\t\t<\/div>\n\t\t<\/section>\n\t\t\t\t<\/div>","protected":false},"excerpt":{"rendered":"<p>SPEZIFIKATION Name: Wasserflasche, die in Getr\u00e4nkehalter passt Kapazit\u00e4t: 1280ML Gr\u00f6\u00dfe: 114*255MM Farbe: Rosa\/Lila\/Gelb\/Schwarz Material: PC &amp; PP &amp; Silikonkautschuk<\/p>","protected":false},"featured_media":22362,"comment_status":"open","ping_status":"closed","template":"","meta":{"_acf_changed":false},"product_brand":[],"product_cat":[508],"product_tag":[984,986,983,985,987],"class_list":{"0":"post-22353","1":"product","2":"type-product","3":"status-publish","4":"has-post-thumbnail","6":"product_cat-best-baby-feeding","7":"product_tag-cup-holder-compatible-for-travel","8":"product_tag-tumbler-fits-in-car-cup-holder","9":"product_tag-tumbler-with-handle-and-straw","10":"product_tag-tumblers-water-bottle-with-straw","11":"product_tag-water-bottle-fits-in-cup-holder","13":"first","14":"instock","15":"sale","16":"taxable","17":"shipping-taxable","18":"purchasable","19":"product-type-variable","20":"wvs-archive-product-wrapper"},"acf":[],"_links":{"self":[{"href":"https:\/\/babyvk.com\/de\/wp-json\/wp\/v2\/product\/22353","targetHints":{"allow":["GET"]}}],"collection":[{"href":"https:\/\/babyvk.com\/de\/wp-json\/wp\/v2\/product"}],"about":[{"href":"https:\/\/babyvk.com\/de\/wp-json\/wp\/v2\/types\/product"}],"replies":[{"embeddable":true,"href":"https:\/\/babyvk.com\/de\/wp-json\/wp\/v2\/comments?post=22353"}],"version-history":[{"count":0,"href":"https:\/\/babyvk.com\/de\/wp-json\/wp\/v2\/product\/22353\/revisions"}],"wp:featuredmedia":[{"embeddable":true,"href":"https:\/\/babyvk.com\/de\/wp-json\/wp\/v2\/media\/22362"}],"wp:attachment":[{"href":"https:\/\/babyvk.com\/de\/wp-json\/wp\/v2\/media?parent=22353"}],"wp:term":[{"taxonomy":"product_brand","embeddable":true,"href":"https:\/\/babyvk.com\/de\/wp-json\/wp\/v2\/product_brand?post=22353"},{"taxonomy":"product_cat","embeddable":true,"href":"https:\/\/babyvk.com\/de\/wp-json\/wp\/v2\/product_cat?post=22353"},{"taxonomy":"product_tag","embeddable":true,"href":"https:\/\/babyvk.com\/de\/wp-json\/wp\/v2\/product_tag?post=22353"}],"curies":[{"name":"wp","href":"https:\/\/api.w.org\/{rel}","templated":true}]}}