{"id":21223,"date":"2024-10-21T07:10:43","date_gmt":"2024-10-21T07:10:43","guid":{"rendered":"https:\/\/babyvk.com\/?post_type=product&#038;p=21223"},"modified":"2024-11-01T13:03:56","modified_gmt":"2024-11-01T13:03:56","slug":"baby-walking-harness","status":"publish","type":"product","link":"https:\/\/babyvk.com\/de\/product\/baby-walking-harness\/","title":{"rendered":"Baby-Gehgeschirr"},"content":{"rendered":"<div data-elementor-type=\"product-post\" data-elementor-id=\"21223\" class=\"elementor elementor-21223\" data-elementor-post-type=\"product\">\n\t\t\t\t\t\t<section class=\"wd-negative-gap elementor-section elementor-top-section elementor-element elementor-element-11d5cc5 elementor-section-boxed elementor-section-height-default elementor-section-height-default\" data-id=\"11d5cc5\" data-element_type=\"section\">\n\t\t\t\t\t\t<div class=\"elementor-container elementor-column-gap-default\">\n\t\t\t\t\t<div class=\"elementor-column elementor-col-100 elementor-top-column elementor-element elementor-element-b17770c\" data-id=\"b17770c\" data-element_type=\"column\">\n\t\t\t<div class=\"elementor-widget-wrap elementor-element-populated\">\n\t\t\t\t\t\t<div class=\"elementor-element elementor-element-52265ab color-scheme-inherit text-left elementor-widget elementor-widget-text-editor\" data-id=\"52265ab\" data-element_type=\"widget\" data-widget_type=\"text-editor.default\">\n\t\t\t\t<div class=\"elementor-widget-container\">\n\t\t\t\t\t\t\t\t\t<h2>Merkmale:<\/h2><ol><li><p><strong>Verabschieden Sie sich von R\u00fcckenschmerzen<\/strong>: Mit diesem Lauflerngurt k\u00f6nnen Sie Ihr Baby beim Laufen unterst\u00fctzen, ohne Ihren R\u00fccken zu belasten, was lange \u00dcbungseinheiten einfacher und bequemer macht.<\/p><\/li><li><p><strong>St\u00e4rkt das Selbstvertrauen<\/strong>: Es gibt Ihrem Baby das Gef\u00fchl, alleine zu laufen, st\u00e4rkt das Selbstvertrauen und mindert die Angst vor St\u00fcrzen, so dass es schneller selbstst\u00e4ndig laufen kann.<\/p><\/li><li><p><strong>Multifunktionales Design<\/strong>: Das verstellbare 4-in-1-Design passt sich dem Alter und der Laufphase Ihres Babys an und bietet Unterst\u00fctzung beim Anfahren, Stehen und Laufen mit oder ohne Schrittst\u00fctze.<\/p><\/li><li><p><strong>Einfach zu benutzen<\/strong>: Die verstellbaren Riemen erleichtern das An- und Ausziehen und sorgen f\u00fcr einen sicheren Sitz, Stabilit\u00e4t und Balance.<\/p><\/li><li><p><strong>Hochwertiges Material<\/strong>: Diese strapazierf\u00e4hige Lauflernhilfe aus atmungsaktiver Baumwolle und Mesh sorgt f\u00fcr einen sicheren, langlebigen Gebrauch ohne Risse oder Br\u00fcche.<\/p><\/li><\/ol>\t\t\t\t\t\t\t\t<\/div>\n\t\t\t\t<\/div>\n\t\t\t\t\t<\/div>\n\t\t<\/div>\n\t\t\t\t\t<\/div>\n\t\t<\/section>\n\t\t\t\t<section class=\"wd-negative-gap elementor-section elementor-top-section elementor-element elementor-element-59a4770 elementor-section-boxed elementor-section-height-default elementor-section-height-default\" data-id=\"59a4770\" data-element_type=\"section\">\n\t\t\t\t\t\t<div class=\"elementor-container elementor-column-gap-default\">\n\t\t\t\t\t<div class=\"elementor-column elementor-col-100 elementor-top-column elementor-element elementor-element-2a7b52f\" data-id=\"2a7b52f\" data-element_type=\"column\">\n\t\t\t<div class=\"elementor-widget-wrap elementor-element-populated\">\n\t\t\t\t\t\t<div class=\"elementor-element elementor-element-24c1bd3 elementor-widget elementor-widget-wd_image_or_svg\" data-id=\"24c1bd3\" data-element_type=\"widget\" data-widget_type=\"wd_image_or_svg.default\">\n\t\t\t\t<div class=\"elementor-widget-container\">\n\t\t\t\t\t\n\t\t<div class=\"wd-image text-left\">\n\t\t\t\t\t\t\t\t<img fetchpriority=\"high\" decoding=\"async\" width=\"790\" height=\"1402\" src=\"https:\/\/babyvk.com\/wp-content\/uploads\/2024\/10\/1-walkers-for-babies.webp\" class=\"attachment-full size-full wvs-archive-product-image\" alt=\"walking harness for toddlers\" srcset=\"https:\/\/babyvk.com\/wp-content\/uploads\/2024\/10\/1-walkers-for-babies.webp 790w, https:\/\/babyvk.com\/wp-content\/uploads\/2024\/10\/1-walkers-for-babies-169x300.webp 169w, https:\/\/babyvk.com\/wp-content\/uploads\/2024\/10\/1-walkers-for-babies-451x800.webp 451w, https:\/\/babyvk.com\/wp-content\/uploads\/2024\/10\/1-walkers-for-babies-768x1363.webp 768w, https:\/\/babyvk.com\/wp-content\/uploads\/2024\/10\/1-walkers-for-babies-430x763.webp 430w, https:\/\/babyvk.com\/wp-content\/uploads\/2024\/10\/1-walkers-for-babies-700x1242.webp 700w, https:\/\/babyvk.com\/wp-content\/uploads\/2024\/10\/1-walkers-for-babies-100x177.webp 100w\" sizes=\"(max-width: 790px) 100vw, 790px\" title=\"\">\t\t\t\t\t<\/div>\n\n\t\t\t\t\t\t<\/div>\n\t\t\t\t<\/div>\n\t\t\t\t<div class=\"elementor-element elementor-element-c7d29a6 elementor-widget elementor-widget-wd_image_or_svg\" data-id=\"c7d29a6\" data-element_type=\"widget\" data-widget_type=\"wd_image_or_svg.default\">\n\t\t\t\t<div class=\"elementor-widget-container\">\n\t\t\t\t\t\n\t\t<div class=\"wd-image text-left\">\n\t\t\t\t\t\t\t\t<img decoding=\"async\" width=\"790\" height=\"1082\" src=\"https:\/\/babyvk.com\/wp-content\/uploads\/2024\/10\/2-caminadora-para-bebe.webp\" class=\"attachment-full size-full wvs-archive-product-image\" alt=\"toys to help baby stand and walk\" srcset=\"https:\/\/babyvk.com\/wp-content\/uploads\/2024\/10\/2-caminadora-para-bebe.webp 790w, https:\/\/babyvk.com\/wp-content\/uploads\/2024\/10\/2-caminadora-para-bebe-219x300.webp 219w, https:\/\/babyvk.com\/wp-content\/uploads\/2024\/10\/2-caminadora-para-bebe-584x800.webp 584w, https:\/\/babyvk.com\/wp-content\/uploads\/2024\/10\/2-caminadora-para-bebe-768x1052.webp 768w, https:\/\/babyvk.com\/wp-content\/uploads\/2024\/10\/2-caminadora-para-bebe-430x589.webp 430w, https:\/\/babyvk.com\/wp-content\/uploads\/2024\/10\/2-caminadora-para-bebe-700x959.webp 700w, https:\/\/babyvk.com\/wp-content\/uploads\/2024\/10\/2-caminadora-para-bebe-100x137.webp 100w\" sizes=\"(max-width: 790px) 100vw, 790px\" title=\"\">\t\t\t\t\t<\/div>\n\n\t\t\t\t\t\t<\/div>\n\t\t\t\t<\/div>\n\t\t\t\t<div class=\"elementor-element elementor-element-eda349d elementor-widget elementor-widget-wd_image_or_svg\" data-id=\"eda349d\" data-element_type=\"widget\" data-widget_type=\"wd_image_or_svg.default\">\n\t\t\t\t<div class=\"elementor-widget-container\">\n\t\t\t\t\t\n\t\t<div class=\"wd-image text-left\">\n\t\t\t\t\t\t\t\t<img decoding=\"async\" width=\"790\" height=\"1783\" src=\"https:\/\/babyvk.com\/wp-content\/uploads\/2024\/10\/3-infant-walker.webp\" class=\"attachment-full size-full wvs-archive-product-image\" alt=\"help baby walk\" srcset=\"https:\/\/babyvk.com\/wp-content\/uploads\/2024\/10\/3-infant-walker.webp 790w, https:\/\/babyvk.com\/wp-content\/uploads\/2024\/10\/3-infant-walker-133x300.webp 133w, https:\/\/babyvk.com\/wp-content\/uploads\/2024\/10\/3-infant-walker-354x800.webp 354w, https:\/\/babyvk.com\/wp-content\/uploads\/2024\/10\/3-infant-walker-768x1733.webp 768w, https:\/\/babyvk.com\/wp-content\/uploads\/2024\/10\/3-infant-walker-681x1536.webp 681w, https:\/\/babyvk.com\/wp-content\/uploads\/2024\/10\/3-infant-walker-430x970.webp 430w, https:\/\/babyvk.com\/wp-content\/uploads\/2024\/10\/3-infant-walker-700x1580.webp 700w, https:\/\/babyvk.com\/wp-content\/uploads\/2024\/10\/3-infant-walker-100x226.webp 100w\" sizes=\"(max-width: 790px) 100vw, 790px\" title=\"\">\t\t\t\t\t<\/div>\n\n\t\t\t\t\t\t<\/div>\n\t\t\t\t<\/div>\n\t\t\t\t<div class=\"elementor-element elementor-element-70de066 elementor-widget elementor-widget-wd_image_or_svg\" data-id=\"70de066\" data-element_type=\"widget\" data-widget_type=\"wd_image_or_svg.default\">\n\t\t\t\t<div class=\"elementor-widget-container\">\n\t\t\t\t\t\n\t\t<div class=\"wd-image text-left\">\n\t\t\t\t\t\t\t\t<img loading=\"lazy\" decoding=\"async\" width=\"790\" height=\"1074\" src=\"https:\/\/babyvk.com\/wp-content\/uploads\/2024\/10\/4-baby-walking-toy.webp\" class=\"attachment-full size-full wvs-archive-product-image\" alt=\"toys to help baby stand\" srcset=\"https:\/\/babyvk.com\/wp-content\/uploads\/2024\/10\/4-baby-walking-toy.webp 790w, https:\/\/babyvk.com\/wp-content\/uploads\/2024\/10\/4-baby-walking-toy-221x300.webp 221w, https:\/\/babyvk.com\/wp-content\/uploads\/2024\/10\/4-baby-walking-toy-588x800.webp 588w, https:\/\/babyvk.com\/wp-content\/uploads\/2024\/10\/4-baby-walking-toy-768x1044.webp 768w, https:\/\/babyvk.com\/wp-content\/uploads\/2024\/10\/4-baby-walking-toy-430x585.webp 430w, https:\/\/babyvk.com\/wp-content\/uploads\/2024\/10\/4-baby-walking-toy-700x952.webp 700w, https:\/\/babyvk.com\/wp-content\/uploads\/2024\/10\/4-baby-walking-toy-100x136.webp 100w\" sizes=\"(max-width: 790px) 100vw, 790px\" title=\"\">\t\t\t\t\t<\/div>\n\n\t\t\t\t\t\t<\/div>\n\t\t\t\t<\/div>\n\t\t\t\t<div class=\"elementor-element elementor-element-6b77127 elementor-widget elementor-widget-wd_image_or_svg\" data-id=\"6b77127\" data-element_type=\"widget\" data-widget_type=\"wd_image_or_svg.default\">\n\t\t\t\t<div class=\"elementor-widget-container\">\n\t\t\t\t\t\n\t\t<div class=\"wd-image text-left\">\n\t\t\t\t\t\t\t\t<img loading=\"lazy\" decoding=\"async\" width=\"790\" height=\"894\" src=\"https:\/\/babyvk.com\/wp-content\/uploads\/2024\/10\/5-toddler-harness-with-leash.webp\" class=\"attachment-full size-full wvs-archive-product-image\" alt=\"learning walker\" srcset=\"https:\/\/babyvk.com\/wp-content\/uploads\/2024\/10\/5-toddler-harness-with-leash.webp 790w, https:\/\/babyvk.com\/wp-content\/uploads\/2024\/10\/5-toddler-harness-with-leash-265x300.webp 265w, https:\/\/babyvk.com\/wp-content\/uploads\/2024\/10\/5-toddler-harness-with-leash-707x800.webp 707w, https:\/\/babyvk.com\/wp-content\/uploads\/2024\/10\/5-toddler-harness-with-leash-768x869.webp 768w, https:\/\/babyvk.com\/wp-content\/uploads\/2024\/10\/5-toddler-harness-with-leash-430x487.webp 430w, https:\/\/babyvk.com\/wp-content\/uploads\/2024\/10\/5-toddler-harness-with-leash-700x792.webp 700w, https:\/\/babyvk.com\/wp-content\/uploads\/2024\/10\/5-toddler-harness-with-leash-100x113.webp 100w\" sizes=\"(max-width: 790px) 100vw, 790px\" title=\"\">\t\t\t\t\t<\/div>\n\n\t\t\t\t\t\t<\/div>\n\t\t\t\t<\/div>\n\t\t\t\t<div class=\"elementor-element elementor-element-2c06930 elementor-widget elementor-widget-wd_image_or_svg\" data-id=\"2c06930\" data-element_type=\"widget\" data-widget_type=\"wd_image_or_svg.default\">\n\t\t\t\t<div class=\"elementor-widget-container\">\n\t\t\t\t\t\n\t\t<div class=\"wd-image text-left\">\n\t\t\t\t\t\t\t\t<img loading=\"lazy\" decoding=\"async\" width=\"790\" height=\"1457\" src=\"https:\/\/babyvk.com\/wp-content\/uploads\/2024\/10\/6-baby-walking-harness.webp\" class=\"attachment-full size-full wvs-archive-product-image\" alt=\"baby crawling helper\" srcset=\"https:\/\/babyvk.com\/wp-content\/uploads\/2024\/10\/6-baby-walking-harness.webp 790w, https:\/\/babyvk.com\/wp-content\/uploads\/2024\/10\/6-baby-walking-harness-163x300.webp 163w, https:\/\/babyvk.com\/wp-content\/uploads\/2024\/10\/6-baby-walking-harness-434x800.webp 434w, https:\/\/babyvk.com\/wp-content\/uploads\/2024\/10\/6-baby-walking-harness-768x1416.webp 768w, https:\/\/babyvk.com\/wp-content\/uploads\/2024\/10\/6-baby-walking-harness-430x793.webp 430w, https:\/\/babyvk.com\/wp-content\/uploads\/2024\/10\/6-baby-walking-harness-700x1291.webp 700w, https:\/\/babyvk.com\/wp-content\/uploads\/2024\/10\/6-baby-walking-harness-100x184.webp 100w\" sizes=\"(max-width: 790px) 100vw, 790px\" title=\"\">\t\t\t\t\t<\/div>\n\n\t\t\t\t\t\t<\/div>\n\t\t\t\t<\/div>\n\t\t\t\t<div class=\"elementor-element elementor-element-91b3b25 elementor-widget elementor-widget-wd_image_or_svg\" data-id=\"91b3b25\" data-element_type=\"widget\" data-widget_type=\"wd_image_or_svg.default\">\n\t\t\t\t<div class=\"elementor-widget-container\">\n\t\t\t\t\t\n\t\t<div class=\"wd-image text-left\">\n\t\t\t\t\t\t\t\t<img loading=\"lazy\" decoding=\"async\" width=\"790\" height=\"1151\" src=\"https:\/\/babyvk.com\/wp-content\/uploads\/2024\/10\/7-toddler-walker.webp\" class=\"attachment-full size-full wvs-archive-product-image\" alt=\"baby walking toys\" srcset=\"https:\/\/babyvk.com\/wp-content\/uploads\/2024\/10\/7-toddler-walker.webp 790w, https:\/\/babyvk.com\/wp-content\/uploads\/2024\/10\/7-toddler-walker-206x300.webp 206w, https:\/\/babyvk.com\/wp-content\/uploads\/2024\/10\/7-toddler-walker-549x800.webp 549w, https:\/\/babyvk.com\/wp-content\/uploads\/2024\/10\/7-toddler-walker-768x1119.webp 768w, https:\/\/babyvk.com\/wp-content\/uploads\/2024\/10\/7-toddler-walker-430x626.webp 430w, https:\/\/babyvk.com\/wp-content\/uploads\/2024\/10\/7-toddler-walker-700x1020.webp 700w, https:\/\/babyvk.com\/wp-content\/uploads\/2024\/10\/7-toddler-walker-100x146.webp 100w\" sizes=\"(max-width: 790px) 100vw, 790px\" title=\"\">\t\t\t\t\t<\/div>\n\n\t\t\t\t\t\t<\/div>\n\t\t\t\t<\/div>\n\t\t\t\t<div class=\"elementor-element elementor-element-b2a0130 elementor-widget elementor-widget-wd_image_or_svg\" data-id=\"b2a0130\" data-element_type=\"widget\" data-widget_type=\"wd_image_or_svg.default\">\n\t\t\t\t<div class=\"elementor-widget-container\">\n\t\t\t\t\t\n\t\t<div class=\"wd-image text-left\">\n\t\t\t\t\t\t\t\t<img loading=\"lazy\" decoding=\"async\" width=\"790\" height=\"1193\" src=\"https:\/\/babyvk.com\/wp-content\/uploads\/2024\/10\/8-walking-toys-for-infants-6-12-months.webp\" class=\"attachment-full size-full wvs-archive-product-image\" alt=\"toddler walking toy\" srcset=\"https:\/\/babyvk.com\/wp-content\/uploads\/2024\/10\/8-walking-toys-for-infants-6-12-months.webp 790w, https:\/\/babyvk.com\/wp-content\/uploads\/2024\/10\/8-walking-toys-for-infants-6-12-months-199x300.webp 199w, https:\/\/babyvk.com\/wp-content\/uploads\/2024\/10\/8-walking-toys-for-infants-6-12-months-530x800.webp 530w, https:\/\/babyvk.com\/wp-content\/uploads\/2024\/10\/8-walking-toys-for-infants-6-12-months-768x1160.webp 768w, https:\/\/babyvk.com\/wp-content\/uploads\/2024\/10\/8-walking-toys-for-infants-6-12-months-430x649.webp 430w, https:\/\/babyvk.com\/wp-content\/uploads\/2024\/10\/8-walking-toys-for-infants-6-12-months-700x1057.webp 700w, https:\/\/babyvk.com\/wp-content\/uploads\/2024\/10\/8-walking-toys-for-infants-6-12-months-100x151.webp 100w\" sizes=\"(max-width: 790px) 100vw, 790px\" title=\"\">\t\t\t\t\t<\/div>\n\n\t\t\t\t\t\t<\/div>\n\t\t\t\t<\/div>\n\t\t\t\t<div class=\"elementor-element elementor-element-a5ebd22 elementor-widget elementor-widget-wd_image_or_svg\" data-id=\"a5ebd22\" data-element_type=\"widget\" data-widget_type=\"wd_image_or_svg.default\">\n\t\t\t\t<div class=\"elementor-widget-container\">\n\t\t\t\t\t\n\t\t<div class=\"wd-image text-left\">\n\t\t\t\t\t\t\t\t<img loading=\"lazy\" decoding=\"async\" width=\"790\" height=\"1260\" src=\"https:\/\/babyvk.com\/wp-content\/uploads\/2024\/10\/9-toddler-harness.webp\" class=\"attachment-full size-full wvs-archive-product-image\" alt=\"toddler walker push toy\" srcset=\"https:\/\/babyvk.com\/wp-content\/uploads\/2024\/10\/9-toddler-harness.webp 790w, https:\/\/babyvk.com\/wp-content\/uploads\/2024\/10\/9-toddler-harness-188x300.webp 188w, https:\/\/babyvk.com\/wp-content\/uploads\/2024\/10\/9-toddler-harness-502x800.webp 502w, https:\/\/babyvk.com\/wp-content\/uploads\/2024\/10\/9-toddler-harness-768x1225.webp 768w, https:\/\/babyvk.com\/wp-content\/uploads\/2024\/10\/9-toddler-harness-430x686.webp 430w, https:\/\/babyvk.com\/wp-content\/uploads\/2024\/10\/9-toddler-harness-700x1116.webp 700w, https:\/\/babyvk.com\/wp-content\/uploads\/2024\/10\/9-toddler-harness-100x159.webp 100w\" sizes=\"(max-width: 790px) 100vw, 790px\" title=\"\">\t\t\t\t\t<\/div>\n\n\t\t\t\t\t\t<\/div>\n\t\t\t\t<\/div>\n\t\t\t\t\t<\/div>\n\t\t<\/div>\n\t\t\t\t\t<\/div>\n\t\t<\/section>\n\t\t\t\t<\/div>","protected":false},"excerpt":{"rendered":"<p>Features: Say Goodbye to Backaches: This walking harness lets you assist your baby\u2019s walking without straining your back, making long<\/p>","protected":false},"featured_media":21366,"comment_status":"open","ping_status":"closed","template":"","meta":{"_acf_changed":false},"product_brand":[],"product_cat":[29],"product_tag":[934,935,937,938,936],"class_list":{"0":"post-21223","1":"product","2":"type-product","3":"status-publish","4":"has-post-thumbnail","6":"product_cat-best-baby-care","7":"product_tag-baby-walking-harness","8":"product_tag-baby-walking-helper","9":"product_tag-handheld-kids-walker-helper","10":"product_tag-toddler-infant-walker-harness-assistant-belt","11":"product_tag-toddler-walking-harness","13":"first","14":"instock","15":"sale","16":"taxable","17":"shipping-taxable","18":"purchasable","19":"product-type-variable","20":"wvs-archive-product-wrapper"},"acf":[],"_links":{"self":[{"href":"https:\/\/babyvk.com\/de\/wp-json\/wp\/v2\/product\/21223","targetHints":{"allow":["GET"]}}],"collection":[{"href":"https:\/\/babyvk.com\/de\/wp-json\/wp\/v2\/product"}],"about":[{"href":"https:\/\/babyvk.com\/de\/wp-json\/wp\/v2\/types\/product"}],"replies":[{"embeddable":true,"href":"https:\/\/babyvk.com\/de\/wp-json\/wp\/v2\/comments?post=21223"}],"version-history":[{"count":0,"href":"https:\/\/babyvk.com\/de\/wp-json\/wp\/v2\/product\/21223\/revisions"}],"wp:featuredmedia":[{"embeddable":true,"href":"https:\/\/babyvk.com\/de\/wp-json\/wp\/v2\/media\/21366"}],"wp:attachment":[{"href":"https:\/\/babyvk.com\/de\/wp-json\/wp\/v2\/media?parent=21223"}],"wp:term":[{"taxonomy":"product_brand","embeddable":true,"href":"https:\/\/babyvk.com\/de\/wp-json\/wp\/v2\/product_brand?post=21223"},{"taxonomy":"product_cat","embeddable":true,"href":"https:\/\/babyvk.com\/de\/wp-json\/wp\/v2\/product_cat?post=21223"},{"taxonomy":"product_tag","embeddable":true,"href":"https:\/\/babyvk.com\/de\/wp-json\/wp\/v2\/product_tag?post=21223"}],"curies":[{"name":"wp","href":"https:\/\/api.w.org\/{rel}","templated":true}]}}