{"id":21191,"date":"2024-10-18T07:44:48","date_gmt":"2024-10-18T07:44:48","guid":{"rendered":"https:\/\/babyvk.com\/?post_type=product&#038;p=21191"},"modified":"2025-06-22T03:32:06","modified_gmt":"2025-06-22T03:32:06","slug":"baby-formula-container-to-go","status":"publish","type":"product","link":"https:\/\/babyvk.com\/de\/product\/baby-formula-container-to-go\/","title":{"rendered":"Baby-Nahrungsbeh\u00e4lter zum Mitnehmen"},"content":{"rendered":"<div data-elementor-type=\"product-post\" data-elementor-id=\"21191\" class=\"elementor elementor-21191\" data-elementor-post-type=\"product\">\n\t\t\t\t\t\t<section class=\"wd-negative-gap elementor-section elementor-top-section elementor-element elementor-element-c5909ca elementor-section-boxed elementor-section-height-default elementor-section-height-default\" data-id=\"c5909ca\" data-element_type=\"section\">\n\t\t\t\t\t\t<div class=\"elementor-container elementor-column-gap-default\">\n\t\t\t\t\t<div class=\"elementor-column elementor-col-100 elementor-top-column elementor-element elementor-element-e60aa3f\" data-id=\"e60aa3f\" data-element_type=\"column\">\n\t\t\t<div class=\"elementor-widget-wrap elementor-element-populated\">\n\t\t\t\t\t\t<div class=\"elementor-element elementor-element-cb800c9 color-scheme-inherit text-left elementor-widget elementor-widget-text-editor\" data-id=\"cb800c9\" data-element_type=\"widget\" data-widget_type=\"text-editor.default\">\n\t\t\t\t<div class=\"elementor-widget-container\">\n\t\t\t\t\t\t\t\t\t<h2>Merkmale:<\/h2><ol class=\"a-unordered-list a-vertical a-spacing-mini\"><li class=\"a-spacing-mini\"><span class=\"a-list-item\">Enth\u00e4lt 4-Schicht-Babynahrungsvorratsbeh\u00e4lter mit ausreichender Kapazit\u00e4t f\u00fcr Ihre Nutzungsbed\u00fcrfnisse.Jede Schicht kann etwa 35-40g halten.Jede Packung Formel Spender Container mit Aktivit\u00e4ten 4-Schicht, die etwa 175-200g halten kann.<\/span><\/li><li class=\"a-spacing-mini\"><span class=\"a-list-item\">Dieses Baby Milchpulver Box Ma\u00dfnahmen 7,5cm x 22cm.(2,95 x 8,85inch), kompakt und tragbar, ideal f\u00fcr Babysitting, Tagespflege, zu Hause und unterwegs.Premium-Qualit\u00e4t BPA frei PP Material, sp\u00fclmaschinenfest.Geeignet f\u00fcr:0-6 Jahre.<\/span><\/li><li class=\"a-spacing-mini\"><span class=\"a-list-item\">Dank des gro\u00dfz\u00fcgigen Stauraums kann der Spender nicht nur f\u00fcr Milchpulver, sondern auch f\u00fcr Obst, Babysnacks, feste Babynahrung und Zubeh\u00f6r wie Schnuller, Nippelschilder und Flaschensauger verwendet werden.<\/span><\/li><li class=\"a-spacing-mini\"><span class=\"a-list-item\">Die F\u00e4cher und der Deckel sind leicht zu trennen und k\u00f6nnen nach Gebrauch gereinigt werden. Die schmale Grundfl\u00e4che erm\u00f6glicht eine einfache Aufbewahrung in Kindergartentaschen und Flaschen- und Kaffeetassen-\/Getr\u00e4nkehaltern.<\/span><\/li><li class=\"a-spacing-mini\"><span class=\"a-list-item\">Die 4 F\u00e4cher dieses Milchpulverspenders k\u00f6nnen in unterschiedlicher Reihenfolge und in beliebiger Anzahl kombiniert werden, und jede Schicht kann auch herausgenommen und unabh\u00e4ngig voneinander verwendet werden.<\/span><\/li><\/ol>\t\t\t\t\t\t\t\t<\/div>\n\t\t\t\t<\/div>\n\t\t\t\t\t<\/div>\n\t\t<\/div>\n\t\t\t\t\t<\/div>\n\t\t<\/section>\n\t\t\t\t<section class=\"wd-negative-gap elementor-section elementor-top-section elementor-element elementor-element-4e45fc1 elementor-section-boxed elementor-section-height-default elementor-section-height-default\" data-id=\"4e45fc1\" data-element_type=\"section\">\n\t\t\t\t\t\t<div class=\"elementor-container elementor-column-gap-default\">\n\t\t\t\t\t<div class=\"elementor-column elementor-col-100 elementor-top-column elementor-element elementor-element-48a53b7\" data-id=\"48a53b7\" data-element_type=\"column\">\n\t\t\t<div class=\"elementor-widget-wrap elementor-element-populated\">\n\t\t\t\t\t\t<div class=\"elementor-element elementor-element-6da4a00 color-scheme-inherit text-left elementor-widget elementor-widget-text-editor\" data-id=\"6da4a00\" data-element_type=\"widget\" data-widget_type=\"text-editor.default\">\n\t\t\t\t<div class=\"elementor-widget-container\">\n\t\t\t\t\t\t\t\t\t<h2>Spezifikationen:<\/h2><ul><li>Gr\u00f6\u00dfe: 7,5 cm x 22 cm (2,95 x 8,85 Zoll).<\/li><li>Packung: 1 Packung (4 Lagen).<\/li><li>Kapazit\u00e4t: Jede Schicht kann ca. 35-40g.Each Pack of Formula Dispenser Container mit Aktivit\u00e4ten 4-Schicht, die ca. 175-200g halten kann.<\/li><\/ul>\t\t\t\t\t\t\t\t<\/div>\n\t\t\t\t<\/div>\n\t\t\t\t\t<\/div>\n\t\t<\/div>\n\t\t\t\t\t<\/div>\n\t\t<\/section>\n\t\t\t\t<section class=\"wd-negative-gap elementor-section elementor-top-section elementor-element elementor-element-b66fc99 elementor-section-boxed elementor-section-height-default elementor-section-height-default\" data-id=\"b66fc99\" data-element_type=\"section\">\n\t\t\t\t\t\t<div class=\"elementor-container elementor-column-gap-default\">\n\t\t\t\t\t<div class=\"elementor-column elementor-col-100 elementor-top-column elementor-element elementor-element-55a75f9\" data-id=\"55a75f9\" data-element_type=\"column\">\n\t\t\t<div class=\"elementor-widget-wrap elementor-element-populated\">\n\t\t\t\t\t\t<div class=\"elementor-element elementor-element-e697049 color-scheme-inherit text-left elementor-widget elementor-widget-text-editor\" data-id=\"e697049\" data-element_type=\"widget\" data-widget_type=\"text-editor.default\">\n\t\t\t\t<div class=\"elementor-widget-container\">\n\t\t\t\t\t\t\t\t\t<h2>Anmerkung:<\/h2><ol><li>Die Farbe auf dem Foto kann aufgrund von Beleuchtung und unterschiedlichen Bildschirmen leicht variieren.<\/li><li>Bitte erlauben Sie 1-3 cm Abweichung aufgrund der manuellen Messung.<\/li><\/ol>\t\t\t\t\t\t\t\t<\/div>\n\t\t\t\t<\/div>\n\t\t\t\t\t<\/div>\n\t\t<\/div>\n\t\t\t\t\t<\/div>\n\t\t<\/section>\n\t\t\t\t<\/div>","protected":false},"excerpt":{"rendered":"<p>Features: Includes 4-Layer Baby Food Storage Containers With Enough Capacity For Your Usage Needs.Each Layer Can Hold About 35-40g.Each Pack<\/p>","protected":false},"featured_media":21186,"comment_status":"open","ping_status":"closed","template":"","meta":{"_acf_changed":false},"product_brand":[],"product_cat":[508],"product_tag":[856,854,932,931,855,933],"class_list":{"0":"post-21191","1":"product","2":"type-product","3":"status-publish","4":"has-post-thumbnail","6":"product_cat-best-baby-feeding","7":"product_tag-baby-formula-container","8":"product_tag-baby-formula-dispenser","9":"product_tag-baby-snack-containers","10":"product_tag-formula-container-to-go","11":"product_tag-formula-dispenser-on-the-go","12":"product_tag-travel-formula-container","14":"first","15":"instock","16":"sale","17":"taxable","18":"shipping-taxable","19":"purchasable","20":"product-type-variable","21":"wvs-archive-product-wrapper"},"acf":[],"_links":{"self":[{"href":"https:\/\/babyvk.com\/de\/wp-json\/wp\/v2\/product\/21191","targetHints":{"allow":["GET"]}}],"collection":[{"href":"https:\/\/babyvk.com\/de\/wp-json\/wp\/v2\/product"}],"about":[{"href":"https:\/\/babyvk.com\/de\/wp-json\/wp\/v2\/types\/product"}],"replies":[{"embeddable":true,"href":"https:\/\/babyvk.com\/de\/wp-json\/wp\/v2\/comments?post=21191"}],"version-history":[{"count":1,"href":"https:\/\/babyvk.com\/de\/wp-json\/wp\/v2\/product\/21191\/revisions"}],"predecessor-version":[{"id":24852,"href":"https:\/\/babyvk.com\/de\/wp-json\/wp\/v2\/product\/21191\/revisions\/24852"}],"wp:featuredmedia":[{"embeddable":true,"href":"https:\/\/babyvk.com\/de\/wp-json\/wp\/v2\/media\/21186"}],"wp:attachment":[{"href":"https:\/\/babyvk.com\/de\/wp-json\/wp\/v2\/media?parent=21191"}],"wp:term":[{"taxonomy":"product_brand","embeddable":true,"href":"https:\/\/babyvk.com\/de\/wp-json\/wp\/v2\/product_brand?post=21191"},{"taxonomy":"product_cat","embeddable":true,"href":"https:\/\/babyvk.com\/de\/wp-json\/wp\/v2\/product_cat?post=21191"},{"taxonomy":"product_tag","embeddable":true,"href":"https:\/\/babyvk.com\/de\/wp-json\/wp\/v2\/product_tag?post=21191"}],"curies":[{"name":"wp","href":"https:\/\/api.w.org\/{rel}","templated":true}]}}