{"id":20978,"date":"2024-09-12T13:34:08","date_gmt":"2024-09-12T13:34:08","guid":{"rendered":"https:\/\/babyvk.com\/?post_type=product&#038;p=20978"},"modified":"2026-01-14T02:07:24","modified_gmt":"2026-01-14T02:07:24","slug":"glass-baby-bottle-4-2oz-120ml","status":"publish","type":"product","link":"https:\/\/babyvk.com\/de\/product\/glass-baby-bottle-4-2oz-120ml\/","title":{"rendered":"Glas-Babyflasche 4.2oz\/120ml"},"content":{"rendered":"<div data-elementor-type=\"product-post\" data-elementor-id=\"20978\" class=\"elementor elementor-20978\" data-elementor-post-type=\"product\">\n\t\t\t\t\t\t<section class=\"wd-negative-gap elementor-section elementor-top-section elementor-element elementor-element-d28830b elementor-section-boxed elementor-section-height-default elementor-section-height-default\" data-id=\"d28830b\" data-element_type=\"section\">\n\t\t\t\t\t\t<div class=\"elementor-container elementor-column-gap-default\">\n\t\t\t\t\t<div class=\"elementor-column elementor-col-100 elementor-top-column elementor-element elementor-element-edeb7da\" data-id=\"edeb7da\" data-element_type=\"column\">\n\t\t\t<div class=\"elementor-widget-wrap elementor-element-populated\">\n\t\t\t\t\t\t<div class=\"elementor-element elementor-element-238cafe color-scheme-inherit text-left elementor-widget elementor-widget-text-editor\" data-id=\"238cafe\" data-element_type=\"widget\" data-widget_type=\"text-editor.default\">\n\t\t\t\t<div class=\"elementor-widget-container\">\n\t\t\t\t\t\t\t\t\t<p>Machen Sie die F\u00fctterungszeit einfacher und sicherer mit unserer Glas-Babyflasche (1,20 ml)! Sie ist vielseitig einsetzbar und wird mit einem L\u00f6ffel und einem Sauger f\u00fcr verschiedene F\u00fctterungsphasen sowie einer niedlichen Schutzh\u00fclle in Form einer Kuh geliefert, um Br\u00fcche zu vermeiden. Keine Sorgen mehr, einfach fr\u00f6hliches F\u00fcttern! \ud83c\udf7c\ud83d\udc04\u2728<\/p>\t\t\t\t\t\t\t\t<\/div>\n\t\t\t\t<\/div>\n\t\t\t\t\t<\/div>\n\t\t<\/div>\n\t\t\t\t\t<\/div>\n\t\t<\/section>\n\t\t\t\t<section class=\"wd-negative-gap elementor-section elementor-top-section elementor-element elementor-element-d931356 elementor-section-boxed elementor-section-height-default elementor-section-height-default\" data-id=\"d931356\" data-element_type=\"section\">\n\t\t\t\t\t\t<div class=\"elementor-container elementor-column-gap-default\">\n\t\t\t\t\t<div class=\"elementor-column elementor-col-100 elementor-top-column elementor-element elementor-element-fb1f4c4\" data-id=\"fb1f4c4\" data-element_type=\"column\">\n\t\t\t<div class=\"elementor-widget-wrap elementor-element-populated\">\n\t\t\t\t\t\t<div class=\"elementor-element elementor-element-bd66e22 color-scheme-inherit text-left elementor-widget elementor-widget-text-editor\" data-id=\"bd66e22\" data-element_type=\"widget\" data-widget_type=\"text-editor.default\">\n\t\t\t\t<div class=\"elementor-widget-container\">\n\t\t\t\t\t\t\t\t\t<p><strong> Merkmale:<\/strong><\/p>\n<ol>\n<li>Zwei F\u00fctterungsmodi: Wechseln Sie zwischen dem weichen L\u00f6ffel f\u00fcr weiches P\u00fcree und dem Nippel f\u00fcr Milch oder Wasser.<\/li>\n<li>Niedlich und sch\u00fctzend: Die niedliche kuhf\u00f6rmige Flaschenh\u00fclle sch\u00fctzt das Glas vor versehentlichem Fallenlassen und St\u00f6\u00dfen.<\/li>\n<li>Hitzebest\u00e4ndiges Glas: Hergestellt aus hochwertigem, BPA-freiem Glas, das hitzebest\u00e4ndig ist und die Hygiene bewahrt.<\/li>\n<li>Leicht zu reinigen: Im Lieferumfang ist eine kostenlose Flaschenb\u00fcrste f\u00fcr eine problemlose Reinigung enthalten.<\/li>\n<li>Umweltfreundlich: Verabschieden Sie sich von Plastikflaschen - unsere Glasvariante ist nachhaltig und sicherer f\u00fcr Ihr Baby!<\/li>\n<\/ol>\t\t\t\t\t\t\t\t<\/div>\n\t\t\t\t<\/div>\n\t\t\t\t\t<\/div>\n\t\t<\/div>\n\t\t\t\t\t<\/div>\n\t\t<\/section>\n\t\t\t\t<section class=\"wd-negative-gap elementor-section elementor-top-section elementor-element elementor-element-aa210ef elementor-section-boxed elementor-section-height-default elementor-section-height-default\" data-id=\"aa210ef\" data-element_type=\"section\">\n\t\t\t\t\t\t<div class=\"elementor-container elementor-column-gap-default\">\n\t\t\t\t\t<div class=\"elementor-column elementor-col-100 elementor-top-column elementor-element elementor-element-fac37e5\" data-id=\"fac37e5\" data-element_type=\"column\">\n\t\t\t<div class=\"elementor-widget-wrap elementor-element-populated\">\n\t\t\t\t\t\t<div class=\"elementor-element elementor-element-2c2b8b9 color-scheme-inherit text-left elementor-widget elementor-widget-text-editor\" data-id=\"2c2b8b9\" data-element_type=\"widget\" data-widget_type=\"text-editor.default\">\n\t\t\t\t<div class=\"elementor-widget-container\">\n\t\t\t\t\t\t\t\t\t<p><strong>Spezifikationen:<\/strong><\/p><ul><li>Produktname: Glas-Babyflasche (4.2oz\/120ml)<\/li><li>Material: BPA-freies Glas, Silikon, PP<\/li><li>Fassungsverm\u00f6gen: 120ml\/4.2oz<\/li><li>Enth\u00e4lt: L\u00f6ffel und Saugeraufs\u00e4tze, Schutzh\u00fclle in Kuhform<\/li><li>Altersbereich: 0-8 Monate<\/li><\/ul>\t\t\t\t\t\t\t\t<\/div>\n\t\t\t\t<\/div>\n\t\t\t\t\t<\/div>\n\t\t<\/div>\n\t\t\t\t\t<\/div>\n\t\t<\/section>\n\t\t\t\t<section class=\"wd-negative-gap elementor-section elementor-top-section elementor-element elementor-element-fa1cd56 elementor-section-boxed elementor-section-height-default elementor-section-height-default\" data-id=\"fa1cd56\" data-element_type=\"section\">\n\t\t\t\t\t\t<div class=\"elementor-container elementor-column-gap-default\">\n\t\t\t\t\t<div class=\"elementor-column elementor-col-100 elementor-top-column elementor-element elementor-element-449fc6b\" data-id=\"449fc6b\" data-element_type=\"column\">\n\t\t\t<div class=\"elementor-widget-wrap elementor-element-populated\">\n\t\t\t\t\t\t<div class=\"elementor-element elementor-element-ec44419 color-scheme-inherit text-left elementor-widget elementor-widget-text-editor\" data-id=\"ec44419\" data-element_type=\"widget\" data-widget_type=\"text-editor.default\">\n\t\t\t\t<div class=\"elementor-widget-container\">\n\t\t\t\t\t\t\t\t\t<p><strong>Paket:<\/strong><\/p><ul><li>1 Glas-Babyflasche (120ml\/4.2oz)<\/li><li>1 L\u00f6ffelaufsatz<\/li><li>1 Nippelaufsatz<\/li><li>1 kuhf\u00f6rmige Schutzh\u00fclle<\/li><li>1 Flaschenreinigungsb\u00fcrste<\/li><\/ul>\t\t\t\t\t\t\t\t<\/div>\n\t\t\t\t<\/div>\n\t\t\t\t\t<\/div>\n\t\t<\/div>\n\t\t\t\t\t<\/div>\n\t\t<\/section>\n\t\t\t\t<\/div>","protected":false},"excerpt":{"rendered":"<p>\"Langlebiges Glas, bezauberndes Design! F\u00fcttern Sie Ihr Baby vertrauensvoll mit unserer Glas-Babyflasche mit Kuhmotiv (4,2 oz). Kaufen Sie sie jetzt!\"<\/p>","protected":false},"featured_media":20983,"comment_status":"open","ping_status":"closed","template":"","meta":{"_acf_changed":false},"product_brand":[],"product_cat":[508],"product_tag":[923,924,922,925,921],"class_list":{"0":"post-20978","1":"product","2":"type-product","3":"status-publish","4":"has-post-thumbnail","6":"product_cat-best-baby-feeding","7":"product_tag-anti-colic-baby-bottles","8":"product_tag-bottles-for-breastfeeding-babies","9":"product_tag-bottles-for-newborn-babies","10":"product_tag-breastfed-baby-bottles","11":"product_tag-glass-baby-bottles","13":"first","14":"outofstock","15":"sale","16":"taxable","17":"shipping-taxable","18":"purchasable","19":"product-type-variable","20":"wvs-archive-product-wrapper"},"acf":[],"_links":{"self":[{"href":"https:\/\/babyvk.com\/de\/wp-json\/wp\/v2\/product\/20978","targetHints":{"allow":["GET"]}}],"collection":[{"href":"https:\/\/babyvk.com\/de\/wp-json\/wp\/v2\/product"}],"about":[{"href":"https:\/\/babyvk.com\/de\/wp-json\/wp\/v2\/types\/product"}],"replies":[{"embeddable":true,"href":"https:\/\/babyvk.com\/de\/wp-json\/wp\/v2\/comments?post=20978"}],"version-history":[{"count":0,"href":"https:\/\/babyvk.com\/de\/wp-json\/wp\/v2\/product\/20978\/revisions"}],"wp:featuredmedia":[{"embeddable":true,"href":"https:\/\/babyvk.com\/de\/wp-json\/wp\/v2\/media\/20983"}],"wp:attachment":[{"href":"https:\/\/babyvk.com\/de\/wp-json\/wp\/v2\/media?parent=20978"}],"wp:term":[{"taxonomy":"product_brand","embeddable":true,"href":"https:\/\/babyvk.com\/de\/wp-json\/wp\/v2\/product_brand?post=20978"},{"taxonomy":"product_cat","embeddable":true,"href":"https:\/\/babyvk.com\/de\/wp-json\/wp\/v2\/product_cat?post=20978"},{"taxonomy":"product_tag","embeddable":true,"href":"https:\/\/babyvk.com\/de\/wp-json\/wp\/v2\/product_tag?post=20978"}],"curies":[{"name":"wp","href":"https:\/\/api.w.org\/{rel}","templated":true}]}}