{"id":20502,"date":"2024-07-06T05:56:44","date_gmt":"2024-07-06T05:56:44","guid":{"rendered":"https:\/\/babyvk.com\/?post_type=product&#038;p=20502"},"modified":"2025-07-12T17:53:56","modified_gmt":"2025-07-12T17:53:56","slug":"silicone-baby-tongue-cleaner-brush","status":"publish","type":"product","link":"https:\/\/babyvk.com\/de\/product\/silicone-baby-tongue-cleaner-brush\/","title":{"rendered":"Silikon-Baby-Zungenreiniger-B\u00fcrste"},"content":{"rendered":"<div data-elementor-type=\"product-post\" data-elementor-id=\"20502\" class=\"elementor elementor-20502\" data-elementor-post-type=\"product\">\n\t\t\t\t\t\t<section class=\"wd-negative-gap elementor-section elementor-top-section elementor-element elementor-element-e3950fb elementor-section-boxed elementor-section-height-default elementor-section-height-default\" data-id=\"e3950fb\" data-element_type=\"section\">\n\t\t\t\t\t\t<div class=\"elementor-container elementor-column-gap-default\">\n\t\t\t\t\t<div class=\"elementor-column elementor-col-100 elementor-top-column elementor-element elementor-element-3eccc75\" data-id=\"3eccc75\" data-element_type=\"column\">\n\t\t\t<div class=\"elementor-widget-wrap elementor-element-populated\">\n\t\t\t\t\t\t<div class=\"elementor-element elementor-element-066e16c color-scheme-inherit text-left elementor-widget elementor-widget-text-editor\" data-id=\"066e16c\" data-element_type=\"widget\" data-widget_type=\"text-editor.default\">\n\t\t\t\t<div class=\"elementor-widget-container\">\n\t\t\t\t\t\t\t\t\t<h2>Merkmale:<\/h2><ol><li>Hochtemperaturbest\u00e4ndiges Silikonmaterial wird bevorzugt, sicher und umweltfreundlich, geruchlos, BPA-frei<\/li><li>Markieren Sie die Mundsp\u00fclung in Sekundenschnelle, um eine Kreuzinfektion abzuwehren<\/li><li>Lagerung von 360 Grad staubdicht, sauber und hygienisch<\/li><li>9 Schichten von zwei Seiten aus Silikon, Massage w\u00e4hrend der Reinigung, effektiv reinigen die R\u00fcckst\u00e4nde zwischen der Zunge Schicht und die L\u00fccke zwischen den Z\u00e4hnen<\/li><li>Der Kopf b\u00fcrstet sanft ohne harten Kern, weiche Behandlung sauber, ohne das Zahnfleisch zu verletzen<\/li><li>Sicherheitsleine zur Verhinderung eines zu tiefen Einstiegs<\/li><li>Unscharfe Ber\u00fchrung, leichter zu halten, um unbeabsichtigte Verletzungen im Mund des Babys zu vermeiden<\/li><\/ol>\t\t\t\t\t\t\t\t<\/div>\n\t\t\t\t<\/div>\n\t\t\t\t\t<\/div>\n\t\t<\/div>\n\t\t\t\t\t<\/div>\n\t\t<\/section>\n\t\t\t\t<section class=\"wd-negative-gap elementor-section elementor-top-section elementor-element elementor-element-7b02580 elementor-section-boxed elementor-section-height-default elementor-section-height-default\" data-id=\"7b02580\" data-element_type=\"section\">\n\t\t\t\t\t\t<div class=\"elementor-container elementor-column-gap-default\">\n\t\t\t\t\t<div class=\"elementor-column elementor-col-100 elementor-top-column elementor-element elementor-element-8c4dd58\" data-id=\"8c4dd58\" data-element_type=\"column\">\n\t\t\t<div class=\"elementor-widget-wrap elementor-element-populated\">\n\t\t\t\t\t\t<div class=\"elementor-element elementor-element-f195c1d color-scheme-inherit text-left elementor-widget elementor-widget-text-editor\" data-id=\"f195c1d\" data-element_type=\"widget\" data-widget_type=\"text-editor.default\">\n\t\t\t\t<div class=\"elementor-widget-container\">\n\t\t\t\t\t\t\t\t\t<h2>Wie zu verwenden:<\/h2><ol><li>Testen Sie 2 Tropfen Sesam\u00f6l in warmem Wasser, leichtem Salzwasser oder klarem Wasser mit 40 Grad Celsius, tauchen Sie ein wenig mit einem Pinsel<\/li><li>Zahn und Zahnfleisch schonen Zahnfleisch sanft von oben nach unten und den Milchfleck sanft vom Zungengrund zur Zungenspitze b\u00fcrsten<\/li><li>Sp\u00fclen Sie die Kopfb\u00fcrste in<\/li><li>Wiederholen Sie den Vorgang 3-5 Mal, um die Mundreinigung abzuschlie\u00dfen.<\/li><\/ol>\t\t\t\t\t\t\t\t<\/div>\n\t\t\t\t<\/div>\n\t\t\t\t\t<\/div>\n\t\t<\/div>\n\t\t\t\t\t<\/div>\n\t\t<\/section>\n\t\t\t\t<section class=\"wd-negative-gap elementor-section elementor-top-section elementor-element elementor-element-49e74d8 elementor-section-boxed elementor-section-height-default elementor-section-height-default\" data-id=\"49e74d8\" data-element_type=\"section\">\n\t\t\t\t\t\t<div class=\"elementor-container elementor-column-gap-default\">\n\t\t\t\t\t<div class=\"elementor-column elementor-col-100 elementor-top-column elementor-element elementor-element-66d3164\" data-id=\"66d3164\" data-element_type=\"column\">\n\t\t\t<div class=\"elementor-widget-wrap elementor-element-populated\">\n\t\t\t\t\t\t<div class=\"elementor-element elementor-element-3bb2b32 color-scheme-inherit text-left elementor-widget elementor-widget-text-editor\" data-id=\"3bb2b32\" data-element_type=\"widget\" data-widget_type=\"text-editor.default\">\n\t\t\t\t<div class=\"elementor-widget-container\">\n\t\t\t\t\t\t\t\t\t<h2>Spezifikationen:<\/h2><ul><li>Farbe: Nano Brown<\/li><li>Material: Lebensmittelgeeignetes Silikon<\/li><li>Runde Scheibe Durchmesser: 13mm<\/li><li>Gesamtl\u00e4nge: 90mm<\/li><\/ul>\t\t\t\t\t\t\t\t<\/div>\n\t\t\t\t<\/div>\n\t\t\t\t\t<\/div>\n\t\t<\/div>\n\t\t\t\t\t<\/div>\n\t\t<\/section>\n\t\t\t\t<\/div>","protected":false},"excerpt":{"rendered":"<p>&#8220;<strong>Sie fragen sich, wie Sie die Zunge Ihres Babys effektiv reinigen k\u00f6nnen?<\/strong> Probieren Sie unsere Silikon-Babyzungenreinigungsb\u00fcrste, um den Zungenbelag sanft zu entfernen. Jetzt versandkostenfrei bestellen!\"<\/p>","protected":false},"featured_media":20500,"comment_status":"open","ping_status":"closed","template":"","meta":{"_acf_changed":false},"product_brand":[],"product_cat":[29],"product_tag":[895,893,705,894],"class_list":{"0":"post-20502","1":"product","2":"type-product","3":"status-publish","4":"has-post-thumbnail","6":"product_cat-best-baby-care","7":"product_tag-baby-care-kit","8":"product_tag-baby-tongue-cleaner","9":"product_tag-baby-toothbrush","10":"product_tag-infant-toothbrush","12":"first","13":"instock","14":"taxable","15":"shipping-taxable","16":"purchasable","17":"product-type-variable","18":"wvs-archive-product-wrapper"},"acf":[],"_links":{"self":[{"href":"https:\/\/babyvk.com\/de\/wp-json\/wp\/v2\/product\/20502","targetHints":{"allow":["GET"]}}],"collection":[{"href":"https:\/\/babyvk.com\/de\/wp-json\/wp\/v2\/product"}],"about":[{"href":"https:\/\/babyvk.com\/de\/wp-json\/wp\/v2\/types\/product"}],"replies":[{"embeddable":true,"href":"https:\/\/babyvk.com\/de\/wp-json\/wp\/v2\/comments?post=20502"}],"version-history":[{"count":0,"href":"https:\/\/babyvk.com\/de\/wp-json\/wp\/v2\/product\/20502\/revisions"}],"wp:featuredmedia":[{"embeddable":true,"href":"https:\/\/babyvk.com\/de\/wp-json\/wp\/v2\/media\/20500"}],"wp:attachment":[{"href":"https:\/\/babyvk.com\/de\/wp-json\/wp\/v2\/media?parent=20502"}],"wp:term":[{"taxonomy":"product_brand","embeddable":true,"href":"https:\/\/babyvk.com\/de\/wp-json\/wp\/v2\/product_brand?post=20502"},{"taxonomy":"product_cat","embeddable":true,"href":"https:\/\/babyvk.com\/de\/wp-json\/wp\/v2\/product_cat?post=20502"},{"taxonomy":"product_tag","embeddable":true,"href":"https:\/\/babyvk.com\/de\/wp-json\/wp\/v2\/product_tag?post=20502"}],"curies":[{"name":"wp","href":"https:\/\/api.w.org\/{rel}","templated":true}]}}