{"id":20489,"date":"2024-07-06T05:01:43","date_gmt":"2024-07-06T05:01:43","guid":{"rendered":"https:\/\/babyvk.com\/?post_type=product&#038;p=20489"},"modified":"2026-02-01T19:13:08","modified_gmt":"2026-02-01T19:13:08","slug":"dancing-talking-cactus-toy","status":"publish","type":"product","link":"https:\/\/babyvk.com\/de\/product\/dancing-talking-cactus-toy\/","title":{"rendered":"Tanzender sprechender Kaktus Spielzeug"},"content":{"rendered":"<div data-elementor-type=\"product-post\" data-elementor-id=\"20489\" class=\"elementor elementor-20489\" data-elementor-post-type=\"product\">\n\t\t\t\t\t\t<section class=\"wd-negative-gap elementor-section elementor-top-section elementor-element elementor-element-f42bd14 elementor-section-boxed elementor-section-height-default elementor-section-height-default\" data-id=\"f42bd14\" data-element_type=\"section\">\n\t\t\t\t\t\t<div class=\"elementor-container elementor-column-gap-default\">\n\t\t\t\t\t<div class=\"elementor-column elementor-col-100 elementor-top-column elementor-element elementor-element-f08a127\" data-id=\"f08a127\" data-element_type=\"column\">\n\t\t\t<div class=\"elementor-widget-wrap elementor-element-populated\">\n\t\t\t\t\t\t<div class=\"elementor-element elementor-element-b416709 color-scheme-inherit text-left elementor-widget elementor-widget-text-editor\" data-id=\"b416709\" data-element_type=\"widget\" data-widget_type=\"text-editor.default\">\n\t\t\t\t<div class=\"elementor-widget-container\">\n\t\t\t\t\t\t\t\t\t<h2>Merkmale:<\/h2><ul class=\"a-unordered-list a-vertical a-spacing-mini\"><li class=\"a-spacing-mini\"><span class=\"a-list-item\">\ud83c\udf35\u3010Repeat Cactus Toy\/Talking Cactus Toy\u3011(Recording &amp; Repeating &amp; Glowing &amp; Talking &amp; Wiggle &amp; Mimicking &amp; Sing &amp; Dance\uff09Dancing Cactus can Repeat What You Say, Dancing cactus light up singing.<\/span><\/li><li class=\"a-spacing-mini\"><span class=\"a-list-item\">\ud83c\udf35\u3010USB Charging Design\u3011Diese elektrischen tanzenden Kaktus kann mit USB-Kabel wiederaufladbar sein, der Kaktus Spielzeug f\u00fcr Kinder kann zu Ihrem Laptop, Powerbank, und so weiter, drehen Sie einfach den Schalter auf \"ON\".Es gibt einen versteckten Schalter auf dem Blumentopf, bitten Sie einfach Ihre Kinder, es zu dr\u00fccken. So k\u00f6nnen Kinder mit dem tanzenden Kaktus interagieren und ihn mit Freunden teilen.<\/span><\/li><li class=\"a-spacing-mini\"><span class=\"a-list-item\">\ud83c\udf35\u3010Hochwertiges Material\u3011Das tanzende Kaktus-Spielzeug besteht aus ungiftigem und harmlosem weichem Pl\u00fcsch, der Stoff des tanzenden Kaktus ist bequem, Sie und Ihre Kinder k\u00f6nnen mit Vertrauen spielen.<\/span><\/li><li class=\"a-spacing-mini\"><span class=\"a-list-item\">\ud83c\udf35\u3010LED Light Cactus Toys\u3011Wir verpflichten uns, den Verbrauchern das Premium-Produkt und den Service zu bieten, Ihre ZUFRIEDENHEIT ist das Wichtigste.Wenn Sie nicht vollst\u00e4ndig mit unserem Produkt zufrieden sind, z\u00f6gern Sie bitte nicht, uns zu kontaktieren.Wir werden Ihnen eine zufriedenstellende L\u00f6sung geben.<\/span><\/li><li class=\"a-spacing-mini\"><span class=\"a-list-item\">\ud83c\udf35\u3010Educational Gift Toys\u3011Talking Kaktus Spielzeug Geschenk f\u00fcr Ihre Kinder oder friends.This lustiges Spielzeug wird definitiv Menschen, die reaceive es lachen! Mimicking Kaktus Spielzeug kann aufzeichnen, was Sie sagen und weiter zu spielen.Tanzen singen Kaktus Pl\u00fcschtiere, Spielzeug f\u00fcr Babys Kleinkinder Kinder 7 Monate und oben, es kann auch als Raumdekoration.<\/span><\/li><\/ul>\t\t\t\t\t\t\t\t<\/div>\n\t\t\t\t<\/div>\n\t\t\t\t\t<\/div>\n\t\t<\/div>\n\t\t\t\t\t<\/div>\n\t\t<\/section>\n\t\t\t\t<\/div>","protected":false},"excerpt":{"rendered":"<p>&#8220;<strong>Sie brauchen ein unterhaltsames Spielzeug f\u00fcr Ihre Kinder?<\/strong> Der tanzende, sprechende Kaktus singt, tanzt und ahmt Sprache nach und sorgt so f\u00fcr endlosen Spa\u00df. Jetzt versandkostenfrei bestellen!\"<\/p>","protected":false},"featured_media":20483,"comment_status":"open","ping_status":"closed","template":"","meta":{"_acf_changed":false},"product_brand":[],"product_cat":[509],"product_tag":[889,892,888,890,891],"class_list":{"0":"post-20489","1":"product","2":"type-product","3":"status-publish","4":"has-post-thumbnail","6":"product_cat-best-baby-toys","7":"product_tag-cactus-baby-toy","8":"product_tag-dancing-cactus-mimicking","9":"product_tag-dancing-cactus-toy","10":"product_tag-repeating-cactus-toy","11":"product_tag-talking-cactus-toy-original","13":"first","14":"instock","15":"taxable","16":"shipping-taxable","17":"purchasable","18":"product-type-variable","19":"wvs-archive-product-wrapper"},"acf":[],"_links":{"self":[{"href":"https:\/\/babyvk.com\/de\/wp-json\/wp\/v2\/product\/20489","targetHints":{"allow":["GET"]}}],"collection":[{"href":"https:\/\/babyvk.com\/de\/wp-json\/wp\/v2\/product"}],"about":[{"href":"https:\/\/babyvk.com\/de\/wp-json\/wp\/v2\/types\/product"}],"replies":[{"embeddable":true,"href":"https:\/\/babyvk.com\/de\/wp-json\/wp\/v2\/comments?post=20489"}],"version-history":[{"count":1,"href":"https:\/\/babyvk.com\/de\/wp-json\/wp\/v2\/product\/20489\/revisions"}],"predecessor-version":[{"id":25266,"href":"https:\/\/babyvk.com\/de\/wp-json\/wp\/v2\/product\/20489\/revisions\/25266"}],"wp:featuredmedia":[{"embeddable":true,"href":"https:\/\/babyvk.com\/de\/wp-json\/wp\/v2\/media\/20483"}],"wp:attachment":[{"href":"https:\/\/babyvk.com\/de\/wp-json\/wp\/v2\/media?parent=20489"}],"wp:term":[{"taxonomy":"product_brand","embeddable":true,"href":"https:\/\/babyvk.com\/de\/wp-json\/wp\/v2\/product_brand?post=20489"},{"taxonomy":"product_cat","embeddable":true,"href":"https:\/\/babyvk.com\/de\/wp-json\/wp\/v2\/product_cat?post=20489"},{"taxonomy":"product_tag","embeddable":true,"href":"https:\/\/babyvk.com\/de\/wp-json\/wp\/v2\/product_tag?post=20489"}],"curies":[{"name":"wp","href":"https:\/\/api.w.org\/{rel}","templated":true}]}}