{"id":20133,"date":"2024-06-04T12:09:56","date_gmt":"2024-06-04T12:09:56","guid":{"rendered":"https:\/\/babyvk.com\/?post_type=product&#038;p=20133"},"modified":"2025-07-06T03:13:06","modified_gmt":"2025-07-06T03:13:06","slug":"silicone-baby-head-scrubber","status":"publish","type":"product","link":"https:\/\/babyvk.com\/de\/product\/silicone-baby-head-scrubber\/","title":{"rendered":"Silikon-Baby-Kopfschrubber 2PCS"},"content":{"rendered":"<div data-elementor-type=\"product-post\" data-elementor-id=\"20133\" class=\"elementor elementor-20133\" data-elementor-post-type=\"product\">\n\t\t\t\t\t\t<section class=\"wd-negative-gap elementor-section elementor-top-section elementor-element elementor-element-c352778 elementor-section-boxed elementor-section-height-default elementor-section-height-default\" data-id=\"c352778\" data-element_type=\"section\">\n\t\t\t\t\t\t<div class=\"elementor-container elementor-column-gap-default\">\n\t\t\t\t\t<div class=\"elementor-column elementor-col-100 elementor-top-column elementor-element elementor-element-def4124\" data-id=\"def4124\" data-element_type=\"column\">\n\t\t\t<div class=\"elementor-widget-wrap elementor-element-populated\">\n\t\t\t\t\t\t<div class=\"elementor-element elementor-element-da2b368 color-scheme-inherit text-left elementor-widget elementor-widget-text-editor\" data-id=\"da2b368\" data-element_type=\"widget\" data-widget_type=\"text-editor.default\">\n\t\t\t\t<div class=\"elementor-widget-container\">\n\t\t\t\t\t\t\t\t\t<h2>FEATURES:<\/h2><ul><li><strong>PREMIUM-QUALIT\u00c4T:<\/strong> Babyb\u00fcrste aus hochwertigem Material, f\u00fcr Kinder jeden Alters zum \"Selbermachen\" beim Duschen und Baden!<\/li><li><strong>BESTE AUSWAHL:<\/strong> Die weichen Silikonborsten sind so konzipiert, dass sie die Kopfhaut nicht mit den N\u00e4geln zerkratzen. Weiche, sanfte Silikonb\u00fcrste hilft, Schmutz wegzub\u00fcrsten. Sp\u00fclt sauber und trocknet schnell.<\/li><li><strong>ENDG\u00dcLTIGE VERWENDUNG:<\/strong> Es ist auch eine multifunktionale Reinigungsb\u00fcrste, die auch als K\u00f6rpermassageger\u00e4t und Reinigungswerkzeug verwendet werden kann.<\/li><li><strong>SICHERES MATERIAL:\u00a0<\/strong> Hergestellt aus 100% haltbarem und flexiblem Silikon. Hypoallergen und umweltfreundlich!<\/li><li><strong>GEBRAUCH: F\u00dcR BABYS:\u00a0<\/strong> Massiert und reinigt das Baby sanft, von Kopf bis Fu\u00df! Ein perfektes Geschenk f\u00fcr Babys und Kinder.<\/li><\/ul><h2><span class=\"a-text-bold\">ACHTUNG!<\/span>\u00a0<\/h2><p>Mit klarem Wasser absp\u00fclen und vor Gebrauch 2-3 Minuten in kochendes Wasser legen. An einem k\u00fchlen Ort aufbewahren.<\/p><h2><span class=\"a-text-bold\">VERWENDEN:<\/span>\u00a0<\/h2><p>Befeuchten Sie den Kopf oder die Haut mit Wasser, tragen Sie eine angemessene Menge Duschgel oder Shampoo auf dieses Produkt auf und reiben Sie es sanft ein. Verbessern Sie die geistige Entwicklung.<\/p><h2><span class=\"a-text-bold\">\u00dcBERRASCHUNG:<\/span>\u00a0<\/h2><p>Diese Babybad-Silikonb\u00fcrste eignet sich auch f\u00fcr die Gesichtsreinigung von Erwachsenen, Peeling, Aufhellung der Haut, regelm\u00e4\u00dfige Anwendung kann die Haut elastischer und straffer machen, f\u00f6rdert die Durchblutung.<\/p>\t\t\t\t\t\t\t\t<\/div>\n\t\t\t\t<\/div>\n\t\t\t\t\t<\/div>\n\t\t<\/div>\n\t\t\t\t\t<\/div>\n\t\t<\/section>\n\t\t\t\t<section class=\"wd-negative-gap elementor-section elementor-top-section elementor-element elementor-element-4fc4ca3 elementor-section-boxed elementor-section-height-default elementor-section-height-default\" data-id=\"4fc4ca3\" data-element_type=\"section\">\n\t\t\t\t\t\t<div class=\"elementor-container elementor-column-gap-default\">\n\t\t\t\t\t<div class=\"elementor-column elementor-col-100 elementor-top-column elementor-element elementor-element-1f1194f\" data-id=\"1f1194f\" data-element_type=\"column\">\n\t\t\t<div class=\"elementor-widget-wrap elementor-element-populated\">\n\t\t\t\t\t\t\t<\/div>\n\t\t<\/div>\n\t\t\t\t\t<\/div>\n\t\t<\/section>\n\t\t\t\t<section class=\"wd-negative-gap elementor-section elementor-top-section elementor-element elementor-element-5645c76 elementor-section-boxed elementor-section-height-default elementor-section-height-default\" data-id=\"5645c76\" data-element_type=\"section\">\n\t\t\t\t\t\t<div class=\"elementor-container elementor-column-gap-default\">\n\t\t\t\t\t<div class=\"elementor-column elementor-col-100 elementor-top-column elementor-element elementor-element-fe613e6\" data-id=\"fe613e6\" data-element_type=\"column\">\n\t\t\t<div class=\"elementor-widget-wrap elementor-element-populated\">\n\t\t\t\t\t\t<div class=\"elementor-element elementor-element-b97d522 wd-width-100 elementor-widget elementor-widget-wd_title\" data-id=\"b97d522\" data-element_type=\"widget\" data-widget_type=\"wd_title.default\">\n\t\t\t\t<div class=\"elementor-widget-container\">\n\t\t\t\t\t\t\t<div class=\"title-wrapper wd-set-mb reset-last-child wd-title-color-default wd-title-style-default wd-title-size-default text-center\">\n\n\t\t\t\t\t\t\t\t\t\t\t<div class=\"title-subtitle subtitle-color-default subtitle-style-default wd-fontsize-xs\">\n\t\t\t\t\tUNSERE ECHTE SHOW SEHEN\t\t\t\t<\/div>\n\t\t\t\n\t\t\t<div class=\"liner-continer\">\n\t\t\t\t<h4 class=\"woodmart-title-container title wd-fontsize-l\">Unser kurzes Video<\/h4> \n\t\t\t\t\t\t\t<\/div>\n\n\t\t\t\t\t\t\t<div class=\"title-after_title reset-last-child wd-fontsize-xs\">\n\t\t\t\t\t<p>Zeigen Sie die Szene, in der das Produkt verwendet wird, und informieren Sie sich \u00fcber weitere Einzelheiten.<\/p>\t\t\t\t<\/div>\n\t\t\t\t\t<\/div>\n\t\t\t\t\t\t<\/div>\n\t\t\t\t<\/div>\n\t\t\t\t<div class=\"elementor-element elementor-element-833c718 elementor-widget elementor-widget-wd_testimonials\" data-id=\"833c718\" data-element_type=\"widget\" data-widget_type=\"wd_testimonials.default\">\n\t\t\t\t<div class=\"elementor-widget-container\">\n\t\t\t\t\t\t\t<div class=\"testimonials testimon-style-standard  color-scheme- testimon-align-center wd-carousel-container\" id=\"carousel-3994\">\n\t\t\t\t\t\t\t<div class=\"wd-carousel-inner\">\n\t\t\t\n\t\t\t<div class=\"wd-carousel wd-grid\" data-scroll_per_page=\"yes\" style=\"--wd-col-lg:2;--wd-col-md:2;--wd-col-sm:1;--wd-gap-lg:30px;--wd-gap-sm:10px;\">\n\t\t\t\t\t\t\t\t\t<div class=\"wd-carousel-wrap\">\n\t\t\t\t\n\t\t\t\t\t\t\t\t\t\n<div class=\"testimonial wd-carousel-item\">\n\t<div class=\"testimonial-inner\">\n\t\t\n\t\t<div class=\"testimonial-content\">\n\t\t\t<div class=\"testimonial-rating\">\n\t\t\t\t<span class=\"star-rating\">\n\t\t\t\t\t<span style=\"width:100%\"><\/span>\n\t\t\t\t<\/span>\n\t\t\t<\/div>\n\n\t\t\t<p><iframe  id=\"_ytid_21540\"  width=\"800\" height=\"450\"  data-origwidth=\"800\" data-origheight=\"450\"  data-relstop=\"1\" src=\"https:\/\/www.youtube.com\/embed\/LhnEg8IMp1s?enablejsapi=1&autoplay=0&cc_load_policy=1&cc_lang_pref=&iv_load_policy=3&loop=0&rel=0&fs=1&playsinline=0&autohide=2&theme=dark&color=red&controls=1&disablekb=0&\" class=\"__youtube_prefs__  no-lazyload\" title=\"YouTube-Player\"  allow=\"fullscreen; accelerometer; autoplay; clipboard-write; encrypted-media; gyroscope; picture-in-picture; web-share\" referrerpolicy=\"strict-origin-when-cross-origin\" allowfullscreen data-no-lazy=\"1\" data-skipgform_ajax_framebjll=\"\"><\/iframe><\/p>\n\t\t\t<footer>\n\t\t\t\t\n\t\t\t\t\t\t\t<\/footer>\n\t\t<\/div>\n\t<\/div>\n<\/div>\t\t\t\t\n\t\t\t\t\t\t\t\t\t<\/div>\n\t\t\t\t\t\t\t<\/div>\n\t\t\t\t\t\t\t\t\t\t\t\t\t\t<div class=\"wd-nav-arrows wd-pos-sep wd-hover-1 wd-icon-1\">\n\t\t\t<div class=\"wd-btn-arrow wd-prev wd-disabled\">\n\t\t\t\t<div class=\"wd-arrow-inner\"><\/div>\n\t\t\t<\/div>\n\t\t\t<div class=\"wd-btn-arrow wd-next\">\n\t\t\t\t<div class=\"wd-arrow-inner\"><\/div>\n\t\t\t<\/div>\n\t\t<\/div>\n\t\t\t\t\t\t\n\t\t\t\t<\/div>\n\n\t\t\t\t\t\t<div class=\"wd-nav-pagin-wrap text-center wd-style-shape wd-hide-md-sm wd-hide-sm\">\n\t\t\t<ul class=\"wd-nav-pagin\"><\/ul>\n\t\t<\/div>\n\t\t\t\t\t\t\t\t\t\t\t<\/div>\n\t\t\t\t\t\t<\/div>\n\t\t\t\t<\/div>\n\t\t\t\t\t<\/div>\n\t\t<\/div>\n\t\t\t\t\t<\/div>\n\t\t<\/section>\n\t\t\t\t<\/div>","protected":false},"excerpt":{"rendered":"<p><strong>Sie suchen nach einer sanften Methode, die Kopfhaut Ihres Babys zu reinigen?<\/strong> Der Silikon-Kopfschrubber f\u00fcr Babys ist weich, sicher und perfekt zum Entfernen von Milchschorf. Jetzt versandkostenfrei bestellen!<\/p>","protected":false},"featured_media":20122,"comment_status":"open","ping_status":"closed","template":"","meta":{"_acf_changed":false},"product_brand":[],"product_cat":[29],"product_tag":[846,844,847,845,848],"class_list":{"0":"post-20133","1":"product","2":"type-product","3":"status-publish","4":"has-post-thumbnail","6":"product_cat-best-baby-care","7":"product_tag-baby-bath-scrubber","8":"product_tag-baby-head-scrubber","9":"product_tag-baby-scrubber-bath","10":"product_tag-shower-head-for-baby","11":"product_tag-silicone-baby-brush","13":"first","14":"instock","15":"sale","16":"taxable","17":"shipping-taxable","18":"purchasable","19":"product-type-variable","20":"wvs-archive-product-wrapper"},"acf":[],"_links":{"self":[{"href":"https:\/\/babyvk.com\/de\/wp-json\/wp\/v2\/product\/20133","targetHints":{"allow":["GET"]}}],"collection":[{"href":"https:\/\/babyvk.com\/de\/wp-json\/wp\/v2\/product"}],"about":[{"href":"https:\/\/babyvk.com\/de\/wp-json\/wp\/v2\/types\/product"}],"replies":[{"embeddable":true,"href":"https:\/\/babyvk.com\/de\/wp-json\/wp\/v2\/comments?post=20133"}],"version-history":[{"count":0,"href":"https:\/\/babyvk.com\/de\/wp-json\/wp\/v2\/product\/20133\/revisions"}],"wp:featuredmedia":[{"embeddable":true,"href":"https:\/\/babyvk.com\/de\/wp-json\/wp\/v2\/media\/20122"}],"wp:attachment":[{"href":"https:\/\/babyvk.com\/de\/wp-json\/wp\/v2\/media?parent=20133"}],"wp:term":[{"taxonomy":"product_brand","embeddable":true,"href":"https:\/\/babyvk.com\/de\/wp-json\/wp\/v2\/product_brand?post=20133"},{"taxonomy":"product_cat","embeddable":true,"href":"https:\/\/babyvk.com\/de\/wp-json\/wp\/v2\/product_cat?post=20133"},{"taxonomy":"product_tag","embeddable":true,"href":"https:\/\/babyvk.com\/de\/wp-json\/wp\/v2\/product_tag?post=20133"}],"curies":[{"name":"wp","href":"https:\/\/api.w.org\/{rel}","templated":true}]}}