{"id":19033,"date":"2024-04-03T07:15:01","date_gmt":"2024-04-03T07:15:01","guid":{"rendered":"https:\/\/babyvk.com\/?post_type=product&#038;p=19033"},"modified":"2025-09-27T03:55:50","modified_gmt":"2025-09-27T03:55:50","slug":"3-in-1-postpartum-belly-wrap","status":"publish","type":"product","link":"https:\/\/babyvk.com\/de\/product\/3-in-1-postpartum-belly-wrap\/","title":{"rendered":"3 in 1 Postpartum-Bauchwickel"},"content":{"rendered":"<div data-elementor-type=\"product-post\" data-elementor-id=\"19033\" class=\"elementor elementor-19033\" data-elementor-post-type=\"product\">\n\t\t\t\t\t\t<section class=\"wd-negative-gap elementor-section elementor-top-section elementor-element elementor-element-560b6de elementor-section-boxed elementor-section-height-default elementor-section-height-default\" data-id=\"560b6de\" data-element_type=\"section\">\n\t\t\t\t\t\t<div class=\"elementor-container elementor-column-gap-default\">\n\t\t\t\t\t<div class=\"elementor-column elementor-col-100 elementor-top-column elementor-element elementor-element-1a0faba\" data-id=\"1a0faba\" data-element_type=\"column\">\n\t\t\t<div class=\"elementor-widget-wrap elementor-element-populated\">\n\t\t\t\t\t\t<div class=\"elementor-element elementor-element-924099d elementor-widget elementor-widget-wd_text_block\" data-id=\"924099d\" data-element_type=\"widget\" data-widget_type=\"wd_text_block.default\">\n\t\t\t\t<div class=\"elementor-widget-container\">\n\t\t\t\t\t\t\t<div class=\"wd-text-block reset-last-child text-left\">\n\t\t\t\n\t\t\t<h2>Merkmale:<\/h2><ol><li><p>Vielseitiges 3-in-1-Design: Unsere Kaiserschnitt-Bauchbinde umfasst separate Bauch-, Taillen- und Beckengurte f\u00fcr einstellbare Unterst\u00fctzung w\u00e4hrend der Schwangerschaft und nach der Geburt.<\/p><\/li><li><p>Atmungsaktives Material: Aus atmungsaktivem Mesh, Spandex und Nylon gefertigt, bietet unser Mom C-Section Recovery Belt effektive Kompression und Komfort f\u00fcr die Erholung nach dem Kaiserschnitt.<\/p><\/li><li><p>Gr\u00f6\u00dfenoptionen: Erh\u00e4ltlich in verschiedenen Gr\u00f6\u00dfen und in zwei verschiedenen Farben. Passt f\u00fcr die meisten Figuren, mit spezifischen Messungen f\u00fcr jeden G\u00fcrtel zur Verf\u00fcgung gestellt.<\/p><\/li><li><p>Anpassbare Kompression: Drei verstellbare Gurte bieten gezielte Kompression f\u00fcr Schwellungen nach einer Fettabsaugung oder f\u00fcr die Erholung nach der Geburt, einschlie\u00dflich Diastasis recti und Wiederherstellung der Rumpfkraft.<\/p><\/li><li><p>Verbesserte Genesung: Unser Bauchwickel f\u00fcr die Zeit nach der Geburt f\u00f6rdert die Heilung und reduziert Schwellungen im Bereich des Bauches, der Taille und des Beckens. Er unterst\u00fctzt die K\u00f6rperhaltung und die H\u00fcften nach der Geburt, nach Operationen oder im Fitnessstudio.<\/p><\/li><\/ol>\n\t\t\t\t\t<\/div>\n\t\t\t\t\t\t<\/div>\n\t\t\t\t<\/div>\n\t\t\t\t<div class=\"elementor-element elementor-element-5ab8f7d elementor-widget elementor-widget-heading\" data-id=\"5ab8f7d\" data-element_type=\"widget\" data-widget_type=\"heading.default\">\n\t\t\t\t<div class=\"elementor-widget-container\">\n\t\t\t\t\t<h2 class=\"elementor-heading-title elementor-size-default\">Gr\u00f6\u00dfenoptionen:<\/h2>\t\t\t\t<\/div>\n\t\t\t\t<\/div>\n\t\t\t\t<div class=\"elementor-element elementor-element-6b2cf53 elementor-widget elementor-widget-wd_table\" data-id=\"6b2cf53\" data-element_type=\"widget\" data-widget_type=\"wd_table.default\">\n\t\t\t\t<div class=\"elementor-widget-container\">\n\t\t\t\t\t\t\t<div class=\"wd-el-table-wrap wd-reset-all-last\">\n\t\t\t<table class=\"wd-el-table\">\n\t\t\t\t\t\t\t\t\t<thead class=\"text-left\">\n\t\t\t\t\t\t\t\t\t\t\t\t\t\t\t\t\t\t\t\t\t\t\t\t\t\t\t\t\t\t<tr class=\"wd-table-row elementor-repeater-item-2828f9c\">\n\t\t\t\t\t\t\t\t\t\t\t\t\t\t\t\t\t\t\t\t\t\t\t\t\t\t\t\t\t\t\t\t\t\t\t\t<th class=\"wd-table-cell elementor-repeater-item-acd66e0\" colspan=\"1\" rowspan=\"1\">\n\t\t\t\t\t\t\t\t\t<p>Gr\u00f6\u00dfe<\/p>\t\t\t\t\t\t\t\t<\/th>\n\t\t\t\t\t\t\t\t\t\t\t\t\t\t\t\t\t\t\t\t\t\t\t\t\t\t\t\t<th class=\"wd-table-cell elementor-repeater-item-a0814c4\" colspan=\"1\" rowspan=\"1\">\n\t\t\t\t\t\t\t\t\t<p>Taillenumfang (CM)<\/p>\t\t\t\t\t\t\t\t<\/th>\n\t\t\t\t\t\t\t\t\t\t\t\t\t\t\t\t\t\t\t\t\t\t\t\t\t\t\t\t<th class=\"wd-table-cell elementor-repeater-item-12d4ce3\" colspan=\"1\" rowspan=\"1\">\n\t\t\t\t\t\t\t\t\t<p>Taillenumfang (INCH)<\/p>\t\t\t\t\t\t\t\t<\/th>\n\t\t\t\t\t\t\t\t\t\t\t\t\t\t\t\t\t\t\t<\/tr>\n\t\t\t\t\t<\/thead>\n\t\t\t\t\n\t\t\t\t<tbody class=\"text-left\">\n\t\t\t\t\t\t\t\t\t\t\t\t\t\t\t\t\t\t\t\t\t\t\t\t\t\t<tr class=\"wd-table-row elementor-repeater-item-ff1bb16\">\n\t\t\t\t\t\t\t\t\t\t\t\t\t\t\t\t\t\t\t\t\t\t\t\t\t\t\t\t\t\t\t<td class=\"wd-table-cell elementor-repeater-item-55964be\" colspan=\"1\" rowspan=\"1\">\n\t\t\t\t\t\t\t<p>M<\/p>\t\t\t\t\t\t\t<\/td>\n\t\t\t\t\t\t\t\t\t\t\t\t\t\t\t\t\t\t\t\t\t\t\t\t<td class=\"wd-table-cell elementor-repeater-item-d04c62f\" colspan=\"1\" rowspan=\"1\">\n\t\t\t\t\t\t\t<p>65-84<\/p>\t\t\t\t\t\t\t<\/td>\n\t\t\t\t\t\t\t\t\t\t\t\t\t\t\t\t\t\t\t\t\t\t\t\t<td class=\"wd-table-cell elementor-repeater-item-99cdd63\" colspan=\"1\" rowspan=\"1\">\n\t\t\t\t\t\t\t<p>25.59-33.07<\/p>\t\t\t\t\t\t\t<\/td>\n\t\t\t\t\t\t\t\t\t\t\t\t\t\t\t\t\t\t\t\t\t\t\t\t\t\t\t\t\t\t\t\t<\/tr>\n\t\t\t\t\t\t\t\t<tr class=\"wd-table-row elementor-repeater-item-f657d2b\">\n\t\t\t\t\t\t\t\t\t\t\t\t\t\t\t\t\t\t\t\t\t\t\t\t\t\t\t\t\t\t\t<td class=\"wd-table-cell elementor-repeater-item-f5950a6\" colspan=\"1\" rowspan=\"1\">\n\t\t\t\t\t\t\t<p>L<\/p>\t\t\t\t\t\t\t<\/td>\n\t\t\t\t\t\t\t\t\t\t\t\t\t\t\t\t\t\t\t\t\t\t\t\t<td class=\"wd-table-cell elementor-repeater-item-674ad2c\" colspan=\"1\" rowspan=\"1\">\n\t\t\t\t\t\t\t<p>85-94<\/p>\t\t\t\t\t\t\t<\/td>\n\t\t\t\t\t\t\t\t\t\t\t\t\t\t\t\t\t\t\t\t\t\t\t\t<td class=\"wd-table-cell elementor-repeater-item-3bc51d5\" colspan=\"1\" rowspan=\"1\">\n\t\t\t\t\t\t\t<p>33.46-37.00<\/p>\t\t\t\t\t\t\t<\/td>\n\t\t\t\t\t\t\t\t\t\t\t\t\t\t\t\t\t\t\t\t\t\t\t\t\t\t\t\t\t\t\t\t<\/tr>\n\t\t\t\t\t\t\t\t<tr class=\"wd-table-row elementor-repeater-item-99441a4\">\n\t\t\t\t\t\t\t\t\t\t\t\t\t\t\t\t\t\t\t\t\t\t\t\t\t\t\t\t\t\t\t<td class=\"wd-table-cell elementor-repeater-item-6d1b72e\" colspan=\"1\" rowspan=\"1\">\n\t\t\t\t\t\t\t<p>XL<\/p>\t\t\t\t\t\t\t<\/td>\n\t\t\t\t\t\t\t\t\t\t\t\t\t\t\t\t\t\t\t\t\t\t\t\t<td class=\"wd-table-cell elementor-repeater-item-c7b6246\" colspan=\"1\" rowspan=\"1\">\n\t\t\t\t\t\t\t<p>95-110<\/p>\t\t\t\t\t\t\t<\/td>\n\t\t\t\t\t\t\t\t\t\t\t\t\t\t\t\t\t\t\t\t\t\t\t\t<td class=\"wd-table-cell elementor-repeater-item-afe75e0\" colspan=\"1\" rowspan=\"1\">\n\t\t\t\t\t\t\t<p>37.40-43.30<\/p>\t\t\t\t\t\t\t<\/td>\n\t\t\t\t\t\t\t\t\t\t\t\t\t\t\t\t\t\t\t\t\t\t\t\t\t\t\t\t\t\t\t\t<\/tr>\n\t\t\t\t\t\t\t\t<tr class=\"wd-table-row elementor-repeater-item-d4d16e6\">\n\t\t\t\t\t\t\t\t\t\t\t\t\t\t\t\t\t\t\t\t\t\t\t\t\t\t\t\t\t\t\t<td class=\"wd-table-cell elementor-repeater-item-c274e40\" colspan=\"1\" rowspan=\"1\">\n\t\t\t\t\t\t\t<p>XXL<\/p>\t\t\t\t\t\t\t<\/td>\n\t\t\t\t\t\t\t\t\t\t\t\t\t\t\t\t\t\t\t\t\t\t\t\t<td class=\"wd-table-cell elementor-repeater-item-8d68ce3\" colspan=\"1\" rowspan=\"1\">\n\t\t\t\t\t\t\t<p>111-120<\/p>\t\t\t\t\t\t\t<\/td>\n\t\t\t\t\t\t\t\t\t\t\t\t\t\t\t\t\t\t\t\t\t\t\t\t<td class=\"wd-table-cell elementor-repeater-item-bd740a9\" colspan=\"1\" rowspan=\"1\">\n\t\t\t\t\t\t\t<p>43.70-47.24<\/p>\t\t\t\t\t\t\t<\/td>\n\t\t\t\t\t\t\t\t\t\t\t\t\t\t\t\t\t\t\t\t\t\t\t\t\t\t\t\t\t\t\t\t<\/tr>\n\t\t\t\t\t\t\t\t<tr class=\"wd-table-row elementor-repeater-item-71e3a38\">\n\t\t\t\t\t\t\t\t\t\t\t\t\t\t\t\t\t\t\t\t\t\t\t<\/tr>\n\t\t\t\t<\/tbody>\n\t\t\t<\/table>\n\t\t<\/div>\n\t\t\t\t\t\t<\/div>\n\t\t\t\t<\/div>\n\t\t\t\t<div class=\"elementor-element elementor-element-424847a elementor-widget elementor-widget-wd_image_or_svg\" data-id=\"424847a\" data-element_type=\"widget\" data-widget_type=\"wd_image_or_svg.default\">\n\t\t\t\t<div class=\"elementor-widget-container\">\n\t\t\t\t\t\n\t\t<div class=\"wd-image text-left\">\n\t\t\t\t\t\t\t\t<img fetchpriority=\"high\" decoding=\"async\" width=\"970\" height=\"600\" src=\"https:\/\/babyvk.com\/wp-content\/uploads\/2024\/04\/belly-binder-post-partum.webp\" class=\"attachment-full size-full wvs-archive-product-image\" alt=\"faja postparto para mujer\" srcset=\"https:\/\/babyvk.com\/wp-content\/uploads\/2024\/04\/belly-binder-post-partum.webp 970w, https:\/\/babyvk.com\/wp-content\/uploads\/2024\/04\/belly-binder-post-partum-30x19.webp 30w, https:\/\/babyvk.com\/wp-content\/uploads\/2024\/04\/belly-binder-post-partum-400x247.webp 400w, https:\/\/babyvk.com\/wp-content\/uploads\/2024\/04\/belly-binder-post-partum-768x475.webp 768w, https:\/\/babyvk.com\/wp-content\/uploads\/2024\/04\/belly-binder-post-partum-860x532.webp 860w, https:\/\/babyvk.com\/wp-content\/uploads\/2024\/04\/belly-binder-post-partum-500x309.webp 500w, https:\/\/babyvk.com\/wp-content\/uploads\/2024\/04\/belly-binder-post-partum-430x266.webp 430w, https:\/\/babyvk.com\/wp-content\/uploads\/2024\/04\/belly-binder-post-partum-700x433.webp 700w\" sizes=\"(max-width: 970px) 100vw, 970px\" title=\"\">\t\t\t\t\t<\/div>\n\n\t\t\t\t\t\t<\/div>\n\t\t\t\t<\/div>\n\t\t\t\t<div class=\"elementor-element elementor-element-6782e5c elementor-widget elementor-widget-wd_image_or_svg\" data-id=\"6782e5c\" data-element_type=\"widget\" data-widget_type=\"wd_image_or_svg.default\">\n\t\t\t\t<div class=\"elementor-widget-container\">\n\t\t\t\t\t\n\t\t<div class=\"wd-image text-left\">\n\t\t\t\t\t\t\t\t<img decoding=\"async\" width=\"970\" height=\"600\" src=\"https:\/\/babyvk.com\/wp-content\/uploads\/2024\/04\/faja-postparto-para-mujer-cesarea.webp\" class=\"attachment-full size-full wvs-archive-product-image\" alt=\"Unterleibsbinde\" srcset=\"https:\/\/babyvk.com\/wp-content\/uploads\/2024\/04\/faja-postparto-para-mujer-cesarea.webp 970w, https:\/\/babyvk.com\/wp-content\/uploads\/2024\/04\/faja-postparto-para-mujer-cesarea-30x19.webp 30w, https:\/\/babyvk.com\/wp-content\/uploads\/2024\/04\/faja-postparto-para-mujer-cesarea-400x247.webp 400w, https:\/\/babyvk.com\/wp-content\/uploads\/2024\/04\/faja-postparto-para-mujer-cesarea-768x475.webp 768w, https:\/\/babyvk.com\/wp-content\/uploads\/2024\/04\/faja-postparto-para-mujer-cesarea-860x532.webp 860w, https:\/\/babyvk.com\/wp-content\/uploads\/2024\/04\/faja-postparto-para-mujer-cesarea-500x309.webp 500w, https:\/\/babyvk.com\/wp-content\/uploads\/2024\/04\/faja-postparto-para-mujer-cesarea-430x266.webp 430w, https:\/\/babyvk.com\/wp-content\/uploads\/2024\/04\/faja-postparto-para-mujer-cesarea-700x433.webp 700w\" sizes=\"(max-width: 970px) 100vw, 970px\" title=\"\">\t\t\t\t\t<\/div>\n\n\t\t\t\t\t\t<\/div>\n\t\t\t\t<\/div>\n\t\t\t\t<div class=\"elementor-element elementor-element-017ce07 elementor-widget elementor-widget-wd_image_or_svg\" data-id=\"017ce07\" data-element_type=\"widget\" data-widget_type=\"wd_image_or_svg.default\">\n\t\t\t\t<div class=\"elementor-widget-container\">\n\t\t\t\t\t\n\t\t<div class=\"wd-image text-left\">\n\t\t\t\t\t\t\t\t<img decoding=\"async\" width=\"970\" height=\"600\" src=\"https:\/\/babyvk.com\/wp-content\/uploads\/2024\/04\/post-partum-waist-binder.webp\" class=\"attachment-full size-full wvs-archive-product-image\" alt=\"Postpartum-Bauchband\" srcset=\"https:\/\/babyvk.com\/wp-content\/uploads\/2024\/04\/post-partum-waist-binder.webp 970w, https:\/\/babyvk.com\/wp-content\/uploads\/2024\/04\/post-partum-waist-binder-30x19.webp 30w, https:\/\/babyvk.com\/wp-content\/uploads\/2024\/04\/post-partum-waist-binder-400x247.webp 400w, https:\/\/babyvk.com\/wp-content\/uploads\/2024\/04\/post-partum-waist-binder-768x475.webp 768w, https:\/\/babyvk.com\/wp-content\/uploads\/2024\/04\/post-partum-waist-binder-860x532.webp 860w, https:\/\/babyvk.com\/wp-content\/uploads\/2024\/04\/post-partum-waist-binder-500x309.webp 500w, https:\/\/babyvk.com\/wp-content\/uploads\/2024\/04\/post-partum-waist-binder-430x266.webp 430w, https:\/\/babyvk.com\/wp-content\/uploads\/2024\/04\/post-partum-waist-binder-700x433.webp 700w\" sizes=\"(max-width: 970px) 100vw, 970px\" title=\"\">\t\t\t\t\t<\/div>\n\n\t\t\t\t\t\t<\/div>\n\t\t\t\t<\/div>\n\t\t\t\t<div class=\"elementor-element elementor-element-4957fb7 elementor-widget elementor-widget-wd_image_or_svg\" data-id=\"4957fb7\" data-element_type=\"widget\" data-widget_type=\"wd_image_or_svg.default\">\n\t\t\t\t<div class=\"elementor-widget-container\">\n\t\t\t\t\t\n\t\t<div class=\"wd-image text-left\">\n\t\t\t\t\t\t\t\t<img loading=\"lazy\" decoding=\"async\" width=\"970\" height=\"600\" src=\"https:\/\/babyvk.com\/wp-content\/uploads\/2024\/04\/belly-band-postpartum-belly-wrap.webp\" class=\"attachment-full size-full wvs-archive-product-image\" alt=\"faja postparto para mujer\" srcset=\"https:\/\/babyvk.com\/wp-content\/uploads\/2024\/04\/belly-band-postpartum-belly-wrap.webp 970w, https:\/\/babyvk.com\/wp-content\/uploads\/2024\/04\/belly-band-postpartum-belly-wrap-30x19.webp 30w, https:\/\/babyvk.com\/wp-content\/uploads\/2024\/04\/belly-band-postpartum-belly-wrap-400x247.webp 400w, https:\/\/babyvk.com\/wp-content\/uploads\/2024\/04\/belly-band-postpartum-belly-wrap-768x475.webp 768w, https:\/\/babyvk.com\/wp-content\/uploads\/2024\/04\/belly-band-postpartum-belly-wrap-860x532.webp 860w, https:\/\/babyvk.com\/wp-content\/uploads\/2024\/04\/belly-band-postpartum-belly-wrap-500x309.webp 500w, https:\/\/babyvk.com\/wp-content\/uploads\/2024\/04\/belly-band-postpartum-belly-wrap-430x266.webp 430w, https:\/\/babyvk.com\/wp-content\/uploads\/2024\/04\/belly-band-postpartum-belly-wrap-700x433.webp 700w\" sizes=\"(max-width: 970px) 100vw, 970px\" title=\"\">\t\t\t\t\t<\/div>\n\n\t\t\t\t\t\t<\/div>\n\t\t\t\t<\/div>\n\t\t\t\t<div class=\"elementor-element elementor-element-16155af elementor-widget elementor-widget-wd_image_or_svg\" data-id=\"16155af\" data-element_type=\"widget\" data-widget_type=\"wd_image_or_svg.default\">\n\t\t\t\t<div class=\"elementor-widget-container\">\n\t\t\t\t\t\n\t\t<div class=\"wd-image text-left\">\n\t\t\t\t\t\t\t\t<img loading=\"lazy\" decoding=\"async\" width=\"970\" height=\"600\" src=\"https:\/\/babyvk.com\/wp-content\/uploads\/2024\/04\/cesarean-postpartum-belly-band.webp\" class=\"attachment-full size-full wvs-archive-product-image\" alt=\"Unterleibsbinde nach der Operation\" srcset=\"https:\/\/babyvk.com\/wp-content\/uploads\/2024\/04\/cesarean-postpartum-belly-band.webp 970w, https:\/\/babyvk.com\/wp-content\/uploads\/2024\/04\/cesarean-postpartum-belly-band-30x19.webp 30w, https:\/\/babyvk.com\/wp-content\/uploads\/2024\/04\/cesarean-postpartum-belly-band-400x247.webp 400w, https:\/\/babyvk.com\/wp-content\/uploads\/2024\/04\/cesarean-postpartum-belly-band-768x475.webp 768w, https:\/\/babyvk.com\/wp-content\/uploads\/2024\/04\/cesarean-postpartum-belly-band-860x532.webp 860w, https:\/\/babyvk.com\/wp-content\/uploads\/2024\/04\/cesarean-postpartum-belly-band-500x309.webp 500w, https:\/\/babyvk.com\/wp-content\/uploads\/2024\/04\/cesarean-postpartum-belly-band-430x266.webp 430w, https:\/\/babyvk.com\/wp-content\/uploads\/2024\/04\/cesarean-postpartum-belly-band-700x433.webp 700w\" sizes=\"(max-width: 970px) 100vw, 970px\" title=\"\">\t\t\t\t\t<\/div>\n\n\t\t\t\t\t\t<\/div>\n\t\t\t\t<\/div>\n\t\t\t\t\t<\/div>\n\t\t<\/div>\n\t\t\t\t\t<\/div>\n\t\t<\/section>\n\t\t\t\t<\/div>","protected":false},"excerpt":{"rendered":"<p>&#8220;<strong>K\u00e4mpfen Sie darum, Ihre Figur von vor dem Baby wiederzuerlangen?<\/strong> Wir stellen unseren Postpartum Belly Wrap vor - die ultimative L\u00f6sung f\u00fcr die K\u00f6rperformung nach einer Schwangerschaft. Jetzt versandkostenfrei einkaufen und 30% Rabatt erhalten!\"<\/p>","protected":false},"featured_media":19022,"comment_status":"open","ping_status":"closed","template":"","meta":{"_acf_changed":false},"product_brand":[],"product_cat":[20],"product_tag":[818,819,820,822,821],"class_list":{"0":"post-19033","1":"product","2":"type-product","3":"status-publish","4":"has-post-thumbnail","6":"product_cat-new-mom","7":"product_tag-faja-postparto-para-mujer","8":"product_tag-fajas-postparto-para-mujer","9":"product_tag-postpartum-belly-band","10":"product_tag-postpartum-belly-wrap","11":"product_tag-postpartum-essentials","13":"first","14":"instock","15":"sale","16":"taxable","17":"shipping-taxable","18":"purchasable","19":"product-type-variable","20":"wvs-archive-product-wrapper"},"acf":[],"_links":{"self":[{"href":"https:\/\/babyvk.com\/de\/wp-json\/wp\/v2\/product\/19033","targetHints":{"allow":["GET"]}}],"collection":[{"href":"https:\/\/babyvk.com\/de\/wp-json\/wp\/v2\/product"}],"about":[{"href":"https:\/\/babyvk.com\/de\/wp-json\/wp\/v2\/types\/product"}],"replies":[{"embeddable":true,"href":"https:\/\/babyvk.com\/de\/wp-json\/wp\/v2\/comments?post=19033"}],"version-history":[{"count":0,"href":"https:\/\/babyvk.com\/de\/wp-json\/wp\/v2\/product\/19033\/revisions"}],"wp:featuredmedia":[{"embeddable":true,"href":"https:\/\/babyvk.com\/de\/wp-json\/wp\/v2\/media\/19022"}],"wp:attachment":[{"href":"https:\/\/babyvk.com\/de\/wp-json\/wp\/v2\/media?parent=19033"}],"wp:term":[{"taxonomy":"product_brand","embeddable":true,"href":"https:\/\/babyvk.com\/de\/wp-json\/wp\/v2\/product_brand?post=19033"},{"taxonomy":"product_cat","embeddable":true,"href":"https:\/\/babyvk.com\/de\/wp-json\/wp\/v2\/product_cat?post=19033"},{"taxonomy":"product_tag","embeddable":true,"href":"https:\/\/babyvk.com\/de\/wp-json\/wp\/v2\/product_tag?post=19033"}],"curies":[{"name":"wp","href":"https:\/\/api.w.org\/{rel}","templated":true}]}}