{"id":18855,"date":"2024-04-01T06:46:28","date_gmt":"2024-04-01T06:46:28","guid":{"rendered":"https:\/\/babyvk.com\/?post_type=product&#038;p=18855"},"modified":"2025-03-10T20:03:30","modified_gmt":"2025-03-10T20:03:30","slug":"magnetic-chess-game-set","status":"publish","type":"product","link":"https:\/\/babyvk.com\/de\/product\/magnetic-chess-game-set\/","title":{"rendered":"Magnetisches Schachspiel Set"},"content":{"rendered":"<div data-elementor-type=\"product-post\" data-elementor-id=\"18855\" class=\"elementor elementor-18855\" data-elementor-post-type=\"product\">\n\t\t\t\t\t\t<section class=\"wd-negative-gap elementor-section elementor-top-section elementor-element elementor-element-a712af6 elementor-section-boxed elementor-section-height-default elementor-section-height-default\" data-id=\"a712af6\" data-element_type=\"section\">\n\t\t\t\t\t\t<div class=\"elementor-container elementor-column-gap-default\">\n\t\t\t\t\t<div class=\"elementor-column elementor-col-100 elementor-top-column elementor-element elementor-element-b65a6f4\" data-id=\"b65a6f4\" data-element_type=\"column\">\n\t\t\t<div class=\"elementor-widget-wrap elementor-element-populated\">\n\t\t\t\t\t\t<div class=\"elementor-element elementor-element-1cf247b elementor-widget elementor-widget-wd_text_block\" data-id=\"1cf247b\" data-element_type=\"widget\" data-widget_type=\"wd_text_block.default\">\n\t\t\t\t<div class=\"elementor-widget-container\">\n\t\t\t\t\t\t\t<div class=\"wd-text-block reset-last-child text-left\">\n\t\t\t\n\t\t\t<h2>Merkmal\uff1a<\/h2><ol><li><p><strong>Magnetisches Internationales Schachspiel<\/strong>: The Magnetic International Chess ist ein Spiel, das auf unterhaltsame Weise das Denken und die logischen F\u00e4higkeiten herausfordert. Man kann es mit Familie und Freunden spielen und sich selbst oder andere herausfordern. Dieses Spiel bringt die Menschen n\u00e4her zusammen und erm\u00f6glicht es allen, eine sch\u00f6ne Zeit miteinander zu verbringen.<\/p><\/li><li><p><strong>Langlebige und sichere Materialien<\/strong>: Aus magnetischem Material und Kunststoff gefertigt, ist er robust, langlebig und sicher. Er wird auch nach l\u00e4ngerem Gebrauch nicht brechen oder sich verformen. Dar\u00fcber hinaus bietet er einen angenehmen und weichen Griff und gew\u00e4hrleistet die Umweltsicherheit.<\/p><\/li><li><p><strong>Spielverlauf<\/strong>: Es ist ein Spiel f\u00fcr 2 oder mehr Spieler. W\u00e4hrend des Spiels ist es das Ziel, keine Magnete zu haben, wenn man an der Reihe ist. Dieses internationale Schachset l\u00e4sst sich leicht wiederverwenden, da die starken Magnete verhindern, dass sich die Spielsteine leicht verschieben. Das magnetische internationale Schachset ist ideal f\u00fcr Familientreffen.<\/p><\/li><li><p><strong>Geistige Entwicklung<\/strong>: Dieses Schachspiel stimuliert die geistige Entwicklung der Kinder und f\u00f6rdert ihre kognitiven F\u00e4higkeiten. Es bietet verschiedene Spielmodi und -stufen, die die Reaktionszeit verbessern, das schnelle Erlernen grundlegender Konzepte erm\u00f6glichen und die Konzentration und das logische Denkverm\u00f6gen der Kinder f\u00f6rdern.<\/p><\/li><li><p><strong>Fesselndes interaktives Magnetspiel<\/strong>: Es kann mit der Familie und mit Freunden gespielt werden und f\u00f6rdert die Beziehungen zwischen Eltern und Kindern sowie die sozialen Beziehungen. Es kann nicht nur als Brettspiel verwendet werden, sondern auch, um die Hand-Augen-Koordination zu trainieren und verschiedene magnetische Modelle zu erstellen.<\/p><\/li><\/ol>\n\t\t\t\t\t<\/div>\n\t\t\t\t\t\t<\/div>\n\t\t\t\t<\/div>\n\t\t\t\t<div class=\"elementor-element elementor-element-bd9218e elementor-widget elementor-widget-wd_text_block\" data-id=\"bd9218e\" data-element_type=\"widget\" data-widget_type=\"wd_text_block.default\">\n\t\t\t\t<div class=\"elementor-widget-container\">\n\t\t\t\t\t\t\t<div class=\"wd-text-block reset-last-child text-left\">\n\t\t\t\n\t\t\t<h2>Verpackung:<\/h2><ul><li>Spielbrett X 1pcs<\/li><li>Magnetisches Schachspiel X 20pcs<\/li><li>Aufbewahrungsbeutel X 1St.<\/li><\/ul>\n\t\t\t\t\t<\/div>\n\t\t\t\t\t\t<\/div>\n\t\t\t\t<\/div>\n\t\t\t\t\t<\/div>\n\t\t<\/div>\n\t\t\t\t\t<\/div>\n\t\t<\/section>\n\t\t\t\t<\/div>","protected":false},"excerpt":{"rendered":"<p>&#8220;<strong>Suchen Sie ein lustiges Schachspiel, das Sie mit Ihren Kindern spielen k\u00f6nnen?<\/strong> Das magnetische Schachspiel-Set bietet ein fesselndes Spiel, perfekt f\u00fcr Familienzusammenhalt und kognitive Entwicklung. Jetzt versandkostenfrei einkaufen und 30% Rabatt erhalten!\"<\/p>","protected":false},"featured_media":18848,"comment_status":"open","ping_status":"closed","template":"","meta":{"_acf_changed":false},"product_brand":[],"product_cat":[509],"product_tag":[798,800,797,799],"class_list":{"0":"post-18855","1":"product","2":"type-product","3":"status-publish","4":"has-post-thumbnail","6":"product_cat-best-baby-toys","7":"product_tag-magnetic-chess","8":"product_tag-magnetic-chess-board","9":"product_tag-magnetic-chess-game","10":"product_tag-magnetic-chess-set","12":"first","13":"instock","14":"sale","15":"taxable","16":"shipping-taxable","17":"purchasable","18":"product-type-variable","19":"wvs-archive-product-wrapper"},"acf":[],"_links":{"self":[{"href":"https:\/\/babyvk.com\/de\/wp-json\/wp\/v2\/product\/18855","targetHints":{"allow":["GET"]}}],"collection":[{"href":"https:\/\/babyvk.com\/de\/wp-json\/wp\/v2\/product"}],"about":[{"href":"https:\/\/babyvk.com\/de\/wp-json\/wp\/v2\/types\/product"}],"replies":[{"embeddable":true,"href":"https:\/\/babyvk.com\/de\/wp-json\/wp\/v2\/comments?post=18855"}],"version-history":[{"count":0,"href":"https:\/\/babyvk.com\/de\/wp-json\/wp\/v2\/product\/18855\/revisions"}],"wp:featuredmedia":[{"embeddable":true,"href":"https:\/\/babyvk.com\/de\/wp-json\/wp\/v2\/media\/18848"}],"wp:attachment":[{"href":"https:\/\/babyvk.com\/de\/wp-json\/wp\/v2\/media?parent=18855"}],"wp:term":[{"taxonomy":"product_brand","embeddable":true,"href":"https:\/\/babyvk.com\/de\/wp-json\/wp\/v2\/product_brand?post=18855"},{"taxonomy":"product_cat","embeddable":true,"href":"https:\/\/babyvk.com\/de\/wp-json\/wp\/v2\/product_cat?post=18855"},{"taxonomy":"product_tag","embeddable":true,"href":"https:\/\/babyvk.com\/de\/wp-json\/wp\/v2\/product_tag?post=18855"}],"curies":[{"name":"wp","href":"https:\/\/api.w.org\/{rel}","templated":true}]}}