{"id":16581,"date":"2023-12-01T18:24:38","date_gmt":"2023-12-01T18:24:38","guid":{"rendered":"https:\/\/babyvk.com\/?post_type=product&#038;p=16581"},"modified":"2025-06-24T02:24:13","modified_gmt":"2025-06-24T02:24:13","slug":"baby-head-protection-pillow","status":"publish","type":"product","link":"https:\/\/babyvk.com\/de\/product\/baby-head-protection-pillow\/","title":{"rendered":"Baby-Kopfschutz-Rucksack"},"content":{"rendered":"<div data-elementor-type=\"product-post\" data-elementor-id=\"16581\" class=\"elementor elementor-16581\" data-elementor-post-type=\"product\">\n\t\t\t\t\t\t<section class=\"elementor-section elementor-top-section elementor-element elementor-element-6672b3a elementor-section-boxed elementor-section-height-default elementor-section-height-default\" data-id=\"6672b3a\" data-element_type=\"section\">\n\t\t\t\t\t\t<div class=\"elementor-container elementor-column-gap-default\">\n\t\t\t\t\t<div class=\"elementor-column elementor-col-100 elementor-top-column elementor-element elementor-element-f0f3ffb\" data-id=\"f0f3ffb\" data-element_type=\"column\">\n\t\t\t<div class=\"elementor-widget-wrap elementor-element-populated\">\n\t\t\t\t\t\t<div class=\"elementor-element elementor-element-5564036 elementor-widget elementor-widget-wd_text_block\" data-id=\"5564036\" data-element_type=\"widget\" data-widget_type=\"wd_text_block.default\">\n\t\t\t\t<div class=\"elementor-widget-container\">\n\t\t\t\t\t\t\t<div class=\"wd-text-block reset-last-child text-left\">\n\t\t\t\n\t\t\t<h2 align=\"start\"><strong>Merkmale:<\/strong><\/h2><div align=\"start\">100% Brandneu und von hoher Qualit\u00e4t<\/div><div align=\"start\">\u00a0<\/div><div align=\"start\">Niedliche und lustige Form, machen Baby attraktiv<\/div><div align=\"start\">\u00a0<\/div><div align=\"start\">Superweiches Material, kein Pilling, kein Ausbleichen, nicht abnehmbar, leicht zu reinigen<\/div><div align=\"start\">\u00a0<\/div><div align=\"start\">Vollkommene exquisite Technologie des Computern\u00e4hens, so dass das Kissen stabiler und haltbarer ist<\/div><div align=\"start\">\u00a0<\/div><div align=\"start\">Hochwertige 100% PP-Baumwolle, atmungsaktiver, bequemer<\/div><div align=\"start\">\u00a0<\/div><div align=\"start\">Qualit\u00e4tszubeh\u00f6r, Original-Kunststoff, nicht leicht zu knacken, lange Lebensdauer, pflegeleicht<\/div><div align=\"start\">\u00a0<\/div><h2 align=\"start\"><strong>Spezifikationen:<\/strong><\/h2><ul><li>Produktname: Baby-Kopfschutz-Kissen<\/li><li>Geschlecht: Unisex<\/li><li>Empfohlener Altersbereich: 0~4 Jahre alt<\/li><li>Material: Superweicher Samt + Baumwolle<\/li><li>Farbe: Wie die Bilder zeigen<\/li><li>Das Paket enth\u00e4lt: 1 PC * Kopf Schutz Pad<\/li><\/ul><div align=\"start\">\u00a0<\/div><h2 align=\"start\"><strong>\u00a0Anmerkung:<\/strong><\/h2><ol><li>Sto\u00dfd\u00e4mpfer, der bei einem Sturz nach hinten Sch\u00e4den und Schmerzen am Hinterkopf verhindert.<\/li><li>Empfohlen f\u00fcr S\u00e4uglinge und Kleinkinder, in der Krabbel-\/Sitz- und Stehphase bis zum selbstst\u00e4ndigen Gehen.<\/li><li>Die meisten Babys vergessen es nach ein paar Augenblicken und versuchen nicht, es abzunehmen.<\/li><li>Wenn kiesig, bringen sie Ihr Baby zu vermeiden Verletzungen, mehr Ruhe des Geistes.<\/li><\/ol>\n\t\t\t\t\t<\/div>\n\t\t\t\t\t\t<\/div>\n\t\t\t\t<\/div>\n\t\t\t\t\t<\/div>\n\t\t<\/div>\n\t\t\t\t\t<\/div>\n\t\t<\/section>\n\t\t\t\t<section class=\"wd-negative-gap elementor-section elementor-top-section elementor-element elementor-element-71be6ae elementor-section-boxed elementor-section-height-default elementor-section-height-default\" data-id=\"71be6ae\" data-element_type=\"section\">\n\t\t\t\t\t\t<div class=\"elementor-container elementor-column-gap-default\">\n\t\t\t\t\t<div class=\"elementor-column elementor-col-100 elementor-top-column elementor-element elementor-element-9bfed86\" data-id=\"9bfed86\" data-element_type=\"column\">\n\t\t\t<div class=\"elementor-widget-wrap elementor-element-populated\">\n\t\t\t\t\t\t<div class=\"elementor-element elementor-element-1795d9f wd-width-100 elementor-widget elementor-widget-wd_title\" data-id=\"1795d9f\" data-element_type=\"widget\" data-widget_type=\"wd_title.default\">\n\t\t\t\t<div class=\"elementor-widget-container\">\n\t\t\t\t\t\t\t<div class=\"title-wrapper wd-set-mb reset-last-child wd-title-color-default wd-title-style-default wd-title-size-default text-center\">\n\n\t\t\t\t\t\t\t\t\t\t\t<div class=\"title-subtitle subtitle-color-default subtitle-style-default wd-fontsize-xs\">\n\t\t\t\t\tUNSERE ECHTE SHOW SEHEN\t\t\t\t<\/div>\n\t\t\t\n\t\t\t<div class=\"liner-continer\">\n\t\t\t\t<h4 class=\"woodmart-title-container title wd-fontsize-l\">Unser kurzes Video<\/h4> \n\t\t\t\t\t\t\t<\/div>\n\n\t\t\t\t\t\t\t<div class=\"title-after_title reset-last-child wd-fontsize-xs\">\n\t\t\t\t\t<p>Zeigen Sie die Szene, in der das Produkt verwendet wird, und informieren Sie sich \u00fcber weitere Einzelheiten.<\/p>\t\t\t\t<\/div>\n\t\t\t\t\t<\/div>\n\t\t\t\t\t\t<\/div>\n\t\t\t\t<\/div>\n\t\t\t\t<div class=\"elementor-element elementor-element-f8b9c8e elementor-widget elementor-widget-wd_testimonials\" data-id=\"f8b9c8e\" data-element_type=\"widget\" data-widget_type=\"wd_testimonials.default\">\n\t\t\t\t<div class=\"elementor-widget-container\">\n\t\t\t\t\t\t\t<div class=\"testimonials testimon-style-standard  color-scheme- testimon-align-center wd-carousel-container\" id=\"carousel-8504\">\n\t\t\t\t\t\t\t<div class=\"wd-carousel-inner\">\n\t\t\t\n\t\t\t<div class=\"wd-carousel wd-grid\" data-scroll_per_page=\"yes\" style=\"--wd-col-lg:2;--wd-col-md:2;--wd-col-sm:1;--wd-gap-lg:30px;--wd-gap-sm:10px;\">\n\t\t\t\t\t\t\t\t\t<div class=\"wd-carousel-wrap\">\n\t\t\t\t\n\t\t\t\t\t\t\t\t\t\n<div class=\"testimonial wd-carousel-item\">\n\t<div class=\"testimonial-inner\">\n\t\t\n\t\t<div class=\"testimonial-content\">\n\t\t\t<div class=\"testimonial-rating\">\n\t\t\t\t<span class=\"star-rating\">\n\t\t\t\t\t<span style=\"width:100%\"><\/span>\n\t\t\t\t<\/span>\n\t\t\t<\/div>\n\n\t\t\t<p><iframe  id=\"_ytid_10595\"  width=\"800\" height=\"450\"  data-origwidth=\"800\" data-origheight=\"450\"  data-relstop=\"1\" src=\"https:\/\/www.youtube.com\/embed\/CFZs4EdaXtc?enablejsapi=1&autoplay=0&cc_load_policy=1&cc_lang_pref=&iv_load_policy=3&loop=0&rel=0&fs=1&playsinline=0&autohide=2&theme=dark&color=red&controls=1&disablekb=0&\" class=\"__youtube_prefs__  no-lazyload\" title=\"YouTube-Player\"  allow=\"fullscreen; accelerometer; autoplay; clipboard-write; encrypted-media; gyroscope; picture-in-picture; web-share\" referrerpolicy=\"strict-origin-when-cross-origin\" allowfullscreen data-no-lazy=\"1\" data-skipgform_ajax_framebjll=\"\"><\/iframe><\/p>\n\t\t\t<footer>\n\t\t\t\t\n\t\t\t\t\t\t\t<\/footer>\n\t\t<\/div>\n\t<\/div>\n<\/div>\t\t\t\t\t\t\t\t\t\n<div class=\"testimonial wd-carousel-item\">\n\t<div class=\"testimonial-inner\">\n\t\t\n\t\t<div class=\"testimonial-content\">\n\t\t\t<div class=\"testimonial-rating\">\n\t\t\t\t<span class=\"star-rating\">\n\t\t\t\t\t<span style=\"width:100%\"><\/span>\n\t\t\t\t<\/span>\n\t\t\t<\/div>\n\n\t\t\t<p><iframe  id=\"_ytid_37062\"  width=\"800\" height=\"450\"  data-origwidth=\"800\" data-origheight=\"450\"  data-relstop=\"1\" src=\"https:\/\/www.youtube.com\/embed\/d1c_9K-9M3g?enablejsapi=1&autoplay=0&cc_load_policy=1&cc_lang_pref=&iv_load_policy=3&loop=0&rel=0&fs=1&playsinline=0&autohide=2&theme=dark&color=red&controls=1&disablekb=0&\" class=\"__youtube_prefs__  no-lazyload\" title=\"YouTube-Player\"  allow=\"fullscreen; accelerometer; autoplay; clipboard-write; encrypted-media; gyroscope; picture-in-picture; web-share\" referrerpolicy=\"strict-origin-when-cross-origin\" allowfullscreen data-no-lazy=\"1\" data-skipgform_ajax_framebjll=\"\"><\/iframe><\/p>\n\t\t\t<footer>\n\t\t\t\t\n\t\t\t\t\t\t\t<\/footer>\n\t\t<\/div>\n\t<\/div>\n<\/div>\t\t\t\t\t\t\t\t\t\n<div class=\"testimonial wd-carousel-item\">\n\t<div class=\"testimonial-inner\">\n\t\t\n\t\t<div class=\"testimonial-content\">\n\t\t\t<div class=\"testimonial-rating\">\n\t\t\t\t<span class=\"star-rating\">\n\t\t\t\t\t<span style=\"width:100%\"><\/span>\n\t\t\t\t<\/span>\n\t\t\t<\/div>\n\n\t\t\t<p><iframe  id=\"_ytid_95168\"  width=\"800\" height=\"450\"  data-origwidth=\"800\" data-origheight=\"450\"  data-relstop=\"1\" src=\"https:\/\/www.youtube.com\/embed\/Bhg1ly5HZF4?enablejsapi=1&autoplay=0&cc_load_policy=1&cc_lang_pref=&iv_load_policy=3&loop=0&rel=0&fs=1&playsinline=0&autohide=2&theme=dark&color=red&controls=1&disablekb=0&\" class=\"__youtube_prefs__  no-lazyload\" title=\"YouTube-Player\"  allow=\"fullscreen; accelerometer; autoplay; clipboard-write; encrypted-media; gyroscope; picture-in-picture; web-share\" referrerpolicy=\"strict-origin-when-cross-origin\" allowfullscreen data-no-lazy=\"1\" data-skipgform_ajax_framebjll=\"\"><\/iframe><\/p>\n\t\t\t<footer>\n\t\t\t\t\n\t\t\t\t\t\t\t<\/footer>\n\t\t<\/div>\n\t<\/div>\n<\/div>\t\t\t\t\t\t\t\t\t\n<div class=\"testimonial wd-carousel-item\">\n\t<div class=\"testimonial-inner\">\n\t\t\n\t\t<div class=\"testimonial-content\">\n\t\t\t<div class=\"testimonial-rating\">\n\t\t\t\t<span class=\"star-rating\">\n\t\t\t\t\t<span style=\"width:100%\"><\/span>\n\t\t\t\t<\/span>\n\t\t\t<\/div>\n\n\t\t\t<p><iframe  id=\"_ytid_41373\"  width=\"800\" height=\"450\"  data-origwidth=\"800\" data-origheight=\"450\"  data-relstop=\"1\" src=\"https:\/\/www.youtube.com\/embed\/BldayAyiiIs?enablejsapi=1&autoplay=0&cc_load_policy=1&cc_lang_pref=&iv_load_policy=3&loop=0&rel=0&fs=1&playsinline=0&autohide=2&theme=dark&color=red&controls=1&disablekb=0&\" class=\"__youtube_prefs__  no-lazyload\" title=\"YouTube-Player\"  allow=\"fullscreen; accelerometer; autoplay; clipboard-write; encrypted-media; gyroscope; picture-in-picture; web-share\" referrerpolicy=\"strict-origin-when-cross-origin\" allowfullscreen data-no-lazy=\"1\" data-skipgform_ajax_framebjll=\"\"><\/iframe><\/p>\n\t\t\t<footer>\n\t\t\t\t\n\t\t\t\t\t\t\t<\/footer>\n\t\t<\/div>\n\t<\/div>\n<\/div>\t\t\t\t\t\t\t\t\t\n<div class=\"testimonial wd-carousel-item\">\n\t<div class=\"testimonial-inner\">\n\t\t\n\t\t<div class=\"testimonial-content\">\n\t\t\t<div class=\"testimonial-rating\">\n\t\t\t\t<span class=\"star-rating\">\n\t\t\t\t\t<span style=\"width:100%\"><\/span>\n\t\t\t\t<\/span>\n\t\t\t<\/div>\n\n\t\t\t<p><iframe  id=\"_ytid_44427\"  width=\"800\" height=\"450\"  data-origwidth=\"800\" data-origheight=\"450\"  data-relstop=\"1\" src=\"https:\/\/www.youtube.com\/embed\/M-pLO3ySwTs?enablejsapi=1&autoplay=0&cc_load_policy=1&cc_lang_pref=&iv_load_policy=3&loop=0&rel=0&fs=1&playsinline=0&autohide=2&theme=dark&color=red&controls=1&disablekb=0&\" class=\"__youtube_prefs__  no-lazyload\" title=\"YouTube-Player\"  allow=\"fullscreen; accelerometer; autoplay; clipboard-write; encrypted-media; gyroscope; picture-in-picture; web-share\" referrerpolicy=\"strict-origin-when-cross-origin\" allowfullscreen data-no-lazy=\"1\" data-skipgform_ajax_framebjll=\"\"><\/iframe><\/p>\n\t\t\t<footer>\n\t\t\t\t\n\t\t\t\t\t\t\t<\/footer>\n\t\t<\/div>\n\t<\/div>\n<\/div>\t\t\t\t\n\t\t\t\t\t\t\t\t\t<\/div>\n\t\t\t\t\t\t\t<\/div>\n\t\t\t\t\t\t\t\t\t\t\t\t\t\t<div class=\"wd-nav-arrows wd-pos-sep wd-hover-1 wd-icon-1\">\n\t\t\t<div class=\"wd-btn-arrow wd-prev wd-disabled\">\n\t\t\t\t<div class=\"wd-arrow-inner\"><\/div>\n\t\t\t<\/div>\n\t\t\t<div class=\"wd-btn-arrow wd-next\">\n\t\t\t\t<div class=\"wd-arrow-inner\"><\/div>\n\t\t\t<\/div>\n\t\t<\/div>\n\t\t\t\t\t\t\n\t\t\t\t<\/div>\n\n\t\t\t\t\t\t<div class=\"wd-nav-pagin-wrap text-center wd-style-shape wd-hide-md-sm wd-hide-sm\">\n\t\t\t<ul class=\"wd-nav-pagin\"><\/ul>\n\t\t<\/div>\n\t\t\t\t\t\t\t\t\t\t\t<\/div>\n\t\t\t\t\t\t<\/div>\n\t\t\t\t<\/div>\n\t\t\t\t\t<\/div>\n\t\t<\/div>\n\t\t\t\t\t<\/div>\n\t\t<\/section>\n\t\t\t\t<\/div>","protected":false},"excerpt":{"rendered":"<p>&#8220;<strong>Machen Sie sich Sorgen, dass Ihr Baby st\u00fcrzt und sich verletzt?<\/strong> Probieren Sie das Baby-Kopfschutz-Kissen aus! Halten Sie Ihr Kleines sicher und gesch\u00fctzt. Jetzt versandkostenfrei einkaufen und 30% Rabatt erhalten!\"<\/p>","protected":false},"featured_media":16561,"comment_status":"open","ping_status":"closed","template":"","meta":{"_acf_changed":false},"product_brand":[],"product_cat":[29],"product_tag":[743,744,745,742],"class_list":{"0":"post-16581","1":"product","2":"type-product","3":"status-publish","4":"has-post-thumbnail","6":"product_cat-best-baby-care","7":"product_tag-baby-head-protection","8":"product_tag-baby-head-protection-pillow","9":"product_tag-baby-head-protector","10":"product_tag-toddler-head-protection-pillow","12":"first","13":"instock","14":"sale","15":"taxable","16":"shipping-taxable","17":"purchasable","18":"product-type-variable","19":"wvs-archive-product-wrapper"},"acf":[],"_links":{"self":[{"href":"https:\/\/babyvk.com\/de\/wp-json\/wp\/v2\/product\/16581","targetHints":{"allow":["GET"]}}],"collection":[{"href":"https:\/\/babyvk.com\/de\/wp-json\/wp\/v2\/product"}],"about":[{"href":"https:\/\/babyvk.com\/de\/wp-json\/wp\/v2\/types\/product"}],"replies":[{"embeddable":true,"href":"https:\/\/babyvk.com\/de\/wp-json\/wp\/v2\/comments?post=16581"}],"version-history":[{"count":0,"href":"https:\/\/babyvk.com\/de\/wp-json\/wp\/v2\/product\/16581\/revisions"}],"wp:featuredmedia":[{"embeddable":true,"href":"https:\/\/babyvk.com\/de\/wp-json\/wp\/v2\/media\/16561"}],"wp:attachment":[{"href":"https:\/\/babyvk.com\/de\/wp-json\/wp\/v2\/media?parent=16581"}],"wp:term":[{"taxonomy":"product_brand","embeddable":true,"href":"https:\/\/babyvk.com\/de\/wp-json\/wp\/v2\/product_brand?post=16581"},{"taxonomy":"product_cat","embeddable":true,"href":"https:\/\/babyvk.com\/de\/wp-json\/wp\/v2\/product_cat?post=16581"},{"taxonomy":"product_tag","embeddable":true,"href":"https:\/\/babyvk.com\/de\/wp-json\/wp\/v2\/product_tag?post=16581"}],"curies":[{"name":"wp","href":"https:\/\/api.w.org\/{rel}","templated":true}]}}