{"id":16550,"date":"2023-11-30T18:50:09","date_gmt":"2023-11-30T18:50:09","guid":{"rendered":"https:\/\/babyvk.com\/?post_type=product&#038;p=16550"},"modified":"2026-04-16T15:19:20","modified_gmt":"2026-04-16T15:19:20","slug":"potty-training-seat-with-steps-stool","status":"publish","type":"product","link":"https:\/\/babyvk.com\/de\/product\/potty-training-seat-with-steps-stool\/","title":{"rendered":"T\u00f6pfchentraining Sitz mit Stufen Hocker"},"content":{"rendered":"<div data-elementor-type=\"product-post\" data-elementor-id=\"16550\" class=\"elementor elementor-16550\" data-elementor-post-type=\"product\">\n\t\t\t\t\t\t<section class=\"elementor-section elementor-top-section elementor-element elementor-element-2b82f04 elementor-section-boxed elementor-section-height-default elementor-section-height-default\" data-id=\"2b82f04\" data-element_type=\"section\">\n\t\t\t\t\t\t<div class=\"elementor-container elementor-column-gap-default\">\n\t\t\t\t\t<div class=\"elementor-column elementor-col-100 elementor-top-column elementor-element elementor-element-9d0bcff\" data-id=\"9d0bcff\" data-element_type=\"column\">\n\t\t\t<div class=\"elementor-widget-wrap elementor-element-populated\">\n\t\t\t\t\t\t<div class=\"elementor-element elementor-element-47d823f elementor-widget elementor-widget-wd_text_block\" data-id=\"47d823f\" data-element_type=\"widget\" data-widget_type=\"wd_text_block.default\">\n\t\t\t\t<div class=\"elementor-widget-container\">\n\t\t\t\t\t\t\t<div class=\"wd-text-block reset-last-child text-left\">\n\t\t\t\n\t\t\t<h2>Merkmale:<\/h2><ol><li data-spm-anchor-id=\"a2g0o.detail.1000023.i0.530bSLkQSLkQmc\"><strong>Rutschfest und kein Wackeln mehr:<\/strong> Das rutschfeste TPE-Gummipad auf der R\u00fcckseite und der Unterseite der Leiter passt fest auf die Toilette. Gro\u00dffl\u00e4chiges rutschfestes Design ist vertrauensw\u00fcrdiger f\u00fcr Eltern. Verbreiterte Anti-Rutsch-Leiter macht es einfach f\u00fcr Babys, um zu drehen.<\/li><li data-spm-anchor-id=\"a2g0o.detail.1000023.i0.530bSLkQSLkQmc\"><strong>Winkel- und H\u00f6henverstellung:<\/strong> Der 5-stufige T\u00f6pfchentrainingssitz mit Leiter kann flexibel in der H\u00f6he verstellt werden, je nach Wachstum des Babys. Der verstellbare untere Winkel sorgt daf\u00fcr, dass er f\u00fcr normale Toilettengr\u00f6\u00dfen von 15'' bis 19,3'' geeignet ist.<\/li><li data-spm-anchor-id=\"a2g0o.detail.1000023.i0.530bSLkQSLkQmc\"><strong>Hochwertiges PU-Polster:<\/strong> Im Vergleich zu PVC-Kissen ist das integrierte PU-Kissen leichter zu reinigen. Aus PP-Material hergestellt, bleibt der T\u00f6pfchensitz mit Leiter auch nach wiederholtem Gebrauch stabil.<\/li><li data-spm-anchor-id=\"a2g0o.detail.1000023.i0.530bSLkQSLkQmc\"><strong>Intime Details Design:<\/strong> Der T\u00f6pfchentrainingssitz ist mit glatten Armlehnen ausgestattet, die sich der Kr\u00fcmmung der Babyhand anpassen. Der Pipi-F\u00e4nger ist sowohl f\u00fcr Jungen als auch f\u00fcr M\u00e4dchen im Alter von 1-7 Jahren geeignet und verhindert effektiv das Verspritzen von Urin. Die ergonomisch geformte R\u00fcckenlehne sch\u00fctzt die Wirbels\u00e4ule Ihres Babys.<\/li><li data-spm-anchor-id=\"a2g0o.detail.1000023.i0.530bSLkQSLkQmc\"><strong>Kinder-T\u00f6pfchentraining-Helfer:<\/strong> Dieser T\u00f6pfchentraining Toilettensitz Design mit Step Stool Leiter, die leicht f\u00fcr Kleinkinder klettern nach oben und unten, helfen, eine Gewohnheit der Toilette Unabh\u00e4ngigkeit zu bilden. 5-Gang-H\u00f6he, um nach Kind und Toilette H\u00f6he \u00e4ndern anzupassen.<\/li><li data-spm-anchor-id=\"a2g0o.detail.1000023.i0.530bSLkQSLkQmc\"><strong>Zus\u00e4tzliche Sicherheitssperre hinzugef\u00fcgt:<\/strong> 1) Anti-Rutsch-Fu\u00df-Pedal-Design statt Boden-Pad, f\u00fcgen Sie mehr griffig zu Boden erm\u00f6glichen den Sitz stehen mehr stabil und sicher. 2) Anti-Rutsch-Silikon wasserdichte Matte Design auf dem Schritt Fu\u00dfpedal erm\u00f6glichen die Kinder drehen sich um Sicherheit.<\/li><li data-spm-anchor-id=\"a2g0o.detail.1000023.i0.530bSLkQSLkQmc\"><strong>Sicherer und stabiler:<\/strong> Ausgestattet mit ergonomischer R\u00fcckenlehne, um die Wirbels\u00e4ule des Kindes zu sch\u00fctzen, doppelte Armlehne geben Kleinkind mehr zuverl\u00e4ssigen Halt, sch\u00fctzt Baby gegen versehentlich fallen.<\/li><li data-spm-anchor-id=\"a2g0o.detail.1000023.i0.530bSLkQSLkQmc\"><strong>Langlebig und komfortabel:<\/strong> Haupts\u00e4chlich aus Premium-PP-Qualit\u00e4t, die leicht bis zu 75KG (166lb) halten kann. Das weiche, abnehmbare PU-Polster bietet auch im kalten Winter einen hohen Komfort, und die glatte Oberfl\u00e4che erm\u00f6glicht eine problemlose Reinigung.<\/li><li data-spm-anchor-id=\"a2g0o.detail.1000023.i0.530bSLkQSLkQmc\"><strong>Zur Aufbewahrung falten:<\/strong> Dieser Kleinkind-Toilettensitz l\u00e4sst sich unter Anleitung leicht zusammenbauen. W\u00e4hrend nach der Verwendung kann der Sitz kompakt hinter der T\u00fcr \/ Wand gefaltet werden, um Platz zu sparen.<\/li><\/ol>\n\t\t\t\t\t<\/div>\n\t\t\t\t\t\t<\/div>\n\t\t\t\t<\/div>\n\t\t\t\t\t<\/div>\n\t\t<\/div>\n\t\t\t\t\t<\/div>\n\t\t<\/section>\n\t\t\t\t<section class=\"wd-negative-gap elementor-section elementor-top-section elementor-element elementor-element-8624a0c elementor-section-boxed elementor-section-height-default elementor-section-height-default\" data-id=\"8624a0c\" data-element_type=\"section\">\n\t\t\t\t\t\t<div class=\"elementor-container elementor-column-gap-default\">\n\t\t\t\t\t<div class=\"elementor-column elementor-col-100 elementor-top-column elementor-element elementor-element-6838323\" data-id=\"6838323\" data-element_type=\"column\">\n\t\t\t<div class=\"elementor-widget-wrap elementor-element-populated\">\n\t\t\t\t\t\t<div class=\"elementor-element elementor-element-f7cb203 wd-width-100 elementor-widget elementor-widget-wd_title\" data-id=\"f7cb203\" data-element_type=\"widget\" data-widget_type=\"wd_title.default\">\n\t\t\t\t<div class=\"elementor-widget-container\">\n\t\t\t\t\t\t\t<div class=\"title-wrapper wd-set-mb reset-last-child wd-title-color-default wd-title-style-default wd-title-size-default text-center\">\n\n\t\t\t\t\t\t\t\t\t\t\t<div class=\"title-subtitle subtitle-color-default subtitle-style-default wd-fontsize-xs\">\n\t\t\t\t\tUNSERE ECHTE SHOW SEHEN\t\t\t\t<\/div>\n\t\t\t\n\t\t\t<div class=\"liner-continer\">\n\t\t\t\t<h4 class=\"woodmart-title-container title wd-fontsize-l\">Unser kurzes Video<\/h4> \n\t\t\t\t\t\t\t<\/div>\n\n\t\t\t\t\t\t\t<div class=\"title-after_title reset-last-child wd-fontsize-xs\">\n\t\t\t\t\t<p>Zeigen Sie die Szene, in der das Produkt verwendet wird, und informieren Sie sich \u00fcber weitere Einzelheiten.<\/p>\t\t\t\t<\/div>\n\t\t\t\t\t<\/div>\n\t\t\t\t\t\t<\/div>\n\t\t\t\t<\/div>\n\t\t\t\t<div class=\"elementor-element elementor-element-9c1c840 elementor-widget elementor-widget-wd_testimonials\" data-id=\"9c1c840\" data-element_type=\"widget\" data-widget_type=\"wd_testimonials.default\">\n\t\t\t\t<div class=\"elementor-widget-container\">\n\t\t\t\t\t\t\t<div class=\"testimonials testimon-style-standard  color-scheme- testimon-align-center wd-carousel-container\" id=\"carousel-6100\">\n\t\t\t\t\t\t\t<div class=\"wd-carousel-inner\">\n\t\t\t\n\t\t\t<div class=\"wd-carousel wd-grid\" data-scroll_per_page=\"yes\" style=\"--wd-col-lg:2;--wd-col-md:2;--wd-col-sm:1;--wd-gap-lg:30px;--wd-gap-sm:10px;\">\n\t\t\t\t\t\t\t\t\t<div class=\"wd-carousel-wrap\">\n\t\t\t\t\n\t\t\t\t\t\t\t\t\t\n<div class=\"testimonial wd-carousel-item\">\n\t<div class=\"testimonial-inner\">\n\t\t\n\t\t<div class=\"testimonial-content\">\n\t\t\t<div class=\"testimonial-rating\">\n\t\t\t\t<span class=\"star-rating\">\n\t\t\t\t\t<span style=\"width:100%\"><\/span>\n\t\t\t\t<\/span>\n\t\t\t<\/div>\n\n\t\t\t<p><iframe  id=\"_ytid_52070\"  width=\"800\" height=\"450\"  data-origwidth=\"800\" data-origheight=\"450\"  data-relstop=\"1\" src=\"https:\/\/www.youtube.com\/embed\/pURYQg4VmaU?enablejsapi=1&autoplay=0&cc_load_policy=1&cc_lang_pref=&iv_load_policy=3&loop=0&rel=0&fs=1&playsinline=0&autohide=2&theme=dark&color=red&controls=1&disablekb=0&\" class=\"__youtube_prefs__  no-lazyload\" title=\"YouTube-Player\"  allow=\"fullscreen; accelerometer; autoplay; clipboard-write; encrypted-media; gyroscope; picture-in-picture; web-share\" referrerpolicy=\"strict-origin-when-cross-origin\" allowfullscreen data-no-lazy=\"1\" data-skipgform_ajax_framebjll=\"\"><\/iframe><\/p>\n\t\t\t<footer>\n\t\t\t\t\n\t\t\t\t\t\t\t<\/footer>\n\t\t<\/div>\n\t<\/div>\n<\/div>\t\t\t\t\t\t\t\t\t\n<div class=\"testimonial wd-carousel-item\">\n\t<div class=\"testimonial-inner\">\n\t\t\n\t\t<div class=\"testimonial-content\">\n\t\t\t<div class=\"testimonial-rating\">\n\t\t\t\t<span class=\"star-rating\">\n\t\t\t\t\t<span style=\"width:100%\"><\/span>\n\t\t\t\t<\/span>\n\t\t\t<\/div>\n\n\t\t\t<p><iframe  id=\"_ytid_82645\"  width=\"800\" height=\"450\"  data-origwidth=\"800\" data-origheight=\"450\"  data-relstop=\"1\" src=\"https:\/\/www.youtube.com\/embed\/kknTQjxmvo0?enablejsapi=1&autoplay=0&cc_load_policy=1&cc_lang_pref=&iv_load_policy=3&loop=0&rel=0&fs=1&playsinline=0&autohide=2&theme=dark&color=red&controls=1&disablekb=0&\" class=\"__youtube_prefs__  no-lazyload\" title=\"YouTube-Player\"  allow=\"fullscreen; accelerometer; autoplay; clipboard-write; encrypted-media; gyroscope; picture-in-picture; web-share\" referrerpolicy=\"strict-origin-when-cross-origin\" allowfullscreen data-no-lazy=\"1\" data-skipgform_ajax_framebjll=\"\"><\/iframe><\/p>\n\t\t\t<footer>\n\t\t\t\t\n\t\t\t\t\t\t\t<\/footer>\n\t\t<\/div>\n\t<\/div>\n<\/div>\t\t\t\t\t\t\t\t\t\n<div class=\"testimonial wd-carousel-item\">\n\t<div class=\"testimonial-inner\">\n\t\t\n\t\t<div class=\"testimonial-content\">\n\t\t\t<div class=\"testimonial-rating\">\n\t\t\t\t<span class=\"star-rating\">\n\t\t\t\t\t<span style=\"width:100%\"><\/span>\n\t\t\t\t<\/span>\n\t\t\t<\/div>\n\n\t\t\t<p><iframe  id=\"_ytid_27458\"  width=\"800\" height=\"450\"  data-origwidth=\"800\" data-origheight=\"450\"  data-relstop=\"1\" src=\"https:\/\/www.youtube.com\/embed\/Djzz1lIOSH4?enablejsapi=1&autoplay=0&cc_load_policy=1&cc_lang_pref=&iv_load_policy=3&loop=0&rel=0&fs=1&playsinline=0&autohide=2&theme=dark&color=red&controls=1&disablekb=0&\" class=\"__youtube_prefs__  no-lazyload\" title=\"YouTube-Player\"  allow=\"fullscreen; accelerometer; autoplay; clipboard-write; encrypted-media; gyroscope; picture-in-picture; web-share\" referrerpolicy=\"strict-origin-when-cross-origin\" allowfullscreen data-no-lazy=\"1\" data-skipgform_ajax_framebjll=\"\"><\/iframe><\/p>\n\t\t\t<footer>\n\t\t\t\t\n\t\t\t\t\t\t\t<\/footer>\n\t\t<\/div>\n\t<\/div>\n<\/div>\t\t\t\t\t\t\t\t\t\n<div class=\"testimonial wd-carousel-item\">\n\t<div class=\"testimonial-inner\">\n\t\t\n\t\t<div class=\"testimonial-content\">\n\t\t\t<div class=\"testimonial-rating\">\n\t\t\t\t<span class=\"star-rating\">\n\t\t\t\t\t<span style=\"width:100%\"><\/span>\n\t\t\t\t<\/span>\n\t\t\t<\/div>\n\n\t\t\t<p><iframe  id=\"_ytid_49658\"  width=\"800\" height=\"450\"  data-origwidth=\"800\" data-origheight=\"450\"  data-relstop=\"1\" src=\"https:\/\/www.youtube.com\/embed\/EVNzByXWjh4?enablejsapi=1&autoplay=0&cc_load_policy=1&cc_lang_pref=&iv_load_policy=3&loop=0&rel=0&fs=1&playsinline=0&autohide=2&theme=dark&color=red&controls=1&disablekb=0&\" class=\"__youtube_prefs__  no-lazyload\" title=\"YouTube-Player\"  allow=\"fullscreen; accelerometer; autoplay; clipboard-write; encrypted-media; gyroscope; picture-in-picture; web-share\" referrerpolicy=\"strict-origin-when-cross-origin\" allowfullscreen data-no-lazy=\"1\" data-skipgform_ajax_framebjll=\"\"><\/iframe><\/p>\n\t\t\t<footer>\n\t\t\t\t\n\t\t\t\t\t\t\t<\/footer>\n\t\t<\/div>\n\t<\/div>\n<\/div>\t\t\t\t\t\t\t\t\t\n<div class=\"testimonial wd-carousel-item\">\n\t<div class=\"testimonial-inner\">\n\t\t\n\t\t<div class=\"testimonial-content\">\n\t\t\t<div class=\"testimonial-rating\">\n\t\t\t\t<span class=\"star-rating\">\n\t\t\t\t\t<span style=\"width:100%\"><\/span>\n\t\t\t\t<\/span>\n\t\t\t<\/div>\n\n\t\t\t<p><iframe  id=\"_ytid_57320\"  width=\"800\" height=\"450\"  data-origwidth=\"800\" data-origheight=\"450\"  data-relstop=\"1\" src=\"https:\/\/www.youtube.com\/embed\/NxPaz_NPM5U?enablejsapi=1&autoplay=0&cc_load_policy=1&cc_lang_pref=&iv_load_policy=3&loop=0&rel=0&fs=1&playsinline=0&autohide=2&theme=dark&color=red&controls=1&disablekb=0&\" class=\"__youtube_prefs__  no-lazyload\" title=\"YouTube-Player\"  allow=\"fullscreen; accelerometer; autoplay; clipboard-write; encrypted-media; gyroscope; picture-in-picture; web-share\" referrerpolicy=\"strict-origin-when-cross-origin\" allowfullscreen data-no-lazy=\"1\" data-skipgform_ajax_framebjll=\"\"><\/iframe><\/p>\n\t\t\t<footer>\n\t\t\t\t\n\t\t\t\t\t\t\t<\/footer>\n\t\t<\/div>\n\t<\/div>\n<\/div>\t\t\t\t\n\t\t\t\t\t\t\t\t\t<\/div>\n\t\t\t\t\t\t\t<\/div>\n\t\t\t\t\t\t\t\t\t\t\t\t\t\t<div class=\"wd-nav-arrows wd-pos-sep wd-hover-1 wd-icon-1\">\n\t\t\t<div class=\"wd-btn-arrow wd-prev wd-disabled\">\n\t\t\t\t<div class=\"wd-arrow-inner\"><\/div>\n\t\t\t<\/div>\n\t\t\t<div class=\"wd-btn-arrow wd-next\">\n\t\t\t\t<div class=\"wd-arrow-inner\"><\/div>\n\t\t\t<\/div>\n\t\t<\/div>\n\t\t\t\t\t\t\n\t\t\t\t<\/div>\n\n\t\t\t\t\t\t<div class=\"wd-nav-pagin-wrap text-center wd-style-shape wd-hide-md-sm wd-hide-sm\">\n\t\t\t<ul class=\"wd-nav-pagin\"><\/ul>\n\t\t<\/div>\n\t\t\t\t\t\t\t\t\t\t\t<\/div>\n\t\t\t\t\t\t<\/div>\n\t\t\t\t<\/div>\n\t\t\t\t\t<\/div>\n\t\t<\/div>\n\t\t\t\t\t<\/div>\n\t\t<\/section>\n\t\t\t\t<\/div>","protected":false},"excerpt":{"rendered":"<p>&#8220;<strong>Schwierigkeiten beim T\u00f6pfchentraining?<\/strong> Entdecken Sie unseren T\u00f6pfchentrainingssitz mit Stufenhocker! L\u00f6sen Sie die Herausforderungen des Toilettentrainings f\u00fcr Kleinkinder ganz einfach. Jetzt versandkostenfrei einkaufen und 30% Rabatt erhalten!\"<\/p>","protected":false},"featured_media":16547,"comment_status":"open","ping_status":"closed","template":"","meta":{"_acf_changed":false},"product_brand":[],"product_cat":[29],"product_tag":[740,741,738,737,739],"class_list":{"0":"post-16550","1":"product","2":"type-product","3":"status-publish","4":"has-post-thumbnail","6":"product_cat-best-baby-care","7":"product_tag-baby-toilet-step","8":"product_tag-kids-toilet-steps","9":"product_tag-potty-training-seat","10":"product_tag-potty-training-step","11":"product_tag-toilet-training-seat-with-steps","13":"first","14":"instock","15":"sale","16":"taxable","17":"shipping-taxable","18":"purchasable","19":"product-type-variable","20":"wvs-archive-product-wrapper"},"acf":[],"_links":{"self":[{"href":"https:\/\/babyvk.com\/de\/wp-json\/wp\/v2\/product\/16550","targetHints":{"allow":["GET"]}}],"collection":[{"href":"https:\/\/babyvk.com\/de\/wp-json\/wp\/v2\/product"}],"about":[{"href":"https:\/\/babyvk.com\/de\/wp-json\/wp\/v2\/types\/product"}],"replies":[{"embeddable":true,"href":"https:\/\/babyvk.com\/de\/wp-json\/wp\/v2\/comments?post=16550"}],"version-history":[{"count":2,"href":"https:\/\/babyvk.com\/de\/wp-json\/wp\/v2\/product\/16550\/revisions"}],"predecessor-version":[{"id":25681,"href":"https:\/\/babyvk.com\/de\/wp-json\/wp\/v2\/product\/16550\/revisions\/25681"}],"wp:featuredmedia":[{"embeddable":true,"href":"https:\/\/babyvk.com\/de\/wp-json\/wp\/v2\/media\/16547"}],"wp:attachment":[{"href":"https:\/\/babyvk.com\/de\/wp-json\/wp\/v2\/media?parent=16550"}],"wp:term":[{"taxonomy":"product_brand","embeddable":true,"href":"https:\/\/babyvk.com\/de\/wp-json\/wp\/v2\/product_brand?post=16550"},{"taxonomy":"product_cat","embeddable":true,"href":"https:\/\/babyvk.com\/de\/wp-json\/wp\/v2\/product_cat?post=16550"},{"taxonomy":"product_tag","embeddable":true,"href":"https:\/\/babyvk.com\/de\/wp-json\/wp\/v2\/product_tag?post=16550"}],"curies":[{"name":"wp","href":"https:\/\/api.w.org\/{rel}","templated":true}]}}