{"id":16504,"date":"2023-11-29T16:55:07","date_gmt":"2023-11-29T16:55:07","guid":{"rendered":"https:\/\/babyvk.com\/?post_type=product&#038;p=16504"},"modified":"2025-03-10T20:03:31","modified_gmt":"2025-03-10T20:03:31","slug":"baby-medicine-dispenser-syringe","status":"publish","type":"product","link":"https:\/\/babyvk.com\/de\/product\/baby-medicine-dispenser-syringe\/","title":{"rendered":"Baby-Medizin-Spender-Spritze"},"content":{"rendered":"<div data-elementor-type=\"product-post\" data-elementor-id=\"16504\" class=\"elementor elementor-16504\" data-elementor-post-type=\"product\">\n\t\t\t\t\t\t<section class=\"elementor-section elementor-top-section elementor-element elementor-element-3ecc431 elementor-section-boxed elementor-section-height-default elementor-section-height-default\" data-id=\"3ecc431\" data-element_type=\"section\">\n\t\t\t\t\t\t<div class=\"elementor-container elementor-column-gap-default\">\n\t\t\t\t\t<div class=\"elementor-column elementor-col-100 elementor-top-column elementor-element elementor-element-756f26d\" data-id=\"756f26d\" data-element_type=\"column\">\n\t\t\t<div class=\"elementor-widget-wrap elementor-element-populated\">\n\t\t\t\t\t\t<div class=\"elementor-element elementor-element-f209006 elementor-widget elementor-widget-wd_text_block\" data-id=\"f209006\" data-element_type=\"widget\" data-widget_type=\"wd_text_block.default\">\n\t\t\t\t<div class=\"elementor-widget-container\">\n\t\t\t\t\t\t\t<div class=\"wd-text-block reset-last-child text-left\">\n\t\t\t\n\t\t\t<h2>Beschreibung:<\/h2><p>Vereinfachen Sie die Medikamenteneinnahme mit unserer Baby-Dosierspritze! Kein Kleckern oder K\u00e4mpfen mehr - nur noch genaues Dosieren. Vereinfachen Sie die Medikamenteneinnahme f\u00fcr Ihr Kind!<\/p>\n\t\t\t\t\t<\/div>\n\t\t\t\t\t\t<\/div>\n\t\t\t\t<\/div>\n\t\t\t\t<div class=\"elementor-element elementor-element-a88be35 elementor-widget elementor-widget-wd_text_block\" data-id=\"a88be35\" data-element_type=\"widget\" data-widget_type=\"wd_text_block.default\">\n\t\t\t\t<div class=\"elementor-widget-container\">\n\t\t\t\t\t\t\t<div class=\"wd-text-block reset-last-child text-left\">\n\t\t\t\n\t\t\t<h2>Merkmale:<\/h2><ol><li>Genaue Dosierung: Gew\u00e4hrleistet eine pr\u00e4zise Verabreichung durch kalibrierte Spritzenmarkierungen.<\/li><li>Sichere Verabreichung: Die doppelt abgewinkelte Spitze verteilt das Medikament auf die Wangen des Kindes und nicht in den Rachen, wodurch die Gefahr des Verschluckens verringert wird.<\/li><li>Leicht zu reinigen: M\u00fchelos zerlegbar und reinigbar, damit die Hygiene bei jedem Gebrauch gew\u00e4hrleistet ist.<\/li><li>Sichere Materialien: Hergestellt aus ungiftigen Materialien, die frei von Bisphenol A sind, um die Sicherheit des Babys zu gew\u00e4hrleisten.<\/li><li>Vielseitig verwendbar: Geeignet f\u00fcr orale Medikamente, Vitamine und sogar fl\u00fcssige Formulierungen wie Sirup.<\/li><\/ol>\n\t\t\t\t\t<\/div>\n\t\t\t\t\t\t<\/div>\n\t\t\t\t<\/div>\n\t\t\t\t<div class=\"elementor-element elementor-element-cf86358 elementor-widget elementor-widget-wd_text_block\" data-id=\"cf86358\" data-element_type=\"widget\" data-widget_type=\"wd_text_block.default\">\n\t\t\t\t<div class=\"elementor-widget-container\">\n\t\t\t\t\t\t\t<div class=\"wd-text-block reset-last-child text-left\">\n\t\t\t\n\t\t\t<h2>Spezifikation:<\/h2><ul><li>Material: Silikon + PP<\/li><li>Gr\u00f6\u00dfe: L\u00e4nge: 13cm\/5.12in<\/li><li>Breite: 4.5cm\/1.77in<\/li><li>Farbe: Blau, Rosa, Wei\u00df<\/li><li>Menge: 1 Packung Baby-Medizin-Spender<\/li><\/ul>\n\t\t\t\t\t<\/div>\n\t\t\t\t\t\t<\/div>\n\t\t\t\t<\/div>\n\t\t\t\t<div class=\"elementor-element elementor-element-533ad84 elementor-widget elementor-widget-wd_text_block\" data-id=\"533ad84\" data-element_type=\"widget\" data-widget_type=\"wd_text_block.default\">\n\t\t\t\t<div class=\"elementor-widget-container\">\n\t\t\t\t\t\t\t<div class=\"wd-text-block reset-last-child text-left\">\n\t\t\t\n\t\t\t<h2>Paket:\u00a0<\/h2><ul><li>1 Baby-Medizin-Spender-Spritze<\/li><\/ul>\n\t\t\t\t\t<\/div>\n\t\t\t\t\t\t<\/div>\n\t\t\t\t<\/div>\n\t\t\t\t\t<\/div>\n\t\t<\/div>\n\t\t\t\t\t<\/div>\n\t\t<\/section>\n\t\t\t\t<\/div>","protected":false},"excerpt":{"rendered":"<p>&#8220;<strong>Sie suchen nach einer unkomplizierten M\u00f6glichkeit, Ihrem Baby Medikamente zu verabreichen?<\/strong> Unsere Baby-Medikamenten-Spritze ist die L\u00f6sung! Geben Sie Ihrem Kind sicher und pr\u00e4zise Medizin. Jetzt versandkostenfrei einkaufen und 30% Rabatt erhalten!\"<\/p>","protected":false},"featured_media":16513,"comment_status":"open","ping_status":"closed","template":"","meta":{"_acf_changed":false},"product_brand":[],"product_cat":[29],"product_tag":[733,735,734,736],"class_list":{"0":"post-16504","1":"product","2":"type-product","3":"status-publish","4":"has-post-thumbnail","6":"product_cat-best-baby-care","7":"product_tag-baby-medicine-dispenser","8":"product_tag-baby-medicine-dropper","9":"product_tag-baby-medicine-syringe","10":"product_tag-infant-medicine-pacifier-dispenser","12":"first","13":"instock","14":"sale","15":"taxable","16":"shipping-taxable","17":"purchasable","18":"product-type-variable","19":"wvs-archive-product-wrapper"},"acf":[],"_links":{"self":[{"href":"https:\/\/babyvk.com\/de\/wp-json\/wp\/v2\/product\/16504","targetHints":{"allow":["GET"]}}],"collection":[{"href":"https:\/\/babyvk.com\/de\/wp-json\/wp\/v2\/product"}],"about":[{"href":"https:\/\/babyvk.com\/de\/wp-json\/wp\/v2\/types\/product"}],"replies":[{"embeddable":true,"href":"https:\/\/babyvk.com\/de\/wp-json\/wp\/v2\/comments?post=16504"}],"version-history":[{"count":0,"href":"https:\/\/babyvk.com\/de\/wp-json\/wp\/v2\/product\/16504\/revisions"}],"wp:featuredmedia":[{"embeddable":true,"href":"https:\/\/babyvk.com\/de\/wp-json\/wp\/v2\/media\/16513"}],"wp:attachment":[{"href":"https:\/\/babyvk.com\/de\/wp-json\/wp\/v2\/media?parent=16504"}],"wp:term":[{"taxonomy":"product_brand","embeddable":true,"href":"https:\/\/babyvk.com\/de\/wp-json\/wp\/v2\/product_brand?post=16504"},{"taxonomy":"product_cat","embeddable":true,"href":"https:\/\/babyvk.com\/de\/wp-json\/wp\/v2\/product_cat?post=16504"},{"taxonomy":"product_tag","embeddable":true,"href":"https:\/\/babyvk.com\/de\/wp-json\/wp\/v2\/product_tag?post=16504"}],"curies":[{"name":"wp","href":"https:\/\/api.w.org\/{rel}","templated":true}]}}