{"id":16483,"date":"2023-11-28T17:29:22","date_gmt":"2023-11-28T17:29:22","guid":{"rendered":"https:\/\/babyvk.com\/?post_type=product&#038;p=16483"},"modified":"2025-03-10T20:03:31","modified_gmt":"2025-03-10T20:03:31","slug":"mini-kids-trampoline-jump-with-net","status":"publish","type":"product","link":"https:\/\/babyvk.com\/de\/product\/mini-kids-trampoline-jump-with-net\/","title":{"rendered":"Mini Kinder Trampolin springen mit Netz"},"content":{"rendered":"<div data-elementor-type=\"product-post\" data-elementor-id=\"16483\" class=\"elementor elementor-16483\" data-elementor-post-type=\"product\">\n\t\t\t\t\t\t<section class=\"elementor-section elementor-top-section elementor-element elementor-element-deed60d elementor-section-boxed elementor-section-height-default elementor-section-height-default\" data-id=\"deed60d\" data-element_type=\"section\">\n\t\t\t\t\t\t<div class=\"elementor-container elementor-column-gap-default\">\n\t\t\t\t\t<div class=\"elementor-column elementor-col-100 elementor-top-column elementor-element elementor-element-078795e\" data-id=\"078795e\" data-element_type=\"column\">\n\t\t\t<div class=\"elementor-widget-wrap elementor-element-populated\">\n\t\t\t\t\t\t<div class=\"elementor-element elementor-element-3ec2e12 elementor-widget elementor-widget-wd_text_block\" data-id=\"3ec2e12\" data-element_type=\"widget\" data-widget_type=\"wd_text_block.default\">\n\t\t\t\t<div class=\"elementor-widget-container\">\n\t\t\t\t\t\t\t<div class=\"wd-text-block reset-last-child text-left\">\n\t\t\t\n\t\t\t<h2>Merkmale:<\/h2><ol><li data-spm-anchor-id=\"a2g0o.detail.1000023.i3.3e19SABHSABHUO\">Das Design des externen Netzes unterscheidet sich von dem anderer Trampoline, so dass das Trampolin mehr Platz hat und sch\u00f6ner, haltbarer und bequemer ist.<\/li><li data-spm-anchor-id=\"a2g0o.detail.1000023.i3.3e19SABHSABHUO\">Der verzinkte Stahlrahmen mit Verst\u00e4rkung stabilisiert den oberen \u00dcberdachungsrahmen mit dem Trampolinrahmen und verhindert strukturelle Verwindungen. Das ma\u00dfgeschneiderte, robuste Sicherheitsnetz ist aus hochdichtem, engmaschigem, UV-behandeltem PE-Garn gefertigt.<\/li><li data-spm-anchor-id=\"a2g0o.detail.1000023.i3.3e19SABHSABHUO\">Die schweren 4-Zoll-Federn sorgen f\u00fcr eine hervorragende Sprungkraft und sind rostbest\u00e4ndig. Die Sprungmatte ist aus hochbelastbarem, UV-Schutz Polypropylen f\u00fcr St\u00e4rke und durability.the gelbe Farbe Design macht Trampolin mehr sportlich und dynamisch aussehen.<\/li><li data-spm-anchor-id=\"a2g0o.detail.1000023.i3.3e19SABHSABHUO\">Enth\u00e4lt alle notwendigen Werkzeuge und Hardware f\u00fcr eine einfache und schnelle Montage. Nachdem Sie das Trampolin erhalten haben, k\u00f6nnen Sie es sofort aufbauen. Kein zus\u00e4tzliches Zubeh\u00f6r oder Werkzeug zu installieren.<\/li><\/ol><p>&nbsp;<\/p><h2>Spezifikationen:<\/h2><ul><li data-spm-anchor-id=\"a2g0o.detail.1000023.i1.3e19SABHSABHUO\">Name: Mini Kinder Trampolin Sprung<\/li><li data-spm-anchor-id=\"a2g0o.detail.1000023.i1.3e19SABHSABHUO\">Gr\u00f6\u00dfe: 55 Zoll (140cm)<\/li><li data-spm-anchor-id=\"a2g0o.detail.1000023.i1.3e19SABHSABHUO\">Farbe:Gelb,Rot,Blau<\/li><li data-spm-anchor-id=\"a2g0o.detail.1000023.i1.3e19SABHSABHUO\">Gewichtskapazit\u00e4t: 250kg(550 lbs)<\/li><li data-spm-anchor-id=\"a2g0o.detail.1000023.i1.3e19SABHSABHUO\">Material des Rahmens: Verzinktes Stahlrohr<\/li><li data-spm-anchor-id=\"a2g0o.detail.1000023.i1.3e19SABHSABHUO\">Material des Sprungtuchs: PP<\/li><li data-spm-anchor-id=\"a2g0o.detail.1000023.i1.3e19SABHSABHUO\">Geschenkzubeh\u00f6r:Ringe, Ozeanball, Basketballkorb, Basketball, Aufblasvorrichtung<\/li><\/ul>\n\t\t\t\t\t<\/div>\n\t\t\t\t\t\t<\/div>\n\t\t\t\t<\/div>\n\t\t\t\t\t<\/div>\n\t\t<\/div>\n\t\t\t\t\t<\/div>\n\t\t<\/section>\n\t\t\t\t<section class=\"wd-negative-gap elementor-section elementor-top-section elementor-element elementor-element-b878736 elementor-section-boxed elementor-section-height-default elementor-section-height-default\" data-id=\"b878736\" data-element_type=\"section\">\n\t\t\t\t\t\t<div class=\"elementor-container elementor-column-gap-default\">\n\t\t\t\t\t<div class=\"elementor-column elementor-col-100 elementor-top-column elementor-element elementor-element-046ce11\" data-id=\"046ce11\" data-element_type=\"column\">\n\t\t\t<div class=\"elementor-widget-wrap elementor-element-populated\">\n\t\t\t\t\t\t<div class=\"elementor-element elementor-element-56a431d wd-width-100 elementor-widget elementor-widget-wd_title\" data-id=\"56a431d\" data-element_type=\"widget\" data-widget_type=\"wd_title.default\">\n\t\t\t\t<div class=\"elementor-widget-container\">\n\t\t\t\t\t\t\t<div class=\"title-wrapper wd-set-mb reset-last-child wd-title-color-default wd-title-style-default wd-title-size-default text-center\">\n\n\t\t\t\t\t\t\t\t\t\t\t<div class=\"title-subtitle subtitle-color-default subtitle-style-default wd-fontsize-xs\">\n\t\t\t\t\tUNSERE ECHTE SHOW SEHEN\t\t\t\t<\/div>\n\t\t\t\n\t\t\t<div class=\"liner-continer\">\n\t\t\t\t<h4 class=\"woodmart-title-container title wd-fontsize-l\">Unser kurzes Video<\/h4> \n\t\t\t\t\t\t\t<\/div>\n\n\t\t\t\t\t\t\t<div class=\"title-after_title reset-last-child wd-fontsize-xs\">\n\t\t\t\t\t<p>Zeigen Sie die Szene, in der das Produkt verwendet wird, und informieren Sie sich \u00fcber weitere Einzelheiten.<\/p>\t\t\t\t<\/div>\n\t\t\t\t\t<\/div>\n\t\t\t\t\t\t<\/div>\n\t\t\t\t<\/div>\n\t\t\t\t<div class=\"elementor-element elementor-element-cfbe093 elementor-widget elementor-widget-wd_testimonials\" data-id=\"cfbe093\" data-element_type=\"widget\" data-widget_type=\"wd_testimonials.default\">\n\t\t\t\t<div class=\"elementor-widget-container\">\n\t\t\t\t\t\t\t<div class=\"testimonials testimon-style-standard  color-scheme- testimon-align-center wd-carousel-container\" id=\"carousel-4224\">\n\t\t\t\t\t\t\t<div class=\"wd-carousel-inner\">\n\t\t\t\n\t\t\t<div class=\"wd-carousel wd-grid\" data-scroll_per_page=\"yes\" style=\"--wd-col-lg:1;--wd-col-md:1;--wd-col-sm:1;--wd-gap-lg:30px;--wd-gap-sm:10px;\">\n\t\t\t\t\t\t\t\t\t<div class=\"wd-carousel-wrap\">\n\t\t\t\t\n\t\t\t\t\t\t\t\t\t\n<div class=\"testimonial wd-carousel-item\">\n\t<div class=\"testimonial-inner\">\n\t\t\n\t\t<div class=\"testimonial-content\">\n\t\t\t<div class=\"testimonial-rating\">\n\t\t\t\t<span class=\"star-rating\">\n\t\t\t\t\t<span style=\"width:100%\"><\/span>\n\t\t\t\t<\/span>\n\t\t\t<\/div>\n\n\t\t\t<p><iframe  id=\"_ytid_58700\"  width=\"800\" height=\"450\"  data-origwidth=\"800\" data-origheight=\"450\"  data-relstop=\"1\" src=\"https:\/\/www.youtube.com\/embed\/7NIABCRwMjI?enablejsapi=1&autoplay=0&cc_load_policy=1&cc_lang_pref=&iv_load_policy=3&loop=0&rel=0&fs=1&playsinline=0&autohide=2&theme=dark&color=red&controls=1&disablekb=0&\" class=\"__youtube_prefs__  no-lazyload\" title=\"YouTube-Player\"  allow=\"fullscreen; accelerometer; autoplay; clipboard-write; encrypted-media; gyroscope; picture-in-picture; web-share\" referrerpolicy=\"strict-origin-when-cross-origin\" allowfullscreen data-no-lazy=\"1\" data-skipgform_ajax_framebjll=\"\"><\/iframe><\/p>\n\t\t\t<footer>\n\t\t\t\t\n\t\t\t\t\t\t\t<\/footer>\n\t\t<\/div>\n\t<\/div>\n<\/div>\t\t\t\t\n\t\t\t\t\t\t\t\t\t<\/div>\n\t\t\t\t\t\t\t<\/div>\n\t\t\t\t\t\t\t\t\t\t\t\t\t\t<div class=\"wd-nav-arrows wd-pos-sep wd-hover-1 wd-icon-1\">\n\t\t\t<div class=\"wd-btn-arrow wd-prev wd-disabled\">\n\t\t\t\t<div class=\"wd-arrow-inner\"><\/div>\n\t\t\t<\/div>\n\t\t\t<div class=\"wd-btn-arrow wd-next\">\n\t\t\t\t<div class=\"wd-arrow-inner\"><\/div>\n\t\t\t<\/div>\n\t\t<\/div>\n\t\t\t\t\t\t\n\t\t\t\t<\/div>\n\n\t\t\t\t\t\t<div class=\"wd-nav-pagin-wrap text-center wd-style-shape wd-hide-md-sm wd-hide-sm\">\n\t\t\t<ul class=\"wd-nav-pagin\"><\/ul>\n\t\t<\/div>\n\t\t\t\t\t\t\t\t\t\t\t<\/div>\n\t\t\t\t\t\t<\/div>\n\t\t\t\t<\/div>\n\t\t\t\t\t<\/div>\n\t\t<\/div>\n\t\t\t\t\t<\/div>\n\t\t<\/section>\n\t\t\t\t<\/div>","protected":false},"excerpt":{"rendered":"<p>&#8220;<strong>Suchen Sie nach einer sicheren und lustigen M\u00f6glichkeit f\u00fcr Ihre kleinen Abenteurer, aktiv zu bleiben?<\/strong> Entdecken Sie das Mini Kids Trampolin Jump mit Netz! Neugierige K\u00f6pfe springen in eine Welt voller Freude, w\u00e4hrend das sichere Netz f\u00fcr sorgenfreie Spielzeit sorgt. Jetzt versandkostenfrei einkaufen und 30% Rabatt erhalten!\"<\/p>","protected":false},"featured_media":16477,"comment_status":"open","ping_status":"closed","template":"","meta":{"_acf_changed":false},"product_brand":[],"product_cat":[509],"product_tag":[729,732,731,728,730],"class_list":{"0":"post-16483","1":"product","2":"type-product","3":"status-publish","4":"has-post-thumbnail","6":"product_cat-best-baby-toys","7":"product_tag-mini-kids-trampoline","8":"product_tag-small-kids-trampoline","9":"product_tag-small-trampoline-with-net","10":"product_tag-small-trampolines","11":"product_tag-trampolines-for-children","13":"first","14":"instock","15":"sale","16":"taxable","17":"shipping-taxable","18":"purchasable","19":"product-type-variable","20":"wvs-archive-product-wrapper"},"acf":[],"_links":{"self":[{"href":"https:\/\/babyvk.com\/de\/wp-json\/wp\/v2\/product\/16483","targetHints":{"allow":["GET"]}}],"collection":[{"href":"https:\/\/babyvk.com\/de\/wp-json\/wp\/v2\/product"}],"about":[{"href":"https:\/\/babyvk.com\/de\/wp-json\/wp\/v2\/types\/product"}],"replies":[{"embeddable":true,"href":"https:\/\/babyvk.com\/de\/wp-json\/wp\/v2\/comments?post=16483"}],"version-history":[{"count":0,"href":"https:\/\/babyvk.com\/de\/wp-json\/wp\/v2\/product\/16483\/revisions"}],"wp:featuredmedia":[{"embeddable":true,"href":"https:\/\/babyvk.com\/de\/wp-json\/wp\/v2\/media\/16477"}],"wp:attachment":[{"href":"https:\/\/babyvk.com\/de\/wp-json\/wp\/v2\/media?parent=16483"}],"wp:term":[{"taxonomy":"product_brand","embeddable":true,"href":"https:\/\/babyvk.com\/de\/wp-json\/wp\/v2\/product_brand?post=16483"},{"taxonomy":"product_cat","embeddable":true,"href":"https:\/\/babyvk.com\/de\/wp-json\/wp\/v2\/product_cat?post=16483"},{"taxonomy":"product_tag","embeddable":true,"href":"https:\/\/babyvk.com\/de\/wp-json\/wp\/v2\/product_tag?post=16483"}],"curies":[{"name":"wp","href":"https:\/\/api.w.org\/{rel}","templated":true}]}}