{"id":16285,"date":"2023-11-10T18:08:37","date_gmt":"2023-11-10T18:08:37","guid":{"rendered":"https:\/\/babyvk.com\/?post_type=product&#038;p=16285"},"modified":"2025-03-10T20:03:32","modified_gmt":"2025-03-10T20:03:32","slug":"my-first-flybar-foam-pogo-stick-for-kids","status":"publish","type":"product","link":"https:\/\/babyvk.com\/de\/product\/my-first-flybar-foam-pogo-stick-for-kids\/","title":{"rendered":"My First Flybar Schaumstoff Pogo Stick f\u00fcr Kinder"},"content":{"rendered":"<div data-elementor-type=\"product-post\" data-elementor-id=\"16285\" class=\"elementor elementor-16285\" data-elementor-post-type=\"product\">\n\t\t\t\t\t\t<section class=\"wd-negative-gap elementor-section elementor-top-section elementor-element elementor-element-f5b3c19 elementor-section-boxed elementor-section-height-default elementor-section-height-default\" data-id=\"f5b3c19\" data-element_type=\"section\">\n\t\t\t\t\t\t<div class=\"elementor-container elementor-column-gap-default\">\n\t\t\t\t\t<div class=\"elementor-column elementor-col-100 elementor-top-column elementor-element elementor-element-dbe72e6\" data-id=\"dbe72e6\" data-element_type=\"column\">\n\t\t\t<div class=\"elementor-widget-wrap elementor-element-populated\">\n\t\t\t\t\t\t<div class=\"elementor-element elementor-element-b95e76d elementor-widget elementor-widget-wd_text_block\" data-id=\"b95e76d\" data-element_type=\"widget\" data-widget_type=\"wd_text_block.default\">\n\t\t\t\t<div class=\"elementor-widget-container\">\n\t\t\t\t\t\t\t<div class=\"wd-text-block reset-last-child text-left\">\n\t\t\t\n\t\t\t<h2>Beschreibung:<\/h2><p>My First Flybar Kinder Schaumstoff Pogo Stick! Sagen Sie nein zur Bewegungsarmut Ihrer Kinder. Erh\u00f6hen Sie das Aktivit\u00e4tsniveau Ihres Kindes und reduzieren Sie das Risiko von \u00dcbergewicht mit diesem lustigen H\u00fcpfspielzeug!<\/p>\n\t\t\t\t\t<\/div>\n\t\t\t\t\t\t<\/div>\n\t\t\t\t<\/div>\n\t\t\t\t<div class=\"elementor-element elementor-element-cc8a652 elementor-widget elementor-widget-wd_image_or_svg\" data-id=\"cc8a652\" data-element_type=\"widget\" data-widget_type=\"wd_image_or_svg.default\">\n\t\t\t\t<div class=\"elementor-widget-container\">\n\t\t\t\t\t\n\t\t<div class=\"wd-image text-left\">\n\t\t\t\t\t\t\t\t<img fetchpriority=\"high\" decoding=\"async\" width=\"750\" height=\"1018\" src=\"https:\/\/babyvk.com\/wp-content\/uploads\/2023\/11\/flybar-my-first-foam-pogo-jumper.webp\" class=\"attachment-full size-full wvs-archive-product-image\" alt=\"Schaumstoffpulli\" srcset=\"https:\/\/babyvk.com\/wp-content\/uploads\/2023\/11\/flybar-my-first-foam-pogo-jumper.webp 750w, https:\/\/babyvk.com\/wp-content\/uploads\/2023\/11\/flybar-my-first-foam-pogo-jumper-30x41.webp 30w, https:\/\/babyvk.com\/wp-content\/uploads\/2023\/11\/flybar-my-first-foam-pogo-jumper-221x300.webp 221w, https:\/\/babyvk.com\/wp-content\/uploads\/2023\/11\/flybar-my-first-foam-pogo-jumper-589x800.webp 589w, https:\/\/babyvk.com\/wp-content\/uploads\/2023\/11\/flybar-my-first-foam-pogo-jumper-368x500.webp 368w, https:\/\/babyvk.com\/wp-content\/uploads\/2023\/11\/flybar-my-first-foam-pogo-jumper-430x584.webp 430w, https:\/\/babyvk.com\/wp-content\/uploads\/2023\/11\/flybar-my-first-foam-pogo-jumper-700x950.webp 700w\" sizes=\"(max-width: 750px) 100vw, 750px\" title=\"\">\t\t\t\t\t<\/div>\n\n\t\t\t\t\t\t<\/div>\n\t\t\t\t<\/div>\n\t\t\t\t<div class=\"elementor-element elementor-element-ba997ef elementor-widget elementor-widget-wd_text_block\" data-id=\"ba997ef\" data-element_type=\"widget\" data-widget_type=\"wd_text_block.default\">\n\t\t\t\t<div class=\"elementor-widget-container\">\n\t\t\t\t\t\t\t<div class=\"wd-text-block reset-last-child text-left\">\n\t\t\t\n\t\t\t<h2>Merkmale:<\/h2><ol><li>Lustig und aktiv: Dieser Schaumstoff-Pogo-Stick regt Kinder zu Spielen und sportlichen Aktivit\u00e4ten im Freien an.<\/li><li>Sicher und langlebig: Hergestellt aus weichem Schaumstoff mit gro\u00dfer Elastizit\u00e4t, so dass Kinder die Freude am H\u00fcpfen sicher zu erleben.<\/li><li>Gleichgewicht und Koordination: F\u00f6rdert die motorischen F\u00e4higkeiten und die K\u00f6rperkoordination und macht dabei Spa\u00df.<\/li><li>F\u00fcr drinnen und drau\u00dfen: Perfekt f\u00fcr den Garten, den Park oder zum Spielen im Haus an Regentagen.<\/li><li>Gesunde Bewegung: F\u00f6rdert einen gesunden Lebensstil durch aktives Spielen und verringert das Risiko von Fettleibigkeit bei Kindern.<\/li><\/ol>\n\t\t\t\t\t<\/div>\n\t\t\t\t\t\t<\/div>\n\t\t\t\t<\/div>\n\t\t\t\t<div class=\"elementor-element elementor-element-84c9409 elementor-widget elementor-widget-wd_text_block\" data-id=\"84c9409\" data-element_type=\"widget\" data-widget_type=\"wd_text_block.default\">\n\t\t\t\t<div class=\"elementor-widget-container\">\n\t\t\t\t\t\t\t<div class=\"wd-text-block reset-last-child text-left\">\n\t\t\t\n\t\t\t<h2>Spezifikationen:<\/h2><ul><li>Name: Schaumstoff Pogo Jumper Spielzeug<\/li><li>Material: Kunststoff ABS<\/li><li>Empfohlenes Alter: 3 Jahre und \u00e4lter<\/li><\/ul><p><strong>Paket:<\/strong><\/p><ul><li>1 My First Flybar Schaumstoff-Pogo-Stick f\u00fcr Kinder<\/li><\/ul>\n\t\t\t\t\t<\/div>\n\t\t\t\t\t\t<\/div>\n\t\t\t\t<\/div>\n\t\t\t\t\t<\/div>\n\t\t<\/div>\n\t\t\t\t\t<\/div>\n\t\t<\/section>\n\t\t\t\t<section class=\"elementor-section elementor-top-section elementor-element elementor-element-83fb9f6 elementor-section-boxed elementor-section-height-default elementor-section-height-default\" data-id=\"83fb9f6\" data-element_type=\"section\">\n\t\t\t\t\t\t<div class=\"elementor-container elementor-column-gap-default\">\n\t\t\t\t\t<div class=\"elementor-column elementor-col-100 elementor-top-column elementor-element elementor-element-81986fc\" data-id=\"81986fc\" data-element_type=\"column\">\n\t\t\t<div class=\"elementor-widget-wrap elementor-element-populated\">\n\t\t\t\t\t\t<div class=\"elementor-element elementor-element-04ebea6 elementor-widget elementor-widget-wd_image_or_svg\" data-id=\"04ebea6\" data-element_type=\"widget\" data-widget_type=\"wd_image_or_svg.default\">\n\t\t\t\t<div class=\"elementor-widget-container\">\n\t\t\t\t\t\n\t\t<div class=\"wd-image text-left\">\n\t\t\t\t\t\t\t\t<img decoding=\"async\" width=\"750\" height=\"1000\" src=\"https:\/\/babyvk.com\/wp-content\/uploads\/2023\/11\/flybar-master.webp\" class=\"attachment-full size-full wvs-archive-product-image\" alt=\"Schaumstoffpogo\" srcset=\"https:\/\/babyvk.com\/wp-content\/uploads\/2023\/11\/flybar-master.webp 750w, https:\/\/babyvk.com\/wp-content\/uploads\/2023\/11\/flybar-master-30x40.webp 30w, https:\/\/babyvk.com\/wp-content\/uploads\/2023\/11\/flybar-master-225x300.webp 225w, https:\/\/babyvk.com\/wp-content\/uploads\/2023\/11\/flybar-master-600x800.webp 600w, https:\/\/babyvk.com\/wp-content\/uploads\/2023\/11\/flybar-master-375x500.webp 375w, https:\/\/babyvk.com\/wp-content\/uploads\/2023\/11\/flybar-master-430x573.webp 430w, https:\/\/babyvk.com\/wp-content\/uploads\/2023\/11\/flybar-master-700x933.webp 700w\" sizes=\"(max-width: 750px) 100vw, 750px\" title=\"\">\t\t\t\t\t<\/div>\n\n\t\t\t\t\t\t<\/div>\n\t\t\t\t<\/div>\n\t\t\t\t<div class=\"elementor-element elementor-element-67376fd elementor-widget elementor-widget-wd_image_or_svg\" data-id=\"67376fd\" data-element_type=\"widget\" data-widget_type=\"wd_image_or_svg.default\">\n\t\t\t\t<div class=\"elementor-widget-container\">\n\t\t\t\t\t\n\t\t<div class=\"wd-image text-left\">\n\t\t\t\t\t\t\t\t<img decoding=\"async\" width=\"749\" height=\"1261\" src=\"https:\/\/babyvk.com\/wp-content\/uploads\/2023\/11\/flybar-foam-master-pogo-stick.webp\" class=\"attachment-full size-full wvs-archive-product-image\" alt=\"mein erster Pogo-Stock\" srcset=\"https:\/\/babyvk.com\/wp-content\/uploads\/2023\/11\/flybar-foam-master-pogo-stick.webp 749w, https:\/\/babyvk.com\/wp-content\/uploads\/2023\/11\/flybar-foam-master-pogo-stick-30x51.webp 30w, https:\/\/babyvk.com\/wp-content\/uploads\/2023\/11\/flybar-foam-master-pogo-stick-178x300.webp 178w, https:\/\/babyvk.com\/wp-content\/uploads\/2023\/11\/flybar-foam-master-pogo-stick-475x800.webp 475w, https:\/\/babyvk.com\/wp-content\/uploads\/2023\/11\/flybar-foam-master-pogo-stick-297x500.webp 297w, https:\/\/babyvk.com\/wp-content\/uploads\/2023\/11\/flybar-foam-master-pogo-stick-430x724.webp 430w, https:\/\/babyvk.com\/wp-content\/uploads\/2023\/11\/flybar-foam-master-pogo-stick-700x1179.webp 700w\" sizes=\"(max-width: 749px) 100vw, 749px\" title=\"\">\t\t\t\t\t<\/div>\n\n\t\t\t\t\t\t<\/div>\n\t\t\t\t<\/div>\n\t\t\t\t<div class=\"elementor-element elementor-element-22a6d55 elementor-widget elementor-widget-wd_image_or_svg\" data-id=\"22a6d55\" data-element_type=\"widget\" data-widget_type=\"wd_image_or_svg.default\">\n\t\t\t\t<div class=\"elementor-widget-container\">\n\t\t\t\t\t\n\t\t<div class=\"wd-image text-left\">\n\t\t\t\t\t\t\t\t<img loading=\"lazy\" decoding=\"async\" width=\"750\" height=\"1314\" src=\"https:\/\/babyvk.com\/wp-content\/uploads\/2023\/11\/foam-pogo.webp\" class=\"attachment-full size-full wvs-archive-product-image\" alt=\"Flybar-Master\" srcset=\"https:\/\/babyvk.com\/wp-content\/uploads\/2023\/11\/foam-pogo.webp 750w, https:\/\/babyvk.com\/wp-content\/uploads\/2023\/11\/foam-pogo-30x53.webp 30w, https:\/\/babyvk.com\/wp-content\/uploads\/2023\/11\/foam-pogo-171x300.webp 171w, https:\/\/babyvk.com\/wp-content\/uploads\/2023\/11\/foam-pogo-457x800.webp 457w, https:\/\/babyvk.com\/wp-content\/uploads\/2023\/11\/foam-pogo-285x500.webp 285w, https:\/\/babyvk.com\/wp-content\/uploads\/2023\/11\/foam-pogo-430x753.webp 430w, https:\/\/babyvk.com\/wp-content\/uploads\/2023\/11\/foam-pogo-700x1226.webp 700w\" sizes=\"(max-width: 750px) 100vw, 750px\" title=\"\">\t\t\t\t\t<\/div>\n\n\t\t\t\t\t\t<\/div>\n\t\t\t\t<\/div>\n\t\t\t\t<div class=\"elementor-element elementor-element-f13231e elementor-widget elementor-widget-wd_image_or_svg\" data-id=\"f13231e\" data-element_type=\"widget\" data-widget_type=\"wd_image_or_svg.default\">\n\t\t\t\t<div class=\"elementor-widget-container\">\n\t\t\t\t\t\n\t\t<div class=\"wd-image text-left\">\n\t\t\t\t\t\t\t\t<img loading=\"lazy\" decoding=\"async\" width=\"749\" height=\"999\" src=\"https:\/\/babyvk.com\/wp-content\/uploads\/2023\/11\/foam-jumper.webp\" class=\"attachment-full size-full wvs-archive-product-image\" alt=\"flybar mein erster Schaumstoff-Pogo-Springer\" srcset=\"https:\/\/babyvk.com\/wp-content\/uploads\/2023\/11\/foam-jumper.webp 749w, https:\/\/babyvk.com\/wp-content\/uploads\/2023\/11\/foam-jumper-30x40.webp 30w, https:\/\/babyvk.com\/wp-content\/uploads\/2023\/11\/foam-jumper-225x300.webp 225w, https:\/\/babyvk.com\/wp-content\/uploads\/2023\/11\/foam-jumper-600x800.webp 600w, https:\/\/babyvk.com\/wp-content\/uploads\/2023\/11\/foam-jumper-375x500.webp 375w, https:\/\/babyvk.com\/wp-content\/uploads\/2023\/11\/foam-jumper-430x574.webp 430w, https:\/\/babyvk.com\/wp-content\/uploads\/2023\/11\/foam-jumper-700x934.webp 700w\" sizes=\"(max-width: 749px) 100vw, 749px\" title=\"\">\t\t\t\t\t<\/div>\n\n\t\t\t\t\t\t<\/div>\n\t\t\t\t<\/div>\n\t\t\t\t<div class=\"elementor-element elementor-element-81a4c25 elementor-widget elementor-widget-wd_image_or_svg\" data-id=\"81a4c25\" data-element_type=\"widget\" data-widget_type=\"wd_image_or_svg.default\">\n\t\t\t\t<div class=\"elementor-widget-container\">\n\t\t\t\t\t\n\t\t<div class=\"wd-image text-left\">\n\t\t\t\t\t\t\t\t<img loading=\"lazy\" decoding=\"async\" width=\"750\" height=\"1184\" src=\"https:\/\/babyvk.com\/wp-content\/uploads\/2023\/11\/my-first-pogo-stick.webp\" class=\"attachment-full size-full wvs-archive-product-image\" alt=\"Flybar Schaumstoff Master Pogo Stick\" srcset=\"https:\/\/babyvk.com\/wp-content\/uploads\/2023\/11\/my-first-pogo-stick.webp 750w, https:\/\/babyvk.com\/wp-content\/uploads\/2023\/11\/my-first-pogo-stick-30x47.webp 30w, https:\/\/babyvk.com\/wp-content\/uploads\/2023\/11\/my-first-pogo-stick-190x300.webp 190w, https:\/\/babyvk.com\/wp-content\/uploads\/2023\/11\/my-first-pogo-stick-507x800.webp 507w, https:\/\/babyvk.com\/wp-content\/uploads\/2023\/11\/my-first-pogo-stick-317x500.webp 317w, https:\/\/babyvk.com\/wp-content\/uploads\/2023\/11\/my-first-pogo-stick-430x679.webp 430w, https:\/\/babyvk.com\/wp-content\/uploads\/2023\/11\/my-first-pogo-stick-700x1105.webp 700w\" sizes=\"(max-width: 750px) 100vw, 750px\" title=\"\">\t\t\t\t\t<\/div>\n\n\t\t\t\t\t\t<\/div>\n\t\t\t\t<\/div>\n\t\t\t\t<div class=\"elementor-element elementor-element-b23d9f9 elementor-widget elementor-widget-wd_image_or_svg\" data-id=\"b23d9f9\" data-element_type=\"widget\" data-widget_type=\"wd_image_or_svg.default\">\n\t\t\t\t<div class=\"elementor-widget-container\">\n\t\t\t\t\t\n\t\t<div class=\"wd-image text-left\">\n\t\t\t\t\t\t\t\t<img loading=\"lazy\" decoding=\"async\" width=\"750\" height=\"1440\" src=\"https:\/\/babyvk.com\/wp-content\/uploads\/2023\/11\/flybar-pogo-stick-maverick.webp\" class=\"attachment-full size-full wvs-archive-product-image\" alt=\"Pogospringer\" srcset=\"https:\/\/babyvk.com\/wp-content\/uploads\/2023\/11\/flybar-pogo-stick-maverick.webp 750w, https:\/\/babyvk.com\/wp-content\/uploads\/2023\/11\/flybar-pogo-stick-maverick-30x58.webp 30w, https:\/\/babyvk.com\/wp-content\/uploads\/2023\/11\/flybar-pogo-stick-maverick-156x300.webp 156w, https:\/\/babyvk.com\/wp-content\/uploads\/2023\/11\/flybar-pogo-stick-maverick-417x800.webp 417w, https:\/\/babyvk.com\/wp-content\/uploads\/2023\/11\/flybar-pogo-stick-maverick-260x500.webp 260w, https:\/\/babyvk.com\/wp-content\/uploads\/2023\/11\/flybar-pogo-stick-maverick-430x826.webp 430w, https:\/\/babyvk.com\/wp-content\/uploads\/2023\/11\/flybar-pogo-stick-maverick-700x1344.webp 700w\" sizes=\"(max-width: 750px) 100vw, 750px\" title=\"\">\t\t\t\t\t<\/div>\n\n\t\t\t\t\t\t<\/div>\n\t\t\t\t<\/div>\n\t\t\t\t<div class=\"elementor-element elementor-element-19f6140 elementor-widget elementor-widget-wd_image_or_svg\" data-id=\"19f6140\" data-element_type=\"widget\" data-widget_type=\"wd_image_or_svg.default\">\n\t\t\t\t<div class=\"elementor-widget-container\">\n\t\t\t\t\t\n\t\t<div class=\"wd-image text-left\">\n\t\t\t\t\t\t\t\t<img loading=\"lazy\" decoding=\"async\" width=\"750\" height=\"1423\" src=\"https:\/\/babyvk.com\/wp-content\/uploads\/2023\/11\/master-pogo-stick.webp\" class=\"attachment-full size-full wvs-archive-product-image\" alt=\"Flybar Schaumstoff-Pogo-Springer\" srcset=\"https:\/\/babyvk.com\/wp-content\/uploads\/2023\/11\/master-pogo-stick.webp 750w, https:\/\/babyvk.com\/wp-content\/uploads\/2023\/11\/master-pogo-stick-30x57.webp 30w, https:\/\/babyvk.com\/wp-content\/uploads\/2023\/11\/master-pogo-stick-158x300.webp 158w, https:\/\/babyvk.com\/wp-content\/uploads\/2023\/11\/master-pogo-stick-422x800.webp 422w, https:\/\/babyvk.com\/wp-content\/uploads\/2023\/11\/master-pogo-stick-264x500.webp 264w, https:\/\/babyvk.com\/wp-content\/uploads\/2023\/11\/master-pogo-stick-430x816.webp 430w, https:\/\/babyvk.com\/wp-content\/uploads\/2023\/11\/master-pogo-stick-700x1328.webp 700w\" sizes=\"(max-width: 750px) 100vw, 750px\" title=\"\">\t\t\t\t\t<\/div>\n\n\t\t\t\t\t\t<\/div>\n\t\t\t\t<\/div>\n\t\t\t\t<div class=\"elementor-element elementor-element-2302e73 elementor-widget elementor-widget-wd_image_or_svg\" data-id=\"2302e73\" data-element_type=\"widget\" data-widget_type=\"wd_image_or_svg.default\">\n\t\t\t\t<div class=\"elementor-widget-container\">\n\t\t\t\t\t\n\t\t<div class=\"wd-image text-left\">\n\t\t\t\t\t\t\t\t<img loading=\"lazy\" decoding=\"async\" width=\"750\" height=\"1974\" src=\"https:\/\/babyvk.com\/wp-content\/uploads\/2023\/11\/pogo-jumpers.webp\" class=\"attachment-full size-full wvs-archive-product-image\" alt=\"Flybar Pogo Stick Maverick\" srcset=\"https:\/\/babyvk.com\/wp-content\/uploads\/2023\/11\/pogo-jumpers.webp 750w, https:\/\/babyvk.com\/wp-content\/uploads\/2023\/11\/pogo-jumpers-30x79.webp 30w, https:\/\/babyvk.com\/wp-content\/uploads\/2023\/11\/pogo-jumpers-114x300.webp 114w, https:\/\/babyvk.com\/wp-content\/uploads\/2023\/11\/pogo-jumpers-304x800.webp 304w, https:\/\/babyvk.com\/wp-content\/uploads\/2023\/11\/pogo-jumpers-584x1536.webp 584w, https:\/\/babyvk.com\/wp-content\/uploads\/2023\/11\/pogo-jumpers-190x500.webp 190w, https:\/\/babyvk.com\/wp-content\/uploads\/2023\/11\/pogo-jumpers-430x1132.webp 430w, https:\/\/babyvk.com\/wp-content\/uploads\/2023\/11\/pogo-jumpers-700x1842.webp 700w\" sizes=\"(max-width: 750px) 100vw, 750px\" title=\"\">\t\t\t\t\t<\/div>\n\n\t\t\t\t\t\t<\/div>\n\t\t\t\t<\/div>\n\t\t\t\t\t<\/div>\n\t\t<\/div>\n\t\t\t\t\t<\/div>\n\t\t<\/section>\n\t\t\t\t<section class=\"wd-negative-gap elementor-section elementor-top-section elementor-element elementor-element-b009f6c elementor-section-boxed elementor-section-height-default elementor-section-height-default\" data-id=\"b009f6c\" data-element_type=\"section\">\n\t\t\t\t\t\t<div class=\"elementor-container elementor-column-gap-default\">\n\t\t\t\t\t<div class=\"elementor-column elementor-col-100 elementor-top-column elementor-element elementor-element-e2d974a\" data-id=\"e2d974a\" data-element_type=\"column\">\n\t\t\t<div class=\"elementor-widget-wrap elementor-element-populated\">\n\t\t\t\t\t\t<div class=\"elementor-element elementor-element-67bc8a6 wd-width-100 elementor-widget elementor-widget-wd_title\" data-id=\"67bc8a6\" data-element_type=\"widget\" data-widget_type=\"wd_title.default\">\n\t\t\t\t<div class=\"elementor-widget-container\">\n\t\t\t\t\t\t\t<div class=\"title-wrapper wd-set-mb reset-last-child wd-title-color-default wd-title-style-default wd-title-size-default text-center\">\n\n\t\t\t\t\t\t\t\t\t\t\t<div class=\"title-subtitle subtitle-color-default subtitle-style-default wd-fontsize-xs\">\n\t\t\t\t\tUNSERE ECHTE SHOW SEHEN\t\t\t\t<\/div>\n\t\t\t\n\t\t\t<div class=\"liner-continer\">\n\t\t\t\t<h4 class=\"woodmart-title-container title wd-fontsize-l\">Unser kurzes Video<\/h4> \n\t\t\t\t\t\t\t<\/div>\n\n\t\t\t\t\t\t\t<div class=\"title-after_title reset-last-child wd-fontsize-xs\">\n\t\t\t\t\t<p>Zeigen Sie die Szene, in der das Produkt verwendet wird, und informieren Sie sich \u00fcber weitere Einzelheiten.<\/p>\t\t\t\t<\/div>\n\t\t\t\t\t<\/div>\n\t\t\t\t\t\t<\/div>\n\t\t\t\t<\/div>\n\t\t\t\t<div class=\"elementor-element elementor-element-0d06251 elementor-widget elementor-widget-wd_testimonials\" data-id=\"0d06251\" data-element_type=\"widget\" data-widget_type=\"wd_testimonials.default\">\n\t\t\t\t<div class=\"elementor-widget-container\">\n\t\t\t\t\t\t\t<div class=\"testimonials testimon-style-standard  color-scheme- testimon-align-center wd-carousel-container\" id=\"carousel-3731\">\n\t\t\t\t\t\t\t<div class=\"wd-carousel-inner\">\n\t\t\t\n\t\t\t<div class=\"wd-carousel wd-grid\" data-scroll_per_page=\"yes\" style=\"--wd-col-lg:2;--wd-col-md:2;--wd-col-sm:1;--wd-gap-lg:30px;--wd-gap-sm:10px;\">\n\t\t\t\t\t\t\t\t\t<div class=\"wd-carousel-wrap\">\n\t\t\t\t\n\t\t\t\t\t\t\t\t\t\n<div class=\"testimonial wd-carousel-item\">\n\t<div class=\"testimonial-inner\">\n\t\t\n\t\t<div class=\"testimonial-content\">\n\t\t\t<div class=\"testimonial-rating\">\n\t\t\t\t<span class=\"star-rating\">\n\t\t\t\t\t<span style=\"width:100%\"><\/span>\n\t\t\t\t<\/span>\n\t\t\t<\/div>\n\n\t\t\t<p><iframe  id=\"_ytid_79861\"  width=\"800\" height=\"450\"  data-origwidth=\"800\" data-origheight=\"450\"  data-relstop=\"1\" src=\"https:\/\/www.youtube.com\/embed\/UM9KqxtEROI?enablejsapi=1&autoplay=0&cc_load_policy=1&cc_lang_pref=&iv_load_policy=3&loop=0&rel=0&fs=1&playsinline=0&autohide=2&theme=dark&color=red&controls=1&disablekb=0&\" class=\"__youtube_prefs__  no-lazyload\" title=\"YouTube-Player\"  allow=\"fullscreen; accelerometer; autoplay; clipboard-write; encrypted-media; gyroscope; picture-in-picture; web-share\" referrerpolicy=\"strict-origin-when-cross-origin\" allowfullscreen data-no-lazy=\"1\" data-skipgform_ajax_framebjll=\"\"><\/iframe><\/p>\n\t\t\t<footer>\n\t\t\t\t\n\t\t\t\t\t\t\t<\/footer>\n\t\t<\/div>\n\t<\/div>\n<\/div>\t\t\t\t\t\t\t\t\t\n<div class=\"testimonial wd-carousel-item\">\n\t<div class=\"testimonial-inner\">\n\t\t\n\t\t<div class=\"testimonial-content\">\n\t\t\t<div class=\"testimonial-rating\">\n\t\t\t\t<span class=\"star-rating\">\n\t\t\t\t\t<span style=\"width:100%\"><\/span>\n\t\t\t\t<\/span>\n\t\t\t<\/div>\n\n\t\t\t<p><iframe  id=\"_ytid_65059\"  width=\"800\" height=\"450\"  data-origwidth=\"800\" data-origheight=\"450\"  data-relstop=\"1\" src=\"https:\/\/www.youtube.com\/embed\/JztoarzUiaQ?enablejsapi=1&autoplay=0&cc_load_policy=1&cc_lang_pref=&iv_load_policy=3&loop=0&rel=0&fs=1&playsinline=0&autohide=2&theme=dark&color=red&controls=1&disablekb=0&\" class=\"__youtube_prefs__  no-lazyload\" title=\"YouTube-Player\"  allow=\"fullscreen; accelerometer; autoplay; clipboard-write; encrypted-media; gyroscope; picture-in-picture; web-share\" referrerpolicy=\"strict-origin-when-cross-origin\" allowfullscreen data-no-lazy=\"1\" data-skipgform_ajax_framebjll=\"\"><\/iframe><\/p>\n\t\t\t<footer>\n\t\t\t\t\n\t\t\t\t\t\t\t<\/footer>\n\t\t<\/div>\n\t<\/div>\n<\/div>\t\t\t\t\t\t\t\t\t\n<div class=\"testimonial wd-carousel-item\">\n\t<div class=\"testimonial-inner\">\n\t\t\n\t\t<div class=\"testimonial-content\">\n\t\t\t<div class=\"testimonial-rating\">\n\t\t\t\t<span class=\"star-rating\">\n\t\t\t\t\t<span style=\"width:100%\"><\/span>\n\t\t\t\t<\/span>\n\t\t\t<\/div>\n\n\t\t\t<p><iframe  id=\"_ytid_87852\"  width=\"800\" height=\"450\"  data-origwidth=\"800\" data-origheight=\"450\"  data-relstop=\"1\" src=\"https:\/\/www.youtube.com\/embed\/dgKLL9StfXA?enablejsapi=1&autoplay=0&cc_load_policy=1&cc_lang_pref=&iv_load_policy=3&loop=0&rel=0&fs=1&playsinline=0&autohide=2&theme=dark&color=red&controls=1&disablekb=0&\" class=\"__youtube_prefs__  no-lazyload\" title=\"YouTube-Player\"  allow=\"fullscreen; accelerometer; autoplay; clipboard-write; encrypted-media; gyroscope; picture-in-picture; web-share\" referrerpolicy=\"strict-origin-when-cross-origin\" allowfullscreen data-no-lazy=\"1\" data-skipgform_ajax_framebjll=\"\"><\/iframe><\/p>\n\t\t\t<footer>\n\t\t\t\t\n\t\t\t\t\t\t\t<\/footer>\n\t\t<\/div>\n\t<\/div>\n<\/div>\t\t\t\t\t\t\t\t\t\n<div class=\"testimonial wd-carousel-item\">\n\t<div class=\"testimonial-inner\">\n\t\t\n\t\t<div class=\"testimonial-content\">\n\t\t\t<div class=\"testimonial-rating\">\n\t\t\t\t<span class=\"star-rating\">\n\t\t\t\t\t<span style=\"width:100%\"><\/span>\n\t\t\t\t<\/span>\n\t\t\t<\/div>\n\n\t\t\t<p><iframe  id=\"_ytid_43604\"  width=\"800\" height=\"450\"  data-origwidth=\"800\" data-origheight=\"450\"  data-relstop=\"1\" src=\"https:\/\/www.youtube.com\/embed\/Wk2iRJIWitY?enablejsapi=1&autoplay=0&cc_load_policy=1&cc_lang_pref=&iv_load_policy=3&loop=0&rel=0&fs=1&playsinline=0&autohide=2&theme=dark&color=red&controls=1&disablekb=0&\" class=\"__youtube_prefs__  no-lazyload\" title=\"YouTube-Player\"  allow=\"fullscreen; accelerometer; autoplay; clipboard-write; encrypted-media; gyroscope; picture-in-picture; web-share\" referrerpolicy=\"strict-origin-when-cross-origin\" allowfullscreen data-no-lazy=\"1\" data-skipgform_ajax_framebjll=\"\"><\/iframe><\/p>\n\t\t\t<footer>\n\t\t\t\t\n\t\t\t\t\t\t\t<\/footer>\n\t\t<\/div>\n\t<\/div>\n<\/div>\t\t\t\t\n\t\t\t\t\t\t\t\t\t<\/div>\n\t\t\t\t\t\t\t<\/div>\n\t\t\t\t\t\t\t\t\t\t\t\t\t\t<div class=\"wd-nav-arrows wd-pos-sep wd-hover-1 wd-icon-1\">\n\t\t\t<div class=\"wd-btn-arrow wd-prev wd-disabled\">\n\t\t\t\t<div class=\"wd-arrow-inner\"><\/div>\n\t\t\t<\/div>\n\t\t\t<div class=\"wd-btn-arrow wd-next\">\n\t\t\t\t<div class=\"wd-arrow-inner\"><\/div>\n\t\t\t<\/div>\n\t\t<\/div>\n\t\t\t\t\t\t\n\t\t\t\t<\/div>\n\n\t\t\t\t\t\t<div class=\"wd-nav-pagin-wrap text-center wd-style-shape wd-hide-md-sm wd-hide-sm\">\n\t\t\t<ul class=\"wd-nav-pagin\"><\/ul>\n\t\t<\/div>\n\t\t\t\t\t\t\t\t\t\t\t<\/div>\n\t\t\t\t\t\t<\/div>\n\t\t\t\t<\/div>\n\t\t\t\t\t<\/div>\n\t\t<\/div>\n\t\t\t\t\t<\/div>\n\t\t<\/section>\n\t\t\t\t<\/div>","protected":false},"excerpt":{"rendered":"<p>&#8220;<strong>Suchen Sie nach einer sicheren und lustigen M\u00f6glichkeit, Ihre Kinder aktiv zu halten?<\/strong> Entdecken Sie den 'My First Flybar Foam Pogo Stick for Kids' - die perfekte L\u00f6sung f\u00fcr endloses H\u00fcpfvergn\u00fcgen bei gleichzeitiger Gew\u00e4hrleistung der Sicherheit. Jetzt versandkostenfrei einkaufen und 30% Rabatt erhalten!\"<\/p>","protected":false},"featured_media":16290,"comment_status":"open","ping_status":"closed","template":"","meta":{"_acf_changed":false},"product_brand":[],"product_cat":[509],"product_tag":[701,703,700,698,699,702],"class_list":{"0":"post-16285","1":"product","2":"type-product","3":"status-publish","4":"has-post-thumbnail","6":"product_cat-best-baby-toys","7":"product_tag-flybar-master-pogo-stick","8":"product_tag-flybar-maverick-pogo-stick","9":"product_tag-flybar-pogo-stick","10":"product_tag-foam-pogo-jumper","11":"product_tag-foam-pogo-stick","12":"product_tag-my-first-flybar","14":"first","15":"instock","16":"sale","17":"taxable","18":"shipping-taxable","19":"purchasable","20":"product-type-variable","21":"wvs-archive-product-wrapper"},"acf":[],"_links":{"self":[{"href":"https:\/\/babyvk.com\/de\/wp-json\/wp\/v2\/product\/16285","targetHints":{"allow":["GET"]}}],"collection":[{"href":"https:\/\/babyvk.com\/de\/wp-json\/wp\/v2\/product"}],"about":[{"href":"https:\/\/babyvk.com\/de\/wp-json\/wp\/v2\/types\/product"}],"replies":[{"embeddable":true,"href":"https:\/\/babyvk.com\/de\/wp-json\/wp\/v2\/comments?post=16285"}],"version-history":[{"count":0,"href":"https:\/\/babyvk.com\/de\/wp-json\/wp\/v2\/product\/16285\/revisions"}],"wp:featuredmedia":[{"embeddable":true,"href":"https:\/\/babyvk.com\/de\/wp-json\/wp\/v2\/media\/16290"}],"wp:attachment":[{"href":"https:\/\/babyvk.com\/de\/wp-json\/wp\/v2\/media?parent=16285"}],"wp:term":[{"taxonomy":"product_brand","embeddable":true,"href":"https:\/\/babyvk.com\/de\/wp-json\/wp\/v2\/product_brand?post=16285"},{"taxonomy":"product_cat","embeddable":true,"href":"https:\/\/babyvk.com\/de\/wp-json\/wp\/v2\/product_cat?post=16285"},{"taxonomy":"product_tag","embeddable":true,"href":"https:\/\/babyvk.com\/de\/wp-json\/wp\/v2\/product_tag?post=16285"}],"curies":[{"name":"wp","href":"https:\/\/api.w.org\/{rel}","templated":true}]}}