{"id":16254,"date":"2023-10-07T05:52:35","date_gmt":"2023-10-07T05:52:35","guid":{"rendered":"https:\/\/babyvk.com\/?post_type=product&#038;p=16254"},"modified":"2025-03-10T20:03:32","modified_gmt":"2025-03-10T20:03:32","slug":"infant-winter-shoes-for-first-time-walkers","status":"publish","type":"product","link":"https:\/\/babyvk.com\/de\/product\/infant-winter-shoes-for-first-time-walkers\/","title":{"rendered":"Winterschuhe f\u00fcr Kleinkinder, die zum ersten Mal laufen"},"content":{"rendered":"<div data-elementor-type=\"product-post\" data-elementor-id=\"16254\" class=\"elementor elementor-16254\" data-elementor-post-type=\"product\">\n\t\t\t\t\t\t<section class=\"elementor-section elementor-top-section elementor-element elementor-element-d43587f elementor-section-boxed elementor-section-height-default elementor-section-height-default\" data-id=\"d43587f\" data-element_type=\"section\">\n\t\t\t\t\t\t<div class=\"elementor-container elementor-column-gap-default\">\n\t\t\t\t\t<div class=\"elementor-column elementor-col-100 elementor-top-column elementor-element elementor-element-4823374\" data-id=\"4823374\" data-element_type=\"column\">\n\t\t\t<div class=\"elementor-widget-wrap elementor-element-populated\">\n\t\t\t\t\t\t<div class=\"elementor-element elementor-element-70ec97a elementor-widget elementor-widget-wd_text_block\" data-id=\"70ec97a\" data-element_type=\"widget\" data-widget_type=\"wd_text_block.default\">\n\t\t\t\t<div class=\"elementor-widget-container\">\n\t\t\t\t\t\t\t<div class=\"wd-text-block reset-last-child text-left\">\n\t\t\t\n\t\t\t<p><strong>Beschreibung:<\/strong><\/p><p>Halten Sie die F\u00fc\u00dfe Ihres Kindes bei k\u00fchlem Wetter warm und kuschelig! Unsere Winterschuhe f\u00fcr Laufanf\u00e4nger bieten Komfort, W\u00e4rme und Rutschfestigkeit und sorgen f\u00fcr ein angenehmes Lauferlebnis f\u00fcr Ihr Baby. \ud83d\udc76\ud83d\udc5f\u2744\ufe0f<\/p>\n\t\t\t\t\t<\/div>\n\t\t\t\t\t\t<\/div>\n\t\t\t\t<\/div>\n\t\t\t\t<div class=\"elementor-element elementor-element-114bd43 elementor-widget elementor-widget-wd_text_block\" data-id=\"114bd43\" data-element_type=\"widget\" data-widget_type=\"wd_text_block.default\">\n\t\t\t\t<div class=\"elementor-widget-container\">\n\t\t\t\t\t\t\t<div class=\"wd-text-block reset-last-child text-left\">\n\t\t\t\n\t\t\t<p><strong>Merkmale:<\/strong><\/p><ol><li>Gem\u00fctlicher Komfort: Das Futter aus reiner Baumwolle h\u00e4lt kleine Zehen auch bei k\u00fchlem Wetter kuschelig warm.<\/li><li>Rutschfeste Sohle: Die weiche und rutschfeste Sohle bietet Stabilit\u00e4t f\u00fcr Laufanf\u00e4nger.<\/li><li>Stilvolles Design: Erh\u00e4ltlich in verschiedenen bezaubernden Farben, die jedes Outfit erg\u00e4nzen.<\/li><li>Einfaches An- und Ausziehen: Das elastische Design des Schuhs sorgt f\u00fcr m\u00fcheloses An- und Ausziehen.<\/li><li>Gr\u00f6\u00dfenauswahl: Mehrere Gr\u00f6\u00dfen erh\u00e4ltlich, um den wachsenden F\u00fc\u00dfen der Kleinen in verschiedenen Stadien gerecht zu werden.<\/li><\/ol>\n\t\t\t\t\t<\/div>\n\t\t\t\t\t\t<\/div>\n\t\t\t\t<\/div>\n\t\t\t\t<div class=\"elementor-element elementor-element-280b765 elementor-widget elementor-widget-wd_text_block\" data-id=\"280b765\" data-element_type=\"widget\" data-widget_type=\"wd_text_block.default\">\n\t\t\t\t<div class=\"elementor-widget-container\">\n\t\t\t\t\t\t\t<div class=\"wd-text-block reset-last-child text-left\">\n\t\t\t\n\t\t\t<p><strong>Spezifikationen:<\/strong><\/p><ul><li>Produktname: Winterschuhe f\u00fcr Kleinkinder<\/li><li>Material: Baumwolle<\/li><li>Gr\u00f6\u00dfen: Erh\u00e4ltlich in den Gr\u00f6\u00dfen 0-6 Monate, 6-12 Monate, 12-18 Monate<\/li><li>Farben: Blau, Braun, Rosa, Rot<\/li><\/ul><p><strong>Paket: <\/strong><\/p><ul><li>1 Paar Winterschuhe f\u00fcr Kleinkinder<\/li><\/ul>\n\t\t\t\t\t<\/div>\n\t\t\t\t\t\t<\/div>\n\t\t\t\t<\/div>\n\t\t\t\t<div class=\"elementor-element elementor-element-4505fcb wd-width-100 elementor-widget elementor-widget-wd_title\" data-id=\"4505fcb\" data-element_type=\"widget\" data-widget_type=\"wd_title.default\">\n\t\t\t\t<div class=\"elementor-widget-container\">\n\t\t\t\t\t\t\t<div class=\"title-wrapper wd-set-mb reset-last-child wd-title-color-default wd-title-style-default wd-title-size-default text-center\">\n\n\t\t\t\n\t\t\t<div class=\"liner-continer\">\n\t\t\t\t<h4 class=\"woodmart-title-container title wd-fontsize-l\">Winterschuhe f\u00fcr Kleinkinder, die zum ersten Mal laufen<\/h4> \n\t\t\t\t\t\t\t<\/div>\n\n\t\t\t\t\t\t\t<div class=\"title-after_title reset-last-child wd-fontsize-xs\">\n\t\t\t\t\t<p>Mehrere Farboptionen<\/p>\t\t\t\t<\/div>\n\t\t\t\t\t<\/div>\n\t\t\t\t\t\t<\/div>\n\t\t\t\t<\/div>\n\t\t\t\t<div class=\"elementor-element elementor-element-f3c79c6 elementor-widget elementor-widget-wd_image_or_svg\" data-id=\"f3c79c6\" data-element_type=\"widget\" data-widget_type=\"wd_image_or_svg.default\">\n\t\t\t\t<div class=\"elementor-widget-container\">\n\t\t\t\t\t\n\t\t<div class=\"wd-image text-left\">\n\t\t\t\t\t\t\t\t<img fetchpriority=\"high\" decoding=\"async\" width=\"1000\" height=\"1000\" src=\"https:\/\/babyvk.com\/wp-content\/uploads\/2023\/10\/infant-soft-bottom-shoes.webp\" class=\"attachment-full size-full wvs-archive-product-image\" alt=\"Kleinkinder-Winterschuhe\" srcset=\"https:\/\/babyvk.com\/wp-content\/uploads\/2023\/10\/infant-soft-bottom-shoes.webp 1000w, https:\/\/babyvk.com\/wp-content\/uploads\/2023\/10\/infant-soft-bottom-shoes-30x30.webp 30w, https:\/\/babyvk.com\/wp-content\/uploads\/2023\/10\/infant-soft-bottom-shoes-50x50.webp 50w, https:\/\/babyvk.com\/wp-content\/uploads\/2023\/10\/infant-soft-bottom-shoes-100x100.webp 100w, https:\/\/babyvk.com\/wp-content\/uploads\/2023\/10\/infant-soft-bottom-shoes-150x150.webp 150w, https:\/\/babyvk.com\/wp-content\/uploads\/2023\/10\/infant-soft-bottom-shoes-300x300.webp 300w, https:\/\/babyvk.com\/wp-content\/uploads\/2023\/10\/infant-soft-bottom-shoes-768x768.webp 768w, https:\/\/babyvk.com\/wp-content\/uploads\/2023\/10\/infant-soft-bottom-shoes-800x800.webp 800w, https:\/\/babyvk.com\/wp-content\/uploads\/2023\/10\/infant-soft-bottom-shoes-860x860.webp 860w, https:\/\/babyvk.com\/wp-content\/uploads\/2023\/10\/infant-soft-bottom-shoes-500x500.webp 500w, https:\/\/babyvk.com\/wp-content\/uploads\/2023\/10\/infant-soft-bottom-shoes-430x430.webp 430w, https:\/\/babyvk.com\/wp-content\/uploads\/2023\/10\/infant-soft-bottom-shoes-700x700.webp 700w\" sizes=\"(max-width: 1000px) 100vw, 1000px\" title=\"\">\t\t\t\t\t<\/div>\n\n\t\t\t\t\t\t<\/div>\n\t\t\t\t<\/div>\n\t\t\t\t<div class=\"elementor-element elementor-element-75c0e86 elementor-widget elementor-widget-wd_table\" data-id=\"75c0e86\" data-element_type=\"widget\" data-widget_type=\"wd_table.default\">\n\t\t\t\t<div class=\"elementor-widget-container\">\n\t\t\t\t\t\t\t<div class=\"wd-el-table-wrap wd-reset-all-last\">\n\t\t\t<table class=\"wd-el-table\">\n\t\t\t\t\n\t\t\t\t<tbody class=\"text-left\">\n\t\t\t\t\t\t\t\t\t\t\t\t\t\t\t\t\t\t\t\t\t\t\t\t\t\t<tr class=\"wd-table-row elementor-repeater-item-911ad13\">\n\t\t\t\t\t\t\t\t\t\t\t\t\t\t\t\t\t\t\t\t\t\t\t\t\t\t\t\t\t\t\t<td class=\"wd-table-cell elementor-repeater-item-9a53a9a\" colspan=\"1\" rowspan=\"1\">\n\t\t\t\t\t\t\t<p>Gr\u00f6\u00dfe:12<\/p>\t\t\t\t\t\t\t<\/td>\n\t\t\t\t\t\t\t\t\t\t\t\t\t\t\t\t\t\t\t\t\t\t\t\t<td class=\"wd-table-cell elementor-repeater-item-6d6600c\" colspan=\"1\" rowspan=\"1\">\n\t\t\t\t\t\t\t<p>L\u00e4nge:11.5CM<\/p>\t\t\t\t\t\t\t<\/td>\n\t\t\t\t\t\t\t\t\t\t\t\t\t\t\t\t\t\t\t\t\t\t\t\t<td class=\"wd-table-cell elementor-repeater-item-a9b52eb\" colspan=\"1\" rowspan=\"1\">\n\t\t\t\t\t\t\t<p>Zentimeter:4.5\"<\/p>\t\t\t\t\t\t\t<\/td>\n\t\t\t\t\t\t\t\t\t\t\t\t\t\t\t\t\t\t\t\t\t\t\t\t<td class=\"wd-table-cell elementor-repeater-item-a4c924c\" colspan=\"1\" rowspan=\"1\">\n\t\t\t\t\t\t\t<p>Alter:0~6 Monat<\/p>\t\t\t\t\t\t\t<\/td>\n\t\t\t\t\t\t\t\t\t\t\t\t\t\t\t\t\t\t\t\t\t\t\t\t\t\t\t\t\t\t\t\t<\/tr>\n\t\t\t\t\t\t\t\t<tr class=\"wd-table-row elementor-repeater-item-2716c65\">\n\t\t\t\t\t\t\t\t\t\t\t\t\t\t\t\t\t\t\t\t\t\t\t\t\t\t\t\t\t\t\t<td class=\"wd-table-cell elementor-repeater-item-277bc54\" colspan=\"1\" rowspan=\"1\">\n\t\t\t\t\t\t\t<p>Gr\u00f6\u00dfe:13<\/p>\t\t\t\t\t\t\t<\/td>\n\t\t\t\t\t\t\t\t\t\t\t\t\t\t\t\t\t\t\t\t\t\t\t\t<td class=\"wd-table-cell elementor-repeater-item-df6b1fb\" colspan=\"1\" rowspan=\"1\">\n\t\t\t\t\t\t\t<p>L\u00e4nge:12CM<\/p>\t\t\t\t\t\t\t<\/td>\n\t\t\t\t\t\t\t\t\t\t\t\t\t\t\t\t\t\t\t\t\t\t\t\t<td class=\"wd-table-cell elementor-repeater-item-2d85cda\" colspan=\"1\" rowspan=\"1\">\n\t\t\t\t\t\t\t<p>Zentimeter:4.7\"<\/p>\t\t\t\t\t\t\t<\/td>\n\t\t\t\t\t\t\t\t\t\t\t\t\t\t\t\t\t\t\t\t\t\t\t\t<td class=\"wd-table-cell elementor-repeater-item-4104ff6\" colspan=\"1\" rowspan=\"1\">\n\t\t\t\t\t\t\t<p>Alter:6~12 Monate<\/p>\t\t\t\t\t\t\t<\/td>\n\t\t\t\t\t\t\t\t\t\t\t\t\t\t\t\t\t\t\t\t\t\t\t\t\t\t\t\t\t\t\t\t<\/tr>\n\t\t\t\t\t\t\t\t<tr class=\"wd-table-row elementor-repeater-item-e5d3831\">\n\t\t\t\t\t\t\t\t\t\t\t\t\t\t\t\t\t\t\t\t\t\t\t\t\t\t\t\t\t\t\t<td class=\"wd-table-cell elementor-repeater-item-b451842\" colspan=\"1\" rowspan=\"1\">\n\t\t\t\t\t\t\tGr\u00f6\u00dfe:14\t\t\t\t\t\t\t<\/td>\n\t\t\t\t\t\t\t\t\t\t\t\t\t\t\t\t\t\t\t\t\t\t\t\t<td class=\"wd-table-cell elementor-repeater-item-cd3e053\" colspan=\"1\" rowspan=\"1\">\n\t\t\t\t\t\t\t<p>L\u00e4nge:12.5CM<\/p>\t\t\t\t\t\t\t<\/td>\n\t\t\t\t\t\t\t\t\t\t\t\t\t\t\t\t\t\t\t\t\t\t\t\t<td class=\"wd-table-cell elementor-repeater-item-08259ae\" colspan=\"1\" rowspan=\"1\">\n\t\t\t\t\t\t\t<p>Zentimeter:4.9\"<\/p>\t\t\t\t\t\t\t<\/td>\n\t\t\t\t\t\t\t\t\t\t\t\t\t\t\t\t\t\t\t\t\t\t\t\t<td class=\"wd-table-cell elementor-repeater-item-8e14569\" colspan=\"1\" rowspan=\"1\">\n\t\t\t\t\t\t\t<p>Alter:12~18 Monat<\/p>\t\t\t\t\t\t\t<\/td>\n\t\t\t\t\t\t\t\t\t\t\t\t\t\t\t\t<\/tr>\n\t\t\t\t<\/tbody>\n\t\t\t<\/table>\n\t\t<\/div>\n\t\t\t\t\t\t<\/div>\n\t\t\t\t<\/div>\n\t\t\t\t\t<\/div>\n\t\t<\/div>\n\t\t\t\t\t<\/div>\n\t\t<\/section>\n\t\t\t\t<\/div>","protected":false},"excerpt":{"rendered":"<p>&#8220;<strong>Sie suchen nach den perfekten ersten Winterschuhen f\u00fcr die ersten Schritte Ihres Kindes?<\/strong> Entdecken Sie unsere \"Winterschuhe f\u00fcr Kleinkinder, die zum ersten Mal laufen\". Halten Sie Ihr Baby w\u00e4hrend seiner ersten Schritte warm und sicher. Jetzt versandkostenfrei einkaufen und 30% Rabatt erhalten!\"<\/p>","protected":false},"featured_media":16253,"comment_status":"open","ping_status":"closed","template":"","meta":{"_acf_changed":false},"product_brand":[],"product_cat":[32],"product_tag":[692,693,690,694,689,688,691],"class_list":{"0":"post-16254","1":"product","2":"type-product","3":"status-publish","4":"has-post-thumbnail","6":"product_cat-best-baby-clothing","7":"product_tag-baby-first-step-shoes","8":"product_tag-best-shoes-for-first-time-walkers","9":"product_tag-best-shoes-for-new-walkers","10":"product_tag-infant-soft-bottom-shoes","11":"product_tag-infant-soft-sole-shoes","12":"product_tag-infant-walking-shoes","13":"product_tag-infant-winter-shoes","15":"first","16":"instock","17":"sale","18":"taxable","19":"shipping-taxable","20":"purchasable","21":"product-type-variable","22":"wvs-archive-product-wrapper"},"acf":[],"_links":{"self":[{"href":"https:\/\/babyvk.com\/de\/wp-json\/wp\/v2\/product\/16254","targetHints":{"allow":["GET"]}}],"collection":[{"href":"https:\/\/babyvk.com\/de\/wp-json\/wp\/v2\/product"}],"about":[{"href":"https:\/\/babyvk.com\/de\/wp-json\/wp\/v2\/types\/product"}],"replies":[{"embeddable":true,"href":"https:\/\/babyvk.com\/de\/wp-json\/wp\/v2\/comments?post=16254"}],"version-history":[{"count":0,"href":"https:\/\/babyvk.com\/de\/wp-json\/wp\/v2\/product\/16254\/revisions"}],"wp:featuredmedia":[{"embeddable":true,"href":"https:\/\/babyvk.com\/de\/wp-json\/wp\/v2\/media\/16253"}],"wp:attachment":[{"href":"https:\/\/babyvk.com\/de\/wp-json\/wp\/v2\/media?parent=16254"}],"wp:term":[{"taxonomy":"product_brand","embeddable":true,"href":"https:\/\/babyvk.com\/de\/wp-json\/wp\/v2\/product_brand?post=16254"},{"taxonomy":"product_cat","embeddable":true,"href":"https:\/\/babyvk.com\/de\/wp-json\/wp\/v2\/product_cat?post=16254"},{"taxonomy":"product_tag","embeddable":true,"href":"https:\/\/babyvk.com\/de\/wp-json\/wp\/v2\/product_tag?post=16254"}],"curies":[{"name":"wp","href":"https:\/\/api.w.org\/{rel}","templated":true}]}}