{"id":16205,"date":"2023-09-24T18:59:34","date_gmt":"2023-09-24T18:59:34","guid":{"rendered":"https:\/\/babyvk.com\/?post_type=product&#038;p=16205"},"modified":"2024-05-17T07:56:07","modified_gmt":"2024-05-17T07:56:07","slug":"plush-warm-baby-sock-shoes","status":"publish","type":"product","link":"https:\/\/babyvk.com\/de\/product\/plush-warm-baby-sock-shoes\/","title":{"rendered":"Pl\u00fcsch Warme Baby Socken Schuhe"},"content":{"rendered":"<div data-elementor-type=\"product-post\" data-elementor-id=\"16205\" class=\"elementor elementor-16205\" data-elementor-post-type=\"product\">\n\t\t\t\t\t\t<section class=\"wd-negative-gap elementor-section elementor-top-section elementor-element elementor-element-83badd3 elementor-section-boxed elementor-section-height-default elementor-section-height-default\" data-id=\"83badd3\" data-element_type=\"section\">\n\t\t\t\t\t\t<div class=\"elementor-container elementor-column-gap-default\">\n\t\t\t\t\t<div class=\"elementor-column elementor-col-100 elementor-top-column elementor-element elementor-element-e03a348\" data-id=\"e03a348\" data-element_type=\"column\">\n\t\t\t<div class=\"elementor-widget-wrap elementor-element-populated\">\n\t\t\t\t\t\t<div class=\"elementor-element elementor-element-ef63482 elementor-widget elementor-widget-wd_text_block\" data-id=\"ef63482\" data-element_type=\"widget\" data-widget_type=\"wd_text_block.default\">\n\t\t\t\t<div class=\"elementor-widget-container\">\n\t\t\t\t\t\t\t<div class=\"wd-text-block reset-last-child text-left\">\n\t\t\t\n\t\t\t<div class=\"liner-continer\"><h4 class=\"woodmart-title-container title wd-fontsize-l\">Merkmale:<\/h4><\/div><div class=\"title-after_title set-cont-mb-s reset-last-child wd-fontsize-xs\"><p>Material: Hergestellt aus hochwertigem Material, das bequem und atmungsaktiv ist, langlebig genug f\u00fcr Ihr t\u00e4gliches Tragen. Und es ist sehr weich, bequem, dehnbar, leicht und passt sich Ihrer Haut an.<\/p><p>Design-Stil:Kinder Jungen M\u00e4dchen Mode Schuhe Pl\u00fcsch Schuhe Indoor Haus warm und niedlich Baumwolle Schuhe.<\/p><p>Gr\u00f6\u00dfenauswahl: Bitte messen Sie Ihre Fu\u00dfl\u00e4nge und w\u00e4hlen Sie Ihre Gr\u00f6\u00dfe nach der Gr\u00f6\u00dfentabelle. Breite F\u00fc\u00dfe m\u00fcssen m\u00f6glicherweise +1 Gr\u00f6\u00dfe bestellen.<\/p><p>Ideal f\u00fcr Casual, Daily, Party oder Fotoshoot, auch eine tolle Idee f\u00fcr ein Baby Geschenke.<\/p><p>Service: Wenn Sie Fragen haben, wenden Sie sich bitte per E-Mail an uns. Wir werden Ihre Fragen aufrichtig beantworten und w\u00fcnschen Ihnen ein gl\u00fcckliches Einkaufen.<\/p><\/div>\n\t\t\t\t\t<\/div>\n\t\t\t\t\t\t<\/div>\n\t\t\t\t<\/div>\n\t\t\t\t<div class=\"elementor-element elementor-element-f8c1832 elementor-widget elementor-widget-wd_text_block\" data-id=\"f8c1832\" data-element_type=\"widget\" data-widget_type=\"wd_text_block.default\">\n\t\t\t\t<div class=\"elementor-widget-container\">\n\t\t\t\t\t\t\t<div class=\"wd-text-block reset-last-child text-left\">\n\t\t\t\n\t\t\t<div class=\"liner-continer\"><h4 class=\"woodmart-title-container title wd-fontsize-l\">Spezifikationen<\/h4><\/div><ul><li class=\"title-after_title set-cont-mb-s reset-last-child wd-fontsize-xs\">Geschlecht: Unisex Baby<\/li><li class=\"title-after_title set-cont-mb-s reset-last-child wd-fontsize-xs\">Obermaterial des Schuhs: Baumwolle<\/li><li class=\"title-after_title set-cont-mb-s reset-last-child wd-fontsize-xs\">Verschlussart: Schl\u00fcpfen<\/li><li class=\"title-after_title set-cont-mb-s reset-last-child wd-fontsize-xs\">Stil: L\u00e4ssig,Mode,Party<\/li><li class=\"title-after_title set-cont-mb-s reset-last-child wd-fontsize-xs\">Was Sie erhalten: 1 Paar Schuhe<\/li><\/ul>\n\t\t\t\t\t<\/div>\n\t\t\t\t\t\t<\/div>\n\t\t\t\t<\/div>\n\t\t\t\t\t<\/div>\n\t\t<\/div>\n\t\t\t\t\t<\/div>\n\t\t<\/section>\n\t\t\t\t<\/div>","protected":false},"excerpt":{"rendered":"<p>&#8220;<strong>Suchen Sie die perfekte W\u00e4rme f\u00fcr die F\u00fc\u00dfe Ihrer Kleinen?<\/strong> Pl\u00fcschige, warme Baby-Sockenschuhe - die ideale L\u00f6sung, um die kleinen Zehen bei jedem Wetter kuschelig zu halten. Jetzt versandkostenfrei einkaufen und 30% Rabatt erhalten!\"<\/p>","protected":false},"featured_media":16206,"comment_status":"open","ping_status":"closed","template":"","meta":{"_acf_changed":false},"product_brand":[],"product_cat":[32],"product_tag":[683,680,679,681,682],"class_list":{"0":"post-16205","1":"product","2":"type-product","3":"status-publish","4":"has-post-thumbnail","6":"product_cat-best-baby-clothing","7":"product_tag-baby-crawler-shoes","8":"product_tag-baby-shoes-for-newborn","9":"product_tag-baby-sock-shoes","10":"product_tag-baby-socks-with-shoes","11":"product_tag-newborn-baby-socks","13":"first","14":"instock","15":"sale","16":"taxable","17":"shipping-taxable","18":"purchasable","19":"product-type-variable","20":"wvs-archive-product-wrapper"},"acf":[],"_links":{"self":[{"href":"https:\/\/babyvk.com\/de\/wp-json\/wp\/v2\/product\/16205","targetHints":{"allow":["GET"]}}],"collection":[{"href":"https:\/\/babyvk.com\/de\/wp-json\/wp\/v2\/product"}],"about":[{"href":"https:\/\/babyvk.com\/de\/wp-json\/wp\/v2\/types\/product"}],"replies":[{"embeddable":true,"href":"https:\/\/babyvk.com\/de\/wp-json\/wp\/v2\/comments?post=16205"}],"version-history":[{"count":0,"href":"https:\/\/babyvk.com\/de\/wp-json\/wp\/v2\/product\/16205\/revisions"}],"wp:featuredmedia":[{"embeddable":true,"href":"https:\/\/babyvk.com\/de\/wp-json\/wp\/v2\/media\/16206"}],"wp:attachment":[{"href":"https:\/\/babyvk.com\/de\/wp-json\/wp\/v2\/media?parent=16205"}],"wp:term":[{"taxonomy":"product_brand","embeddable":true,"href":"https:\/\/babyvk.com\/de\/wp-json\/wp\/v2\/product_brand?post=16205"},{"taxonomy":"product_cat","embeddable":true,"href":"https:\/\/babyvk.com\/de\/wp-json\/wp\/v2\/product_cat?post=16205"},{"taxonomy":"product_tag","embeddable":true,"href":"https:\/\/babyvk.com\/de\/wp-json\/wp\/v2\/product_tag?post=16205"}],"curies":[{"name":"wp","href":"https:\/\/api.w.org\/{rel}","templated":true}]}}