{"id":15942,"date":"2023-07-24T17:12:45","date_gmt":"2023-07-24T17:12:45","guid":{"rendered":"https:\/\/babyvk.com\/?post_type=product&#038;p=15942"},"modified":"2025-03-10T20:03:33","modified_gmt":"2025-03-10T20:03:33","slug":"baby-panama-hat-sun-protection","status":"publish","type":"product","link":"https:\/\/babyvk.com\/de\/product\/baby-panama-hat-sun-protection\/","title":{"rendered":"Baby Panamahut Sonnenschutz"},"content":{"rendered":"<div data-elementor-type=\"product-post\" data-elementor-id=\"15942\" class=\"elementor elementor-15942\" data-elementor-post-type=\"product\">\n\t\t\t\t\t\t<section class=\"elementor-section elementor-top-section elementor-element elementor-element-19c208b elementor-section-boxed elementor-section-height-default elementor-section-height-default\" data-id=\"19c208b\" data-element_type=\"section\">\n\t\t\t\t\t\t<div class=\"elementor-container elementor-column-gap-default\">\n\t\t\t\t\t<div class=\"elementor-column elementor-col-100 elementor-top-column elementor-element elementor-element-6b967c0\" data-id=\"6b967c0\" data-element_type=\"column\">\n\t\t\t<div class=\"elementor-widget-wrap elementor-element-populated\">\n\t\t\t\t\t\t<div class=\"elementor-element elementor-element-2cf04dc elementor-widget elementor-widget-wd_text_block\" data-id=\"2cf04dc\" data-element_type=\"widget\" data-widget_type=\"wd_text_block.default\">\n\t\t\t\t<div class=\"elementor-widget-container\">\n\t\t\t\t\t\t\t<div class=\"wd-text-block reset-last-child text-left\">\n\t\t\t\n\t\t\t<p><strong>Beschreibung: <\/strong><\/p><p>Sch\u00fctzen Sie Ihr Kind vor sch\u00e4dlicher Sonneneinstrahlung mit unserem Baby Panama Sun Hat. Sein Design sorgt f\u00fcr maximalen Komfort und Stil und macht ihn zum perfekten Accessoire f\u00fcr sonnige Tage. Halten Sie Ihr Baby sicher und niedlich, wo auch immer sie gehen! \u2600\ufe0f\ud83d\udc76\ud83d\udc52<\/p>\n\t\t\t\t\t<\/div>\n\t\t\t\t\t\t<\/div>\n\t\t\t\t<\/div>\n\t\t\t\t<div class=\"elementor-element elementor-element-827d0fa elementor-widget elementor-widget-wd_text_block\" data-id=\"827d0fa\" data-element_type=\"widget\" data-widget_type=\"wd_text_block.default\">\n\t\t\t\t<div class=\"elementor-widget-container\">\n\t\t\t\t\t\t\t<div class=\"wd-text-block reset-last-child text-left\">\n\t\t\t\n\t\t\t<p><strong>Merkmale:<\/strong><\/p><ol><li>Sonnenschutz: Unsere Sonnenh\u00fcte bieten einen hervorragenden UV-Schutz und sch\u00fctzen die zarte Haut Ihres Babys.<\/li><li>Atmungsaktives Material: Hergestellt aus leichtem, atmungsaktivem Material, das den ganzen Tag \u00fcber einen hohen Tragekomfort gew\u00e4hrleistet.<\/li><li>Verstellbarer Kinnriemen: Sorgt daf\u00fcr, dass die M\u00fctze bei Outdoor-Abenteuern auf Ihrem Baby sitzt.<\/li><li>Stilvolles Design: Modische Panamah\u00fcte gibt es in verschiedenen Farben, die jedes Outfit erg\u00e4nzen.<\/li><li>Bequem zu transportieren und zu verpacken: Faltbares Design f\u00fcr einfache Lagerung in Wickeltaschen oder Kinderwagen.<\/li><\/ol>\n\t\t\t\t\t<\/div>\n\t\t\t\t\t\t<\/div>\n\t\t\t\t<\/div>\n\t\t\t\t<div class=\"elementor-element elementor-element-4c91f64 elementor-widget elementor-widget-wd_text_block\" data-id=\"4c91f64\" data-element_type=\"widget\" data-widget_type=\"wd_text_block.default\">\n\t\t\t\t<div class=\"elementor-widget-container\">\n\t\t\t\t\t\t\t<div class=\"wd-text-block reset-last-child text-left\">\n\t\t\t\n\t\t\t<p><strong>Spezifikationen:<\/strong><\/p><ul><li>Name: Baby Panamahut Sonnenschutz<\/li><li>Material: Baumwolle\/Polyester-Gemisch<\/li><li>Gr\u00f6\u00dfen: 3-12 Monate<\/li><li>Farben: Blau, Grau, Orange, Rosa, Rot, Wei\u00df<\/li><\/ul><p><strong>Paket:<\/strong><\/p><ul><li>1 Baby Panamahut<\/li><\/ul>\n\t\t\t\t\t<\/div>\n\t\t\t\t\t\t<\/div>\n\t\t\t\t<\/div>\n\t\t\t\t<div class=\"elementor-element elementor-element-0942974 elementor-widget elementor-widget-wd_text_block\" data-id=\"0942974\" data-element_type=\"widget\" data-widget_type=\"wd_text_block.default\">\n\t\t\t\t<div class=\"elementor-widget-container\">\n\t\t\t\t\t\t\t<div class=\"wd-text-block reset-last-child text-left\">\n\t\t\t\n\t\t\t<p><strong>Vorsichtsma\u00dfnahmen:<\/strong><\/p><ol><li>Bitte erlauben Sie 1-3cm Messabweichung aufgrund der manuellen Messung.<\/li><li>Aufgrund des unterschiedlichen Monitors und Lichteffekts kann die tats\u00e4chliche Farbe des Artikels etwas von der auf den Bildern gezeigten Farbe abweichen.<\/li><\/ol>\n\t\t\t\t\t<\/div>\n\t\t\t\t\t\t<\/div>\n\t\t\t\t<\/div>\n\t\t\t\t\t<\/div>\n\t\t<\/div>\n\t\t\t\t\t<\/div>\n\t\t<\/section>\n\t\t\t\t<\/div>","protected":false},"excerpt":{"rendered":"<p>&#8220;<strong>Suchen Sie den perfekten Sonnenschutz f\u00fcr Ihr Kind?<\/strong> Entdecken Sie unseren Baby Panamahut Sonnenschutz - die ideale L\u00f6sung, um Ihr Baby vor sch\u00e4dlichen UV-Strahlen zu sch\u00fctzen. Jetzt versandkostenfrei einkaufen und 30% Rabatt erhalten!\"<\/p>","protected":false},"featured_media":15939,"comment_status":"open","ping_status":"closed","template":"","meta":{"_acf_changed":false},"product_brand":[],"product_cat":[32],"product_tag":[648,652,650,653,649,647,651],"class_list":{"0":"post-15942","1":"product","2":"type-product","3":"status-publish","4":"has-post-thumbnail","6":"product_cat-best-baby-clothing","7":"product_tag-baby-beach-hat","8":"product_tag-baby-bucket-hat","9":"product_tag-baby-panama-cap","10":"product_tag-baby-panama-hat","11":"product_tag-baby-sun-hat","12":"product_tag-infant-sun-cap","13":"product_tag-infant-sun-hat","15":"first","16":"instock","17":"sale","18":"taxable","19":"shipping-taxable","20":"purchasable","21":"product-type-variable","22":"wvs-archive-product-wrapper"},"acf":[],"_links":{"self":[{"href":"https:\/\/babyvk.com\/de\/wp-json\/wp\/v2\/product\/15942","targetHints":{"allow":["GET"]}}],"collection":[{"href":"https:\/\/babyvk.com\/de\/wp-json\/wp\/v2\/product"}],"about":[{"href":"https:\/\/babyvk.com\/de\/wp-json\/wp\/v2\/types\/product"}],"replies":[{"embeddable":true,"href":"https:\/\/babyvk.com\/de\/wp-json\/wp\/v2\/comments?post=15942"}],"version-history":[{"count":0,"href":"https:\/\/babyvk.com\/de\/wp-json\/wp\/v2\/product\/15942\/revisions"}],"wp:featuredmedia":[{"embeddable":true,"href":"https:\/\/babyvk.com\/de\/wp-json\/wp\/v2\/media\/15939"}],"wp:attachment":[{"href":"https:\/\/babyvk.com\/de\/wp-json\/wp\/v2\/media?parent=15942"}],"wp:term":[{"taxonomy":"product_brand","embeddable":true,"href":"https:\/\/babyvk.com\/de\/wp-json\/wp\/v2\/product_brand?post=15942"},{"taxonomy":"product_cat","embeddable":true,"href":"https:\/\/babyvk.com\/de\/wp-json\/wp\/v2\/product_cat?post=15942"},{"taxonomy":"product_tag","embeddable":true,"href":"https:\/\/babyvk.com\/de\/wp-json\/wp\/v2\/product_tag?post=15942"}],"curies":[{"name":"wp","href":"https:\/\/api.w.org\/{rel}","templated":true}]}}