{"id":15710,"date":"2023-07-13T14:14:57","date_gmt":"2023-07-13T14:14:57","guid":{"rendered":"https:\/\/babyvk.com\/?post_type=product&#038;p=15710"},"modified":"2025-03-10T20:03:34","modified_gmt":"2025-03-10T20:03:34","slug":"baby-swimming-float-with-canopy","status":"publish","type":"product","link":"https:\/\/babyvk.com\/de\/product\/baby-swimming-float-with-canopy\/","title":{"rendered":"Babyschwimmk\u00f6rper mit Verdeck"},"content":{"rendered":"<div data-elementor-type=\"product-post\" data-elementor-id=\"15710\" class=\"elementor elementor-15710\" data-elementor-post-type=\"product\">\n\t\t\t\t\t\t<section class=\"elementor-section elementor-top-section elementor-element elementor-element-db81a1a elementor-section-boxed elementor-section-height-default elementor-section-height-default\" data-id=\"db81a1a\" data-element_type=\"section\">\n\t\t\t\t\t\t<div class=\"elementor-container elementor-column-gap-default\">\n\t\t\t\t\t<div class=\"elementor-column elementor-col-100 elementor-top-column elementor-element elementor-element-b6144a9\" data-id=\"b6144a9\" data-element_type=\"column\">\n\t\t\t<div class=\"elementor-widget-wrap elementor-element-populated\">\n\t\t\t\t\t\t<div class=\"elementor-element elementor-element-4c1fd84 elementor-widget elementor-widget-wd_text_block\" data-id=\"4c1fd84\" data-element_type=\"widget\" data-widget_type=\"wd_text_block.default\">\n\t\t\t\t<div class=\"elementor-widget-container\">\n\t\t\t\t\t\t\t<div class=\"wd-text-block reset-last-child text-center\">\n\t\t\t\n\t\t\t<h2>\ud83d\udc76\ud83c\udfca\u200d\u2640\ufe0f Sie machen sich Sorgen um die Sicherheit Ihres Babys beim Schwimmen?<\/h2><p>Verabschieden Sie sich von Ihren Sorgen mit unserem Baby-Schwimmring mit Sonnendach! \ud83c\udf1e\u2600\ufe0f Dieser Schwimmring wurde entwickelt, um die Bedenken von frischgebackenen M\u00fcttern zu zerstreuen und bietet die perfekte L\u00f6sung f\u00fcr ein sorgenfreies Wassererlebnis f\u00fcr Ihr Kleines. \ud83c\udfca\u200d\u2640\ufe0f\ud83d\udc76<\/p>\n\t\t\t\t\t<\/div>\n\t\t\t\t\t\t<\/div>\n\t\t\t\t<\/div>\n\t\t\t\t\t<\/div>\n\t\t<\/div>\n\t\t\t\t\t<\/div>\n\t\t<\/section>\n\t\t\t\t<section class=\"wd-negative-gap elementor-section elementor-top-section elementor-element elementor-element-8a5d4dc elementor-section-boxed elementor-section-height-default elementor-section-height-default\" data-id=\"8a5d4dc\" data-element_type=\"section\">\n\t\t\t\t\t\t<div class=\"elementor-container elementor-column-gap-default\">\n\t\t\t\t\t<div class=\"elementor-column elementor-col-100 elementor-top-column elementor-element elementor-element-06fd8fc\" data-id=\"06fd8fc\" data-element_type=\"column\">\n\t\t\t<div class=\"elementor-widget-wrap elementor-element-populated\">\n\t\t\t\t\t\t<div class=\"elementor-element elementor-element-acf1a76 elementor-widget elementor-widget-wd_image_or_svg\" data-id=\"acf1a76\" data-element_type=\"widget\" data-widget_type=\"wd_image_or_svg.default\">\n\t\t\t\t<div class=\"elementor-widget-container\">\n\t\t\t\t\t\n\t\t<div class=\"wd-image text-left\">\n\t\t\t\t\t\t\t\t<img fetchpriority=\"high\" decoding=\"async\" width=\"1000\" height=\"1000\" src=\"https:\/\/babyvk.com\/wp-content\/uploads\/2023\/07\/swim-ring-baby.webp\" class=\"attachment-full size-full wvs-archive-product-image\" alt=\"Babyschwimmk\u00f6rper\" srcset=\"https:\/\/babyvk.com\/wp-content\/uploads\/2023\/07\/swim-ring-baby.webp 1000w, https:\/\/babyvk.com\/wp-content\/uploads\/2023\/07\/swim-ring-baby-30x30.webp 30w, https:\/\/babyvk.com\/wp-content\/uploads\/2023\/07\/swim-ring-baby-50x50.webp 50w, https:\/\/babyvk.com\/wp-content\/uploads\/2023\/07\/swim-ring-baby-100x100.webp 100w, https:\/\/babyvk.com\/wp-content\/uploads\/2023\/07\/swim-ring-baby-150x150.webp 150w, https:\/\/babyvk.com\/wp-content\/uploads\/2023\/07\/swim-ring-baby-300x300.webp 300w, https:\/\/babyvk.com\/wp-content\/uploads\/2023\/07\/swim-ring-baby-768x768.webp 768w, https:\/\/babyvk.com\/wp-content\/uploads\/2023\/07\/swim-ring-baby-800x800.webp 800w, https:\/\/babyvk.com\/wp-content\/uploads\/2023\/07\/swim-ring-baby-860x860.webp 860w, https:\/\/babyvk.com\/wp-content\/uploads\/2023\/07\/swim-ring-baby-500x500.webp 500w, https:\/\/babyvk.com\/wp-content\/uploads\/2023\/07\/swim-ring-baby-430x430.webp 430w, https:\/\/babyvk.com\/wp-content\/uploads\/2023\/07\/swim-ring-baby-700x700.webp 700w\" sizes=\"(max-width: 1000px) 100vw, 1000px\" title=\"\">\t\t\t\t\t<\/div>\n\n\t\t\t\t\t\t<\/div>\n\t\t\t\t<\/div>\n\t\t\t\t<div class=\"elementor-element elementor-element-56ed19b elementor-widget elementor-widget-wd_text_block\" data-id=\"56ed19b\" data-element_type=\"widget\" data-widget_type=\"wd_text_block.default\">\n\t\t\t\t<div class=\"elementor-widget-container\">\n\t\t\t\t\t\t\t<div class=\"wd-text-block reset-last-child text-left\">\n\t\t\t\n\t\t\t<h2>Merkmale:<\/h2><ol><li>Erh\u00f6hte Sicherheit: Unser Baby-Schwimmring ist 10% breiter und l\u00e4nger als andere und verf\u00fcgt \u00fcber eine nicht aufblasbare Schwamm-Brustst\u00fctze zum Schutz des Babybauchs.<\/li><li>Stabiles Design: Die hochgezogene Vorderseite und die verbreiterten Seiten verhindern ein Umkippen, w\u00e4hrend der weiche Boden zus\u00e4tzlichen Halt bietet und ein Verrutschen verhindert.<\/li><li>Trendig und praktisch: Das neueste Design ist mit einem abnehmbaren, atmungsaktiven Verdeck ausgestattet, das Ihr Baby vor sch\u00e4dlichen Sonnenstrahlen sch\u00fctzt und es Ihnen erm\u00f6glicht, sonnige Tage \u00fcberall und jederzeit zu genie\u00dfen.<\/li><li>Tragbar und bequem: Mit der mitgelieferten Handpumpe l\u00e4sst sich die Luft ganz einfach aufblasen und ablassen, so dass es ein Kinderspiel ist, sie aufzustellen und einzupacken.<\/li><li>Liebe zum Detail: Unser Produkt wird strengen Gastests unterzogen, um den perfekten F\u00fcllstand von 80%-90% f\u00fcr optimale Sicherheit und Komfort zu gew\u00e4hrleisten.<\/li><\/ol>\n\t\t\t\t\t<\/div>\n\t\t\t\t\t\t<\/div>\n\t\t\t\t<\/div>\n\t\t\t\t\t<\/div>\n\t\t<\/div>\n\t\t\t\t\t<\/div>\n\t\t<\/section>\n\t\t\t\t<section class=\"elementor-section elementor-top-section elementor-element elementor-element-580aef6 elementor-section-boxed elementor-section-height-default elementor-section-height-default\" data-id=\"580aef6\" data-element_type=\"section\">\n\t\t\t\t\t\t<div class=\"elementor-container elementor-column-gap-default\">\n\t\t\t\t\t<div class=\"elementor-column elementor-col-100 elementor-top-column elementor-element elementor-element-6341df4\" data-id=\"6341df4\" data-element_type=\"column\">\n\t\t\t<div class=\"elementor-widget-wrap elementor-element-populated\">\n\t\t\t\t\t\t<div class=\"elementor-element elementor-element-0564610 wd-width-100 elementor-widget elementor-widget-wd_title\" data-id=\"0564610\" data-element_type=\"widget\" data-widget_type=\"wd_title.default\">\n\t\t\t\t<div class=\"elementor-widget-container\">\n\t\t\t\t\t\t\t<div class=\"title-wrapper wd-set-mb reset-last-child wd-title-color-default wd-title-style-default wd-title-size-default text-center\">\n\n\t\t\t\n\t\t\t<div class=\"liner-continer\">\n\t\t\t\t<h4 class=\"woodmart-title-container title wd-fontsize-l\">Installationsanleitung<\/h4> \n\t\t\t\t\t\t\t<\/div>\n\n\t\t\t\t\t<\/div>\n\t\t\t\t\t\t<\/div>\n\t\t\t\t<\/div>\n\t\t\t\t<div class=\"elementor-element elementor-element-5ee617b elementor-widget elementor-widget-wd_image_or_svg\" data-id=\"5ee617b\" data-element_type=\"widget\" data-widget_type=\"wd_image_or_svg.default\">\n\t\t\t\t<div class=\"elementor-widget-container\">\n\t\t\t\t\t\n\t\t<div class=\"wd-image text-left\">\n\t\t\t\t\t\t\t\t<img decoding=\"async\" width=\"1000\" height=\"1000\" src=\"https:\/\/babyvk.com\/wp-content\/uploads\/2023\/07\/baby-swimming-float.webp\" class=\"attachment-full size-full wvs-archive-product-image\" alt=\"Schwebender Ring\" srcset=\"https:\/\/babyvk.com\/wp-content\/uploads\/2023\/07\/baby-swimming-float.webp 1000w, https:\/\/babyvk.com\/wp-content\/uploads\/2023\/07\/baby-swimming-float-30x30.webp 30w, https:\/\/babyvk.com\/wp-content\/uploads\/2023\/07\/baby-swimming-float-50x50.webp 50w, https:\/\/babyvk.com\/wp-content\/uploads\/2023\/07\/baby-swimming-float-100x100.webp 100w, https:\/\/babyvk.com\/wp-content\/uploads\/2023\/07\/baby-swimming-float-150x150.webp 150w, https:\/\/babyvk.com\/wp-content\/uploads\/2023\/07\/baby-swimming-float-300x300.webp 300w, https:\/\/babyvk.com\/wp-content\/uploads\/2023\/07\/baby-swimming-float-768x768.webp 768w, https:\/\/babyvk.com\/wp-content\/uploads\/2023\/07\/baby-swimming-float-800x800.webp 800w, https:\/\/babyvk.com\/wp-content\/uploads\/2023\/07\/baby-swimming-float-860x860.webp 860w, https:\/\/babyvk.com\/wp-content\/uploads\/2023\/07\/baby-swimming-float-500x500.webp 500w, https:\/\/babyvk.com\/wp-content\/uploads\/2023\/07\/baby-swimming-float-430x430.webp 430w, https:\/\/babyvk.com\/wp-content\/uploads\/2023\/07\/baby-swimming-float-700x700.webp 700w\" sizes=\"(max-width: 1000px) 100vw, 1000px\" title=\"\">\t\t\t\t\t<\/div>\n\n\t\t\t\t\t\t<\/div>\n\t\t\t\t<\/div>\n\t\t\t\t<div class=\"elementor-element elementor-element-4d11a2d elementor-widget elementor-widget-wd_text_block\" data-id=\"4d11a2d\" data-element_type=\"widget\" data-widget_type=\"wd_text_block.default\">\n\t\t\t\t<div class=\"elementor-widget-container\">\n\t\t\t\t\t\t\t<div class=\"wd-text-block reset-last-child text-left\">\n\t\t\t\n\t\t\t<h2>Spezifikationen:<\/h2><p>\ud83d\udccf Gr\u00f6\u00dfe: S\/L\/XL <br \/>\ud83c\udfa8 Farbe: Blau <br \/>\ud83e\uddea Material: Nicht-PVC <br \/>\ud83d\udc76 Altersbereich: 4-48 Monate <br \/>\ud83d\udce6 Paket: OPP-Beutel, Farbkarton <br \/>\ud83c\udf1e Jahreszeit: Sommer <br \/>\ud83d\udce6 Das Paket enth\u00e4lt: 1\u00d7 Schwimmerring, 1\u00d7 Handpumpe<\/p>\n\t\t\t\t\t<\/div>\n\t\t\t\t\t\t<\/div>\n\t\t\t\t<\/div>\n\t\t\t\t<div class=\"elementor-element elementor-element-fff8391 elementor-widget elementor-widget-wd_image_or_svg\" data-id=\"fff8391\" data-element_type=\"widget\" data-widget_type=\"wd_image_or_svg.default\">\n\t\t\t\t<div class=\"elementor-widget-container\">\n\t\t\t\t\t\n\t\t<div class=\"wd-image text-left\">\n\t\t\t\t\t\t\t\t<img decoding=\"async\" width=\"1000\" height=\"1000\" src=\"https:\/\/babyvk.com\/wp-content\/uploads\/2023\/07\/ring-float-for-baby.webp\" class=\"attachment-full size-full wvs-archive-product-image\" alt=\"Schwimmkreis\" srcset=\"https:\/\/babyvk.com\/wp-content\/uploads\/2023\/07\/ring-float-for-baby.webp 1000w, https:\/\/babyvk.com\/wp-content\/uploads\/2023\/07\/ring-float-for-baby-30x30.webp 30w, https:\/\/babyvk.com\/wp-content\/uploads\/2023\/07\/ring-float-for-baby-50x50.webp 50w, https:\/\/babyvk.com\/wp-content\/uploads\/2023\/07\/ring-float-for-baby-100x100.webp 100w, https:\/\/babyvk.com\/wp-content\/uploads\/2023\/07\/ring-float-for-baby-150x150.webp 150w, https:\/\/babyvk.com\/wp-content\/uploads\/2023\/07\/ring-float-for-baby-300x300.webp 300w, https:\/\/babyvk.com\/wp-content\/uploads\/2023\/07\/ring-float-for-baby-768x768.webp 768w, https:\/\/babyvk.com\/wp-content\/uploads\/2023\/07\/ring-float-for-baby-800x800.webp 800w, https:\/\/babyvk.com\/wp-content\/uploads\/2023\/07\/ring-float-for-baby-860x860.webp 860w, https:\/\/babyvk.com\/wp-content\/uploads\/2023\/07\/ring-float-for-baby-500x500.webp 500w, https:\/\/babyvk.com\/wp-content\/uploads\/2023\/07\/ring-float-for-baby-430x430.webp 430w, https:\/\/babyvk.com\/wp-content\/uploads\/2023\/07\/ring-float-for-baby-700x700.webp 700w\" sizes=\"(max-width: 1000px) 100vw, 1000px\" title=\"\">\t\t\t\t\t<\/div>\n\n\t\t\t\t\t\t<\/div>\n\t\t\t\t<\/div>\n\t\t\t\t<div class=\"elementor-element elementor-element-f0f0b83 elementor-widget elementor-widget-wd_text_block\" data-id=\"f0f0b83\" data-element_type=\"widget\" data-widget_type=\"wd_text_block.default\">\n\t\t\t\t<div class=\"elementor-widget-container\">\n\t\t\t\t\t\t\t<div class=\"wd-text-block reset-last-child text-left\">\n\t\t\t\n\t\t\t<p><strong>Verpassen Sie nicht dieses unentbehrliche Baby-Schwimmger\u00e4t! Lassen Sie Ihr Kind ein sicheres und angenehmes Schwimmerlebnis genie\u00dfen. Holen Sie sich Ihren jetzt! \ud83c\udfca\u200d\u2640\ufe0f\ud83d\udc76\ud83d\udca6<\/strong><\/p>\n\t\t\t\t\t<\/div>\n\t\t\t\t\t\t<\/div>\n\t\t\t\t<\/div>\n\t\t\t\t\t<\/div>\n\t\t<\/div>\n\t\t\t\t\t<\/div>\n\t\t<\/section>\n\t\t\t\t<\/div>","protected":false},"excerpt":{"rendered":"<p>&#8220;<strong>Suchen Sie nach einem sicheren und angenehmen Schwimmvergn\u00fcgen f\u00fcr Ihr Baby?<\/strong> Entdecken Sie unser Baby-Schwimmboot mit Sonnendach! Sie fragen sich, wie Sie Sonnenschutz und Wasserspa\u00df f\u00fcr Ihr Kind gew\u00e4hrleisten k\u00f6nnen? Unser innovativer Schwimmer garantiert sowohl Sicherheit als auch Spa\u00df im Wasser. Jetzt versandkostenfrei einkaufen und 30% Rabatt erhalten!\"<\/p>","protected":false},"featured_media":15713,"comment_status":"open","ping_status":"closed","template":"","meta":{"_acf_changed":false},"product_brand":[],"product_cat":[509],"product_tag":[615,616,613,614,619,618,617],"class_list":{"0":"post-15710","1":"product","2":"type-product","3":"status-publish","4":"has-post-thumbnail","6":"product_cat-best-baby-toys","7":"product_tag-baby-float-ring","8":"product_tag-baby-floats","9":"product_tag-baby-floats-for-pool","10":"product_tag-baby-swimming-float","11":"product_tag-flotation-ring-baby","12":"product_tag-ring-float-for-baby","13":"product_tag-swim-ring-baby","15":"first","16":"instock","17":"sale","18":"taxable","19":"shipping-taxable","20":"purchasable","21":"product-type-variable","22":"wvs-archive-product-wrapper"},"acf":[],"_links":{"self":[{"href":"https:\/\/babyvk.com\/de\/wp-json\/wp\/v2\/product\/15710","targetHints":{"allow":["GET"]}}],"collection":[{"href":"https:\/\/babyvk.com\/de\/wp-json\/wp\/v2\/product"}],"about":[{"href":"https:\/\/babyvk.com\/de\/wp-json\/wp\/v2\/types\/product"}],"replies":[{"embeddable":true,"href":"https:\/\/babyvk.com\/de\/wp-json\/wp\/v2\/comments?post=15710"}],"version-history":[{"count":0,"href":"https:\/\/babyvk.com\/de\/wp-json\/wp\/v2\/product\/15710\/revisions"}],"wp:featuredmedia":[{"embeddable":true,"href":"https:\/\/babyvk.com\/de\/wp-json\/wp\/v2\/media\/15713"}],"wp:attachment":[{"href":"https:\/\/babyvk.com\/de\/wp-json\/wp\/v2\/media?parent=15710"}],"wp:term":[{"taxonomy":"product_brand","embeddable":true,"href":"https:\/\/babyvk.com\/de\/wp-json\/wp\/v2\/product_brand?post=15710"},{"taxonomy":"product_cat","embeddable":true,"href":"https:\/\/babyvk.com\/de\/wp-json\/wp\/v2\/product_cat?post=15710"},{"taxonomy":"product_tag","embeddable":true,"href":"https:\/\/babyvk.com\/de\/wp-json\/wp\/v2\/product_tag?post=15710"}],"curies":[{"name":"wp","href":"https:\/\/api.w.org\/{rel}","templated":true}]}}