{"id":15395,"date":"2023-07-07T05:17:13","date_gmt":"2023-07-07T05:17:13","guid":{"rendered":"https:\/\/babyvk.com\/?post_type=product&#038;p=15395"},"modified":"2025-03-10T20:03:34","modified_gmt":"2025-03-10T20:03:34","slug":"automatic-domino-train-for-kids","status":"publish","type":"product","link":"https:\/\/babyvk.com\/de\/product\/automatic-domino-train-for-kids\/","title":{"rendered":"Automatischer Domino-Zug f\u00fcr Kinder"},"content":{"rendered":"<div data-elementor-type=\"product-post\" data-elementor-id=\"15395\" class=\"elementor elementor-15395\" data-elementor-post-type=\"product\">\n\t\t\t\t\t\t<section class=\"wd-negative-gap elementor-section elementor-top-section elementor-element elementor-element-1761bd7 elementor-section-boxed elementor-section-height-default elementor-section-height-default\" data-id=\"1761bd7\" data-element_type=\"section\">\n\t\t\t\t\t\t<div class=\"elementor-container elementor-column-gap-default\">\n\t\t\t\t\t<div class=\"elementor-column elementor-col-100 elementor-top-column elementor-element elementor-element-6b50e76\" data-id=\"6b50e76\" data-element_type=\"column\">\n\t\t\t<div class=\"elementor-widget-wrap elementor-element-populated\">\n\t\t\t\t\t\t<div class=\"elementor-element elementor-element-d5b0ca7 elementor-widget elementor-widget-wd_text_block\" data-id=\"d5b0ca7\" data-element_type=\"widget\" data-widget_type=\"wd_text_block.default\">\n\t\t\t\t<div class=\"elementor-widget-container\">\n\t\t\t\t\t\t\t<div class=\"wd-text-block reset-last-child text-left\">\n\t\t\t\n\t\t\t<h2 style=\"text-align: left;\">\ud83d\ude82<strong>Sie suchen ein fesselndes Spielzeug, das die Kreativit\u00e4t und die kognitive Entwicklung anregt? <\/strong><\/h2><p style=\"text-align: left;\">Unser automatischer Domino-Zug f\u00fcr Kinder ist die perfekte Wahl! \ud83c\udf08\ud83e\udde0<\/p><p style=\"text-align: left;\">Beobachten Sie, wie die Dominosteine in einer faszinierenden Kettenreaktion umfallen und dabei die r\u00e4umlichen F\u00e4higkeiten und die Farberkennung f\u00f6rdern. Machen Sie sich bereit f\u00fcr stundenlangen Lernspa\u00df! \ud83c\udf81\ud83d\udc67\ud83d\udc66<\/p>\n\t\t\t\t\t<\/div>\n\t\t\t\t\t\t<\/div>\n\t\t\t\t<\/div>\n\t\t\t\t\t<\/div>\n\t\t<\/div>\n\t\t\t\t\t<\/div>\n\t\t<\/section>\n\t\t\t\t<section class=\"wd-negative-gap elementor-section elementor-top-section elementor-element elementor-element-6279208 elementor-section-boxed elementor-section-height-default elementor-section-height-default\" data-id=\"6279208\" data-element_type=\"section\">\n\t\t\t\t\t\t<div class=\"elementor-container elementor-column-gap-default\">\n\t\t\t\t\t<div class=\"elementor-column elementor-col-100 elementor-top-column elementor-element elementor-element-dd98411\" data-id=\"dd98411\" data-element_type=\"column\">\n\t\t\t<div class=\"elementor-widget-wrap elementor-element-populated\">\n\t\t\t\t\t\t<div class=\"elementor-element elementor-element-0d8adb3 elementor-widget elementor-widget-wd_image_or_svg\" data-id=\"0d8adb3\" data-element_type=\"widget\" data-widget_type=\"wd_image_or_svg.default\">\n\t\t\t\t<div class=\"elementor-widget-container\">\n\t\t\t\t\t\n\t\t<div class=\"wd-image text-left\">\n\t\t\t\t\t\t\t\t<img fetchpriority=\"high\" decoding=\"async\" width=\"800\" height=\"800\" src=\"https:\/\/babyvk.com\/wp-content\/uploads\/2023\/07\/automatic-domino-train-toy.webp\" class=\"attachment-full size-full wvs-archive-product-image\" alt=\"Domino-Zug f\u00fcr Kinder\" srcset=\"https:\/\/babyvk.com\/wp-content\/uploads\/2023\/07\/automatic-domino-train-toy.webp 800w, https:\/\/babyvk.com\/wp-content\/uploads\/2023\/07\/automatic-domino-train-toy-30x30.webp 30w, https:\/\/babyvk.com\/wp-content\/uploads\/2023\/07\/automatic-domino-train-toy-50x50.webp 50w, https:\/\/babyvk.com\/wp-content\/uploads\/2023\/07\/automatic-domino-train-toy-100x100.webp 100w, https:\/\/babyvk.com\/wp-content\/uploads\/2023\/07\/automatic-domino-train-toy-150x150.webp 150w, https:\/\/babyvk.com\/wp-content\/uploads\/2023\/07\/automatic-domino-train-toy-300x300.webp 300w, https:\/\/babyvk.com\/wp-content\/uploads\/2023\/07\/automatic-domino-train-toy-768x768.webp 768w, https:\/\/babyvk.com\/wp-content\/uploads\/2023\/07\/automatic-domino-train-toy-500x500.webp 500w, https:\/\/babyvk.com\/wp-content\/uploads\/2023\/07\/automatic-domino-train-toy-430x430.webp 430w, https:\/\/babyvk.com\/wp-content\/uploads\/2023\/07\/automatic-domino-train-toy-700x700.webp 700w\" sizes=\"(max-width: 800px) 100vw, 800px\" title=\"\">\t\t\t\t\t<\/div>\n\n\t\t\t\t\t\t<\/div>\n\t\t\t\t<\/div>\n\t\t\t\t<div class=\"elementor-element elementor-element-f42d1de elementor-widget elementor-widget-wd_text_block\" data-id=\"f42d1de\" data-element_type=\"widget\" data-widget_type=\"wd_text_block.default\">\n\t\t\t\t<div class=\"elementor-widget-container\">\n\t\t\t\t\t\t\t<div class=\"wd-text-block reset-last-child text-left\">\n\t\t\t\n\t\t\t<h2>Merkmale:<\/h2><p>1\ufe0f\u20e3 \u3010<strong>Automatic Domino Laying\u3011:<\/strong> Mit unserem Zug ist das Aufstellen von Dominosteinen ein Kinderspiel. Schieben Sie einfach einen Stein und beobachten Sie die erstaunliche Kettenreaktion. Es ist wie ein rollender Wettbewerb! \ud83d\ude82\ud83c\udf89<\/p><p>2\ufe0f\u20e3 \u3010<strong>Gehirnstimulierendes Design\u3011:<\/strong> Das auff\u00e4llige Erscheinungsbild unseres Zuges regt junge K\u00f6pfe an und f\u00f6rdert ihre kognitive Entwicklung. Machen Sie sich auf ein spannendes Schauspiel gefasst, wenn die Dominosteine \u00fcber die Gleise rollen! \ud83d\udca1\ud83e\udde0<\/p><p>3\ufe0f\u20e3 \u3010<strong>Sicherheit geht vor\u3011:<\/strong> Unser Dominostein-Set ist aus hochwertigem ABS-Material gefertigt und daher sicher f\u00fcr Kinder. Jede Domino-Kante ist abgerundet und f\u00fchlt sich glatt an. Der drehbare Zugschornstein erm\u00f6glicht einstellbare Richtungen. \ud83d\udd12\ud83d\udc76<\/p><p>4\ufe0f\u20e3<strong>\u00a0\u3010Creative Educational Game\u3011:<\/strong> Entfesseln Sie die Fantasie Ihres Kindes mit diesem fantastischen Lernspielzeug. Es f\u00f6rdert mathematische, naturwissenschaftliche, r\u00e4umliche und taktile F\u00e4higkeiten durch ein fesselndes Gameplay. Lassen Sie Ihr Kind einzigartige Designs entwerfen! \ud83c\udfae\ud83d\udcda\ud83c\udf0c<\/p><p>5\ufe0f\u20e3 \u3010<strong>Ideales Geschenk f\u00fcr Jungen und M\u00e4dchen\u3011:<\/strong> Suchen Sie das perfekte Geschenk? Unser Domino-Eisenbahnspielzeug bringt Kindern zu Weihnachten, zum Kindertag und zum Geburtstag Freude. Ein tolles Geschenk f\u00fcr Kinder von 3-12 Jahren. \ud83c\udf81\ud83c\udf88\ud83d\udc67\ud83d\udc66<\/p>\n\t\t\t\t\t<\/div>\n\t\t\t\t\t\t<\/div>\n\t\t\t\t<\/div>\n\t\t\t\t\t<\/div>\n\t\t<\/div>\n\t\t\t\t\t<\/div>\n\t\t<\/section>\n\t\t\t\t<section class=\"wd-negative-gap elementor-section elementor-top-section elementor-element elementor-element-01db878 elementor-section-boxed elementor-section-height-default elementor-section-height-default\" data-id=\"01db878\" data-element_type=\"section\">\n\t\t\t\t\t\t<div class=\"elementor-container elementor-column-gap-default\">\n\t\t\t\t\t<div class=\"elementor-column elementor-col-100 elementor-top-column elementor-element elementor-element-5039460\" data-id=\"5039460\" data-element_type=\"column\">\n\t\t\t<div class=\"elementor-widget-wrap elementor-element-populated\">\n\t\t\t\t\t\t<div class=\"elementor-element elementor-element-6e301ac elementor-widget elementor-widget-video\" data-id=\"6e301ac\" data-element_type=\"widget\" data-settings=\"{&quot;video_type&quot;:&quot;hosted&quot;,&quot;controls&quot;:&quot;yes&quot;}\" data-widget_type=\"video.default\">\n\t\t\t\t<div class=\"elementor-widget-container\">\n\t\t\t\t\t\t\t<div class=\"e-hosted-video elementor-wrapper elementor-open-inline\">\n\t\t\t\t\t<video class=\"elementor-video\" src=\"https:\/\/babyvk.com\/wp-content\/uploads\/2023\/07\/B1022.mp4\" controls=\"\" preload=\"auto\" controlslist=\"nodownload\"><\/video>\n\t\t\t\t<\/div>\n\t\t\t\t\t\t<\/div>\n\t\t\t\t<\/div>\n\t\t\t\t<div class=\"elementor-element elementor-element-c651d2a elementor-widget elementor-widget-wd_text_block\" data-id=\"c651d2a\" data-element_type=\"widget\" data-widget_type=\"wd_text_block.default\">\n\t\t\t\t<div class=\"elementor-widget-container\">\n\t\t\t\t\t\t\t<div class=\"wd-text-block reset-last-child text-left\">\n\t\t\t\n\t\t\t<h2>Wie benutzt man den automatischen Domino-Zug?<\/h2><ol><li>Dr\u00fccken Sie einfach die Patrone auf dem Domino nach unten, um die Patrone zu laden.<\/li><li>Legen Sie die Kassette oben auf den Zug und schalten Sie den Schalter des Zuges ein.<\/li><li>Drehen Sie den Schornstein des Zuges nach links und nach rechts<\/li><li>\u00a0Wenn der Zug vorw\u00e4rts f\u00e4hrt, werden die stehenden Dominosteine in eine Reihe gebracht.<\/li><\/ol><p>Dieses Produkt wurde entwickelt, um die Vorstellungskraft, die Hand-Augen-Koordination sowie die Farb- und Formerkennung der Kinder zu trainieren.<\/p>\n\t\t\t\t\t<\/div>\n\t\t\t\t\t\t<\/div>\n\t\t\t\t<\/div>\n\t\t\t\t\t<\/div>\n\t\t<\/div>\n\t\t\t\t\t<\/div>\n\t\t<\/section>\n\t\t\t\t<section class=\"wd-negative-gap elementor-section elementor-top-section elementor-element elementor-element-0505436 elementor-section-boxed elementor-section-height-default elementor-section-height-default\" data-id=\"0505436\" data-element_type=\"section\">\n\t\t\t\t\t\t<div class=\"elementor-container elementor-column-gap-default\">\n\t\t\t\t\t<div class=\"elementor-column elementor-col-100 elementor-top-column elementor-element elementor-element-1b52654\" data-id=\"1b52654\" data-element_type=\"column\">\n\t\t\t<div class=\"elementor-widget-wrap elementor-element-populated\">\n\t\t\t\t\t\t<div class=\"elementor-element elementor-element-607dd0a elementor-widget elementor-widget-wd_text_block\" data-id=\"607dd0a\" data-element_type=\"widget\" data-widget_type=\"wd_text_block.default\">\n\t\t\t\t<div class=\"elementor-widget-container\">\n\t\t\t\t\t\t\t<div class=\"wd-text-block reset-last-child text-left\">\n\t\t\t\n\t\t\t<h2>Spezifikationen:<\/h2><ul><li>Material: Hochwertiges ABS<\/li><li>Altersgruppe: 3-12 Jahre<\/li><li>Gr\u00f6\u00dfe: wie das Bild zeigt<\/li><li>Ben\u00f6tigt 2 \"AA\"-Batterien (nicht enthalten)<\/li><\/ul><h2>Paket:<\/h2><ul><li>1 x Automatischer Domino-Zug f\u00fcr Kinder<\/li><li>60St\u00fcck Domino<\/li><li>1 Patronen laden<\/li><li>1 Baum<\/li><\/ul>\n\t\t\t\t\t<\/div>\n\t\t\t\t\t\t<\/div>\n\t\t\t\t<\/div>\n\t\t\t\t\t<\/div>\n\t\t<\/div>\n\t\t\t\t\t<\/div>\n\t\t<\/section>\n\t\t\t\t<section class=\"wd-negative-gap elementor-section elementor-top-section elementor-element elementor-element-b8175e3 elementor-section-boxed elementor-section-height-default elementor-section-height-default\" data-id=\"b8175e3\" data-element_type=\"section\">\n\t\t\t\t\t\t<div class=\"elementor-container elementor-column-gap-default\">\n\t\t\t\t\t<div class=\"elementor-column elementor-col-50 elementor-top-column elementor-element elementor-element-c809edc\" data-id=\"c809edc\" data-element_type=\"column\">\n\t\t\t<div class=\"elementor-widget-wrap elementor-element-populated\">\n\t\t\t\t\t\t<div class=\"elementor-element elementor-element-7b4c536 elementor-widget elementor-widget-wd_image_or_svg\" data-id=\"7b4c536\" data-element_type=\"widget\" data-widget_type=\"wd_image_or_svg.default\">\n\t\t\t\t<div class=\"elementor-widget-container\">\n\t\t\t\t\t\n\t\t<div class=\"wd-image text-left\">\n\t\t\t\t\t\t\t\t<img decoding=\"async\" width=\"640\" height=\"640\" src=\"https:\/\/babyvk.com\/wp-content\/uploads\/2023\/07\/domino-train-for-kids.webp\" class=\"attachment-full size-full wvs-archive-product-image\" alt=\"domino-zug spielzeug set\" srcset=\"https:\/\/babyvk.com\/wp-content\/uploads\/2023\/07\/domino-train-for-kids.webp 640w, https:\/\/babyvk.com\/wp-content\/uploads\/2023\/07\/domino-train-for-kids-30x30.webp 30w, https:\/\/babyvk.com\/wp-content\/uploads\/2023\/07\/domino-train-for-kids-50x50.webp 50w, https:\/\/babyvk.com\/wp-content\/uploads\/2023\/07\/domino-train-for-kids-100x100.webp 100w, https:\/\/babyvk.com\/wp-content\/uploads\/2023\/07\/domino-train-for-kids-150x150.webp 150w, https:\/\/babyvk.com\/wp-content\/uploads\/2023\/07\/domino-train-for-kids-300x300.webp 300w, https:\/\/babyvk.com\/wp-content\/uploads\/2023\/07\/domino-train-for-kids-500x500.webp 500w, https:\/\/babyvk.com\/wp-content\/uploads\/2023\/07\/domino-train-for-kids-430x430.webp 430w\" sizes=\"(max-width: 640px) 100vw, 640px\" title=\"\">\t\t\t\t\t<\/div>\n\n\t\t\t\t\t\t<\/div>\n\t\t\t\t<\/div>\n\t\t\t\t\t<\/div>\n\t\t<\/div>\n\t\t\t\t<div class=\"elementor-column elementor-col-50 elementor-top-column elementor-element elementor-element-4241f62\" data-id=\"4241f62\" data-element_type=\"column\">\n\t\t\t<div class=\"elementor-widget-wrap elementor-element-populated\">\n\t\t\t\t\t\t<div class=\"elementor-element elementor-element-b5e27fb elementor-widget elementor-widget-wd_image_or_svg\" data-id=\"b5e27fb\" data-element_type=\"widget\" data-widget_type=\"wd_image_or_svg.default\">\n\t\t\t\t<div class=\"elementor-widget-container\">\n\t\t\t\t\t\n\t\t<div class=\"wd-image text-left\">\n\t\t\t\t\t\t\t\t<img decoding=\"async\" width=\"640\" height=\"640\" src=\"https:\/\/babyvk.com\/wp-content\/uploads\/2023\/07\/domino-laying-train-1.webp\" class=\"attachment-full size-full wvs-archive-product-image\" alt=\"Dominostein-Legezug\" srcset=\"https:\/\/babyvk.com\/wp-content\/uploads\/2023\/07\/domino-laying-train-1.webp 640w, https:\/\/babyvk.com\/wp-content\/uploads\/2023\/07\/domino-laying-train-1-30x30.webp 30w, https:\/\/babyvk.com\/wp-content\/uploads\/2023\/07\/domino-laying-train-1-50x50.webp 50w, https:\/\/babyvk.com\/wp-content\/uploads\/2023\/07\/domino-laying-train-1-100x100.webp 100w, https:\/\/babyvk.com\/wp-content\/uploads\/2023\/07\/domino-laying-train-1-150x150.webp 150w, https:\/\/babyvk.com\/wp-content\/uploads\/2023\/07\/domino-laying-train-1-300x300.webp 300w, https:\/\/babyvk.com\/wp-content\/uploads\/2023\/07\/domino-laying-train-1-500x500.webp 500w, https:\/\/babyvk.com\/wp-content\/uploads\/2023\/07\/domino-laying-train-1-430x430.webp 430w\" sizes=\"(max-width: 640px) 100vw, 640px\" title=\"\">\t\t\t\t\t<\/div>\n\n\t\t\t\t\t\t<\/div>\n\t\t\t\t<\/div>\n\t\t\t\t\t<\/div>\n\t\t<\/div>\n\t\t\t\t\t<\/div>\n\t\t<\/section>\n\t\t\t\t<section class=\"wd-negative-gap elementor-section elementor-top-section elementor-element elementor-element-06a4aeb elementor-section-boxed elementor-section-height-default elementor-section-height-default\" data-id=\"06a4aeb\" data-element_type=\"section\">\n\t\t\t\t\t\t<div class=\"elementor-container elementor-column-gap-default\">\n\t\t\t\t\t<div class=\"elementor-column elementor-col-100 elementor-top-column elementor-element elementor-element-7858328\" data-id=\"7858328\" data-element_type=\"column\">\n\t\t\t<div class=\"elementor-widget-wrap elementor-element-populated\">\n\t\t\t\t\t\t<div class=\"elementor-element elementor-element-3c2c6bd2 wd-width-100 elementor-widget elementor-widget-wd_title\" data-id=\"3c2c6bd2\" data-element_type=\"widget\" data-widget_type=\"wd_title.default\">\n\t\t\t\t<div class=\"elementor-widget-container\">\n\t\t\t\t\t\t\t<div class=\"title-wrapper wd-set-mb reset-last-child wd-title-color-default wd-title-style-default wd-title-size-default text-center\">\n\n\t\t\t\t\t\t\t\t\t\t\t<div class=\"title-subtitle subtitle-color-default subtitle-style-default wd-fontsize-xs\">\n\t\t\t\t\tUNSERE ECHTE SHOW SEHEN\t\t\t\t<\/div>\n\t\t\t\n\t\t\t<div class=\"liner-continer\">\n\t\t\t\t<h4 class=\"woodmart-title-container title wd-fontsize-l\">Unser kurzes Video<\/h4> \n\t\t\t\t\t\t\t<\/div>\n\n\t\t\t\t\t\t\t<div class=\"title-after_title reset-last-child wd-fontsize-xs\">\n\t\t\t\t\t<p>Zeigen Sie die Szene, in der das Produkt verwendet wird, und informieren Sie sich \u00fcber weitere Einzelheiten.<\/p>\t\t\t\t<\/div>\n\t\t\t\t\t<\/div>\n\t\t\t\t\t\t<\/div>\n\t\t\t\t<\/div>\n\t\t\t\t<div class=\"elementor-element elementor-element-f3128b0 elementor-widget elementor-widget-wd_testimonials\" data-id=\"f3128b0\" data-element_type=\"widget\" data-widget_type=\"wd_testimonials.default\">\n\t\t\t\t<div class=\"elementor-widget-container\">\n\t\t\t\t\t\t\t<div class=\"testimonials testimon-style-standard  color-scheme- testimon-align-center wd-carousel-container\" id=\"carousel-4356\">\n\t\t\t\t\t\t\t<div class=\"wd-carousel-inner\">\n\t\t\t\n\t\t\t<div class=\"wd-carousel wd-grid\" data-scroll_per_page=\"yes\" style=\"--wd-col-lg:2;--wd-col-md:2;--wd-col-sm:1;--wd-gap-lg:30px;--wd-gap-sm:10px;\">\n\t\t\t\t\t\t\t\t\t<div class=\"wd-carousel-wrap\">\n\t\t\t\t\n\t\t\t\t\t\t\t\t\t\n<div class=\"testimonial wd-carousel-item\">\n\t<div class=\"testimonial-inner\">\n\t\t\n\t\t<div class=\"testimonial-content\">\n\t\t\t<div class=\"testimonial-rating\">\n\t\t\t\t<span class=\"star-rating\">\n\t\t\t\t\t<span style=\"width:100%\"><\/span>\n\t\t\t\t<\/span>\n\t\t\t<\/div>\n\n\t\t\t<p><iframe  id=\"_ytid_66384\"  width=\"800\" height=\"450\"  data-origwidth=\"800\" data-origheight=\"450\"  data-relstop=\"1\" src=\"https:\/\/www.youtube.com\/embed\/1-UBgeaPzU8?enablejsapi=1&autoplay=0&cc_load_policy=1&cc_lang_pref=&iv_load_policy=3&loop=0&rel=0&fs=1&playsinline=0&autohide=2&theme=dark&color=red&controls=1&disablekb=0&\" class=\"__youtube_prefs__  no-lazyload\" title=\"YouTube-Player\"  allow=\"fullscreen; accelerometer; autoplay; clipboard-write; encrypted-media; gyroscope; picture-in-picture; web-share\" referrerpolicy=\"strict-origin-when-cross-origin\" allowfullscreen data-no-lazy=\"1\" data-skipgform_ajax_framebjll=\"\"><\/iframe><\/p>\n\t\t\t<footer>\n\t\t\t\t\n\t\t\t\t\t\t\t<\/footer>\n\t\t<\/div>\n\t<\/div>\n<\/div>\t\t\t\t\t\t\t\t\t\n<div class=\"testimonial wd-carousel-item\">\n\t<div class=\"testimonial-inner\">\n\t\t\n\t\t<div class=\"testimonial-content\">\n\t\t\t<div class=\"testimonial-rating\">\n\t\t\t\t<span class=\"star-rating\">\n\t\t\t\t\t<span style=\"width:100%\"><\/span>\n\t\t\t\t<\/span>\n\t\t\t<\/div>\n\n\t\t\t<p><iframe  id=\"_ytid_36732\"  width=\"800\" height=\"450\"  data-origwidth=\"800\" data-origheight=\"450\"  data-relstop=\"1\" src=\"https:\/\/www.youtube.com\/embed\/53MdxBpu_U8?enablejsapi=1&autoplay=0&cc_load_policy=1&cc_lang_pref=&iv_load_policy=3&loop=0&rel=0&fs=1&playsinline=0&autohide=2&theme=dark&color=red&controls=1&disablekb=0&\" class=\"__youtube_prefs__  no-lazyload\" title=\"YouTube-Player\"  allow=\"fullscreen; accelerometer; autoplay; clipboard-write; encrypted-media; gyroscope; picture-in-picture; web-share\" referrerpolicy=\"strict-origin-when-cross-origin\" allowfullscreen data-no-lazy=\"1\" data-skipgform_ajax_framebjll=\"\"><\/iframe><\/p>\n\t\t\t<footer>\n\t\t\t\t\n\t\t\t\t\t\t\t<\/footer>\n\t\t<\/div>\n\t<\/div>\n<\/div>\t\t\t\t\t\t\t\t\t\n<div class=\"testimonial wd-carousel-item\">\n\t<div class=\"testimonial-inner\">\n\t\t\n\t\t<div class=\"testimonial-content\">\n\t\t\t<div class=\"testimonial-rating\">\n\t\t\t\t<span class=\"star-rating\">\n\t\t\t\t\t<span style=\"width:100%\"><\/span>\n\t\t\t\t<\/span>\n\t\t\t<\/div>\n\n\t\t\t<p><iframe  id=\"_ytid_70628\"  width=\"800\" height=\"450\"  data-origwidth=\"800\" data-origheight=\"450\"  data-relstop=\"1\" src=\"https:\/\/www.youtube.com\/embed\/kHytAiKyHQU?enablejsapi=1&autoplay=0&cc_load_policy=1&cc_lang_pref=&iv_load_policy=3&loop=0&rel=0&fs=1&playsinline=0&autohide=2&theme=dark&color=red&controls=1&disablekb=0&\" class=\"__youtube_prefs__  no-lazyload\" title=\"YouTube-Player\"  allow=\"fullscreen; accelerometer; autoplay; clipboard-write; encrypted-media; gyroscope; picture-in-picture; web-share\" referrerpolicy=\"strict-origin-when-cross-origin\" allowfullscreen data-no-lazy=\"1\" data-skipgform_ajax_framebjll=\"\"><\/iframe><\/p>\n\t\t\t<footer>\n\t\t\t\t\n\t\t\t\t\t\t\t<\/footer>\n\t\t<\/div>\n\t<\/div>\n<\/div>\t\t\t\t\t\t\t\t\t\n<div class=\"testimonial wd-carousel-item\">\n\t<div class=\"testimonial-inner\">\n\t\t\n\t\t<div class=\"testimonial-content\">\n\t\t\t<div class=\"testimonial-rating\">\n\t\t\t\t<span class=\"star-rating\">\n\t\t\t\t\t<span style=\"width:100%\"><\/span>\n\t\t\t\t<\/span>\n\t\t\t<\/div>\n\n\t\t\t<p><iframe  id=\"_ytid_99289\"  width=\"800\" height=\"450\"  data-origwidth=\"800\" data-origheight=\"450\"  data-relstop=\"1\" src=\"https:\/\/www.youtube.com\/embed\/7b2aeGYpdJA?enablejsapi=1&autoplay=0&cc_load_policy=1&cc_lang_pref=&iv_load_policy=3&loop=0&rel=0&fs=1&playsinline=0&autohide=2&theme=dark&color=red&controls=1&disablekb=0&\" class=\"__youtube_prefs__  no-lazyload\" title=\"YouTube-Player\"  allow=\"fullscreen; accelerometer; autoplay; clipboard-write; encrypted-media; gyroscope; picture-in-picture; web-share\" referrerpolicy=\"strict-origin-when-cross-origin\" allowfullscreen data-no-lazy=\"1\" data-skipgform_ajax_framebjll=\"\"><\/iframe><\/p>\n\t\t\t<footer>\n\t\t\t\t\n\t\t\t\t\t\t\t<\/footer>\n\t\t<\/div>\n\t<\/div>\n<\/div>\t\t\t\t\n\t\t\t\t\t\t\t\t\t<\/div>\n\t\t\t\t\t\t\t<\/div>\n\t\t\t\t\t\t\t\t\t\t\t\t\t\t<div class=\"wd-nav-arrows wd-pos-sep wd-hover-1 wd-icon-1\">\n\t\t\t<div class=\"wd-btn-arrow wd-prev wd-disabled\">\n\t\t\t\t<div class=\"wd-arrow-inner\"><\/div>\n\t\t\t<\/div>\n\t\t\t<div class=\"wd-btn-arrow wd-next\">\n\t\t\t\t<div class=\"wd-arrow-inner\"><\/div>\n\t\t\t<\/div>\n\t\t<\/div>\n\t\t\t\t\t\t\n\t\t\t\t<\/div>\n\n\t\t\t\t\t\t<div class=\"wd-nav-pagin-wrap text-center wd-style-shape wd-hide-md-sm wd-hide-sm\">\n\t\t\t<ul class=\"wd-nav-pagin\"><\/ul>\n\t\t<\/div>\n\t\t\t\t\t\t\t\t\t\t\t<\/div>\n\t\t\t\t\t\t<\/div>\n\t\t\t\t<\/div>\n\t\t\t\t\t<\/div>\n\t\t<\/div>\n\t\t\t\t\t<\/div>\n\t\t<\/section>\n\t\t\t\t<section class=\"wd-negative-gap elementor-section elementor-top-section elementor-element elementor-element-61f82ddb elementor-section-boxed elementor-section-height-default elementor-section-height-default\" data-id=\"61f82ddb\" data-element_type=\"section\">\n\t\t\t\t\t\t<div class=\"elementor-container elementor-column-gap-default\">\n\t\t\t\t\t<div class=\"elementor-column elementor-col-33 elementor-top-column elementor-element elementor-element-faf6bc5\" data-id=\"faf6bc5\" data-element_type=\"column\">\n\t\t\t<div class=\"elementor-widget-wrap elementor-element-populated\">\n\t\t\t\t\t\t<div class=\"elementor-element elementor-element-36121848 elementor-widget elementor-widget-wd_text_block\" data-id=\"36121848\" data-element_type=\"widget\" data-widget_type=\"wd_text_block.default\">\n\t\t\t\t<div class=\"elementor-widget-container\">\n\t\t\t\t\t\t\t<div class=\"wd-text-block reset-last-child text-left\">\n\t\t\t\n\t\t\t\n\t\t\t\t\t<\/div>\n\t\t\t\t\t\t<\/div>\n\t\t\t\t<\/div>\n\t\t\t\t\t<\/div>\n\t\t<\/div>\n\t\t\t\t<div class=\"elementor-column elementor-col-33 elementor-top-column elementor-element elementor-element-68734d05\" data-id=\"68734d05\" data-element_type=\"column\">\n\t\t\t<div class=\"elementor-widget-wrap elementor-element-populated\">\n\t\t\t\t\t\t<div class=\"elementor-element elementor-element-1f0e348d elementor-widget elementor-widget-wd_text_block\" data-id=\"1f0e348d\" data-element_type=\"widget\" data-widget_type=\"wd_text_block.default\">\n\t\t\t\t<div class=\"elementor-widget-container\">\n\t\t\t\t\t\t\t<div class=\"wd-text-block reset-last-child text-left\">\n\t\t\t\n\t\t\t\n\t\t\t\t\t<\/div>\n\t\t\t\t\t\t<\/div>\n\t\t\t\t<\/div>\n\t\t\t\t\t<\/div>\n\t\t<\/div>\n\t\t\t\t<div class=\"elementor-column elementor-col-33 elementor-top-column elementor-element elementor-element-5d3a9724\" data-id=\"5d3a9724\" data-element_type=\"column\">\n\t\t\t<div class=\"elementor-widget-wrap elementor-element-populated\">\n\t\t\t\t\t\t<div class=\"elementor-element elementor-element-3a4051f9 elementor-widget elementor-widget-wd_text_block\" data-id=\"3a4051f9\" data-element_type=\"widget\" data-widget_type=\"wd_text_block.default\">\n\t\t\t\t<div class=\"elementor-widget-container\">\n\t\t\t\t\t\t\t<div class=\"wd-text-block reset-last-child text-left\">\n\t\t\t\n\t\t\t\n\t\t\t\t\t<\/div>\n\t\t\t\t\t\t<\/div>\n\t\t\t\t<\/div>\n\t\t\t\t\t<\/div>\n\t\t<\/div>\n\t\t\t\t\t<\/div>\n\t\t<\/section>\n\t\t\t\t<\/div>","protected":false},"excerpt":{"rendered":"<p>&#8220;<strong>Suchen Sie nach endlosem Spa\u00df f\u00fcr Ihre Kinder?<\/strong> Entdecken Sie den automatischen Domino-Zug f\u00fcr Kinder - die perfekte L\u00f6sung, um sie stundenlang zu unterhalten! Erleben Sie die Freude am automatischen Domino-Aufbau. Jetzt versandkostenfrei einkaufen und 30% Rabatt erhalten!\"<\/p>","protected":false},"featured_media":15410,"comment_status":"open","ping_status":"closed","template":"","meta":{"_acf_changed":false},"product_brand":[],"product_cat":[509],"product_tag":[589,588,585,587,590,586],"class_list":{"0":"post-15395","1":"product","2":"type-product","3":"status-publish","4":"has-post-thumbnail","6":"product_cat-best-baby-toys","7":"product_tag-automatic-domino-train","8":"product_tag-domino-train-blocks-set","9":"product_tag-domino-train-toy","10":"product_tag-dominoes-train-for-kids","11":"product_tag-train-domino-stacker","12":"product_tag-train-with-dominos-toy","14":"first","15":"instock","16":"sale","17":"taxable","18":"shipping-taxable","19":"purchasable","20":"product-type-variable","21":"wvs-archive-product-wrapper"},"acf":[],"_links":{"self":[{"href":"https:\/\/babyvk.com\/de\/wp-json\/wp\/v2\/product\/15395","targetHints":{"allow":["GET"]}}],"collection":[{"href":"https:\/\/babyvk.com\/de\/wp-json\/wp\/v2\/product"}],"about":[{"href":"https:\/\/babyvk.com\/de\/wp-json\/wp\/v2\/types\/product"}],"replies":[{"embeddable":true,"href":"https:\/\/babyvk.com\/de\/wp-json\/wp\/v2\/comments?post=15395"}],"version-history":[{"count":0,"href":"https:\/\/babyvk.com\/de\/wp-json\/wp\/v2\/product\/15395\/revisions"}],"wp:featuredmedia":[{"embeddable":true,"href":"https:\/\/babyvk.com\/de\/wp-json\/wp\/v2\/media\/15410"}],"wp:attachment":[{"href":"https:\/\/babyvk.com\/de\/wp-json\/wp\/v2\/media?parent=15395"}],"wp:term":[{"taxonomy":"product_brand","embeddable":true,"href":"https:\/\/babyvk.com\/de\/wp-json\/wp\/v2\/product_brand?post=15395"},{"taxonomy":"product_cat","embeddable":true,"href":"https:\/\/babyvk.com\/de\/wp-json\/wp\/v2\/product_cat?post=15395"},{"taxonomy":"product_tag","embeddable":true,"href":"https:\/\/babyvk.com\/de\/wp-json\/wp\/v2\/product_tag?post=15395"}],"curies":[{"name":"wp","href":"https:\/\/api.w.org\/{rel}","templated":true}]}}