{"id":14966,"date":"2023-06-23T06:50:12","date_gmt":"2023-06-23T06:50:12","guid":{"rendered":"https:\/\/babyvk.com\/?post_type=product&#038;p=14966"},"modified":"2025-03-10T20:03:35","modified_gmt":"2025-03-10T20:03:35","slug":"diy-baby-footprint-clay-kit","status":"publish","type":"product","link":"https:\/\/babyvk.com\/de\/product\/diy-baby-footprint-clay-kit\/","title":{"rendered":"DIY Baby-Fu\u00dfabdruck-Ton-Kit"},"content":{"rendered":"<div data-elementor-type=\"product-post\" data-elementor-id=\"14966\" class=\"elementor elementor-14966\" data-elementor-post-type=\"product\">\n\t\t\t\t\t\t<section class=\"elementor-section elementor-top-section elementor-element elementor-element-8e8144e elementor-section-boxed elementor-section-height-default elementor-section-height-default\" data-id=\"8e8144e\" data-element_type=\"section\">\n\t\t\t\t\t\t<div class=\"elementor-container elementor-column-gap-default\">\n\t\t\t\t\t<div class=\"elementor-column elementor-col-100 elementor-top-column elementor-element elementor-element-c5f4c3e\" data-id=\"c5f4c3e\" data-element_type=\"column\">\n\t\t\t<div class=\"elementor-widget-wrap elementor-element-populated\">\n\t\t\t\t\t\t<div class=\"elementor-element elementor-element-2c466a4 elementor-widget elementor-widget-wd_text_block\" data-id=\"2c466a4\" data-element_type=\"widget\" data-widget_type=\"wd_text_block.default\">\n\t\t\t\t<div class=\"elementor-widget-container\">\n\t\t\t\t\t\t\t<div class=\"wd-text-block reset-last-child text-left\">\n\t\t\t\n\t\t\t<p><strong>\ud83d\udc76 Schaffen Sie unverg\u00e4ngliche Erinnerungen mit unserem DIY Baby Footprint Clay Kit! \ud83e\uddb6\ud83d\udc95<\/strong><\/p><p>Mit diesem ungiftigen Knetset k\u00f6nnen Sie die wertvollen Hand- und Fu\u00dfabdr\u00fccke Ihres Babys einfangen und aufbewahren - ein perfektes Andenken. Unser Baby-Fu\u00dfabdruck-Knetset ist in den Farben Blau und Rosa erh\u00e4ltlich und sorgt f\u00fcr eine lustige und sichere Bindung zwischen Eltern und ihren Kleinen. \ud83c\udfa8\u2728 Lassen Sie Ihrer Kreativit\u00e4t freien Lauf, wenn Sie sich auf diese herzerw\u00e4rmende Reise begeben und einzigartige und pers\u00f6nliche Abdr\u00fccke kreieren, die ein Leben lang halten werden. \ud83c\udf1f<\/p>\n\t\t\t\t\t<\/div>\n\t\t\t\t\t\t<\/div>\n\t\t\t\t<\/div>\n\t\t\t\t\t<\/div>\n\t\t<\/div>\n\t\t\t\t\t<\/div>\n\t\t<\/section>\n\t\t\t\t<section class=\"elementor-section elementor-top-section elementor-element elementor-element-aef311e elementor-section-boxed elementor-section-height-default elementor-section-height-default\" data-id=\"aef311e\" data-element_type=\"section\">\n\t\t\t\t\t\t<div class=\"elementor-container elementor-column-gap-default\">\n\t\t\t\t\t<div class=\"elementor-column elementor-col-100 elementor-top-column elementor-element elementor-element-ff785b1\" data-id=\"ff785b1\" data-element_type=\"column\">\n\t\t\t<div class=\"elementor-widget-wrap elementor-element-populated\">\n\t\t\t\t\t\t<div class=\"elementor-element elementor-element-97e3479 elementor-widget elementor-widget-wd_text_block\" data-id=\"97e3479\" data-element_type=\"widget\" data-widget_type=\"wd_text_block.default\">\n\t\t\t\t<div class=\"elementor-widget-container\">\n\t\t\t\t\t\t\t<div class=\"wd-text-block reset-last-child text-left\">\n\t\t\t\n\t\t\t<p><strong>Merkmale:<\/strong><\/p><ol><li><strong>Sicher und ungiftig:<\/strong> Unser Baby-Fu\u00dfabdruck-Kit besteht aus nat\u00fcrlichen mineralischen Bestandteilen, Polymeren, Glycerin und lebensmittelechten Pigmenten, die eine unbedenkliche und sanfte Erfahrung f\u00fcr die zarte Haut Ihres Babys gew\u00e4hrleisten.<\/li><li><strong>Einfacher DIY-Prozess:<\/strong> Mit einfachen Handgriffen l\u00e4sst sich die Knete zu einer glatten Kugel formen, auf das Stempelkissen dr\u00fccken und so bezaubernde Hand- und Fu\u00dfabdr\u00fccke erstellen. Eine m\u00fchelose und unterhaltsame Besch\u00e4ftigung f\u00fcr Eltern und Babys.<\/li><li><strong>Anpassbar und pers\u00f6nlich:<\/strong> Halten Sie das Wesen Ihres Kindes fest, indem Sie seinen Namen, seinen Geburtstag oder s\u00fc\u00dfe Botschaften um die Abdr\u00fccke herum hinzuf\u00fcgen. Diese pers\u00f6nliche Note macht die Tonabdr\u00fccke noch spezieller.<\/li><li><strong>Langlebiges Andenken:<\/strong> Nach dem Trocknen werden die Abdr\u00fccke fest und haltbar und bewahren die kleinen Hand- und Fu\u00dfabdr\u00fccke Ihres Babys \u00fcber Jahre hinweg. Halten Sie diese wertvollen Erinnerungen in Ehren und stellen Sie sie stolz in Ihrem Zuhause aus.<\/li><li><strong>Nachdenkliche Geschenkidee:<\/strong> Unser DIY-Baby-Fu\u00dfabdruck-Ton-Kit ist ein herzliches und einzigartiges Geschenk f\u00fcr Baby-Partys, Geburtstage oder jeden anderen besonderen Anlass. Es ist ein Geschenk, das Eltern und ihre Kleinen f\u00fcr immer sch\u00e4tzen werden.<\/li><\/ol>\n\t\t\t\t\t<\/div>\n\t\t\t\t\t\t<\/div>\n\t\t\t\t<\/div>\n\t\t\t\t\t<\/div>\n\t\t<\/div>\n\t\t\t\t\t<\/div>\n\t\t<\/section>\n\t\t\t\t<section class=\"elementor-section elementor-top-section elementor-element elementor-element-c15b3df elementor-section-boxed elementor-section-height-default elementor-section-height-default\" data-id=\"c15b3df\" data-element_type=\"section\">\n\t\t\t\t\t\t<div class=\"elementor-container elementor-column-gap-default\">\n\t\t\t\t\t<div class=\"elementor-column elementor-col-50 elementor-top-column elementor-element elementor-element-50768e8\" data-id=\"50768e8\" data-element_type=\"column\">\n\t\t\t<div class=\"elementor-widget-wrap elementor-element-populated\">\n\t\t\t\t\t\t<div class=\"elementor-element elementor-element-f44cc19 wd-width-100 elementor-widget elementor-widget-wd_title\" data-id=\"f44cc19\" data-element_type=\"widget\" data-widget_type=\"wd_title.default\">\n\t\t\t\t<div class=\"elementor-widget-container\">\n\t\t\t\t\t\t\t<div class=\"title-wrapper wd-set-mb reset-last-child wd-title-color-default wd-title-style-default wd-title-size-default text-left\">\n\n\t\t\t\n\t\t\t<div class=\"liner-continer\">\n\t\t\t\t<h4 class=\"woodmart-title-container title wd-fontsize-l\">Spezifikationen:<\/h4> \n\t\t\t\t\t\t\t<\/div>\n\n\t\t\t\t\t<\/div>\n\t\t\t\t\t\t<\/div>\n\t\t\t\t<\/div>\n\t\t\t\t<div class=\"elementor-element elementor-element-8653d45 elementor-widget elementor-widget-wd_text_block\" data-id=\"8653d45\" data-element_type=\"widget\" data-widget_type=\"wd_text_block.default\">\n\t\t\t\t<div class=\"elementor-widget-container\">\n\t\t\t\t\t\t\t<div class=\"wd-text-block reset-last-child text-left\">\n\t\t\t\n\t\t\t<ul><li>Name: DIY Baby-Fu\u00dfabdruck-Ton-Kit<\/li><li>Gr\u00f6\u00dfe: Kreisf\u00f6rmige Schachtel, 22 x 22 cm<\/li><li>Geeignet f\u00fcr Babys im Alter von 0-3 Jahren<\/li><li>Farben: Blau, Rosa<\/li><li>Funktion: Baby-Souvenirs<\/li><li>Verwendung: Hand- und Fu\u00dfabdruckmaschine<\/li><li>Materialien: Nat\u00fcrliche mineralische Inhaltsstoffe, Polymere, Glycerin, Pigmente in Lebensmittelqualit\u00e4t<\/li><\/ul>\n\t\t\t\t\t<\/div>\n\t\t\t\t\t\t<\/div>\n\t\t\t\t<\/div>\n\t\t\t\t\t<\/div>\n\t\t<\/div>\n\t\t\t\t<div class=\"elementor-column elementor-col-50 elementor-top-column elementor-element elementor-element-b3cf3d8\" data-id=\"b3cf3d8\" data-element_type=\"column\">\n\t\t\t<div class=\"elementor-widget-wrap elementor-element-populated\">\n\t\t\t\t\t\t<div class=\"elementor-element elementor-element-df40b33 wd-width-100 elementor-widget elementor-widget-wd_title\" data-id=\"df40b33\" data-element_type=\"widget\" data-widget_type=\"wd_title.default\">\n\t\t\t\t<div class=\"elementor-widget-container\">\n\t\t\t\t\t\t\t<div class=\"title-wrapper wd-set-mb reset-last-child wd-title-color-default wd-title-style-default wd-title-size-default text-left\">\n\n\t\t\t\n\t\t\t<div class=\"liner-continer\">\n\t\t\t\t<h4 class=\"woodmart-title-container title wd-fontsize-l\">Das Paket enth\u00e4lt:<\/h4> \n\t\t\t\t\t\t\t<\/div>\n\n\t\t\t\t\t<\/div>\n\t\t\t\t\t\t<\/div>\n\t\t\t\t<\/div>\n\t\t\t\t<div class=\"elementor-element elementor-element-8d0076d elementor-widget elementor-widget-wd_text_block\" data-id=\"8d0076d\" data-element_type=\"widget\" data-widget_type=\"wd_text_block.default\">\n\t\t\t\t<div class=\"elementor-widget-container\">\n\t\t\t\t\t\t\t<div class=\"wd-text-block reset-last-child text-left\">\n\t\t\t\n\t\t\t<ul><li>Ungiftiger Ton<\/li><li>Stempelkissen f\u00fcr Hand- und Fu\u00dfabdr\u00fccke<\/li><li>Dekoratives Zubeh\u00f6r<\/li><li>Gebrauchsanweisung<\/li><\/ul>\n\t\t\t\t\t<\/div>\n\t\t\t\t\t\t<\/div>\n\t\t\t\t<\/div>\n\t\t\t\t<div class=\"elementor-element elementor-element-4eef122 elementor-widget elementor-widget-wd_text_block\" data-id=\"4eef122\" data-element_type=\"widget\" data-widget_type=\"wd_text_block.default\">\n\t\t\t\t<div class=\"elementor-widget-container\">\n\t\t\t\t\t\t\t<div class=\"wd-text-block reset-last-child text-left\">\n\t\t\t\n\t\t\t<p><strong>Zubeh\u00f6rliste:<\/strong> <br \/>F\u00f6tushaarflasche, Druckknete, Goldfarbe, Geschenkt\u00fcte, Staubschutzh\u00fclle, Geschenkbox, Non-marking-N\u00e4gel, Stiftpinsel, Zubeh\u00f6r, Halter, B\u00fcgelboxen, Schl\u00fcsselband<\/p>\n\t\t\t\t\t<\/div>\n\t\t\t\t\t\t<\/div>\n\t\t\t\t<\/div>\n\t\t\t\t\t<\/div>\n\t\t<\/div>\n\t\t\t\t\t<\/div>\n\t\t<\/section>\n\t\t\t\t<section class=\"elementor-section elementor-top-section elementor-element elementor-element-a9107b3 elementor-section-boxed elementor-section-height-default elementor-section-height-default\" data-id=\"a9107b3\" data-element_type=\"section\">\n\t\t\t\t\t\t<div class=\"elementor-container elementor-column-gap-default\">\n\t\t\t\t\t<div class=\"elementor-column elementor-col-100 elementor-top-column elementor-element elementor-element-685bdd2\" data-id=\"685bdd2\" data-element_type=\"column\">\n\t\t\t<div class=\"elementor-widget-wrap elementor-element-populated\">\n\t\t\t\t\t\t<div class=\"elementor-element elementor-element-25a7830 wd-width-100 elementor-widget elementor-widget-wd_title\" data-id=\"25a7830\" data-element_type=\"widget\" data-widget_type=\"wd_title.default\">\n\t\t\t\t<div class=\"elementor-widget-container\">\n\t\t\t\t\t\t\t<div class=\"title-wrapper wd-set-mb reset-last-child wd-title-color-default wd-title-style-default wd-title-size-default text-left\">\n\n\t\t\t\n\t\t\t<div class=\"liner-continer\">\n\t\t\t\t<h4 class=\"woodmart-title-container title wd-fontsize-l\">DIY-Produktionsschritte:<\/h4> \n\t\t\t\t\t\t\t<\/div>\n\n\t\t\t\t\t<\/div>\n\t\t\t\t\t\t<\/div>\n\t\t\t\t<\/div>\n\t\t\t\t<div class=\"elementor-element elementor-element-b34d613 elementor-widget elementor-widget-wd_text_block\" data-id=\"b34d613\" data-element_type=\"widget\" data-widget_type=\"wd_text_block.default\">\n\t\t\t\t<div class=\"elementor-widget-container\">\n\t\t\t\t\t\t\t<div class=\"wd-text-block reset-last-child text-left\">\n\t\t\t\n\t\t\t<ol><li><strong>Kneten Sie den Ton:<\/strong> Kneten Sie den Ton etwa zwei Minuten lang, bis er glatt und fein ist. Formen Sie ihn zu einer partikelfreien Kugel.<\/li><li><strong>Dr\u00fccken Sie auf das Stempelkissen:<\/strong> Dr\u00fccken Sie das Stempelkissen mit der Handfl\u00e4che langsam in den Beh\u00e4lter und formen Sie es. Dr\u00fccken Sie das Stempelkissen gleichm\u00e4\u00dfig flach.<\/li><li><strong>Machen Sie die Abdr\u00fccke:<\/strong> Dr\u00fccken Sie die Hand oder den Fu\u00df Ihres Babys sanft auf das Stempelkissen, um einen deutlichen Abdruck zu erhalten. 5 Sekunden lang halten. Wiederholen Sie den Vorgang bei Bedarf, um bessere Ergebnisse zu erzielen.<\/li><li><strong>Personalisierung hinzuf\u00fcgen:<\/strong> Wenn Sie die Abdr\u00fccke machen, dr\u00fccken Sie etwas tiefer und halten Sie sie l\u00e4nger als 5 Sekunden, um eine gut definierte Form zu schaffen. Schreiben Sie anschlie\u00dfend den Namen Ihres Babys, seinen Geburtstag oder herzliche Botschaften um die Abdr\u00fccke herum. Lassen Sie den Ton an einem k\u00fchlen Ort trocknen.<\/li><li><strong>Wichtiger Hinweis:<\/strong> Dr\u00fccken Sie die Hand und den Fu\u00df fest an, um einen gut geformten Abdruck zu erhalten. Halten Sie sie mindestens 5 Sekunden lang gedr\u00fcckt. Sobald die Abdr\u00fccke fertig sind, lassen Sie sie etwa zwei Wochen lang flach und ohne Abdeckung trocknen, bevor Sie den Deckel schlie\u00dfen.<\/li><\/ol>\n\t\t\t\t\t<\/div>\n\t\t\t\t\t\t<\/div>\n\t\t\t\t<\/div>\n\t\t\t\t<div class=\"elementor-element elementor-element-e800924 elementor-widget elementor-widget-wd_text_block\" data-id=\"e800924\" data-element_type=\"widget\" data-widget_type=\"wd_text_block.default\">\n\t\t\t\t<div class=\"elementor-widget-container\">\n\t\t\t\t\t\t\t<div class=\"wd-text-block reset-last-child text-left\">\n\t\t\t\n\t\t\t<p><strong>Halten Sie die kostbaren Momente der ersten Tage Ihres Babys mit unserem Baby Footprint Clay Kit fest. Bestellen Sie jetzt und kreieren Sie ein wertvolles Erinnerungsst\u00fcck, das die Freude und Liebe feiert, die Ihr Kleines in Ihr Leben bringt. \ud83e\udd70\ud83d\udc76\u2728<\/strong><\/p>\n\t\t\t\t\t<\/div>\n\t\t\t\t\t\t<\/div>\n\t\t\t\t<\/div>\n\t\t\t\t\t<\/div>\n\t\t<\/div>\n\t\t\t\t\t<\/div>\n\t\t<\/section>\n\t\t\t\t<section class=\"wd-negative-gap elementor-section elementor-top-section elementor-element elementor-element-c802fcc elementor-section-boxed elementor-section-height-default elementor-section-height-default\" data-id=\"c802fcc\" data-element_type=\"section\">\n\t\t\t\t\t\t<div class=\"elementor-container elementor-column-gap-default\">\n\t\t\t\t\t<div class=\"elementor-column elementor-col-100 elementor-top-column elementor-element elementor-element-d448a6b\" data-id=\"d448a6b\" data-element_type=\"column\">\n\t\t\t<div class=\"elementor-widget-wrap elementor-element-populated\">\n\t\t\t\t\t\t<div class=\"elementor-element elementor-element-b72cb15 wd-width-100 elementor-widget elementor-widget-wd_title\" data-id=\"b72cb15\" data-element_type=\"widget\" data-widget_type=\"wd_title.default\">\n\t\t\t\t<div class=\"elementor-widget-container\">\n\t\t\t\t\t\t\t<div class=\"title-wrapper wd-set-mb reset-last-child wd-title-color-default wd-title-style-default wd-title-size-default text-center\">\n\n\t\t\t\t\t\t\t\t\t\t\t<div class=\"title-subtitle subtitle-color-default subtitle-style-default wd-fontsize-xs\">\n\t\t\t\t\tUNSERE ECHTE SHOW SEHEN\t\t\t\t<\/div>\n\t\t\t\n\t\t\t<div class=\"liner-continer\">\n\t\t\t\t<h4 class=\"woodmart-title-container title wd-fontsize-l\">Unser kurzes Video<\/h4> \n\t\t\t\t\t\t\t<\/div>\n\n\t\t\t\t\t\t\t<div class=\"title-after_title reset-last-child wd-fontsize-xs\">\n\t\t\t\t\t<p>Zeigen Sie die Szene, in der das Produkt verwendet wird, und informieren Sie sich \u00fcber weitere Einzelheiten.<\/p>\t\t\t\t<\/div>\n\t\t\t\t\t<\/div>\n\t\t\t\t\t\t<\/div>\n\t\t\t\t<\/div>\n\t\t\t\t<div class=\"elementor-element elementor-element-7acc7c3 elementor-widget elementor-widget-wd_testimonials\" data-id=\"7acc7c3\" data-element_type=\"widget\" data-widget_type=\"wd_testimonials.default\">\n\t\t\t\t<div class=\"elementor-widget-container\">\n\t\t\t\t\t\t\t<div class=\"testimonials testimon-style-standard  color-scheme- testimon-align-center wd-carousel-container\" id=\"carousel-2699\">\n\t\t\t\t\t\t\t<div class=\"wd-carousel-inner\">\n\t\t\t\n\t\t\t<div class=\"wd-carousel wd-grid\" data-scroll_per_page=\"yes\" style=\"--wd-col-lg:2;--wd-col-md:2;--wd-col-sm:1;--wd-gap-lg:30px;--wd-gap-sm:10px;\">\n\t\t\t\t\t\t\t\t\t<div class=\"wd-carousel-wrap\">\n\t\t\t\t\n\t\t\t\t\t\t\t\t\t\n<div class=\"testimonial wd-carousel-item\">\n\t<div class=\"testimonial-inner\">\n\t\t\n\t\t<div class=\"testimonial-content\">\n\t\t\t<div class=\"testimonial-rating\">\n\t\t\t\t<span class=\"star-rating\">\n\t\t\t\t\t<span style=\"width:100%\"><\/span>\n\t\t\t\t<\/span>\n\t\t\t<\/div>\n\n\t\t\t<p><iframe  id=\"_ytid_61351\"  width=\"800\" height=\"450\"  data-origwidth=\"800\" data-origheight=\"450\"  data-relstop=\"1\" src=\"https:\/\/www.youtube.com\/embed\/hIN0e3JK2v8?enablejsapi=1&autoplay=0&cc_load_policy=1&cc_lang_pref=&iv_load_policy=3&loop=0&rel=0&fs=1&playsinline=0&autohide=2&theme=dark&color=red&controls=1&disablekb=0&\" class=\"__youtube_prefs__  no-lazyload\" title=\"YouTube-Player\"  allow=\"fullscreen; accelerometer; autoplay; clipboard-write; encrypted-media; gyroscope; picture-in-picture; web-share\" referrerpolicy=\"strict-origin-when-cross-origin\" allowfullscreen data-no-lazy=\"1\" data-skipgform_ajax_framebjll=\"\"><\/iframe><\/p>\n\t\t\t<footer>\n\t\t\t\t\n\t\t\t\t\t\t\t<\/footer>\n\t\t<\/div>\n\t<\/div>\n<\/div>\t\t\t\t\t\t\t\t\t\n<div class=\"testimonial wd-carousel-item\">\n\t<div class=\"testimonial-inner\">\n\t\t\n\t\t<div class=\"testimonial-content\">\n\t\t\t<div class=\"testimonial-rating\">\n\t\t\t\t<span class=\"star-rating\">\n\t\t\t\t\t<span style=\"width:100%\"><\/span>\n\t\t\t\t<\/span>\n\t\t\t<\/div>\n\n\t\t\t<p><iframe  id=\"_ytid_71747\"  width=\"800\" height=\"450\"  data-origwidth=\"800\" data-origheight=\"450\"  data-relstop=\"1\" src=\"https:\/\/www.youtube.com\/embed\/UB0k45FnFLk?enablejsapi=1&autoplay=0&cc_load_policy=1&cc_lang_pref=&iv_load_policy=3&loop=0&rel=0&fs=1&playsinline=0&autohide=2&theme=dark&color=red&controls=1&disablekb=0&\" class=\"__youtube_prefs__  no-lazyload\" title=\"YouTube-Player\"  allow=\"fullscreen; accelerometer; autoplay; clipboard-write; encrypted-media; gyroscope; picture-in-picture; web-share\" referrerpolicy=\"strict-origin-when-cross-origin\" allowfullscreen data-no-lazy=\"1\" data-skipgform_ajax_framebjll=\"\"><\/iframe><\/p>\n\t\t\t<footer>\n\t\t\t\t\n\t\t\t\t\t\t\t<\/footer>\n\t\t<\/div>\n\t<\/div>\n<\/div>\t\t\t\t\t\t\t\t\t\n<div class=\"testimonial wd-carousel-item\">\n\t<div class=\"testimonial-inner\">\n\t\t\n\t\t<div class=\"testimonial-content\">\n\t\t\t<div class=\"testimonial-rating\">\n\t\t\t\t<span class=\"star-rating\">\n\t\t\t\t\t<span style=\"width:100%\"><\/span>\n\t\t\t\t<\/span>\n\t\t\t<\/div>\n\n\t\t\t<p><iframe  id=\"_ytid_52861\"  width=\"800\" height=\"450\"  data-origwidth=\"800\" data-origheight=\"450\"  data-relstop=\"1\" src=\"https:\/\/www.youtube.com\/embed\/Zi1d4k5VZ8U?enablejsapi=1&autoplay=0&cc_load_policy=1&cc_lang_pref=&iv_load_policy=3&loop=0&rel=0&fs=1&playsinline=0&autohide=2&theme=dark&color=red&controls=1&disablekb=0&\" class=\"__youtube_prefs__  no-lazyload\" title=\"YouTube-Player\"  allow=\"fullscreen; accelerometer; autoplay; clipboard-write; encrypted-media; gyroscope; picture-in-picture; web-share\" referrerpolicy=\"strict-origin-when-cross-origin\" allowfullscreen data-no-lazy=\"1\" data-skipgform_ajax_framebjll=\"\"><\/iframe><\/p>\n\t\t\t<footer>\n\t\t\t\t\n\t\t\t\t\t\t\t<\/footer>\n\t\t<\/div>\n\t<\/div>\n<\/div>\t\t\t\t\t\t\t\t\t\n<div class=\"testimonial wd-carousel-item\">\n\t<div class=\"testimonial-inner\">\n\t\t\n\t\t<div class=\"testimonial-content\">\n\t\t\t<div class=\"testimonial-rating\">\n\t\t\t\t<span class=\"star-rating\">\n\t\t\t\t\t<span style=\"width:100%\"><\/span>\n\t\t\t\t<\/span>\n\t\t\t<\/div>\n\n\t\t\t<p><iframe  id=\"_ytid_92288\"  width=\"800\" height=\"450\"  data-origwidth=\"800\" data-origheight=\"450\"  data-relstop=\"1\" src=\"https:\/\/www.youtube.com\/embed\/y4zfuB-KHhg?enablejsapi=1&autoplay=0&cc_load_policy=1&cc_lang_pref=&iv_load_policy=3&loop=0&rel=0&fs=1&playsinline=0&autohide=2&theme=dark&color=red&controls=1&disablekb=0&\" class=\"__youtube_prefs__  no-lazyload\" title=\"YouTube-Player\"  allow=\"fullscreen; accelerometer; autoplay; clipboard-write; encrypted-media; gyroscope; picture-in-picture; web-share\" referrerpolicy=\"strict-origin-when-cross-origin\" allowfullscreen data-no-lazy=\"1\" data-skipgform_ajax_framebjll=\"\"><\/iframe><\/p>\n\t\t\t<footer>\n\t\t\t\t\n\t\t\t\t\t\t\t<\/footer>\n\t\t<\/div>\n\t<\/div>\n<\/div>\t\t\t\t\n\t\t\t\t\t\t\t\t\t<\/div>\n\t\t\t\t\t\t\t<\/div>\n\t\t\t\t\t\t\t\t\t\t\t\t\t\t<div class=\"wd-nav-arrows wd-pos-sep wd-hover-1 wd-icon-1\">\n\t\t\t<div class=\"wd-btn-arrow wd-prev wd-disabled\">\n\t\t\t\t<div class=\"wd-arrow-inner\"><\/div>\n\t\t\t<\/div>\n\t\t\t<div class=\"wd-btn-arrow wd-next\">\n\t\t\t\t<div class=\"wd-arrow-inner\"><\/div>\n\t\t\t<\/div>\n\t\t<\/div>\n\t\t\t\t\t\t\n\t\t\t\t<\/div>\n\n\t\t\t\t\t\t<div class=\"wd-nav-pagin-wrap text-center wd-style-shape wd-hide-md-sm wd-hide-sm\">\n\t\t\t<ul class=\"wd-nav-pagin\"><\/ul>\n\t\t<\/div>\n\t\t\t\t\t\t\t\t\t\t\t<\/div>\n\t\t\t\t\t\t<\/div>\n\t\t\t\t<\/div>\n\t\t\t\t\t<\/div>\n\t\t<\/div>\n\t\t\t\t\t<\/div>\n\t\t<\/section>\n\t\t\t\t<\/div>","protected":false},"excerpt":{"rendered":"<p>&#8220;<strong>Sie m\u00f6chten die kostbaren Momente Ihres Babys festhalten?<\/strong> Entdecken Sie unser DIY Baby-Fu\u00dfabdruck-Kit aus Ton! Schaffen Sie ganz einfach bleibende Erinnerungen und sch\u00f6ne Andenken zu Hause. Jetzt versandkostenfrei einkaufen und 30% Rabatt erhalten!\"<\/p>","protected":false},"featured_media":14979,"comment_status":"open","ping_status":"closed","template":"","meta":{"_acf_changed":false},"product_brand":[],"product_cat":[509],"product_tag":[549,553,550,552,551],"class_list":{"0":"post-14966","1":"product","2":"type-product","3":"status-publish","4":"has-post-thumbnail","6":"product_cat-best-baby-toys","7":"product_tag-baby-footprint-clay","8":"product_tag-baby-footprint-diy","9":"product_tag-baby-hand-printing","10":"product_tag-clay-footprint","11":"product_tag-hand-and-foot-print-for-baby","13":"first","14":"instock","15":"sale","16":"taxable","17":"shipping-taxable","18":"purchasable","19":"product-type-variable","20":"wvs-archive-product-wrapper"},"acf":[],"_links":{"self":[{"href":"https:\/\/babyvk.com\/de\/wp-json\/wp\/v2\/product\/14966","targetHints":{"allow":["GET"]}}],"collection":[{"href":"https:\/\/babyvk.com\/de\/wp-json\/wp\/v2\/product"}],"about":[{"href":"https:\/\/babyvk.com\/de\/wp-json\/wp\/v2\/types\/product"}],"replies":[{"embeddable":true,"href":"https:\/\/babyvk.com\/de\/wp-json\/wp\/v2\/comments?post=14966"}],"version-history":[{"count":0,"href":"https:\/\/babyvk.com\/de\/wp-json\/wp\/v2\/product\/14966\/revisions"}],"wp:featuredmedia":[{"embeddable":true,"href":"https:\/\/babyvk.com\/de\/wp-json\/wp\/v2\/media\/14979"}],"wp:attachment":[{"href":"https:\/\/babyvk.com\/de\/wp-json\/wp\/v2\/media?parent=14966"}],"wp:term":[{"taxonomy":"product_brand","embeddable":true,"href":"https:\/\/babyvk.com\/de\/wp-json\/wp\/v2\/product_brand?post=14966"},{"taxonomy":"product_cat","embeddable":true,"href":"https:\/\/babyvk.com\/de\/wp-json\/wp\/v2\/product_cat?post=14966"},{"taxonomy":"product_tag","embeddable":true,"href":"https:\/\/babyvk.com\/de\/wp-json\/wp\/v2\/product_tag?post=14966"}],"curies":[{"name":"wp","href":"https:\/\/api.w.org\/{rel}","templated":true}]}}