{"id":14295,"date":"2023-05-26T13:28:38","date_gmt":"2023-05-26T13:28:38","guid":{"rendered":"https:\/\/babyvk.com\/?post_type=product&#038;p=14295"},"modified":"2025-03-10T20:03:36","modified_gmt":"2025-03-10T20:03:36","slug":"baby-fruit-feeder-pacifier","status":"publish","type":"product","link":"https:\/\/babyvk.com\/de\/product\/baby-fruit-feeder-pacifier\/","title":{"rendered":"Baby-Fruchtspender Schnuller"},"content":{"rendered":"<div data-elementor-type=\"product-post\" data-elementor-id=\"14295\" class=\"elementor elementor-14295\" data-elementor-post-type=\"product\">\n\t\t\t\t\t\t<section class=\"elementor-section elementor-top-section elementor-element elementor-element-7a7317b elementor-section-boxed elementor-section-height-default elementor-section-height-default\" data-id=\"7a7317b\" data-element_type=\"section\">\n\t\t\t\t\t\t<div class=\"elementor-container elementor-column-gap-default\">\n\t\t\t\t\t<div class=\"elementor-column elementor-col-100 elementor-top-column elementor-element elementor-element-9f17075\" data-id=\"9f17075\" data-element_type=\"column\">\n\t\t\t<div class=\"elementor-widget-wrap elementor-element-populated\">\n\t\t\t\t\t\t<div class=\"elementor-element elementor-element-8fecd91 wd-width-100 elementor-widget elementor-widget-wd_title\" data-id=\"8fecd91\" data-element_type=\"widget\" data-widget_type=\"wd_title.default\">\n\t\t\t\t<div class=\"elementor-widget-container\">\n\t\t\t\t\t\t\t<div class=\"title-wrapper wd-set-mb reset-last-child wd-title-color-default wd-title-style-default wd-title-size-default text-left\">\n\n\t\t\t\n\t\t\t<div class=\"liner-continer\">\n\t\t\t\t<h4 class=\"woodmart-title-container title wd-fontsize-l\">Beschreibung des Produkts:<\/h4> \n\t\t\t\t\t\t\t<\/div>\n\n\t\t\t\t\t\t\t<div class=\"title-after_title reset-last-child wd-fontsize-xs\">\n\t\t\t\t\t<p>Der Baby Fruit Feeder Schnuller ist ein sicheres und zuverl\u00e4ssiges F\u00fctterungsinstrument f\u00fcr Babys. Er besteht aus lebensmittelechtem Silikon 100% und ist somit frei von BPA, PVC, Gummi, Metallen, Phthalaten, Toxinen und Rost. Dieser Schnuller kombiniert die Funktionalit\u00e4t eines Schnullers mit der eines Bei\u00dfspielzeugs und macht das Zerkleinern der Nahrung \u00fcberfl\u00fcssig. Der ger\u00e4umige Aufbewahrungsbeutel kann Obst, Gem\u00fcse, Muttermilch oder p\u00fcrierte Nahrung aufnehmen und erm\u00f6glicht es Ihrem Baby, feste Nahrung zu kauen, bevor die Z\u00e4hne kommen. Die mitgelieferte Schutzkappe h\u00e4lt den Silikonsauger sauber und hygienisch und verhindert, dass Nahrung auf Ihre H\u00e4nde gelangt. Die strukturierte Oberfl\u00e4che der Brustwarze stimuliert das Zahnfleisch und f\u00f6rdert so das Wachstum der Vorder-, Mittel- und Backenz\u00e4hne. Die Reinigung ist ein Kinderspiel, denn es gen\u00fcgt, den Sauger unter warmem Seifenwasser abzuschrubben, um Essensreste zu entfernen. Der Baby Fruit Feeder Schnuller ist f\u00fcr die Verwendung w\u00e4hrend der oralen Entwicklungsphase Ihres Babys geeignet.<\/p>\t\t\t\t<\/div>\n\t\t\t\t\t<\/div>\n\t\t\t\t\t\t<\/div>\n\t\t\t\t<\/div>\n\t\t\t\t\t<\/div>\n\t\t<\/div>\n\t\t\t\t\t<\/div>\n\t\t<\/section>\n\t\t\t\t<section class=\"elementor-section elementor-top-section elementor-element elementor-element-40b7233 elementor-section-boxed elementor-section-height-default elementor-section-height-default\" data-id=\"40b7233\" data-element_type=\"section\">\n\t\t\t\t\t\t<div class=\"elementor-container elementor-column-gap-default\">\n\t\t\t\t\t<div class=\"elementor-column elementor-col-100 elementor-top-column elementor-element elementor-element-d33c743\" data-id=\"d33c743\" data-element_type=\"column\">\n\t\t\t<div class=\"elementor-widget-wrap elementor-element-populated\">\n\t\t\t\t\t\t<div class=\"elementor-element elementor-element-ece2bab elementor-widget elementor-widget-wd_text_block\" data-id=\"ece2bab\" data-element_type=\"widget\" data-widget_type=\"wd_text_block.default\">\n\t\t\t\t<div class=\"elementor-widget-container\">\n\t\t\t\t\t\t\t<div class=\"wd-text-block reset-last-child text-left\">\n\t\t\t\n\t\t\t<p><strong><span style=\"color: #000000;\">Merkmale:<\/span><\/strong><\/p><ol><li><p><b>Multifunktionales Design:<\/b> Der Baby Fruit Feeder Schnuller kombiniert die Funktionen eines Schnullers und eines Bei\u00dfspielzeugs und macht das P\u00fcrieren der Nahrung \u00fcberfl\u00fcssig. Der gro\u00dfz\u00fcgige Beutel zur Aufbewahrung von Obst, Gem\u00fcse, Muttermilch oder p\u00fcrierter Nahrung sorgt daf\u00fcr, dass Ihr Baby keine gro\u00dfen Brocken abbei\u00dft.<\/p><\/li><li><p><b>Sicherheit und Zuverl\u00e4ssigkeit:<\/b> Der Schnuller ist aus zertifiziertem 100%-Silikon in Lebensmittelqualit\u00e4t hergestellt und ist frei von BPA, PVC, Gummi, Metallen, Phthalaten, Toxinen und Rost, so dass er den h\u00f6chsten Gesundheits- und Sicherheitsstandards f\u00fcr Ihr Baby entspricht.<\/p><\/li><li><p><b>Design der Schutzkappe:<\/b> Der Schnuller ist mit einer Schutzkappe ausgestattet, die den Silikonsauger sauber und hygienisch h\u00e4lt und verhindert, dass Nahrung auf Ihre H\u00e4nde gelangt. Nach dem Bef\u00fcllen des Nahrungsreservoirs einfach den Griff verriegeln und schon ist er f\u00fcr Ihr Baby einsatzbereit.<\/p><\/li><li><p><b>Stimulation des Zahnfleisches: <\/b>Die strukturierte Oberfl\u00e4che des Fruchtsaugers massiert und stimuliert das Zahnfleisch Ihres Babys und f\u00f6rdert so den Durchbruch der Vorder-, Mittel- und Backenz\u00e4hne. Er eignet sich f\u00fcr die Verwendung w\u00e4hrend der Entwicklungsphasen Ihres Babys.<\/p><\/li><li><p><b>Einfache Reinigung und Lagerung:<\/b> Der Silikon-Futterspender ist unglaublich leicht zu reinigen. Ein sanftes Schrubben unter warmem Seifenwasser reicht aus, um die Futterreste abzuwaschen. Au\u00dferdem l\u00e4sst er sich bequem aufbewahren, da er nur wenig Platz einnimmt.<\/p><\/li><\/ol>\n\t\t\t\t\t<\/div>\n\t\t\t\t\t\t<\/div>\n\t\t\t\t<\/div>\n\t\t\t\t\t<\/div>\n\t\t<\/div>\n\t\t\t\t\t<\/div>\n\t\t<\/section>\n\t\t\t\t<section class=\"elementor-section elementor-top-section elementor-element elementor-element-580d9e5 elementor-section-boxed elementor-section-height-default elementor-section-height-default\" data-id=\"580d9e5\" data-element_type=\"section\">\n\t\t\t\t\t\t<div class=\"elementor-container elementor-column-gap-default\">\n\t\t\t\t\t<div class=\"elementor-column elementor-col-100 elementor-top-column elementor-element elementor-element-5c2c3b7\" data-id=\"5c2c3b7\" data-element_type=\"column\">\n\t\t\t<div class=\"elementor-widget-wrap elementor-element-populated\">\n\t\t\t\t\t\t<div class=\"elementor-element elementor-element-349c27f elementor-widget elementor-widget-wd_text_block\" data-id=\"349c27f\" data-element_type=\"widget\" data-widget_type=\"wd_text_block.default\">\n\t\t\t\t<div class=\"elementor-widget-container\">\n\t\t\t\t\t\t\t<div class=\"wd-text-block reset-last-child text-left\">\n\t\t\t\n\t\t\t<p><strong><span style=\"color: #000000;\">Produktspezifikationen:<\/span><\/strong><\/p><ul><li><b>Produktname: <\/b>Baby-Fruchtspender Schnuller<\/li><li><b>Material:<\/b> 100% lebensmittelechtes Silikon<\/li><li><b>Frei von:<\/b> BPA, PVC, Gummi, Metalle, Phthalate, Toxine und Rost<\/li><li><b>Multifunktionales Design:<\/b> Kombination aus Schnuller und Bei\u00dfspielzeug<\/li><li><b>Fassungsverm\u00f6gen des Lebensmittelbeutels: <\/b>Geeignet f\u00fcr Obst, Gem\u00fcse, Muttermilch oder P\u00fcrees<\/li><li><b>Schutzkappe:<\/b> H\u00e4lt die Brustwarze sauber und hygienisch<\/li><li><b>Stimulation des Zahnfleisches: <\/b>Texturierte Oberfl\u00e4che f\u00fcr Zahnfleischmassage und Stimulation<\/li><li><b>Reinigungsmethode:<\/b> Sanftes Schrubben mit warmer Seifenlauge<\/li><li><b>Alterseignung: <\/b>Geeignet f\u00fcr S\u00e4uglinge in der oralen Entwicklungsphase<\/li><\/ul>\n\t\t\t\t\t<\/div>\n\t\t\t\t\t\t<\/div>\n\t\t\t\t<\/div>\n\t\t\t\t<div class=\"elementor-element elementor-element-3a159c1 elementor-widget elementor-widget-wd_image_or_svg\" data-id=\"3a159c1\" data-element_type=\"widget\" data-widget_type=\"wd_image_or_svg.default\">\n\t\t\t\t<div class=\"elementor-widget-container\">\n\t\t\t\t\t\n\t\t<div class=\"wd-image text-left\">\n\t\t\t\t\t\t\t\t<img fetchpriority=\"high\" decoding=\"async\" width=\"800\" height=\"800\" src=\"https:\/\/babyvk.com\/wp-content\/uploads\/2023\/05\/pacifier-you-can-put-fruit-in.webp\" class=\"attachment-full size-full wvs-archive-product-image\" alt=\"Fruit Feeder Schnuller\" srcset=\"https:\/\/babyvk.com\/wp-content\/uploads\/2023\/05\/pacifier-you-can-put-fruit-in.webp 800w, https:\/\/babyvk.com\/wp-content\/uploads\/2023\/05\/pacifier-you-can-put-fruit-in-30x30.webp 30w, https:\/\/babyvk.com\/wp-content\/uploads\/2023\/05\/pacifier-you-can-put-fruit-in-50x50.webp 50w, https:\/\/babyvk.com\/wp-content\/uploads\/2023\/05\/pacifier-you-can-put-fruit-in-100x100.webp 100w, https:\/\/babyvk.com\/wp-content\/uploads\/2023\/05\/pacifier-you-can-put-fruit-in-150x150.webp 150w, https:\/\/babyvk.com\/wp-content\/uploads\/2023\/05\/pacifier-you-can-put-fruit-in-300x300.webp 300w, https:\/\/babyvk.com\/wp-content\/uploads\/2023\/05\/pacifier-you-can-put-fruit-in-768x768.webp 768w, https:\/\/babyvk.com\/wp-content\/uploads\/2023\/05\/pacifier-you-can-put-fruit-in-500x500.webp 500w, https:\/\/babyvk.com\/wp-content\/uploads\/2023\/05\/pacifier-you-can-put-fruit-in-430x430.webp 430w, https:\/\/babyvk.com\/wp-content\/uploads\/2023\/05\/pacifier-you-can-put-fruit-in-700x700.webp 700w\" sizes=\"(max-width: 800px) 100vw, 800px\" title=\"\">\t\t\t\t\t<\/div>\n\n\t\t\t\t\t\t<\/div>\n\t\t\t\t<\/div>\n\t\t\t\t\t<\/div>\n\t\t<\/div>\n\t\t\t\t\t<\/div>\n\t\t<\/section>\n\t\t\t\t<section class=\"elementor-section elementor-top-section elementor-element elementor-element-4296e4b elementor-section-boxed elementor-section-height-default elementor-section-height-default\" data-id=\"4296e4b\" data-element_type=\"section\">\n\t\t\t\t\t\t<div class=\"elementor-container elementor-column-gap-default\">\n\t\t\t\t\t<div class=\"elementor-column elementor-col-100 elementor-top-column elementor-element elementor-element-63f513c\" data-id=\"63f513c\" data-element_type=\"column\">\n\t\t\t<div class=\"elementor-widget-wrap elementor-element-populated\">\n\t\t\t\t\t\t<div class=\"elementor-element elementor-element-eb6792d elementor-widget elementor-widget-wd_text_block\" data-id=\"eb6792d\" data-element_type=\"widget\" data-widget_type=\"wd_text_block.default\">\n\t\t\t\t<div class=\"elementor-widget-container\">\n\t\t\t\t\t\t\t<div class=\"wd-text-block reset-last-child text-left\">\n\t\t\t\n\t\t\t<p>Ob als F\u00fctterungshilfe bei der Einf\u00fchrung fester Nahrung oder als beruhigendes Spielzeug zur Linderung von Zahnungsbeschwerden, der Baby Fruit Feeder Schnuller ist eine sichere, praktische und leicht zu reinigende Wahl. Wir sind von der Qualit\u00e4t unseres Produkts \u00fcberzeugt und bieten eine bedingungslose R\u00fcckgabegarantie, um Ihre Zufriedenheit zu gew\u00e4hrleisten.<\/p>\n\t\t\t\t\t<\/div>\n\t\t\t\t\t\t<\/div>\n\t\t\t\t<\/div>\n\t\t\t\t\t<\/div>\n\t\t<\/div>\n\t\t\t\t\t<\/div>\n\t\t<\/section>\n\t\t\t\t<section class=\"wd-negative-gap elementor-section elementor-top-section elementor-element elementor-element-c0a251a elementor-section-boxed elementor-section-height-default elementor-section-height-default\" data-id=\"c0a251a\" data-element_type=\"section\">\n\t\t\t\t\t\t<div class=\"elementor-container elementor-column-gap-default\">\n\t\t\t\t\t<div class=\"elementor-column elementor-col-100 elementor-top-column elementor-element elementor-element-2938f65\" data-id=\"2938f65\" data-element_type=\"column\">\n\t\t\t<div class=\"elementor-widget-wrap elementor-element-populated\">\n\t\t\t\t\t\t<div class=\"elementor-element elementor-element-a98f768 wd-width-100 elementor-widget elementor-widget-wd_title\" data-id=\"a98f768\" data-element_type=\"widget\" data-widget_type=\"wd_title.default\">\n\t\t\t\t<div class=\"elementor-widget-container\">\n\t\t\t\t\t\t\t<div class=\"title-wrapper wd-set-mb reset-last-child wd-title-color-default wd-title-style-default wd-title-size-default text-center\">\n\n\t\t\t\t\t\t\t\t\t\t\t<div class=\"title-subtitle subtitle-color-default subtitle-style-default wd-fontsize-xs\">\n\t\t\t\t\tUNSERE ECHTE SHOW SEHEN\t\t\t\t<\/div>\n\t\t\t\n\t\t\t<div class=\"liner-continer\">\n\t\t\t\t<h4 class=\"woodmart-title-container title wd-fontsize-l\">Unser kurzes Video<\/h4> \n\t\t\t\t\t\t\t<\/div>\n\n\t\t\t\t\t\t\t<div class=\"title-after_title reset-last-child wd-fontsize-xs\">\n\t\t\t\t\t<p>Zeigen Sie die Szene, in der das Produkt verwendet wird, und informieren Sie sich \u00fcber weitere Einzelheiten.<\/p>\t\t\t\t<\/div>\n\t\t\t\t\t<\/div>\n\t\t\t\t\t\t<\/div>\n\t\t\t\t<\/div>\n\t\t\t\t<div class=\"elementor-element elementor-element-c983a29 elementor-widget elementor-widget-wd_testimonials\" data-id=\"c983a29\" data-element_type=\"widget\" data-widget_type=\"wd_testimonials.default\">\n\t\t\t\t<div class=\"elementor-widget-container\">\n\t\t\t\t\t\t\t<div class=\"testimonials testimon-style-standard  color-scheme- testimon-align-center wd-carousel-container\" id=\"carousel-8206\">\n\t\t\t\t\t\t\t<div class=\"wd-carousel-inner\">\n\t\t\t\n\t\t\t<div class=\"wd-carousel wd-grid\" data-scroll_per_page=\"yes\" style=\"--wd-col-lg:2;--wd-col-md:2;--wd-col-sm:1;--wd-gap-lg:30px;--wd-gap-sm:10px;\">\n\t\t\t\t\t\t\t\t\t<div class=\"wd-carousel-wrap\">\n\t\t\t\t\n\t\t\t\t\t\t\t\t\t\n<div class=\"testimonial wd-carousel-item\">\n\t<div class=\"testimonial-inner\">\n\t\t\n\t\t<div class=\"testimonial-content\">\n\t\t\t<div class=\"testimonial-rating\">\n\t\t\t\t<span class=\"star-rating\">\n\t\t\t\t\t<span style=\"width:100%\"><\/span>\n\t\t\t\t<\/span>\n\t\t\t<\/div>\n\n\t\t\t<p><iframe  id=\"_ytid_57698\"  width=\"800\" height=\"450\"  data-origwidth=\"800\" data-origheight=\"450\"  data-relstop=\"1\" src=\"https:\/\/www.youtube.com\/embed\/GTuSklCtIEY?enablejsapi=1&autoplay=0&cc_load_policy=1&cc_lang_pref=&iv_load_policy=3&loop=0&rel=0&fs=1&playsinline=0&autohide=2&theme=dark&color=red&controls=1&disablekb=0&\" class=\"__youtube_prefs__  no-lazyload\" title=\"YouTube-Player\"  allow=\"fullscreen; accelerometer; autoplay; clipboard-write; encrypted-media; gyroscope; picture-in-picture; web-share\" referrerpolicy=\"strict-origin-when-cross-origin\" allowfullscreen data-no-lazy=\"1\" data-skipgform_ajax_framebjll=\"\"><\/iframe><\/p>\n\t\t\t<footer>\n\t\t\t\t\n\t\t\t\t\t\t\t<\/footer>\n\t\t<\/div>\n\t<\/div>\n<\/div>\t\t\t\t\t\t\t\t\t\n<div class=\"testimonial wd-carousel-item\">\n\t<div class=\"testimonial-inner\">\n\t\t\n\t\t<div class=\"testimonial-content\">\n\t\t\t<div class=\"testimonial-rating\">\n\t\t\t\t<span class=\"star-rating\">\n\t\t\t\t\t<span style=\"width:100%\"><\/span>\n\t\t\t\t<\/span>\n\t\t\t<\/div>\n\n\t\t\t<p><iframe  id=\"_ytid_85072\"  width=\"800\" height=\"450\"  data-origwidth=\"800\" data-origheight=\"450\"  data-relstop=\"1\" src=\"https:\/\/www.youtube.com\/embed\/pcF7I9DNWh4?enablejsapi=1&autoplay=0&cc_load_policy=1&cc_lang_pref=&iv_load_policy=3&loop=0&rel=0&fs=1&playsinline=0&autohide=2&theme=dark&color=red&controls=1&disablekb=0&\" class=\"__youtube_prefs__  no-lazyload\" title=\"YouTube-Player\"  allow=\"fullscreen; accelerometer; autoplay; clipboard-write; encrypted-media; gyroscope; picture-in-picture; web-share\" referrerpolicy=\"strict-origin-when-cross-origin\" allowfullscreen data-no-lazy=\"1\" data-skipgform_ajax_framebjll=\"\"><\/iframe><\/p>\n\t\t\t<footer>\n\t\t\t\t\n\t\t\t\t\t\t\t<\/footer>\n\t\t<\/div>\n\t<\/div>\n<\/div>\t\t\t\t\t\t\t\t\t\n<div class=\"testimonial wd-carousel-item\">\n\t<div class=\"testimonial-inner\">\n\t\t\n\t\t<div class=\"testimonial-content\">\n\t\t\t<div class=\"testimonial-rating\">\n\t\t\t\t<span class=\"star-rating\">\n\t\t\t\t\t<span style=\"width:100%\"><\/span>\n\t\t\t\t<\/span>\n\t\t\t<\/div>\n\n\t\t\t<p><iframe  id=\"_ytid_87039\"  width=\"800\" height=\"450\"  data-origwidth=\"800\" data-origheight=\"450\"  data-relstop=\"1\" src=\"https:\/\/www.youtube.com\/embed\/J7e-Kk5uL10?enablejsapi=1&autoplay=0&cc_load_policy=1&cc_lang_pref=&iv_load_policy=3&loop=0&rel=0&fs=1&playsinline=0&autohide=2&theme=dark&color=red&controls=1&disablekb=0&\" class=\"__youtube_prefs__  no-lazyload\" title=\"YouTube-Player\"  allow=\"fullscreen; accelerometer; autoplay; clipboard-write; encrypted-media; gyroscope; picture-in-picture; web-share\" referrerpolicy=\"strict-origin-when-cross-origin\" allowfullscreen data-no-lazy=\"1\" data-skipgform_ajax_framebjll=\"\"><\/iframe><\/p>\n\t\t\t<footer>\n\t\t\t\t\n\t\t\t\t\t\t\t<\/footer>\n\t\t<\/div>\n\t<\/div>\n<\/div>\t\t\t\t\t\t\t\t\t\n<div class=\"testimonial wd-carousel-item\">\n\t<div class=\"testimonial-inner\">\n\t\t\n\t\t<div class=\"testimonial-content\">\n\t\t\t<div class=\"testimonial-rating\">\n\t\t\t\t<span class=\"star-rating\">\n\t\t\t\t\t<span style=\"width:100%\"><\/span>\n\t\t\t\t<\/span>\n\t\t\t<\/div>\n\n\t\t\t<p><iframe  id=\"_ytid_34032\"  width=\"800\" height=\"450\"  data-origwidth=\"800\" data-origheight=\"450\"  data-relstop=\"1\" src=\"https:\/\/www.youtube.com\/embed\/CyAsDEWkNHY?enablejsapi=1&autoplay=0&cc_load_policy=1&cc_lang_pref=&iv_load_policy=3&loop=0&rel=0&fs=1&playsinline=0&autohide=2&theme=dark&color=red&controls=1&disablekb=0&\" class=\"__youtube_prefs__  no-lazyload\" title=\"YouTube-Player\"  allow=\"fullscreen; accelerometer; autoplay; clipboard-write; encrypted-media; gyroscope; picture-in-picture; web-share\" referrerpolicy=\"strict-origin-when-cross-origin\" allowfullscreen data-no-lazy=\"1\" data-skipgform_ajax_framebjll=\"\"><\/iframe><\/p>\n\t\t\t<footer>\n\t\t\t\t\n\t\t\t\t\t\t\t<\/footer>\n\t\t<\/div>\n\t<\/div>\n<\/div>\t\t\t\t\t\t\t\t\t\n<div class=\"testimonial wd-carousel-item\">\n\t<div class=\"testimonial-inner\">\n\t\t\n\t\t<div class=\"testimonial-content\">\n\t\t\t<div class=\"testimonial-rating\">\n\t\t\t\t<span class=\"star-rating\">\n\t\t\t\t\t<span style=\"width:100%\"><\/span>\n\t\t\t\t<\/span>\n\t\t\t<\/div>\n\n\t\t\t<p><iframe  id=\"_ytid_84746\"  width=\"800\" height=\"450\"  data-origwidth=\"800\" data-origheight=\"450\"  data-relstop=\"1\" src=\"https:\/\/www.youtube.com\/embed\/x5CythGRBzI?enablejsapi=1&autoplay=0&cc_load_policy=1&cc_lang_pref=&iv_load_policy=3&loop=0&rel=0&fs=1&playsinline=0&autohide=2&theme=dark&color=red&controls=1&disablekb=0&\" class=\"__youtube_prefs__  no-lazyload\" title=\"YouTube-Player\"  allow=\"fullscreen; accelerometer; autoplay; clipboard-write; encrypted-media; gyroscope; picture-in-picture; web-share\" referrerpolicy=\"strict-origin-when-cross-origin\" allowfullscreen data-no-lazy=\"1\" data-skipgform_ajax_framebjll=\"\"><\/iframe><\/p>\n\t\t\t<footer>\n\t\t\t\t\n\t\t\t\t\t\t\t<\/footer>\n\t\t<\/div>\n\t<\/div>\n<\/div>\t\t\t\t\n\t\t\t\t\t\t\t\t\t<\/div>\n\t\t\t\t\t\t\t<\/div>\n\t\t\t\t\t\t\t\t\t\t\t\t\t\t<div class=\"wd-nav-arrows wd-pos-sep wd-hover-1 wd-icon-1\">\n\t\t\t<div class=\"wd-btn-arrow wd-prev wd-disabled\">\n\t\t\t\t<div class=\"wd-arrow-inner\"><\/div>\n\t\t\t<\/div>\n\t\t\t<div class=\"wd-btn-arrow wd-next\">\n\t\t\t\t<div class=\"wd-arrow-inner\"><\/div>\n\t\t\t<\/div>\n\t\t<\/div>\n\t\t\t\t\t\t\n\t\t\t\t<\/div>\n\n\t\t\t\t\t\t<div class=\"wd-nav-pagin-wrap text-center wd-style-shape wd-hide-md-sm wd-hide-sm\">\n\t\t\t<ul class=\"wd-nav-pagin\"><\/ul>\n\t\t<\/div>\n\t\t\t\t\t\t\t\t\t\t\t<\/div>\n\t\t\t\t\t\t<\/div>\n\t\t\t\t<\/div>\n\t\t\t\t\t<\/div>\n\t\t<\/div>\n\t\t\t\t\t<\/div>\n\t\t<\/section>\n\t\t\t\t<\/div>","protected":false},"excerpt":{"rendered":"<p>&#8220;<strong>Suchen Sie nach einer sicheren Methode, Ihrem Baby feste Nahrung zu geben?<\/strong> Probieren Sie unseren Baby Fruit Feeder Schnuller! Entwickelt, um den \u00dcbergang zu fester Nahrung zu erleichtern und Zahnungsbeschwerden zu lindern. Jetzt versandkostenfrei einkaufen und 30% Rabatt erhalten!\"<\/p>","protected":false},"featured_media":14287,"comment_status":"open","ping_status":"closed","template":"","meta":{"_acf_changed":false},"product_brand":[],"product_cat":[508],"product_tag":[525,526,527,523,524],"class_list":{"0":"post-14295","1":"product","2":"type-product","3":"status-publish","4":"has-post-thumbnail","6":"product_cat-best-baby-feeding","7":"product_tag-feeder-pacifier","8":"product_tag-food-feeder-pacifier","9":"product_tag-fruit-feeding-nipple","10":"product_tag-fruit-pacifier","11":"product_tag-mesh-fruit-teether","13":"first","14":"instock","15":"sale","16":"taxable","17":"shipping-taxable","18":"purchasable","19":"product-type-variable","20":"wvs-archive-product-wrapper"},"acf":[],"_links":{"self":[{"href":"https:\/\/babyvk.com\/de\/wp-json\/wp\/v2\/product\/14295","targetHints":{"allow":["GET"]}}],"collection":[{"href":"https:\/\/babyvk.com\/de\/wp-json\/wp\/v2\/product"}],"about":[{"href":"https:\/\/babyvk.com\/de\/wp-json\/wp\/v2\/types\/product"}],"replies":[{"embeddable":true,"href":"https:\/\/babyvk.com\/de\/wp-json\/wp\/v2\/comments?post=14295"}],"version-history":[{"count":0,"href":"https:\/\/babyvk.com\/de\/wp-json\/wp\/v2\/product\/14295\/revisions"}],"wp:featuredmedia":[{"embeddable":true,"href":"https:\/\/babyvk.com\/de\/wp-json\/wp\/v2\/media\/14287"}],"wp:attachment":[{"href":"https:\/\/babyvk.com\/de\/wp-json\/wp\/v2\/media?parent=14295"}],"wp:term":[{"taxonomy":"product_brand","embeddable":true,"href":"https:\/\/babyvk.com\/de\/wp-json\/wp\/v2\/product_brand?post=14295"},{"taxonomy":"product_cat","embeddable":true,"href":"https:\/\/babyvk.com\/de\/wp-json\/wp\/v2\/product_cat?post=14295"},{"taxonomy":"product_tag","embeddable":true,"href":"https:\/\/babyvk.com\/de\/wp-json\/wp\/v2\/product_tag?post=14295"}],"curies":[{"name":"wp","href":"https:\/\/api.w.org\/{rel}","templated":true}]}}