{"id":14144,"date":"2023-05-21T09:04:36","date_gmt":"2023-05-21T09:04:36","guid":{"rendered":"https:\/\/babyvk.com\/?post_type=product&#038;p=14144"},"modified":"2025-03-10T20:03:36","modified_gmt":"2025-03-10T20:03:36","slug":"bunny-stuffed-plush-toy-for-kids","status":"publish","type":"product","link":"https:\/\/babyvk.com\/de\/product\/bunny-stuffed-plush-toy-for-kids\/","title":{"rendered":"Niedliches H\u00e4schen Pl\u00fcschtier"},"content":{"rendered":"<div data-elementor-type=\"product-post\" data-elementor-id=\"14144\" class=\"elementor elementor-14144\" data-elementor-post-type=\"product\">\n\t\t\t\t\t\t<section class=\"elementor-section elementor-top-section elementor-element elementor-element-17a9aa7 elementor-section-boxed elementor-section-height-default elementor-section-height-default\" data-id=\"17a9aa7\" data-element_type=\"section\">\n\t\t\t\t\t\t<div class=\"elementor-container elementor-column-gap-default\">\n\t\t\t\t\t<div class=\"elementor-column elementor-col-100 elementor-top-column elementor-element elementor-element-f460264\" data-id=\"f460264\" data-element_type=\"column\">\n\t\t\t<div class=\"elementor-widget-wrap elementor-element-populated\">\n\t\t\t\t\t\t<div class=\"elementor-element elementor-element-3bf778c wd-width-100 elementor-widget elementor-widget-wd_title\" data-id=\"3bf778c\" data-element_type=\"widget\" data-widget_type=\"wd_title.default\">\n\t\t\t\t<div class=\"elementor-widget-container\">\n\t\t\t\t\t\t\t<div class=\"title-wrapper wd-set-mb reset-last-child wd-title-color-default wd-title-style-default wd-title-size-default text-left\">\n\n\t\t\t\n\t\t\t<div class=\"liner-continer\">\n\t\t\t\t<h4 class=\"woodmart-title-container title wd-fontsize-l\">Beschreibung:<\/h4> \n\t\t\t\t\t\t\t<\/div>\n\n\t\t\t\t\t\t\t<div class=\"title-after_title reset-last-child wd-fontsize-xs\">\n\t\t\t\t\t<p>Hier kommt das Bunny Hide and Seek Pl\u00fcschtier, eine entz\u00fcckende und kuschelige Kreation. Wenn Sie die Erdbeere \u00f6ffnen, kommt ein bezaubernder wei\u00dfer Hase zum Vorschein, perfekt f\u00fcr endlose Kuschelstunden. Aus hochwertigem, superweichem Kurzpl\u00fcsch gefertigt und mit PP-Baumwolle gef\u00fcllt, bietet unser Bunny Pl\u00fcschtier ein kuscheliges Gef\u00fchl, das von Kindern und Erwachsenen gleicherma\u00dfen geliebt wird.<\/p><p>W\u00e4hlen Sie zwischen dem Karotten- und dem Erdbeerkaninchen und finden Sie das perfekte Pl\u00fcschtier, das Ihren W\u00fcnschen entspricht. Es eignet sich nicht nur zum Spielen, sondern ist auch ein s\u00fc\u00dfes und charmantes Geschenk f\u00fcr Freunde und dient als Partygeschenk und Dekoration.<\/p><p>Jedes Detail unseres Designs zeugt von unserem Engagement f\u00fcr hervorragende Qualit\u00e4t. Vom weichen, kurzen Pl\u00fcschstoff bis zur prallen Baumwollf\u00fcllung wurde jedes Element sorgf\u00e4ltig ausgew\u00e4hlt, um optimalen Komfort und lange Haltbarkeit zu gew\u00e4hrleisten. Unser Pl\u00fcschtier Bunny ist fussel- und verformungsbest\u00e4ndig, damit es ein gesch\u00e4tzter Bestandteil Ihres Zuhauses bleibt.<\/p><p>Kinder jeden Alters werden unser Bunny Pl\u00fcschtier lieben. Es kann zum Spielen, als gro\u00dfes Kissen zum Lesen, Fernsehen, Lernen oder f\u00fcr ein gem\u00fctliches Nickerchen verwendet werden. Ob als dekoratives Kissen oder als kuscheliger Begleiter, sein niedlicher Stil bringt Freude in jede Umgebung.<\/p>\t\t\t\t<\/div>\n\t\t\t\t\t<\/div>\n\t\t\t\t\t\t<\/div>\n\t\t\t\t<\/div>\n\t\t\t\t<div class=\"elementor-element elementor-element-ba3c9ac elementor-widget elementor-widget-wd_text_block\" data-id=\"ba3c9ac\" data-element_type=\"widget\" data-widget_type=\"wd_text_block.default\">\n\t\t\t\t<div class=\"elementor-widget-container\">\n\t\t\t\t\t\t\t<div class=\"wd-text-block reset-last-child text-left\">\n\t\t\t\n\t\t\t<p><span style=\"font-size: 14pt;\"><strong>Merkmale:<\/strong><\/span><\/p><ul><li><strong>Reversible Bunny Pl\u00fcsch:<\/strong> Dieses vielseitige Bunny Pl\u00fcschtier ist aus hautfreundlichem und ultraweichem Stoff gefertigt und mit plumper PP-Baumwolle gef\u00fcllt. Es kann auch als Erdbeer- oder Karottenkissen verwendet werden, perfekt f\u00fcr Ostern und um Freude zu verbreiten.<\/li><li><strong>Vielseitig und liebenswert:<\/strong> Unser Strawberry Bunny Pl\u00fcschtier ist nicht nur niedlich, sondern auch praktisch. Es kann als Dekoration ausgestellt, als Kissen verwendet oder als Schlafkissen benutzt werden. Wenn man die Karotte oder Erdbeere \u00f6ffnet, kommt ein wei\u00dfer Hase zum Vorschein, der einem ein L\u00e4cheln ins Gesicht zaubert.<\/li><li><strong>Weich und strapazierf\u00e4hig:<\/strong> Unser Osterhasenpl\u00fcsch ist aus weichem Stoff und langlebiger PP-Baumwollf\u00fcllung gefertigt und beh\u00e4lt seine Form. Es kann als Haus- oder H\u00fcftkissen verwendet werden. Jungen und M\u00e4dchen werden das niedliche Hasendesign und die Karotten-\/Erdbeer-Verpackung lieben.<\/li><li><strong>Komfort und Pflegeleichtigkeit:<\/strong> Dieses Bunny Pl\u00fcschtier bietet perfekten Komfort als Kopf- und Bauchkissen. Es hat einen hautfreundlichen, langen Flaum f\u00fcr ein gem\u00fctliches Kuschelerlebnis. Die Reinigung ist einfach - einfach in kaltem Wasser waschen und zum Trocknen aufh\u00e4ngen. Es ist ein tolles Geschenk f\u00fcr Kinder und eine wunderbare Erg\u00e4nzung zu ihrer Spielzeit.<\/li><li><strong>Liebenswertes Kaninchen-Stofftier:<\/strong> Machen Sie jede Gelegenheit zu etwas Besonderem mit diesem s\u00fc\u00dfen Bunny Pl\u00fcschtier. Es symbolisiert Neuanf\u00e4nge und bringt Freude in jedes Zuhause. Ob zum Geburtstag, zu Weihnachten oder als Partygeschenk, dieses kuschelige Pl\u00fcschtier wird von Kindern und Erwachsenen gleicherma\u00dfen geliebt.<\/li><\/ul>\n\t\t\t\t\t<\/div>\n\t\t\t\t\t\t<\/div>\n\t\t\t\t<\/div>\n\t\t\t\t\t<\/div>\n\t\t<\/div>\n\t\t\t\t\t<\/div>\n\t\t<\/section>\n\t\t\t\t<section class=\"elementor-section elementor-top-section elementor-element elementor-element-b25a5d4 elementor-section-boxed elementor-section-height-default elementor-section-height-default\" data-id=\"b25a5d4\" data-element_type=\"section\">\n\t\t\t\t\t\t<div class=\"elementor-container elementor-column-gap-default\">\n\t\t\t\t\t<div class=\"elementor-column elementor-col-100 elementor-top-column elementor-element elementor-element-6d98dd1\" data-id=\"6d98dd1\" data-element_type=\"column\">\n\t\t\t<div class=\"elementor-widget-wrap elementor-element-populated\">\n\t\t\t\t\t\t<div class=\"elementor-element elementor-element-ba9db19 color-scheme-inherit text-left elementor-widget elementor-widget-text-editor\" data-id=\"ba9db19\" data-element_type=\"widget\" data-widget_type=\"text-editor.default\">\n\t\t\t\t<div class=\"elementor-widget-container\">\n\t\t\t\t\t\t\t\t\t<p><strong>Spezifikationen:<\/strong><\/p><ul><li>100% neue und hohe Qualit\u00e4t Pl\u00fcschpuppe<\/li><li>Material: weicher Pl\u00fcsch<\/li><li>Innen: pp Baumwolle<\/li><li>Farbe: Orange \/ Rosa<\/li><li>Gr\u00f6\u00dfe: etwa 18\/25\/35cm<\/li><li>Verpackung: Opp Tasche + gew\u00f6hnliche Plastikt\u00fcte Au\u00dfenverpackung<\/li><\/ul>\t\t\t\t\t\t\t\t<\/div>\n\t\t\t\t<\/div>\n\t\t\t\t\t<\/div>\n\t\t<\/div>\n\t\t\t\t\t<\/div>\n\t\t<\/section>\n\t\t\t\t<section class=\"elementor-section elementor-top-section elementor-element elementor-element-9813a9e elementor-section-boxed elementor-section-height-default elementor-section-height-default\" data-id=\"9813a9e\" data-element_type=\"section\">\n\t\t\t\t\t\t<div class=\"elementor-container elementor-column-gap-default\">\n\t\t\t\t\t<div class=\"elementor-column elementor-col-33 elementor-top-column elementor-element elementor-element-488ce7d\" data-id=\"488ce7d\" data-element_type=\"column\">\n\t\t\t<div class=\"elementor-widget-wrap elementor-element-populated\">\n\t\t\t\t\t\t<div class=\"elementor-element elementor-element-56d0dda wd-width-100 elementor-widget elementor-widget-wd_title\" data-id=\"56d0dda\" data-element_type=\"widget\" data-widget_type=\"wd_title.default\">\n\t\t\t\t<div class=\"elementor-widget-container\">\n\t\t\t\t\t\t\t<div class=\"title-wrapper wd-set-mb reset-last-child wd-title-color-default wd-title-style-default wd-title-size-default text-left\">\n\n\t\t\t\n\t\t\t<div class=\"liner-continer\">\n\t\t\t\t<h4 class=\"woodmart-title-container title wd-fontsize-l\">Mehrere Auswahlm\u00f6glichkeiten<\/h4> \n\t\t\t\t\t\t\t<\/div>\n\n\t\t\t\t\t<\/div>\n\t\t\t\t\t\t<\/div>\n\t\t\t\t<\/div>\n\t\t\t\t<div class=\"elementor-element elementor-element-09c1e7e elementor-widget elementor-widget-wd_text_block\" data-id=\"09c1e7e\" data-element_type=\"widget\" data-widget_type=\"wd_text_block.default\">\n\t\t\t\t<div class=\"elementor-widget-container\">\n\t\t\t\t\t\t\t<div class=\"wd-text-block reset-last-child text-left\">\n\t\t\t\n\t\t\t<p><strong>Auswahl der Gr\u00f6\u00dfe:<\/strong> <span style=\"color: #ff0000;\">S: 18cm, M: 25cm, L: 35cm<\/span><\/p>\n\t\t\t\t\t<\/div>\n\t\t\t\t\t\t<\/div>\n\t\t\t\t<\/div>\n\t\t\t\t<div class=\"elementor-element elementor-element-485339e elementor-widget elementor-widget-wd_image_or_svg\" data-id=\"485339e\" data-element_type=\"widget\" data-widget_type=\"wd_image_or_svg.default\">\n\t\t\t\t<div class=\"elementor-widget-container\">\n\t\t\t\t\t\n\t\t<div class=\"wd-image text-left\">\n\t\t\t\t\t\t\t\t<img fetchpriority=\"high\" decoding=\"async\" width=\"867\" height=\"867\" src=\"https:\/\/babyvk.com\/wp-content\/uploads\/2023\/05\/soft-toy-bunny.webp\" class=\"attachment-full size-full wvs-archive-product-image\" alt=\"Stofftierhase\" srcset=\"https:\/\/babyvk.com\/wp-content\/uploads\/2023\/05\/soft-toy-bunny.webp 867w, https:\/\/babyvk.com\/wp-content\/uploads\/2023\/05\/soft-toy-bunny-30x30.webp 30w, https:\/\/babyvk.com\/wp-content\/uploads\/2023\/05\/soft-toy-bunny-50x50.webp 50w, https:\/\/babyvk.com\/wp-content\/uploads\/2023\/05\/soft-toy-bunny-100x100.webp 100w, https:\/\/babyvk.com\/wp-content\/uploads\/2023\/05\/soft-toy-bunny-150x150.webp 150w, https:\/\/babyvk.com\/wp-content\/uploads\/2023\/05\/soft-toy-bunny-300x300.webp 300w, https:\/\/babyvk.com\/wp-content\/uploads\/2023\/05\/soft-toy-bunny-768x768.webp 768w, https:\/\/babyvk.com\/wp-content\/uploads\/2023\/05\/soft-toy-bunny-800x800.webp 800w, https:\/\/babyvk.com\/wp-content\/uploads\/2023\/05\/soft-toy-bunny-860x860.webp 860w, https:\/\/babyvk.com\/wp-content\/uploads\/2023\/05\/soft-toy-bunny-500x500.webp 500w, https:\/\/babyvk.com\/wp-content\/uploads\/2023\/05\/soft-toy-bunny-430x430.webp 430w, https:\/\/babyvk.com\/wp-content\/uploads\/2023\/05\/soft-toy-bunny-700x700.webp 700w\" sizes=\"(max-width: 867px) 100vw, 867px\" title=\"\">\t\t\t\t\t<\/div>\n\n\t\t\t\t\t\t<\/div>\n\t\t\t\t<\/div>\n\t\t\t\t\t<\/div>\n\t\t<\/div>\n\t\t\t\t<div class=\"elementor-column elementor-col-33 elementor-top-column elementor-element elementor-element-4c00a9b\" data-id=\"4c00a9b\" data-element_type=\"column\">\n\t\t\t<div class=\"elementor-widget-wrap elementor-element-populated\">\n\t\t\t\t\t\t<div class=\"elementor-element elementor-element-9ed76aa wd-width-100 elementor-widget elementor-widget-wd_title\" data-id=\"9ed76aa\" data-element_type=\"widget\" data-widget_type=\"wd_title.default\">\n\t\t\t\t<div class=\"elementor-widget-container\">\n\t\t\t\t\t\t\t<div class=\"title-wrapper wd-set-mb reset-last-child wd-title-color-default wd-title-style-default wd-title-size-default text-center\">\n\n\t\t\t\n\t\t\t<div class=\"liner-continer\">\n\t\t\t\t<h4 class=\"woodmart-title-container title wd-fontsize-l\">Orangefarbene Karotte<\/h4> \n\t\t\t\t\t\t\t<\/div>\n\n\t\t\t\t\t<\/div>\n\t\t\t\t\t\t<\/div>\n\t\t\t\t<\/div>\n\t\t\t\t<div class=\"elementor-element elementor-element-1f6d3d8 elementor-widget elementor-widget-wd_image_or_svg\" data-id=\"1f6d3d8\" data-element_type=\"widget\" data-widget_type=\"wd_image_or_svg.default\">\n\t\t\t\t<div class=\"elementor-widget-container\">\n\t\t\t\t\t\n\t\t<div class=\"wd-image text-left\">\n\t\t\t\t\t\t\t\t<img decoding=\"async\" width=\"640\" height=\"640\" src=\"https:\/\/babyvk.com\/wp-content\/uploads\/2023\/05\/rabbits-soft-toys.webp\" class=\"attachment-full size-full wvs-archive-product-image\" alt=\"Hase Pl\u00fcschtier\" srcset=\"https:\/\/babyvk.com\/wp-content\/uploads\/2023\/05\/rabbits-soft-toys.webp 640w, https:\/\/babyvk.com\/wp-content\/uploads\/2023\/05\/rabbits-soft-toys-30x30.webp 30w, https:\/\/babyvk.com\/wp-content\/uploads\/2023\/05\/rabbits-soft-toys-50x50.webp 50w, https:\/\/babyvk.com\/wp-content\/uploads\/2023\/05\/rabbits-soft-toys-100x100.webp 100w, https:\/\/babyvk.com\/wp-content\/uploads\/2023\/05\/rabbits-soft-toys-150x150.webp 150w, https:\/\/babyvk.com\/wp-content\/uploads\/2023\/05\/rabbits-soft-toys-300x300.webp 300w, https:\/\/babyvk.com\/wp-content\/uploads\/2023\/05\/rabbits-soft-toys-500x500.webp 500w, https:\/\/babyvk.com\/wp-content\/uploads\/2023\/05\/rabbits-soft-toys-430x430.webp 430w\" sizes=\"(max-width: 640px) 100vw, 640px\" title=\"\">\t\t\t\t\t<\/div>\n\n\t\t\t\t\t\t<\/div>\n\t\t\t\t<\/div>\n\t\t\t\t\t<\/div>\n\t\t<\/div>\n\t\t\t\t<div class=\"elementor-column elementor-col-33 elementor-top-column elementor-element elementor-element-9ae7251\" data-id=\"9ae7251\" data-element_type=\"column\">\n\t\t\t<div class=\"elementor-widget-wrap elementor-element-populated\">\n\t\t\t\t\t\t<div class=\"elementor-element elementor-element-e3d6b4b wd-width-100 elementor-widget elementor-widget-wd_title\" data-id=\"e3d6b4b\" data-element_type=\"widget\" data-widget_type=\"wd_title.default\">\n\t\t\t\t<div class=\"elementor-widget-container\">\n\t\t\t\t\t\t\t<div class=\"title-wrapper wd-set-mb reset-last-child wd-title-color-default wd-title-style-default wd-title-size-default text-center\">\n\n\t\t\t\n\t\t\t<div class=\"liner-continer\">\n\t\t\t\t<h4 class=\"woodmart-title-container title wd-fontsize-l\">Rosa Erdbeere<\/h4> \n\t\t\t\t\t\t\t<\/div>\n\n\t\t\t\t\t<\/div>\n\t\t\t\t\t\t<\/div>\n\t\t\t\t<\/div>\n\t\t\t\t<div class=\"elementor-element elementor-element-68ea44c elementor-widget elementor-widget-wd_image_or_svg\" data-id=\"68ea44c\" data-element_type=\"widget\" data-widget_type=\"wd_image_or_svg.default\">\n\t\t\t\t<div class=\"elementor-widget-container\">\n\t\t\t\t\t\n\t\t<div class=\"wd-image text-left\">\n\t\t\t\t\t\t\t\t<img decoding=\"async\" width=\"640\" height=\"640\" src=\"https:\/\/babyvk.com\/wp-content\/uploads\/2023\/05\/rabbit-plush.webp\" class=\"attachment-full size-full wvs-archive-product-image\" alt=\"Niedliches H\u00e4schen Pl\u00fcsch\" srcset=\"https:\/\/babyvk.com\/wp-content\/uploads\/2023\/05\/rabbit-plush.webp 640w, https:\/\/babyvk.com\/wp-content\/uploads\/2023\/05\/rabbit-plush-30x30.webp 30w, https:\/\/babyvk.com\/wp-content\/uploads\/2023\/05\/rabbit-plush-50x50.webp 50w, https:\/\/babyvk.com\/wp-content\/uploads\/2023\/05\/rabbit-plush-100x100.webp 100w, https:\/\/babyvk.com\/wp-content\/uploads\/2023\/05\/rabbit-plush-150x150.webp 150w, https:\/\/babyvk.com\/wp-content\/uploads\/2023\/05\/rabbit-plush-300x300.webp 300w, https:\/\/babyvk.com\/wp-content\/uploads\/2023\/05\/rabbit-plush-500x500.webp 500w, https:\/\/babyvk.com\/wp-content\/uploads\/2023\/05\/rabbit-plush-430x430.webp 430w\" sizes=\"(max-width: 640px) 100vw, 640px\" title=\"\">\t\t\t\t\t<\/div>\n\n\t\t\t\t\t\t<\/div>\n\t\t\t\t<\/div>\n\t\t\t\t\t<\/div>\n\t\t<\/div>\n\t\t\t\t\t<\/div>\n\t\t<\/section>\n\t\t\t\t<section class=\"wd-negative-gap elementor-section elementor-top-section elementor-element elementor-element-f2fe4e7 elementor-section-boxed elementor-section-height-default elementor-section-height-default\" data-id=\"f2fe4e7\" data-element_type=\"section\">\n\t\t\t\t\t\t<div class=\"elementor-container elementor-column-gap-default\">\n\t\t\t\t\t<div class=\"elementor-column elementor-col-100 elementor-top-column elementor-element elementor-element-2a2f855\" data-id=\"2a2f855\" data-element_type=\"column\">\n\t\t\t<div class=\"elementor-widget-wrap elementor-element-populated\">\n\t\t\t\t\t\t<div class=\"elementor-element elementor-element-659ae77 wd-width-100 elementor-widget elementor-widget-wd_title\" data-id=\"659ae77\" data-element_type=\"widget\" data-widget_type=\"wd_title.default\">\n\t\t\t\t<div class=\"elementor-widget-container\">\n\t\t\t\t\t\t\t<div class=\"title-wrapper wd-set-mb reset-last-child wd-title-color-default wd-title-style-default wd-title-size-default text-center\">\n\n\t\t\t\t\t\t\t\t\t\t\t<div class=\"title-subtitle subtitle-color-default subtitle-style-default wd-fontsize-xs\">\n\t\t\t\t\tUNSERE ECHTE SHOW SEHEN\t\t\t\t<\/div>\n\t\t\t\n\t\t\t<div class=\"liner-continer\">\n\t\t\t\t<h4 class=\"woodmart-title-container title wd-fontsize-l\">Unser kurzes Video<\/h4> \n\t\t\t\t\t\t\t<\/div>\n\n\t\t\t\t\t\t\t<div class=\"title-after_title reset-last-child wd-fontsize-xs\">\n\t\t\t\t\t<p>Zeigen Sie die Szene, in der das Produkt verwendet wird, und informieren Sie sich \u00fcber weitere Einzelheiten.<\/p>\t\t\t\t<\/div>\n\t\t\t\t\t<\/div>\n\t\t\t\t\t\t<\/div>\n\t\t\t\t<\/div>\n\t\t\t\t<div class=\"elementor-element elementor-element-8f707d8 elementor-widget elementor-widget-wd_testimonials\" data-id=\"8f707d8\" data-element_type=\"widget\" data-widget_type=\"wd_testimonials.default\">\n\t\t\t\t<div class=\"elementor-widget-container\">\n\t\t\t\t\t\t\t<div class=\"testimonials testimon-style-standard  color-scheme- testimon-align-center wd-carousel-container\" id=\"carousel-5244\">\n\t\t\t\t\t\t\t<div class=\"wd-carousel-inner\">\n\t\t\t\n\t\t\t<div class=\"wd-carousel wd-grid\" data-scroll_per_page=\"yes\" style=\"--wd-col-lg:2;--wd-col-md:2;--wd-col-sm:1;--wd-gap-lg:30px;--wd-gap-sm:10px;\">\n\t\t\t\t\t\t\t\t\t<div class=\"wd-carousel-wrap\">\n\t\t\t\t\n\t\t\t\t\t\t\t\t\t\n<div class=\"testimonial wd-carousel-item\">\n\t<div class=\"testimonial-inner\">\n\t\t\n\t\t<div class=\"testimonial-content\">\n\t\t\t<div class=\"testimonial-rating\">\n\t\t\t\t<span class=\"star-rating\">\n\t\t\t\t\t<span style=\"width:100%\"><\/span>\n\t\t\t\t<\/span>\n\t\t\t<\/div>\n\n\t\t\t<p><iframe  id=\"_ytid_65770\"  width=\"800\" height=\"450\"  data-origwidth=\"800\" data-origheight=\"450\"  data-relstop=\"1\" src=\"https:\/\/www.youtube.com\/embed\/CvtFJl1jPf0?enablejsapi=1&autoplay=0&cc_load_policy=1&cc_lang_pref=&iv_load_policy=3&loop=0&rel=0&fs=1&playsinline=0&autohide=2&theme=dark&color=red&controls=1&disablekb=0&\" class=\"__youtube_prefs__  no-lazyload\" title=\"YouTube-Player\"  allow=\"fullscreen; accelerometer; autoplay; clipboard-write; encrypted-media; gyroscope; picture-in-picture; web-share\" referrerpolicy=\"strict-origin-when-cross-origin\" allowfullscreen data-no-lazy=\"1\" data-skipgform_ajax_framebjll=\"\"><\/iframe><\/p>\n\t\t\t<footer>\n\t\t\t\t\n\t\t\t\t\t\t\t<\/footer>\n\t\t<\/div>\n\t<\/div>\n<\/div>\t\t\t\t\t\t\t\t\t\n<div class=\"testimonial wd-carousel-item\">\n\t<div class=\"testimonial-inner\">\n\t\t\n\t\t<div class=\"testimonial-content\">\n\t\t\t<div class=\"testimonial-rating\">\n\t\t\t\t<span class=\"star-rating\">\n\t\t\t\t\t<span style=\"width:100%\"><\/span>\n\t\t\t\t<\/span>\n\t\t\t<\/div>\n\n\t\t\t<p><iframe  id=\"_ytid_12065\"  width=\"800\" height=\"450\"  data-origwidth=\"800\" data-origheight=\"450\"  data-relstop=\"1\" src=\"https:\/\/www.youtube.com\/embed\/xCqWSbBzLqw?enablejsapi=1&autoplay=0&cc_load_policy=1&cc_lang_pref=&iv_load_policy=3&loop=0&rel=0&fs=1&playsinline=0&autohide=2&theme=dark&color=red&controls=1&disablekb=0&\" class=\"__youtube_prefs__  no-lazyload\" title=\"YouTube-Player\"  allow=\"fullscreen; accelerometer; autoplay; clipboard-write; encrypted-media; gyroscope; picture-in-picture; web-share\" referrerpolicy=\"strict-origin-when-cross-origin\" allowfullscreen data-no-lazy=\"1\" data-skipgform_ajax_framebjll=\"\"><\/iframe><\/p>\n\t\t\t<footer>\n\t\t\t\t\n\t\t\t\t\t\t\t<\/footer>\n\t\t<\/div>\n\t<\/div>\n<\/div>\t\t\t\t\t\t\t\t\t\n<div class=\"testimonial wd-carousel-item\">\n\t<div class=\"testimonial-inner\">\n\t\t\n\t\t<div class=\"testimonial-content\">\n\t\t\t<div class=\"testimonial-rating\">\n\t\t\t\t<span class=\"star-rating\">\n\t\t\t\t\t<span style=\"width:100%\"><\/span>\n\t\t\t\t<\/span>\n\t\t\t<\/div>\n\n\t\t\t<p><iframe  id=\"_ytid_31784\"  width=\"800\" height=\"450\"  data-origwidth=\"800\" data-origheight=\"450\"  data-relstop=\"1\" src=\"https:\/\/www.youtube.com\/embed\/ezbHhSvLS7s?enablejsapi=1&autoplay=0&cc_load_policy=1&cc_lang_pref=&iv_load_policy=3&loop=0&rel=0&fs=1&playsinline=0&autohide=2&theme=dark&color=red&controls=1&disablekb=0&\" class=\"__youtube_prefs__  no-lazyload\" title=\"YouTube-Player\"  allow=\"fullscreen; accelerometer; autoplay; clipboard-write; encrypted-media; gyroscope; picture-in-picture; web-share\" referrerpolicy=\"strict-origin-when-cross-origin\" allowfullscreen data-no-lazy=\"1\" data-skipgform_ajax_framebjll=\"\"><\/iframe><\/p>\n\t\t\t<footer>\n\t\t\t\t\n\t\t\t\t\t\t\t<\/footer>\n\t\t<\/div>\n\t<\/div>\n<\/div>\t\t\t\t\t\t\t\t\t\n<div class=\"testimonial wd-carousel-item\">\n\t<div class=\"testimonial-inner\">\n\t\t\n\t\t<div class=\"testimonial-content\">\n\t\t\t<div class=\"testimonial-rating\">\n\t\t\t\t<span class=\"star-rating\">\n\t\t\t\t\t<span style=\"width:100%\"><\/span>\n\t\t\t\t<\/span>\n\t\t\t<\/div>\n\n\t\t\t<p><iframe  id=\"_ytid_17503\"  width=\"800\" height=\"450\"  data-origwidth=\"800\" data-origheight=\"450\"  data-relstop=\"1\" src=\"https:\/\/www.youtube.com\/embed\/HWW4RVUAHN8?enablejsapi=1&autoplay=0&cc_load_policy=1&cc_lang_pref=&iv_load_policy=3&loop=0&rel=0&fs=1&playsinline=0&autohide=2&theme=dark&color=red&controls=1&disablekb=0&\" class=\"__youtube_prefs__  no-lazyload\" title=\"YouTube-Player\"  allow=\"fullscreen; accelerometer; autoplay; clipboard-write; encrypted-media; gyroscope; picture-in-picture; web-share\" referrerpolicy=\"strict-origin-when-cross-origin\" allowfullscreen data-no-lazy=\"1\" data-skipgform_ajax_framebjll=\"\"><\/iframe><\/p>\n\t\t\t<footer>\n\t\t\t\t\n\t\t\t\t\t\t\t<\/footer>\n\t\t<\/div>\n\t<\/div>\n<\/div>\t\t\t\t\t\t\t\t\t\n<div class=\"testimonial wd-carousel-item\">\n\t<div class=\"testimonial-inner\">\n\t\t\n\t\t<div class=\"testimonial-content\">\n\t\t\t<div class=\"testimonial-rating\">\n\t\t\t\t<span class=\"star-rating\">\n\t\t\t\t\t<span style=\"width:100%\"><\/span>\n\t\t\t\t<\/span>\n\t\t\t<\/div>\n\n\t\t\t<p><iframe  id=\"_ytid_10099\"  width=\"800\" height=\"450\"  data-origwidth=\"800\" data-origheight=\"450\"  data-relstop=\"1\" src=\"https:\/\/www.youtube.com\/embed\/-jwnHcjSzZ0?enablejsapi=1&autoplay=0&cc_load_policy=1&cc_lang_pref=&iv_load_policy=3&loop=0&rel=0&fs=1&playsinline=0&autohide=2&theme=dark&color=red&controls=1&disablekb=0&\" class=\"__youtube_prefs__  no-lazyload\" title=\"YouTube-Player\"  allow=\"fullscreen; accelerometer; autoplay; clipboard-write; encrypted-media; gyroscope; picture-in-picture; web-share\" referrerpolicy=\"strict-origin-when-cross-origin\" allowfullscreen data-no-lazy=\"1\" data-skipgform_ajax_framebjll=\"\"><\/iframe><\/p>\n\t\t\t<footer>\n\t\t\t\t\n\t\t\t\t\t\t\t<\/footer>\n\t\t<\/div>\n\t<\/div>\n<\/div>\t\t\t\t\n\t\t\t\t\t\t\t\t\t<\/div>\n\t\t\t\t\t\t\t<\/div>\n\t\t\t\t\t\t\t\t\t\t\t\t\t\t<div class=\"wd-nav-arrows wd-pos-sep wd-hover-1 wd-icon-1\">\n\t\t\t<div class=\"wd-btn-arrow wd-prev wd-disabled\">\n\t\t\t\t<div class=\"wd-arrow-inner\"><\/div>\n\t\t\t<\/div>\n\t\t\t<div class=\"wd-btn-arrow wd-next\">\n\t\t\t\t<div class=\"wd-arrow-inner\"><\/div>\n\t\t\t<\/div>\n\t\t<\/div>\n\t\t\t\t\t\t\n\t\t\t\t<\/div>\n\n\t\t\t\t\t\t<div class=\"wd-nav-pagin-wrap text-center wd-style-shape wd-hide-md-sm wd-hide-sm\">\n\t\t\t<ul class=\"wd-nav-pagin\"><\/ul>\n\t\t<\/div>\n\t\t\t\t\t\t\t\t\t\t\t<\/div>\n\t\t\t\t\t\t<\/div>\n\t\t\t\t<\/div>\n\t\t\t\t\t<\/div>\n\t\t<\/div>\n\t\t\t\t\t<\/div>\n\t\t<\/section>\n\t\t\t\t<\/div>","protected":false},"excerpt":{"rendered":"<p>&#8220;<strong>Suchen Sie den perfekten kuscheligen Begleiter?<\/strong> Entdecken Sie das Pl\u00fcschtier Cute Bunny - die ideale L\u00f6sung, um W\u00e4rme und Freude in jeden Moment zu bringen. Erh\u00f6hen Sie Ihren Komfort und lassen Sie sich noch heute von der Niedlichkeit verzaubern! Jetzt versandkostenfrei einkaufen und 30% Rabatt erhalten!\"<\/p>","protected":false},"featured_media":14637,"comment_status":"open","ping_status":"closed","template":"","meta":{"_acf_changed":false},"product_brand":[],"product_cat":[509],"product_tag":[517,519,518,516],"class_list":{"0":"post-14144","1":"product","2":"type-product","3":"status-publish","4":"has-post-thumbnail","6":"product_cat-best-baby-toys","7":"product_tag-bunny-stuffed-plush-toy","8":"product_tag-bunny-toys-for-kids","9":"product_tag-easter-bunny-stuffed-animal","10":"product_tag-plush-doll-gift-for-kids","12":"first","13":"instock","14":"taxable","15":"shipping-taxable","16":"purchasable","17":"product-type-variable","18":"wvs-archive-product-wrapper"},"acf":[],"_links":{"self":[{"href":"https:\/\/babyvk.com\/de\/wp-json\/wp\/v2\/product\/14144","targetHints":{"allow":["GET"]}}],"collection":[{"href":"https:\/\/babyvk.com\/de\/wp-json\/wp\/v2\/product"}],"about":[{"href":"https:\/\/babyvk.com\/de\/wp-json\/wp\/v2\/types\/product"}],"replies":[{"embeddable":true,"href":"https:\/\/babyvk.com\/de\/wp-json\/wp\/v2\/comments?post=14144"}],"version-history":[{"count":0,"href":"https:\/\/babyvk.com\/de\/wp-json\/wp\/v2\/product\/14144\/revisions"}],"wp:featuredmedia":[{"embeddable":true,"href":"https:\/\/babyvk.com\/de\/wp-json\/wp\/v2\/media\/14637"}],"wp:attachment":[{"href":"https:\/\/babyvk.com\/de\/wp-json\/wp\/v2\/media?parent=14144"}],"wp:term":[{"taxonomy":"product_brand","embeddable":true,"href":"https:\/\/babyvk.com\/de\/wp-json\/wp\/v2\/product_brand?post=14144"},{"taxonomy":"product_cat","embeddable":true,"href":"https:\/\/babyvk.com\/de\/wp-json\/wp\/v2\/product_cat?post=14144"},{"taxonomy":"product_tag","embeddable":true,"href":"https:\/\/babyvk.com\/de\/wp-json\/wp\/v2\/product_tag?post=14144"}],"curies":[{"name":"wp","href":"https:\/\/api.w.org\/{rel}","templated":true}]}}