{"id":13943,"date":"2023-05-13T18:50:07","date_gmt":"2023-05-13T18:50:07","guid":{"rendered":"https:\/\/babyvk.com\/?post_type=product&#038;p=13943"},"modified":"2025-09-08T17:04:41","modified_gmt":"2025-09-08T17:04:41","slug":"potty-training-urinal-for-boys","status":"publish","type":"product","link":"https:\/\/babyvk.com\/de\/product\/potty-training-urinal-for-boys\/","title":{"rendered":"Stehendes T\u00f6pfchentraining Urinal f\u00fcr Jungen"},"content":{"rendered":"<div data-elementor-type=\"product-post\" data-elementor-id=\"13943\" class=\"elementor elementor-13943\" data-elementor-post-type=\"product\">\n\t\t\t\t\t\t<section class=\"elementor-section elementor-top-section elementor-element elementor-element-ba39e7e elementor-section-boxed elementor-section-height-default elementor-section-height-default\" data-id=\"ba39e7e\" data-element_type=\"section\">\n\t\t\t\t\t\t<div class=\"elementor-container elementor-column-gap-default\">\n\t\t\t\t\t<div class=\"elementor-column elementor-col-100 elementor-top-column elementor-element elementor-element-f25df86\" data-id=\"f25df86\" data-element_type=\"column\">\n\t\t\t<div class=\"elementor-widget-wrap elementor-element-populated\">\n\t\t\t\t\t\t<div class=\"elementor-element elementor-element-6167aa0 elementor-widget elementor-widget-wd_text_block\" data-id=\"6167aa0\" data-element_type=\"widget\" data-widget_type=\"wd_text_block.default\">\n\t\t\t\t<div class=\"elementor-widget-container\">\n\t\t\t\t\t\t\t<div class=\"wd-text-block reset-last-child text-left\">\n\t\t\t\n\t\t\t<p><span style=\"color: #000000; font-size: 14pt;\"><strong>Beschreibung des Produkts:<\/strong><\/span><\/p><p>Wir stellen unser unglaubliches Baby-T\u00f6pfchen-Urinal vor, ein Muss f\u00fcr alle Eltern, die das T\u00f6pfchentraining zu einem Kinderspiel machen wollen! Wir haben dieses Produkt mit gr\u00f6\u00dfter Sorgfalt und Liebe zum Detail entwickelt, um sicherzustellen, dass es sowohl f\u00fcr Sie als auch f\u00fcr Ihren kleinen Liebling eine au\u00dfergew\u00f6hnliche Erfahrung ist.<\/p><ol><li><b>Umweltfreundlich und sicher: <\/b><br \/>Das aus hochwertigen, umweltfreundlichen Materialien gefertigte Baby-T\u00f6pfchen-Urinal ist v\u00f6llig ungiftig und frei von unangenehmen Ger\u00fcchen. Sie k\u00f6nnen beruhigt sein, denn Sie wissen, dass es die Gesundheit und das Wohlbefinden Ihres Babys w\u00e4hrend der gesamten Zeit des T\u00f6pfchentrainings sch\u00fctzt.<\/li><li><b>M\u00fchelose Reinigung:<br \/><\/b>Dank der innovativen Urinrinnentrennung und der glatten Oberfl\u00e4che war die Reinigung nach dem T\u00f6pfchen Ihres Babys noch nie so einfach. Wischen Sie die Oberfl\u00e4che einfach sauber und machen Sie sich keine Sorgen mehr \u00fcber zur\u00fcckbleibende Verschmutzungen. Unser Baby-T\u00f6pfchen-Urinal wurde entwickelt, um Ihr Leben zu vereinfachen und gleichzeitig die Hygiene in den Vordergrund zu stellen.<\/li><li><b>Fesselndes Froschdesign:<br \/><\/b>Verabschieden Sie sich von den M\u00fchen, Ihr Baby davon zu \u00fcberzeugen, aufs T\u00f6pfchen zu gehen! Unser Baby-T\u00f6pfchen-Urinal hat die bezaubernde Form eines Frosches und eine entz\u00fcckende, rotierende Windm\u00fchle. Diese bezaubernden Details werden die Aufmerksamkeit Ihres Babys mit Sicherheit auf sich ziehen und die Zeit auf dem T\u00f6pfchen zu einer aufregenden und angenehmen Erfahrung machen. Kein Widerstand oder Widerwillen mehr - Ihr Baby wird eifrig sein, seinen kleinen Froschfreund zu benutzen!<\/li><li><b>Sicher und einstellbar:<br \/><\/b>Das Baby Potty Training Urinal ist mit einem starken Saugnapf ausgestattet, der f\u00fcr Stabilit\u00e4t sorgt und ein ungewolltes Verrutschen verhindert. Passen Sie die H\u00f6he des Trainers an die Bed\u00fcrfnisse Ihres Babys an und sorgen Sie so f\u00fcr optimalen Komfort beim T\u00f6pfchentraining. Sie k\u00f6nnen sich darauf verlassen, dass unser Produkt an Ort und Stelle bleibt, so dass sich Ihr Kleines auf seine Fortschritte beim T\u00f6pfchentraining konzentrieren kann.<\/li><li><b>Gro\u00dfz\u00fcgige Kapazit\u00e4t:<br \/><\/b>Wir wissen, wie wichtig ein zuverl\u00e4ssiger T\u00f6pfchentrainer ist, der auch den anstrengendsten Tagen standh\u00e4lt. Deshalb verf\u00fcgt unser Baby T\u00f6pfchentrainingsurinal \u00fcber ein gro\u00dfes Fassungsverm\u00f6gen, das sicherstellt, dass der Urin nicht \u00fcberl\u00e4uft und unn\u00f6tige Unordnung verursacht. Seien Sie versichert, dass unser Produkt den Anforderungen Ihres heranwachsenden Kindes gerecht wird.<\/li><\/ol>\n\t\t\t\t\t<\/div>\n\t\t\t\t\t\t<\/div>\n\t\t\t\t<\/div>\n\t\t\t\t<div class=\"elementor-element elementor-element-1218843 elementor-widget elementor-widget-wd_text_block\" data-id=\"1218843\" data-element_type=\"widget\" data-widget_type=\"wd_text_block.default\">\n\t\t\t\t<div class=\"elementor-widget-container\">\n\t\t\t\t\t\t\t<div class=\"wd-text-block reset-last-child text-left\">\n\t\t\t\n\t\t\t<p><span style=\"color: #000000; font-size: 14pt;\"><strong>Spezifikation:<\/strong><\/span><\/p><ul><li><b>Materialien: <\/b>Kunststoff<br \/><b><\/b><\/li><li><b>Thema: <\/b>Frosch-Urinal<br \/><b><\/b><\/li><li><b>Farbe: <\/b>Kaffee\/Blau\/Orange\/Gr\u00fcn<br \/><b><\/b><\/li><li><b>Geeignet:<\/b> F\u00fcr Kinder im Alter von 8 Monaten bis 6 Jahren<br \/><b><\/b><\/li><li><b>Gewicht der Verpackung: <\/b>0,352 kg<br \/><b><\/b><\/li><li><b>Packungsgr\u00f6\u00dfe: <\/b>8 x 6 x 11 Zoll<br \/><b><\/b><\/li><li><b>Paketinhalt: <\/b>1 x Baby-Urinal<\/li><\/ul>\n\t\t\t\t\t<\/div>\n\t\t\t\t\t\t<\/div>\n\t\t\t\t<\/div>\n\t\t\t\t\t<\/div>\n\t\t<\/div>\n\t\t\t\t\t<\/div>\n\t\t<\/section>\n\t\t\t\t<section class=\"elementor-section elementor-top-section elementor-element elementor-element-caf69e6 elementor-section-boxed elementor-section-height-default elementor-section-height-default\" data-id=\"caf69e6\" data-element_type=\"section\">\n\t\t\t\t\t\t<div class=\"elementor-container elementor-column-gap-default\">\n\t\t\t\t\t<div class=\"elementor-column elementor-col-50 elementor-top-column elementor-element elementor-element-6bc3c5e\" data-id=\"6bc3c5e\" data-element_type=\"column\">\n\t\t\t<div class=\"elementor-widget-wrap elementor-element-populated\">\n\t\t\t\t\t\t<div class=\"elementor-element elementor-element-d4de3eb elementor-widget elementor-widget-wd_image_or_svg\" data-id=\"d4de3eb\" data-element_type=\"widget\" data-widget_type=\"wd_image_or_svg.default\">\n\t\t\t\t<div class=\"elementor-widget-container\">\n\t\t\t\t\t\n\t\t<div class=\"wd-image text-left\">\n\t\t\t\t\t\t\t\t<img fetchpriority=\"high\" decoding=\"async\" width=\"1000\" height=\"1000\" src=\"https:\/\/babyvk.com\/wp-content\/uploads\/2023\/05\/potty-training-boys.webp\" class=\"attachment-full size-full wvs-archive-product-image\" alt=\"T\u00f6pfchentraining Urinal\" srcset=\"https:\/\/babyvk.com\/wp-content\/uploads\/2023\/05\/potty-training-boys.webp 1000w, https:\/\/babyvk.com\/wp-content\/uploads\/2023\/05\/potty-training-boys-30x30.webp 30w, https:\/\/babyvk.com\/wp-content\/uploads\/2023\/05\/potty-training-boys-50x50.webp 50w, https:\/\/babyvk.com\/wp-content\/uploads\/2023\/05\/potty-training-boys-100x100.webp 100w, https:\/\/babyvk.com\/wp-content\/uploads\/2023\/05\/potty-training-boys-150x150.webp 150w, https:\/\/babyvk.com\/wp-content\/uploads\/2023\/05\/potty-training-boys-300x300.webp 300w, https:\/\/babyvk.com\/wp-content\/uploads\/2023\/05\/potty-training-boys-768x768.webp 768w, https:\/\/babyvk.com\/wp-content\/uploads\/2023\/05\/potty-training-boys-800x800.webp 800w, https:\/\/babyvk.com\/wp-content\/uploads\/2023\/05\/potty-training-boys-860x860.webp 860w, https:\/\/babyvk.com\/wp-content\/uploads\/2023\/05\/potty-training-boys-500x500.webp 500w, https:\/\/babyvk.com\/wp-content\/uploads\/2023\/05\/potty-training-boys-430x430.webp 430w, https:\/\/babyvk.com\/wp-content\/uploads\/2023\/05\/potty-training-boys-700x700.webp 700w\" sizes=\"(max-width: 1000px) 100vw, 1000px\" title=\"\">\t\t\t\t\t<\/div>\n\n\t\t\t\t\t\t<\/div>\n\t\t\t\t<\/div>\n\t\t\t\t\t<\/div>\n\t\t<\/div>\n\t\t\t\t<div class=\"elementor-column elementor-col-50 elementor-top-column elementor-element elementor-element-5c53899\" data-id=\"5c53899\" data-element_type=\"column\">\n\t\t\t<div class=\"elementor-widget-wrap elementor-element-populated\">\n\t\t\t\t\t\t<div class=\"elementor-element elementor-element-77dcd90 elementor-widget elementor-widget-wd_image_or_svg\" data-id=\"77dcd90\" data-element_type=\"widget\" data-widget_type=\"wd_image_or_svg.default\">\n\t\t\t\t<div class=\"elementor-widget-container\">\n\t\t\t\t\t\n\t\t<div class=\"wd-image text-left\">\n\t\t\t\t\t\t\t\t<img decoding=\"async\" width=\"1000\" height=\"1000\" src=\"https:\/\/babyvk.com\/wp-content\/uploads\/2023\/05\/boys-peeing.webp\" class=\"attachment-full size-full wvs-archive-product-image\" alt=\"bestes T\u00f6pfchentraining f\u00fcr Jungen\" srcset=\"https:\/\/babyvk.com\/wp-content\/uploads\/2023\/05\/boys-peeing.webp 1000w, https:\/\/babyvk.com\/wp-content\/uploads\/2023\/05\/boys-peeing-30x30.webp 30w, https:\/\/babyvk.com\/wp-content\/uploads\/2023\/05\/boys-peeing-50x50.webp 50w, https:\/\/babyvk.com\/wp-content\/uploads\/2023\/05\/boys-peeing-100x100.webp 100w, https:\/\/babyvk.com\/wp-content\/uploads\/2023\/05\/boys-peeing-150x150.webp 150w, https:\/\/babyvk.com\/wp-content\/uploads\/2023\/05\/boys-peeing-300x300.webp 300w, https:\/\/babyvk.com\/wp-content\/uploads\/2023\/05\/boys-peeing-768x768.webp 768w, https:\/\/babyvk.com\/wp-content\/uploads\/2023\/05\/boys-peeing-800x800.webp 800w, https:\/\/babyvk.com\/wp-content\/uploads\/2023\/05\/boys-peeing-860x860.webp 860w, https:\/\/babyvk.com\/wp-content\/uploads\/2023\/05\/boys-peeing-500x500.webp 500w, https:\/\/babyvk.com\/wp-content\/uploads\/2023\/05\/boys-peeing-430x430.webp 430w, https:\/\/babyvk.com\/wp-content\/uploads\/2023\/05\/boys-peeing-700x700.webp 700w\" sizes=\"(max-width: 1000px) 100vw, 1000px\" title=\"\">\t\t\t\t\t<\/div>\n\n\t\t\t\t\t\t<\/div>\n\t\t\t\t<\/div>\n\t\t\t\t\t<\/div>\n\t\t<\/div>\n\t\t\t\t\t<\/div>\n\t\t<\/section>\n\t\t\t\t<section class=\"elementor-section elementor-top-section elementor-element elementor-element-c73a545 elementor-section-boxed elementor-section-height-default elementor-section-height-default\" data-id=\"c73a545\" data-element_type=\"section\">\n\t\t\t\t\t\t<div class=\"elementor-container elementor-column-gap-default\">\n\t\t\t\t\t<div class=\"elementor-column elementor-col-100 elementor-top-column elementor-element elementor-element-1549f51\" data-id=\"1549f51\" data-element_type=\"column\">\n\t\t\t<div class=\"elementor-widget-wrap elementor-element-populated\">\n\t\t\t\t\t\t<div class=\"elementor-element elementor-element-2b16c09 color-scheme-inherit text-left elementor-widget elementor-widget-text-editor\" data-id=\"2b16c09\" data-element_type=\"widget\" data-widget_type=\"text-editor.default\">\n\t\t\t\t<div class=\"elementor-widget-container\">\n\t\t\t\t\t\t\t\t\t<p>Machen Sie das T\u00f6pfchentraining zu einer freudigen und erfolgreichen Erfahrung f\u00fcr Sie und Ihr Baby mit unserem hervorragenden Baby-T\u00f6pfchen-Urinal. Investieren Sie in dieses innovative und zuverl\u00e4ssige Produkt und sehen Sie zu, wie Ihr Kleines selbstbewusst zur selbstst\u00e4ndigen T\u00f6pfchenbenutzung \u00fcbergeht. Verabschieden Sie sich von Stress und begr\u00fc\u00dfen Sie den Erfolg!<\/p>\t\t\t\t\t\t\t\t<\/div>\n\t\t\t\t<\/div>\n\t\t\t\t\t<\/div>\n\t\t<\/div>\n\t\t\t\t\t<\/div>\n\t\t<\/section>\n\t\t\t\t<section class=\"wd-negative-gap elementor-section elementor-top-section elementor-element elementor-element-ac2c6e4 elementor-section-boxed elementor-section-height-default elementor-section-height-default\" data-id=\"ac2c6e4\" data-element_type=\"section\">\n\t\t\t\t\t\t<div class=\"elementor-container elementor-column-gap-default\">\n\t\t\t\t\t<div class=\"elementor-column elementor-col-100 elementor-top-column elementor-element elementor-element-305c1c6\" data-id=\"305c1c6\" data-element_type=\"column\">\n\t\t\t<div class=\"elementor-widget-wrap elementor-element-populated\">\n\t\t\t\t\t\t<div class=\"elementor-element elementor-element-58c1418 wd-width-100 elementor-widget elementor-widget-wd_title\" data-id=\"58c1418\" data-element_type=\"widget\" data-widget_type=\"wd_title.default\">\n\t\t\t\t<div class=\"elementor-widget-container\">\n\t\t\t\t\t\t\t<div class=\"title-wrapper wd-set-mb reset-last-child wd-title-color-default wd-title-style-default wd-title-size-default text-center\">\n\n\t\t\t\t\t\t\t\t\t\t\t<div class=\"title-subtitle subtitle-color-default subtitle-style-default wd-fontsize-xs\">\n\t\t\t\t\tUNSERE ECHTE SHOW SEHEN\t\t\t\t<\/div>\n\t\t\t\n\t\t\t<div class=\"liner-continer\">\n\t\t\t\t<h4 class=\"woodmart-title-container title wd-fontsize-l\">Unser kurzes Video<\/h4> \n\t\t\t\t\t\t\t<\/div>\n\n\t\t\t\t\t\t\t<div class=\"title-after_title reset-last-child wd-fontsize-xs\">\n\t\t\t\t\t<p>Zeigen Sie die Szene, in der das Produkt verwendet wird, und informieren Sie sich \u00fcber weitere Einzelheiten.<\/p>\t\t\t\t<\/div>\n\t\t\t\t\t<\/div>\n\t\t\t\t\t\t<\/div>\n\t\t\t\t<\/div>\n\t\t\t\t<div class=\"elementor-element elementor-element-8b12d1c elementor-widget elementor-widget-wd_testimonials\" data-id=\"8b12d1c\" data-element_type=\"widget\" data-widget_type=\"wd_testimonials.default\">\n\t\t\t\t<div class=\"elementor-widget-container\">\n\t\t\t\t\t\t\t<div class=\"testimonials testimon-style-standard  color-scheme- testimon-align-center wd-carousel-container\" id=\"carousel-6622\">\n\t\t\t\t\t\t\t<div class=\"wd-carousel-inner\">\n\t\t\t\n\t\t\t<div class=\"wd-carousel wd-grid\" data-scroll_per_page=\"yes\" style=\"--wd-col-lg:2;--wd-col-md:2;--wd-col-sm:1;--wd-gap-lg:30px;--wd-gap-sm:10px;\">\n\t\t\t\t\t\t\t\t\t<div class=\"wd-carousel-wrap\">\n\t\t\t\t\n\t\t\t\t\t\t\t\t\t\n<div class=\"testimonial wd-carousel-item\">\n\t<div class=\"testimonial-inner\">\n\t\t\n\t\t<div class=\"testimonial-content\">\n\t\t\t<div class=\"testimonial-rating\">\n\t\t\t\t<span class=\"star-rating\">\n\t\t\t\t\t<span style=\"width:100%\"><\/span>\n\t\t\t\t<\/span>\n\t\t\t<\/div>\n\n\t\t\t<p><iframe  id=\"_ytid_88206\"  width=\"800\" height=\"450\"  data-origwidth=\"800\" data-origheight=\"450\"  data-relstop=\"1\" src=\"https:\/\/www.youtube.com\/embed\/6ue7rca2U38?enablejsapi=1&autoplay=0&cc_load_policy=1&cc_lang_pref=&iv_load_policy=3&loop=0&rel=0&fs=1&playsinline=0&autohide=2&theme=dark&color=red&controls=1&disablekb=0&\" class=\"__youtube_prefs__  no-lazyload\" title=\"YouTube-Player\"  allow=\"fullscreen; accelerometer; autoplay; clipboard-write; encrypted-media; gyroscope; picture-in-picture; web-share\" referrerpolicy=\"strict-origin-when-cross-origin\" allowfullscreen data-no-lazy=\"1\" data-skipgform_ajax_framebjll=\"\"><\/iframe><\/p>\n\t\t\t<footer>\n\t\t\t\t\n\t\t\t\t\t\t\t<\/footer>\n\t\t<\/div>\n\t<\/div>\n<\/div>\t\t\t\t\t\t\t\t\t\n<div class=\"testimonial wd-carousel-item\">\n\t<div class=\"testimonial-inner\">\n\t\t\n\t\t<div class=\"testimonial-content\">\n\t\t\t<div class=\"testimonial-rating\">\n\t\t\t\t<span class=\"star-rating\">\n\t\t\t\t\t<span style=\"width:100%\"><\/span>\n\t\t\t\t<\/span>\n\t\t\t<\/div>\n\n\t\t\t<p><iframe  id=\"_ytid_65430\"  width=\"800\" height=\"450\"  data-origwidth=\"800\" data-origheight=\"450\"  data-relstop=\"1\" src=\"https:\/\/www.youtube.com\/embed\/Sud-V5cVW3g?enablejsapi=1&autoplay=0&cc_load_policy=1&cc_lang_pref=&iv_load_policy=3&loop=0&rel=0&fs=1&playsinline=0&autohide=2&theme=dark&color=red&controls=1&disablekb=0&\" class=\"__youtube_prefs__  no-lazyload\" title=\"YouTube-Player\"  allow=\"fullscreen; accelerometer; autoplay; clipboard-write; encrypted-media; gyroscope; picture-in-picture; web-share\" referrerpolicy=\"strict-origin-when-cross-origin\" allowfullscreen data-no-lazy=\"1\" data-skipgform_ajax_framebjll=\"\"><\/iframe><\/p>\n\t\t\t<footer>\n\t\t\t\t\n\t\t\t\t\t\t\t<\/footer>\n\t\t<\/div>\n\t<\/div>\n<\/div>\t\t\t\t\t\t\t\t\t\n<div class=\"testimonial wd-carousel-item\">\n\t<div class=\"testimonial-inner\">\n\t\t\n\t\t<div class=\"testimonial-content\">\n\t\t\t<div class=\"testimonial-rating\">\n\t\t\t\t<span class=\"star-rating\">\n\t\t\t\t\t<span style=\"width:100%\"><\/span>\n\t\t\t\t<\/span>\n\t\t\t<\/div>\n\n\t\t\t<p><iframe  id=\"_ytid_71288\"  width=\"800\" height=\"450\"  data-origwidth=\"800\" data-origheight=\"450\"  data-relstop=\"1\" src=\"https:\/\/www.youtube.com\/embed\/-LXM-3GtSBQ?enablejsapi=1&autoplay=0&cc_load_policy=1&cc_lang_pref=&iv_load_policy=3&loop=0&rel=0&fs=1&playsinline=0&autohide=2&theme=dark&color=red&controls=1&disablekb=0&\" class=\"__youtube_prefs__  no-lazyload\" title=\"YouTube-Player\"  allow=\"fullscreen; accelerometer; autoplay; clipboard-write; encrypted-media; gyroscope; picture-in-picture; web-share\" referrerpolicy=\"strict-origin-when-cross-origin\" allowfullscreen data-no-lazy=\"1\" data-skipgform_ajax_framebjll=\"\"><\/iframe><\/p>\n\t\t\t<footer>\n\t\t\t\t\n\t\t\t\t\t\t\t<\/footer>\n\t\t<\/div>\n\t<\/div>\n<\/div>\t\t\t\t\t\t\t\t\t\n<div class=\"testimonial wd-carousel-item\">\n\t<div class=\"testimonial-inner\">\n\t\t\n\t\t<div class=\"testimonial-content\">\n\t\t\t<div class=\"testimonial-rating\">\n\t\t\t\t<span class=\"star-rating\">\n\t\t\t\t\t<span style=\"width:100%\"><\/span>\n\t\t\t\t<\/span>\n\t\t\t<\/div>\n\n\t\t\t<p><iframe  id=\"_ytid_52393\"  width=\"800\" height=\"450\"  data-origwidth=\"800\" data-origheight=\"450\"  data-relstop=\"1\" src=\"https:\/\/www.youtube.com\/embed\/lZrmI1cXa_c?enablejsapi=1&autoplay=0&cc_load_policy=1&cc_lang_pref=&iv_load_policy=3&loop=0&rel=0&fs=1&playsinline=0&autohide=2&theme=dark&color=red&controls=1&disablekb=0&\" class=\"__youtube_prefs__  no-lazyload\" title=\"YouTube-Player\"  allow=\"fullscreen; accelerometer; autoplay; clipboard-write; encrypted-media; gyroscope; picture-in-picture; web-share\" referrerpolicy=\"strict-origin-when-cross-origin\" allowfullscreen data-no-lazy=\"1\" data-skipgform_ajax_framebjll=\"\"><\/iframe><\/p>\n\t\t\t<footer>\n\t\t\t\t\n\t\t\t\t\t\t\t<\/footer>\n\t\t<\/div>\n\t<\/div>\n<\/div>\t\t\t\t\t\t\t\t\t\n<div class=\"testimonial wd-carousel-item\">\n\t<div class=\"testimonial-inner\">\n\t\t\n\t\t<div class=\"testimonial-content\">\n\t\t\t<div class=\"testimonial-rating\">\n\t\t\t\t<span class=\"star-rating\">\n\t\t\t\t\t<span style=\"width:100%\"><\/span>\n\t\t\t\t<\/span>\n\t\t\t<\/div>\n\n\t\t\t<p><iframe  id=\"_ytid_55584\"  width=\"800\" height=\"450\"  data-origwidth=\"800\" data-origheight=\"450\"  data-relstop=\"1\" src=\"https:\/\/www.youtube.com\/embed\/GMJ-TgYV5qs?enablejsapi=1&autoplay=0&cc_load_policy=1&cc_lang_pref=&iv_load_policy=3&loop=0&rel=0&fs=1&playsinline=0&autohide=2&theme=dark&color=red&controls=1&disablekb=0&\" class=\"__youtube_prefs__  no-lazyload\" title=\"YouTube-Player\"  allow=\"fullscreen; accelerometer; autoplay; clipboard-write; encrypted-media; gyroscope; picture-in-picture; web-share\" referrerpolicy=\"strict-origin-when-cross-origin\" allowfullscreen data-no-lazy=\"1\" data-skipgform_ajax_framebjll=\"\"><\/iframe><\/p>\n\t\t\t<footer>\n\t\t\t\t\n\t\t\t\t\t\t\t<\/footer>\n\t\t<\/div>\n\t<\/div>\n<\/div>\t\t\t\t\n\t\t\t\t\t\t\t\t\t<\/div>\n\t\t\t\t\t\t\t<\/div>\n\t\t\t\t\t\t\t\t\t\t\t\t\t\t<div class=\"wd-nav-arrows wd-pos-sep wd-hover-1 wd-icon-1\">\n\t\t\t<div class=\"wd-btn-arrow wd-prev wd-disabled\">\n\t\t\t\t<div class=\"wd-arrow-inner\"><\/div>\n\t\t\t<\/div>\n\t\t\t<div class=\"wd-btn-arrow wd-next\">\n\t\t\t\t<div class=\"wd-arrow-inner\"><\/div>\n\t\t\t<\/div>\n\t\t<\/div>\n\t\t\t\t\t\t\n\t\t\t\t<\/div>\n\n\t\t\t\t\t\t<div class=\"wd-nav-pagin-wrap text-center wd-style-shape wd-hide-md-sm wd-hide-sm\">\n\t\t\t<ul class=\"wd-nav-pagin\"><\/ul>\n\t\t<\/div>\n\t\t\t\t\t\t\t\t\t\t\t<\/div>\n\t\t\t\t\t\t<\/div>\n\t\t\t\t<\/div>\n\t\t\t\t\t<\/div>\n\t\t<\/div>\n\t\t\t\t\t<\/div>\n\t\t<\/section>\n\t\t\t\t<\/div>","protected":false},"excerpt":{"rendered":"<p>&#8220;<strong>Suchen Sie nach einer effektiven L\u00f6sung f\u00fcr das T\u00f6pfchentraining Ihrer Jungen?<\/strong> Wir stellen unser Steh-T\u00f6pfchen-Urinal f\u00fcr Jungen vor! Verabschieden Sie sich von Unordnung und \u00c4rger - mit unserem Produkt macht das Training Spa\u00df und ist einfach. Jetzt versandkostenfrei einkaufen und 30% Rabatt erhalten!<\/p>","protected":false},"featured_media":13941,"comment_status":"open","ping_status":"closed","template":"","meta":{"_acf_changed":false},"product_brand":[],"product_cat":[29],"product_tag":[258,259,256,257,254,255],"class_list":{"0":"post-13943","1":"product","2":"type-product","3":"status-publish","4":"has-post-thumbnail","6":"product_cat-best-baby-care","7":"product_tag-boys-potty","8":"product_tag-potties-for-boys","9":"product_tag-potty-training-boys","10":"product_tag-potty-training-for-boys","11":"product_tag-potty-training-urinal","12":"product_tag-toddler-urinal","14":"first","15":"instock","16":"sale","17":"taxable","18":"shipping-taxable","19":"purchasable","20":"product-type-variable","21":"wvs-archive-product-wrapper"},"acf":[],"_links":{"self":[{"href":"https:\/\/babyvk.com\/de\/wp-json\/wp\/v2\/product\/13943","targetHints":{"allow":["GET"]}}],"collection":[{"href":"https:\/\/babyvk.com\/de\/wp-json\/wp\/v2\/product"}],"about":[{"href":"https:\/\/babyvk.com\/de\/wp-json\/wp\/v2\/types\/product"}],"replies":[{"embeddable":true,"href":"https:\/\/babyvk.com\/de\/wp-json\/wp\/v2\/comments?post=13943"}],"version-history":[{"count":0,"href":"https:\/\/babyvk.com\/de\/wp-json\/wp\/v2\/product\/13943\/revisions"}],"wp:featuredmedia":[{"embeddable":true,"href":"https:\/\/babyvk.com\/de\/wp-json\/wp\/v2\/media\/13941"}],"wp:attachment":[{"href":"https:\/\/babyvk.com\/de\/wp-json\/wp\/v2\/media?parent=13943"}],"wp:term":[{"taxonomy":"product_brand","embeddable":true,"href":"https:\/\/babyvk.com\/de\/wp-json\/wp\/v2\/product_brand?post=13943"},{"taxonomy":"product_cat","embeddable":true,"href":"https:\/\/babyvk.com\/de\/wp-json\/wp\/v2\/product_cat?post=13943"},{"taxonomy":"product_tag","embeddable":true,"href":"https:\/\/babyvk.com\/de\/wp-json\/wp\/v2\/product_tag?post=13943"}],"curies":[{"name":"wp","href":"https:\/\/api.w.org\/{rel}","templated":true}]}}